{"id":31411,"date":"2017-12-22T16:20:04","date_gmt":"2017-12-22T16:20:04","guid":{"rendered":"https:\/\/www.urlaubcornwall.de\/blog\/?page_id=31411"},"modified":"2021-09-02T10:17:10","modified_gmt":"2021-09-02T10:17:10","slug":"ferienhaus-portreath-meer-mieten-strandurlaub-cornwall","status":"publish","type":"page","link":"https:\/\/www.urlaubcornwall.de\/blog\/ferienhaus-portreath-meer-mieten-strandurlaub-cornwall\/","title":{"rendered":"Ferienhaus Portreath am Meer mieten &#8211; Strandurlaub Cornwall"},"content":{"rendered":"<p><img loading=\"lazy\" class=\"aligncenter size-full wp-image-31412\" src=\"https:\/\/www.urlaubcornwall.de\/blog\/wp-content\/uploads\/2017\/12\/ferienhaus-portreath-am-meer.jpg\" alt=\"ferienhaus portreath am meer\" width=\"746\" height=\"500\"\/><\/p>\n<p><strong>Ferienhaus mit Meerblick Portreath, Nordk\u00fcste Cornwall<\/strong><\/p>\n<p>5 Schlafzimmer, leider keine Haustiere erlaubt, Schlafplatz f\u00fcr 10 + Kinderbett, An-\/Abreisetag am Samstag &#8211; Preis pro Woche \u00a3634 &#8211; \u00a32316<\/p>\n<p>Portreaths fabelhafter Strand ist ideal f\u00fcr Surfer, Sonnenanbeter und Sandburgenbauer gleicherma\u00dfen! Und so ist das Ferienhaus, auf einem H\u00fcgel abseits vom Zentrum dieses beliebten K\u00fcstenortes gelegen, aber nur einen kurzen Spaziergang von seinen Gesch\u00e4ften, Pubs, Restaurants, dem kleinen Hafen, dem kleinen Innenstrand und dem Gezeitenbecken entfernt. Das nach S\u00fcden ausgerichtete Ferienhaus mit fantastischer Aussicht auf den Strand befindet sich am Ende einer langen, absch\u00fcssigen Auffahrt, der Fu\u00dfweg ist eine bequeme Abk\u00fcrzung zum Strand. Es gibt eine abfallende Rasenfl\u00e4che und eine sonnige Vorderterrasse, einen \u00fcberdachten Fischteich und eine niedrige Mauer, hinter der der Boden steil abf\u00e4llt. Die ungest\u00f6rten Aussichten sind spektakul\u00e4r und machen die Terrasse zum perfekten Ort, um sich zur\u00fcckzulehnen, zu entspannen und das Kommen und Gehen am Strand zu beobachten. Im Inneren ist der Esstisch bei den Terrassent\u00fcren ideal zum Verweilen bei den Mahlzeiten, w\u00e4hrend Sie die Aussicht bewundern. Die ger\u00e4umige K\u00fcche ist gut ausgestattet und der angrenzende Hauswirtschaftsraum ist n\u00fctzlich f\u00fcr die Lagerung von Strandausr\u00fcstung. Das gro\u00dfe, gem\u00fctliche Wohnzimmer f\u00fchrt zu den Schlafzimmern im Erdgeschoss, und im Obergeschoss befinden sich drei weitere Schlafzimmer, das ger\u00e4umige Bad mit besonders herrlichem Meerblick.<\/p>\n<p style=\"text-align: center;\"><a class=\"tidycta\" href=\"https:\/\/www.urlaubcornwall.de\/ferienhaeuser-fewos\/portreath-am-meer.html\">Suche Ferienh\u00e4user Portreath<\/a><\/p>\n<p>Um UrlaubCornwall.de einzigartige Kollektion nach Ihrem idealen Ferienhaus zu durchsuchen. <a href=\"https:\/\/www.urlaubcornwall.de\/ferienhaeuser\/cornwall.php\"><span style=\"text-decoration: underline;\">Klicken Sie hier<\/span> &gt;&gt;<\/a><\/p>\n","protected":false},"excerpt":{"rendered":"<p>Ferienhaus mit Meerblick Portreath, Nordk\u00fcste Cornwall 5 Schlafzimmer, leider keine Haustiere erlaubt, Schlafplatz f\u00fcr 10 + Kinderbett, An-\/Abreisetag am Samstag &#8211; Preis pro Woche \u00a3634 &#8211; \u00a32316 Portreaths fabelhafter Strand ist ideal f\u00fcr Surfer, Sonnenanbeter und Sandburgenbauer gleicherma\u00dfen! Und so ist das Ferienhaus, auf einem H\u00fcgel abseits vom Zentrum dieses beliebten K\u00fcstenortes gelegen, aber nur [&hellip;]<\/p>\n","protected":false},"author":1,"featured_media":0,"parent":0,"menu_order":0,"comment_status":"closed","ping_status":"closed","template":"single-four.php","meta":[],"acf":[],"yoast_head":"<!-- This site is optimized with the Yoast SEO plugin v19.4 - https:\/\/yoast.com\/wordpress\/plugins\/seo\/ -->\n<title>Ferienhaus Portreath am Meer mieten - Strandurlaub Cornwall - Urlaub &amp; Reisen<\/title>\n<meta name=\"robots\" content=\"index, follow, max-snippet:-1, max-image-preview:large, max-video-preview:-1\" \/>\n<link rel=\"canonical\" href=\"https:\/\/www.urlaubcornwall.de\/blog\/ferienhaus-portreath-meer-mieten-strandurlaub-cornwall\/\" \/>\n<meta property=\"og:locale\" content=\"en_US\" \/>\n<meta property=\"og:type\" content=\"article\" \/>\n<meta property=\"og:title\" content=\"Ferienhaus Portreath am Meer mieten - Strandurlaub Cornwall - Urlaub &amp; Reisen\" \/>\n<meta property=\"og:description\" content=\"Ferienhaus mit Meerblick Portreath, Nordk\u00fcste Cornwall 5 Schlafzimmer, leider keine Haustiere erlaubt, Schlafplatz f\u00fcr 10 + Kinderbett, An-\/Abreisetag am Samstag &#8211; Preis pro Woche \u00a3634 &#8211; \u00a32316 Portreaths fabelhafter Strand ist ideal f\u00fcr Surfer, Sonnenanbeter und Sandburgenbauer gleicherma\u00dfen! Und so ist das Ferienhaus, auf einem H\u00fcgel abseits vom Zentrum dieses beliebten K\u00fcstenortes gelegen, aber nur [&hellip;]\" \/>\n<meta property=\"og:url\" content=\"https:\/\/www.urlaubcornwall.de\/blog\/ferienhaus-portreath-meer-mieten-strandurlaub-cornwall\/\" \/>\n<meta property=\"og:site_name\" content=\"Urlaub &amp; Reisen\" \/>\n<meta property=\"article:modified_time\" content=\"2021-09-02T10:17:10+00:00\" \/>\n<meta property=\"og:image\" content=\"https:\/\/www.urlaubcornwall.de\/blog\/wp-content\/uploads\/2017\/12\/ferienhaus-portreath-am-meer.jpg\" \/>\n<meta name=\"twitter:card\" content=\"summary\" \/>\n<meta name=\"twitter:label1\" content=\"Est. reading time\" \/>\n\t<meta name=\"twitter:data1\" content=\"1 minute\" \/>\n<script type=\"application\/ld+json\" class=\"yoast-schema-graph\">{\"@context\":\"https:\/\/schema.org\",\"@graph\":[{\"@type\":\"WebSite\",\"@id\":\"https:\/\/www.urlaubcornwall.de\/blog\/#website\",\"url\":\"https:\/\/www.urlaubcornwall.de\/blog\/\",\"name\":\"Urlaub &amp; Reisen\",\"description\":\"Urlaub, Reisen, Cornwall und S\u00fcdengland: eine perfekte Kombination\",\"potentialAction\":[{\"@type\":\"SearchAction\",\"target\":{\"@type\":\"EntryPoint\",\"urlTemplate\":\"https:\/\/www.urlaubcornwall.de\/blog\/?s={search_term_string}\"},\"query-input\":\"required name=search_term_string\"}],\"inLanguage\":\"en-US\"},{\"@type\":\"WebPage\",\"@id\":\"https:\/\/www.urlaubcornwall.de\/blog\/ferienhaus-portreath-meer-mieten-strandurlaub-cornwall\/\",\"url\":\"https:\/\/www.urlaubcornwall.de\/blog\/ferienhaus-portreath-meer-mieten-strandurlaub-cornwall\/\",\"name\":\"Ferienhaus Portreath am Meer mieten - Strandurlaub Cornwall - Urlaub &amp; Reisen\",\"isPartOf\":{\"@id\":\"https:\/\/www.urlaubcornwall.de\/blog\/#website\"},\"datePublished\":\"2017-12-22T16:20:04+00:00\",\"dateModified\":\"2021-09-02T10:17:10+00:00\",\"breadcrumb\":{\"@id\":\"https:\/\/www.urlaubcornwall.de\/blog\/ferienhaus-portreath-meer-mieten-strandurlaub-cornwall\/#breadcrumb\"},\"inLanguage\":\"en-US\",\"potentialAction\":[{\"@type\":\"ReadAction\",\"target\":[\"https:\/\/www.urlaubcornwall.de\/blog\/ferienhaus-portreath-meer-mieten-strandurlaub-cornwall\/\"]}]},{\"@type\":\"BreadcrumbList\",\"@id\":\"https:\/\/www.urlaubcornwall.de\/blog\/ferienhaus-portreath-meer-mieten-strandurlaub-cornwall\/#breadcrumb\",\"itemListElement\":[{\"@type\":\"ListItem\",\"position\":1,\"name\":\"Home\",\"item\":\"https:\/\/www.urlaubcornwall.de\/blog\/\"},{\"@type\":\"ListItem\",\"position\":2,\"name\":\"Ferienhaus Portreath am Meer mieten &#8211; Strandurlaub Cornwall\"}]}]}<\/script>\n<!-- \/ Yoast SEO plugin. -->","yoast_head_json":{"title":"Ferienhaus Portreath am Meer mieten - Strandurlaub Cornwall - Urlaub &amp; Reisen","robots":{"index":"index","follow":"follow","max-snippet":"max-snippet:-1","max-image-preview":"max-image-preview:large","max-video-preview":"max-video-preview:-1"},"canonical":"https:\/\/www.urlaubcornwall.de\/blog\/ferienhaus-portreath-meer-mieten-strandurlaub-cornwall\/","og_locale":"en_US","og_type":"article","og_title":"Ferienhaus Portreath am Meer mieten - Strandurlaub Cornwall - Urlaub &amp; Reisen","og_description":"Ferienhaus mit Meerblick Portreath, Nordk\u00fcste Cornwall 5 Schlafzimmer, leider keine Haustiere erlaubt, Schlafplatz f\u00fcr 10 + Kinderbett, An-\/Abreisetag am Samstag &#8211; Preis pro Woche \u00a3634 &#8211; \u00a32316 Portreaths fabelhafter Strand ist ideal f\u00fcr Surfer, Sonnenanbeter und Sandburgenbauer gleicherma\u00dfen! Und so ist das Ferienhaus, auf einem H\u00fcgel abseits vom Zentrum dieses beliebten K\u00fcstenortes gelegen, aber nur [&hellip;]","og_url":"https:\/\/www.urlaubcornwall.de\/blog\/ferienhaus-portreath-meer-mieten-strandurlaub-cornwall\/","og_site_name":"Urlaub &amp; Reisen","article_modified_time":"2021-09-02T10:17:10+00:00","og_image":[{"url":"https:\/\/www.urlaubcornwall.de\/blog\/wp-content\/uploads\/2017\/12\/ferienhaus-portreath-am-meer.jpg"}],"twitter_card":"summary","twitter_misc":{"Est. reading time":"1 minute"},"schema":{"@context":"https:\/\/schema.org","@graph":[{"@type":"WebSite","@id":"https:\/\/www.urlaubcornwall.de\/blog\/#website","url":"https:\/\/www.urlaubcornwall.de\/blog\/","name":"Urlaub &amp; Reisen","description":"Urlaub, Reisen, Cornwall und S\u00fcdengland: eine perfekte Kombination","potentialAction":[{"@type":"SearchAction","target":{"@type":"EntryPoint","urlTemplate":"https:\/\/www.urlaubcornwall.de\/blog\/?s={search_term_string}"},"query-input":"required name=search_term_string"}],"inLanguage":"en-US"},{"@type":"WebPage","@id":"https:\/\/www.urlaubcornwall.de\/blog\/ferienhaus-portreath-meer-mieten-strandurlaub-cornwall\/","url":"https:\/\/www.urlaubcornwall.de\/blog\/ferienhaus-portreath-meer-mieten-strandurlaub-cornwall\/","name":"Ferienhaus Portreath am Meer mieten - Strandurlaub Cornwall - Urlaub &amp; Reisen","isPartOf":{"@id":"https:\/\/www.urlaubcornwall.de\/blog\/#website"},"datePublished":"2017-12-22T16:20:04+00:00","dateModified":"2021-09-02T10:17:10+00:00","breadcrumb":{"@id":"https:\/\/www.urlaubcornwall.de\/blog\/ferienhaus-portreath-meer-mieten-strandurlaub-cornwall\/#breadcrumb"},"inLanguage":"en-US","potentialAction":[{"@type":"ReadAction","target":["https:\/\/www.urlaubcornwall.de\/blog\/ferienhaus-portreath-meer-mieten-strandurlaub-cornwall\/"]}]},{"@type":"BreadcrumbList","@id":"https:\/\/www.urlaubcornwall.de\/blog\/ferienhaus-portreath-meer-mieten-strandurlaub-cornwall\/#breadcrumb","itemListElement":[{"@type":"ListItem","position":1,"name":"Home","item":"https:\/\/www.urlaubcornwall.de\/blog\/"},{"@type":"ListItem","position":2,"name":"Ferienhaus Portreath am Meer mieten &#8211; Strandurlaub Cornwall"}]}]}},"_links":{"self":[{"href":"https:\/\/www.urlaubcornwall.de\/blog\/wp-json\/wp\/v2\/pages\/31411"}],"collection":[{"href":"https:\/\/www.urlaubcornwall.de\/blog\/wp-json\/wp\/v2\/pages"}],"about":[{"href":"https:\/\/www.urlaubcornwall.de\/blog\/wp-json\/wp\/v2\/types\/page"}],"author":[{"embeddable":true,"href":"https:\/\/www.urlaubcornwall.de\/blog\/wp-json\/wp\/v2\/users\/1"}],"replies":[{"embeddable":true,"href":"https:\/\/www.urlaubcornwall.de\/blog\/wp-json\/wp\/v2\/comments?post=31411"}],"version-history":[{"count":3,"href":"https:\/\/www.urlaubcornwall.de\/blog\/wp-json\/wp\/v2\/pages\/31411\/revisions"}],"predecessor-version":[{"id":42453,"href":"https:\/\/www.urlaubcornwall.de\/blog\/wp-json\/wp\/v2\/pages\/31411\/revisions\/42453"}],"wp:attachment":[{"href":"https:\/\/www.urlaubcornwall.de\/blog\/wp-json\/wp\/v2\/media?parent=31411"}],"curies":[{"name":"wp","href":"https:\/\/api.w.org\/{rel}","templated":true}]}}