{"id":31408,"date":"2017-12-22T16:03:19","date_gmt":"2017-12-22T16:03:19","guid":{"rendered":"https:\/\/www.urlaubcornwall.de\/blog\/?page_id=31408"},"modified":"2021-08-31T14:34:24","modified_gmt":"2021-08-31T14:34:24","slug":"ferienhaus-perranporth-meer-mieten-strandurlaub-cornwall","status":"publish","type":"page","link":"https:\/\/www.urlaubcornwall.de\/blog\/ferienhaus-perranporth-meer-mieten-strandurlaub-cornwall\/","title":{"rendered":"Ferienhaus Perranporth am Meer mieten &#8211; Strandurlaub Cornwall"},"content":{"rendered":"<p><img loading=\"lazy\" class=\"aligncenter size-full wp-image-31409\" src=\"https:\/\/www.urlaubcornwall.de\/blog\/wp-content\/uploads\/2017\/12\/ferienhaus-perranporth-an-meer.jpg\" alt=\"ferienhaus perranporth an meer\" width=\"746\" height=\"500\"\/><\/p>\n<p><strong>Ferienhaus mit Meerblick 1.6 kilometern SO von Perranporth, Nordk\u00fcste Cornwall.<\/strong><\/p>\n<p>1 Schlafzimmer, Schlafplatz f\u00fcr 2, An-\/Abreisetag am Freitag, leider keine Haustiere erlaubt&nbsp; -Preis pro Woche \u00a3312 &#8211; \u00a3695<\/p>\n<p>In der N\u00e4he des Surfstrandes von Perranporth liegt das Summer House, ein perfekter R\u00fcckzugsort f\u00fcr Paare. Dieses reizende kleine Refugium mit herrlichem Meerblick liegt im Garten der Eigent\u00fcmer und bietet eine ruhige Flucht vor hektischem Lebensstil. Terrassent\u00fcren \u00fcberfluten den offenen Wohnbereich mit Licht und Reflexionen vom Au\u00dfenteich. Eine offene Treppe f\u00fchrt zum Schlafzimmer, das in die Dachtraufe eingelassen ist. Das niedrige Bett und der Juliet-Balkon blicken auf den Garten und bieten Blick auf Schafe und Alpakas, die friedlich grasen. Ein gesch\u00fctztes Hochdeck bietet einen herrlichen Blick \u00fcber die Felder bis zum Meer, nur eine Meile Luftlinie entfernt. Nach einem erlebnisreichen Tag k\u00f6nnen Sie im Whirlpool der Eigent\u00fcmer entspannen.<\/p>\n<p style=\"text-align: center;\"><a class=\"tidycta\" href=\"https:\/\/www.urlaubcornwall.de\/ferienhaeuser-fewos\/perranporth.html\"><\/a>Suche Ferienh\u00e4user Perranporth<\/p>\n","protected":false},"excerpt":{"rendered":"<p>Ferienhaus mit Meerblick 1.6 kilometern SO von Perranporth, Nordk\u00fcste Cornwall. 1 Schlafzimmer, Schlafplatz f\u00fcr 2, An-\/Abreisetag am Freitag, leider keine Haustiere erlaubt&nbsp; -Preis pro Woche \u00a3312 &#8211; \u00a3695 In der N\u00e4he des Surfstrandes von Perranporth liegt das Summer House, ein perfekter R\u00fcckzugsort f\u00fcr Paare. Dieses reizende kleine Refugium mit herrlichem Meerblick liegt im Garten der [&hellip;]<\/p>\n","protected":false},"author":1,"featured_media":0,"parent":0,"menu_order":0,"comment_status":"closed","ping_status":"closed","template":"single-four.php","meta":[],"acf":[],"yoast_head":"<!-- This site is optimized with the Yoast SEO plugin v19.4 - https:\/\/yoast.com\/wordpress\/plugins\/seo\/ -->\n<title>Ferienhaus Perranporth am Meer mieten - Strandurlaub Cornwall - Urlaub &amp; Reisen<\/title>\n<meta name=\"robots\" content=\"index, follow, max-snippet:-1, max-image-preview:large, max-video-preview:-1\" \/>\n<link rel=\"canonical\" href=\"https:\/\/www.urlaubcornwall.de\/blog\/ferienhaus-perranporth-meer-mieten-strandurlaub-cornwall\/\" \/>\n<meta property=\"og:locale\" content=\"en_US\" \/>\n<meta property=\"og:type\" content=\"article\" \/>\n<meta property=\"og:title\" content=\"Ferienhaus Perranporth am Meer mieten - Strandurlaub Cornwall - Urlaub &amp; Reisen\" \/>\n<meta property=\"og:description\" content=\"Ferienhaus mit Meerblick 1.6 kilometern SO von Perranporth, Nordk\u00fcste Cornwall. 1 Schlafzimmer, Schlafplatz f\u00fcr 2, An-\/Abreisetag am Freitag, leider keine Haustiere erlaubt&nbsp; -Preis pro Woche \u00a3312 &#8211; \u00a3695 In der N\u00e4he des Surfstrandes von Perranporth liegt das Summer House, ein perfekter R\u00fcckzugsort f\u00fcr Paare. Dieses reizende kleine Refugium mit herrlichem Meerblick liegt im Garten der [&hellip;]\" \/>\n<meta property=\"og:url\" content=\"https:\/\/www.urlaubcornwall.de\/blog\/ferienhaus-perranporth-meer-mieten-strandurlaub-cornwall\/\" \/>\n<meta property=\"og:site_name\" content=\"Urlaub &amp; Reisen\" \/>\n<meta property=\"article:modified_time\" content=\"2021-08-31T14:34:24+00:00\" \/>\n<meta property=\"og:image\" content=\"https:\/\/www.urlaubcornwall.de\/blog\/wp-content\/uploads\/2017\/12\/ferienhaus-perranporth-an-meer.jpg\" \/>\n<meta name=\"twitter:card\" content=\"summary\" \/>\n<meta name=\"twitter:label1\" content=\"Est. reading time\" \/>\n\t<meta name=\"twitter:data1\" content=\"1 minute\" \/>\n<script type=\"application\/ld+json\" class=\"yoast-schema-graph\">{\"@context\":\"https:\/\/schema.org\",\"@graph\":[{\"@type\":\"WebSite\",\"@id\":\"https:\/\/www.urlaubcornwall.de\/blog\/#website\",\"url\":\"https:\/\/www.urlaubcornwall.de\/blog\/\",\"name\":\"Urlaub &amp; Reisen\",\"description\":\"Urlaub, Reisen, Cornwall und S\u00fcdengland: eine perfekte Kombination\",\"potentialAction\":[{\"@type\":\"SearchAction\",\"target\":{\"@type\":\"EntryPoint\",\"urlTemplate\":\"https:\/\/www.urlaubcornwall.de\/blog\/?s={search_term_string}\"},\"query-input\":\"required name=search_term_string\"}],\"inLanguage\":\"en-US\"},{\"@type\":\"WebPage\",\"@id\":\"https:\/\/www.urlaubcornwall.de\/blog\/ferienhaus-perranporth-meer-mieten-strandurlaub-cornwall\/\",\"url\":\"https:\/\/www.urlaubcornwall.de\/blog\/ferienhaus-perranporth-meer-mieten-strandurlaub-cornwall\/\",\"name\":\"Ferienhaus Perranporth am Meer mieten - Strandurlaub Cornwall - Urlaub &amp; Reisen\",\"isPartOf\":{\"@id\":\"https:\/\/www.urlaubcornwall.de\/blog\/#website\"},\"datePublished\":\"2017-12-22T16:03:19+00:00\",\"dateModified\":\"2021-08-31T14:34:24+00:00\",\"breadcrumb\":{\"@id\":\"https:\/\/www.urlaubcornwall.de\/blog\/ferienhaus-perranporth-meer-mieten-strandurlaub-cornwall\/#breadcrumb\"},\"inLanguage\":\"en-US\",\"potentialAction\":[{\"@type\":\"ReadAction\",\"target\":[\"https:\/\/www.urlaubcornwall.de\/blog\/ferienhaus-perranporth-meer-mieten-strandurlaub-cornwall\/\"]}]},{\"@type\":\"BreadcrumbList\",\"@id\":\"https:\/\/www.urlaubcornwall.de\/blog\/ferienhaus-perranporth-meer-mieten-strandurlaub-cornwall\/#breadcrumb\",\"itemListElement\":[{\"@type\":\"ListItem\",\"position\":1,\"name\":\"Home\",\"item\":\"https:\/\/www.urlaubcornwall.de\/blog\/\"},{\"@type\":\"ListItem\",\"position\":2,\"name\":\"Ferienhaus Perranporth am Meer mieten &#8211; Strandurlaub Cornwall\"}]}]}<\/script>\n<!-- \/ Yoast SEO plugin. -->","yoast_head_json":{"title":"Ferienhaus Perranporth am Meer mieten - Strandurlaub Cornwall - Urlaub &amp; Reisen","robots":{"index":"index","follow":"follow","max-snippet":"max-snippet:-1","max-image-preview":"max-image-preview:large","max-video-preview":"max-video-preview:-1"},"canonical":"https:\/\/www.urlaubcornwall.de\/blog\/ferienhaus-perranporth-meer-mieten-strandurlaub-cornwall\/","og_locale":"en_US","og_type":"article","og_title":"Ferienhaus Perranporth am Meer mieten - Strandurlaub Cornwall - Urlaub &amp; Reisen","og_description":"Ferienhaus mit Meerblick 1.6 kilometern SO von Perranporth, Nordk\u00fcste Cornwall. 1 Schlafzimmer, Schlafplatz f\u00fcr 2, An-\/Abreisetag am Freitag, leider keine Haustiere erlaubt&nbsp; -Preis pro Woche \u00a3312 &#8211; \u00a3695 In der N\u00e4he des Surfstrandes von Perranporth liegt das Summer House, ein perfekter R\u00fcckzugsort f\u00fcr Paare. Dieses reizende kleine Refugium mit herrlichem Meerblick liegt im Garten der [&hellip;]","og_url":"https:\/\/www.urlaubcornwall.de\/blog\/ferienhaus-perranporth-meer-mieten-strandurlaub-cornwall\/","og_site_name":"Urlaub &amp; Reisen","article_modified_time":"2021-08-31T14:34:24+00:00","og_image":[{"url":"https:\/\/www.urlaubcornwall.de\/blog\/wp-content\/uploads\/2017\/12\/ferienhaus-perranporth-an-meer.jpg"}],"twitter_card":"summary","twitter_misc":{"Est. reading time":"1 minute"},"schema":{"@context":"https:\/\/schema.org","@graph":[{"@type":"WebSite","@id":"https:\/\/www.urlaubcornwall.de\/blog\/#website","url":"https:\/\/www.urlaubcornwall.de\/blog\/","name":"Urlaub &amp; Reisen","description":"Urlaub, Reisen, Cornwall und S\u00fcdengland: eine perfekte Kombination","potentialAction":[{"@type":"SearchAction","target":{"@type":"EntryPoint","urlTemplate":"https:\/\/www.urlaubcornwall.de\/blog\/?s={search_term_string}"},"query-input":"required name=search_term_string"}],"inLanguage":"en-US"},{"@type":"WebPage","@id":"https:\/\/www.urlaubcornwall.de\/blog\/ferienhaus-perranporth-meer-mieten-strandurlaub-cornwall\/","url":"https:\/\/www.urlaubcornwall.de\/blog\/ferienhaus-perranporth-meer-mieten-strandurlaub-cornwall\/","name":"Ferienhaus Perranporth am Meer mieten - Strandurlaub Cornwall - Urlaub &amp; Reisen","isPartOf":{"@id":"https:\/\/www.urlaubcornwall.de\/blog\/#website"},"datePublished":"2017-12-22T16:03:19+00:00","dateModified":"2021-08-31T14:34:24+00:00","breadcrumb":{"@id":"https:\/\/www.urlaubcornwall.de\/blog\/ferienhaus-perranporth-meer-mieten-strandurlaub-cornwall\/#breadcrumb"},"inLanguage":"en-US","potentialAction":[{"@type":"ReadAction","target":["https:\/\/www.urlaubcornwall.de\/blog\/ferienhaus-perranporth-meer-mieten-strandurlaub-cornwall\/"]}]},{"@type":"BreadcrumbList","@id":"https:\/\/www.urlaubcornwall.de\/blog\/ferienhaus-perranporth-meer-mieten-strandurlaub-cornwall\/#breadcrumb","itemListElement":[{"@type":"ListItem","position":1,"name":"Home","item":"https:\/\/www.urlaubcornwall.de\/blog\/"},{"@type":"ListItem","position":2,"name":"Ferienhaus Perranporth am Meer mieten &#8211; Strandurlaub Cornwall"}]}]}},"_links":{"self":[{"href":"https:\/\/www.urlaubcornwall.de\/blog\/wp-json\/wp\/v2\/pages\/31408"}],"collection":[{"href":"https:\/\/www.urlaubcornwall.de\/blog\/wp-json\/wp\/v2\/pages"}],"about":[{"href":"https:\/\/www.urlaubcornwall.de\/blog\/wp-json\/wp\/v2\/types\/page"}],"author":[{"embeddable":true,"href":"https:\/\/www.urlaubcornwall.de\/blog\/wp-json\/wp\/v2\/users\/1"}],"replies":[{"embeddable":true,"href":"https:\/\/www.urlaubcornwall.de\/blog\/wp-json\/wp\/v2\/comments?post=31408"}],"version-history":[{"count":2,"href":"https:\/\/www.urlaubcornwall.de\/blog\/wp-json\/wp\/v2\/pages\/31408\/revisions"}],"predecessor-version":[{"id":42357,"href":"https:\/\/www.urlaubcornwall.de\/blog\/wp-json\/wp\/v2\/pages\/31408\/revisions\/42357"}],"wp:attachment":[{"href":"https:\/\/www.urlaubcornwall.de\/blog\/wp-json\/wp\/v2\/media?parent=31408"}],"curies":[{"name":"wp","href":"https:\/\/api.w.org\/{rel}","templated":true}]}}