{"id":31400,"date":"2017-12-22T11:35:20","date_gmt":"2017-12-22T11:35:20","guid":{"rendered":"https:\/\/www.urlaubcornwall.de\/blog\/?page_id=31400"},"modified":"2019-02-18T11:44:48","modified_gmt":"2019-02-18T11:44:48","slug":"hotels-der-naehe-flughafen-newquay","status":"publish","type":"page","link":"https:\/\/www.urlaubcornwall.de\/blog\/hotels-der-naehe-flughafen-newquay\/","title":{"rendered":"Hotels in der N\u00e4he Flughafen Newquay"},"content":{"rendered":"<p><img loading=\"lazy\" class=\"aligncenter size-full wp-image-23710\" src=\"https:\/\/www.urlaubcornwall.de\/blog\/wp-content\/uploads\/2016\/04\/urlaub-ferienhaus-newquay-1.jpg\" alt=\"hotel newquay flughafen\" width=\"748\" height=\"416\"\/><\/p>\n<p>Bei uns finden Sie Besten Hotels in der N\u00e4he Newquay \u2013 so einfach ist das! &#8211; Fliegen Sie direkt den Flughafen Newquay an der Nordk\u00fcste Cornwalls an, und Sie landen unmittelbar im Herzen Cornwalls, wo sogleich Ihr Urlaub beginnen kann. Von Mai bis Oktober gibt es einmal w\u00f6chentlich Fl\u00fcge von  D\u00fcsseldorf &#038; Stuttgart aus und zwischen April und Oktober.<\/p>\n<p><ins class=\"bookingaff\" data-aid=\"1700636\" data-target_aid=\"1700636\" data-prod=\"map\" data-width=\"100%\" data-height=\"590\" data-lang=\"ualng\" data-dest_id=\"0\" data-dest_type=\"landmark\" data-latitude=\"50.415497\" data-longitude=\"-5.073719\" data-mwhsb=\"1\"><br \/>\n    <!-- Anything inside will go away once widget is loaded. --><br \/>\n        <a href=\"\/\/www.booking.com?aid=1700636\"rel=\"nofollow\">Booking.com<\/a><br \/>\n<\/ins><br \/>\n<script type=\"text\/javascript\">\n    (function(d, sc, u) {\n      var s = d.createElement(sc), p = d.getElementsByTagName(sc)[0];\n      s.type = 'text\/javascript';\n      s.async = true;\n      s.src = u + '?v=' + (+new Date());\n      p.parentNode.insertBefore(s,p);\n      })(document, 'script', '\/\/aff.bstatic.com\/static\/affiliate_base\/js\/flexiproduct.js');\n<\/script><\/p>\n<h3><\/h3>\n<p><ins class=\"bookingaff\" data-aid=\"1713944\" data-target_aid=\"1713944\" data-prod=\"nsb\" data-width=\"100%\" data-height=\"auto\" data-lang=\"en\" data-dest_id=\"1685\" data-dest_type=\"region\"><br \/>\n    <!-- Anything inside will go away once widget is loaded. --><br \/>\n        <a href=\"\/\/www.booking.com?aid=1713944\"rel=\"nofollow\">Booking.com<\/a><br \/>\n<\/ins><br \/>\n<script type=\"text\/javascript\">\n    (function(d, sc, u) {\n      var s = d.createElement(sc), p = d.getElementsByTagName(sc)[0];\n      s.type = 'text\/javascript';\n      s.async = true;\n      s.src = u + '?v=' + (+new Date());\n      p.parentNode.insertBefore(s,p);\n      })(document, 'script', '\/\/aff.bstatic.com\/static\/affiliate_base\/js\/flexiproduct.js');\n<\/script><\/p>\n<div class=\"snippet\"> <a class=\"featured-item\" href=\" https:\/\/www.urlaubcornwall.de\/blog\/hotel-bristol-ein-charmantes-traditionelles-hotel-direkt-am-strand-von-newquay\/\"> <span class=\"image-holder\" style=\"background-image: url(' https:\/\/www.urlaubcornwall.de\/blog\/wp-content\/uploads\/2019\/01\/hotel-bristol-newquay-cornwall.jpg');\"><\/span> <span class=\"featured-content\"> \n<h2 class=\"featured-title\">Hotel Bristol in Newquay<\/h2>\n<p class=\"featured-body\">Das Hotel wird schon seit den 1920er Jahren von einer Familie gef\u00fchrt &#8211; jetzt schon in der 4. Generation &#8211; und bietet traditionellen englischen Charme mit vielen originalen Jugendstil-Elementen&#8230;&#8230;. <\/p><\/span> <span class=\"featured-link-holder\"> <span class=\"featured-extra-info\"> \n<p>Ein charmantes, traditionelles Hotel direkt am Strand<\/p>\n<\/span> \n<p class=\"featured-link\">DETAILS<\/p>\n<\/span> <\/a><\/div>\n<div class=\"snippet\"> <a class=\"featured-item\" href=\" https:\/\/www.urlaubcornwall.de\/blog\/das-sands-resort-in-newquay-ein-preisgekroentes-familienhotel-an-der-nordkueste-cornwalls\/ \"> <span class=\"image-holder\" style=\"background-image: url(' https:\/\/www.urlaubcornwall.de\/blog\/wp-content\/uploads\/2019\/01\/sands-resort-hotel-am-meer-newquay.jpg');\"><\/span> <span class=\"featured-content\"> \n<h2 class=\"featured-title\">Sands Resort in Newquay<\/h2>\n<p class=\"featured-body\">Sands Resort Hotel &#038; Spa befindet sich lediglich einen kurzen Spaziergang entfernt vom Strand und weist eine entspannte, freundliche Atmosph\u00e4re auf. Dazu gibt es ausgezeichnete Angebote, einschlie\u00dflich einiger Pools&#8230;&#8230; <\/p><\/span> <span class=\"featured-link-holder\"> <span class=\"featured-extra-info\"> \n<p>Ein modernes und kosteng\u00fcnstiges Kinderhotel<\/p>\n<\/span> \n<p class=\"featured-link\">DETAILS<\/p>\n<\/span> <\/a><\/div>\n<p style=\"text-align: center;\"><b><a class=\"tidycta\" href=\"https:\/\/www.urlaubcornwall.de\/hotels.php\">Suche Hotels in Cornwall<\/a><\/b><\/p>\n<p style=\"text-align: left;\"><a href=\"http:\/\/www.urlaubcornwall.de\/\">UrlaubCornwall.de<\/a> ist ein in Cornwall ans\u00e4ssiges Unternehmen k\u00f6nnen wir uns mit 20 Jahren Erfahrung in der Organisation von Rundreisen durch S\u00fcdwest und S\u00fcdengland r\u00fchmen. Um Cornwall in Ihre Rundreise durch S\u00fcdengland mit einzugliedern, stellen Sie Ihre <a href=\"http:\/\/www.urlaubcornwall.de\/anfrage.php\">Anfrage<\/a> hier oder w\u00e4hlen Sie ein Ferienhaus aus unserer besten Auswahl handverlesener und inspizierter H\u00e4user aus.<\/p>\n","protected":false},"excerpt":{"rendered":"<p>Bei uns finden Sie Besten Hotels in der N\u00e4he Newquay \u2013 so einfach ist das! &#8211; Fliegen Sie direkt den Flughafen Newquay an der Nordk\u00fcste Cornwalls an, und Sie landen unmittelbar im Herzen Cornwalls, wo sogleich Ihr Urlaub beginnen kann. Von Mai bis Oktober gibt es einmal w\u00f6chentlich Fl\u00fcge von D\u00fcsseldorf &#038; Stuttgart aus und [&hellip;]<\/p>\n","protected":false},"author":1,"featured_media":0,"parent":0,"menu_order":0,"comment_status":"closed","ping_status":"closed","template":"single-four.php","meta":[],"acf":[],"yoast_head":"<!-- This site is optimized with the Yoast SEO plugin v19.4 - https:\/\/yoast.com\/wordpress\/plugins\/seo\/ -->\n<title>Hotels in der N\u00e4he Flughafen Newquay - Urlaub &amp; Reisen<\/title>\n<meta name=\"robots\" content=\"index, follow, max-snippet:-1, max-image-preview:large, max-video-preview:-1\" \/>\n<link rel=\"canonical\" href=\"https:\/\/www.urlaubcornwall.de\/blog\/hotels-der-naehe-flughafen-newquay\/\" \/>\n<meta property=\"og:locale\" content=\"en_US\" \/>\n<meta property=\"og:type\" content=\"article\" \/>\n<meta property=\"og:title\" content=\"Hotels in der N\u00e4he Flughafen Newquay - Urlaub &amp; Reisen\" \/>\n<meta property=\"og:description\" content=\"Bei uns finden Sie Besten Hotels in der N\u00e4he Newquay \u2013 so einfach ist das! &#8211; Fliegen Sie direkt den Flughafen Newquay an der Nordk\u00fcste Cornwalls an, und Sie landen unmittelbar im Herzen Cornwalls, wo sogleich Ihr Urlaub beginnen kann. Von Mai bis Oktober gibt es einmal w\u00f6chentlich Fl\u00fcge von D\u00fcsseldorf &#038; Stuttgart aus und [&hellip;]\" \/>\n<meta property=\"og:url\" content=\"https:\/\/www.urlaubcornwall.de\/blog\/hotels-der-naehe-flughafen-newquay\/\" \/>\n<meta property=\"og:site_name\" content=\"Urlaub &amp; Reisen\" \/>\n<meta property=\"article:modified_time\" content=\"2019-02-18T11:44:48+00:00\" \/>\n<meta property=\"og:image\" content=\"https:\/\/www.urlaubcornwall.de\/blog\/wp-content\/uploads\/2016\/04\/urlaub-ferienhaus-newquay-1.jpg\" \/>\n<meta name=\"twitter:card\" content=\"summary\" \/>\n<meta name=\"twitter:label1\" content=\"Est. reading time\" \/>\n\t<meta name=\"twitter:data1\" content=\"1 minute\" \/>\n<script type=\"application\/ld+json\" class=\"yoast-schema-graph\">{\"@context\":\"https:\/\/schema.org\",\"@graph\":[{\"@type\":\"WebSite\",\"@id\":\"https:\/\/www.urlaubcornwall.de\/blog\/#website\",\"url\":\"https:\/\/www.urlaubcornwall.de\/blog\/\",\"name\":\"Urlaub &amp; Reisen\",\"description\":\"Urlaub, Reisen, Cornwall und S\u00fcdengland: eine perfekte Kombination\",\"potentialAction\":[{\"@type\":\"SearchAction\",\"target\":{\"@type\":\"EntryPoint\",\"urlTemplate\":\"https:\/\/www.urlaubcornwall.de\/blog\/?s={search_term_string}\"},\"query-input\":\"required name=search_term_string\"}],\"inLanguage\":\"en-US\"},{\"@type\":\"WebPage\",\"@id\":\"https:\/\/www.urlaubcornwall.de\/blog\/hotels-der-naehe-flughafen-newquay\/\",\"url\":\"https:\/\/www.urlaubcornwall.de\/blog\/hotels-der-naehe-flughafen-newquay\/\",\"name\":\"Hotels in der N\u00e4he Flughafen Newquay - Urlaub &amp; Reisen\",\"isPartOf\":{\"@id\":\"https:\/\/www.urlaubcornwall.de\/blog\/#website\"},\"datePublished\":\"2017-12-22T11:35:20+00:00\",\"dateModified\":\"2019-02-18T11:44:48+00:00\",\"breadcrumb\":{\"@id\":\"https:\/\/www.urlaubcornwall.de\/blog\/hotels-der-naehe-flughafen-newquay\/#breadcrumb\"},\"inLanguage\":\"en-US\",\"potentialAction\":[{\"@type\":\"ReadAction\",\"target\":[\"https:\/\/www.urlaubcornwall.de\/blog\/hotels-der-naehe-flughafen-newquay\/\"]}]},{\"@type\":\"BreadcrumbList\",\"@id\":\"https:\/\/www.urlaubcornwall.de\/blog\/hotels-der-naehe-flughafen-newquay\/#breadcrumb\",\"itemListElement\":[{\"@type\":\"ListItem\",\"position\":1,\"name\":\"Home\",\"item\":\"https:\/\/www.urlaubcornwall.de\/blog\/\"},{\"@type\":\"ListItem\",\"position\":2,\"name\":\"Hotels in der N\u00e4he Flughafen Newquay\"}]}]}<\/script>\n<!-- \/ Yoast SEO plugin. -->","yoast_head_json":{"title":"Hotels in der N\u00e4he Flughafen Newquay - Urlaub &amp; Reisen","robots":{"index":"index","follow":"follow","max-snippet":"max-snippet:-1","max-image-preview":"max-image-preview:large","max-video-preview":"max-video-preview:-1"},"canonical":"https:\/\/www.urlaubcornwall.de\/blog\/hotels-der-naehe-flughafen-newquay\/","og_locale":"en_US","og_type":"article","og_title":"Hotels in der N\u00e4he Flughafen Newquay - Urlaub &amp; Reisen","og_description":"Bei uns finden Sie Besten Hotels in der N\u00e4he Newquay \u2013 so einfach ist das! &#8211; Fliegen Sie direkt den Flughafen Newquay an der Nordk\u00fcste Cornwalls an, und Sie landen unmittelbar im Herzen Cornwalls, wo sogleich Ihr Urlaub beginnen kann. Von Mai bis Oktober gibt es einmal w\u00f6chentlich Fl\u00fcge von D\u00fcsseldorf &#038; Stuttgart aus und [&hellip;]","og_url":"https:\/\/www.urlaubcornwall.de\/blog\/hotels-der-naehe-flughafen-newquay\/","og_site_name":"Urlaub &amp; Reisen","article_modified_time":"2019-02-18T11:44:48+00:00","og_image":[{"url":"https:\/\/www.urlaubcornwall.de\/blog\/wp-content\/uploads\/2016\/04\/urlaub-ferienhaus-newquay-1.jpg"}],"twitter_card":"summary","twitter_misc":{"Est. reading time":"1 minute"},"schema":{"@context":"https:\/\/schema.org","@graph":[{"@type":"WebSite","@id":"https:\/\/www.urlaubcornwall.de\/blog\/#website","url":"https:\/\/www.urlaubcornwall.de\/blog\/","name":"Urlaub &amp; Reisen","description":"Urlaub, Reisen, Cornwall und S\u00fcdengland: eine perfekte Kombination","potentialAction":[{"@type":"SearchAction","target":{"@type":"EntryPoint","urlTemplate":"https:\/\/www.urlaubcornwall.de\/blog\/?s={search_term_string}"},"query-input":"required name=search_term_string"}],"inLanguage":"en-US"},{"@type":"WebPage","@id":"https:\/\/www.urlaubcornwall.de\/blog\/hotels-der-naehe-flughafen-newquay\/","url":"https:\/\/www.urlaubcornwall.de\/blog\/hotels-der-naehe-flughafen-newquay\/","name":"Hotels in der N\u00e4he Flughafen Newquay - Urlaub &amp; Reisen","isPartOf":{"@id":"https:\/\/www.urlaubcornwall.de\/blog\/#website"},"datePublished":"2017-12-22T11:35:20+00:00","dateModified":"2019-02-18T11:44:48+00:00","breadcrumb":{"@id":"https:\/\/www.urlaubcornwall.de\/blog\/hotels-der-naehe-flughafen-newquay\/#breadcrumb"},"inLanguage":"en-US","potentialAction":[{"@type":"ReadAction","target":["https:\/\/www.urlaubcornwall.de\/blog\/hotels-der-naehe-flughafen-newquay\/"]}]},{"@type":"BreadcrumbList","@id":"https:\/\/www.urlaubcornwall.de\/blog\/hotels-der-naehe-flughafen-newquay\/#breadcrumb","itemListElement":[{"@type":"ListItem","position":1,"name":"Home","item":"https:\/\/www.urlaubcornwall.de\/blog\/"},{"@type":"ListItem","position":2,"name":"Hotels in der N\u00e4he Flughafen Newquay"}]}]}},"_links":{"self":[{"href":"https:\/\/www.urlaubcornwall.de\/blog\/wp-json\/wp\/v2\/pages\/31400"}],"collection":[{"href":"https:\/\/www.urlaubcornwall.de\/blog\/wp-json\/wp\/v2\/pages"}],"about":[{"href":"https:\/\/www.urlaubcornwall.de\/blog\/wp-json\/wp\/v2\/types\/page"}],"author":[{"embeddable":true,"href":"https:\/\/www.urlaubcornwall.de\/blog\/wp-json\/wp\/v2\/users\/1"}],"replies":[{"embeddable":true,"href":"https:\/\/www.urlaubcornwall.de\/blog\/wp-json\/wp\/v2\/comments?post=31400"}],"version-history":[{"count":7,"href":"https:\/\/www.urlaubcornwall.de\/blog\/wp-json\/wp\/v2\/pages\/31400\/revisions"}],"predecessor-version":[{"id":36399,"href":"https:\/\/www.urlaubcornwall.de\/blog\/wp-json\/wp\/v2\/pages\/31400\/revisions\/36399"}],"wp:attachment":[{"href":"https:\/\/www.urlaubcornwall.de\/blog\/wp-json\/wp\/v2\/media?parent=31400"}],"curies":[{"name":"wp","href":"https:\/\/api.w.org\/{rel}","templated":true}]}}