{"id":31357,"date":"2017-12-19T16:41:52","date_gmt":"2017-12-19T16:41:52","guid":{"rendered":"https:\/\/www.urlaubcornwall.de\/blog\/?page_id=31357"},"modified":"2019-04-01T14:39:09","modified_gmt":"2019-04-01T14:39:09","slug":"ferienhaus-ilfracombe-meer","status":"publish","type":"page","link":"https:\/\/www.urlaubcornwall.de\/blog\/ferienhaus-ilfracombe-meer\/","title":{"rendered":"Ferienhaus in Ilfracombe am Meer"},"content":{"rendered":"<p><img loading=\"lazy\" class=\"aligncenter size-full wp-image-31358\" src=\"https:\/\/www.urlaubcornwall.de\/blog\/wp-content\/uploads\/2017\/12\/ferienhaus-am-meer-ilfracombe.jpg\" alt=\"ferienhaus am meer ilfracombe\" width=\"744\" height=\"441\" srcset=\"https:\/\/www.urlaubcornwall.de\/blog\/wp-content\/uploads\/2017\/12\/ferienhaus-am-meer-ilfracombe.jpg 744w, https:\/\/www.urlaubcornwall.de\/blog\/wp-content\/uploads\/2017\/12\/ferienhaus-am-meer-ilfracombe-300x178.jpg 300w\" sizes=\"(max-width: 744px) 100vw, 744px\" \/><br \/>\n<strong> <a href=\"https:\/\/www.urlaubcornwall.de\/ferienhaeuser-fewos\/eng\/devon\/ilfracombe-am-meer.html\">Haus in Ilfracombe mit 3 Schlafzimmern<\/a> | Schlafgelegenheiten 6 | Hunde Bitte Anfragen<\/strong><\/p>\n<p>Die Restaurants und Gesch\u00e4fte am Hafen liegen nur einen Steinwurf entfernt und machen dieses Anwesen perfekt, um die vielen Einrichtungen zu genie\u00dfen, die die K\u00fcstenstadt zu bieten hat. Oder entspannen Sie sich einfach, w\u00e4hrend Sie auf das Meer blicken und beobachten, wie die Boote hin und her fahren. Etwas weiter entfernt haben Sie lokale Sehensw\u00fcrdigkeiten wie das malerische K\u00fcstendorf Woolacombe, das einen drei Meilen langen goldenen Sandstrand Pubs Restaurants und Gesch\u00e4fte sowie National Trust Arlington Court Watermouth Castle und Combe Martin Wildlife und Dinosaur Park bietet. <\/p>\n<p>Wenn Sie dieses sch\u00f6ne dreist\u00f6ckige Anwesen zu Ihrer Rechten betreten, haben Sie viel Platz f\u00fcr M\u00e4ntel und Schuhe. Auf der linken Seite haben Sie die herrliche K\u00fcche \/ Abendessen und wenn Sie sich entscheiden zu bleiben und kochen eine Mahlzeit gibt es eine gut ausgestattete K\u00fcche mit einem elektrischen Backofen und Herd Mikrowelle K\u00fchlschrank mit Gefrierfach Waschmaschine und Geschirrsp\u00fcler. Wenn Sie die erste Treppe in die erste Etage hinaufgehen, finden Sie den spektakul\u00e4ren Loungebereich mit Fernseher, der einen atemberaubenden Blick \u00fcber den Hafen und das Meer bietet. Ein gro\u00dfartiger Ort, um nach einem langen Tag am Strand zu entspannen. \u00dcber die letzte Treppe in den zweiten Stock gelangen Sie zu drei Schlafzimmern, eines davon mit spektakul\u00e4rem Meerblick, ein weiteres Doppelzimmer und ein Zweibettzimmer mit Meerblick.<br \/>\nEin Parkausweis f\u00fcr den \u00f6ffentlichen Parkplatz ist f\u00fcr die Dauer Ihres Aufenthalts verf\u00fcgbar. Der Parkplatz befindet sich nur wenige Gehminuten von der Unterkunft entfernt. Bitte beachten Sie, dass die Unterkunft \u00fcber ca. 30 Stufen zug\u00e4nglich ist.<\/p>\n<h1 style=\"text-align: center;\"><a href=\"https:\/\/www.urlaubcornwall.de\/ferienhaeuser-fewos\/eng\/devon\/ilfracombe-am-meer.html\"><span id=\"result_box\" class=\"short_text\" lang=\"de\"><span class=\"\">Verf\u00fcgbarkeit pr\u00fcfen<\/span><\/span><\/a><\/h1>\n","protected":false},"excerpt":{"rendered":"<p>Haus in Ilfracombe mit 3 Schlafzimmern | Schlafgelegenheiten 6 | Hunde Bitte Anfragen Die Restaurants und Gesch\u00e4fte am Hafen liegen nur einen Steinwurf entfernt und machen dieses Anwesen perfekt, um die vielen Einrichtungen zu genie\u00dfen, die die K\u00fcstenstadt zu bieten hat. Oder entspannen Sie sich einfach, w\u00e4hrend Sie auf das Meer blicken und beobachten, wie [&hellip;]<\/p>\n","protected":false},"author":1,"featured_media":0,"parent":0,"menu_order":0,"comment_status":"closed","ping_status":"closed","template":"single-four.php","meta":[],"acf":[],"yoast_head":"<!-- This site is optimized with the Yoast SEO plugin v19.4 - https:\/\/yoast.com\/wordpress\/plugins\/seo\/ -->\n<title>Ferienhaus in Ilfracombe am Meer - Urlaub &amp; Reisen<\/title>\n<meta name=\"robots\" content=\"index, follow, max-snippet:-1, max-image-preview:large, max-video-preview:-1\" \/>\n<link rel=\"canonical\" href=\"https:\/\/www.urlaubcornwall.de\/blog\/ferienhaus-ilfracombe-meer\/\" \/>\n<meta property=\"og:locale\" content=\"en_US\" \/>\n<meta property=\"og:type\" content=\"article\" \/>\n<meta property=\"og:title\" content=\"Ferienhaus in Ilfracombe am Meer - Urlaub &amp; Reisen\" \/>\n<meta property=\"og:description\" content=\"Haus in Ilfracombe mit 3 Schlafzimmern | Schlafgelegenheiten 6 | Hunde Bitte Anfragen Die Restaurants und Gesch\u00e4fte am Hafen liegen nur einen Steinwurf entfernt und machen dieses Anwesen perfekt, um die vielen Einrichtungen zu genie\u00dfen, die die K\u00fcstenstadt zu bieten hat. Oder entspannen Sie sich einfach, w\u00e4hrend Sie auf das Meer blicken und beobachten, wie [&hellip;]\" \/>\n<meta property=\"og:url\" content=\"https:\/\/www.urlaubcornwall.de\/blog\/ferienhaus-ilfracombe-meer\/\" \/>\n<meta property=\"og:site_name\" content=\"Urlaub &amp; Reisen\" \/>\n<meta property=\"article:modified_time\" content=\"2019-04-01T14:39:09+00:00\" \/>\n<meta property=\"og:image\" content=\"https:\/\/www.urlaubcornwall.de\/blog\/wp-content\/uploads\/2017\/12\/ferienhaus-am-meer-ilfracombe.jpg\" \/>\n<meta name=\"twitter:card\" content=\"summary\" \/>\n<meta name=\"twitter:label1\" content=\"Est. reading time\" \/>\n\t<meta name=\"twitter:data1\" content=\"1 minute\" \/>\n<script type=\"application\/ld+json\" class=\"yoast-schema-graph\">{\"@context\":\"https:\/\/schema.org\",\"@graph\":[{\"@type\":\"WebSite\",\"@id\":\"https:\/\/www.urlaubcornwall.de\/blog\/#website\",\"url\":\"https:\/\/www.urlaubcornwall.de\/blog\/\",\"name\":\"Urlaub &amp; Reisen\",\"description\":\"Urlaub, Reisen, Cornwall und S\u00fcdengland: eine perfekte Kombination\",\"potentialAction\":[{\"@type\":\"SearchAction\",\"target\":{\"@type\":\"EntryPoint\",\"urlTemplate\":\"https:\/\/www.urlaubcornwall.de\/blog\/?s={search_term_string}\"},\"query-input\":\"required name=search_term_string\"}],\"inLanguage\":\"en-US\"},{\"@type\":\"WebPage\",\"@id\":\"https:\/\/www.urlaubcornwall.de\/blog\/ferienhaus-ilfracombe-meer\/\",\"url\":\"https:\/\/www.urlaubcornwall.de\/blog\/ferienhaus-ilfracombe-meer\/\",\"name\":\"Ferienhaus in Ilfracombe am Meer - Urlaub &amp; Reisen\",\"isPartOf\":{\"@id\":\"https:\/\/www.urlaubcornwall.de\/blog\/#website\"},\"datePublished\":\"2017-12-19T16:41:52+00:00\",\"dateModified\":\"2019-04-01T14:39:09+00:00\",\"breadcrumb\":{\"@id\":\"https:\/\/www.urlaubcornwall.de\/blog\/ferienhaus-ilfracombe-meer\/#breadcrumb\"},\"inLanguage\":\"en-US\",\"potentialAction\":[{\"@type\":\"ReadAction\",\"target\":[\"https:\/\/www.urlaubcornwall.de\/blog\/ferienhaus-ilfracombe-meer\/\"]}]},{\"@type\":\"BreadcrumbList\",\"@id\":\"https:\/\/www.urlaubcornwall.de\/blog\/ferienhaus-ilfracombe-meer\/#breadcrumb\",\"itemListElement\":[{\"@type\":\"ListItem\",\"position\":1,\"name\":\"Home\",\"item\":\"https:\/\/www.urlaubcornwall.de\/blog\/\"},{\"@type\":\"ListItem\",\"position\":2,\"name\":\"Ferienhaus in Ilfracombe am Meer\"}]}]}<\/script>\n<!-- \/ Yoast SEO plugin. -->","yoast_head_json":{"title":"Ferienhaus in Ilfracombe am Meer - Urlaub &amp; Reisen","robots":{"index":"index","follow":"follow","max-snippet":"max-snippet:-1","max-image-preview":"max-image-preview:large","max-video-preview":"max-video-preview:-1"},"canonical":"https:\/\/www.urlaubcornwall.de\/blog\/ferienhaus-ilfracombe-meer\/","og_locale":"en_US","og_type":"article","og_title":"Ferienhaus in Ilfracombe am Meer - Urlaub &amp; Reisen","og_description":"Haus in Ilfracombe mit 3 Schlafzimmern | Schlafgelegenheiten 6 | Hunde Bitte Anfragen Die Restaurants und Gesch\u00e4fte am Hafen liegen nur einen Steinwurf entfernt und machen dieses Anwesen perfekt, um die vielen Einrichtungen zu genie\u00dfen, die die K\u00fcstenstadt zu bieten hat. Oder entspannen Sie sich einfach, w\u00e4hrend Sie auf das Meer blicken und beobachten, wie [&hellip;]","og_url":"https:\/\/www.urlaubcornwall.de\/blog\/ferienhaus-ilfracombe-meer\/","og_site_name":"Urlaub &amp; Reisen","article_modified_time":"2019-04-01T14:39:09+00:00","og_image":[{"url":"https:\/\/www.urlaubcornwall.de\/blog\/wp-content\/uploads\/2017\/12\/ferienhaus-am-meer-ilfracombe.jpg"}],"twitter_card":"summary","twitter_misc":{"Est. reading time":"1 minute"},"schema":{"@context":"https:\/\/schema.org","@graph":[{"@type":"WebSite","@id":"https:\/\/www.urlaubcornwall.de\/blog\/#website","url":"https:\/\/www.urlaubcornwall.de\/blog\/","name":"Urlaub &amp; Reisen","description":"Urlaub, Reisen, Cornwall und S\u00fcdengland: eine perfekte Kombination","potentialAction":[{"@type":"SearchAction","target":{"@type":"EntryPoint","urlTemplate":"https:\/\/www.urlaubcornwall.de\/blog\/?s={search_term_string}"},"query-input":"required name=search_term_string"}],"inLanguage":"en-US"},{"@type":"WebPage","@id":"https:\/\/www.urlaubcornwall.de\/blog\/ferienhaus-ilfracombe-meer\/","url":"https:\/\/www.urlaubcornwall.de\/blog\/ferienhaus-ilfracombe-meer\/","name":"Ferienhaus in Ilfracombe am Meer - Urlaub &amp; Reisen","isPartOf":{"@id":"https:\/\/www.urlaubcornwall.de\/blog\/#website"},"datePublished":"2017-12-19T16:41:52+00:00","dateModified":"2019-04-01T14:39:09+00:00","breadcrumb":{"@id":"https:\/\/www.urlaubcornwall.de\/blog\/ferienhaus-ilfracombe-meer\/#breadcrumb"},"inLanguage":"en-US","potentialAction":[{"@type":"ReadAction","target":["https:\/\/www.urlaubcornwall.de\/blog\/ferienhaus-ilfracombe-meer\/"]}]},{"@type":"BreadcrumbList","@id":"https:\/\/www.urlaubcornwall.de\/blog\/ferienhaus-ilfracombe-meer\/#breadcrumb","itemListElement":[{"@type":"ListItem","position":1,"name":"Home","item":"https:\/\/www.urlaubcornwall.de\/blog\/"},{"@type":"ListItem","position":2,"name":"Ferienhaus in Ilfracombe am Meer"}]}]}},"_links":{"self":[{"href":"https:\/\/www.urlaubcornwall.de\/blog\/wp-json\/wp\/v2\/pages\/31357"}],"collection":[{"href":"https:\/\/www.urlaubcornwall.de\/blog\/wp-json\/wp\/v2\/pages"}],"about":[{"href":"https:\/\/www.urlaubcornwall.de\/blog\/wp-json\/wp\/v2\/types\/page"}],"author":[{"embeddable":true,"href":"https:\/\/www.urlaubcornwall.de\/blog\/wp-json\/wp\/v2\/users\/1"}],"replies":[{"embeddable":true,"href":"https:\/\/www.urlaubcornwall.de\/blog\/wp-json\/wp\/v2\/comments?post=31357"}],"version-history":[{"count":4,"href":"https:\/\/www.urlaubcornwall.de\/blog\/wp-json\/wp\/v2\/pages\/31357\/revisions"}],"predecessor-version":[{"id":37070,"href":"https:\/\/www.urlaubcornwall.de\/blog\/wp-json\/wp\/v2\/pages\/31357\/revisions\/37070"}],"wp:attachment":[{"href":"https:\/\/www.urlaubcornwall.de\/blog\/wp-json\/wp\/v2\/media?parent=31357"}],"curies":[{"name":"wp","href":"https:\/\/api.w.org\/{rel}","templated":true}]}}