{"id":31345,"date":"2017-12-18T16:39:15","date_gmt":"2017-12-18T16:39:15","guid":{"rendered":"https:\/\/www.urlaubcornwall.de\/blog\/?page_id=31345"},"modified":"2021-08-09T07:41:39","modified_gmt":"2021-08-09T07:41:39","slug":"bed-breakfast-scilly-inseln-4-sterne","status":"publish","type":"page","link":"https:\/\/www.urlaubcornwall.de\/blog\/bed-breakfast-scilly-inseln-4-sterne\/","title":{"rendered":"Bed &#038; Breakfast Scilly-Inseln &#8211; 4 Sterne"},"content":{"rendered":"<p><img loading=\"lazy\" class=\"aligncenter size-full wp-image-25369\" src=\"https:\/\/www.urlaubcornwall.de\/blog\/wp-content\/uploads\/2016\/11\/hotel-zimmer-scilly.jpg\" alt=\"Bed &amp; Breakfast Scilly-Inseln\" width=\"748\" height=\"420\"\/><\/p>\n<p>Bed and Breakfast auf den <a href=\"https:\/\/www.urlaubcornwall.de\/Scilly-Inseln.php\">Scilly-Inseln<\/a> ist eine hervorragende Alternative zu Hotel\u00fcbernachtungen oder Ferienwohnungen, und wir haben f\u00fcr Sie die Cr\u00e8me de la Cr\u00e8me zusammengestellt. Wir besuchen und pr\u00fcfen unsere B&amp;Bs regelm\u00e4\u00dfig, damit sie unsere hohen Qualit\u00e4tsanspr\u00fcche erf\u00fcllen und dabei preisg\u00fcnstig sind.<\/p>\n<p><strong>B&amp;B auf den Scilly Inseln<\/strong><\/p>\n<p>Gelegen in einer ruhigen Stra\u00dfe in der N\u00e4he des Hafens. Ein 7 Minuten zu Fu\u00df nach Hugh Town, mit Gesch\u00e4ften, Restaurants, Gastst\u00e4tten und drei Str\u00e4nden. Dann 2 Minuten weiter bringt Sie zum Hafen und Booten, um Sie zu den anderen Inseln zu bringen.<\/p>\n<p><strong>Schlafzimmer<\/strong><\/p>\n<p>Colossus bietet seinen G\u00e4sten gut ausgestattete Badezimmer mit Dusche oder eigenem Bad, von denen das Zimmer entweder ein Super-Kingsize-Doppelbett oder zwei 3-Fu\u00df-Einzelbetten sein kann. <span class=\"\">Die Zimmer verf\u00fcgen \u00fcber Digital-TV, Hei\u00dfgetr\u00e4nkezubereitung, Heizung, einen Sessel, Radiowecker und Haartrockner und kostenloses WIFI.<\/span><\/p>\n<p>Die Zimmer sind hell und luftig und zu einem hohen Standard eingerichtet, wie unser 4-Sterne Silver Award &#8211; English Tourist \/ Visit Britain beweist.<\/p>\n<p style=\"text-align: center;\"><a class=\"tidycta\" href=\"https:\/\/www.urlaubcornwall.de\/Scilly-Inseln\/reiseservice.php\">Reiseservice f\u00fcr die Scilly-Inseln<\/a><\/p>\n<p><strong>Wichtigste Annehmlichkeiten<\/strong><\/p>\n<p>3 Zimmer f\u00fcr Nichtraucher<\/p>\n<p>Fr\u00fchst\u00fcck verf\u00fcgbar<\/p>\n<p>Garten<\/p>\n<p>Picknickbereich<\/p>\n<p>Gep\u00e4ckaufbewahrung<\/p>\n<p>Kostenloses WLAN<\/p>\n<p><strong>F\u00fcr Ihr Wohlbefinden<\/strong><\/p>\n<p>Verbindungszimmer\/nebeneinander liegende Zimmer verf\u00fcgbar<\/p>\n<p>Eigenes Bad<\/p>\n<p>Fernseher<\/p>\n<p>Garten<\/p>\n<p>Haartrockner<\/p>\n<p>Wasserkocher f\u00fcr Kaffee\/Tee<\/p>\n<h2><a href=\"https:\/\/www.urlaubcornwall.de\/blog\/ready-made-urlaub-scilly-inseln\/\">Suche Hotels und B&amp;Bs auf den Scilly Inseln<\/a><\/h2>\n","protected":false},"excerpt":{"rendered":"<p>Bed and Breakfast auf den Scilly-Inseln ist eine hervorragende Alternative zu Hotel\u00fcbernachtungen oder Ferienwohnungen, und wir haben f\u00fcr Sie die Cr\u00e8me de la Cr\u00e8me zusammengestellt. Wir besuchen und pr\u00fcfen unsere B&amp;Bs regelm\u00e4\u00dfig, damit sie unsere hohen Qualit\u00e4tsanspr\u00fcche erf\u00fcllen und dabei preisg\u00fcnstig sind. B&amp;B auf den Scilly Inseln Gelegen in einer ruhigen Stra\u00dfe in der N\u00e4he [&hellip;]<\/p>\n","protected":false},"author":1,"featured_media":0,"parent":0,"menu_order":0,"comment_status":"closed","ping_status":"closed","template":"single-four.php","meta":[],"acf":[],"yoast_head":"<!-- This site is optimized with the Yoast SEO plugin v19.4 - https:\/\/yoast.com\/wordpress\/plugins\/seo\/ -->\n<title>Bed &amp; Breakfast Scilly-Inseln - 4 Sterne - Urlaub &amp; Reisen<\/title>\n<meta name=\"robots\" content=\"index, follow, max-snippet:-1, max-image-preview:large, max-video-preview:-1\" \/>\n<link rel=\"canonical\" href=\"https:\/\/www.urlaubcornwall.de\/blog\/bed-breakfast-scilly-inseln-4-sterne\/\" \/>\n<meta property=\"og:locale\" content=\"en_US\" \/>\n<meta property=\"og:type\" content=\"article\" \/>\n<meta property=\"og:title\" content=\"Bed &amp; Breakfast Scilly-Inseln - 4 Sterne - Urlaub &amp; Reisen\" \/>\n<meta property=\"og:description\" content=\"Bed and Breakfast auf den Scilly-Inseln ist eine hervorragende Alternative zu Hotel\u00fcbernachtungen oder Ferienwohnungen, und wir haben f\u00fcr Sie die Cr\u00e8me de la Cr\u00e8me zusammengestellt. Wir besuchen und pr\u00fcfen unsere B&amp;Bs regelm\u00e4\u00dfig, damit sie unsere hohen Qualit\u00e4tsanspr\u00fcche erf\u00fcllen und dabei preisg\u00fcnstig sind. B&amp;B auf den Scilly Inseln Gelegen in einer ruhigen Stra\u00dfe in der N\u00e4he [&hellip;]\" \/>\n<meta property=\"og:url\" content=\"https:\/\/www.urlaubcornwall.de\/blog\/bed-breakfast-scilly-inseln-4-sterne\/\" \/>\n<meta property=\"og:site_name\" content=\"Urlaub &amp; Reisen\" \/>\n<meta property=\"article:modified_time\" content=\"2021-08-09T07:41:39+00:00\" \/>\n<meta property=\"og:image\" content=\"https:\/\/www.urlaubcornwall.de\/blog\/wp-content\/uploads\/2016\/11\/hotel-zimmer-scilly.jpg\" \/>\n<meta name=\"twitter:card\" content=\"summary\" \/>\n<meta name=\"twitter:label1\" content=\"Est. reading time\" \/>\n\t<meta name=\"twitter:data1\" content=\"1 minute\" \/>\n<script type=\"application\/ld+json\" class=\"yoast-schema-graph\">{\"@context\":\"https:\/\/schema.org\",\"@graph\":[{\"@type\":\"WebSite\",\"@id\":\"https:\/\/www.urlaubcornwall.de\/blog\/#website\",\"url\":\"https:\/\/www.urlaubcornwall.de\/blog\/\",\"name\":\"Urlaub &amp; Reisen\",\"description\":\"Urlaub, Reisen, Cornwall und S\u00fcdengland: eine perfekte Kombination\",\"potentialAction\":[{\"@type\":\"SearchAction\",\"target\":{\"@type\":\"EntryPoint\",\"urlTemplate\":\"https:\/\/www.urlaubcornwall.de\/blog\/?s={search_term_string}\"},\"query-input\":\"required name=search_term_string\"}],\"inLanguage\":\"en-US\"},{\"@type\":\"WebPage\",\"@id\":\"https:\/\/www.urlaubcornwall.de\/blog\/bed-breakfast-scilly-inseln-4-sterne\/\",\"url\":\"https:\/\/www.urlaubcornwall.de\/blog\/bed-breakfast-scilly-inseln-4-sterne\/\",\"name\":\"Bed & Breakfast Scilly-Inseln - 4 Sterne - Urlaub &amp; Reisen\",\"isPartOf\":{\"@id\":\"https:\/\/www.urlaubcornwall.de\/blog\/#website\"},\"datePublished\":\"2017-12-18T16:39:15+00:00\",\"dateModified\":\"2021-08-09T07:41:39+00:00\",\"breadcrumb\":{\"@id\":\"https:\/\/www.urlaubcornwall.de\/blog\/bed-breakfast-scilly-inseln-4-sterne\/#breadcrumb\"},\"inLanguage\":\"en-US\",\"potentialAction\":[{\"@type\":\"ReadAction\",\"target\":[\"https:\/\/www.urlaubcornwall.de\/blog\/bed-breakfast-scilly-inseln-4-sterne\/\"]}]},{\"@type\":\"BreadcrumbList\",\"@id\":\"https:\/\/www.urlaubcornwall.de\/blog\/bed-breakfast-scilly-inseln-4-sterne\/#breadcrumb\",\"itemListElement\":[{\"@type\":\"ListItem\",\"position\":1,\"name\":\"Home\",\"item\":\"https:\/\/www.urlaubcornwall.de\/blog\/\"},{\"@type\":\"ListItem\",\"position\":2,\"name\":\"Bed &#038; Breakfast Scilly-Inseln &#8211; 4 Sterne\"}]}]}<\/script>\n<!-- \/ Yoast SEO plugin. -->","yoast_head_json":{"title":"Bed & Breakfast Scilly-Inseln - 4 Sterne - Urlaub &amp; Reisen","robots":{"index":"index","follow":"follow","max-snippet":"max-snippet:-1","max-image-preview":"max-image-preview:large","max-video-preview":"max-video-preview:-1"},"canonical":"https:\/\/www.urlaubcornwall.de\/blog\/bed-breakfast-scilly-inseln-4-sterne\/","og_locale":"en_US","og_type":"article","og_title":"Bed & Breakfast Scilly-Inseln - 4 Sterne - Urlaub &amp; Reisen","og_description":"Bed and Breakfast auf den Scilly-Inseln ist eine hervorragende Alternative zu Hotel\u00fcbernachtungen oder Ferienwohnungen, und wir haben f\u00fcr Sie die Cr\u00e8me de la Cr\u00e8me zusammengestellt. Wir besuchen und pr\u00fcfen unsere B&amp;Bs regelm\u00e4\u00dfig, damit sie unsere hohen Qualit\u00e4tsanspr\u00fcche erf\u00fcllen und dabei preisg\u00fcnstig sind. B&amp;B auf den Scilly Inseln Gelegen in einer ruhigen Stra\u00dfe in der N\u00e4he [&hellip;]","og_url":"https:\/\/www.urlaubcornwall.de\/blog\/bed-breakfast-scilly-inseln-4-sterne\/","og_site_name":"Urlaub &amp; Reisen","article_modified_time":"2021-08-09T07:41:39+00:00","og_image":[{"url":"https:\/\/www.urlaubcornwall.de\/blog\/wp-content\/uploads\/2016\/11\/hotel-zimmer-scilly.jpg"}],"twitter_card":"summary","twitter_misc":{"Est. reading time":"1 minute"},"schema":{"@context":"https:\/\/schema.org","@graph":[{"@type":"WebSite","@id":"https:\/\/www.urlaubcornwall.de\/blog\/#website","url":"https:\/\/www.urlaubcornwall.de\/blog\/","name":"Urlaub &amp; Reisen","description":"Urlaub, Reisen, Cornwall und S\u00fcdengland: eine perfekte Kombination","potentialAction":[{"@type":"SearchAction","target":{"@type":"EntryPoint","urlTemplate":"https:\/\/www.urlaubcornwall.de\/blog\/?s={search_term_string}"},"query-input":"required name=search_term_string"}],"inLanguage":"en-US"},{"@type":"WebPage","@id":"https:\/\/www.urlaubcornwall.de\/blog\/bed-breakfast-scilly-inseln-4-sterne\/","url":"https:\/\/www.urlaubcornwall.de\/blog\/bed-breakfast-scilly-inseln-4-sterne\/","name":"Bed & Breakfast Scilly-Inseln - 4 Sterne - Urlaub &amp; Reisen","isPartOf":{"@id":"https:\/\/www.urlaubcornwall.de\/blog\/#website"},"datePublished":"2017-12-18T16:39:15+00:00","dateModified":"2021-08-09T07:41:39+00:00","breadcrumb":{"@id":"https:\/\/www.urlaubcornwall.de\/blog\/bed-breakfast-scilly-inseln-4-sterne\/#breadcrumb"},"inLanguage":"en-US","potentialAction":[{"@type":"ReadAction","target":["https:\/\/www.urlaubcornwall.de\/blog\/bed-breakfast-scilly-inseln-4-sterne\/"]}]},{"@type":"BreadcrumbList","@id":"https:\/\/www.urlaubcornwall.de\/blog\/bed-breakfast-scilly-inseln-4-sterne\/#breadcrumb","itemListElement":[{"@type":"ListItem","position":1,"name":"Home","item":"https:\/\/www.urlaubcornwall.de\/blog\/"},{"@type":"ListItem","position":2,"name":"Bed &#038; Breakfast Scilly-Inseln &#8211; 4 Sterne"}]}]}},"_links":{"self":[{"href":"https:\/\/www.urlaubcornwall.de\/blog\/wp-json\/wp\/v2\/pages\/31345"}],"collection":[{"href":"https:\/\/www.urlaubcornwall.de\/blog\/wp-json\/wp\/v2\/pages"}],"about":[{"href":"https:\/\/www.urlaubcornwall.de\/blog\/wp-json\/wp\/v2\/types\/page"}],"author":[{"embeddable":true,"href":"https:\/\/www.urlaubcornwall.de\/blog\/wp-json\/wp\/v2\/users\/1"}],"replies":[{"embeddable":true,"href":"https:\/\/www.urlaubcornwall.de\/blog\/wp-json\/wp\/v2\/comments?post=31345"}],"version-history":[{"count":6,"href":"https:\/\/www.urlaubcornwall.de\/blog\/wp-json\/wp\/v2\/pages\/31345\/revisions"}],"predecessor-version":[{"id":42126,"href":"https:\/\/www.urlaubcornwall.de\/blog\/wp-json\/wp\/v2\/pages\/31345\/revisions\/42126"}],"wp:attachment":[{"href":"https:\/\/www.urlaubcornwall.de\/blog\/wp-json\/wp\/v2\/media?parent=31345"}],"curies":[{"name":"wp","href":"https:\/\/api.w.org\/{rel}","templated":true}]}}