{"id":31327,"date":"2017-12-17T14:01:17","date_gmt":"2017-12-17T14:01:17","guid":{"rendered":"https:\/\/www.urlaubcornwall.de\/blog\/?page_id=31327"},"modified":"2019-04-08T14:54:06","modified_gmt":"2019-04-08T14:54:06","slug":"luxus-ferienhaeuser-meer-cornwall-die-schoensten-doerfer-und-kuestenstaedte","status":"publish","type":"page","link":"https:\/\/www.urlaubcornwall.de\/blog\/luxus-ferienhaeuser-meer-cornwall-die-schoensten-doerfer-und-kuestenstaedte\/","title":{"rendered":"Luxus Ferienh\u00e4user am Meer Cornwall &#8211; die Sch\u00f6nsten D\u00f6rfer und K\u00fcstenst\u00e4dte"},"content":{"rendered":"<p><img loading=\"lazy\" class=\"aligncenter size-full wp-image-29073\" src=\"https:\/\/www.urlaubcornwall.de\/blog\/wp-content\/uploads\/2017\/09\/ferienhaus-cornwall-mit-blick.jpg\" alt=\"ferienhaus cornwall am meer dorf\" width=\"745\" height=\"376\" srcset=\"https:\/\/www.urlaubcornwall.de\/blog\/wp-content\/uploads\/2017\/09\/ferienhaus-cornwall-mit-blick.jpg 745w, https:\/\/www.urlaubcornwall.de\/blog\/wp-content\/uploads\/2017\/09\/ferienhaus-cornwall-mit-blick-300x151.jpg 300w\" sizes=\"(max-width: 745px) 100vw, 745px\" \/><\/p>\n<p><strong>Bei uns finden Sie Ferienh\u00e4user zum Verlieben &#8211; so einfach ist das!<\/strong><\/p>\n<p>W\u00e4hlen Sie aus \u00fcber 700 pers\u00f6nlich inspizierten Ferienh\u00e4usern, Cottages &amp; Ferienwohnungen in Cornwall und S\u00fcdwestengland.<\/p>\n<p>Beginnen Sie Ihre eigene Familienliebesgeschichte mit der Grafschaft in einem unserer Ferienh\u00e4user am Meer in Cornwall. Familienfreundliche Abenteuer beginnen an einem der vielen herrlichen Sandstr\u00e4nde der Gegend; versuchen Sie es doch mit Perranporth, Carbis Bay oder Sennen Cove. Ziehen Sie hinaus auf die wilde und windgebeutelte Lizard Halbinsel und zum Lands End; respektive die s\u00fcdlichsten und westlichsten Zipfel des Landes. Falls Sie nach etwas Erholung und Entspannung suchen, chillen Sie doch mit einem Glas gef\u00fcllt mit etwas K\u00fchlem in einer Bar mit Meeresblick im schicken Rock oder beliebten Newquay.<\/p>\n<p style=\"text-align: center;\"><a class=\"tidycta\" href=\"https:\/\/www.urlaubcornwall.de\/ferienhaeuser\/cornwall.php \">Suche Cornwall am Meer<\/a><\/p>\n<section class=\"fancy-list\">\n<div class=\"container\">\n<div>\n<h2>N\u00fctzliche Links<\/h2>\n<\/div>\n<div class=\"one-third\">\n<ul class=\"box-links\">\n<li class=\"title\">Cornwall<\/li>\n<li><a href=\"http:\/\/www.urlaubcornwall.de\/ferienhaeuser-fewos\/st-ives-umgebung.html\">St Ives<\/a><\/li>\n<li><a href=\"http:\/\/www.urlaubcornwall.de\/ferienhaeuser-fewos\/falmouth-umgebung.html\">Falmouth<\/a><\/li>\n<li><a href=\"http:\/\/www.urlaubcornwall.de\/ferienhaeuser-fewos\/penzance.html\">Penzance<\/a><\/li>\n<li><a href=\"http:\/\/www.urlaubcornwall.de\/ferienhaeuser-fewos\/newquay.html\">Newquay<\/a><\/li>\n<li><a href=\"http:\/\/www.urlaubcornwall.de\/ferienhaeuser-fewos\/lands-end.html\">Lands End<\/a><\/li>\n<\/ul>\n<ul class=\"box-links\">\n<li class=\"title\">Devon<\/li>\n<li><a href=\"http:\/\/www.urlaubcornwall.de\/ferienhaeuser-fewos\/plymouth.html\">Plymouth<\/a><\/li>\n<li><a href=\"http:\/\/www.urlaubcornwall.de\/ferienhaeuser-fewos\/torquay.html\">Torquay<\/a><\/li>\n<li><a href=\"http:\/\/www.urlaubcornwall.de\/ferienhaeuser-fewos\/clovelly.html\">Clovelly<\/a><\/li>\n<li><a href=\"http:\/\/www.urlaubcornwall.de\/ferienhaeuser-fewos\/exeter.html\">Exeter<\/a><\/li>\n<\/ul>\n<\/div>\n<div class=\"one-third\">\n<ul class=\"box-links\">\n<li class=\"title\">Inspiration<\/li>\n<li><a href=\"https:\/\/www.urlaubcornwall.de\/blog\/ferienhaeuser-naehe-der-besten-straende-an-cornwalls-kueste\/\">Am Strand<\/a><\/li>\n<li><a href=\"https:\/\/www.urlaubcornwall.de\/blog\/wunderschoene-ferienhaeuser-in-der-naehe-gaerten-und-attraktionen-cornwalls\/\">Am Sehensw\u00fcrdigkeiten<\/a><\/li>\n<li><a href=\"http:\/\/www.urlaubcornwall.de\/ferienhaeuser-fewos\/reetdachhaus-suedwest-england.html\">Reetgedeckte Ferienh\u00e4user<\/a><\/li>\n<li><a href=\"http:\/\/www.urlaubcornwall.de\/ferienhaeuser-fewos\/camping-suedwest-england.html\">Luxus Campingpl\u00e4tze<\/a><\/li>\n<li><a href=\"http:\/\/www.urlaubcornwall.de\/ferienhaeuser-fewos\/umweltfreundliche-ferienhaeuser.html\">Umweltfreundliche<\/a><\/li>\n<\/ul>\n<ul class=\"box-links\">\n<li class=\"title\">Sonderangebote<\/li>\n<li><a href=\"http:\/\/www.urlaubcornwall.de\/ferienhaeuser-fewos\/sonderangebote-cornwall.html\">Cornwall<\/a><\/li>\n<li><a href=\"http:\/\/www.urlaubcornwall.de\/ferienhaeuser-fewos\/sonderangebote-devon.html\">Devon<\/a><\/li>\n<li><a href=\"http:\/\/www.urlaubcornwall.de\/ferienhaeuser-fewos\/sonderangebote-dorset.html\">Dorset<\/a><\/li>\n<li><a href=\"http:\/\/www.urlaubcornwall.de\/ferienhaeuser-fewos\/sonderangebote-somerset.html\">Somerset<\/a><\/li>\n<\/ul>\n<\/div>\n<div class=\"one-third\">\n<ul class=\"box-links\">\n<li class=\"title\">F\u00fcr Gruppen<\/li>\n<li><a href=\"http:\/\/www.urlaubcornwall.de\/ferienhaeuser-fewos\/cornwall-fuer-8-personen.html\">Ferienh\u00e4user f\u00fcr 8<\/a><\/li>\n<li><a href=\"http:\/\/www.urlaubcornwall.de\/ferienhaeuser-fewos\/cornwall-fuer-10-personen.html\">Ferienh\u00e4user f\u00fcr 10<\/a><\/li>\n<li><a href=\"http:\/\/www.urlaubcornwall.de\/ferienhaeuser-fewos\/cornwall-fuer-12-personen.html\">Ferienh\u00e4user f\u00fcr 12<\/a><\/li>\n<li><a href=\"http:\/\/www.urlaubcornwall.de\/ferienhaeuser-fewos\/cornwall-fuer-14-personen.html\">Ferienh\u00e4user f\u00fcr 14<\/a><\/li>\n<\/ul>\n<ul class=\"box-links\">\n<li class=\"title\">Bauernh\u00e4user<\/li>\n<li><a href=\"http:\/\/www.urlaubcornwall.de\/ferienhaeuser-fewos\/bauernhaus-cornwall.html\">Bauernh\u00e4user Cornwall<\/a><\/li>\n<li><a href=\"http:\/\/www.urlaubcornwall.de\/ferienhaeuser-fewos\/bauernhaus-devon.html\">Bauernh\u00e4user Devon<\/a><\/li>\n<li><a href=\"http:\/\/www.urlaubcornwall.de\/ferienhaeuser-fewos\/bauernhaus-dorset.html\">Bauernh\u00e4user Dorset<\/a><\/li>\n<li><a href=\"http:\/\/www.urlaubcornwall.de\/ferienhaeuser-fewos\/bauernhaus-somerset.html\">Bauernh\u00e4user Somerset<\/a><\/li>\n<\/ul>\n<\/div>\n<\/div>\n<\/section>\n","protected":false},"excerpt":{"rendered":"<p>Bei uns finden Sie Ferienh\u00e4user zum Verlieben &#8211; so einfach ist das! W\u00e4hlen Sie aus \u00fcber 700 pers\u00f6nlich inspizierten Ferienh\u00e4usern, Cottages &amp; Ferienwohnungen in Cornwall und S\u00fcdwestengland. Beginnen Sie Ihre eigene Familienliebesgeschichte mit der Grafschaft in einem unserer Ferienh\u00e4user am Meer in Cornwall. Familienfreundliche Abenteuer beginnen an einem der vielen herrlichen Sandstr\u00e4nde der Gegend; versuchen [&hellip;]<\/p>\n","protected":false},"author":1,"featured_media":0,"parent":0,"menu_order":0,"comment_status":"closed","ping_status":"closed","template":"single-four.php","meta":[],"acf":[],"yoast_head":"<!-- This site is optimized with the Yoast SEO plugin v19.4 - https:\/\/yoast.com\/wordpress\/plugins\/seo\/ -->\n<title>Luxus Ferienh\u00e4user am Meer Cornwall - die Sch\u00f6nsten D\u00f6rfer und K\u00fcstenst\u00e4dte - Urlaub &amp; Reisen<\/title>\n<meta name=\"robots\" content=\"index, follow, max-snippet:-1, max-image-preview:large, max-video-preview:-1\" \/>\n<link rel=\"canonical\" href=\"https:\/\/www.urlaubcornwall.de\/blog\/luxus-ferienhaeuser-meer-cornwall-die-schoensten-doerfer-und-kuestenstaedte\/\" \/>\n<meta property=\"og:locale\" content=\"en_US\" \/>\n<meta property=\"og:type\" content=\"article\" \/>\n<meta property=\"og:title\" content=\"Luxus Ferienh\u00e4user am Meer Cornwall - die Sch\u00f6nsten D\u00f6rfer und K\u00fcstenst\u00e4dte - Urlaub &amp; Reisen\" \/>\n<meta property=\"og:description\" content=\"Bei uns finden Sie Ferienh\u00e4user zum Verlieben &#8211; so einfach ist das! W\u00e4hlen Sie aus \u00fcber 700 pers\u00f6nlich inspizierten Ferienh\u00e4usern, Cottages &amp; Ferienwohnungen in Cornwall und S\u00fcdwestengland. Beginnen Sie Ihre eigene Familienliebesgeschichte mit der Grafschaft in einem unserer Ferienh\u00e4user am Meer in Cornwall. Familienfreundliche Abenteuer beginnen an einem der vielen herrlichen Sandstr\u00e4nde der Gegend; versuchen [&hellip;]\" \/>\n<meta property=\"og:url\" content=\"https:\/\/www.urlaubcornwall.de\/blog\/luxus-ferienhaeuser-meer-cornwall-die-schoensten-doerfer-und-kuestenstaedte\/\" \/>\n<meta property=\"og:site_name\" content=\"Urlaub &amp; Reisen\" \/>\n<meta property=\"article:modified_time\" content=\"2019-04-08T14:54:06+00:00\" \/>\n<meta property=\"og:image\" content=\"https:\/\/www.urlaubcornwall.de\/blog\/wp-content\/uploads\/2017\/09\/ferienhaus-cornwall-mit-blick.jpg\" \/>\n<meta name=\"twitter:card\" content=\"summary\" \/>\n<meta name=\"twitter:label1\" content=\"Est. reading time\" \/>\n\t<meta name=\"twitter:data1\" content=\"1 minute\" \/>\n<script type=\"application\/ld+json\" class=\"yoast-schema-graph\">{\"@context\":\"https:\/\/schema.org\",\"@graph\":[{\"@type\":\"WebSite\",\"@id\":\"https:\/\/www.urlaubcornwall.de\/blog\/#website\",\"url\":\"https:\/\/www.urlaubcornwall.de\/blog\/\",\"name\":\"Urlaub &amp; Reisen\",\"description\":\"Urlaub, Reisen, Cornwall und S\u00fcdengland: eine perfekte Kombination\",\"potentialAction\":[{\"@type\":\"SearchAction\",\"target\":{\"@type\":\"EntryPoint\",\"urlTemplate\":\"https:\/\/www.urlaubcornwall.de\/blog\/?s={search_term_string}\"},\"query-input\":\"required name=search_term_string\"}],\"inLanguage\":\"en-US\"},{\"@type\":\"WebPage\",\"@id\":\"https:\/\/www.urlaubcornwall.de\/blog\/luxus-ferienhaeuser-meer-cornwall-die-schoensten-doerfer-und-kuestenstaedte\/\",\"url\":\"https:\/\/www.urlaubcornwall.de\/blog\/luxus-ferienhaeuser-meer-cornwall-die-schoensten-doerfer-und-kuestenstaedte\/\",\"name\":\"Luxus Ferienh\u00e4user am Meer Cornwall - die Sch\u00f6nsten D\u00f6rfer und K\u00fcstenst\u00e4dte - Urlaub &amp; Reisen\",\"isPartOf\":{\"@id\":\"https:\/\/www.urlaubcornwall.de\/blog\/#website\"},\"datePublished\":\"2017-12-17T14:01:17+00:00\",\"dateModified\":\"2019-04-08T14:54:06+00:00\",\"breadcrumb\":{\"@id\":\"https:\/\/www.urlaubcornwall.de\/blog\/luxus-ferienhaeuser-meer-cornwall-die-schoensten-doerfer-und-kuestenstaedte\/#breadcrumb\"},\"inLanguage\":\"en-US\",\"potentialAction\":[{\"@type\":\"ReadAction\",\"target\":[\"https:\/\/www.urlaubcornwall.de\/blog\/luxus-ferienhaeuser-meer-cornwall-die-schoensten-doerfer-und-kuestenstaedte\/\"]}]},{\"@type\":\"BreadcrumbList\",\"@id\":\"https:\/\/www.urlaubcornwall.de\/blog\/luxus-ferienhaeuser-meer-cornwall-die-schoensten-doerfer-und-kuestenstaedte\/#breadcrumb\",\"itemListElement\":[{\"@type\":\"ListItem\",\"position\":1,\"name\":\"Home\",\"item\":\"https:\/\/www.urlaubcornwall.de\/blog\/\"},{\"@type\":\"ListItem\",\"position\":2,\"name\":\"Luxus Ferienh\u00e4user am Meer Cornwall &#8211; die Sch\u00f6nsten D\u00f6rfer und K\u00fcstenst\u00e4dte\"}]}]}<\/script>\n<!-- \/ Yoast SEO plugin. -->","yoast_head_json":{"title":"Luxus Ferienh\u00e4user am Meer Cornwall - die Sch\u00f6nsten D\u00f6rfer und K\u00fcstenst\u00e4dte - Urlaub &amp; Reisen","robots":{"index":"index","follow":"follow","max-snippet":"max-snippet:-1","max-image-preview":"max-image-preview:large","max-video-preview":"max-video-preview:-1"},"canonical":"https:\/\/www.urlaubcornwall.de\/blog\/luxus-ferienhaeuser-meer-cornwall-die-schoensten-doerfer-und-kuestenstaedte\/","og_locale":"en_US","og_type":"article","og_title":"Luxus Ferienh\u00e4user am Meer Cornwall - die Sch\u00f6nsten D\u00f6rfer und K\u00fcstenst\u00e4dte - Urlaub &amp; Reisen","og_description":"Bei uns finden Sie Ferienh\u00e4user zum Verlieben &#8211; so einfach ist das! W\u00e4hlen Sie aus \u00fcber 700 pers\u00f6nlich inspizierten Ferienh\u00e4usern, Cottages &amp; Ferienwohnungen in Cornwall und S\u00fcdwestengland. Beginnen Sie Ihre eigene Familienliebesgeschichte mit der Grafschaft in einem unserer Ferienh\u00e4user am Meer in Cornwall. Familienfreundliche Abenteuer beginnen an einem der vielen herrlichen Sandstr\u00e4nde der Gegend; versuchen [&hellip;]","og_url":"https:\/\/www.urlaubcornwall.de\/blog\/luxus-ferienhaeuser-meer-cornwall-die-schoensten-doerfer-und-kuestenstaedte\/","og_site_name":"Urlaub &amp; Reisen","article_modified_time":"2019-04-08T14:54:06+00:00","og_image":[{"url":"https:\/\/www.urlaubcornwall.de\/blog\/wp-content\/uploads\/2017\/09\/ferienhaus-cornwall-mit-blick.jpg"}],"twitter_card":"summary","twitter_misc":{"Est. reading time":"1 minute"},"schema":{"@context":"https:\/\/schema.org","@graph":[{"@type":"WebSite","@id":"https:\/\/www.urlaubcornwall.de\/blog\/#website","url":"https:\/\/www.urlaubcornwall.de\/blog\/","name":"Urlaub &amp; Reisen","description":"Urlaub, Reisen, Cornwall und S\u00fcdengland: eine perfekte Kombination","potentialAction":[{"@type":"SearchAction","target":{"@type":"EntryPoint","urlTemplate":"https:\/\/www.urlaubcornwall.de\/blog\/?s={search_term_string}"},"query-input":"required name=search_term_string"}],"inLanguage":"en-US"},{"@type":"WebPage","@id":"https:\/\/www.urlaubcornwall.de\/blog\/luxus-ferienhaeuser-meer-cornwall-die-schoensten-doerfer-und-kuestenstaedte\/","url":"https:\/\/www.urlaubcornwall.de\/blog\/luxus-ferienhaeuser-meer-cornwall-die-schoensten-doerfer-und-kuestenstaedte\/","name":"Luxus Ferienh\u00e4user am Meer Cornwall - die Sch\u00f6nsten D\u00f6rfer und K\u00fcstenst\u00e4dte - Urlaub &amp; Reisen","isPartOf":{"@id":"https:\/\/www.urlaubcornwall.de\/blog\/#website"},"datePublished":"2017-12-17T14:01:17+00:00","dateModified":"2019-04-08T14:54:06+00:00","breadcrumb":{"@id":"https:\/\/www.urlaubcornwall.de\/blog\/luxus-ferienhaeuser-meer-cornwall-die-schoensten-doerfer-und-kuestenstaedte\/#breadcrumb"},"inLanguage":"en-US","potentialAction":[{"@type":"ReadAction","target":["https:\/\/www.urlaubcornwall.de\/blog\/luxus-ferienhaeuser-meer-cornwall-die-schoensten-doerfer-und-kuestenstaedte\/"]}]},{"@type":"BreadcrumbList","@id":"https:\/\/www.urlaubcornwall.de\/blog\/luxus-ferienhaeuser-meer-cornwall-die-schoensten-doerfer-und-kuestenstaedte\/#breadcrumb","itemListElement":[{"@type":"ListItem","position":1,"name":"Home","item":"https:\/\/www.urlaubcornwall.de\/blog\/"},{"@type":"ListItem","position":2,"name":"Luxus Ferienh\u00e4user am Meer Cornwall &#8211; die Sch\u00f6nsten D\u00f6rfer und K\u00fcstenst\u00e4dte"}]}]}},"_links":{"self":[{"href":"https:\/\/www.urlaubcornwall.de\/blog\/wp-json\/wp\/v2\/pages\/31327"}],"collection":[{"href":"https:\/\/www.urlaubcornwall.de\/blog\/wp-json\/wp\/v2\/pages"}],"about":[{"href":"https:\/\/www.urlaubcornwall.de\/blog\/wp-json\/wp\/v2\/types\/page"}],"author":[{"embeddable":true,"href":"https:\/\/www.urlaubcornwall.de\/blog\/wp-json\/wp\/v2\/users\/1"}],"replies":[{"embeddable":true,"href":"https:\/\/www.urlaubcornwall.de\/blog\/wp-json\/wp\/v2\/comments?post=31327"}],"version-history":[{"count":6,"href":"https:\/\/www.urlaubcornwall.de\/blog\/wp-json\/wp\/v2\/pages\/31327\/revisions"}],"predecessor-version":[{"id":37511,"href":"https:\/\/www.urlaubcornwall.de\/blog\/wp-json\/wp\/v2\/pages\/31327\/revisions\/37511"}],"wp:attachment":[{"href":"https:\/\/www.urlaubcornwall.de\/blog\/wp-json\/wp\/v2\/media?parent=31327"}],"curies":[{"name":"wp","href":"https:\/\/api.w.org\/{rel}","templated":true}]}}