{"id":31319,"date":"2017-12-17T11:37:09","date_gmt":"2017-12-17T11:37:09","guid":{"rendered":"https:\/\/www.urlaubcornwall.de\/blog\/?page_id=31319"},"modified":"2024-05-30T12:36:56","modified_gmt":"2024-05-30T12:36:56","slug":"die-schoensten-hotels-england-doerfer-und-kuestenstaedte-englands","status":"publish","type":"page","link":"https:\/\/www.urlaubcornwall.de\/blog\/die-schoensten-hotels-england-doerfer-und-kuestenstaedte-englands\/","title":{"rendered":"Die sch\u00f6nsten Hotels in England &#8211; D\u00f6rfer und K\u00fcstenst\u00e4dte Englands"},"content":{"rendered":"<p style=\"text-align: left;\">In Hotels in England zu wohnen, ist eine beliebte M\u00f6glichkeit, London, die St\u00e4dte, D\u00f6rfer, Landschaft und <a href=\"https:\/\/www.urlaubcornwall.de\/reiseziel\/suedkueste-england.php\">K\u00fcste Englands<\/a> zu erkunden. Es kann zu einer Herausforderung werden, die besten Hotels zu finden unter der riesigen Auswahl an 3-, 4-Sterne-Hotels, Luxushotels und familienfreundlichen Hotels.<\/p>\n<h1 style=\"text-align: left;\"><span style=\"text-decoration: underline;\"><a href=\"https:\/\/www.urlaubcornwall.de\/blog\/die-besten-landhaushotels-suedengland-unsere-persoenliche-auswahl\/\"><strong>Die besten Landhaus Hotels in S\u00fcdengland \u2013 unsere pers\u00f6nliche Auswahl<\/strong><\/a><\/span><\/h1>\n<p style=\"text-align: left;\"><a href=\"https:\/\/www.urlaubcornwall.de\/blog\/urlaub-oder-rundreisen-in-london-und-suedengland-hotels-bbs\/\">London <\/a>ist Englands Hauptreiseziel mit einer riesigen Vielfalt an Attraktionen, einschlie\u00dflich des Buckingham Palastes, Westminster Abbey, Big Ben und den gesch\u00e4ftigen Einkaufgebieten Covent Garden und Regents Street. Es wird Ihnen nicht schwerfallen, Sehensw\u00fcrdigkeiten zu finden, dabei etwas f\u00fcr jede Altersstufe und Interessenslage. Wenn Sie durch <a href=\"https:\/\/www.urlaubcornwall.de\/blog\/rundreise-durch-cornwall-and-suedenengland-2013\/\">S\u00fcdengland und S\u00fcdwest-England <\/a>reisen und die K\u00fcstenst\u00e4dte Kent und Sussex besuchen, den historischen New Forest, weiter durch Dorset, Devon, bis hin zu den malerischen Sandstr\u00e4nden und Klippen Cornwalls, so haben wir eine hervorragende Auswahl an Hotels f\u00fcr jeden Geldbeutel und Geschmack&#8230;.<a href=\"https:\/\/www.urlaubcornwall.de\/blog\/die-besten-landhaushotels-suedengland-unsere-persoenliche-auswahl\/\">[ Mehr ]<\/a><\/p>\n<h1 style=\"text-align: left;\"><span style=\"text-decoration: underline;\"><a href=\"https:\/\/www.urlaubcornwall.de\/hotels.php\"><strong>Unsere Hotels in Cornwall f\u00fcr Ihren Traumurlaub<\/strong><\/a><\/span><\/h1>\n<p><a href=\"https:\/\/www.urlaubcornwall.de\/blog\/wp-content\/uploads\/2015\/11\/hotel-St-Ives.jpg\"><img loading=\"lazy\" class=\"size-full wp-image-21802 aligncenter\" src=\"https:\/\/www.urlaubcornwall.de\/blog\/wp-content\/uploads\/2015\/11\/hotel-St-Ives.jpg\" alt=\"hotels in Cornwall St Ives\" width=\"745\" height=\"349\" srcset=\"https:\/\/www.urlaubcornwall.de\/blog\/wp-content\/uploads\/2015\/11\/hotel-St-Ives.jpg 745w, https:\/\/www.urlaubcornwall.de\/blog\/wp-content\/uploads\/2015\/11\/hotel-St-Ives-300x141.jpg 300w\" sizes=\"(max-width: 745px) 100vw, 745px\" \/><\/a><\/p>\n<p style=\"text-align: left;\">Cornwall ist S\u00fcdendlands malerischste Region und hier bei UrlaubCornwall (nat\u00fcrlich sind wir in Cornwall ans\u00e4ssig) m\u00f6chten wir Ihnen eine handverlesene Auswahl der besten Hotels vorstellen, die Cornwall f\u00fcr Ihren Urlaub zu bieten hat. Wir besuchen alle Hotels pers\u00f6nlich und zeigen Ihnen nur die Hotels mit der besten Qualit\u00e4t und dem besten Preis-Leistungs-Verh\u00e4ltnis&#8230;.<a href=\"https:\/\/www.urlaubcornwall.de\/hotels.php\">[ Mehr ]<\/a><\/p>\n<h1 style=\"text-align: left;\"><span style=\"text-decoration: underline;\"><a href=\"https:\/\/www.urlaubcornwall.de\/blog\/wunderschoenen-englischen-schlosshotel\/\"><strong>Verbringen Sie Ihren Urlaub in einem englischen Schloss \u2013 unsere Top 6<\/strong><\/a><\/span><\/h1>\n<p><img loading=\"lazy\" class=\"aligncenter size-full wp-image-24625\" src=\"https:\/\/www.urlaubcornwall.de\/blog\/wp-content\/uploads\/2016\/06\/hever-schloss-kent.jpg\" alt=\"hever schlosshotel kent\" width=\"745\" height=\"402\" srcset=\"https:\/\/www.urlaubcornwall.de\/blog\/wp-content\/uploads\/2016\/06\/hever-schloss-kent.jpg 745w, https:\/\/www.urlaubcornwall.de\/blog\/wp-content\/uploads\/2016\/06\/hever-schloss-kent-300x162.jpg 300w\" sizes=\"(max-width: 745px) 100vw, 745px\" \/><br \/>\nF\u00fcr Paare, die romantische Hotels oder stilvolle moderne Boutique Hotels suchen, werden wir etwas wahrhaft Besonderes finden, das dazu beitragen wird, Ihren Urlaub unvergesslich werden zu lassen. Die <a href=\"https:\/\/www.urlaubcornwall.de\/blog\/urlaub-reisen-von-den-cotswolds-und-dem-land-shakespeares\/\">Cotswolds<\/a> und <a href=\"https:\/\/www.urlaubcornwall.de\/blog\/urlaub-in-east-anglia-ostanglien-eine-abgeschiedene-ecke-englands\/\">East Anglia<\/a> vermitteln einen Eindruck des alten Englands mit traditionellen reetgedeckten H\u00e4usern und Gr\u00fcnanlagen. Stratford-upon-Avon, das Zuhause von William Shakespeare, zieht Menschen aus aller Welt an&#8230;.<a href=\"https:\/\/www.urlaubcornwall.de\/blog\/urlaub-reisen-von-den-cotswolds-und-dem-land-shakespeares\/\">[ Mehr ]<\/a><\/p>\n<h1 style=\"text-align: left;\"><span style=\"text-decoration: underline;\"><a href=\"https:\/\/www.urlaubcornwall.de\/blog\/handverlesene-hotels-in-den-cotswolds\/\"><strong>Die sch\u00f6nsten Hotels in den Cotswolds &#8211; unsere Top 4<\/strong><\/a><\/span><\/h1>\n<p style=\"text-align: left;\">Der Norden Englands hat zahlreiche H\u00f6hepunkte, wie York mit seiner mittelalterlichen Stadtmauer und historischen Geb\u00e4uden. Manchester und Liverpool haben sich w\u00e4hrend der letzten Jahre einer Erneuerung unterzogen und bieten dem Touristen viele leicht erreichbare Highlights&#8230;.<a href=\"https:\/\/www.urlaubcornwall.de\/blog\/handverlesene-hotels-in-den-cotswolds\/\">[ Mehr ]<\/a><\/p>\n<h2 style=\"text-align: center;\">N\u00fctzliche Links<\/h2>\n<section class=\"fancy-list bigger\">\n<div class=\"container\">\n<div class=\"one-third\">\n<p style=\"text-align: center;\"><strong>Beliebte Grafschaften<\/strong><\/p>\n<ul class=\"box-links\" style=\"text-align: center;\">\n<li><a href=\"https:\/\/www.urlaubcornwall.de\/hotels.php\">Cornwall<\/a><\/li>\n<li><a href=\"https:\/\/www.urlaubcornwall.de\/hotels\/devon.php\">Devon<\/a><\/li>\n<li><a href=\"https:\/\/www.urlaubcornwall.de\/hotels\/dorset.php\">Dorset<\/a><\/li>\n<li><a href=\"https:\/\/www.urlaubcornwall.de\/hotels\/new-forest-hampshire.php\">Hampshire<\/a><\/li>\n<li><a href=\"https:\/\/www.urlaubcornwall.de\/hotels\/kent.php\">Kent<\/a><\/li>\n<li><a href=\"https:\/\/www.urlaubcornwall.de\/hotels\/sussex.php\">Sussex<\/a><\/li>\n<\/ul>\n<\/div>\n<div class=\"one-third\" style=\"text-align: center;\">\n<p><strong>K\u00fcstenst\u00e4dte<\/strong><\/p>\n<ul class=\"box-links\">\n<li><a href=\"https:\/\/www.urlaubcornwall.de\/blog\/bei-uns-finden-sie-hotels-brighton-meer-zum-verlieben-einfach-ist-das\/\">Brighton<\/a><\/li>\n<li><a href=\"https:\/\/www.urlaubcornwall.de\/blog\/besten-hotels-bournemouth-zum-verlieben-einfach-ist-das\/\">Bournemouth<\/a><\/li>\n<li><a href=\"https:\/\/www.urlaubcornwall.de\/blog\/bei-uns-finden-sie-hotels-eastbourne-meer-zum-verlieben-einfach-ist-das\/\">Eastbourne<\/a><\/li>\n<li><a href=\"https:\/\/www.urlaubcornwall.de\/blog\/hotel-bristol-ein-charmantes-traditionelles-hotel-direkt-am-strand-von-newquay\/\">Newquay<\/a><\/li>\n<li><a href=\"https:\/\/www.urlaubcornwall.de\/blog\/die-schoensten-hotels-st-ives-fuer-ihren-urlaub-cornwall\/\">St Ives<\/a><\/li>\n<li><a href=\"https:\/\/www.urlaubcornwall.de\/blog\/die-schoensten-hotels-englische-riviera-fuer-ihren-urlaub-suedengland\/\">Torquay<\/a><\/li>\n<\/ul>\n<\/div>\n<div class=\"one-third\" style=\"text-align: center;\">\n<p><strong>Beliebte St\u00e4dte<\/strong><\/p>\n<ul class=\"box-links\">\n<li><a href=\"https:\/\/www.urlaubcornwall.de\/blog\/bei-uns-finden-sie-besten-hotels-bath\/\">Bath<\/a><\/li>\n<li><a href=\"https:\/\/www.urlaubcornwall.de\/blog\/bei-uns-finden-sie-besten-hotels-bristol-einfach-ist-das\/\">Bristol<\/a><\/li>\n<li><a href=\"https:\/\/www.urlaubcornwall.de\/blog\/bei-uns-finden-sie-besten-hotels-oxford-einfach-ist-das\/\">Oxford<\/a><\/li>\n<li><a href=\"https:\/\/www.booking.com\/city\/gb\/london.html?aid=1320750&amp;no_rooms=1&amp;group_adults=2&amp;room1=A%2CA\" rel=\"nofollow\">London<\/a><\/li>\n<li><a href=\"https:\/\/www.urlaubcornwall.de\/blog\/schoensten-hotels-salisbury-zum-verlieben-einfach-ist-das\/\">Salisbury<\/a><\/li>\n<li><a href=\"https:\/\/www.urlaubcornwall.de\/blog\/bei-uns-finden-sie-hotels-winchester-zum-verlieben-einfach-ist-das\/\">Winchester<\/a><\/li>\n<\/ul>\n<\/div>\n<\/div>\n<\/section>\n<p><ins class=\"bookingaff\" data-aid=\"1702083\" data-target_aid=\"1702083\" data-prod=\"map\" data-width=\"100%\" data-height=\"590\" data-lang=\"ualng\" data-dest_id=\"0\" data-dest_type=\"landmark\" data-latitude=\"51.5073509\" data-longitude=\"-0.1277583\" data-mwhsb=\"0\" data-address=\"London, UK\"><br \/>\n    <!-- Anything inside will go away once widget is loaded. --><br \/>\n        <a href=\"\/\/www.booking.com?aid=1702083\"rel=\"nofollow\">Booking.com<\/a><br \/>\n<\/ins><br \/>\n<script type=\"text\/javascript\">\n    (function(d, sc, u) {\n      var s = d.createElement(sc), p = d.getElementsByTagName(sc)[0];\n      s.type = 'text\/javascript';\n      s.async = true;\n      s.src = u + '?v=' + (+new Date());\n      p.parentNode.insertBefore(s,p);\n      })(document, 'script', '\/\/aff.bstatic.com\/static\/affiliate_base\/js\/flexiproduct.js');\n<\/script><\/p>\n","protected":false},"excerpt":{"rendered":"<p>In Hotels in England zu wohnen, ist eine beliebte M\u00f6glichkeit, London, die St\u00e4dte, D\u00f6rfer, Landschaft und K\u00fcste Englands zu erkunden. Es kann zu einer Herausforderung werden, die besten Hotels zu finden unter der riesigen Auswahl an 3-, 4-Sterne-Hotels, Luxushotels und familienfreundlichen Hotels. Die besten Landhaus Hotels in S\u00fcdengland \u2013 unsere pers\u00f6nliche Auswahl London ist Englands [&hellip;]<\/p>\n","protected":false},"author":1,"featured_media":0,"parent":0,"menu_order":0,"comment_status":"closed","ping_status":"closed","template":"single-four.php","meta":[],"acf":[],"yoast_head":"<!-- This site is optimized with the Yoast SEO plugin v19.4 - https:\/\/yoast.com\/wordpress\/plugins\/seo\/ -->\n<title>Die sch\u00f6nsten Hotels in England - D\u00f6rfer und K\u00fcstenst\u00e4dte Englands - Urlaub &amp; Reisen<\/title>\n<meta name=\"robots\" content=\"index, follow, max-snippet:-1, max-image-preview:large, max-video-preview:-1\" \/>\n<link rel=\"canonical\" href=\"https:\/\/www.urlaubcornwall.de\/blog\/die-schoensten-hotels-england-doerfer-und-kuestenstaedte-englands\/\" \/>\n<meta property=\"og:locale\" content=\"en_US\" \/>\n<meta property=\"og:type\" content=\"article\" \/>\n<meta property=\"og:title\" content=\"Die sch\u00f6nsten Hotels in England - D\u00f6rfer und K\u00fcstenst\u00e4dte Englands - Urlaub &amp; Reisen\" \/>\n<meta property=\"og:description\" content=\"In Hotels in England zu wohnen, ist eine beliebte M\u00f6glichkeit, London, die St\u00e4dte, D\u00f6rfer, Landschaft und K\u00fcste Englands zu erkunden. Es kann zu einer Herausforderung werden, die besten Hotels zu finden unter der riesigen Auswahl an 3-, 4-Sterne-Hotels, Luxushotels und familienfreundlichen Hotels. Die besten Landhaus Hotels in S\u00fcdengland \u2013 unsere pers\u00f6nliche Auswahl London ist Englands [&hellip;]\" \/>\n<meta property=\"og:url\" content=\"https:\/\/www.urlaubcornwall.de\/blog\/die-schoensten-hotels-england-doerfer-und-kuestenstaedte-englands\/\" \/>\n<meta property=\"og:site_name\" content=\"Urlaub &amp; Reisen\" \/>\n<meta property=\"article:modified_time\" content=\"2024-05-30T12:36:56+00:00\" \/>\n<meta property=\"og:image\" content=\"https:\/\/www.urlaubcornwall.de\/blog\/wp-content\/uploads\/2015\/11\/hotel-St-Ives.jpg\" \/>\n<meta name=\"twitter:card\" content=\"summary\" \/>\n<meta name=\"twitter:label1\" content=\"Est. reading time\" \/>\n\t<meta name=\"twitter:data1\" content=\"3 minutes\" \/>\n<script type=\"application\/ld+json\" class=\"yoast-schema-graph\">{\"@context\":\"https:\/\/schema.org\",\"@graph\":[{\"@type\":\"WebSite\",\"@id\":\"https:\/\/www.urlaubcornwall.de\/blog\/#website\",\"url\":\"https:\/\/www.urlaubcornwall.de\/blog\/\",\"name\":\"Urlaub &amp; Reisen\",\"description\":\"Urlaub, Reisen, Cornwall und S\u00fcdengland: eine perfekte Kombination\",\"potentialAction\":[{\"@type\":\"SearchAction\",\"target\":{\"@type\":\"EntryPoint\",\"urlTemplate\":\"https:\/\/www.urlaubcornwall.de\/blog\/?s={search_term_string}\"},\"query-input\":\"required name=search_term_string\"}],\"inLanguage\":\"en-US\"},{\"@type\":\"WebPage\",\"@id\":\"https:\/\/www.urlaubcornwall.de\/blog\/die-schoensten-hotels-england-doerfer-und-kuestenstaedte-englands\/\",\"url\":\"https:\/\/www.urlaubcornwall.de\/blog\/die-schoensten-hotels-england-doerfer-und-kuestenstaedte-englands\/\",\"name\":\"Die sch\u00f6nsten Hotels in England - D\u00f6rfer und K\u00fcstenst\u00e4dte Englands - Urlaub &amp; Reisen\",\"isPartOf\":{\"@id\":\"https:\/\/www.urlaubcornwall.de\/blog\/#website\"},\"datePublished\":\"2017-12-17T11:37:09+00:00\",\"dateModified\":\"2024-05-30T12:36:56+00:00\",\"breadcrumb\":{\"@id\":\"https:\/\/www.urlaubcornwall.de\/blog\/die-schoensten-hotels-england-doerfer-und-kuestenstaedte-englands\/#breadcrumb\"},\"inLanguage\":\"en-US\",\"potentialAction\":[{\"@type\":\"ReadAction\",\"target\":[\"https:\/\/www.urlaubcornwall.de\/blog\/die-schoensten-hotels-england-doerfer-und-kuestenstaedte-englands\/\"]}]},{\"@type\":\"BreadcrumbList\",\"@id\":\"https:\/\/www.urlaubcornwall.de\/blog\/die-schoensten-hotels-england-doerfer-und-kuestenstaedte-englands\/#breadcrumb\",\"itemListElement\":[{\"@type\":\"ListItem\",\"position\":1,\"name\":\"Home\",\"item\":\"https:\/\/www.urlaubcornwall.de\/blog\/\"},{\"@type\":\"ListItem\",\"position\":2,\"name\":\"Die sch\u00f6nsten Hotels in England &#8211; D\u00f6rfer und K\u00fcstenst\u00e4dte Englands\"}]}]}<\/script>\n<!-- \/ Yoast SEO plugin. -->","yoast_head_json":{"title":"Die sch\u00f6nsten Hotels in England - D\u00f6rfer und K\u00fcstenst\u00e4dte Englands - Urlaub &amp; Reisen","robots":{"index":"index","follow":"follow","max-snippet":"max-snippet:-1","max-image-preview":"max-image-preview:large","max-video-preview":"max-video-preview:-1"},"canonical":"https:\/\/www.urlaubcornwall.de\/blog\/die-schoensten-hotels-england-doerfer-und-kuestenstaedte-englands\/","og_locale":"en_US","og_type":"article","og_title":"Die sch\u00f6nsten Hotels in England - D\u00f6rfer und K\u00fcstenst\u00e4dte Englands - Urlaub &amp; Reisen","og_description":"In Hotels in England zu wohnen, ist eine beliebte M\u00f6glichkeit, London, die St\u00e4dte, D\u00f6rfer, Landschaft und K\u00fcste Englands zu erkunden. Es kann zu einer Herausforderung werden, die besten Hotels zu finden unter der riesigen Auswahl an 3-, 4-Sterne-Hotels, Luxushotels und familienfreundlichen Hotels. Die besten Landhaus Hotels in S\u00fcdengland \u2013 unsere pers\u00f6nliche Auswahl London ist Englands [&hellip;]","og_url":"https:\/\/www.urlaubcornwall.de\/blog\/die-schoensten-hotels-england-doerfer-und-kuestenstaedte-englands\/","og_site_name":"Urlaub &amp; Reisen","article_modified_time":"2024-05-30T12:36:56+00:00","og_image":[{"url":"https:\/\/www.urlaubcornwall.de\/blog\/wp-content\/uploads\/2015\/11\/hotel-St-Ives.jpg"}],"twitter_card":"summary","twitter_misc":{"Est. reading time":"3 minutes"},"schema":{"@context":"https:\/\/schema.org","@graph":[{"@type":"WebSite","@id":"https:\/\/www.urlaubcornwall.de\/blog\/#website","url":"https:\/\/www.urlaubcornwall.de\/blog\/","name":"Urlaub &amp; Reisen","description":"Urlaub, Reisen, Cornwall und S\u00fcdengland: eine perfekte Kombination","potentialAction":[{"@type":"SearchAction","target":{"@type":"EntryPoint","urlTemplate":"https:\/\/www.urlaubcornwall.de\/blog\/?s={search_term_string}"},"query-input":"required name=search_term_string"}],"inLanguage":"en-US"},{"@type":"WebPage","@id":"https:\/\/www.urlaubcornwall.de\/blog\/die-schoensten-hotels-england-doerfer-und-kuestenstaedte-englands\/","url":"https:\/\/www.urlaubcornwall.de\/blog\/die-schoensten-hotels-england-doerfer-und-kuestenstaedte-englands\/","name":"Die sch\u00f6nsten Hotels in England - D\u00f6rfer und K\u00fcstenst\u00e4dte Englands - Urlaub &amp; Reisen","isPartOf":{"@id":"https:\/\/www.urlaubcornwall.de\/blog\/#website"},"datePublished":"2017-12-17T11:37:09+00:00","dateModified":"2024-05-30T12:36:56+00:00","breadcrumb":{"@id":"https:\/\/www.urlaubcornwall.de\/blog\/die-schoensten-hotels-england-doerfer-und-kuestenstaedte-englands\/#breadcrumb"},"inLanguage":"en-US","potentialAction":[{"@type":"ReadAction","target":["https:\/\/www.urlaubcornwall.de\/blog\/die-schoensten-hotels-england-doerfer-und-kuestenstaedte-englands\/"]}]},{"@type":"BreadcrumbList","@id":"https:\/\/www.urlaubcornwall.de\/blog\/die-schoensten-hotels-england-doerfer-und-kuestenstaedte-englands\/#breadcrumb","itemListElement":[{"@type":"ListItem","position":1,"name":"Home","item":"https:\/\/www.urlaubcornwall.de\/blog\/"},{"@type":"ListItem","position":2,"name":"Die sch\u00f6nsten Hotels in England &#8211; D\u00f6rfer und K\u00fcstenst\u00e4dte Englands"}]}]}},"_links":{"self":[{"href":"https:\/\/www.urlaubcornwall.de\/blog\/wp-json\/wp\/v2\/pages\/31319"}],"collection":[{"href":"https:\/\/www.urlaubcornwall.de\/blog\/wp-json\/wp\/v2\/pages"}],"about":[{"href":"https:\/\/www.urlaubcornwall.de\/blog\/wp-json\/wp\/v2\/types\/page"}],"author":[{"embeddable":true,"href":"https:\/\/www.urlaubcornwall.de\/blog\/wp-json\/wp\/v2\/users\/1"}],"replies":[{"embeddable":true,"href":"https:\/\/www.urlaubcornwall.de\/blog\/wp-json\/wp\/v2\/comments?post=31319"}],"version-history":[{"count":10,"href":"https:\/\/www.urlaubcornwall.de\/blog\/wp-json\/wp\/v2\/pages\/31319\/revisions"}],"predecessor-version":[{"id":51037,"href":"https:\/\/www.urlaubcornwall.de\/blog\/wp-json\/wp\/v2\/pages\/31319\/revisions\/51037"}],"wp:attachment":[{"href":"https:\/\/www.urlaubcornwall.de\/blog\/wp-json\/wp\/v2\/media?parent=31319"}],"curies":[{"name":"wp","href":"https:\/\/api.w.org\/{rel}","templated":true}]}}