{"id":31293,"date":"2017-12-16T15:32:13","date_gmt":"2017-12-16T15:32:13","guid":{"rendered":"https:\/\/www.urlaubcornwall.de\/blog\/?page_id=31293"},"modified":"2021-09-17T13:48:32","modified_gmt":"2021-09-17T13:48:32","slug":"ferienwohnung-meer-st-ives-cornwall-2448","status":"publish","type":"page","link":"https:\/\/www.urlaubcornwall.de\/blog\/ferienwohnung-meer-st-ives-cornwall-2448\/","title":{"rendered":"Ferienwohnung am Meer St Ives &#8211; 2448"},"content":{"rendered":"<p><img loading=\"lazy\" class=\"aligncenter size-full wp-image-31295\" src=\"https:\/\/www.urlaubcornwall.de\/blog\/wp-content\/uploads\/2017\/12\/Ferienwohnung-am-Meer-St-Ives.jpg\" alt=\"Ferienwohnung am Meer, St Ives\" width=\"749\" height=\"407\" srcset=\"https:\/\/www.urlaubcornwall.de\/blog\/wp-content\/uploads\/2017\/12\/Ferienwohnung-am-Meer-St-Ives.jpg 747w, https:\/\/www.urlaubcornwall.de\/blog\/wp-content\/uploads\/2017\/12\/Ferienwohnung-am-Meer-St-Ives-300x163.jpg 300w\" sizes=\"(max-width: 749px) 100vw, 749px\" \/><\/p>\n<p style=\"text-align: left;\"><strong>2 Schlafzimmer | Schlafplatz f\u00fcr 4 + Kinderbett | leider keine Haustiere erlaubt | Ferienwohnung mit Meerblick | 2.1 kilometern SO von St Ives | West-Cornwall.<\/strong><\/p>\n<p style=\"text-align: left;\"><span id=\"result_box\" class=\"\" lang=\"de\"><span class=\"\">Sehen Sie das Meer, wenn Sie diese stilvolle Wohnung im ersten Stock betreten, und schauen Sie durch das offene Wohnzimmer in die klare blaue Bucht.<\/span> <span class=\"\">Lassen Sie Ihre Koffer fallen und rennen Sie den H\u00fcgel hinunter zum Strand &#8211; Carbis Bay ist wundersch\u00f6n und Porthia Blue ist nur 250 Meter vom Strand und seinen Annehmlichkeiten entfernt, einschlie\u00dflich eines Hotels und Restaurants, so dass Sie Ihr Auto w\u00e4hrend Ihres Aufenthaltes nicht benutzen m\u00fcssen<\/span> Urlaub. <span class=\"\">M\u00f6bliert zu einem au\u00dfergew\u00f6hnlichen Standard, hat Porthia Blue Eichenb\u00f6den, eine hochmoderne K\u00fcche und zwei stilvolle Schlafzimmer, das Master-Bad und beide mit Balkon.<\/span> <span class=\"\">Setzen Sie sich auf den \u00fcberdachten Balkon, um einen atemberaubenden Blick auf das Meer zu genie\u00dfen &#8211; vielleicht sehen Sie sogar eine Robbe oder Delphine, die vorbeischwimmen!<\/span><\/span><\/p>\n<p style=\"text-align: center;\"><a class=\"tidycta\" href=\"https:\/\/www.urlaubcornwall.de\/ferienhaeuser-fewos\/st-ives.html\">Suche Ferienh\u00e4user St Ives<\/a><\/p>\n<div class=\"snippet\"> <a class=\"featured-item\" href=\"https:\/\/www.urlaubcornwall.de\/ferienhaeuser\/cornwall.php\"> <span class=\"image-holder\" style=\"background-image: url('https:\/\/www.urlaubcornwall.de\/blog\/wp-content\/uploads\/2018\/12\/familienurlaub-corwnall-snippet.jpg');\"><\/span> <span class=\"featured-content\"> \n<h2 class=\"featured-title\">Ferienh\u00e4user in Cornwall am Meer<\/h2>\n<p class=\"featured-body\">Cornwall besitzt mehr K\u00fcstenlinien als jede andere Grafschaft und bietet einige der besten Str\u00e4nde, K\u00fcstenwanderwege und Klippenlandschaften, die man \u00fcberhaupt finden kann&#8230; <\/p><\/span> <span class=\"featured-link-holder\"> <span class=\"featured-extra-info\"> \n<p>F\u00fcr Paare, Familien &#038; Gruppen<\/p>\n<\/span> \n<p class=\"featured-link\">DETAILS<\/p>\n<\/span> <\/a><\/div>\n","protected":false},"excerpt":{"rendered":"<p>2 Schlafzimmer | Schlafplatz f\u00fcr 4 + Kinderbett | leider keine Haustiere erlaubt | Ferienwohnung mit Meerblick | 2.1 kilometern SO von St Ives | West-Cornwall. Sehen Sie das Meer, wenn Sie diese stilvolle Wohnung im ersten Stock betreten, und schauen Sie durch das offene Wohnzimmer in die klare blaue Bucht. Lassen Sie Ihre Koffer [&hellip;]<\/p>\n","protected":false},"author":1,"featured_media":0,"parent":0,"menu_order":0,"comment_status":"closed","ping_status":"closed","template":"single-four.php","meta":[],"acf":[],"yoast_head":"<!-- This site is optimized with the Yoast SEO plugin v19.4 - https:\/\/yoast.com\/wordpress\/plugins\/seo\/ -->\n<title>Ferienwohnung am Meer St Ives - 2448 - Urlaub &amp; Reisen<\/title>\n<meta name=\"robots\" content=\"index, follow, max-snippet:-1, max-image-preview:large, max-video-preview:-1\" \/>\n<link rel=\"canonical\" href=\"https:\/\/www.urlaubcornwall.de\/blog\/ferienwohnung-meer-st-ives-cornwall-2448\/\" \/>\n<meta property=\"og:locale\" content=\"en_US\" \/>\n<meta property=\"og:type\" content=\"article\" \/>\n<meta property=\"og:title\" content=\"Ferienwohnung am Meer St Ives - 2448 - Urlaub &amp; Reisen\" \/>\n<meta property=\"og:description\" content=\"2 Schlafzimmer | Schlafplatz f\u00fcr 4 + Kinderbett | leider keine Haustiere erlaubt | Ferienwohnung mit Meerblick | 2.1 kilometern SO von St Ives | West-Cornwall. Sehen Sie das Meer, wenn Sie diese stilvolle Wohnung im ersten Stock betreten, und schauen Sie durch das offene Wohnzimmer in die klare blaue Bucht. Lassen Sie Ihre Koffer [&hellip;]\" \/>\n<meta property=\"og:url\" content=\"https:\/\/www.urlaubcornwall.de\/blog\/ferienwohnung-meer-st-ives-cornwall-2448\/\" \/>\n<meta property=\"og:site_name\" content=\"Urlaub &amp; Reisen\" \/>\n<meta property=\"article:modified_time\" content=\"2021-09-17T13:48:32+00:00\" \/>\n<meta property=\"og:image\" content=\"https:\/\/www.urlaubcornwall.de\/blog\/wp-content\/uploads\/2017\/12\/Ferienwohnung-am-Meer-St-Ives.jpg\" \/>\n<meta name=\"twitter:card\" content=\"summary\" \/>\n<meta name=\"twitter:label1\" content=\"Est. reading time\" \/>\n\t<meta name=\"twitter:data1\" content=\"1 minute\" \/>\n<script type=\"application\/ld+json\" class=\"yoast-schema-graph\">{\"@context\":\"https:\/\/schema.org\",\"@graph\":[{\"@type\":\"WebSite\",\"@id\":\"https:\/\/www.urlaubcornwall.de\/blog\/#website\",\"url\":\"https:\/\/www.urlaubcornwall.de\/blog\/\",\"name\":\"Urlaub &amp; Reisen\",\"description\":\"Urlaub, Reisen, Cornwall und S\u00fcdengland: eine perfekte Kombination\",\"potentialAction\":[{\"@type\":\"SearchAction\",\"target\":{\"@type\":\"EntryPoint\",\"urlTemplate\":\"https:\/\/www.urlaubcornwall.de\/blog\/?s={search_term_string}\"},\"query-input\":\"required name=search_term_string\"}],\"inLanguage\":\"en-US\"},{\"@type\":\"WebPage\",\"@id\":\"https:\/\/www.urlaubcornwall.de\/blog\/ferienwohnung-meer-st-ives-cornwall-2448\/\",\"url\":\"https:\/\/www.urlaubcornwall.de\/blog\/ferienwohnung-meer-st-ives-cornwall-2448\/\",\"name\":\"Ferienwohnung am Meer St Ives - 2448 - Urlaub &amp; Reisen\",\"isPartOf\":{\"@id\":\"https:\/\/www.urlaubcornwall.de\/blog\/#website\"},\"datePublished\":\"2017-12-16T15:32:13+00:00\",\"dateModified\":\"2021-09-17T13:48:32+00:00\",\"breadcrumb\":{\"@id\":\"https:\/\/www.urlaubcornwall.de\/blog\/ferienwohnung-meer-st-ives-cornwall-2448\/#breadcrumb\"},\"inLanguage\":\"en-US\",\"potentialAction\":[{\"@type\":\"ReadAction\",\"target\":[\"https:\/\/www.urlaubcornwall.de\/blog\/ferienwohnung-meer-st-ives-cornwall-2448\/\"]}]},{\"@type\":\"BreadcrumbList\",\"@id\":\"https:\/\/www.urlaubcornwall.de\/blog\/ferienwohnung-meer-st-ives-cornwall-2448\/#breadcrumb\",\"itemListElement\":[{\"@type\":\"ListItem\",\"position\":1,\"name\":\"Home\",\"item\":\"https:\/\/www.urlaubcornwall.de\/blog\/\"},{\"@type\":\"ListItem\",\"position\":2,\"name\":\"Ferienwohnung am Meer St Ives &#8211; 2448\"}]}]}<\/script>\n<!-- \/ Yoast SEO plugin. -->","yoast_head_json":{"title":"Ferienwohnung am Meer St Ives - 2448 - Urlaub &amp; Reisen","robots":{"index":"index","follow":"follow","max-snippet":"max-snippet:-1","max-image-preview":"max-image-preview:large","max-video-preview":"max-video-preview:-1"},"canonical":"https:\/\/www.urlaubcornwall.de\/blog\/ferienwohnung-meer-st-ives-cornwall-2448\/","og_locale":"en_US","og_type":"article","og_title":"Ferienwohnung am Meer St Ives - 2448 - Urlaub &amp; Reisen","og_description":"2 Schlafzimmer | Schlafplatz f\u00fcr 4 + Kinderbett | leider keine Haustiere erlaubt | Ferienwohnung mit Meerblick | 2.1 kilometern SO von St Ives | West-Cornwall. Sehen Sie das Meer, wenn Sie diese stilvolle Wohnung im ersten Stock betreten, und schauen Sie durch das offene Wohnzimmer in die klare blaue Bucht. Lassen Sie Ihre Koffer [&hellip;]","og_url":"https:\/\/www.urlaubcornwall.de\/blog\/ferienwohnung-meer-st-ives-cornwall-2448\/","og_site_name":"Urlaub &amp; Reisen","article_modified_time":"2021-09-17T13:48:32+00:00","og_image":[{"url":"https:\/\/www.urlaubcornwall.de\/blog\/wp-content\/uploads\/2017\/12\/Ferienwohnung-am-Meer-St-Ives.jpg"}],"twitter_card":"summary","twitter_misc":{"Est. reading time":"1 minute"},"schema":{"@context":"https:\/\/schema.org","@graph":[{"@type":"WebSite","@id":"https:\/\/www.urlaubcornwall.de\/blog\/#website","url":"https:\/\/www.urlaubcornwall.de\/blog\/","name":"Urlaub &amp; Reisen","description":"Urlaub, Reisen, Cornwall und S\u00fcdengland: eine perfekte Kombination","potentialAction":[{"@type":"SearchAction","target":{"@type":"EntryPoint","urlTemplate":"https:\/\/www.urlaubcornwall.de\/blog\/?s={search_term_string}"},"query-input":"required name=search_term_string"}],"inLanguage":"en-US"},{"@type":"WebPage","@id":"https:\/\/www.urlaubcornwall.de\/blog\/ferienwohnung-meer-st-ives-cornwall-2448\/","url":"https:\/\/www.urlaubcornwall.de\/blog\/ferienwohnung-meer-st-ives-cornwall-2448\/","name":"Ferienwohnung am Meer St Ives - 2448 - Urlaub &amp; Reisen","isPartOf":{"@id":"https:\/\/www.urlaubcornwall.de\/blog\/#website"},"datePublished":"2017-12-16T15:32:13+00:00","dateModified":"2021-09-17T13:48:32+00:00","breadcrumb":{"@id":"https:\/\/www.urlaubcornwall.de\/blog\/ferienwohnung-meer-st-ives-cornwall-2448\/#breadcrumb"},"inLanguage":"en-US","potentialAction":[{"@type":"ReadAction","target":["https:\/\/www.urlaubcornwall.de\/blog\/ferienwohnung-meer-st-ives-cornwall-2448\/"]}]},{"@type":"BreadcrumbList","@id":"https:\/\/www.urlaubcornwall.de\/blog\/ferienwohnung-meer-st-ives-cornwall-2448\/#breadcrumb","itemListElement":[{"@type":"ListItem","position":1,"name":"Home","item":"https:\/\/www.urlaubcornwall.de\/blog\/"},{"@type":"ListItem","position":2,"name":"Ferienwohnung am Meer St Ives &#8211; 2448"}]}]}},"_links":{"self":[{"href":"https:\/\/www.urlaubcornwall.de\/blog\/wp-json\/wp\/v2\/pages\/31293"}],"collection":[{"href":"https:\/\/www.urlaubcornwall.de\/blog\/wp-json\/wp\/v2\/pages"}],"about":[{"href":"https:\/\/www.urlaubcornwall.de\/blog\/wp-json\/wp\/v2\/types\/page"}],"author":[{"embeddable":true,"href":"https:\/\/www.urlaubcornwall.de\/blog\/wp-json\/wp\/v2\/users\/1"}],"replies":[{"embeddable":true,"href":"https:\/\/www.urlaubcornwall.de\/blog\/wp-json\/wp\/v2\/comments?post=31293"}],"version-history":[{"count":6,"href":"https:\/\/www.urlaubcornwall.de\/blog\/wp-json\/wp\/v2\/pages\/31293\/revisions"}],"predecessor-version":[{"id":42927,"href":"https:\/\/www.urlaubcornwall.de\/blog\/wp-json\/wp\/v2\/pages\/31293\/revisions\/42927"}],"wp:attachment":[{"href":"https:\/\/www.urlaubcornwall.de\/blog\/wp-json\/wp\/v2\/media?parent=31293"}],"curies":[{"name":"wp","href":"https:\/\/api.w.org\/{rel}","templated":true}]}}