{"id":31290,"date":"2017-12-16T15:08:41","date_gmt":"2017-12-16T15:08:41","guid":{"rendered":"https:\/\/www.urlaubcornwall.de\/blog\/?page_id=31290"},"modified":"2021-08-31T15:27:46","modified_gmt":"2021-08-31T15:27:46","slug":"ferienhaus-meer-fuer-8-personsen-st-ives-1871","status":"publish","type":"page","link":"https:\/\/www.urlaubcornwall.de\/blog\/ferienhaus-meer-fuer-8-personsen-st-ives-1871\/","title":{"rendered":"Ferienhaus St Ives am Meer f\u00fcr 8 Personen -1871"},"content":{"rendered":"<p><img loading=\"lazy\" class=\"aligncenter size-full wp-image-31291\" src=\"https:\/\/www.urlaubcornwall.de\/blog\/wp-content\/uploads\/2017\/12\/ferienhaus-st-ives-8-personen-am-meer.jpg\" alt=\"ferienhaus st ives 8 personen am meer\" width=\"747\" height=\"403\" srcset=\"https:\/\/www.urlaubcornwall.de\/blog\/wp-content\/uploads\/2017\/12\/ferienhaus-st-ives-8-personen-am-meer.jpg 747w, https:\/\/www.urlaubcornwall.de\/blog\/wp-content\/uploads\/2017\/12\/ferienhaus-st-ives-8-personen-am-meer-300x162.jpg 300w\" sizes=\"(max-width: 747px) 100vw, 747px\" \/><\/p>\n<p style=\"text-align: center;\"><strong>4 Schlafzimmer | Schlafplatz f\u00fcr 8 + Kinderbett | leider keine Haustiere erlaubt | Ferienhaus mit Meerblick | 1.9 kilometern S von St Ives | West-Cornwall.<\/strong><\/p>\n<p style=\"text-align: center;\"><strong>Preis pro Woche \u00a3908 &#8211; \u00a32751 &#8211; An-\/Abreisetag am Freitag<\/strong><\/p>\n<p>Neben einem ruhigen \u00f6ffentlichen Weg hinunter zum wei\u00dfen Sand und dem azurblauen Meer von Carbis Bay Beach, liegt dieses ger\u00e4umige Haus im New England Stil inmitten eines zwei Hektar gro\u00dfen, wundersch\u00f6n gepflegten, umz\u00e4unten Gartens, umgeben von Wald. April Cottage ist ein sch\u00f6nes Anwesen, ideal f\u00fcr einen Familienurlaub. Amazing Meerblick \u00fcber die G\u00e4rten in Richtung Meer. Die ma\u00dfgeschneiderte K\u00fcche ist voll ausgestattet mit Holzarbeitsplatten und einer zentralen Inseleinheit in der N\u00e4he des w\u00e4rmenden Aga. Stufen f\u00fchren in das gem\u00fctliche Wohnzimmer mit seinem gem\u00fctlichen Multi-Brenner.Franz\u00f6sische Fenster \u00f6ffnen sich zum Garten hin, wo weitere steile Stufen zu den Rasenfl\u00e4chen und der \u00fcberdachten Terrasse aufsteigen, der Blick auf das ferne Meer und der gro\u00dfe Tisch und die St\u00fchle, die es perfekt f\u00fcr ein entspanntes Essen im Freien machen. Es gibt auch eine Dusche im Erdgeschoss und eines der Schlafzimmer verf\u00fcgt \u00fcber ein Klavier, ein Bonus f\u00fcr Musiker.Die anderen drei Schlafzimmer, eines mit einer Nintendo Wii, sind im Obergeschoss.<\/p>\n<p style=\"text-align: center;\"><a class=\"tidycta\" href=\"https:\/\/www.urlaubcornwall.de\/ferienhaeuser-fewos\/st-ives.html\"><\/a>Suche Ferienh\u00e4user St Ives<\/p>\n","protected":false},"excerpt":{"rendered":"<p>4 Schlafzimmer | Schlafplatz f\u00fcr 8 + Kinderbett | leider keine Haustiere erlaubt | Ferienhaus mit Meerblick | 1.9 kilometern S von St Ives | West-Cornwall. Preis pro Woche \u00a3908 &#8211; \u00a32751 &#8211; An-\/Abreisetag am Freitag Neben einem ruhigen \u00f6ffentlichen Weg hinunter zum wei\u00dfen Sand und dem azurblauen Meer von Carbis Bay Beach, liegt dieses [&hellip;]<\/p>\n","protected":false},"author":1,"featured_media":0,"parent":0,"menu_order":0,"comment_status":"closed","ping_status":"closed","template":"single-four.php","meta":[],"acf":[],"yoast_head":"<!-- This site is optimized with the Yoast SEO plugin v19.4 - https:\/\/yoast.com\/wordpress\/plugins\/seo\/ -->\n<title>Ferienhaus St Ives am Meer f\u00fcr 8 Personen -1871 - Urlaub &amp; Reisen<\/title>\n<meta name=\"robots\" content=\"index, follow, max-snippet:-1, max-image-preview:large, max-video-preview:-1\" \/>\n<link rel=\"canonical\" href=\"https:\/\/www.urlaubcornwall.de\/blog\/ferienhaus-meer-fuer-8-personsen-st-ives-1871\/\" \/>\n<meta property=\"og:locale\" content=\"en_US\" \/>\n<meta property=\"og:type\" content=\"article\" \/>\n<meta property=\"og:title\" content=\"Ferienhaus St Ives am Meer f\u00fcr 8 Personen -1871 - Urlaub &amp; Reisen\" \/>\n<meta property=\"og:description\" content=\"4 Schlafzimmer | Schlafplatz f\u00fcr 8 + Kinderbett | leider keine Haustiere erlaubt | Ferienhaus mit Meerblick | 1.9 kilometern S von St Ives | West-Cornwall. Preis pro Woche \u00a3908 &#8211; \u00a32751 &#8211; An-\/Abreisetag am Freitag Neben einem ruhigen \u00f6ffentlichen Weg hinunter zum wei\u00dfen Sand und dem azurblauen Meer von Carbis Bay Beach, liegt dieses [&hellip;]\" \/>\n<meta property=\"og:url\" content=\"https:\/\/www.urlaubcornwall.de\/blog\/ferienhaus-meer-fuer-8-personsen-st-ives-1871\/\" \/>\n<meta property=\"og:site_name\" content=\"Urlaub &amp; Reisen\" \/>\n<meta property=\"article:modified_time\" content=\"2021-08-31T15:27:46+00:00\" \/>\n<meta property=\"og:image\" content=\"https:\/\/www.urlaubcornwall.de\/blog\/wp-content\/uploads\/2017\/12\/ferienhaus-st-ives-8-personen-am-meer.jpg\" \/>\n<meta name=\"twitter:card\" content=\"summary\" \/>\n<meta name=\"twitter:label1\" content=\"Est. reading time\" \/>\n\t<meta name=\"twitter:data1\" content=\"1 minute\" \/>\n<script type=\"application\/ld+json\" class=\"yoast-schema-graph\">{\"@context\":\"https:\/\/schema.org\",\"@graph\":[{\"@type\":\"WebSite\",\"@id\":\"https:\/\/www.urlaubcornwall.de\/blog\/#website\",\"url\":\"https:\/\/www.urlaubcornwall.de\/blog\/\",\"name\":\"Urlaub &amp; Reisen\",\"description\":\"Urlaub, Reisen, Cornwall und S\u00fcdengland: eine perfekte Kombination\",\"potentialAction\":[{\"@type\":\"SearchAction\",\"target\":{\"@type\":\"EntryPoint\",\"urlTemplate\":\"https:\/\/www.urlaubcornwall.de\/blog\/?s={search_term_string}\"},\"query-input\":\"required name=search_term_string\"}],\"inLanguage\":\"en-US\"},{\"@type\":\"WebPage\",\"@id\":\"https:\/\/www.urlaubcornwall.de\/blog\/ferienhaus-meer-fuer-8-personsen-st-ives-1871\/\",\"url\":\"https:\/\/www.urlaubcornwall.de\/blog\/ferienhaus-meer-fuer-8-personsen-st-ives-1871\/\",\"name\":\"Ferienhaus St Ives am Meer f\u00fcr 8 Personen -1871 - Urlaub &amp; Reisen\",\"isPartOf\":{\"@id\":\"https:\/\/www.urlaubcornwall.de\/blog\/#website\"},\"datePublished\":\"2017-12-16T15:08:41+00:00\",\"dateModified\":\"2021-08-31T15:27:46+00:00\",\"breadcrumb\":{\"@id\":\"https:\/\/www.urlaubcornwall.de\/blog\/ferienhaus-meer-fuer-8-personsen-st-ives-1871\/#breadcrumb\"},\"inLanguage\":\"en-US\",\"potentialAction\":[{\"@type\":\"ReadAction\",\"target\":[\"https:\/\/www.urlaubcornwall.de\/blog\/ferienhaus-meer-fuer-8-personsen-st-ives-1871\/\"]}]},{\"@type\":\"BreadcrumbList\",\"@id\":\"https:\/\/www.urlaubcornwall.de\/blog\/ferienhaus-meer-fuer-8-personsen-st-ives-1871\/#breadcrumb\",\"itemListElement\":[{\"@type\":\"ListItem\",\"position\":1,\"name\":\"Home\",\"item\":\"https:\/\/www.urlaubcornwall.de\/blog\/\"},{\"@type\":\"ListItem\",\"position\":2,\"name\":\"Ferienhaus St Ives am Meer f\u00fcr 8 Personen -1871\"}]}]}<\/script>\n<!-- \/ Yoast SEO plugin. -->","yoast_head_json":{"title":"Ferienhaus St Ives am Meer f\u00fcr 8 Personen -1871 - Urlaub &amp; Reisen","robots":{"index":"index","follow":"follow","max-snippet":"max-snippet:-1","max-image-preview":"max-image-preview:large","max-video-preview":"max-video-preview:-1"},"canonical":"https:\/\/www.urlaubcornwall.de\/blog\/ferienhaus-meer-fuer-8-personsen-st-ives-1871\/","og_locale":"en_US","og_type":"article","og_title":"Ferienhaus St Ives am Meer f\u00fcr 8 Personen -1871 - Urlaub &amp; Reisen","og_description":"4 Schlafzimmer | Schlafplatz f\u00fcr 8 + Kinderbett | leider keine Haustiere erlaubt | Ferienhaus mit Meerblick | 1.9 kilometern S von St Ives | West-Cornwall. Preis pro Woche \u00a3908 &#8211; \u00a32751 &#8211; An-\/Abreisetag am Freitag Neben einem ruhigen \u00f6ffentlichen Weg hinunter zum wei\u00dfen Sand und dem azurblauen Meer von Carbis Bay Beach, liegt dieses [&hellip;]","og_url":"https:\/\/www.urlaubcornwall.de\/blog\/ferienhaus-meer-fuer-8-personsen-st-ives-1871\/","og_site_name":"Urlaub &amp; Reisen","article_modified_time":"2021-08-31T15:27:46+00:00","og_image":[{"url":"https:\/\/www.urlaubcornwall.de\/blog\/wp-content\/uploads\/2017\/12\/ferienhaus-st-ives-8-personen-am-meer.jpg"}],"twitter_card":"summary","twitter_misc":{"Est. reading time":"1 minute"},"schema":{"@context":"https:\/\/schema.org","@graph":[{"@type":"WebSite","@id":"https:\/\/www.urlaubcornwall.de\/blog\/#website","url":"https:\/\/www.urlaubcornwall.de\/blog\/","name":"Urlaub &amp; Reisen","description":"Urlaub, Reisen, Cornwall und S\u00fcdengland: eine perfekte Kombination","potentialAction":[{"@type":"SearchAction","target":{"@type":"EntryPoint","urlTemplate":"https:\/\/www.urlaubcornwall.de\/blog\/?s={search_term_string}"},"query-input":"required name=search_term_string"}],"inLanguage":"en-US"},{"@type":"WebPage","@id":"https:\/\/www.urlaubcornwall.de\/blog\/ferienhaus-meer-fuer-8-personsen-st-ives-1871\/","url":"https:\/\/www.urlaubcornwall.de\/blog\/ferienhaus-meer-fuer-8-personsen-st-ives-1871\/","name":"Ferienhaus St Ives am Meer f\u00fcr 8 Personen -1871 - Urlaub &amp; Reisen","isPartOf":{"@id":"https:\/\/www.urlaubcornwall.de\/blog\/#website"},"datePublished":"2017-12-16T15:08:41+00:00","dateModified":"2021-08-31T15:27:46+00:00","breadcrumb":{"@id":"https:\/\/www.urlaubcornwall.de\/blog\/ferienhaus-meer-fuer-8-personsen-st-ives-1871\/#breadcrumb"},"inLanguage":"en-US","potentialAction":[{"@type":"ReadAction","target":["https:\/\/www.urlaubcornwall.de\/blog\/ferienhaus-meer-fuer-8-personsen-st-ives-1871\/"]}]},{"@type":"BreadcrumbList","@id":"https:\/\/www.urlaubcornwall.de\/blog\/ferienhaus-meer-fuer-8-personsen-st-ives-1871\/#breadcrumb","itemListElement":[{"@type":"ListItem","position":1,"name":"Home","item":"https:\/\/www.urlaubcornwall.de\/blog\/"},{"@type":"ListItem","position":2,"name":"Ferienhaus St Ives am Meer f\u00fcr 8 Personen -1871"}]}]}},"_links":{"self":[{"href":"https:\/\/www.urlaubcornwall.de\/blog\/wp-json\/wp\/v2\/pages\/31290"}],"collection":[{"href":"https:\/\/www.urlaubcornwall.de\/blog\/wp-json\/wp\/v2\/pages"}],"about":[{"href":"https:\/\/www.urlaubcornwall.de\/blog\/wp-json\/wp\/v2\/types\/page"}],"author":[{"embeddable":true,"href":"https:\/\/www.urlaubcornwall.de\/blog\/wp-json\/wp\/v2\/users\/1"}],"replies":[{"embeddable":true,"href":"https:\/\/www.urlaubcornwall.de\/blog\/wp-json\/wp\/v2\/comments?post=31290"}],"version-history":[{"count":7,"href":"https:\/\/www.urlaubcornwall.de\/blog\/wp-json\/wp\/v2\/pages\/31290\/revisions"}],"predecessor-version":[{"id":42377,"href":"https:\/\/www.urlaubcornwall.de\/blog\/wp-json\/wp\/v2\/pages\/31290\/revisions\/42377"}],"wp:attachment":[{"href":"https:\/\/www.urlaubcornwall.de\/blog\/wp-json\/wp\/v2\/media?parent=31290"}],"curies":[{"name":"wp","href":"https:\/\/api.w.org\/{rel}","templated":true}]}}