{"id":31286,"date":"2017-12-16T14:42:49","date_gmt":"2017-12-16T14:42:49","guid":{"rendered":"https:\/\/www.urlaubcornwall.de\/blog\/?page_id=31286"},"modified":"2021-08-31T15:25:36","modified_gmt":"2021-08-31T15:25:36","slug":"ferienhaus-st-ives-cornwall-2894","status":"publish","type":"page","link":"https:\/\/www.urlaubcornwall.de\/blog\/ferienhaus-st-ives-cornwall-2894\/","title":{"rendered":"Ferienhaus am Meer St Ives &#8211; 2894"},"content":{"rendered":"<p><img loading=\"lazy\" class=\"aligncenter size-full wp-image-31288\" src=\"https:\/\/www.urlaubcornwall.de\/blog\/wp-content\/uploads\/2017\/12\/ferienhaus-am-meer-st-ives.jpg\" alt=\"ferienhaus am meer st ives\" width=\"746\" height=\"408\" srcset=\"https:\/\/www.urlaubcornwall.de\/blog\/wp-content\/uploads\/2017\/12\/ferienhaus-am-meer-st-ives.jpg 746w, https:\/\/www.urlaubcornwall.de\/blog\/wp-content\/uploads\/2017\/12\/ferienhaus-am-meer-st-ives-300x164.jpg 300w\" sizes=\"(max-width: 746px) 100vw, 746px\" \/><\/p>\n<p style=\"text-align: center;\"><strong>2 Schlafzimmer |&nbsp;Schlafplatz f\u00fcr 5 + Kinderbett | leider keine Haustiere erlaubt | Ferienwohnung mit Meerblick St Ives | West-Cornwall.<\/strong><\/p>\n<p style=\"text-align: center;\"><strong>Preis pro Woche \u00a3712 &#8211; \u00a31990 &#8211; An-\/Abreisetag am Freitag<\/strong><\/p>\n<p>Diese Apartments mit Sicherheitsdach wurden entworfen, um die spektakul\u00e4rsten Ausblicke auf den Porthminster Strand, den Hafen von St. Ives und dar\u00fcber hinaus zu bieten. Sie sind stilvoll, modern und \u00e4u\u00dferst komfortabel. Top-Qualit\u00e4t Matratzen, Handt\u00fccher und Bettw\u00e4sche in den Schlafzimmern tragen zu dem wunderbaren Gef\u00fchl von Luxus bei. Diese fabelhafte Ferienwohnung im Untergeschoss befindet sich in einer der begehrtesten Gegenden von St. Ives und l\u00e4dt Sie ein, auf dem Balkon zu sitzen und den Sonnenuntergang zu beobachten. Es ist nur ein kurzer Spaziergang in die Stadt zum Abendessen in einem der fantastischen Restaurants in St. Ives.<\/p>\n<p style=\"text-align: center;\"><a class=\"tidycta\" href=\"https:\/\/www.urlaubcornwall.de\/ferienhaeuser-fewos\/st-ives.html\"><\/a>Suche Ferienh\u00e4user St Ives<\/p>\n","protected":false},"excerpt":{"rendered":"<p>2 Schlafzimmer |&nbsp;Schlafplatz f\u00fcr 5 + Kinderbett | leider keine Haustiere erlaubt | Ferienwohnung mit Meerblick St Ives | West-Cornwall. Preis pro Woche \u00a3712 &#8211; \u00a31990 &#8211; An-\/Abreisetag am Freitag Diese Apartments mit Sicherheitsdach wurden entworfen, um die spektakul\u00e4rsten Ausblicke auf den Porthminster Strand, den Hafen von St. Ives und dar\u00fcber hinaus zu bieten. Sie [&hellip;]<\/p>\n","protected":false},"author":1,"featured_media":0,"parent":0,"menu_order":0,"comment_status":"closed","ping_status":"closed","template":"single-four.php","meta":[],"acf":[],"yoast_head":"<!-- This site is optimized with the Yoast SEO plugin v19.4 - https:\/\/yoast.com\/wordpress\/plugins\/seo\/ -->\n<title>Ferienhaus am Meer St Ives - 2894 - Urlaub &amp; Reisen<\/title>\n<meta name=\"robots\" content=\"index, follow, max-snippet:-1, max-image-preview:large, max-video-preview:-1\" \/>\n<link rel=\"canonical\" href=\"https:\/\/www.urlaubcornwall.de\/blog\/ferienhaus-st-ives-cornwall-2894\/\" \/>\n<meta property=\"og:locale\" content=\"en_US\" \/>\n<meta property=\"og:type\" content=\"article\" \/>\n<meta property=\"og:title\" content=\"Ferienhaus am Meer St Ives - 2894 - Urlaub &amp; Reisen\" \/>\n<meta property=\"og:description\" content=\"2 Schlafzimmer |&nbsp;Schlafplatz f\u00fcr 5 + Kinderbett | leider keine Haustiere erlaubt | Ferienwohnung mit Meerblick St Ives | West-Cornwall. Preis pro Woche \u00a3712 &#8211; \u00a31990 &#8211; An-\/Abreisetag am Freitag Diese Apartments mit Sicherheitsdach wurden entworfen, um die spektakul\u00e4rsten Ausblicke auf den Porthminster Strand, den Hafen von St. Ives und dar\u00fcber hinaus zu bieten. Sie [&hellip;]\" \/>\n<meta property=\"og:url\" content=\"https:\/\/www.urlaubcornwall.de\/blog\/ferienhaus-st-ives-cornwall-2894\/\" \/>\n<meta property=\"og:site_name\" content=\"Urlaub &amp; Reisen\" \/>\n<meta property=\"article:modified_time\" content=\"2021-08-31T15:25:36+00:00\" \/>\n<meta property=\"og:image\" content=\"https:\/\/www.urlaubcornwall.de\/blog\/wp-content\/uploads\/2017\/12\/ferienhaus-am-meer-st-ives.jpg\" \/>\n<meta name=\"twitter:card\" content=\"summary\" \/>\n<meta name=\"twitter:label1\" content=\"Est. reading time\" \/>\n\t<meta name=\"twitter:data1\" content=\"1 minute\" \/>\n<script type=\"application\/ld+json\" class=\"yoast-schema-graph\">{\"@context\":\"https:\/\/schema.org\",\"@graph\":[{\"@type\":\"WebSite\",\"@id\":\"https:\/\/www.urlaubcornwall.de\/blog\/#website\",\"url\":\"https:\/\/www.urlaubcornwall.de\/blog\/\",\"name\":\"Urlaub &amp; Reisen\",\"description\":\"Urlaub, Reisen, Cornwall und S\u00fcdengland: eine perfekte Kombination\",\"potentialAction\":[{\"@type\":\"SearchAction\",\"target\":{\"@type\":\"EntryPoint\",\"urlTemplate\":\"https:\/\/www.urlaubcornwall.de\/blog\/?s={search_term_string}\"},\"query-input\":\"required name=search_term_string\"}],\"inLanguage\":\"en-US\"},{\"@type\":\"WebPage\",\"@id\":\"https:\/\/www.urlaubcornwall.de\/blog\/ferienhaus-st-ives-cornwall-2894\/\",\"url\":\"https:\/\/www.urlaubcornwall.de\/blog\/ferienhaus-st-ives-cornwall-2894\/\",\"name\":\"Ferienhaus am Meer St Ives - 2894 - Urlaub &amp; Reisen\",\"isPartOf\":{\"@id\":\"https:\/\/www.urlaubcornwall.de\/blog\/#website\"},\"datePublished\":\"2017-12-16T14:42:49+00:00\",\"dateModified\":\"2021-08-31T15:25:36+00:00\",\"breadcrumb\":{\"@id\":\"https:\/\/www.urlaubcornwall.de\/blog\/ferienhaus-st-ives-cornwall-2894\/#breadcrumb\"},\"inLanguage\":\"en-US\",\"potentialAction\":[{\"@type\":\"ReadAction\",\"target\":[\"https:\/\/www.urlaubcornwall.de\/blog\/ferienhaus-st-ives-cornwall-2894\/\"]}]},{\"@type\":\"BreadcrumbList\",\"@id\":\"https:\/\/www.urlaubcornwall.de\/blog\/ferienhaus-st-ives-cornwall-2894\/#breadcrumb\",\"itemListElement\":[{\"@type\":\"ListItem\",\"position\":1,\"name\":\"Home\",\"item\":\"https:\/\/www.urlaubcornwall.de\/blog\/\"},{\"@type\":\"ListItem\",\"position\":2,\"name\":\"Ferienhaus am Meer St Ives &#8211; 2894\"}]}]}<\/script>\n<!-- \/ Yoast SEO plugin. -->","yoast_head_json":{"title":"Ferienhaus am Meer St Ives - 2894 - Urlaub &amp; Reisen","robots":{"index":"index","follow":"follow","max-snippet":"max-snippet:-1","max-image-preview":"max-image-preview:large","max-video-preview":"max-video-preview:-1"},"canonical":"https:\/\/www.urlaubcornwall.de\/blog\/ferienhaus-st-ives-cornwall-2894\/","og_locale":"en_US","og_type":"article","og_title":"Ferienhaus am Meer St Ives - 2894 - Urlaub &amp; Reisen","og_description":"2 Schlafzimmer |&nbsp;Schlafplatz f\u00fcr 5 + Kinderbett | leider keine Haustiere erlaubt | Ferienwohnung mit Meerblick St Ives | West-Cornwall. Preis pro Woche \u00a3712 &#8211; \u00a31990 &#8211; An-\/Abreisetag am Freitag Diese Apartments mit Sicherheitsdach wurden entworfen, um die spektakul\u00e4rsten Ausblicke auf den Porthminster Strand, den Hafen von St. Ives und dar\u00fcber hinaus zu bieten. Sie [&hellip;]","og_url":"https:\/\/www.urlaubcornwall.de\/blog\/ferienhaus-st-ives-cornwall-2894\/","og_site_name":"Urlaub &amp; Reisen","article_modified_time":"2021-08-31T15:25:36+00:00","og_image":[{"url":"https:\/\/www.urlaubcornwall.de\/blog\/wp-content\/uploads\/2017\/12\/ferienhaus-am-meer-st-ives.jpg"}],"twitter_card":"summary","twitter_misc":{"Est. reading time":"1 minute"},"schema":{"@context":"https:\/\/schema.org","@graph":[{"@type":"WebSite","@id":"https:\/\/www.urlaubcornwall.de\/blog\/#website","url":"https:\/\/www.urlaubcornwall.de\/blog\/","name":"Urlaub &amp; Reisen","description":"Urlaub, Reisen, Cornwall und S\u00fcdengland: eine perfekte Kombination","potentialAction":[{"@type":"SearchAction","target":{"@type":"EntryPoint","urlTemplate":"https:\/\/www.urlaubcornwall.de\/blog\/?s={search_term_string}"},"query-input":"required name=search_term_string"}],"inLanguage":"en-US"},{"@type":"WebPage","@id":"https:\/\/www.urlaubcornwall.de\/blog\/ferienhaus-st-ives-cornwall-2894\/","url":"https:\/\/www.urlaubcornwall.de\/blog\/ferienhaus-st-ives-cornwall-2894\/","name":"Ferienhaus am Meer St Ives - 2894 - Urlaub &amp; Reisen","isPartOf":{"@id":"https:\/\/www.urlaubcornwall.de\/blog\/#website"},"datePublished":"2017-12-16T14:42:49+00:00","dateModified":"2021-08-31T15:25:36+00:00","breadcrumb":{"@id":"https:\/\/www.urlaubcornwall.de\/blog\/ferienhaus-st-ives-cornwall-2894\/#breadcrumb"},"inLanguage":"en-US","potentialAction":[{"@type":"ReadAction","target":["https:\/\/www.urlaubcornwall.de\/blog\/ferienhaus-st-ives-cornwall-2894\/"]}]},{"@type":"BreadcrumbList","@id":"https:\/\/www.urlaubcornwall.de\/blog\/ferienhaus-st-ives-cornwall-2894\/#breadcrumb","itemListElement":[{"@type":"ListItem","position":1,"name":"Home","item":"https:\/\/www.urlaubcornwall.de\/blog\/"},{"@type":"ListItem","position":2,"name":"Ferienhaus am Meer St Ives &#8211; 2894"}]}]}},"_links":{"self":[{"href":"https:\/\/www.urlaubcornwall.de\/blog\/wp-json\/wp\/v2\/pages\/31286"}],"collection":[{"href":"https:\/\/www.urlaubcornwall.de\/blog\/wp-json\/wp\/v2\/pages"}],"about":[{"href":"https:\/\/www.urlaubcornwall.de\/blog\/wp-json\/wp\/v2\/types\/page"}],"author":[{"embeddable":true,"href":"https:\/\/www.urlaubcornwall.de\/blog\/wp-json\/wp\/v2\/users\/1"}],"replies":[{"embeddable":true,"href":"https:\/\/www.urlaubcornwall.de\/blog\/wp-json\/wp\/v2\/comments?post=31286"}],"version-history":[{"count":6,"href":"https:\/\/www.urlaubcornwall.de\/blog\/wp-json\/wp\/v2\/pages\/31286\/revisions"}],"predecessor-version":[{"id":42374,"href":"https:\/\/www.urlaubcornwall.de\/blog\/wp-json\/wp\/v2\/pages\/31286\/revisions\/42374"}],"wp:attachment":[{"href":"https:\/\/www.urlaubcornwall.de\/blog\/wp-json\/wp\/v2\/media?parent=31286"}],"curies":[{"name":"wp","href":"https:\/\/api.w.org\/{rel}","templated":true}]}}