{"id":31283,"date":"2017-12-16T14:16:34","date_gmt":"2017-12-16T14:16:34","guid":{"rendered":"https:\/\/www.urlaubcornwall.de\/blog\/?page_id=31283"},"modified":"2021-08-31T15:23:52","modified_gmt":"2021-08-31T15:23:52","slug":"ferienhaus-meer-st-ives-cornwall-2448","status":"publish","type":"page","link":"https:\/\/www.urlaubcornwall.de\/blog\/ferienhaus-meer-st-ives-cornwall-2448\/","title":{"rendered":"Ferienhaus am Meer St Ives Cornwall &#8211; 2448"},"content":{"rendered":"<p style=\"text-align: left;\"><img loading=\"lazy\" class=\"aligncenter size-full wp-image-31284\" src=\"https:\/\/www.urlaubcornwall.de\/blog\/wp-content\/uploads\/2017\/12\/ferienhaus-am-meer-st-ives-cornwall.jpg\" alt=\"ferienhaus am meer st ives cornwall\" width=\"749\" height=\"427\" srcset=\"https:\/\/www.urlaubcornwall.de\/blog\/wp-content\/uploads\/2017\/12\/ferienhaus-am-meer-st-ives-cornwall.jpg 747w, https:\/\/www.urlaubcornwall.de\/blog\/wp-content\/uploads\/2017\/12\/ferienhaus-am-meer-st-ives-cornwall-300x171.jpg 300w\" sizes=\"(max-width: 749px) 100vw, 749px\" \/><br \/>\n<strong>3 Schlafzimmer | Schlafplatz f\u00fcr 5 + Kinderbett | leider keine Haustiere erlaubt | Ferienhaus mit Meerblick St Ives | West-Cornwall <\/strong><\/p>\n<p style=\"text-align: left;\">Dieses sch\u00f6n pr\u00e4sentierte Reihenhaus im Herzen von St. Ives bietet Meerblick und einen umz\u00e4unten Garten und einen kleinen privaten Parkplatz nur 100 Meter entfernt. Nur wenige hundert Meter von der Tate St Ives und dem goldenen Sand des Porthmeor Strandes entfernt, ist dies ein idealer R\u00fcckzugsort. Eine moderne K\u00fcche mit Granit-Arbeitsplatten und einem elektrischen Herd hat einen Schritt in den offenen Wohnbereich, wo Franz\u00f6sisch T\u00fcren in den sch\u00f6nen Garten f\u00fchren. Es gibt auch eine ger\u00e4umige Dusche im Erdgeschoss. Auf der ersten Etage haben zwei der Schlafzimmer Meerblick, und eine weitere Treppe f\u00fchrt hinauf zum Wohnzimmer mit herrlichem Blick \u00fcber das gesch\u00e4ftige St. Ives.<\/p>\n<p style=\"text-align: center;\"><a class=\"tidycta\" href=\"https:\/\/www.urlaubcornwall.de\/ferienhaeuser-fewos\/st-ives.html\"><\/a>Suche Ferienh\u00e4user St Ives<\/p>\n","protected":false},"excerpt":{"rendered":"<p>3 Schlafzimmer | Schlafplatz f\u00fcr 5 + Kinderbett | leider keine Haustiere erlaubt | Ferienhaus mit Meerblick St Ives | West-Cornwall Dieses sch\u00f6n pr\u00e4sentierte Reihenhaus im Herzen von St. Ives bietet Meerblick und einen umz\u00e4unten Garten und einen kleinen privaten Parkplatz nur 100 Meter entfernt. Nur wenige hundert Meter von der Tate St Ives und [&hellip;]<\/p>\n","protected":false},"author":1,"featured_media":0,"parent":0,"menu_order":0,"comment_status":"closed","ping_status":"closed","template":"single-four.php","meta":[],"acf":[],"yoast_head":"<!-- This site is optimized with the Yoast SEO plugin v19.4 - https:\/\/yoast.com\/wordpress\/plugins\/seo\/ -->\n<title>Ferienhaus am Meer St Ives Cornwall - 2448 - Urlaub &amp; Reisen<\/title>\n<meta name=\"robots\" content=\"index, follow, max-snippet:-1, max-image-preview:large, max-video-preview:-1\" \/>\n<link rel=\"canonical\" href=\"https:\/\/www.urlaubcornwall.de\/blog\/ferienhaus-meer-st-ives-cornwall-2448\/\" \/>\n<meta property=\"og:locale\" content=\"en_US\" \/>\n<meta property=\"og:type\" content=\"article\" \/>\n<meta property=\"og:title\" content=\"Ferienhaus am Meer St Ives Cornwall - 2448 - Urlaub &amp; Reisen\" \/>\n<meta property=\"og:description\" content=\"3 Schlafzimmer | Schlafplatz f\u00fcr 5 + Kinderbett | leider keine Haustiere erlaubt | Ferienhaus mit Meerblick St Ives | West-Cornwall Dieses sch\u00f6n pr\u00e4sentierte Reihenhaus im Herzen von St. Ives bietet Meerblick und einen umz\u00e4unten Garten und einen kleinen privaten Parkplatz nur 100 Meter entfernt. Nur wenige hundert Meter von der Tate St Ives und [&hellip;]\" \/>\n<meta property=\"og:url\" content=\"https:\/\/www.urlaubcornwall.de\/blog\/ferienhaus-meer-st-ives-cornwall-2448\/\" \/>\n<meta property=\"og:site_name\" content=\"Urlaub &amp; Reisen\" \/>\n<meta property=\"article:modified_time\" content=\"2021-08-31T15:23:52+00:00\" \/>\n<meta property=\"og:image\" content=\"https:\/\/www.urlaubcornwall.de\/blog\/wp-content\/uploads\/2017\/12\/ferienhaus-am-meer-st-ives-cornwall.jpg\" \/>\n<meta name=\"twitter:card\" content=\"summary\" \/>\n<meta name=\"twitter:label1\" content=\"Est. reading time\" \/>\n\t<meta name=\"twitter:data1\" content=\"2 minutes\" \/>\n<script type=\"application\/ld+json\" class=\"yoast-schema-graph\">{\"@context\":\"https:\/\/schema.org\",\"@graph\":[{\"@type\":\"WebSite\",\"@id\":\"https:\/\/www.urlaubcornwall.de\/blog\/#website\",\"url\":\"https:\/\/www.urlaubcornwall.de\/blog\/\",\"name\":\"Urlaub &amp; Reisen\",\"description\":\"Urlaub, Reisen, Cornwall und S\u00fcdengland: eine perfekte Kombination\",\"potentialAction\":[{\"@type\":\"SearchAction\",\"target\":{\"@type\":\"EntryPoint\",\"urlTemplate\":\"https:\/\/www.urlaubcornwall.de\/blog\/?s={search_term_string}\"},\"query-input\":\"required name=search_term_string\"}],\"inLanguage\":\"en-US\"},{\"@type\":\"WebPage\",\"@id\":\"https:\/\/www.urlaubcornwall.de\/blog\/ferienhaus-meer-st-ives-cornwall-2448\/\",\"url\":\"https:\/\/www.urlaubcornwall.de\/blog\/ferienhaus-meer-st-ives-cornwall-2448\/\",\"name\":\"Ferienhaus am Meer St Ives Cornwall - 2448 - Urlaub &amp; Reisen\",\"isPartOf\":{\"@id\":\"https:\/\/www.urlaubcornwall.de\/blog\/#website\"},\"datePublished\":\"2017-12-16T14:16:34+00:00\",\"dateModified\":\"2021-08-31T15:23:52+00:00\",\"breadcrumb\":{\"@id\":\"https:\/\/www.urlaubcornwall.de\/blog\/ferienhaus-meer-st-ives-cornwall-2448\/#breadcrumb\"},\"inLanguage\":\"en-US\",\"potentialAction\":[{\"@type\":\"ReadAction\",\"target\":[\"https:\/\/www.urlaubcornwall.de\/blog\/ferienhaus-meer-st-ives-cornwall-2448\/\"]}]},{\"@type\":\"BreadcrumbList\",\"@id\":\"https:\/\/www.urlaubcornwall.de\/blog\/ferienhaus-meer-st-ives-cornwall-2448\/#breadcrumb\",\"itemListElement\":[{\"@type\":\"ListItem\",\"position\":1,\"name\":\"Home\",\"item\":\"https:\/\/www.urlaubcornwall.de\/blog\/\"},{\"@type\":\"ListItem\",\"position\":2,\"name\":\"Ferienhaus am Meer St Ives Cornwall &#8211; 2448\"}]}]}<\/script>\n<!-- \/ Yoast SEO plugin. -->","yoast_head_json":{"title":"Ferienhaus am Meer St Ives Cornwall - 2448 - Urlaub &amp; Reisen","robots":{"index":"index","follow":"follow","max-snippet":"max-snippet:-1","max-image-preview":"max-image-preview:large","max-video-preview":"max-video-preview:-1"},"canonical":"https:\/\/www.urlaubcornwall.de\/blog\/ferienhaus-meer-st-ives-cornwall-2448\/","og_locale":"en_US","og_type":"article","og_title":"Ferienhaus am Meer St Ives Cornwall - 2448 - Urlaub &amp; Reisen","og_description":"3 Schlafzimmer | Schlafplatz f\u00fcr 5 + Kinderbett | leider keine Haustiere erlaubt | Ferienhaus mit Meerblick St Ives | West-Cornwall Dieses sch\u00f6n pr\u00e4sentierte Reihenhaus im Herzen von St. Ives bietet Meerblick und einen umz\u00e4unten Garten und einen kleinen privaten Parkplatz nur 100 Meter entfernt. Nur wenige hundert Meter von der Tate St Ives und [&hellip;]","og_url":"https:\/\/www.urlaubcornwall.de\/blog\/ferienhaus-meer-st-ives-cornwall-2448\/","og_site_name":"Urlaub &amp; Reisen","article_modified_time":"2021-08-31T15:23:52+00:00","og_image":[{"url":"https:\/\/www.urlaubcornwall.de\/blog\/wp-content\/uploads\/2017\/12\/ferienhaus-am-meer-st-ives-cornwall.jpg"}],"twitter_card":"summary","twitter_misc":{"Est. reading time":"2 minutes"},"schema":{"@context":"https:\/\/schema.org","@graph":[{"@type":"WebSite","@id":"https:\/\/www.urlaubcornwall.de\/blog\/#website","url":"https:\/\/www.urlaubcornwall.de\/blog\/","name":"Urlaub &amp; Reisen","description":"Urlaub, Reisen, Cornwall und S\u00fcdengland: eine perfekte Kombination","potentialAction":[{"@type":"SearchAction","target":{"@type":"EntryPoint","urlTemplate":"https:\/\/www.urlaubcornwall.de\/blog\/?s={search_term_string}"},"query-input":"required name=search_term_string"}],"inLanguage":"en-US"},{"@type":"WebPage","@id":"https:\/\/www.urlaubcornwall.de\/blog\/ferienhaus-meer-st-ives-cornwall-2448\/","url":"https:\/\/www.urlaubcornwall.de\/blog\/ferienhaus-meer-st-ives-cornwall-2448\/","name":"Ferienhaus am Meer St Ives Cornwall - 2448 - Urlaub &amp; Reisen","isPartOf":{"@id":"https:\/\/www.urlaubcornwall.de\/blog\/#website"},"datePublished":"2017-12-16T14:16:34+00:00","dateModified":"2021-08-31T15:23:52+00:00","breadcrumb":{"@id":"https:\/\/www.urlaubcornwall.de\/blog\/ferienhaus-meer-st-ives-cornwall-2448\/#breadcrumb"},"inLanguage":"en-US","potentialAction":[{"@type":"ReadAction","target":["https:\/\/www.urlaubcornwall.de\/blog\/ferienhaus-meer-st-ives-cornwall-2448\/"]}]},{"@type":"BreadcrumbList","@id":"https:\/\/www.urlaubcornwall.de\/blog\/ferienhaus-meer-st-ives-cornwall-2448\/#breadcrumb","itemListElement":[{"@type":"ListItem","position":1,"name":"Home","item":"https:\/\/www.urlaubcornwall.de\/blog\/"},{"@type":"ListItem","position":2,"name":"Ferienhaus am Meer St Ives Cornwall &#8211; 2448"}]}]}},"_links":{"self":[{"href":"https:\/\/www.urlaubcornwall.de\/blog\/wp-json\/wp\/v2\/pages\/31283"}],"collection":[{"href":"https:\/\/www.urlaubcornwall.de\/blog\/wp-json\/wp\/v2\/pages"}],"about":[{"href":"https:\/\/www.urlaubcornwall.de\/blog\/wp-json\/wp\/v2\/types\/page"}],"author":[{"embeddable":true,"href":"https:\/\/www.urlaubcornwall.de\/blog\/wp-json\/wp\/v2\/users\/1"}],"replies":[{"embeddable":true,"href":"https:\/\/www.urlaubcornwall.de\/blog\/wp-json\/wp\/v2\/comments?post=31283"}],"version-history":[{"count":5,"href":"https:\/\/www.urlaubcornwall.de\/blog\/wp-json\/wp\/v2\/pages\/31283\/revisions"}],"predecessor-version":[{"id":42373,"href":"https:\/\/www.urlaubcornwall.de\/blog\/wp-json\/wp\/v2\/pages\/31283\/revisions\/42373"}],"wp:attachment":[{"href":"https:\/\/www.urlaubcornwall.de\/blog\/wp-json\/wp\/v2\/media?parent=31283"}],"curies":[{"name":"wp","href":"https:\/\/api.w.org\/{rel}","templated":true}]}}