{"id":31105,"date":"2017-12-15T11:44:25","date_gmt":"2017-12-15T11:44:25","guid":{"rendered":"https:\/\/www.urlaubcornwall.de\/blog\/?page_id=31105"},"modified":"2024-05-30T12:39:18","modified_gmt":"2024-05-30T12:39:18","slug":"ferienhaeuser-mit-hund-nord-devon-die-schoensten-doerfer-und-kuestenstaedte","status":"publish","type":"page","link":"https:\/\/www.urlaubcornwall.de\/blog\/ferienhaeuser-mit-hund-nord-devon-die-schoensten-doerfer-und-kuestenstaedte\/","title":{"rendered":"Ferienh\u00e4user mit Hund in Nord Devon \u2013 die Sch\u00f6nsten D\u00f6rfer und K\u00fcstenst\u00e4dte"},"content":{"rendered":"<p><a href=\"https:\/\/www.urlaubcornwall.de\/blog\/wp-content\/uploads\/2016\/06\/bigbury-am-meer.jpg\"><img loading=\"lazy\" src=\"https:\/\/www.urlaubcornwall.de\/blog\/wp-content\/uploads\/2016\/06\/bigbury-am-meer.jpg\" alt=\"Wundersch\u00f6ne Str\u00e4nde in bigbury Devon\" width=\"744\" height=\"427\" class=\"alignnone size-full wp-image-24551\" srcset=\"https:\/\/www.urlaubcornwall.de\/blog\/wp-content\/uploads\/2016\/06\/bigbury-am-meer.jpg 744w, https:\/\/www.urlaubcornwall.de\/blog\/wp-content\/uploads\/2016\/06\/bigbury-am-meer-300x172.jpg 300w\" sizes=\"(max-width: 744px) 100vw, 744px\" \/><\/a><\/p>\n<p style=\"text-align: center;\"><strong>Bei uns finden Sie Ferienh\u00e4user in Nord Devon zum Verlieben &#8211; so einfach ist das!<\/strong><\/p>\n<p style=\"text-align: center;\">Die Nordk\u00fcste ist der Keltischen See ausgesetzt und bietet Surfstr\u00e4nde in <a href=\"http:\/\/www.urlaubcornwall.de\/ferienhaeuser-fewos\/woolacombe.html\">Woolacombe<\/a>, Saunton und Westward Ho! Ein Ferienhaus mit Selbstverpflegung in Devon bietet von allem das Beste: In den Seebadeorten stehen Deckst\u00fchle zum Entspannen f\u00fcr Sie bereit, perfekt, um die Seele baumeln zu lassen und sich ein Eis zu g\u00f6nnen.<\/p>\n<p style=\"text-align: center;\"><a class=\"tidycta\" href=\"https:\/\/www.urlaubcornwall.de\/ferienhaeuser\/devon.php\">Suche Ferienh\u00e4user in Devon<\/a><\/p>\n<p style=\"text-align: center;\">Pers\u00f6nlich inspizierte Ferienh\u00e4user und Ferienwohnungen in Devon f\u00fcr Ihren Urlaub mit Haustiere erlaubt. \u00dcber 700 hundefreundliche Ferienh\u00e4user, Cottages &amp; Ferienwohnungen in Devon und S\u00fcdwest- England.<\/p>\n<table width=\"746\">\n<tbody>\n<tr>\n<td width=\"177\"><a href=\"https:\/\/www.urlaubcornwall.de\/ferienhaeuser-fewos\/ilfracombe-mit-hund.html\">Ilfracombe (40)<\/a><\/td>\n<td width=\"135\"><a href=\"https:\/\/www.urlaubcornwall.de\/ferienhaeuser-fewos\/devon-hundefreundlich.html\n\">Lobb (3)<\/a><\/td>\n<td width=\"139\"><a href=\"https:\/\/www.urlaubcornwall.de\/ferienhaeuser-fewos\/devon-hundefreundlich.html\n\">Guineaford (1)<\/a><\/td>\n<td width=\"100\"><a href=\"https:\/\/www.urlaubcornwall.de\/ferienhaeuser-fewos\/devon-hundefreundlich.html\n\">Swimbridge (1)<\/a><\/td>\n<\/tr>\n<tr>\n<td><a href=\"https:\/\/www.urlaubcornwall.de\/ferienhaeuser-fewos\/eng\/devon\/instow-hundefreundlich.html\n\">Instow (17)<\/a><\/td>\n<td><a href=\"https:\/\/www.urlaubcornwall.de\/ferienhaeuser-fewos\/devon-hundefreundlich.html\n\">Shirwell (3)<\/a><\/td>\n<td><a href=\"https:\/\/www.urlaubcornwall.de\/ferienhaeuser-fewos\/devon-hundefreundlich.html\n\">West Buckland (1)<\/a><\/td>\n<td><a href=\"https:\/\/www.urlaubcornwall.de\/ferienhaeuser-fewos\/devon-hundefreundlich.html\n\">Bradiford (1)<\/a><\/td>\n<\/tr>\n<tr>\n<td><a href=\"https:\/\/www.urlaubcornwall.de\/ferienhaeuser-fewos\/eng\/nord-devon\/combe-martin-hundefreundlich.html\">Combe Martin (14)<\/a><\/td>\n<td><a href=\"https:\/\/www.urlaubcornwall.de\/ferienhaeuser-fewos\/devon-hundefreundlich.html\n\">Georgeham (3)<\/a><\/td>\n<td><a href=\"https:\/\/www.urlaubcornwall.de\/ferienhaeuser-fewos\/eng\/nord-devon\/chittlehampton.html\">Chittlehampton (1)<\/a><\/td>\n<td>&nbsp;<\/td>\n<\/tr>\n<tr>\n<td><a href=\"https:\/\/www.urlaubcornwall.de\/ferienhaeuser-fewos\/eng\/devon\/woolacombe-hundefreundlich.html\">Woolacombe (12)<\/a><\/td>\n<td><a href=\"https:\/\/www.urlaubcornwall.de\/ferienhaeuser-fewos\/devon-hundefreundlich.html\n\">Umberleigh (3)<\/a><\/td>\n<td><a href=\"https:\/\/www.urlaubcornwall.de\/ferienhaeuser-fewos\/devon-hundefreundlich.html\n\">Eastacombe (1)<\/a><\/td>\n<td>&nbsp;<\/td>\n<\/tr>\n<tr>\n<td><a href=\"https:\/\/www.urlaubcornwall.de\/ferienhaeuser-fewos\/devon-hundefreundlich.html\n\">Berrynarbor (11)<\/a><\/td>\n<td><a href=\"https:\/\/www.urlaubcornwall.de\/ferienhaeuser-fewos\/devon-hundefreundlich.html\n\">Bittadon (3)<\/a><\/td>\n<td><a href=\"https:\/\/www.urlaubcornwall.de\/ferienhaeuser-fewos\/eng\/nord-devon\/bratton-fleming.html\n\">Bratton Fleming (1)<\/a><\/td>\n<td>&nbsp;<\/td>\n<\/tr>\n<tr>\n<td><a href=\"https:\/\/www.urlaubcornwall.de\/ferienhaeuser-fewos\/eng\/devon\/parracombe-hundefreundlich.html\n\">Parracombe (8)<\/a><\/td>\n<td><a href=\"https:\/\/www.urlaubcornwall.de\/ferienhaeuser-fewos\/eng\/nord-devon\/landkey-hundefreundlich.html\n\">Landkey (3)<\/a><\/td>\n<td><a href=\"https:\/\/www.urlaubcornwall.de\/ferienhaeuser-fewos\/devon-hundefreundlich.html\n\">Ash Mill (1)<\/a><\/td>\n<td>&nbsp;<\/td>\n<\/tr>\n<tr>\n<td><a href=\"https:\/\/www.urlaubcornwall.de\/ferienhaeuser-fewos\/south-molton-mit-hund.html\n\">South Molton (8)<\/a><\/td>\n<td><a href=\"https:\/\/www.urlaubcornwall.de\/ferienhaeuser-fewos\/eng\/devon\/lynton-hundefreundlich.html\n\">Lynton (3)<\/a><\/td>\n<td><a href=\"https:\/\/www.urlaubcornwall.de\/ferienhaeuser-fewos\/devon-hundefreundlich.html\n\">Newton Tracey (1)<\/a><\/td>\n<td>&nbsp;<\/td>\n<\/tr>\n<tr>\n<td><a href=\"https:\/\/www.urlaubcornwall.de\/ferienhaeuser-fewos\/devon-hundefreundlich.html\n\">Tawstock (5)<\/a><\/td>\n<td><a href=\"https:\/\/www.urlaubcornwall.de\/ferienhaeuser-fewos\/devon-hundefreundlich.html\n\">Muddiford (2)<\/a><\/td>\n<td><a href=\"https:\/\/www.urlaubcornwall.de\/ferienhaeuser-fewos\/devon-hundefreundlich.html\n\">Bishmill (1)<\/a><\/td>\n<td>&nbsp;<\/td>\n<\/tr>\n<tr>\n<td><a href=\"https:\/\/www.urlaubcornwall.de\/ferienhaeuser-fewos\/devon-hundefreundlich.html\n\">Chulmleigh (5)<\/a><\/td>\n<td><a href=\"https:\/\/www.urlaubcornwall.de\/ferienhaeuser-fewos\/devon-hundefreundlich.html\n\">Lee (2)<\/a><\/td>\n<td><a href=\"https:\/\/www.urlaubcornwall.de\/ferienhaeuser-fewos\/devon-hundefreundlich.html\n\">Kentisbury (1)<\/a><\/td>\n<td>&nbsp;<\/td>\n<\/tr>\n<tr>\n<td><a href=\"https:\/\/www.urlaubcornwall.de\/ferienhaeuser-fewos\/devon-hundefreundlich.html\n\">Hiscott (5)<\/a><\/td>\n<td><a href=\"https:\/\/www.urlaubcornwall.de\/ferienhaeuser-fewos\/devon-hundefreundlich.html\n\">Mariansleigh (2)<\/a><\/td>\n<td><a href=\"https:\/\/www.urlaubcornwall.de\/ferienhaeuser-fewos\/eng\/devon\/barnstaple-hundefreundlich.html\n\">Barnstaple (1)<\/a><\/td>\n<td>&nbsp;<\/td>\n<\/tr>\n<tr>\n<td><a href=\"https:\/\/www.urlaubcornwall.de\/ferienhaeuser-fewos\/devon-hundefreundlich.html\n\">Mortehoe (5)<\/a><\/td>\n<td><a href=\"https:\/\/www.urlaubcornwall.de\/ferienhaeuser-fewos\/devon-hundefreundlich.html\n\">West Down (2)<\/a><\/td>\n<td><a href=\"https:\/\/www.urlaubcornwall.de\/ferienhaeuser-fewos\/devon-hundefreundlich.html\n\">Goodleigh (1)<\/a><\/td>\n<td>&nbsp;<\/td>\n<\/tr>\n<tr>\n<td><a href=\"https:\/\/www.urlaubcornwall.de\/ferienhaeuser-fewos\/eng\/devon\/high-bickington-hundefreundlich.html\n\">Bickington (4)<\/a><\/td>\n<td><a href=\"https:\/\/www.urlaubcornwall.de\/ferienhaeuser-fewos\/devon-hundefreundlich.html\n\">Middle Marwood (2)<\/a><\/td>\n<td><a href=\"https:\/\/www.urlaubcornwall.de\/ferienhaeuser-fewos\/devon-hundefreundlich.html\n\">Warkleigh (1)<\/a><\/td>\n<td>&nbsp;<\/td>\n<\/tr>\n<tr>\n<td><a href=\"https:\/\/www.urlaubcornwall.de\/ferienhaeuser-fewos\/devon-hundefreundlich.html\n\">Harracott (4)<\/a><\/td>\n<td><a href=\"https:\/\/www.urlaubcornwall.de\/ferienhaeuser-fewos\/devon-hundefreundlich.html\n\">Burrington (2)<\/a><\/td>\n<td><a href=\"https:\/\/www.urlaubcornwall.de\/ferienhaeuser-fewos\/devon-hundefreundlich.html\n\">Challacombe (1)<\/a><\/td>\n<td>&nbsp;<\/td>\n<\/tr>\n<tr>\n<td><a href=\"https:\/\/www.urlaubcornwall.de\/ferienhaeuser-fewos\/croyde-mit-hund.html\n\">Croyde (4)<\/a><\/td>\n<td><a href=\"https:\/\/www.urlaubcornwall.de\/ferienhaeuser-fewos\/lynmouth-mit-hund.html\n\">Lynmouth (2)<\/a><\/td>\n<td><a href=\"https:\/\/www.urlaubcornwall.de\/ferienhaeuser-fewos\/devon-hundefreundlich.html\n\">Roundswell (1)<\/a><\/td>\n<td>&nbsp;<\/td>\n<\/tr>\n<tr>\n<td><a href=\"https:\/\/www.urlaubcornwall.de\/ferienhaeuser-fewos\/lynmouth-mit-hund.html\n\">Saunton (3)<\/a><\/td>\n<td><a href=\"https:\/\/www.urlaubcornwall.de\/ferienhaeuser-fewos\/devon-hundefreundlich.html\n\">Alswear (1)<\/a><\/td>\n<td><a href=\"https:\/\/www.urlaubcornwall.de\/ferienhaeuser-fewos\/devon-hundefreundlich.html\n\">Wrafton (1)<\/a><\/td>\n<td>&nbsp;<\/td>\n<\/tr>\n<\/tbody>\n<\/table>\n<p>&nbsp;<br \/>\n<img loading=\"lazy\" class=\"aligncenter size-full wp-image-24598\" src=\"https:\/\/www.urlaubcornwall.de\/blog\/wp-content\/uploads\/2016\/06\/urlaub-und-sudengland_logo-final.jpg\" width=\"746\" height=\"361\"\/><\/p>\n","protected":false},"excerpt":{"rendered":"<p>Bei uns finden Sie Ferienh\u00e4user in Nord Devon zum Verlieben &#8211; so einfach ist das! Die Nordk\u00fcste ist der Keltischen See ausgesetzt und bietet Surfstr\u00e4nde in Woolacombe, Saunton und Westward Ho! Ein Ferienhaus mit Selbstverpflegung in Devon bietet von allem das Beste: In den Seebadeorten stehen Deckst\u00fchle zum Entspannen f\u00fcr Sie bereit, perfekt, um die [&hellip;]<\/p>\n","protected":false},"author":1,"featured_media":0,"parent":0,"menu_order":0,"comment_status":"closed","ping_status":"closed","template":"single-four.php","meta":[],"acf":[],"yoast_head":"<!-- This site is optimized with the Yoast SEO plugin v19.4 - https:\/\/yoast.com\/wordpress\/plugins\/seo\/ -->\n<title>Ferienh\u00e4user mit Hund in Nord Devon \u2013 die Sch\u00f6nsten D\u00f6rfer und K\u00fcstenst\u00e4dte - Urlaub &amp; Reisen<\/title>\n<meta name=\"robots\" content=\"index, follow, max-snippet:-1, max-image-preview:large, max-video-preview:-1\" \/>\n<link rel=\"canonical\" href=\"https:\/\/www.urlaubcornwall.de\/blog\/ferienhaeuser-mit-hund-nord-devon-die-schoensten-doerfer-und-kuestenstaedte\/\" \/>\n<meta property=\"og:locale\" content=\"en_US\" \/>\n<meta property=\"og:type\" content=\"article\" \/>\n<meta property=\"og:title\" content=\"Ferienh\u00e4user mit Hund in Nord Devon \u2013 die Sch\u00f6nsten D\u00f6rfer und K\u00fcstenst\u00e4dte - Urlaub &amp; Reisen\" \/>\n<meta property=\"og:description\" content=\"Bei uns finden Sie Ferienh\u00e4user in Nord Devon zum Verlieben &#8211; so einfach ist das! Die Nordk\u00fcste ist der Keltischen See ausgesetzt und bietet Surfstr\u00e4nde in Woolacombe, Saunton und Westward Ho! Ein Ferienhaus mit Selbstverpflegung in Devon bietet von allem das Beste: In den Seebadeorten stehen Deckst\u00fchle zum Entspannen f\u00fcr Sie bereit, perfekt, um die [&hellip;]\" \/>\n<meta property=\"og:url\" content=\"https:\/\/www.urlaubcornwall.de\/blog\/ferienhaeuser-mit-hund-nord-devon-die-schoensten-doerfer-und-kuestenstaedte\/\" \/>\n<meta property=\"og:site_name\" content=\"Urlaub &amp; Reisen\" \/>\n<meta property=\"article:modified_time\" content=\"2024-05-30T12:39:18+00:00\" \/>\n<meta property=\"og:image\" content=\"https:\/\/www.urlaubcornwall.de\/blog\/wp-content\/uploads\/2016\/06\/bigbury-am-meer.jpg\" \/>\n<meta name=\"twitter:card\" content=\"summary\" \/>\n<meta name=\"twitter:label1\" content=\"Est. reading time\" \/>\n\t<meta name=\"twitter:data1\" content=\"2 minutes\" \/>\n<script type=\"application\/ld+json\" class=\"yoast-schema-graph\">{\"@context\":\"https:\/\/schema.org\",\"@graph\":[{\"@type\":\"WebSite\",\"@id\":\"https:\/\/www.urlaubcornwall.de\/blog\/#website\",\"url\":\"https:\/\/www.urlaubcornwall.de\/blog\/\",\"name\":\"Urlaub &amp; Reisen\",\"description\":\"Urlaub, Reisen, Cornwall und S\u00fcdengland: eine perfekte Kombination\",\"potentialAction\":[{\"@type\":\"SearchAction\",\"target\":{\"@type\":\"EntryPoint\",\"urlTemplate\":\"https:\/\/www.urlaubcornwall.de\/blog\/?s={search_term_string}\"},\"query-input\":\"required name=search_term_string\"}],\"inLanguage\":\"en-US\"},{\"@type\":\"WebPage\",\"@id\":\"https:\/\/www.urlaubcornwall.de\/blog\/ferienhaeuser-mit-hund-nord-devon-die-schoensten-doerfer-und-kuestenstaedte\/\",\"url\":\"https:\/\/www.urlaubcornwall.de\/blog\/ferienhaeuser-mit-hund-nord-devon-die-schoensten-doerfer-und-kuestenstaedte\/\",\"name\":\"Ferienh\u00e4user mit Hund in Nord Devon \u2013 die Sch\u00f6nsten D\u00f6rfer und K\u00fcstenst\u00e4dte - Urlaub &amp; Reisen\",\"isPartOf\":{\"@id\":\"https:\/\/www.urlaubcornwall.de\/blog\/#website\"},\"datePublished\":\"2017-12-15T11:44:25+00:00\",\"dateModified\":\"2024-05-30T12:39:18+00:00\",\"breadcrumb\":{\"@id\":\"https:\/\/www.urlaubcornwall.de\/blog\/ferienhaeuser-mit-hund-nord-devon-die-schoensten-doerfer-und-kuestenstaedte\/#breadcrumb\"},\"inLanguage\":\"en-US\",\"potentialAction\":[{\"@type\":\"ReadAction\",\"target\":[\"https:\/\/www.urlaubcornwall.de\/blog\/ferienhaeuser-mit-hund-nord-devon-die-schoensten-doerfer-und-kuestenstaedte\/\"]}]},{\"@type\":\"BreadcrumbList\",\"@id\":\"https:\/\/www.urlaubcornwall.de\/blog\/ferienhaeuser-mit-hund-nord-devon-die-schoensten-doerfer-und-kuestenstaedte\/#breadcrumb\",\"itemListElement\":[{\"@type\":\"ListItem\",\"position\":1,\"name\":\"Home\",\"item\":\"https:\/\/www.urlaubcornwall.de\/blog\/\"},{\"@type\":\"ListItem\",\"position\":2,\"name\":\"Ferienh\u00e4user mit Hund in Nord Devon \u2013 die Sch\u00f6nsten D\u00f6rfer und K\u00fcstenst\u00e4dte\"}]}]}<\/script>\n<!-- \/ Yoast SEO plugin. -->","yoast_head_json":{"title":"Ferienh\u00e4user mit Hund in Nord Devon \u2013 die Sch\u00f6nsten D\u00f6rfer und K\u00fcstenst\u00e4dte - Urlaub &amp; Reisen","robots":{"index":"index","follow":"follow","max-snippet":"max-snippet:-1","max-image-preview":"max-image-preview:large","max-video-preview":"max-video-preview:-1"},"canonical":"https:\/\/www.urlaubcornwall.de\/blog\/ferienhaeuser-mit-hund-nord-devon-die-schoensten-doerfer-und-kuestenstaedte\/","og_locale":"en_US","og_type":"article","og_title":"Ferienh\u00e4user mit Hund in Nord Devon \u2013 die Sch\u00f6nsten D\u00f6rfer und K\u00fcstenst\u00e4dte - Urlaub &amp; Reisen","og_description":"Bei uns finden Sie Ferienh\u00e4user in Nord Devon zum Verlieben &#8211; so einfach ist das! Die Nordk\u00fcste ist der Keltischen See ausgesetzt und bietet Surfstr\u00e4nde in Woolacombe, Saunton und Westward Ho! Ein Ferienhaus mit Selbstverpflegung in Devon bietet von allem das Beste: In den Seebadeorten stehen Deckst\u00fchle zum Entspannen f\u00fcr Sie bereit, perfekt, um die [&hellip;]","og_url":"https:\/\/www.urlaubcornwall.de\/blog\/ferienhaeuser-mit-hund-nord-devon-die-schoensten-doerfer-und-kuestenstaedte\/","og_site_name":"Urlaub &amp; Reisen","article_modified_time":"2024-05-30T12:39:18+00:00","og_image":[{"url":"https:\/\/www.urlaubcornwall.de\/blog\/wp-content\/uploads\/2016\/06\/bigbury-am-meer.jpg"}],"twitter_card":"summary","twitter_misc":{"Est. reading time":"2 minutes"},"schema":{"@context":"https:\/\/schema.org","@graph":[{"@type":"WebSite","@id":"https:\/\/www.urlaubcornwall.de\/blog\/#website","url":"https:\/\/www.urlaubcornwall.de\/blog\/","name":"Urlaub &amp; Reisen","description":"Urlaub, Reisen, Cornwall und S\u00fcdengland: eine perfekte Kombination","potentialAction":[{"@type":"SearchAction","target":{"@type":"EntryPoint","urlTemplate":"https:\/\/www.urlaubcornwall.de\/blog\/?s={search_term_string}"},"query-input":"required name=search_term_string"}],"inLanguage":"en-US"},{"@type":"WebPage","@id":"https:\/\/www.urlaubcornwall.de\/blog\/ferienhaeuser-mit-hund-nord-devon-die-schoensten-doerfer-und-kuestenstaedte\/","url":"https:\/\/www.urlaubcornwall.de\/blog\/ferienhaeuser-mit-hund-nord-devon-die-schoensten-doerfer-und-kuestenstaedte\/","name":"Ferienh\u00e4user mit Hund in Nord Devon \u2013 die Sch\u00f6nsten D\u00f6rfer und K\u00fcstenst\u00e4dte - Urlaub &amp; Reisen","isPartOf":{"@id":"https:\/\/www.urlaubcornwall.de\/blog\/#website"},"datePublished":"2017-12-15T11:44:25+00:00","dateModified":"2024-05-30T12:39:18+00:00","breadcrumb":{"@id":"https:\/\/www.urlaubcornwall.de\/blog\/ferienhaeuser-mit-hund-nord-devon-die-schoensten-doerfer-und-kuestenstaedte\/#breadcrumb"},"inLanguage":"en-US","potentialAction":[{"@type":"ReadAction","target":["https:\/\/www.urlaubcornwall.de\/blog\/ferienhaeuser-mit-hund-nord-devon-die-schoensten-doerfer-und-kuestenstaedte\/"]}]},{"@type":"BreadcrumbList","@id":"https:\/\/www.urlaubcornwall.de\/blog\/ferienhaeuser-mit-hund-nord-devon-die-schoensten-doerfer-und-kuestenstaedte\/#breadcrumb","itemListElement":[{"@type":"ListItem","position":1,"name":"Home","item":"https:\/\/www.urlaubcornwall.de\/blog\/"},{"@type":"ListItem","position":2,"name":"Ferienh\u00e4user mit Hund in Nord Devon \u2013 die Sch\u00f6nsten D\u00f6rfer und K\u00fcstenst\u00e4dte"}]}]}},"_links":{"self":[{"href":"https:\/\/www.urlaubcornwall.de\/blog\/wp-json\/wp\/v2\/pages\/31105"}],"collection":[{"href":"https:\/\/www.urlaubcornwall.de\/blog\/wp-json\/wp\/v2\/pages"}],"about":[{"href":"https:\/\/www.urlaubcornwall.de\/blog\/wp-json\/wp\/v2\/types\/page"}],"author":[{"embeddable":true,"href":"https:\/\/www.urlaubcornwall.de\/blog\/wp-json\/wp\/v2\/users\/1"}],"replies":[{"embeddable":true,"href":"https:\/\/www.urlaubcornwall.de\/blog\/wp-json\/wp\/v2\/comments?post=31105"}],"version-history":[{"count":8,"href":"https:\/\/www.urlaubcornwall.de\/blog\/wp-json\/wp\/v2\/pages\/31105\/revisions"}],"predecessor-version":[{"id":51040,"href":"https:\/\/www.urlaubcornwall.de\/blog\/wp-json\/wp\/v2\/pages\/31105\/revisions\/51040"}],"wp:attachment":[{"href":"https:\/\/www.urlaubcornwall.de\/blog\/wp-json\/wp\/v2\/media?parent=31105"}],"curies":[{"name":"wp","href":"https:\/\/api.w.org\/{rel}","templated":true}]}}