{"id":31098,"date":"2017-12-14T16:55:18","date_gmt":"2017-12-14T16:55:18","guid":{"rendered":"https:\/\/www.urlaubcornwall.de\/blog\/?page_id=31098"},"modified":"2024-05-30T12:40:22","modified_gmt":"2024-05-30T12:40:22","slug":"ferienhaeuser-mit-hund-sued-devon-die-schoensten-doerfer-und-kuestenstaedte","status":"publish","type":"page","link":"https:\/\/www.urlaubcornwall.de\/blog\/ferienhaeuser-mit-hund-sued-devon-die-schoensten-doerfer-und-kuestenstaedte\/","title":{"rendered":"Ferienh\u00e4user mit Hund in S\u00fcd Devon \u2013 die Sch\u00f6nsten D\u00f6rfer und K\u00fcstenst\u00e4dte"},"content":{"rendered":"<p><a href=\"https:\/\/www.urlaubcornwall.de\/blog\/wp-content\/uploads\/2016\/06\/bigbury-am-meer.jpg\"><img loading=\"lazy\" src=\"https:\/\/www.urlaubcornwall.de\/blog\/wp-content\/uploads\/2016\/06\/bigbury-am-meer.jpg\" alt=\"Wundersch\u00f6ne Str\u00e4nde in bigbury Devon\" width=\"744\" height=\"427\" class=\"alignnone size-full wp-image-24551\" srcset=\"https:\/\/www.urlaubcornwall.de\/blog\/wp-content\/uploads\/2016\/06\/bigbury-am-meer.jpg 744w, https:\/\/www.urlaubcornwall.de\/blog\/wp-content\/uploads\/2016\/06\/bigbury-am-meer-300x172.jpg 300w\" sizes=\"(max-width: 744px) 100vw, 744px\" \/><\/a><\/p>\n<p style=\"text-align: center;\"><strong>Bei uns finden Sie Ferienh\u00e4user in Devon mit Hund zum Verlieben &#8211; so einfach ist das!<\/strong><\/p>\n<p style=\"text-align: center;\">Devon liegt in S\u00fcdwestengland und ist die einzige Grafschaft, die zwei v\u00f6llig voneinander getrennte K\u00fcstenlinien besitzt, n\u00e4mlich <a href=\"https:\/\/www.urlaubcornwall.de\/reiseziel\/devon.php\">Norddevon und S\u00fcddevon<\/a> (South Hams), die sich beide durch wundersch\u00f6ne Sandstr\u00e4nde ausweisen, ideal um Ihren Urlaub dort zu verbringen. Devon geh\u00f6rt zu Englands beliebtesten Urlaubsdestinationen und ist gleicherma\u00dfen bei P\u00e4rchen und Familien beliebt, die durch S\u00fcdengland reisen m\u00f6chten.<\/p>\n<p style=\"text-align: center;\">Pers\u00f6nlich inspizierte Ferienh\u00e4user und Ferienwohnungen in S\u00fcd Devon f\u00fcr Ihren Urlaub mit Haustiere erlaubt. \u00dcber 700 hundefreundliche Ferienh\u00e4user, Cottages &amp; Ferienwohnungen in Devon und S\u00fcdwest England.<\/p>\n<p style=\"text-align: center;\"><a class=\"tidycta\" href=\"https:\/\/www.urlaubcornwall.de\/ferienhaeuser-fewos\/eng\/sued-devon\/sued-devon-am-meer.html\">Suche Ferienh\u00e4user S\u00fcddevon<\/a><\/p>\n<p><img loading=\"lazy\" class=\"aligncenter size-full wp-image-24598\" src=\"https:\/\/www.urlaubcornwall.de\/blog\/wp-content\/uploads\/2016\/06\/urlaub-und-sudengland_logo-final.jpg\" width=\"746\" height=\"361\"\/><\/p>\n","protected":false},"excerpt":{"rendered":"<p>Bei uns finden Sie Ferienh\u00e4user in Devon mit Hund zum Verlieben &#8211; so einfach ist das! Devon liegt in S\u00fcdwestengland und ist die einzige Grafschaft, die zwei v\u00f6llig voneinander getrennte K\u00fcstenlinien besitzt, n\u00e4mlich Norddevon und S\u00fcddevon (South Hams), die sich beide durch wundersch\u00f6ne Sandstr\u00e4nde ausweisen, ideal um Ihren Urlaub dort zu verbringen. Devon geh\u00f6rt zu [&hellip;]<\/p>\n","protected":false},"author":1,"featured_media":0,"parent":0,"menu_order":0,"comment_status":"closed","ping_status":"closed","template":"single-four.php","meta":[],"acf":[],"yoast_head":"<!-- This site is optimized with the Yoast SEO plugin v19.4 - https:\/\/yoast.com\/wordpress\/plugins\/seo\/ -->\n<title>Ferienh\u00e4user mit Hund in S\u00fcd Devon \u2013 die Sch\u00f6nsten D\u00f6rfer und K\u00fcstenst\u00e4dte - Urlaub &amp; Reisen<\/title>\n<meta name=\"robots\" content=\"index, follow, max-snippet:-1, max-image-preview:large, max-video-preview:-1\" \/>\n<link rel=\"canonical\" href=\"https:\/\/www.urlaubcornwall.de\/blog\/ferienhaeuser-mit-hund-sued-devon-die-schoensten-doerfer-und-kuestenstaedte\/\" \/>\n<meta property=\"og:locale\" content=\"en_US\" \/>\n<meta property=\"og:type\" content=\"article\" \/>\n<meta property=\"og:title\" content=\"Ferienh\u00e4user mit Hund in S\u00fcd Devon \u2013 die Sch\u00f6nsten D\u00f6rfer und K\u00fcstenst\u00e4dte - Urlaub &amp; Reisen\" \/>\n<meta property=\"og:description\" content=\"Bei uns finden Sie Ferienh\u00e4user in Devon mit Hund zum Verlieben &#8211; so einfach ist das! Devon liegt in S\u00fcdwestengland und ist die einzige Grafschaft, die zwei v\u00f6llig voneinander getrennte K\u00fcstenlinien besitzt, n\u00e4mlich Norddevon und S\u00fcddevon (South Hams), die sich beide durch wundersch\u00f6ne Sandstr\u00e4nde ausweisen, ideal um Ihren Urlaub dort zu verbringen. Devon geh\u00f6rt zu [&hellip;]\" \/>\n<meta property=\"og:url\" content=\"https:\/\/www.urlaubcornwall.de\/blog\/ferienhaeuser-mit-hund-sued-devon-die-schoensten-doerfer-und-kuestenstaedte\/\" \/>\n<meta property=\"og:site_name\" content=\"Urlaub &amp; Reisen\" \/>\n<meta property=\"article:modified_time\" content=\"2024-05-30T12:40:22+00:00\" \/>\n<meta property=\"og:image\" content=\"https:\/\/www.urlaubcornwall.de\/blog\/wp-content\/uploads\/2016\/06\/bigbury-am-meer.jpg\" \/>\n<meta name=\"twitter:card\" content=\"summary\" \/>\n<meta name=\"twitter:label1\" content=\"Est. reading time\" \/>\n\t<meta name=\"twitter:data1\" content=\"1 minute\" \/>\n<script type=\"application\/ld+json\" class=\"yoast-schema-graph\">{\"@context\":\"https:\/\/schema.org\",\"@graph\":[{\"@type\":\"WebSite\",\"@id\":\"https:\/\/www.urlaubcornwall.de\/blog\/#website\",\"url\":\"https:\/\/www.urlaubcornwall.de\/blog\/\",\"name\":\"Urlaub &amp; Reisen\",\"description\":\"Urlaub, Reisen, Cornwall und S\u00fcdengland: eine perfekte Kombination\",\"potentialAction\":[{\"@type\":\"SearchAction\",\"target\":{\"@type\":\"EntryPoint\",\"urlTemplate\":\"https:\/\/www.urlaubcornwall.de\/blog\/?s={search_term_string}\"},\"query-input\":\"required name=search_term_string\"}],\"inLanguage\":\"en-US\"},{\"@type\":\"WebPage\",\"@id\":\"https:\/\/www.urlaubcornwall.de\/blog\/ferienhaeuser-mit-hund-sued-devon-die-schoensten-doerfer-und-kuestenstaedte\/\",\"url\":\"https:\/\/www.urlaubcornwall.de\/blog\/ferienhaeuser-mit-hund-sued-devon-die-schoensten-doerfer-und-kuestenstaedte\/\",\"name\":\"Ferienh\u00e4user mit Hund in S\u00fcd Devon \u2013 die Sch\u00f6nsten D\u00f6rfer und K\u00fcstenst\u00e4dte - Urlaub &amp; Reisen\",\"isPartOf\":{\"@id\":\"https:\/\/www.urlaubcornwall.de\/blog\/#website\"},\"datePublished\":\"2017-12-14T16:55:18+00:00\",\"dateModified\":\"2024-05-30T12:40:22+00:00\",\"breadcrumb\":{\"@id\":\"https:\/\/www.urlaubcornwall.de\/blog\/ferienhaeuser-mit-hund-sued-devon-die-schoensten-doerfer-und-kuestenstaedte\/#breadcrumb\"},\"inLanguage\":\"en-US\",\"potentialAction\":[{\"@type\":\"ReadAction\",\"target\":[\"https:\/\/www.urlaubcornwall.de\/blog\/ferienhaeuser-mit-hund-sued-devon-die-schoensten-doerfer-und-kuestenstaedte\/\"]}]},{\"@type\":\"BreadcrumbList\",\"@id\":\"https:\/\/www.urlaubcornwall.de\/blog\/ferienhaeuser-mit-hund-sued-devon-die-schoensten-doerfer-und-kuestenstaedte\/#breadcrumb\",\"itemListElement\":[{\"@type\":\"ListItem\",\"position\":1,\"name\":\"Home\",\"item\":\"https:\/\/www.urlaubcornwall.de\/blog\/\"},{\"@type\":\"ListItem\",\"position\":2,\"name\":\"Ferienh\u00e4user mit Hund in S\u00fcd Devon \u2013 die Sch\u00f6nsten D\u00f6rfer und K\u00fcstenst\u00e4dte\"}]}]}<\/script>\n<!-- \/ Yoast SEO plugin. -->","yoast_head_json":{"title":"Ferienh\u00e4user mit Hund in S\u00fcd Devon \u2013 die Sch\u00f6nsten D\u00f6rfer und K\u00fcstenst\u00e4dte - Urlaub &amp; Reisen","robots":{"index":"index","follow":"follow","max-snippet":"max-snippet:-1","max-image-preview":"max-image-preview:large","max-video-preview":"max-video-preview:-1"},"canonical":"https:\/\/www.urlaubcornwall.de\/blog\/ferienhaeuser-mit-hund-sued-devon-die-schoensten-doerfer-und-kuestenstaedte\/","og_locale":"en_US","og_type":"article","og_title":"Ferienh\u00e4user mit Hund in S\u00fcd Devon \u2013 die Sch\u00f6nsten D\u00f6rfer und K\u00fcstenst\u00e4dte - Urlaub &amp; Reisen","og_description":"Bei uns finden Sie Ferienh\u00e4user in Devon mit Hund zum Verlieben &#8211; so einfach ist das! Devon liegt in S\u00fcdwestengland und ist die einzige Grafschaft, die zwei v\u00f6llig voneinander getrennte K\u00fcstenlinien besitzt, n\u00e4mlich Norddevon und S\u00fcddevon (South Hams), die sich beide durch wundersch\u00f6ne Sandstr\u00e4nde ausweisen, ideal um Ihren Urlaub dort zu verbringen. Devon geh\u00f6rt zu [&hellip;]","og_url":"https:\/\/www.urlaubcornwall.de\/blog\/ferienhaeuser-mit-hund-sued-devon-die-schoensten-doerfer-und-kuestenstaedte\/","og_site_name":"Urlaub &amp; Reisen","article_modified_time":"2024-05-30T12:40:22+00:00","og_image":[{"url":"https:\/\/www.urlaubcornwall.de\/blog\/wp-content\/uploads\/2016\/06\/bigbury-am-meer.jpg"}],"twitter_card":"summary","twitter_misc":{"Est. reading time":"1 minute"},"schema":{"@context":"https:\/\/schema.org","@graph":[{"@type":"WebSite","@id":"https:\/\/www.urlaubcornwall.de\/blog\/#website","url":"https:\/\/www.urlaubcornwall.de\/blog\/","name":"Urlaub &amp; Reisen","description":"Urlaub, Reisen, Cornwall und S\u00fcdengland: eine perfekte Kombination","potentialAction":[{"@type":"SearchAction","target":{"@type":"EntryPoint","urlTemplate":"https:\/\/www.urlaubcornwall.de\/blog\/?s={search_term_string}"},"query-input":"required name=search_term_string"}],"inLanguage":"en-US"},{"@type":"WebPage","@id":"https:\/\/www.urlaubcornwall.de\/blog\/ferienhaeuser-mit-hund-sued-devon-die-schoensten-doerfer-und-kuestenstaedte\/","url":"https:\/\/www.urlaubcornwall.de\/blog\/ferienhaeuser-mit-hund-sued-devon-die-schoensten-doerfer-und-kuestenstaedte\/","name":"Ferienh\u00e4user mit Hund in S\u00fcd Devon \u2013 die Sch\u00f6nsten D\u00f6rfer und K\u00fcstenst\u00e4dte - Urlaub &amp; Reisen","isPartOf":{"@id":"https:\/\/www.urlaubcornwall.de\/blog\/#website"},"datePublished":"2017-12-14T16:55:18+00:00","dateModified":"2024-05-30T12:40:22+00:00","breadcrumb":{"@id":"https:\/\/www.urlaubcornwall.de\/blog\/ferienhaeuser-mit-hund-sued-devon-die-schoensten-doerfer-und-kuestenstaedte\/#breadcrumb"},"inLanguage":"en-US","potentialAction":[{"@type":"ReadAction","target":["https:\/\/www.urlaubcornwall.de\/blog\/ferienhaeuser-mit-hund-sued-devon-die-schoensten-doerfer-und-kuestenstaedte\/"]}]},{"@type":"BreadcrumbList","@id":"https:\/\/www.urlaubcornwall.de\/blog\/ferienhaeuser-mit-hund-sued-devon-die-schoensten-doerfer-und-kuestenstaedte\/#breadcrumb","itemListElement":[{"@type":"ListItem","position":1,"name":"Home","item":"https:\/\/www.urlaubcornwall.de\/blog\/"},{"@type":"ListItem","position":2,"name":"Ferienh\u00e4user mit Hund in S\u00fcd Devon \u2013 die Sch\u00f6nsten D\u00f6rfer und K\u00fcstenst\u00e4dte"}]}]}},"_links":{"self":[{"href":"https:\/\/www.urlaubcornwall.de\/blog\/wp-json\/wp\/v2\/pages\/31098"}],"collection":[{"href":"https:\/\/www.urlaubcornwall.de\/blog\/wp-json\/wp\/v2\/pages"}],"about":[{"href":"https:\/\/www.urlaubcornwall.de\/blog\/wp-json\/wp\/v2\/types\/page"}],"author":[{"embeddable":true,"href":"https:\/\/www.urlaubcornwall.de\/blog\/wp-json\/wp\/v2\/users\/1"}],"replies":[{"embeddable":true,"href":"https:\/\/www.urlaubcornwall.de\/blog\/wp-json\/wp\/v2\/comments?post=31098"}],"version-history":[{"count":6,"href":"https:\/\/www.urlaubcornwall.de\/blog\/wp-json\/wp\/v2\/pages\/31098\/revisions"}],"predecessor-version":[{"id":51041,"href":"https:\/\/www.urlaubcornwall.de\/blog\/wp-json\/wp\/v2\/pages\/31098\/revisions\/51041"}],"wp:attachment":[{"href":"https:\/\/www.urlaubcornwall.de\/blog\/wp-json\/wp\/v2\/media?parent=31098"}],"curies":[{"name":"wp","href":"https:\/\/api.w.org\/{rel}","templated":true}]}}