{"id":31079,"date":"2017-12-09T14:19:12","date_gmt":"2017-12-09T14:19:12","guid":{"rendered":"https:\/\/www.urlaubcornwall.de\/blog\/?page_id=31079"},"modified":"2024-05-30T12:43:24","modified_gmt":"2024-05-30T12:43:24","slug":"ferienhaeuser-mit-hund-beliebtesten-grafschaften-regionen-von-wales","status":"publish","type":"page","link":"https:\/\/www.urlaubcornwall.de\/blog\/ferienhaeuser-mit-hund-beliebtesten-grafschaften-regionen-von-wales\/","title":{"rendered":"Ferienh\u00e4user mit Hund &#8211; beliebtesten Grafschaften &#038; Regionen von Wales"},"content":{"rendered":"<p><a href=\"https:\/\/www.urlaubcornwall.de\/blog\/wp-content\/uploads\/2024\/03\/gower-halbinsel-wales-1.jpg\"><img loading=\"lazy\" src=\"https:\/\/www.urlaubcornwall.de\/blog\/wp-content\/uploads\/2024\/03\/gower-halbinsel-wales-1.jpg\" alt=\"gower halbinsel wales\" width=\"750\" height=\"500\" class=\"alignnone size-full wp-image-47959\" srcset=\"https:\/\/www.urlaubcornwall.de\/blog\/wp-content\/uploads\/2024\/03\/gower-halbinsel-wales-1.jpg 750w, https:\/\/www.urlaubcornwall.de\/blog\/wp-content\/uploads\/2024\/03\/gower-halbinsel-wales-1-300x200.jpg 300w\" sizes=\"(max-width: 750px) 100vw, 750px\" \/><\/a><\/p>\n<p><strong>Bei uns finden Sie Hundefreundliche Ferienh\u00e4user zum Verlieben &#8211; so einfach ist das!<\/strong><\/p>\n<p>Mit dem Hund in den Urlaub zu fahren ist immer ein sch\u00f6nes Erlebnis, aber in <a href=\"https:\/\/www.urlaubcornwall.de\/reiseziel\/wales.php\">Wales mit seinen herrlichen Landschaften &amp; K\u00fcste<\/a> ist ein Urlaub mit dem vierbeinigen Freund einfach traumhaft.<\/p>\n<div class=\"snippet\"> <a class=\"featured-item\" href=\" https:\/\/www.urlaubcornwall.de\/ferienhaeuser\/wales.php\"> <span class=\"image-holder\" style=\"background-image: url(' https:\/\/www.urlaubcornwall.de\/blog\/wp-content\/uploads\/2018\/12\/busreisen-wales-england.jpg');\"><\/span> <span class=\"featured-content\"> \n<h2 class=\"featured-title\">Ferienh\u00e4user in Wales zum Verlieben!<\/h2>\n<p class=\"featured-body\">Pers\u00f6nlich inspizierte Ferienh\u00e4user &amp; Ferienwohnungen mit Hunde erlaubt f\u00fcr Ihren Urlaub in Wales. Hier finden Sie handverlesene, pers\u00f6nlich inspizierte Cottages entlang der walisischen K\u00fcste, in Nordwales, Mittelwales und S\u00fcdwales, sowie in zahlreichen walisischen D\u00f6rfern und St\u00e4dten&#8230;&#8230;<\/p>\n<\/span> <span class=\"featured-link-holder\"> <span class=\"featured-extra-info\"> \n<p>F\u00fcr Paare, Familien &#038; Gruppen<\/p>\n<\/span> \n<p class=\"featured-link\">DETAILS<\/p>\n<\/span> <\/a><\/div>\n<p style=\"text-align: center;\"><strong>Beliebtesten Grafschaften &#038; Regionen von Wales<\/strong><\/p>\n<p style=\"text-align: center;\"><a class=\"plain\" href=\"https:\/\/www.urlaubcornwall.de\/ferienhaeuser-fewos\/wal\/mittelwales\/mittelwales-hundefreundlich.html\">Mittelwales Hundefreundlich Ferienh\u00e4user<\/a> (100)<\/p>\n<p style=\"text-align: center;\"><a class=\"plain\" href=\"https:\/\/www.urlaubcornwall.de\/ferienhaeuser-fewos\/wal\/nordwales\/nordwales-hundefreundlich.html\">Nordwales Hundefreundlich Ferienh\u00e4user<\/a> (78)<\/p>\n<p style=\"text-align: center;\"><a class=\"plain\" href=\"https:\/\/www.urlaubcornwall.de\/ferienhaeuser-fewos\/wal\/suedwales\/suedwales-hundefreundlich.html\">S\u00fcdwales Hundefreundlich Ferienh\u00e4user<\/a> (42)<\/p>\n<p style=\"text-align: center;\"><a class=\"plain\" href=\"https:\/\/www.urlaubcornwall.de\/ferienhaeuser-fewos\/wal\/westwales\/westwales-hundefreundlich.html\">Westwales Hundefreundlich Ferienh\u00e4user<\/a> (103)<\/p>\n\n","protected":false},"excerpt":{"rendered":"<p>Bei uns finden Sie Hundefreundliche Ferienh\u00e4user zum Verlieben &#8211; so einfach ist das! Mit dem Hund in den Urlaub zu fahren ist immer ein sch\u00f6nes Erlebnis, aber in Wales mit seinen herrlichen Landschaften &amp; K\u00fcste ist ein Urlaub mit dem vierbeinigen Freund einfach traumhaft. Ferienh\u00e4user in Wales zum Verlieben! Pers\u00f6nlich inspizierte Ferienh\u00e4user &amp; Ferienwohnungen mit [&hellip;]<\/p>\n","protected":false},"author":1,"featured_media":0,"parent":0,"menu_order":0,"comment_status":"closed","ping_status":"closed","template":"single-four.php","meta":[],"acf":[],"yoast_head":"<!-- This site is optimized with the Yoast SEO plugin v19.4 - https:\/\/yoast.com\/wordpress\/plugins\/seo\/ -->\n<title>Ferienh\u00e4user mit Hund - beliebtesten Grafschaften &amp; Regionen von Wales - Urlaub &amp; Reisen<\/title>\n<meta name=\"robots\" content=\"index, follow, max-snippet:-1, max-image-preview:large, max-video-preview:-1\" \/>\n<link rel=\"canonical\" href=\"https:\/\/www.urlaubcornwall.de\/blog\/ferienhaeuser-mit-hund-beliebtesten-grafschaften-regionen-von-wales\/\" \/>\n<meta property=\"og:locale\" content=\"en_US\" \/>\n<meta property=\"og:type\" content=\"article\" \/>\n<meta property=\"og:title\" content=\"Ferienh\u00e4user mit Hund - beliebtesten Grafschaften &amp; Regionen von Wales - Urlaub &amp; Reisen\" \/>\n<meta property=\"og:description\" content=\"Bei uns finden Sie Hundefreundliche Ferienh\u00e4user zum Verlieben &#8211; so einfach ist das! Mit dem Hund in den Urlaub zu fahren ist immer ein sch\u00f6nes Erlebnis, aber in Wales mit seinen herrlichen Landschaften &amp; K\u00fcste ist ein Urlaub mit dem vierbeinigen Freund einfach traumhaft. Ferienh\u00e4user in Wales zum Verlieben! Pers\u00f6nlich inspizierte Ferienh\u00e4user &amp; Ferienwohnungen mit [&hellip;]\" \/>\n<meta property=\"og:url\" content=\"https:\/\/www.urlaubcornwall.de\/blog\/ferienhaeuser-mit-hund-beliebtesten-grafschaften-regionen-von-wales\/\" \/>\n<meta property=\"og:site_name\" content=\"Urlaub &amp; Reisen\" \/>\n<meta property=\"article:modified_time\" content=\"2024-05-30T12:43:24+00:00\" \/>\n<meta property=\"og:image\" content=\"https:\/\/www.urlaubcornwall.de\/blog\/wp-content\/uploads\/2024\/03\/gower-halbinsel-wales-1.jpg\" \/>\n<meta name=\"twitter:card\" content=\"summary\" \/>\n<meta name=\"twitter:label1\" content=\"Est. reading time\" \/>\n\t<meta name=\"twitter:data1\" content=\"1 minute\" \/>\n<script type=\"application\/ld+json\" class=\"yoast-schema-graph\">{\"@context\":\"https:\/\/schema.org\",\"@graph\":[{\"@type\":\"WebSite\",\"@id\":\"https:\/\/www.urlaubcornwall.de\/blog\/#website\",\"url\":\"https:\/\/www.urlaubcornwall.de\/blog\/\",\"name\":\"Urlaub &amp; Reisen\",\"description\":\"Urlaub, Reisen, Cornwall und S\u00fcdengland: eine perfekte Kombination\",\"potentialAction\":[{\"@type\":\"SearchAction\",\"target\":{\"@type\":\"EntryPoint\",\"urlTemplate\":\"https:\/\/www.urlaubcornwall.de\/blog\/?s={search_term_string}\"},\"query-input\":\"required name=search_term_string\"}],\"inLanguage\":\"en-US\"},{\"@type\":\"WebPage\",\"@id\":\"https:\/\/www.urlaubcornwall.de\/blog\/ferienhaeuser-mit-hund-beliebtesten-grafschaften-regionen-von-wales\/\",\"url\":\"https:\/\/www.urlaubcornwall.de\/blog\/ferienhaeuser-mit-hund-beliebtesten-grafschaften-regionen-von-wales\/\",\"name\":\"Ferienh\u00e4user mit Hund - beliebtesten Grafschaften & Regionen von Wales - Urlaub &amp; Reisen\",\"isPartOf\":{\"@id\":\"https:\/\/www.urlaubcornwall.de\/blog\/#website\"},\"datePublished\":\"2017-12-09T14:19:12+00:00\",\"dateModified\":\"2024-05-30T12:43:24+00:00\",\"breadcrumb\":{\"@id\":\"https:\/\/www.urlaubcornwall.de\/blog\/ferienhaeuser-mit-hund-beliebtesten-grafschaften-regionen-von-wales\/#breadcrumb\"},\"inLanguage\":\"en-US\",\"potentialAction\":[{\"@type\":\"ReadAction\",\"target\":[\"https:\/\/www.urlaubcornwall.de\/blog\/ferienhaeuser-mit-hund-beliebtesten-grafschaften-regionen-von-wales\/\"]}]},{\"@type\":\"BreadcrumbList\",\"@id\":\"https:\/\/www.urlaubcornwall.de\/blog\/ferienhaeuser-mit-hund-beliebtesten-grafschaften-regionen-von-wales\/#breadcrumb\",\"itemListElement\":[{\"@type\":\"ListItem\",\"position\":1,\"name\":\"Home\",\"item\":\"https:\/\/www.urlaubcornwall.de\/blog\/\"},{\"@type\":\"ListItem\",\"position\":2,\"name\":\"Ferienh\u00e4user mit Hund &#8211; beliebtesten Grafschaften &#038; Regionen von Wales\"}]}]}<\/script>\n<!-- \/ Yoast SEO plugin. -->","yoast_head_json":{"title":"Ferienh\u00e4user mit Hund - beliebtesten Grafschaften & Regionen von Wales - Urlaub &amp; Reisen","robots":{"index":"index","follow":"follow","max-snippet":"max-snippet:-1","max-image-preview":"max-image-preview:large","max-video-preview":"max-video-preview:-1"},"canonical":"https:\/\/www.urlaubcornwall.de\/blog\/ferienhaeuser-mit-hund-beliebtesten-grafschaften-regionen-von-wales\/","og_locale":"en_US","og_type":"article","og_title":"Ferienh\u00e4user mit Hund - beliebtesten Grafschaften & Regionen von Wales - Urlaub &amp; Reisen","og_description":"Bei uns finden Sie Hundefreundliche Ferienh\u00e4user zum Verlieben &#8211; so einfach ist das! Mit dem Hund in den Urlaub zu fahren ist immer ein sch\u00f6nes Erlebnis, aber in Wales mit seinen herrlichen Landschaften &amp; K\u00fcste ist ein Urlaub mit dem vierbeinigen Freund einfach traumhaft. Ferienh\u00e4user in Wales zum Verlieben! Pers\u00f6nlich inspizierte Ferienh\u00e4user &amp; Ferienwohnungen mit [&hellip;]","og_url":"https:\/\/www.urlaubcornwall.de\/blog\/ferienhaeuser-mit-hund-beliebtesten-grafschaften-regionen-von-wales\/","og_site_name":"Urlaub &amp; Reisen","article_modified_time":"2024-05-30T12:43:24+00:00","og_image":[{"url":"https:\/\/www.urlaubcornwall.de\/blog\/wp-content\/uploads\/2024\/03\/gower-halbinsel-wales-1.jpg"}],"twitter_card":"summary","twitter_misc":{"Est. reading time":"1 minute"},"schema":{"@context":"https:\/\/schema.org","@graph":[{"@type":"WebSite","@id":"https:\/\/www.urlaubcornwall.de\/blog\/#website","url":"https:\/\/www.urlaubcornwall.de\/blog\/","name":"Urlaub &amp; Reisen","description":"Urlaub, Reisen, Cornwall und S\u00fcdengland: eine perfekte Kombination","potentialAction":[{"@type":"SearchAction","target":{"@type":"EntryPoint","urlTemplate":"https:\/\/www.urlaubcornwall.de\/blog\/?s={search_term_string}"},"query-input":"required name=search_term_string"}],"inLanguage":"en-US"},{"@type":"WebPage","@id":"https:\/\/www.urlaubcornwall.de\/blog\/ferienhaeuser-mit-hund-beliebtesten-grafschaften-regionen-von-wales\/","url":"https:\/\/www.urlaubcornwall.de\/blog\/ferienhaeuser-mit-hund-beliebtesten-grafschaften-regionen-von-wales\/","name":"Ferienh\u00e4user mit Hund - beliebtesten Grafschaften & Regionen von Wales - Urlaub &amp; Reisen","isPartOf":{"@id":"https:\/\/www.urlaubcornwall.de\/blog\/#website"},"datePublished":"2017-12-09T14:19:12+00:00","dateModified":"2024-05-30T12:43:24+00:00","breadcrumb":{"@id":"https:\/\/www.urlaubcornwall.de\/blog\/ferienhaeuser-mit-hund-beliebtesten-grafschaften-regionen-von-wales\/#breadcrumb"},"inLanguage":"en-US","potentialAction":[{"@type":"ReadAction","target":["https:\/\/www.urlaubcornwall.de\/blog\/ferienhaeuser-mit-hund-beliebtesten-grafschaften-regionen-von-wales\/"]}]},{"@type":"BreadcrumbList","@id":"https:\/\/www.urlaubcornwall.de\/blog\/ferienhaeuser-mit-hund-beliebtesten-grafschaften-regionen-von-wales\/#breadcrumb","itemListElement":[{"@type":"ListItem","position":1,"name":"Home","item":"https:\/\/www.urlaubcornwall.de\/blog\/"},{"@type":"ListItem","position":2,"name":"Ferienh\u00e4user mit Hund &#8211; beliebtesten Grafschaften &#038; Regionen von Wales"}]}]}},"_links":{"self":[{"href":"https:\/\/www.urlaubcornwall.de\/blog\/wp-json\/wp\/v2\/pages\/31079"}],"collection":[{"href":"https:\/\/www.urlaubcornwall.de\/blog\/wp-json\/wp\/v2\/pages"}],"about":[{"href":"https:\/\/www.urlaubcornwall.de\/blog\/wp-json\/wp\/v2\/types\/page"}],"author":[{"embeddable":true,"href":"https:\/\/www.urlaubcornwall.de\/blog\/wp-json\/wp\/v2\/users\/1"}],"replies":[{"embeddable":true,"href":"https:\/\/www.urlaubcornwall.de\/blog\/wp-json\/wp\/v2\/comments?post=31079"}],"version-history":[{"count":8,"href":"https:\/\/www.urlaubcornwall.de\/blog\/wp-json\/wp\/v2\/pages\/31079\/revisions"}],"predecessor-version":[{"id":51047,"href":"https:\/\/www.urlaubcornwall.de\/blog\/wp-json\/wp\/v2\/pages\/31079\/revisions\/51047"}],"wp:attachment":[{"href":"https:\/\/www.urlaubcornwall.de\/blog\/wp-json\/wp\/v2\/media?parent=31079"}],"curies":[{"name":"wp","href":"https:\/\/api.w.org\/{rel}","templated":true}]}}