{"id":31072,"date":"2017-12-08T10:44:56","date_gmt":"2017-12-08T10:44:56","guid":{"rendered":"https:\/\/www.urlaubcornwall.de\/blog\/?page_id=31072"},"modified":"2019-08-12T08:01:05","modified_gmt":"2019-08-12T08:01:05","slug":"ferienhaeuser-beliebtesten-grafschaften-england","status":"publish","type":"page","link":"https:\/\/www.urlaubcornwall.de\/blog\/ferienhaeuser-beliebtesten-grafschaften-england\/","title":{"rendered":"Ferienh\u00e4user mit Hund in England &#8211; beliebtesten Grafschaften"},"content":{"rendered":"<h1><img loading=\"lazy\" class=\"aligncenter size-full wp-image-28786\" src=\"https:\/\/www.urlaubcornwall.de\/blog\/wp-content\/uploads\/2017\/08\/gyllyngvase-strand-falmouth.jpg\" alt=\"Pers\u00f6nlich inspizierte Ferienh\u00e4user und Ferienwohnungen in Gro\u00dfbritannien\" width=\"746\" height=\"399\" srcset=\"https:\/\/www.urlaubcornwall.de\/blog\/wp-content\/uploads\/2017\/08\/gyllyngvase-strand-falmouth.jpg 746w, https:\/\/www.urlaubcornwall.de\/blog\/wp-content\/uploads\/2017\/08\/gyllyngvase-strand-falmouth-300x160.jpg 300w\" sizes=\"(max-width: 746px) 100vw, 746px\" \/><\/h1>\n<h1 style=\"text-align: center;\"><a href=\"https:\/\/www.urlaubcornwall.de\/ferienhaeuser.php\">Pers\u00f6nlich inspizierte Ferienh\u00e4user und Ferienwohnungen in England<\/a><\/h1>\n<p style=\"text-align: center;\">UrlaubCornwall.de hat eine einzigartige Sammlung pers\u00f6nlich inspizierter Hundefreundliche Ferienh\u00e4user und Ferienwohnungen in England und nun auch im gesamten Gro\u00dfbritannien. Jedes Geb\u00e4ude muss anspruchsvollen Standards entsprechen, so dass Ihre Urlaubsunterkunft Ihre Erwartungen \u00fcbertrifft.<\/p>\n<p style=\"text-align: center;\"><a class=\"tidycta\" href=\"https:\/\/www.urlaubcornwall.de\/ferienhaeuser.php\">Suche Ferienh\u00e4user in England<\/a><\/p>\n<table width=\"746\">\n<tbody>\n<tr>\n<td width=\"119\"><strong><a href=\"https:\/\/www.urlaubcornwall.de\/ferienhaeuser-fewos\/devon-hundefreundlich.html \">Devon (1377)<\/a><\/strong><\/td>\n<td width=\"133\"><a href=\"https:\/\/www.urlaubcornwall.de\/ferienhaeuser-fewos\/eng\/gloucestershire\/gloucestershire-hundefreundlich.html\n \"><strong>Gloucestershire (91)<\/strong><\/a><\/td>\n<td width=\"178\"><a href=\"https:\/\/www.urlaubcornwall.de\/ferienhaeuser-fewos\/eng\/lincolnshire\/lincolnshire-hundefreundlich.html\"><strong>Lincolnshire (22)<\/strong><\/a><\/td>\n<td width=\"151\"><a href=\"https:\/\/www.urlaubcornwall.de\/ferienhaeuser-fewos\/eng\/cambridgeshire\/cambridgeshire-hundefreundlich.html\n\"><strong>Cambridgeshire (4)<\/strong><\/a><\/td>\n<\/tr>\n<tr>\n<td><a href=\"https:\/\/www.urlaubcornwall.de\/ferienhaeuser-fewos\/hundefreundlich-cornwall.html\"><strong>Cornwall (1192)<\/strong><\/a><\/td>\n<td><a href=\"https:\/\/www.urlaubcornwall.de\/ferienhaeuser-fewos\/eng\/herefordshire\/herefordshire-hundefreundlich.html\n\"><strong>Herefordshire (59)<\/strong><\/a><\/td>\n<td><a href=\"https:\/\/www.urlaubcornwall.de\/ferienhaeuser-fewos\/eng\/northumberland\/northumberland-hundefreundlich.html\n\"><strong>County Durham (17)<\/strong><\/a><\/td>\n<td><strong><a href=\"https:\/\/www.urlaubcornwall.de\/ferienhaeuser-fewos\/eng\/nottinghamshire\/nottinghamshire-hundefreundlich.html\n\">Nottinghamshire (4)<\/a><\/strong><\/td>\n<\/tr>\n<tr>\n<td><a href=\"https:\/\/www.urlaubcornwall.de\/ferienhaeuser-fewos\/eng\/somerset\/somerset-hundefreundlich.html\n\"><strong>Somerset (217)<\/strong><\/a><\/td>\n<td><a href=\"https:\/\/www.urlaubcornwall.de\/ferienhaeuser-fewos\/eng\/yorkshire\/yorkshire-hundefreundlich.html\n\"><strong>North Yorkshire (57)<\/strong><\/a><\/td>\n<td><strong><a href=\"https:\/\/www.urlaubcornwall.de\/ferienhaeuser-fewos\/eng\/northumberland\/northumberland-hundefreundlich.html\n\">Northumberland (17)<\/a><\/strong><\/td>\n<td><a href=\"https:\/\/www.urlaubcornwall.de\/ferienhaeuser-fewos\/eng\/isle-of-wight\/isle-of-wight-hundefreundlich.html\n\"><strong>Isle of Wight (3)<\/strong><\/a><\/td>\n<\/tr>\n<tr>\n<td><a href=\"https:\/\/www.urlaubcornwall.de\/ferienhaeuser-fewos\/eng\/hampshire\/hampshire-hundefreundlich.html\n\"><strong>Hampshire (198)<\/strong><\/a><\/td>\n<td><a href=\"https:\/\/www.urlaubcornwall.de\/ferienhaeuser-fewos\/eng\/oxfordshire\/oxfordshire-hundefreundlich.html\n\"><strong>Oxfordshire (44)<\/strong><\/a><\/td>\n<td><strong><a href=\"https:\/\/www.urlaubcornwall.de\/ferienhaeuser-fewos\/eng\/lancashire\/lancashire-hundefreundlich.html\n\">Lancashire (16)<\/a><\/strong><\/td>\n<td><strong><a href=\"https:\/\/www.urlaubcornwall.de\/ferienhaeuser-fewos\/eng\/berkshire\/berkshire-hundefreundlich.html\n\">Berkshire (3)<\/a><\/strong><\/td>\n<\/tr>\n<tr>\n<td><a href=\"https:\/\/www.urlaubcornwall.de\/ferienhaeuser-fewos\/eng\/dorset\/dorset-hundefreundlich.html\n\"><strong>Dorset (197)<\/strong><\/a><\/td>\n<td><a href=\"https:\/\/www.urlaubcornwall.de\/ferienhaeuser-fewos\/eng\/worcestershire\/worcestershire-hundefreundlich.html\n\"><strong>Worcestershire (43)<\/strong><\/a><\/td>\n<td><strong><a href=\"https:\/\/www.urlaubcornwall.de\/ferienhaeuser-fewos\/eng\/suffolk\/suffolk-hundefreundlich.html\n\">Suffolk (16)<\/a><\/strong><\/td>\n<td><a href=\"https:\/\/www.urlaubcornwall.de\/ferienhaeuser-fewos\/eng\/buckinghamshire\/buckinghamshire-hundefreundlich.html\n\"><strong>Buckinghamshire (3)<\/strong><\/a><\/td>\n<\/tr>\n<tr>\n<td><a href=\"https:\/\/www.urlaubcornwall.de\/ferienhaeuser-fewos\/eng\/sussex\/sussex-hundefreundlich.html\n\"><strong>East Sussex (169)<\/strong><\/a><\/td>\n<td><a href=\"https:\/\/www.urlaubcornwall.de\/ferienhaeuser-fewos\/eng\/shropshire\/shropshire-hundefreundlich.html\n\"><strong>Shropshire (38)<\/strong><\/a><\/td>\n<td><a href=\"https:\/\/www.urlaubcornwall.de\/ferienhaeuser-fewos\/eng\/yorkshire\/yorkshire-hundefreundlich.html\n\"><strong>East Riding of Yorkshire (11)<\/strong><\/a><\/td>\n<td><a href=\"https:\/\/www.urlaubcornwall.de\/ferienhaeuser-fewos\/eng\/lancashire\/lancashire-hundefreundlich.html\n\"><strong>Greater Manchester (2)<\/strong><\/a><\/td>\n<\/tr>\n<tr>\n<td><a href=\"https:\/\/www.urlaubcornwall.de\/ferienhaeuser-fewos\/eng\/derbyshire\/derbyshire-hundefreundlich.html\n\"><strong>Derbyshire (159)<\/strong><\/a><\/td>\n<td><a href=\"https:\/\/www.urlaubcornwall.de\/ferienhaeuser-fewos\/eng\/kent\/kent-hundefreundlich.html\n\"><strong>Kent (36)<\/strong><\/a><\/td>\n<td><a href=\"https:\/\/www.urlaubcornwall.de\/ferienhaeuser-fewos\/eng\/essex\/essex-hundefreundlich.html\n\"><strong>Essex (9)<\/strong><\/a><\/td>\n<td><a href=\"https:\/\/www.urlaubcornwall.de\/ferienhaeuser-fewos\/eng\/somerset\/bristol-luxus-unterkuenfte.html\n\"><strong>Stadt Bristol (2)<\/strong><\/a><\/td>\n<\/tr>\n<tr>\n<td><a href=\"https:\/\/www.urlaubcornwall.de\/ferienhaeuser-fewos\/eng\/sussex\/sussex-hundefreundlich.html\n\"><strong>West Sussex (112)<\/strong><\/a><\/td>\n<td><strong><a href=\"https:\/\/www.urlaubcornwall.de\/ferienhaeuser-fewos\/eng\/sussex\/sussex-hundefreundlich.html\n\">Warwickshire (31)<\/a><\/strong><\/td>\n<td><a href=\"https:\/\/www.urlaubcornwall.de\/ferienhaeuser-fewos\/eng\/yorkshire\/yorkshire-hundefreundlich.html\n\"><strong>South Yorkshire (7)<\/strong><\/a><\/td>\n<td><a href=\"https:\/\/www.urlaubcornwall.de\/ferienhaeuser-fewos\/eng\/leicestershire\/leicestershire-hundefreundlich.html\n\"><strong>Leicestershire (1)<\/strong><\/a><\/td>\n<\/tr>\n<tr>\n<td><a href=\"https:\/\/www.urlaubcornwall.de\/ferienhaeuser-fewos\/eng\/norfolk\/norfolk-hundefreundlich.html\n\"><strong>Norfolk (100)<\/strong><\/a><\/td>\n<td><strong><a href=\"https:\/\/www.urlaubcornwall.de\/ferienhaeuser-fewos\/eng\/wiltshire\/wiltshire-hundefreundlich.html\n\">Wiltshire (29)<\/a><\/strong><\/td>\n<td><a href=\"https:\/\/www.urlaubcornwall.de\/ferienhaeuser-fewos\/eng\/cheshire\/cheshire-hundefreundlich.html\n\"><strong>Cheshire (6)<\/strong><\/a><\/td>\n<td><a href=\"https:\/\/www.urlaubcornwall.de\/ferienhaeuser-fewos\/eng\/west-midlands\/west-midlands-hundefreundlich.html\n\"><strong>West Midlands (1)<\/strong><\/a><\/td>\n<\/tr>\n<tr>\n<td><a href=\"https:\/\/www.urlaubcornwall.de\/ferienhaeuser-fewos\/eng\/lake-district\/lake-district-hundefreundlich.html\n\"><strong>Cumbria (100)<\/strong><\/a><\/td>\n<td><strong><a href=\"https:\/\/www.urlaubcornwall.de\/ferienhaeuser-fewos\/eng\/staffordshire\/staffordshire-hundefreundlich.html\n\">Staffordshire (24)<\/a><\/strong><\/td>\n<td><a href=\"https:\/\/www.urlaubcornwall.de\/ferienhaeuser-fewos\/eng\/yorkshire\/yorkshire-hundefreundlich.html\n\"><strong>West Yorkshire (6)<\/strong><\/a><\/td>\n<td><strong><a href=\"https:\/\/www.urlaubcornwall.de\/ferienhaeuser-fewos\/eng\/bedfordshire\/bedfordshire-hundefreundlich.html\n\">Bedfordshire (1)<\/a><\/strong><\/td>\n<\/tr>\n<\/tbody>\n<\/table>\n<p><img loading=\"lazy\" class=\"aligncenter size-full wp-image-24598\" src=\"https:\/\/www.urlaubcornwall.de\/blog\/wp-content\/uploads\/2016\/06\/urlaub-und-sudengland_logo-final.jpg\" width=\"746\" height=\"361\"\/><\/p>\n","protected":false},"excerpt":{"rendered":"<p>Pers\u00f6nlich inspizierte Ferienh\u00e4user und Ferienwohnungen in England UrlaubCornwall.de hat eine einzigartige Sammlung pers\u00f6nlich inspizierter Hundefreundliche Ferienh\u00e4user und Ferienwohnungen in England und nun auch im gesamten Gro\u00dfbritannien. Jedes Geb\u00e4ude muss anspruchsvollen Standards entsprechen, so dass Ihre Urlaubsunterkunft Ihre Erwartungen \u00fcbertrifft. Suche Ferienh\u00e4user in England Devon (1377) Gloucestershire (91) Lincolnshire (22) Cambridgeshire (4) Cornwall (1192) Herefordshire (59) [&hellip;]<\/p>\n","protected":false},"author":1,"featured_media":0,"parent":0,"menu_order":0,"comment_status":"closed","ping_status":"closed","template":"single-four.php","meta":[],"acf":[],"yoast_head":"<!-- This site is optimized with the Yoast SEO plugin v19.4 - https:\/\/yoast.com\/wordpress\/plugins\/seo\/ -->\n<title>Ferienh\u00e4user mit Hund in England - beliebtesten Grafschaften - Urlaub &amp; Reisen<\/title>\n<meta name=\"robots\" content=\"index, follow, max-snippet:-1, max-image-preview:large, max-video-preview:-1\" \/>\n<link rel=\"canonical\" href=\"https:\/\/www.urlaubcornwall.de\/blog\/ferienhaeuser-beliebtesten-grafschaften-england\/\" \/>\n<meta property=\"og:locale\" content=\"en_US\" \/>\n<meta property=\"og:type\" content=\"article\" \/>\n<meta property=\"og:title\" content=\"Ferienh\u00e4user mit Hund in England - beliebtesten Grafschaften - Urlaub &amp; Reisen\" \/>\n<meta property=\"og:description\" content=\"Pers\u00f6nlich inspizierte Ferienh\u00e4user und Ferienwohnungen in England UrlaubCornwall.de hat eine einzigartige Sammlung pers\u00f6nlich inspizierter Hundefreundliche Ferienh\u00e4user und Ferienwohnungen in England und nun auch im gesamten Gro\u00dfbritannien. Jedes Geb\u00e4ude muss anspruchsvollen Standards entsprechen, so dass Ihre Urlaubsunterkunft Ihre Erwartungen \u00fcbertrifft. Suche Ferienh\u00e4user in England Devon (1377) Gloucestershire (91) Lincolnshire (22) Cambridgeshire (4) Cornwall (1192) Herefordshire (59) [&hellip;]\" \/>\n<meta property=\"og:url\" content=\"https:\/\/www.urlaubcornwall.de\/blog\/ferienhaeuser-beliebtesten-grafschaften-england\/\" \/>\n<meta property=\"og:site_name\" content=\"Urlaub &amp; Reisen\" \/>\n<meta property=\"article:modified_time\" content=\"2019-08-12T08:01:05+00:00\" \/>\n<meta property=\"og:image\" content=\"https:\/\/www.urlaubcornwall.de\/blog\/wp-content\/uploads\/2017\/08\/gyllyngvase-strand-falmouth.jpg\" \/>\n<meta name=\"twitter:card\" content=\"summary\" \/>\n<meta name=\"twitter:label1\" content=\"Est. reading time\" \/>\n\t<meta name=\"twitter:data1\" content=\"1 minute\" \/>\n<script type=\"application\/ld+json\" class=\"yoast-schema-graph\">{\"@context\":\"https:\/\/schema.org\",\"@graph\":[{\"@type\":\"WebSite\",\"@id\":\"https:\/\/www.urlaubcornwall.de\/blog\/#website\",\"url\":\"https:\/\/www.urlaubcornwall.de\/blog\/\",\"name\":\"Urlaub &amp; Reisen\",\"description\":\"Urlaub, Reisen, Cornwall und S\u00fcdengland: eine perfekte Kombination\",\"potentialAction\":[{\"@type\":\"SearchAction\",\"target\":{\"@type\":\"EntryPoint\",\"urlTemplate\":\"https:\/\/www.urlaubcornwall.de\/blog\/?s={search_term_string}\"},\"query-input\":\"required name=search_term_string\"}],\"inLanguage\":\"en-US\"},{\"@type\":\"WebPage\",\"@id\":\"https:\/\/www.urlaubcornwall.de\/blog\/ferienhaeuser-beliebtesten-grafschaften-england\/\",\"url\":\"https:\/\/www.urlaubcornwall.de\/blog\/ferienhaeuser-beliebtesten-grafschaften-england\/\",\"name\":\"Ferienh\u00e4user mit Hund in England - beliebtesten Grafschaften - Urlaub &amp; Reisen\",\"isPartOf\":{\"@id\":\"https:\/\/www.urlaubcornwall.de\/blog\/#website\"},\"datePublished\":\"2017-12-08T10:44:56+00:00\",\"dateModified\":\"2019-08-12T08:01:05+00:00\",\"breadcrumb\":{\"@id\":\"https:\/\/www.urlaubcornwall.de\/blog\/ferienhaeuser-beliebtesten-grafschaften-england\/#breadcrumb\"},\"inLanguage\":\"en-US\",\"potentialAction\":[{\"@type\":\"ReadAction\",\"target\":[\"https:\/\/www.urlaubcornwall.de\/blog\/ferienhaeuser-beliebtesten-grafschaften-england\/\"]}]},{\"@type\":\"BreadcrumbList\",\"@id\":\"https:\/\/www.urlaubcornwall.de\/blog\/ferienhaeuser-beliebtesten-grafschaften-england\/#breadcrumb\",\"itemListElement\":[{\"@type\":\"ListItem\",\"position\":1,\"name\":\"Home\",\"item\":\"https:\/\/www.urlaubcornwall.de\/blog\/\"},{\"@type\":\"ListItem\",\"position\":2,\"name\":\"Ferienh\u00e4user mit Hund in England &#8211; beliebtesten Grafschaften\"}]}]}<\/script>\n<!-- \/ Yoast SEO plugin. -->","yoast_head_json":{"title":"Ferienh\u00e4user mit Hund in England - beliebtesten Grafschaften - Urlaub &amp; Reisen","robots":{"index":"index","follow":"follow","max-snippet":"max-snippet:-1","max-image-preview":"max-image-preview:large","max-video-preview":"max-video-preview:-1"},"canonical":"https:\/\/www.urlaubcornwall.de\/blog\/ferienhaeuser-beliebtesten-grafschaften-england\/","og_locale":"en_US","og_type":"article","og_title":"Ferienh\u00e4user mit Hund in England - beliebtesten Grafschaften - Urlaub &amp; Reisen","og_description":"Pers\u00f6nlich inspizierte Ferienh\u00e4user und Ferienwohnungen in England UrlaubCornwall.de hat eine einzigartige Sammlung pers\u00f6nlich inspizierter Hundefreundliche Ferienh\u00e4user und Ferienwohnungen in England und nun auch im gesamten Gro\u00dfbritannien. Jedes Geb\u00e4ude muss anspruchsvollen Standards entsprechen, so dass Ihre Urlaubsunterkunft Ihre Erwartungen \u00fcbertrifft. Suche Ferienh\u00e4user in England Devon (1377) Gloucestershire (91) Lincolnshire (22) Cambridgeshire (4) Cornwall (1192) Herefordshire (59) [&hellip;]","og_url":"https:\/\/www.urlaubcornwall.de\/blog\/ferienhaeuser-beliebtesten-grafschaften-england\/","og_site_name":"Urlaub &amp; Reisen","article_modified_time":"2019-08-12T08:01:05+00:00","og_image":[{"url":"https:\/\/www.urlaubcornwall.de\/blog\/wp-content\/uploads\/2017\/08\/gyllyngvase-strand-falmouth.jpg"}],"twitter_card":"summary","twitter_misc":{"Est. reading time":"1 minute"},"schema":{"@context":"https:\/\/schema.org","@graph":[{"@type":"WebSite","@id":"https:\/\/www.urlaubcornwall.de\/blog\/#website","url":"https:\/\/www.urlaubcornwall.de\/blog\/","name":"Urlaub &amp; Reisen","description":"Urlaub, Reisen, Cornwall und S\u00fcdengland: eine perfekte Kombination","potentialAction":[{"@type":"SearchAction","target":{"@type":"EntryPoint","urlTemplate":"https:\/\/www.urlaubcornwall.de\/blog\/?s={search_term_string}"},"query-input":"required name=search_term_string"}],"inLanguage":"en-US"},{"@type":"WebPage","@id":"https:\/\/www.urlaubcornwall.de\/blog\/ferienhaeuser-beliebtesten-grafschaften-england\/","url":"https:\/\/www.urlaubcornwall.de\/blog\/ferienhaeuser-beliebtesten-grafschaften-england\/","name":"Ferienh\u00e4user mit Hund in England - beliebtesten Grafschaften - Urlaub &amp; Reisen","isPartOf":{"@id":"https:\/\/www.urlaubcornwall.de\/blog\/#website"},"datePublished":"2017-12-08T10:44:56+00:00","dateModified":"2019-08-12T08:01:05+00:00","breadcrumb":{"@id":"https:\/\/www.urlaubcornwall.de\/blog\/ferienhaeuser-beliebtesten-grafschaften-england\/#breadcrumb"},"inLanguage":"en-US","potentialAction":[{"@type":"ReadAction","target":["https:\/\/www.urlaubcornwall.de\/blog\/ferienhaeuser-beliebtesten-grafschaften-england\/"]}]},{"@type":"BreadcrumbList","@id":"https:\/\/www.urlaubcornwall.de\/blog\/ferienhaeuser-beliebtesten-grafschaften-england\/#breadcrumb","itemListElement":[{"@type":"ListItem","position":1,"name":"Home","item":"https:\/\/www.urlaubcornwall.de\/blog\/"},{"@type":"ListItem","position":2,"name":"Ferienh\u00e4user mit Hund in England &#8211; beliebtesten Grafschaften"}]}]}},"_links":{"self":[{"href":"https:\/\/www.urlaubcornwall.de\/blog\/wp-json\/wp\/v2\/pages\/31072"}],"collection":[{"href":"https:\/\/www.urlaubcornwall.de\/blog\/wp-json\/wp\/v2\/pages"}],"about":[{"href":"https:\/\/www.urlaubcornwall.de\/blog\/wp-json\/wp\/v2\/types\/page"}],"author":[{"embeddable":true,"href":"https:\/\/www.urlaubcornwall.de\/blog\/wp-json\/wp\/v2\/users\/1"}],"replies":[{"embeddable":true,"href":"https:\/\/www.urlaubcornwall.de\/blog\/wp-json\/wp\/v2\/comments?post=31072"}],"version-history":[{"count":8,"href":"https:\/\/www.urlaubcornwall.de\/blog\/wp-json\/wp\/v2\/pages\/31072\/revisions"}],"predecessor-version":[{"id":38662,"href":"https:\/\/www.urlaubcornwall.de\/blog\/wp-json\/wp\/v2\/pages\/31072\/revisions\/38662"}],"wp:attachment":[{"href":"https:\/\/www.urlaubcornwall.de\/blog\/wp-json\/wp\/v2\/media?parent=31072"}],"curies":[{"name":"wp","href":"https:\/\/api.w.org\/{rel}","templated":true}]}}