{"id":31042,"date":"2017-12-06T12:30:18","date_gmt":"2017-12-06T12:30:18","guid":{"rendered":"https:\/\/www.urlaubcornwall.de\/blog\/?page_id=31042"},"modified":"2021-10-15T08:15:56","modified_gmt":"2021-10-15T08:15:56","slug":"bei-uns-finden-sie-schoensten-landhotels-devon-einfach-ist-das","status":"publish","type":"page","link":"https:\/\/www.urlaubcornwall.de\/blog\/bei-uns-finden-sie-schoensten-landhotels-devon-einfach-ist-das\/","title":{"rendered":"Die Sch\u00f6nsten Landhotels in Devon"},"content":{"rendered":"<p><img loading=\"lazy\" class=\"aligncenter size-full wp-image-31043\" src=\"https:\/\/www.urlaubcornwall.de\/blog\/wp-content\/uploads\/2017\/12\/1-CD167-010-PS_1.jpg\" alt=\"landhaus hotel devon\" width=\"748\" height=\"410\"\/><br \/>\n<strong>Herrenhaus und Landhaus-Hotels in Devon &#8211;<\/strong> Wir bieten eine Vielzahl an Landhaus Hotels in atemberaubenden Gegenden an, von luxuri\u00f6sen 5-Sterne-Hotels und Boutiquehotels hin zu kleineren familienfreundlichen und preiswerten Hotels. Unsere Auswahl an Unterk\u00fcnften beinhaltet nur die besten Hotels, die Devon zu bieten hat, und zwar an den Orten, die Sie in Ihrem Urlaub besuchen m\u00f6chten.<br \/>\n<ins class=\"bookingaff\" data-aid=\"1705873\" data-target_aid=\"1705873\" data-prod=\"map\" data-width=\"100%\" data-height=\"590\" data-lang=\"ualng\" data-dest_id=\"0\" data-dest_type=\"landmark\" data-latitude=\"50.4619209\" data-longitude=\"-3.525315\" data-landmark_name=\"Die Besten Hotels und B&amp;amp;BS in Devon\" data-mwhsb=\"1\"><br \/>\n    <!-- Anything inside will go away once widget is loaded. --><br \/>\n        <a href=\"\/\/www.booking.com?aid=1705873\"rel=\"nofollow\">Booking.com<\/a><br \/>\n<\/ins><br \/>\n<script type=\"text\/javascript\">\n    (function(d, sc, u) {\n      var s = d.createElement(sc), p = d.getElementsByTagName(sc)[0];\n      s.type = 'text\/javascript';\n      s.async = true;\n      s.src = u + '?v=' + (+new Date());\n      p.parentNode.insertBefore(s,p);\n      })(document, 'script', '\/\/aff.bstatic.com\/static\/affiliate_base\/js\/flexiproduct.js');\n<\/script><\/p>\n<h2><a href=\"https:\/\/www.booking.com\/hotel\/gb\/bovey-castle.html?aid=1320750&amp;no_rooms=1&amp;group_adults=2&amp;room1=A%2CA\" rel=\"nofollow\"><strong>Bovey Schlosshotel \u2013 5 Sterne Luxus-Landhotel &amp; Spa<\/strong><\/a><\/h2>\n<p>Im Herzen des Nationalparks Dartmoor und 15 Minuten von der Autobahn A30 entfernt begr\u00fc\u00dft Sie das historische, luxuri\u00f6se Bovey Castle hoch \u00fcber dem Tal. Freuen Sie sich auf einen Wellnessbereich, einen Golfplatz und einen kostenfreien Parkplatz. Die Unterkunft ist Teil der Eden Hotel Collection, die als AA Small Hotel Group of the Year 2014-2015 ausgezeichnet wurde. Die Unterkunft hat ebenfalls 5 rote AA Awards erhalten&#8230;&#8230;..<a href=\"https:\/\/www.booking.com\/hotel\/gb\/bovey-castle.html?aid=1320750&amp;no_rooms=1&amp;group_adults=2&amp;room1=A%2CA\" rel=\"nofollow\">[Mehr]<\/a><\/p>\n<h2><a href=\"https:\/\/www.booking.com\/hotel\/gb\/gidleigh-park.html?aid=1320750&amp;no_rooms=1&amp;group_adults=2&amp;room1=A%2CA\" rel=\"nofollow\"><strong> Gidleigh Park Hotel \u2013 5 Sterne Luxus Landhaus-Hotel <\/strong><\/a><\/h2>\n<p>Das Gidleigh Park liegt eingebettet in einem bewaldeten Tal auf einem 43 ha gro\u00dfen Gel\u00e4nde mit fruchtbaren B\u00f6den in der wilden Landschaft von Dartmoor. Diese Unterkunft mit einem gehobenen Restaurant befindet sich nur 6 Autominuten von Chagford entfernt&#8230;&#8230;<a href=\"https:\/\/www.booking.com\/hotel\/gb\/gidleigh-park.html?aid=1320750&amp;no_rooms=1&amp;group_adults=2&amp;room1=A%2CA\" rel=\"nofollow\">[Mehr]<\/a><\/p>\n<h2><a href=\"https:\/\/www.booking.com\/hotel\/gb\/moorlandlinkshotel.html?aid=1320750&amp;no_rooms=1&amp;group_adults=2&amp;room1=A%2CA\" rel=\"nofollow\"><strong>Moorland Garden \u2013 4 Sterne Landhotel<\/strong><\/a><\/h2>\n<p>Am Rande des Nationalparks Dartmoor, zwischen Plymouth und Tavistock bietet Ihnen das elegante Moorland Garden Hotel ein traditionelles Restaurant und 3,5 Hektar voll sch\u00f6nster Natur&#8230;&#8230;.<a href=\"https:\/\/www.booking.com\/hotel\/gb\/moorlandlinkshotel.html?aid=1320750&amp;no_rooms=1&amp;group_adults=2&amp;room1=A%2CA\" rel=\"nofollow\">[Mehr]<\/a><\/p>\n<h2><a href=\"https:\/\/www.booking.com\/hotel\/gb\/imperial-devon.html?aid=1320750&amp;no_rooms=1&amp;group_adults=2&amp;room1=A%2CA\" rel=\"nofollow\"><strong>Imperial Hotel &amp; Spa \u2013 4 Sterne Luxushotel mit Meerblick<\/strong><\/a><\/h2>\n<p>Diese Unterkunft ist 2 Gehminuten vom Strand entfernt. Dieses Hotel im mediterranen Stil aus dem Jahre 1866 mit spektakul\u00e4rer Aussicht \u00fcber die Bucht liegt nur 10 Gehminuten vom Stadtzentrum von Torquay entfernt. Es bietet gro\u00dfe, helle Zimmer, Pools und ein Fitnesscenter&#8230;&#8230;<a href=\"https:\/\/www.booking.com\/hotel\/gb\/imperial-devon.html?aid=1320750&amp;no_rooms=1&amp;group_adults=2&amp;room1=A%2CA\" rel=\"nofollow\">[Mehr]<\/a><\/p>\n<h2><a href=\"https:\/\/www.booking.com\/hotel\/gb\/riviera-sidmouth.html?aid=1320750&amp;no_rooms=1&amp;group_adults=2&amp;room1=A%2CA\" rel=\"nofollow\"><strong>4* Hotel Riviera \u2013 Luxushotel am Meer Devon<\/strong><\/a><\/h2>\n<p>Diese Unterkunft ist 1 Gehminute vom Strand entfernt. In herrlicher K\u00fcstenlage in Sidmouth bietet Ihnen das 4-Sterne-Hotel Riviera mit seiner eleganten Fassade aus der Zeit der Regentschaft einen idealen Ausgangspunkt zur Erkundung der sch\u00f6nen Umgebung&#8230;&#8230;&#8230;<a href=\"https:\/\/www.booking.com\/hotel\/gb\/riviera-sidmouth.html?aid=1320750&amp;no_rooms=1&amp;group_adults=2&amp;room1=A%2CA\" rel=\"nofollow\">[Mehr]<\/a><\/p>\n<p><img loading=\"lazy\" class=\"aligncenter size-full wp-image-24598\" src=\"https:\/\/www.urlaubcornwall.de\/blog\/wp-content\/uploads\/2016\/06\/urlaub-und-sudengland_logo-final.jpg\" width=\"746\" height=\"361\"\/><\/p>\n\n","protected":false},"excerpt":{"rendered":"<p>Herrenhaus und Landhaus-Hotels in Devon &#8211; Wir bieten eine Vielzahl an Landhaus Hotels in atemberaubenden Gegenden an, von luxuri\u00f6sen 5-Sterne-Hotels und Boutiquehotels hin zu kleineren familienfreundlichen und preiswerten Hotels. Unsere Auswahl an Unterk\u00fcnften beinhaltet nur die besten Hotels, die Devon zu bieten hat, und zwar an den Orten, die Sie in Ihrem Urlaub besuchen m\u00f6chten. [&hellip;]<\/p>\n","protected":false},"author":1,"featured_media":0,"parent":0,"menu_order":0,"comment_status":"closed","ping_status":"closed","template":"single-four.php","meta":[],"acf":[],"yoast_head":"<!-- This site is optimized with the Yoast SEO plugin v19.4 - https:\/\/yoast.com\/wordpress\/plugins\/seo\/ -->\n<title>Die Sch\u00f6nsten Landhotels in Devon - Urlaub &amp; Reisen<\/title>\n<meta name=\"robots\" content=\"index, follow, max-snippet:-1, max-image-preview:large, max-video-preview:-1\" \/>\n<link rel=\"canonical\" href=\"https:\/\/www.urlaubcornwall.de\/blog\/bei-uns-finden-sie-schoensten-landhotels-devon-einfach-ist-das\/\" \/>\n<meta property=\"og:locale\" content=\"en_US\" \/>\n<meta property=\"og:type\" content=\"article\" \/>\n<meta property=\"og:title\" content=\"Die Sch\u00f6nsten Landhotels in Devon - Urlaub &amp; Reisen\" \/>\n<meta property=\"og:description\" content=\"Herrenhaus und Landhaus-Hotels in Devon &#8211; Wir bieten eine Vielzahl an Landhaus Hotels in atemberaubenden Gegenden an, von luxuri\u00f6sen 5-Sterne-Hotels und Boutiquehotels hin zu kleineren familienfreundlichen und preiswerten Hotels. Unsere Auswahl an Unterk\u00fcnften beinhaltet nur die besten Hotels, die Devon zu bieten hat, und zwar an den Orten, die Sie in Ihrem Urlaub besuchen m\u00f6chten. [&hellip;]\" \/>\n<meta property=\"og:url\" content=\"https:\/\/www.urlaubcornwall.de\/blog\/bei-uns-finden-sie-schoensten-landhotels-devon-einfach-ist-das\/\" \/>\n<meta property=\"og:site_name\" content=\"Urlaub &amp; Reisen\" \/>\n<meta property=\"article:modified_time\" content=\"2021-10-15T08:15:56+00:00\" \/>\n<meta property=\"og:image\" content=\"https:\/\/www.urlaubcornwall.de\/blog\/wp-content\/uploads\/2017\/12\/1-CD167-010-PS_1.jpg\" \/>\n<meta name=\"twitter:card\" content=\"summary\" \/>\n<meta name=\"twitter:label1\" content=\"Est. reading time\" \/>\n\t<meta name=\"twitter:data1\" content=\"2 minutes\" \/>\n<script type=\"application\/ld+json\" class=\"yoast-schema-graph\">{\"@context\":\"https:\/\/schema.org\",\"@graph\":[{\"@type\":\"WebSite\",\"@id\":\"https:\/\/www.urlaubcornwall.de\/blog\/#website\",\"url\":\"https:\/\/www.urlaubcornwall.de\/blog\/\",\"name\":\"Urlaub &amp; Reisen\",\"description\":\"Urlaub, Reisen, Cornwall und S\u00fcdengland: eine perfekte Kombination\",\"potentialAction\":[{\"@type\":\"SearchAction\",\"target\":{\"@type\":\"EntryPoint\",\"urlTemplate\":\"https:\/\/www.urlaubcornwall.de\/blog\/?s={search_term_string}\"},\"query-input\":\"required name=search_term_string\"}],\"inLanguage\":\"en-US\"},{\"@type\":\"WebPage\",\"@id\":\"https:\/\/www.urlaubcornwall.de\/blog\/bei-uns-finden-sie-schoensten-landhotels-devon-einfach-ist-das\/\",\"url\":\"https:\/\/www.urlaubcornwall.de\/blog\/bei-uns-finden-sie-schoensten-landhotels-devon-einfach-ist-das\/\",\"name\":\"Die Sch\u00f6nsten Landhotels in Devon - Urlaub &amp; Reisen\",\"isPartOf\":{\"@id\":\"https:\/\/www.urlaubcornwall.de\/blog\/#website\"},\"datePublished\":\"2017-12-06T12:30:18+00:00\",\"dateModified\":\"2021-10-15T08:15:56+00:00\",\"breadcrumb\":{\"@id\":\"https:\/\/www.urlaubcornwall.de\/blog\/bei-uns-finden-sie-schoensten-landhotels-devon-einfach-ist-das\/#breadcrumb\"},\"inLanguage\":\"en-US\",\"potentialAction\":[{\"@type\":\"ReadAction\",\"target\":[\"https:\/\/www.urlaubcornwall.de\/blog\/bei-uns-finden-sie-schoensten-landhotels-devon-einfach-ist-das\/\"]}]},{\"@type\":\"BreadcrumbList\",\"@id\":\"https:\/\/www.urlaubcornwall.de\/blog\/bei-uns-finden-sie-schoensten-landhotels-devon-einfach-ist-das\/#breadcrumb\",\"itemListElement\":[{\"@type\":\"ListItem\",\"position\":1,\"name\":\"Home\",\"item\":\"https:\/\/www.urlaubcornwall.de\/blog\/\"},{\"@type\":\"ListItem\",\"position\":2,\"name\":\"Die Sch\u00f6nsten Landhotels in Devon\"}]}]}<\/script>\n<!-- \/ Yoast SEO plugin. -->","yoast_head_json":{"title":"Die Sch\u00f6nsten Landhotels in Devon - Urlaub &amp; Reisen","robots":{"index":"index","follow":"follow","max-snippet":"max-snippet:-1","max-image-preview":"max-image-preview:large","max-video-preview":"max-video-preview:-1"},"canonical":"https:\/\/www.urlaubcornwall.de\/blog\/bei-uns-finden-sie-schoensten-landhotels-devon-einfach-ist-das\/","og_locale":"en_US","og_type":"article","og_title":"Die Sch\u00f6nsten Landhotels in Devon - Urlaub &amp; Reisen","og_description":"Herrenhaus und Landhaus-Hotels in Devon &#8211; Wir bieten eine Vielzahl an Landhaus Hotels in atemberaubenden Gegenden an, von luxuri\u00f6sen 5-Sterne-Hotels und Boutiquehotels hin zu kleineren familienfreundlichen und preiswerten Hotels. Unsere Auswahl an Unterk\u00fcnften beinhaltet nur die besten Hotels, die Devon zu bieten hat, und zwar an den Orten, die Sie in Ihrem Urlaub besuchen m\u00f6chten. [&hellip;]","og_url":"https:\/\/www.urlaubcornwall.de\/blog\/bei-uns-finden-sie-schoensten-landhotels-devon-einfach-ist-das\/","og_site_name":"Urlaub &amp; Reisen","article_modified_time":"2021-10-15T08:15:56+00:00","og_image":[{"url":"https:\/\/www.urlaubcornwall.de\/blog\/wp-content\/uploads\/2017\/12\/1-CD167-010-PS_1.jpg"}],"twitter_card":"summary","twitter_misc":{"Est. reading time":"2 minutes"},"schema":{"@context":"https:\/\/schema.org","@graph":[{"@type":"WebSite","@id":"https:\/\/www.urlaubcornwall.de\/blog\/#website","url":"https:\/\/www.urlaubcornwall.de\/blog\/","name":"Urlaub &amp; Reisen","description":"Urlaub, Reisen, Cornwall und S\u00fcdengland: eine perfekte Kombination","potentialAction":[{"@type":"SearchAction","target":{"@type":"EntryPoint","urlTemplate":"https:\/\/www.urlaubcornwall.de\/blog\/?s={search_term_string}"},"query-input":"required name=search_term_string"}],"inLanguage":"en-US"},{"@type":"WebPage","@id":"https:\/\/www.urlaubcornwall.de\/blog\/bei-uns-finden-sie-schoensten-landhotels-devon-einfach-ist-das\/","url":"https:\/\/www.urlaubcornwall.de\/blog\/bei-uns-finden-sie-schoensten-landhotels-devon-einfach-ist-das\/","name":"Die Sch\u00f6nsten Landhotels in Devon - Urlaub &amp; Reisen","isPartOf":{"@id":"https:\/\/www.urlaubcornwall.de\/blog\/#website"},"datePublished":"2017-12-06T12:30:18+00:00","dateModified":"2021-10-15T08:15:56+00:00","breadcrumb":{"@id":"https:\/\/www.urlaubcornwall.de\/blog\/bei-uns-finden-sie-schoensten-landhotels-devon-einfach-ist-das\/#breadcrumb"},"inLanguage":"en-US","potentialAction":[{"@type":"ReadAction","target":["https:\/\/www.urlaubcornwall.de\/blog\/bei-uns-finden-sie-schoensten-landhotels-devon-einfach-ist-das\/"]}]},{"@type":"BreadcrumbList","@id":"https:\/\/www.urlaubcornwall.de\/blog\/bei-uns-finden-sie-schoensten-landhotels-devon-einfach-ist-das\/#breadcrumb","itemListElement":[{"@type":"ListItem","position":1,"name":"Home","item":"https:\/\/www.urlaubcornwall.de\/blog\/"},{"@type":"ListItem","position":2,"name":"Die Sch\u00f6nsten Landhotels in Devon"}]}]}},"_links":{"self":[{"href":"https:\/\/www.urlaubcornwall.de\/blog\/wp-json\/wp\/v2\/pages\/31042"}],"collection":[{"href":"https:\/\/www.urlaubcornwall.de\/blog\/wp-json\/wp\/v2\/pages"}],"about":[{"href":"https:\/\/www.urlaubcornwall.de\/blog\/wp-json\/wp\/v2\/types\/page"}],"author":[{"embeddable":true,"href":"https:\/\/www.urlaubcornwall.de\/blog\/wp-json\/wp\/v2\/users\/1"}],"replies":[{"embeddable":true,"href":"https:\/\/www.urlaubcornwall.de\/blog\/wp-json\/wp\/v2\/comments?post=31042"}],"version-history":[{"count":9,"href":"https:\/\/www.urlaubcornwall.de\/blog\/wp-json\/wp\/v2\/pages\/31042\/revisions"}],"predecessor-version":[{"id":43379,"href":"https:\/\/www.urlaubcornwall.de\/blog\/wp-json\/wp\/v2\/pages\/31042\/revisions\/43379"}],"wp:attachment":[{"href":"https:\/\/www.urlaubcornwall.de\/blog\/wp-json\/wp\/v2\/media?parent=31042"}],"curies":[{"name":"wp","href":"https:\/\/api.w.org\/{rel}","templated":true}]}}