{"id":31039,"date":"2017-12-06T11:50:33","date_gmt":"2017-12-06T11:50:33","guid":{"rendered":"https:\/\/www.urlaubcornwall.de\/blog\/?page_id=31039"},"modified":"2021-09-29T07:35:00","modified_gmt":"2021-09-29T07:35:00","slug":"romantische-hotels-mit-charme-cornwall","status":"publish","type":"page","link":"https:\/\/www.urlaubcornwall.de\/blog\/romantische-hotels-mit-charme-cornwall\/","title":{"rendered":"Bei uns finden Sie Romantische Hotels mit Charme in Cornwall \u2013 so einfach ist das!"},"content":{"rendered":"<p><img loading=\"lazy\" class=\"aligncenter size-full wp-image-28836\" src=\"https:\/\/www.urlaubcornwall.de\/blog\/wp-content\/uploads\/2017\/08\/trelissick-hotels.jpg\" alt=\"romantische hotels cornwall\" width=\"748\" height=\"407\"\/><\/p>\n<p>Diese Hotels vereinen englischen Charme mit modernem Komfort und gepflegtem Ambiente. Sie k\u00f6nnen von jedem Hotel aus sch\u00f6ne Ausfl\u00fcge unternehmen und in den <a href=\"https:\/\/www.urlaubcornwall.de\/reiseziel\/cornwall.php\">Grafschaften Cornwall<\/a> and <a href=\"https:\/\/www.urlaubcornwall.de\/reiseziel\/devon.php\">Devon<\/a> zahlreiche Burgen und Gartenanlagen besuchen.<\/p>\n<div class=\"snippet\"> <a class=\"featured-item\" href=\" https:\/\/www.urlaubcornwall.de\/blog\/rosevine-hotel-luxus-familenurlaub-am-meer-suedkueste-cornwall\/ \"> <span class=\"image-holder\" style=\"background-image: url(' https:\/\/www.urlaubcornwall.de\/blog\/wp-content\/uploads\/2019\/01\/Rosevine_hotel_portscatho.jpg ');\"><\/span> <span class=\"featured-content\"> \n<h2 class=\"featured-title\">Rosevine Hotel am Meer<\/h2>\n<p class=\"featured-body\">The Rosevine ist ein eindrucksvolles georgianisches Haus innerhalb eines wundersch\u00f6nen Grundst\u00fccks gelegen &#8211; mit Blick \u00fcber den Strand von Porthcurnick auf der herrlichen Roseland Halbinsel in S\u00fcdcornwall&#8230;&#8230;. <\/p><\/span> <span class=\"featured-link-holder\"> <span class=\"featured-extra-info\"> \n<p>Luxus Familenhotel Cornwall<\/p>\n<\/span> \n<p class=\"featured-link\">DETAILS<\/p>\n<\/span> <\/a><\/div>\n<div class=\"snippet\"> <a class=\"featured-item\" href=\"https:\/\/www.urlaubcornwall.de\/blog\/das-rose-in-vale-ein-romantikhotel-das-direkt-aus-einem-rosamunde-pilcher-film-stammen-koennte\/\"> <span class=\"image-holder\" style=\"background-image: url(' https:\/\/www.urlaubcornwall.de\/blog\/wp-content\/uploads\/2019\/01\/landhaus-hotel-cornwall-rose-in-vale-1.jpg ');\"><\/span> <span class=\"featured-content\"> \n<h2 class=\"featured-title\">Rose in Vale Landhaus Hotel<\/h2>\n<p class=\"featured-body\">Direkt bei Ankunft im Hotel k\u00f6nnen Sie den \u00e4ltesten Teil des Geb\u00e4udes bewundern, n\u00e4mlich die pr\u00e4chtige georgianische Fassade, efeubewachsen und mit gro\u00dfen Aufziehfenstern best\u00fcckt&#8230;. <\/p><\/span> <span class=\"featured-link-holder\"> <span class=\"featured-extra-info\"> \n<p>Ein Romantikhotel, das direkt aus einem Rosamunde Pilcher-Film<\/p>\n<\/span> \n<p class=\"featured-link\">DETAILS<\/p>\n<\/span> <\/a><\/div>\n<div class=\"snippet\"> <a class=\"featured-item\" href=\"https:\/\/www.urlaubcornwall.de\/blog\/budock-vean-hotel-mit-wunderschoenen-cornischen-gaerten-entlang-des-flusses-helford\/\"> <span class=\"image-holder\" style=\"background-image: url(' https:\/\/www.urlaubcornwall.de\/blog\/wp-content\/uploads\/2019\/01\/Budock-Vean-landhaus-Hotel-cornwall.jpg ');\"><\/span> <span class=\"featured-content\"> \n<h2 class=\"featured-title\">4-Sterne Budock Vean Hotel<\/h2>\n<p class=\"featured-body\">Es befindet sich innerhalb von 25 Hektar herrlichen G\u00e4rten, W\u00e4ldern und seinem eigenen Golfplatz \u2013 somit ist das Budock Vean in der Tat ein Refugium f\u00fcr Erholung und Entspannung&#8230;. <\/p><\/span> <span class=\"featured-link-holder\"> <span class=\"featured-extra-info\"> \n<p>Mit wundersch\u00f6nen cornischen G\u00e4rten<\/p>\n<\/span> \n<p class=\"featured-link\">DETAILS<\/p>\n<\/span> <\/a><\/div>\n<div class=\"snippet\"> <a class=\"featured-item\" href=\"https:\/\/www.urlaubcornwall.de\/blog\/2012\/04\/das-trevalsa-court-ist-ein-englisches-landhaus-am-meer-in-mevagissey-ein-stilvolles-boutique-hotel-in-malerischer-ruhiger-umgebung\/\"> <span class=\"image-holder\" style=\"background-image: url(' https:\/\/www.urlaubcornwall.de\/blog\/wp-content\/uploads\/2019\/01\/trevalsa_court_hotel_mevagissey.jpg');\"><\/span> <span class=\"featured-content\"> \n<h2 class=\"featured-title\">Trevalsa Court Hotel<\/h2>\n<p class=\"featured-body\">F\u00fcr uns ist das Trevalsa Court Hotel in Mevagissey die perfekte Unterkunft in dieser wundersch\u00f6nen Fischerstadt an der S\u00fcdk\u00fcste Cornwalls. Es liegt nur einen kurzen Spaziergang vom quirligen Hafen entfernt&#8230;.. <\/p><\/span> <span class=\"featured-link-holder\"> <span class=\"featured-extra-info\"> \n<p>Ein englisches Landhaus am Meer in Mevagissey<\/p>\n<\/span> \n<p class=\"featured-link\">DETAILS<\/p>\n<\/span> <\/a><\/div>\n<div class=\"snippet\"> <a class=\"featured-item\" href=\"https:\/\/www.urlaubcornwall.de\/blog\/horn-of-plenty-ein-schoenes-hotel-in-devon-in-der-naehe-von-dartmoor\/\"> <span class=\"image-holder\" style=\"background-image: url(' https:\/\/www.urlaubcornwall.de\/blog\/wp-content\/uploads\/2019\/01\/horn-of-plenty-dartmoor-hotel-devon-1.jpg ');\"><\/span> <span class=\"featured-content\"> \n<h2 class=\"featured-title\">Das Horn of Plenty Hotel<\/h2>\n<p class=\"featured-body\">Ein kleines, luxuri\u00f6ses Landhaus-Hotel bei Dartmoor an der Grenze zwischen Devon und Cornwall. Es liegt in einem 5Ar Grundst\u00fcck wundervoll gepflegter, typisch englischer G\u00e4rten&#8230; <\/p><\/span> <span class=\"featured-link-holder\"> <span class=\"featured-extra-info\"> \n<p>Es ist ein romantisches Hotel f\u00fcr Paare<\/p>\n<\/span> \n<p class=\"featured-link\">DETAILS<\/p>\n<\/span> <\/a><\/div>\n<div class=\"snippet\"> <a class=\"featured-item\" href=\" https:\/\/www.urlaubcornwall.de\/blog\/das-st-enodoc-hotel-ein-luxus-boutique-hotel-der-nordkueste-cornwalls\/ \"> <span class=\"image-holder\" style=\"background-image: url(' https:\/\/www.urlaubcornwall.de\/blog\/wp-content\/uploads\/2019\/01\/st-enodoc-hotel-rock.jpg');\"><\/span> <span class=\"featured-content\"> \n<h2 class=\"featured-title\">St Enodoc Hotel nahe Padstow<\/h2>\n<p class=\"featured-body\">Das St Enodoc Hotel in Rock befindet sich von moritzow aus gesehen auf der gegen\u00fcberliegenden Seite des M\u00fcndungstrichters des Flusses Camel; es bietet alles, was Sie sich von einem modernen Boutique-Hotel nur w\u00fcnschen k\u00f6nnen&#8230;&#8230; <\/p><\/span> <span class=\"featured-link-holder\"> <span class=\"featured-extra-info\"> \n<p>Luxus Boutique-Hotel Cornwall<\/p>\n<\/span> \n<p class=\"featured-link\">DETAILS<\/p>\n<\/span> <\/a><\/div>\n<p><ins class=\"bookingaff\" data-aid=\"1697346\" data-target_aid=\"1697346\" data-prod=\"map\" data-width=\"100%\" data-height=\"590\" data-lang=\"ualng\" data-dest_id=\"0\" data-dest_type=\"landmark\" data-latitude=\"50.415497\" data-longitude=\"-5.073719\" data-mwhsb=\"0\" data-address=\"Newquay, UK\"><br \/>\n    <!-- Anything inside will go away once widget is loaded. --><br \/>\n        <a href=\"\/\/www.booking.com?aid=1697346\"rel=\"nofollow\">Booking.com<\/a><br \/>\n<\/ins><br \/>\n<script type=\"text\/javascript\">\n    (function(d, sc, u) {\n      var s = d.createElement(sc), p = d.getElementsByTagName(sc)[0];\n      s.type = 'text\/javascript';\n      s.async = true;\n      s.src = u + '?v=' + (+new Date());\n      p.parentNode.insertBefore(s,p);\n      })(document, 'script', '\/\/aff.bstatic.com\/static\/affiliate_base\/js\/flexiproduct.js');\n<\/script><\/p>\n<p style=\"text-align: center;\"><b><a class=\"tidycta\" href=\"https:\/\/www.urlaubcornwall.de\/hotels.php\">Suche Hotels in Cornwall<\/a><\/b><\/p>\n<p style=\"text-align: left;\"><a href=\"http:\/\/www.urlaubcornwall.de\/\">UrlaubCornwall.de<\/a> ist ein in Cornwall ans\u00e4ssiges Unternehmen k\u00f6nnen wir uns mit 20 Jahren Erfahrung in der Organisation von Rundreisen durch S\u00fcdwest und S\u00fcdengland r\u00fchmen. Um Cornwall in Ihre Rundreise durch S\u00fcdengland mit einzugliedern, stellen Sie Ihre <a href=\"http:\/\/www.urlaubcornwall.de\/anfrage.php\">Anfrage<\/a> hier oder w\u00e4hlen Sie ein Ferienhaus aus unserer besten Auswahl handverlesener und inspizierter H\u00e4user aus.<\/p>\n","protected":false},"excerpt":{"rendered":"<p>Diese Hotels vereinen englischen Charme mit modernem Komfort und gepflegtem Ambiente. Sie k\u00f6nnen von jedem Hotel aus sch\u00f6ne Ausfl\u00fcge unternehmen und in den Grafschaften Cornwall and Devon zahlreiche Burgen und Gartenanlagen besuchen. Rosevine Hotel am Meer The Rosevine ist ein eindrucksvolles georgianisches Haus innerhalb eines wundersch\u00f6nen Grundst\u00fccks gelegen &#8211; mit Blick \u00fcber den Strand von [&hellip;]<\/p>\n","protected":false},"author":1,"featured_media":0,"parent":0,"menu_order":0,"comment_status":"closed","ping_status":"closed","template":"single-four.php","meta":[],"acf":[],"yoast_head":"<!-- This site is optimized with the Yoast SEO plugin v19.4 - https:\/\/yoast.com\/wordpress\/plugins\/seo\/ -->\n<title>Bei uns finden Sie Romantische Hotels mit Charme in Cornwall \u2013 so einfach ist das! - Urlaub &amp; Reisen<\/title>\n<meta name=\"robots\" content=\"index, follow, max-snippet:-1, max-image-preview:large, max-video-preview:-1\" \/>\n<link rel=\"canonical\" href=\"https:\/\/www.urlaubcornwall.de\/blog\/romantische-hotels-mit-charme-cornwall\/\" \/>\n<meta property=\"og:locale\" content=\"en_US\" \/>\n<meta property=\"og:type\" content=\"article\" \/>\n<meta property=\"og:title\" content=\"Bei uns finden Sie Romantische Hotels mit Charme in Cornwall \u2013 so einfach ist das! - Urlaub &amp; Reisen\" \/>\n<meta property=\"og:description\" content=\"Diese Hotels vereinen englischen Charme mit modernem Komfort und gepflegtem Ambiente. Sie k\u00f6nnen von jedem Hotel aus sch\u00f6ne Ausfl\u00fcge unternehmen und in den Grafschaften Cornwall and Devon zahlreiche Burgen und Gartenanlagen besuchen. Rosevine Hotel am Meer The Rosevine ist ein eindrucksvolles georgianisches Haus innerhalb eines wundersch\u00f6nen Grundst\u00fccks gelegen &#8211; mit Blick \u00fcber den Strand von [&hellip;]\" \/>\n<meta property=\"og:url\" content=\"https:\/\/www.urlaubcornwall.de\/blog\/romantische-hotels-mit-charme-cornwall\/\" \/>\n<meta property=\"og:site_name\" content=\"Urlaub &amp; Reisen\" \/>\n<meta property=\"article:modified_time\" content=\"2021-09-29T07:35:00+00:00\" \/>\n<meta property=\"og:image\" content=\"https:\/\/www.urlaubcornwall.de\/blog\/wp-content\/uploads\/2017\/08\/trelissick-hotels.jpg\" \/>\n<meta name=\"twitter:card\" content=\"summary\" \/>\n<meta name=\"twitter:label1\" content=\"Est. reading time\" \/>\n\t<meta name=\"twitter:data1\" content=\"2 minutes\" \/>\n<script type=\"application\/ld+json\" class=\"yoast-schema-graph\">{\"@context\":\"https:\/\/schema.org\",\"@graph\":[{\"@type\":\"WebSite\",\"@id\":\"https:\/\/www.urlaubcornwall.de\/blog\/#website\",\"url\":\"https:\/\/www.urlaubcornwall.de\/blog\/\",\"name\":\"Urlaub &amp; Reisen\",\"description\":\"Urlaub, Reisen, Cornwall und S\u00fcdengland: eine perfekte Kombination\",\"potentialAction\":[{\"@type\":\"SearchAction\",\"target\":{\"@type\":\"EntryPoint\",\"urlTemplate\":\"https:\/\/www.urlaubcornwall.de\/blog\/?s={search_term_string}\"},\"query-input\":\"required name=search_term_string\"}],\"inLanguage\":\"en-US\"},{\"@type\":\"WebPage\",\"@id\":\"https:\/\/www.urlaubcornwall.de\/blog\/romantische-hotels-mit-charme-cornwall\/\",\"url\":\"https:\/\/www.urlaubcornwall.de\/blog\/romantische-hotels-mit-charme-cornwall\/\",\"name\":\"Bei uns finden Sie Romantische Hotels mit Charme in Cornwall \u2013 so einfach ist das! - Urlaub &amp; Reisen\",\"isPartOf\":{\"@id\":\"https:\/\/www.urlaubcornwall.de\/blog\/#website\"},\"datePublished\":\"2017-12-06T11:50:33+00:00\",\"dateModified\":\"2021-09-29T07:35:00+00:00\",\"breadcrumb\":{\"@id\":\"https:\/\/www.urlaubcornwall.de\/blog\/romantische-hotels-mit-charme-cornwall\/#breadcrumb\"},\"inLanguage\":\"en-US\",\"potentialAction\":[{\"@type\":\"ReadAction\",\"target\":[\"https:\/\/www.urlaubcornwall.de\/blog\/romantische-hotels-mit-charme-cornwall\/\"]}]},{\"@type\":\"BreadcrumbList\",\"@id\":\"https:\/\/www.urlaubcornwall.de\/blog\/romantische-hotels-mit-charme-cornwall\/#breadcrumb\",\"itemListElement\":[{\"@type\":\"ListItem\",\"position\":1,\"name\":\"Home\",\"item\":\"https:\/\/www.urlaubcornwall.de\/blog\/\"},{\"@type\":\"ListItem\",\"position\":2,\"name\":\"Bei uns finden Sie Romantische Hotels mit Charme in Cornwall \u2013 so einfach ist das!\"}]}]}<\/script>\n<!-- \/ Yoast SEO plugin. -->","yoast_head_json":{"title":"Bei uns finden Sie Romantische Hotels mit Charme in Cornwall \u2013 so einfach ist das! - Urlaub &amp; Reisen","robots":{"index":"index","follow":"follow","max-snippet":"max-snippet:-1","max-image-preview":"max-image-preview:large","max-video-preview":"max-video-preview:-1"},"canonical":"https:\/\/www.urlaubcornwall.de\/blog\/romantische-hotels-mit-charme-cornwall\/","og_locale":"en_US","og_type":"article","og_title":"Bei uns finden Sie Romantische Hotels mit Charme in Cornwall \u2013 so einfach ist das! - Urlaub &amp; Reisen","og_description":"Diese Hotels vereinen englischen Charme mit modernem Komfort und gepflegtem Ambiente. Sie k\u00f6nnen von jedem Hotel aus sch\u00f6ne Ausfl\u00fcge unternehmen und in den Grafschaften Cornwall and Devon zahlreiche Burgen und Gartenanlagen besuchen. Rosevine Hotel am Meer The Rosevine ist ein eindrucksvolles georgianisches Haus innerhalb eines wundersch\u00f6nen Grundst\u00fccks gelegen &#8211; mit Blick \u00fcber den Strand von [&hellip;]","og_url":"https:\/\/www.urlaubcornwall.de\/blog\/romantische-hotels-mit-charme-cornwall\/","og_site_name":"Urlaub &amp; Reisen","article_modified_time":"2021-09-29T07:35:00+00:00","og_image":[{"url":"https:\/\/www.urlaubcornwall.de\/blog\/wp-content\/uploads\/2017\/08\/trelissick-hotels.jpg"}],"twitter_card":"summary","twitter_misc":{"Est. reading time":"2 minutes"},"schema":{"@context":"https:\/\/schema.org","@graph":[{"@type":"WebSite","@id":"https:\/\/www.urlaubcornwall.de\/blog\/#website","url":"https:\/\/www.urlaubcornwall.de\/blog\/","name":"Urlaub &amp; Reisen","description":"Urlaub, Reisen, Cornwall und S\u00fcdengland: eine perfekte Kombination","potentialAction":[{"@type":"SearchAction","target":{"@type":"EntryPoint","urlTemplate":"https:\/\/www.urlaubcornwall.de\/blog\/?s={search_term_string}"},"query-input":"required name=search_term_string"}],"inLanguage":"en-US"},{"@type":"WebPage","@id":"https:\/\/www.urlaubcornwall.de\/blog\/romantische-hotels-mit-charme-cornwall\/","url":"https:\/\/www.urlaubcornwall.de\/blog\/romantische-hotels-mit-charme-cornwall\/","name":"Bei uns finden Sie Romantische Hotels mit Charme in Cornwall \u2013 so einfach ist das! - Urlaub &amp; Reisen","isPartOf":{"@id":"https:\/\/www.urlaubcornwall.de\/blog\/#website"},"datePublished":"2017-12-06T11:50:33+00:00","dateModified":"2021-09-29T07:35:00+00:00","breadcrumb":{"@id":"https:\/\/www.urlaubcornwall.de\/blog\/romantische-hotels-mit-charme-cornwall\/#breadcrumb"},"inLanguage":"en-US","potentialAction":[{"@type":"ReadAction","target":["https:\/\/www.urlaubcornwall.de\/blog\/romantische-hotels-mit-charme-cornwall\/"]}]},{"@type":"BreadcrumbList","@id":"https:\/\/www.urlaubcornwall.de\/blog\/romantische-hotels-mit-charme-cornwall\/#breadcrumb","itemListElement":[{"@type":"ListItem","position":1,"name":"Home","item":"https:\/\/www.urlaubcornwall.de\/blog\/"},{"@type":"ListItem","position":2,"name":"Bei uns finden Sie Romantische Hotels mit Charme in Cornwall \u2013 so einfach ist das!"}]}]}},"_links":{"self":[{"href":"https:\/\/www.urlaubcornwall.de\/blog\/wp-json\/wp\/v2\/pages\/31039"}],"collection":[{"href":"https:\/\/www.urlaubcornwall.de\/blog\/wp-json\/wp\/v2\/pages"}],"about":[{"href":"https:\/\/www.urlaubcornwall.de\/blog\/wp-json\/wp\/v2\/types\/page"}],"author":[{"embeddable":true,"href":"https:\/\/www.urlaubcornwall.de\/blog\/wp-json\/wp\/v2\/users\/1"}],"replies":[{"embeddable":true,"href":"https:\/\/www.urlaubcornwall.de\/blog\/wp-json\/wp\/v2\/comments?post=31039"}],"version-history":[{"count":9,"href":"https:\/\/www.urlaubcornwall.de\/blog\/wp-json\/wp\/v2\/pages\/31039\/revisions"}],"predecessor-version":[{"id":43114,"href":"https:\/\/www.urlaubcornwall.de\/blog\/wp-json\/wp\/v2\/pages\/31039\/revisions\/43114"}],"wp:attachment":[{"href":"https:\/\/www.urlaubcornwall.de\/blog\/wp-json\/wp\/v2\/media?parent=31039"}],"curies":[{"name":"wp","href":"https:\/\/api.w.org\/{rel}","templated":true}]}}