{"id":31023,"date":"2017-12-05T11:42:18","date_gmt":"2017-12-05T11:42:18","guid":{"rendered":"https:\/\/www.urlaubcornwall.de\/blog\/?page_id=31023"},"modified":"2021-09-29T07:34:20","modified_gmt":"2021-09-29T07:34:20","slug":"schoensten-wellness-hotels-die-doerfer-und-kuestenstaedte-cornwalls","status":"publish","type":"page","link":"https:\/\/www.urlaubcornwall.de\/blog\/schoensten-wellness-hotels-die-doerfer-und-kuestenstaedte-cornwalls\/","title":{"rendered":"Die Sch\u00f6nsten Wellness Hotels in Cornwall &#8211; D\u00f6rfer und K\u00fcstenst\u00e4dte"},"content":{"rendered":"<p><img loading=\"lazy\" class=\"aligncenter size-full wp-image-26197\" src=\"https:\/\/www.urlaubcornwall.de\/blog\/wp-content\/uploads\/2017\/01\/luxus-wellness-hotel-cornwall.jpg\" alt=\"luxus wellness hotel cornwall\" width=\"744\" height=\"444\" srcset=\"https:\/\/www.urlaubcornwall.de\/blog\/wp-content\/uploads\/2017\/01\/luxus-wellness-hotel-cornwall.jpg 744w, https:\/\/www.urlaubcornwall.de\/blog\/wp-content\/uploads\/2017\/01\/luxus-wellness-hotel-cornwall-300x179.jpg 300w\" sizes=\"(max-width: 744px) 100vw, 744px\" \/><\/p>\n<p>Der Wellnessbereich l\u00e4dt zum Entspannen ein. Sie k\u00f6nnen im Pool drinnen oder drau\u00dfen ein paar Runden drehen, im Fitnessraum Sport treiben oder bei einer Massage relaxen. So k\u00f6nnen Sie Ihre Urlaubstage mit einem kleinen Verw\u00f6hnprogramm abrunden. Hier sind unsere Lieblings-Wellnesshotels in Newquay, Falmouth und St Ives<\/p>\n<div class=\"snippet\"> <a class=\"featured-item\" href=\"https:\/\/www.urlaubcornwall.de\/blog\/cornwall-hotel-spa-estate-luxushotel-suedcornwall\/\"> <span class=\"image-holder\" style=\"background-image: url(' https:\/\/www.urlaubcornwall.de\/blog\/wp-content\/uploads\/2019\/01\/cornwall-hotel-spa-1.jpg ');\"><\/span> <span class=\"featured-content\"> \n<h2 class=\"featured-title\">Cornwall Hotel, Estate &amp; Spa St Austell<\/h2>\n<p class=\"featured-body\">Entspannen Sie, erholen Sie sich und verj\u00fcngen Sie sich in der luxuri\u00f6sen Umgebung des \u201eThe Cornwall Hotel, Spa &amp; Estate\u201c; einem exquisiten 4-Sterne Luxushotel&#8230; <\/p><\/span> <span class=\"featured-link-holder\"> <span class=\"featured-extra-info\"> \n<p>Preisgekr\u00f6ntem Spa inmitten einer ruhigen, bewaldeten Parkanlage<\/p>\n<\/span> \n<p class=\"featured-link\">DETAILS<\/p>\n<\/span> <\/a><\/div>\n<div class=\"snippet\"> <a class=\"featured-item\" href=\"https:\/\/www.urlaubcornwall.de\/blog\/carbis-bay-hotel-am-meer-st-ives\/\"> <span class=\"image-holder\" style=\"background-image: url(' https:\/\/www.urlaubcornwall.de\/blog\/wp-content\/uploads\/2019\/01\/carbis-bay-hotel-st-ives-am-meer.jpg ');\"><\/span> <span class=\"featured-content\"> \n<h2 class=\"featured-title\">Carbis Bay Hotel und Spa am Meer<\/h2>\n<p class=\"featured-body\">Dieses Hotel ist von h\u00f6chster Qualit\u00e4t, seit 30 Jahren familiengef\u00fchrt und h\u00e4lt den hauseigenen Strand instand. Durch seine blaue Flagge ist der Strand der perfekte Familienurlaubsort am Meer&#8230;.<\/p><\/span> <span class=\"featured-link-holder\"> <span class=\"featured-extra-info\">\n<p>In der N\u00e4he das eines der ausgezeichnetsten Sandstr\u00e4nde<\/p>\n<\/span> \n<p class=\"featured-link\">DETAILS<\/p>\n<\/span> <\/a><\/div>\n<div class=\"snippet\"> <a class=\"featured-item\" href=\"https:\/\/www.urlaubcornwall.de\/blog\/budock-vean-hotel-mit-wunderschoenen-cornischen-gaerten-entlang-des-flusses-helford\/\"> <span class=\"image-holder\" style=\"background-image: url(' https:\/\/www.urlaubcornwall.de\/blog\/wp-content\/uploads\/2019\/01\/Budock-Vean-landhaus-Hotel-cornwall.jpg ');\"><\/span> <span class=\"featured-content\"> \n<h2 class=\"featured-title\">4-Sterne Budock Vean Hotel<\/h2>\n<p class=\"featured-body\">Es befindet sich innerhalb von 25 Hektar herrlichen G\u00e4rten, W\u00e4ldern und seinem eigenen Golfplatz \u2013 somit ist das Budock Vean in der Tat ein Refugium f\u00fcr Erholung und Entspannung&#8230;. <\/p><\/span> <span class=\"featured-link-holder\"> <span class=\"featured-extra-info\"> \n<p>Mit wundersch\u00f6nen cornischen G\u00e4rten<\/p>\n<\/span> \n<p class=\"featured-link\">DETAILS<\/p>\n<\/span> <\/a><\/div>\n<div class=\"snippet\"> <a class=\"featured-item\" href=\" https:\/\/www.urlaubcornwall.de\/blog\/st-moritz-hotel-und-spa-luxushotel-am-meer-nordkueste-cornwall\/ \"> <span class=\"image-holder\" style=\"background-image: url(' https:\/\/www.urlaubcornwall.de\/blog\/wp-content\/uploads\/2019\/01\/St-Moritz-hotel-cornwall.jpg ');\"><\/span> <span class=\"featured-content\"> \n<h2 class=\"featured-title\">St Moritz Hotel<\/h2>\n<p class=\"featured-body\">Das atemberaubende St Moritz Hotel &#038; Spa befindet sich an der Nordk\u00fcste Cornwalls oberhalb des Trebetherick Hochlandes mit Blick \u00fcber die M\u00fcndung des Flusses Camel und den atlantischen Ozean&#8230;.. <\/p><\/span> <span class=\"featured-link-holder\"> <span class=\"featured-extra-info\"> \n<p>Luxushotel am Meer Nordk\u00fcste Cornwall<\/p>\n<\/span> \n<p class=\"featured-link\">DETAILS<\/p>\n<\/span> <\/a><\/div>\n<div class=\"snippet\"> <a class=\"featured-item\" href=\"https:\/\/www.booking.com\/hotel\/gb\/tregenna-castle-estate.html?aid=1320750&amp;no_rooms=1&amp;group_adults=2&amp;room1=A%2CA\"rel=\"nofollow\"> <span class=\"image-holder\" style=\"background-image: url(' https:\/\/www.urlaubcornwall.de\/blog\/wp-content\/uploads\/2019\/01\/tregenna-schlosshotel_cornwall-1.jpg ');\"><\/span> <span class=\"featured-content\"> \n<h2 class=\"featured-title\">Tregenna Schlosshotel &#038; Resort St Ives<\/h2>\n<p class=\"featured-body\">Das Hotel verf\u00fcgt \u00fcber 81 Zimmer, jedes mit seinem eigenen Charakter, und einige R\u00e4ume haben spektakul\u00e4ren Meeresblick; allesamt sind sie recht gro\u00df mit hohen Decken, die zus\u00e4tzlich mehr Raum vermitteln&#8230;.<\/p><\/span> <span class=\"featured-link-holder\"> <span class=\"featured-extra-info\">\n<p>Das beste Hotel, wenn es darum geht, Parkprobleme in St Ives zu vermeiden.<\/p>\n<\/span> \n<p class=\"featured-link\">DETAILS<\/p>\n<\/span> <\/a><\/div>\n<p><ins class=\"bookingaff\" data-aid=\"1697346\" data-target_aid=\"1697346\" data-prod=\"map\" data-width=\"100%\" data-height=\"590\" data-lang=\"ualng\" data-dest_id=\"0\" data-dest_type=\"landmark\" data-latitude=\"50.415497\" data-longitude=\"-5.073719\" data-mwhsb=\"0\" data-address=\"Newquay, UK\"><br \/>\n    <!-- Anything inside will go away once widget is loaded. --><br \/>\n        <a href=\"\/\/www.booking.com?aid=1697346\"rel=\"nofollow\">Booking.com<\/a><br \/>\n<\/ins><br \/>\n<script type=\"text\/javascript\">\n    (function(d, sc, u) {\n      var s = d.createElement(sc), p = d.getElementsByTagName(sc)[0];\n      s.type = 'text\/javascript';\n      s.async = true;\n      s.src = u + '?v=' + (+new Date());\n      p.parentNode.insertBefore(s,p);\n      })(document, 'script', '\/\/aff.bstatic.com\/static\/affiliate_base\/js\/flexiproduct.js');\n<\/script><\/p>\n<p style=\"text-align: center;\"><b><a class=\"tidycta\" href=\"https:\/\/www.urlaubcornwall.de\/hotels.php\">Suche Hotels in Cornwall<\/a><\/b><\/p>\n<p style=\"text-align: left;\"><a href=\"http:\/\/www.urlaubcornwall.de\/\">UrlaubCornwall.de<\/a> ist ein in Cornwall ans\u00e4ssiges Unternehmen k\u00f6nnen wir uns mit 20 Jahren Erfahrung in der Organisation von Rundreisen durch S\u00fcdwest und S\u00fcdengland r\u00fchmen. Um Cornwall in Ihre Rundreise durch S\u00fcdengland mit einzugliedern, stellen Sie Ihre <a href=\"http:\/\/www.urlaubcornwall.de\/anfrage.php\">Anfrage<\/a> hier oder w\u00e4hlen Sie ein Ferienhaus aus unserer besten Auswahl handverlesener und inspizierter H\u00e4user aus.<\/p>\n","protected":false},"excerpt":{"rendered":"<p>Der Wellnessbereich l\u00e4dt zum Entspannen ein. Sie k\u00f6nnen im Pool drinnen oder drau\u00dfen ein paar Runden drehen, im Fitnessraum Sport treiben oder bei einer Massage relaxen. So k\u00f6nnen Sie Ihre Urlaubstage mit einem kleinen Verw\u00f6hnprogramm abrunden. Hier sind unsere Lieblings-Wellnesshotels in Newquay, Falmouth und St Ives Cornwall Hotel, Estate &amp; Spa St Austell Entspannen Sie, [&hellip;]<\/p>\n","protected":false},"author":1,"featured_media":0,"parent":0,"menu_order":0,"comment_status":"closed","ping_status":"closed","template":"single-four.php","meta":[],"acf":[],"yoast_head":"<!-- This site is optimized with the Yoast SEO plugin v19.4 - https:\/\/yoast.com\/wordpress\/plugins\/seo\/ -->\n<title>Die Sch\u00f6nsten Wellness Hotels in Cornwall - D\u00f6rfer und K\u00fcstenst\u00e4dte - Urlaub &amp; Reisen<\/title>\n<meta name=\"robots\" content=\"index, follow, max-snippet:-1, max-image-preview:large, max-video-preview:-1\" \/>\n<link rel=\"canonical\" href=\"https:\/\/www.urlaubcornwall.de\/blog\/schoensten-wellness-hotels-die-doerfer-und-kuestenstaedte-cornwalls\/\" \/>\n<meta property=\"og:locale\" content=\"en_US\" \/>\n<meta property=\"og:type\" content=\"article\" \/>\n<meta property=\"og:title\" content=\"Die Sch\u00f6nsten Wellness Hotels in Cornwall - D\u00f6rfer und K\u00fcstenst\u00e4dte - Urlaub &amp; Reisen\" \/>\n<meta property=\"og:description\" content=\"Der Wellnessbereich l\u00e4dt zum Entspannen ein. Sie k\u00f6nnen im Pool drinnen oder drau\u00dfen ein paar Runden drehen, im Fitnessraum Sport treiben oder bei einer Massage relaxen. So k\u00f6nnen Sie Ihre Urlaubstage mit einem kleinen Verw\u00f6hnprogramm abrunden. Hier sind unsere Lieblings-Wellnesshotels in Newquay, Falmouth und St Ives Cornwall Hotel, Estate &amp; Spa St Austell Entspannen Sie, [&hellip;]\" \/>\n<meta property=\"og:url\" content=\"https:\/\/www.urlaubcornwall.de\/blog\/schoensten-wellness-hotels-die-doerfer-und-kuestenstaedte-cornwalls\/\" \/>\n<meta property=\"og:site_name\" content=\"Urlaub &amp; Reisen\" \/>\n<meta property=\"article:modified_time\" content=\"2021-09-29T07:34:20+00:00\" \/>\n<meta property=\"og:image\" content=\"https:\/\/www.urlaubcornwall.de\/blog\/wp-content\/uploads\/2017\/01\/luxus-wellness-hotel-cornwall.jpg\" \/>\n<meta name=\"twitter:card\" content=\"summary\" \/>\n<meta name=\"twitter:label1\" content=\"Est. reading time\" \/>\n\t<meta name=\"twitter:data1\" content=\"2 minutes\" \/>\n<script type=\"application\/ld+json\" class=\"yoast-schema-graph\">{\"@context\":\"https:\/\/schema.org\",\"@graph\":[{\"@type\":\"WebSite\",\"@id\":\"https:\/\/www.urlaubcornwall.de\/blog\/#website\",\"url\":\"https:\/\/www.urlaubcornwall.de\/blog\/\",\"name\":\"Urlaub &amp; Reisen\",\"description\":\"Urlaub, Reisen, Cornwall und S\u00fcdengland: eine perfekte Kombination\",\"potentialAction\":[{\"@type\":\"SearchAction\",\"target\":{\"@type\":\"EntryPoint\",\"urlTemplate\":\"https:\/\/www.urlaubcornwall.de\/blog\/?s={search_term_string}\"},\"query-input\":\"required name=search_term_string\"}],\"inLanguage\":\"en-US\"},{\"@type\":\"WebPage\",\"@id\":\"https:\/\/www.urlaubcornwall.de\/blog\/schoensten-wellness-hotels-die-doerfer-und-kuestenstaedte-cornwalls\/\",\"url\":\"https:\/\/www.urlaubcornwall.de\/blog\/schoensten-wellness-hotels-die-doerfer-und-kuestenstaedte-cornwalls\/\",\"name\":\"Die Sch\u00f6nsten Wellness Hotels in Cornwall - D\u00f6rfer und K\u00fcstenst\u00e4dte - Urlaub &amp; Reisen\",\"isPartOf\":{\"@id\":\"https:\/\/www.urlaubcornwall.de\/blog\/#website\"},\"datePublished\":\"2017-12-05T11:42:18+00:00\",\"dateModified\":\"2021-09-29T07:34:20+00:00\",\"breadcrumb\":{\"@id\":\"https:\/\/www.urlaubcornwall.de\/blog\/schoensten-wellness-hotels-die-doerfer-und-kuestenstaedte-cornwalls\/#breadcrumb\"},\"inLanguage\":\"en-US\",\"potentialAction\":[{\"@type\":\"ReadAction\",\"target\":[\"https:\/\/www.urlaubcornwall.de\/blog\/schoensten-wellness-hotels-die-doerfer-und-kuestenstaedte-cornwalls\/\"]}]},{\"@type\":\"BreadcrumbList\",\"@id\":\"https:\/\/www.urlaubcornwall.de\/blog\/schoensten-wellness-hotels-die-doerfer-und-kuestenstaedte-cornwalls\/#breadcrumb\",\"itemListElement\":[{\"@type\":\"ListItem\",\"position\":1,\"name\":\"Home\",\"item\":\"https:\/\/www.urlaubcornwall.de\/blog\/\"},{\"@type\":\"ListItem\",\"position\":2,\"name\":\"Die Sch\u00f6nsten Wellness Hotels in Cornwall &#8211; D\u00f6rfer und K\u00fcstenst\u00e4dte\"}]}]}<\/script>\n<!-- \/ Yoast SEO plugin. -->","yoast_head_json":{"title":"Die Sch\u00f6nsten Wellness Hotels in Cornwall - D\u00f6rfer und K\u00fcstenst\u00e4dte - Urlaub &amp; Reisen","robots":{"index":"index","follow":"follow","max-snippet":"max-snippet:-1","max-image-preview":"max-image-preview:large","max-video-preview":"max-video-preview:-1"},"canonical":"https:\/\/www.urlaubcornwall.de\/blog\/schoensten-wellness-hotels-die-doerfer-und-kuestenstaedte-cornwalls\/","og_locale":"en_US","og_type":"article","og_title":"Die Sch\u00f6nsten Wellness Hotels in Cornwall - D\u00f6rfer und K\u00fcstenst\u00e4dte - Urlaub &amp; Reisen","og_description":"Der Wellnessbereich l\u00e4dt zum Entspannen ein. Sie k\u00f6nnen im Pool drinnen oder drau\u00dfen ein paar Runden drehen, im Fitnessraum Sport treiben oder bei einer Massage relaxen. So k\u00f6nnen Sie Ihre Urlaubstage mit einem kleinen Verw\u00f6hnprogramm abrunden. Hier sind unsere Lieblings-Wellnesshotels in Newquay, Falmouth und St Ives Cornwall Hotel, Estate &amp; Spa St Austell Entspannen Sie, [&hellip;]","og_url":"https:\/\/www.urlaubcornwall.de\/blog\/schoensten-wellness-hotels-die-doerfer-und-kuestenstaedte-cornwalls\/","og_site_name":"Urlaub &amp; Reisen","article_modified_time":"2021-09-29T07:34:20+00:00","og_image":[{"url":"https:\/\/www.urlaubcornwall.de\/blog\/wp-content\/uploads\/2017\/01\/luxus-wellness-hotel-cornwall.jpg"}],"twitter_card":"summary","twitter_misc":{"Est. reading time":"2 minutes"},"schema":{"@context":"https:\/\/schema.org","@graph":[{"@type":"WebSite","@id":"https:\/\/www.urlaubcornwall.de\/blog\/#website","url":"https:\/\/www.urlaubcornwall.de\/blog\/","name":"Urlaub &amp; Reisen","description":"Urlaub, Reisen, Cornwall und S\u00fcdengland: eine perfekte Kombination","potentialAction":[{"@type":"SearchAction","target":{"@type":"EntryPoint","urlTemplate":"https:\/\/www.urlaubcornwall.de\/blog\/?s={search_term_string}"},"query-input":"required name=search_term_string"}],"inLanguage":"en-US"},{"@type":"WebPage","@id":"https:\/\/www.urlaubcornwall.de\/blog\/schoensten-wellness-hotels-die-doerfer-und-kuestenstaedte-cornwalls\/","url":"https:\/\/www.urlaubcornwall.de\/blog\/schoensten-wellness-hotels-die-doerfer-und-kuestenstaedte-cornwalls\/","name":"Die Sch\u00f6nsten Wellness Hotels in Cornwall - D\u00f6rfer und K\u00fcstenst\u00e4dte - Urlaub &amp; Reisen","isPartOf":{"@id":"https:\/\/www.urlaubcornwall.de\/blog\/#website"},"datePublished":"2017-12-05T11:42:18+00:00","dateModified":"2021-09-29T07:34:20+00:00","breadcrumb":{"@id":"https:\/\/www.urlaubcornwall.de\/blog\/schoensten-wellness-hotels-die-doerfer-und-kuestenstaedte-cornwalls\/#breadcrumb"},"inLanguage":"en-US","potentialAction":[{"@type":"ReadAction","target":["https:\/\/www.urlaubcornwall.de\/blog\/schoensten-wellness-hotels-die-doerfer-und-kuestenstaedte-cornwalls\/"]}]},{"@type":"BreadcrumbList","@id":"https:\/\/www.urlaubcornwall.de\/blog\/schoensten-wellness-hotels-die-doerfer-und-kuestenstaedte-cornwalls\/#breadcrumb","itemListElement":[{"@type":"ListItem","position":1,"name":"Home","item":"https:\/\/www.urlaubcornwall.de\/blog\/"},{"@type":"ListItem","position":2,"name":"Die Sch\u00f6nsten Wellness Hotels in Cornwall &#8211; D\u00f6rfer und K\u00fcstenst\u00e4dte"}]}]}},"_links":{"self":[{"href":"https:\/\/www.urlaubcornwall.de\/blog\/wp-json\/wp\/v2\/pages\/31023"}],"collection":[{"href":"https:\/\/www.urlaubcornwall.de\/blog\/wp-json\/wp\/v2\/pages"}],"about":[{"href":"https:\/\/www.urlaubcornwall.de\/blog\/wp-json\/wp\/v2\/types\/page"}],"author":[{"embeddable":true,"href":"https:\/\/www.urlaubcornwall.de\/blog\/wp-json\/wp\/v2\/users\/1"}],"replies":[{"embeddable":true,"href":"https:\/\/www.urlaubcornwall.de\/blog\/wp-json\/wp\/v2\/comments?post=31023"}],"version-history":[{"count":14,"href":"https:\/\/www.urlaubcornwall.de\/blog\/wp-json\/wp\/v2\/pages\/31023\/revisions"}],"predecessor-version":[{"id":43112,"href":"https:\/\/www.urlaubcornwall.de\/blog\/wp-json\/wp\/v2\/pages\/31023\/revisions\/43112"}],"wp:attachment":[{"href":"https:\/\/www.urlaubcornwall.de\/blog\/wp-json\/wp\/v2\/media?parent=31023"}],"curies":[{"name":"wp","href":"https:\/\/api.w.org\/{rel}","templated":true}]}}