{"id":30943,"date":"2017-11-30T16:48:42","date_gmt":"2017-11-30T16:48:42","guid":{"rendered":"https:\/\/www.urlaubcornwall.de\/blog\/?page_id=30943"},"modified":"2024-05-30T10:01:34","modified_gmt":"2024-05-30T10:01:34","slug":"hotels-carmarthenshire-carmarthen-bay-mit-hund","status":"publish","type":"page","link":"https:\/\/www.urlaubcornwall.de\/blog\/hotels-carmarthenshire-carmarthen-bay-mit-hund\/","title":{"rendered":"Hotels in Carmarthenshire &#038; Carmarthen Bay mit Hund"},"content":{"rendered":"<p><a href=\"https:\/\/www.urlaubcornwall.de\/blog\/wp-content\/uploads\/2024\/03\/gower-halbinsel-wales-1.jpg\"><img loading=\"lazy\" src=\"https:\/\/www.urlaubcornwall.de\/blog\/wp-content\/uploads\/2024\/03\/gower-halbinsel-wales-1.jpg\" alt=\"gower halbinsel wales\" width=\"750\" height=\"500\" class=\"alignnone size-full wp-image-47959\" srcset=\"https:\/\/www.urlaubcornwall.de\/blog\/wp-content\/uploads\/2024\/03\/gower-halbinsel-wales-1.jpg 750w, https:\/\/www.urlaubcornwall.de\/blog\/wp-content\/uploads\/2024\/03\/gower-halbinsel-wales-1-300x200.jpg 300w\" sizes=\"(max-width: 750px) 100vw, 750px\" \/><\/a><\/p>\n<p><strong>Die Sch\u00f6nsten Hundefreundliche Hotels in Carmarthenshire &#8211; <\/strong>Carmarthenshire erstreckt sich von der Carmarthen Bay im S\u00fcden hin zum westlichen Rand der Brecon Beacons im Norden. Die Landschaft ist satt und gr\u00fcn mit Bergen, alten W\u00e4ldern und goldenen Sandstr\u00e4nden. Tief verankert in Mythen und Legenden, soll hier Merlin, der Zauberer, geboren sein.<\/p>\n<p><strong>Hotels in Carmarthen \u2013 Haustiere erlaubt.<\/strong><\/p>\n<h2><a href=\" https:\/\/www.booking.com\/hotel\/gb\/jabajak-vineyard-restaurant-amp-rooms.html?aid=1320750&amp;no_rooms=1&amp;group_adults=2&amp;room1=A%2CA\" rel=\"nofollow\"><span style=\"text-decoration: underline;\"><strong> Jabajek Vineyard Restaurant &amp; Rooms \u2013 5 Sterne<\/strong><\/span><\/a><\/h2>\n<p><span id=\"result_box\" class=\"\" lang=\"de\">Mit einem Garten und einem Restaurant erwartet Sie das Jabajak Vineyard Restaurant &amp; Rooms in Whitland. Neben einer Terrasse bietet die Unterkunft auch eine Bar. <span class=\"\">Die Zimmer verf\u00fcgen \u00fcber eine Terrasse mit Gartenblick<\/span><\/span>&#8230;&#8230;..<a href=\" https:\/\/www.booking.com\/hotel\/gb\/jabajak-vineyard-restaurant-amp-rooms.html?aid=1320750&amp;no_rooms=1&amp;group_adults=2&amp;room1=A%2CA\" rel=\"nofollow\">[Mehr]<\/a><\/p>\n<h2><a href=\" https:\/\/www.booking.com\/hotel\/gb\/diplomathotel.html?aid=1320750&amp;no_rooms=1&amp;group_adults=2&amp;room1=A%2CA\" rel=\"nofollow\"><span style=\"text-decoration: underline;\"><strong>Best Western Diplomat Hotel &amp; Spa \u2013 3 Sterne<\/strong><\/span><\/a><\/h2>\n<p>Diese Unterkunft ist 20 Gehminuten vom Strand entfernt. Rund 1,6 km vom Zentrum von Llanelli entfernt erwartet Sie das luxuri\u00f6se Best Western Diplomat Hotel and Spa mit kostenfreien Parkpl\u00e4tzen, kostenlosem WLAN und einem modernen Freizeitzentrum. Die Rennbahn Ffos Las erreichen Sie in 10 Fahrminuten&#8230;&#8230;&#8230;<a href=\" https:\/\/www.booking.com\/hotel\/gb\/diplomathotel.html?aid=1320750&amp;no_rooms=1&amp;group_adults=2&amp;room1=A%2CA\" rel=\"nofollow\">[Mehr]<\/a><\/p>\n<h2><a href=\" https:\/\/www.booking.com\/hotel\/gb\/ivybushroyal.html?aid=1320750&amp;no_rooms=1&amp;group_adults=2&amp;room1=A%2CA \" rel=\"nofollow\"><span style=\"text-decoration: underline;\"><strong> Ivy Bush Royal Hotel \u2013 3 Sterne&nbsp; Carmarthen <\/strong><\/span><\/a><\/h2>\n<p>Das Ivy Bush Royal Hotel hat eine spektakul\u00e4re Lage an der Pforte zu West Wales. Gesch\u00e4ftsreisende und Urlauber werden in dieser wundersch\u00f6nen Gegend mit Eleganz und Komfort begr\u00fc\u00dft&#8230;&#8230;&#8230;<a href=\" https:\/\/www.booking.com\/hotel\/gb\/ivybushroyal.html?aid=1320750&amp;no_rooms=1&amp;group_adults=2&amp;room1=A%2CA\" rel=\"nofollow\">[Mehr]<\/a><\/p>\n<p style=\"text-align: center;\"><a class=\"tidycta\" href=\"https:\/\/www.booking.com\/searchresults.html?region=2803&amp;aid=1320750&amp;no_rooms=1&amp;group_adults=2&amp;room1=A%2CA \" rel=\"nofollow\">Suche Hotels Carmarthenshire<\/a><\/p>\n<h1 style=\"text-align: center;\"><strong>Bei uns finden Sie Ferienh\u00e4user zum Verlieben \u2013 so einfach ist das!<\/strong><\/h1>\n<p style=\"text-align: center;\"><a class=\"tidycta\" href=\"https:\/\/www.urlaubcornwall.de\/ferienhaeuser-fewos\/wal\/westwales\/westwales-hundefreundlich.html\">Ferienh\u00e4user in Westwales mit Hund<\/a><\/p>\n<p style=\"text-align: center;\">UrlaubCornwall.de hat eine einzigartige Sammlung pers\u00f6nlich inspizierter Ferienh\u00e4user und Ferienwohnungen in Wales, <a href=\"https:\/\/www.urlaubcornwall.de\/ferienhaueser\/suedengland.php\">S\u00fcdengland<\/a> und nun auch im gesamten Gro\u00dfbritannien.<\/p>\n","protected":false},"excerpt":{"rendered":"<p>Die Sch\u00f6nsten Hundefreundliche Hotels in Carmarthenshire &#8211; Carmarthenshire erstreckt sich von der Carmarthen Bay im S\u00fcden hin zum westlichen Rand der Brecon Beacons im Norden. Die Landschaft ist satt und gr\u00fcn mit Bergen, alten W\u00e4ldern und goldenen Sandstr\u00e4nden. Tief verankert in Mythen und Legenden, soll hier Merlin, der Zauberer, geboren sein. Hotels in Carmarthen \u2013 [&hellip;]<\/p>\n","protected":false},"author":1,"featured_media":0,"parent":0,"menu_order":0,"comment_status":"closed","ping_status":"closed","template":"single-four.php","meta":[],"acf":[],"yoast_head":"<!-- This site is optimized with the Yoast SEO plugin v19.4 - https:\/\/yoast.com\/wordpress\/plugins\/seo\/ -->\n<title>Hotels in Carmarthenshire &amp; Carmarthen Bay mit Hund - Urlaub &amp; Reisen<\/title>\n<meta name=\"robots\" content=\"index, follow, max-snippet:-1, max-image-preview:large, max-video-preview:-1\" \/>\n<link rel=\"canonical\" href=\"https:\/\/www.urlaubcornwall.de\/blog\/hotels-carmarthenshire-carmarthen-bay-mit-hund\/\" \/>\n<meta property=\"og:locale\" content=\"en_US\" \/>\n<meta property=\"og:type\" content=\"article\" \/>\n<meta property=\"og:title\" content=\"Hotels in Carmarthenshire &amp; Carmarthen Bay mit Hund - Urlaub &amp; Reisen\" \/>\n<meta property=\"og:description\" content=\"Die Sch\u00f6nsten Hundefreundliche Hotels in Carmarthenshire &#8211; Carmarthenshire erstreckt sich von der Carmarthen Bay im S\u00fcden hin zum westlichen Rand der Brecon Beacons im Norden. Die Landschaft ist satt und gr\u00fcn mit Bergen, alten W\u00e4ldern und goldenen Sandstr\u00e4nden. Tief verankert in Mythen und Legenden, soll hier Merlin, der Zauberer, geboren sein. Hotels in Carmarthen \u2013 [&hellip;]\" \/>\n<meta property=\"og:url\" content=\"https:\/\/www.urlaubcornwall.de\/blog\/hotels-carmarthenshire-carmarthen-bay-mit-hund\/\" \/>\n<meta property=\"og:site_name\" content=\"Urlaub &amp; Reisen\" \/>\n<meta property=\"article:modified_time\" content=\"2024-05-30T10:01:34+00:00\" \/>\n<meta property=\"og:image\" content=\"https:\/\/www.urlaubcornwall.de\/blog\/wp-content\/uploads\/2024\/03\/gower-halbinsel-wales-1.jpg\" \/>\n<meta name=\"twitter:card\" content=\"summary\" \/>\n<meta name=\"twitter:label1\" content=\"Est. reading time\" \/>\n\t<meta name=\"twitter:data1\" content=\"2 minutes\" \/>\n<script type=\"application\/ld+json\" class=\"yoast-schema-graph\">{\"@context\":\"https:\/\/schema.org\",\"@graph\":[{\"@type\":\"WebSite\",\"@id\":\"https:\/\/www.urlaubcornwall.de\/blog\/#website\",\"url\":\"https:\/\/www.urlaubcornwall.de\/blog\/\",\"name\":\"Urlaub &amp; Reisen\",\"description\":\"Urlaub, Reisen, Cornwall und S\u00fcdengland: eine perfekte Kombination\",\"potentialAction\":[{\"@type\":\"SearchAction\",\"target\":{\"@type\":\"EntryPoint\",\"urlTemplate\":\"https:\/\/www.urlaubcornwall.de\/blog\/?s={search_term_string}\"},\"query-input\":\"required name=search_term_string\"}],\"inLanguage\":\"en-US\"},{\"@type\":\"WebPage\",\"@id\":\"https:\/\/www.urlaubcornwall.de\/blog\/hotels-carmarthenshire-carmarthen-bay-mit-hund\/\",\"url\":\"https:\/\/www.urlaubcornwall.de\/blog\/hotels-carmarthenshire-carmarthen-bay-mit-hund\/\",\"name\":\"Hotels in Carmarthenshire & Carmarthen Bay mit Hund - Urlaub &amp; Reisen\",\"isPartOf\":{\"@id\":\"https:\/\/www.urlaubcornwall.de\/blog\/#website\"},\"datePublished\":\"2017-11-30T16:48:42+00:00\",\"dateModified\":\"2024-05-30T10:01:34+00:00\",\"breadcrumb\":{\"@id\":\"https:\/\/www.urlaubcornwall.de\/blog\/hotels-carmarthenshire-carmarthen-bay-mit-hund\/#breadcrumb\"},\"inLanguage\":\"en-US\",\"potentialAction\":[{\"@type\":\"ReadAction\",\"target\":[\"https:\/\/www.urlaubcornwall.de\/blog\/hotels-carmarthenshire-carmarthen-bay-mit-hund\/\"]}]},{\"@type\":\"BreadcrumbList\",\"@id\":\"https:\/\/www.urlaubcornwall.de\/blog\/hotels-carmarthenshire-carmarthen-bay-mit-hund\/#breadcrumb\",\"itemListElement\":[{\"@type\":\"ListItem\",\"position\":1,\"name\":\"Home\",\"item\":\"https:\/\/www.urlaubcornwall.de\/blog\/\"},{\"@type\":\"ListItem\",\"position\":2,\"name\":\"Hotels in Carmarthenshire &#038; Carmarthen Bay mit Hund\"}]}]}<\/script>\n<!-- \/ Yoast SEO plugin. -->","yoast_head_json":{"title":"Hotels in Carmarthenshire & Carmarthen Bay mit Hund - Urlaub &amp; Reisen","robots":{"index":"index","follow":"follow","max-snippet":"max-snippet:-1","max-image-preview":"max-image-preview:large","max-video-preview":"max-video-preview:-1"},"canonical":"https:\/\/www.urlaubcornwall.de\/blog\/hotels-carmarthenshire-carmarthen-bay-mit-hund\/","og_locale":"en_US","og_type":"article","og_title":"Hotels in Carmarthenshire & Carmarthen Bay mit Hund - Urlaub &amp; Reisen","og_description":"Die Sch\u00f6nsten Hundefreundliche Hotels in Carmarthenshire &#8211; Carmarthenshire erstreckt sich von der Carmarthen Bay im S\u00fcden hin zum westlichen Rand der Brecon Beacons im Norden. Die Landschaft ist satt und gr\u00fcn mit Bergen, alten W\u00e4ldern und goldenen Sandstr\u00e4nden. Tief verankert in Mythen und Legenden, soll hier Merlin, der Zauberer, geboren sein. Hotels in Carmarthen \u2013 [&hellip;]","og_url":"https:\/\/www.urlaubcornwall.de\/blog\/hotels-carmarthenshire-carmarthen-bay-mit-hund\/","og_site_name":"Urlaub &amp; Reisen","article_modified_time":"2024-05-30T10:01:34+00:00","og_image":[{"url":"https:\/\/www.urlaubcornwall.de\/blog\/wp-content\/uploads\/2024\/03\/gower-halbinsel-wales-1.jpg"}],"twitter_card":"summary","twitter_misc":{"Est. reading time":"2 minutes"},"schema":{"@context":"https:\/\/schema.org","@graph":[{"@type":"WebSite","@id":"https:\/\/www.urlaubcornwall.de\/blog\/#website","url":"https:\/\/www.urlaubcornwall.de\/blog\/","name":"Urlaub &amp; Reisen","description":"Urlaub, Reisen, Cornwall und S\u00fcdengland: eine perfekte Kombination","potentialAction":[{"@type":"SearchAction","target":{"@type":"EntryPoint","urlTemplate":"https:\/\/www.urlaubcornwall.de\/blog\/?s={search_term_string}"},"query-input":"required name=search_term_string"}],"inLanguage":"en-US"},{"@type":"WebPage","@id":"https:\/\/www.urlaubcornwall.de\/blog\/hotels-carmarthenshire-carmarthen-bay-mit-hund\/","url":"https:\/\/www.urlaubcornwall.de\/blog\/hotels-carmarthenshire-carmarthen-bay-mit-hund\/","name":"Hotels in Carmarthenshire & Carmarthen Bay mit Hund - Urlaub &amp; Reisen","isPartOf":{"@id":"https:\/\/www.urlaubcornwall.de\/blog\/#website"},"datePublished":"2017-11-30T16:48:42+00:00","dateModified":"2024-05-30T10:01:34+00:00","breadcrumb":{"@id":"https:\/\/www.urlaubcornwall.de\/blog\/hotels-carmarthenshire-carmarthen-bay-mit-hund\/#breadcrumb"},"inLanguage":"en-US","potentialAction":[{"@type":"ReadAction","target":["https:\/\/www.urlaubcornwall.de\/blog\/hotels-carmarthenshire-carmarthen-bay-mit-hund\/"]}]},{"@type":"BreadcrumbList","@id":"https:\/\/www.urlaubcornwall.de\/blog\/hotels-carmarthenshire-carmarthen-bay-mit-hund\/#breadcrumb","itemListElement":[{"@type":"ListItem","position":1,"name":"Home","item":"https:\/\/www.urlaubcornwall.de\/blog\/"},{"@type":"ListItem","position":2,"name":"Hotels in Carmarthenshire &#038; Carmarthen Bay mit Hund"}]}]}},"_links":{"self":[{"href":"https:\/\/www.urlaubcornwall.de\/blog\/wp-json\/wp\/v2\/pages\/30943"}],"collection":[{"href":"https:\/\/www.urlaubcornwall.de\/blog\/wp-json\/wp\/v2\/pages"}],"about":[{"href":"https:\/\/www.urlaubcornwall.de\/blog\/wp-json\/wp\/v2\/types\/page"}],"author":[{"embeddable":true,"href":"https:\/\/www.urlaubcornwall.de\/blog\/wp-json\/wp\/v2\/users\/1"}],"replies":[{"embeddable":true,"href":"https:\/\/www.urlaubcornwall.de\/blog\/wp-json\/wp\/v2\/comments?post=30943"}],"version-history":[{"count":5,"href":"https:\/\/www.urlaubcornwall.de\/blog\/wp-json\/wp\/v2\/pages\/30943\/revisions"}],"predecessor-version":[{"id":50903,"href":"https:\/\/www.urlaubcornwall.de\/blog\/wp-json\/wp\/v2\/pages\/30943\/revisions\/50903"}],"wp:attachment":[{"href":"https:\/\/www.urlaubcornwall.de\/blog\/wp-json\/wp\/v2\/media?parent=30943"}],"curies":[{"name":"wp","href":"https:\/\/api.w.org\/{rel}","templated":true}]}}