{"id":30937,"date":"2017-11-30T16:25:02","date_gmt":"2017-11-30T16:25:02","guid":{"rendered":"https:\/\/www.urlaubcornwall.de\/blog\/?page_id=30937"},"modified":"2024-05-30T12:35:53","modified_gmt":"2024-05-30T12:35:53","slug":"besten-hotels-brecon-beacons","status":"publish","type":"page","link":"https:\/\/www.urlaubcornwall.de\/blog\/besten-hotels-brecon-beacons\/","title":{"rendered":"Besten Hotels in Brecon Beacons zum Verlieben \u2013 so einfach ist das!"},"content":{"rendered":"<p><a href=\"https:\/\/www.urlaubcornwall.de\/blog\/wp-content\/uploads\/2024\/03\/Brecon-Beacons-1.jpg\"><img loading=\"lazy\" src=\"https:\/\/www.urlaubcornwall.de\/blog\/wp-content\/uploads\/2024\/03\/Brecon-Beacons-1.jpg\" alt=\"Brecon Beacons\" width=\"750\" height=\"500\" class=\"alignnone size-full wp-image-47957\" srcset=\"https:\/\/www.urlaubcornwall.de\/blog\/wp-content\/uploads\/2024\/03\/Brecon-Beacons-1.jpg 750w, https:\/\/www.urlaubcornwall.de\/blog\/wp-content\/uploads\/2024\/03\/Brecon-Beacons-1-300x200.jpg 300w\" sizes=\"(max-width: 750px) 100vw, 750px\" \/><\/a><\/p>\n<p><strong>Die sch\u00f6nsten Hotels<\/strong> <strong>in<\/strong> <strong>Brecon Beacons<\/strong> &#8211;&nbsp; Der <a href=\"https:\/\/www.urlaubcornwall.de\/blog\/urlaub-brecon-beacons-mittelwales-sehenswuerdigkeiten-und-unterkunft\/\">Brecon Beacons Nationalpark<\/a> erstreckt sich \u00fcber 1352 Quadratkilometer; er hat vier Bergketten, 268 alte Monumente und mehr als 4800km Hecken. Der h\u00f6chste Berg ist Pen-y-Fan mit seinen 886m \u00fcber der alten Grafschaftsstadt Brecon; es gibt eine Menge Wanderpfade f\u00fcr jede F\u00e4higkeitsstufe durch die Brecon Beacon, durch vielf\u00e4ltige Landschaft hindurch.<\/p>\n<h2><a href=\"https:\/\/www.booking.com\/hotel\/gb\/llangoed-hall.html?aid=1320750&amp;no_rooms=1&amp;group_adults=2&amp;room1=A%2CA\" rel=\"nofollow\"><span style=\"text-decoration: underline;\"><strong> Llangoed Hall \u2013 Luxus Landhaus Hotel<\/strong><\/span><\/a><\/h2>\n<p>Das inmitten von 6,8 Hektar gro\u00dfen, wundersch\u00f6nen G\u00e4rten gelegene Llangoed Hall bietet luxuri\u00f6se Unterk\u00fcnfte, kostenlose Parkpl\u00e4tze und kostenfreies WLAN. Das aus dem Jahr 1632 stammende Llangoed Hall liegt im malerischen Tal des Flusses Wye und 19 km von der beliebten Marktstadt Brecon entfernt&#8230;&#8230;&#8230;<a href=\"https:\/\/www.booking.com\/hotel\/gb\/llangoed-hall.html?aid=1320750&amp;no_rooms=1&amp;group_adults=2&amp;room1=A%2CA\" rel=\"nofollow\">[Mehr]<\/a><\/p>\n<h2><a href=\"https:\/\/www.booking.com\/hotel\/gb\/the-kings-head-abergavenny.html?aid=1320750&amp;no_rooms=1&amp;group_adults=2&amp;room1=A%2CA \" rel=\"nofollow\"><span style=\"text-decoration: underline;\"><strong> Kings Head Hotel \u2013 Abergavenny \u2013 4 Sterne<\/strong><\/span><\/a><\/h2>\n<p>Das Kings Head Hotel empf\u00e4ngt Sie in einem ehemaligen Gasthof am Rande des Brecon-Beacons-Nationalparks in der historischen Marktstadt Abergavenny. Das Borough Theatre befindet sich gleich nebenan und in der nahen Markthalle finden Sie zahlreiche Verkaufsst\u00e4nde&#8230;&#8230;&#8230;.<a href=\"https:\/\/www.booking.com\/hotel\/gb\/the-kings-head-abergavenny.html?aid=1320750&amp;no_rooms=1&amp;group_adults=2&amp;room1=A%2CA \" rel=\"nofollow\">[Mehr]<\/a><\/p>\n<h2><a href=\" https:\/\/www.booking.com\/hotel\/gb\/the-angel-abergavenny.html?aid=1320750&amp;no_rooms=1&amp;group_adults=2&amp;room1=A%2CA\" rel=\"nofollow\"><span style=\"text-decoration: underline;\"><strong> Angel Hotel \u2013 Abergavenny \u2013 4 Sterne<\/strong><\/span><\/a><\/h2>\n<p>Dieser ehemalige Gasthof liegt am Rande der Bergkette Brecon Beacons, in der historischen Marktstadt Abergavenny. Das Angel Hotel bietet Ihnen ein Restaurant, eine Bar und kostenloses WLAN. Der Bahnhof Abergavenny ist 10 Gehminuten entfernt&#8230;&#8230;&#8230;..<a href=\" https:\/\/www.booking.com\/hotel\/gb\/the-angel-abergavenny.html?aid=1320750&amp;no_rooms=1&amp;group_adults=2&amp;room1=A%2CA\" rel=\"nofollow\">[Mehr]<\/a><\/p>\n<h2><a href=\" https:\/\/www.booking.com\/hotel\/gb\/brecon-castle.html?aid=1320750&amp;no_rooms=1&amp;group_adults=2&amp;room1=A%2CA\" rel=\"nofollow\"><span style=\"text-decoration: underline;\"><strong> Brecon Castle \u2013 3 Sterne mit Flussblick<\/strong><\/span><\/a><\/h2>\n<p>Das reizende Landhaus ist das \u00e4lteste Hotel in Wales und erfreut sich einer ruhigen Lage in der Bergkette Brecon Beacons. Genie\u00dfen Sie die Aussicht auf den Fluss und die Berge. WLAN und Parkpl\u00e4tze nutzen Sie kostenfrei&#8230;&#8230;&#8230;..<a href=\" https:\/\/www.booking.com\/hotel\/gb\/brecon-castle.html?aid=1320750&amp;no_rooms=1&amp;group_adults=2&amp;room1=A%2CA\" rel=\"nofollow\">[Mehr]<\/a><\/p>\n<h2><a href=\"https:\/\/www.booking.com\/hotel\/gb\/the-wellington.html?aid=1320750&amp;no_rooms=1&amp;group_adults=2&amp;room1=A%2CA\" rel=\"nofollow\"><span style=\"text-decoration: underline;\"><strong> The Wellington \u2013 3 Sterne Hotel in Brecon<\/strong><\/span><\/a><\/h2>\n<p>Das The Wellington, eines der \u00e4ltesten Geb\u00e4ude in Brecon, hat eine sch\u00f6ne Fassade im georgianischen Stil, die \u00fcber dem Stadtplatz und Denkmal des Herzogs von Wellington aufragt&#8230;&#8230;&#8230;&#8230;<a href=\"https:\/\/www.booking.com\/hotel\/gb\/the-wellington.html?aid=1320750&amp;no_rooms=1&amp;group_adults=2&amp;room1=A%2CA\" rel=\"nofollow\">[Mehr]<\/a><\/p>\n<h2><a href=\"https:\/\/www.booking.com\/hotel\/gb\/old-rectory-country-amp-golf-club.html?aid=1320750&amp;no_rooms=1&amp;group_adults=2&amp;room1=A%2CA\" rel=\"nofollow\"><span style=\"text-decoration: underline;\"><strong> Old Rectory Country Hotel &amp; Golfplatz &#8211; Landhaus-Hotel<\/strong><\/span><\/a><\/h2>\n<p>Das Old Rectory Country Hotel &amp; Golf Club in Llangattock begr\u00fc\u00dft Sie im Brecon Beacons National Park und ist 1,6 km von Crick entfernt. Das Hotel verf\u00fcgt \u00fcber einen 9-Loch-Golfplatz. Profitieren Sie kostenfrei von Parkpl\u00e4tzen und WLAN&#8230;&#8230;&#8230;..<a href=\"https:\/\/www.booking.com\/hotel\/gb\/old-rectory-country-amp-golf-club.html?aid=1320750&amp;no_rooms=1&amp;group_adults=2&amp;room1=A%2CA\" rel=\"nofollow\">[Mehr]<\/a><\/p>\n<h2><a href=\"https:\/\/www.booking.com\/hotel\/gb\/the-imperial-merthyr-tydfil.html?aid=1320750&amp;no_rooms=1&amp;group_adults=2&amp;room1=A%2CA\" rel=\"nofollow\"><span style=\"text-decoration: underline;\"><strong> The Imperial Hotel \u2013 G\u00fcnstig&nbsp;<span id=\"result_box\" class=\"short_text\" lang=\"de\"><span class=\"\">Unterk\u00fcnfte<\/span><\/span> <\/strong><\/span><\/a><\/h2>\n<p>Das familiengef\u00fchrte The Imperial Hotel begr\u00fc\u00dft Sie in Merthyr Tydfil nur 4,82 km vom Nationalpark Brecon Beacons entfernt, mit einer Bar, kostenfreiem WLAN in den \u00f6ffentlichen Bereichen und kostenfrei Parkpl\u00e4tze an der Unterkunft. Vom Bahnhof Merthyr Tydfil trennt Sie ein 5-min\u00fctiger Spaziergang&#8230;&#8230;&#8230;.<a href=\"https:\/\/www.booking.com\/hotel\/gb\/the-imperial-merthyr-tydfil.html?aid=1320750&amp;no_rooms=1&amp;group_adults=2&amp;room1=A%2CA\" rel=\"nofollow\">[Mehr]<\/a><\/p>\n<h2><a href=\"https:\/\/www.booking.com\/hotel\/gb\/tregenna-merthyr-tydfil.html?aid=1320750&amp;no_rooms=1&amp;group_adults=2&amp;room1=A%2CA\" rel=\"nofollow\"><span style=\"text-decoration: underline;\"><strong> Tregenna Hotel &#8211; 2 Sterne G\u00fcnstig<\/strong><\/span><\/a><\/h2>\n<p>Am Fu\u00dfe der Brecon Beacons, 30 Fahrminuten von Cardiff und nur 4 km von der Bahnstrecke Brecon Mountain Railway entfernt, befindet sich das Tregenna mit kostenfreien Privatparkpl\u00e4tzen. Vom 15 Gehminuten entfernten Bahnhof Merthyr Tydfil fahren alle 30 Minuten Z\u00fcge in die Innenstadt von Cardiff und zur\u00fcck&#8230;&#8230;&#8230;&#8230;<a href=\"https:\/\/www.booking.com\/hotel\/gb\/tregenna-merthyr-tydfil.html?aid=1320750&amp;no_rooms=1&amp;group_adults=2&amp;room1=A%2CA\" rel=\"nofollow\">[Mehr]<\/a><\/p>\n<p style=\"text-align: center;\"><a class=\"tidycta\" href=\"https:\/\/www.booking.com\/searchresults.html?region=2803&amp;aid=1320750&amp;no_rooms=1&amp;group_adults=2&amp;room1=A%2CA \" rel=\"nofollow\">Suche Hotels Brecon Beacons<\/a><\/p>\n<div class=\"snippet\"> <a class=\"featured-item\" href=\" https:\/\/www.urlaubcornwall.de\/ferienhaeuser\/wales.php\"> <span class=\"image-holder\" style=\"background-image: url(' https:\/\/www.urlaubcornwall.de\/blog\/wp-content\/uploads\/2018\/12\/busreisen-wales-england.jpg');\"><\/span> <span class=\"featured-content\"> \n<h2 class=\"featured-title\">Bei uns finden Sie Ferienh\u00e4user in Wales zum Verlieben!<\/h2>\n<p class=\"featured-body\">Untenstehend finden Sie eine Auswahl an Selbstversorger-Ferienh\u00e4usern in Wales. Hier finden Sie handverlesene, pers\u00f6nlich inspizierte Cottages entlang der walisischen K\u00fcste&#8230;..<\/p>\n<\/span> <span class=\"featured-link-holder\"> <span class=\"featured-extra-info\"> \n<p>F\u00fcr Paare, Familien &#038; Gruppen<\/p>\n<\/span> \n<p class=\"featured-link\">DETAILS<\/p>\n<\/span> <\/a><\/div>\n<p style=\"text-align: center;\"><a class=\"tidycta\" href=\"https:\/\/www.urlaubcornwall.de\/ferienhaeuser\/wales.php\">Ferienh\u00e4user Wales<\/a><\/p>\n<p>UrlaubCornwall.de hat eine einzigartige Sammlung pers\u00f6nlich inspizierter Ferienh\u00e4user und Ferienwohnungen in <a href=\"https:\/\/www.urlaubcornwall.de\/ferienhaeuser\/wales.php\">Wales<\/a>, <a href=\"https:\/\/www.urlaubcornwall.de\/ferienhaeuser\/suedengland.php\">S\u00fcdengland<\/a> und nun auch im gesamten Gro\u00dfbritannien. <\/p>\n","protected":false},"excerpt":{"rendered":"<p>Die sch\u00f6nsten Hotels in Brecon Beacons &#8211;&nbsp; Der Brecon Beacons Nationalpark erstreckt sich \u00fcber 1352 Quadratkilometer; er hat vier Bergketten, 268 alte Monumente und mehr als 4800km Hecken. Der h\u00f6chste Berg ist Pen-y-Fan mit seinen 886m \u00fcber der alten Grafschaftsstadt Brecon; es gibt eine Menge Wanderpfade f\u00fcr jede F\u00e4higkeitsstufe durch die Brecon Beacon, durch vielf\u00e4ltige [&hellip;]<\/p>\n","protected":false},"author":1,"featured_media":0,"parent":0,"menu_order":0,"comment_status":"closed","ping_status":"closed","template":"single-four.php","meta":[],"acf":[],"yoast_head":"<!-- This site is optimized with the Yoast SEO plugin v19.4 - https:\/\/yoast.com\/wordpress\/plugins\/seo\/ -->\n<title>Besten Hotels in Brecon Beacons zum Verlieben \u2013 so einfach ist das! - Urlaub &amp; Reisen<\/title>\n<meta name=\"robots\" content=\"index, follow, max-snippet:-1, max-image-preview:large, max-video-preview:-1\" \/>\n<link rel=\"canonical\" href=\"https:\/\/www.urlaubcornwall.de\/blog\/besten-hotels-brecon-beacons\/\" \/>\n<meta property=\"og:locale\" content=\"en_US\" \/>\n<meta property=\"og:type\" content=\"article\" \/>\n<meta property=\"og:title\" content=\"Besten Hotels in Brecon Beacons zum Verlieben \u2013 so einfach ist das! - Urlaub &amp; Reisen\" \/>\n<meta property=\"og:description\" content=\"Die sch\u00f6nsten Hotels in Brecon Beacons &#8211;&nbsp; Der Brecon Beacons Nationalpark erstreckt sich \u00fcber 1352 Quadratkilometer; er hat vier Bergketten, 268 alte Monumente und mehr als 4800km Hecken. Der h\u00f6chste Berg ist Pen-y-Fan mit seinen 886m \u00fcber der alten Grafschaftsstadt Brecon; es gibt eine Menge Wanderpfade f\u00fcr jede F\u00e4higkeitsstufe durch die Brecon Beacon, durch vielf\u00e4ltige [&hellip;]\" \/>\n<meta property=\"og:url\" content=\"https:\/\/www.urlaubcornwall.de\/blog\/besten-hotels-brecon-beacons\/\" \/>\n<meta property=\"og:site_name\" content=\"Urlaub &amp; Reisen\" \/>\n<meta property=\"article:modified_time\" content=\"2024-05-30T12:35:53+00:00\" \/>\n<meta property=\"og:image\" content=\"https:\/\/www.urlaubcornwall.de\/blog\/wp-content\/uploads\/2024\/03\/Brecon-Beacons-1.jpg\" \/>\n<meta name=\"twitter:card\" content=\"summary\" \/>\n<meta name=\"twitter:label1\" content=\"Est. reading time\" \/>\n\t<meta name=\"twitter:data1\" content=\"3 minutes\" \/>\n<script type=\"application\/ld+json\" class=\"yoast-schema-graph\">{\"@context\":\"https:\/\/schema.org\",\"@graph\":[{\"@type\":\"WebSite\",\"@id\":\"https:\/\/www.urlaubcornwall.de\/blog\/#website\",\"url\":\"https:\/\/www.urlaubcornwall.de\/blog\/\",\"name\":\"Urlaub &amp; Reisen\",\"description\":\"Urlaub, Reisen, Cornwall und S\u00fcdengland: eine perfekte Kombination\",\"potentialAction\":[{\"@type\":\"SearchAction\",\"target\":{\"@type\":\"EntryPoint\",\"urlTemplate\":\"https:\/\/www.urlaubcornwall.de\/blog\/?s={search_term_string}\"},\"query-input\":\"required name=search_term_string\"}],\"inLanguage\":\"en-US\"},{\"@type\":\"WebPage\",\"@id\":\"https:\/\/www.urlaubcornwall.de\/blog\/besten-hotels-brecon-beacons\/\",\"url\":\"https:\/\/www.urlaubcornwall.de\/blog\/besten-hotels-brecon-beacons\/\",\"name\":\"Besten Hotels in Brecon Beacons zum Verlieben \u2013 so einfach ist das! - Urlaub &amp; Reisen\",\"isPartOf\":{\"@id\":\"https:\/\/www.urlaubcornwall.de\/blog\/#website\"},\"datePublished\":\"2017-11-30T16:25:02+00:00\",\"dateModified\":\"2024-05-30T12:35:53+00:00\",\"breadcrumb\":{\"@id\":\"https:\/\/www.urlaubcornwall.de\/blog\/besten-hotels-brecon-beacons\/#breadcrumb\"},\"inLanguage\":\"en-US\",\"potentialAction\":[{\"@type\":\"ReadAction\",\"target\":[\"https:\/\/www.urlaubcornwall.de\/blog\/besten-hotels-brecon-beacons\/\"]}]},{\"@type\":\"BreadcrumbList\",\"@id\":\"https:\/\/www.urlaubcornwall.de\/blog\/besten-hotels-brecon-beacons\/#breadcrumb\",\"itemListElement\":[{\"@type\":\"ListItem\",\"position\":1,\"name\":\"Home\",\"item\":\"https:\/\/www.urlaubcornwall.de\/blog\/\"},{\"@type\":\"ListItem\",\"position\":2,\"name\":\"Besten Hotels in Brecon Beacons zum Verlieben \u2013 so einfach ist das!\"}]}]}<\/script>\n<!-- \/ Yoast SEO plugin. -->","yoast_head_json":{"title":"Besten Hotels in Brecon Beacons zum Verlieben \u2013 so einfach ist das! - Urlaub &amp; Reisen","robots":{"index":"index","follow":"follow","max-snippet":"max-snippet:-1","max-image-preview":"max-image-preview:large","max-video-preview":"max-video-preview:-1"},"canonical":"https:\/\/www.urlaubcornwall.de\/blog\/besten-hotels-brecon-beacons\/","og_locale":"en_US","og_type":"article","og_title":"Besten Hotels in Brecon Beacons zum Verlieben \u2013 so einfach ist das! - Urlaub &amp; Reisen","og_description":"Die sch\u00f6nsten Hotels in Brecon Beacons &#8211;&nbsp; Der Brecon Beacons Nationalpark erstreckt sich \u00fcber 1352 Quadratkilometer; er hat vier Bergketten, 268 alte Monumente und mehr als 4800km Hecken. Der h\u00f6chste Berg ist Pen-y-Fan mit seinen 886m \u00fcber der alten Grafschaftsstadt Brecon; es gibt eine Menge Wanderpfade f\u00fcr jede F\u00e4higkeitsstufe durch die Brecon Beacon, durch vielf\u00e4ltige [&hellip;]","og_url":"https:\/\/www.urlaubcornwall.de\/blog\/besten-hotels-brecon-beacons\/","og_site_name":"Urlaub &amp; Reisen","article_modified_time":"2024-05-30T12:35:53+00:00","og_image":[{"url":"https:\/\/www.urlaubcornwall.de\/blog\/wp-content\/uploads\/2024\/03\/Brecon-Beacons-1.jpg"}],"twitter_card":"summary","twitter_misc":{"Est. reading time":"3 minutes"},"schema":{"@context":"https:\/\/schema.org","@graph":[{"@type":"WebSite","@id":"https:\/\/www.urlaubcornwall.de\/blog\/#website","url":"https:\/\/www.urlaubcornwall.de\/blog\/","name":"Urlaub &amp; Reisen","description":"Urlaub, Reisen, Cornwall und S\u00fcdengland: eine perfekte Kombination","potentialAction":[{"@type":"SearchAction","target":{"@type":"EntryPoint","urlTemplate":"https:\/\/www.urlaubcornwall.de\/blog\/?s={search_term_string}"},"query-input":"required name=search_term_string"}],"inLanguage":"en-US"},{"@type":"WebPage","@id":"https:\/\/www.urlaubcornwall.de\/blog\/besten-hotels-brecon-beacons\/","url":"https:\/\/www.urlaubcornwall.de\/blog\/besten-hotels-brecon-beacons\/","name":"Besten Hotels in Brecon Beacons zum Verlieben \u2013 so einfach ist das! - Urlaub &amp; Reisen","isPartOf":{"@id":"https:\/\/www.urlaubcornwall.de\/blog\/#website"},"datePublished":"2017-11-30T16:25:02+00:00","dateModified":"2024-05-30T12:35:53+00:00","breadcrumb":{"@id":"https:\/\/www.urlaubcornwall.de\/blog\/besten-hotels-brecon-beacons\/#breadcrumb"},"inLanguage":"en-US","potentialAction":[{"@type":"ReadAction","target":["https:\/\/www.urlaubcornwall.de\/blog\/besten-hotels-brecon-beacons\/"]}]},{"@type":"BreadcrumbList","@id":"https:\/\/www.urlaubcornwall.de\/blog\/besten-hotels-brecon-beacons\/#breadcrumb","itemListElement":[{"@type":"ListItem","position":1,"name":"Home","item":"https:\/\/www.urlaubcornwall.de\/blog\/"},{"@type":"ListItem","position":2,"name":"Besten Hotels in Brecon Beacons zum Verlieben \u2013 so einfach ist das!"}]}]}},"_links":{"self":[{"href":"https:\/\/www.urlaubcornwall.de\/blog\/wp-json\/wp\/v2\/pages\/30937"}],"collection":[{"href":"https:\/\/www.urlaubcornwall.de\/blog\/wp-json\/wp\/v2\/pages"}],"about":[{"href":"https:\/\/www.urlaubcornwall.de\/blog\/wp-json\/wp\/v2\/types\/page"}],"author":[{"embeddable":true,"href":"https:\/\/www.urlaubcornwall.de\/blog\/wp-json\/wp\/v2\/users\/1"}],"replies":[{"embeddable":true,"href":"https:\/\/www.urlaubcornwall.de\/blog\/wp-json\/wp\/v2\/comments?post=30937"}],"version-history":[{"count":10,"href":"https:\/\/www.urlaubcornwall.de\/blog\/wp-json\/wp\/v2\/pages\/30937\/revisions"}],"predecessor-version":[{"id":51036,"href":"https:\/\/www.urlaubcornwall.de\/blog\/wp-json\/wp\/v2\/pages\/30937\/revisions\/51036"}],"wp:attachment":[{"href":"https:\/\/www.urlaubcornwall.de\/blog\/wp-json\/wp\/v2\/media?parent=30937"}],"curies":[{"name":"wp","href":"https:\/\/api.w.org\/{rel}","templated":true}]}}