{"id":30864,"date":"2017-11-26T15:54:24","date_gmt":"2017-11-26T15:54:24","guid":{"rendered":"https:\/\/www.urlaubcornwall.de\/blog\/?page_id=30864"},"modified":"2024-05-28T14:05:42","modified_gmt":"2024-05-28T14:05:42","slug":"urlaub-tetbury-und-den-cotswolds","status":"publish","type":"page","link":"https:\/\/www.urlaubcornwall.de\/blog\/urlaub-tetbury-und-den-cotswolds\/","title":{"rendered":"Urlaub in Tetbury und in den Cotswolds"},"content":{"rendered":"<p><a href=\"https:\/\/www.urlaubcornwall.de\/blog\/wp-content\/uploads\/2024\/03\/gartenreise-england.jpg\"><img loading=\"lazy\" src=\"https:\/\/www.urlaubcornwall.de\/blog\/wp-content\/uploads\/2024\/03\/gartenreise-england.jpg\" alt=\"gartenreise-england\" width=\"742\" height=\"426\" class=\"alignnone size-full wp-image-47912\" srcset=\"https:\/\/www.urlaubcornwall.de\/blog\/wp-content\/uploads\/2024\/03\/gartenreise-england.jpg 742w, https:\/\/www.urlaubcornwall.de\/blog\/wp-content\/uploads\/2024\/03\/gartenreise-england-300x172.jpg 300w\" sizes=\"(max-width: 742px) 100vw, 742px\" \/><\/a><\/p>\n<p>Tetbury ist stolz auf seine 1300 Jahre verzeichneter Geschichte seit 681, als das Kloster Tettas in der Charter von K\u00f6nig Ethelred von Mercia erw\u00e4hnt wurde. Tetbury war eine wichtige Marktstadt f\u00fcr den Wollhandel der Cotswolds, und das Stadtzentrum wird immer noch dominiert vom Markthaus mit seinen pr\u00e4chtigen S\u00e4ulen, das 1655 erbaut wurde. Tetbury ist bekannt f\u00fcr seine 25 Antiquit\u00e4tenl\u00e4den und der N\u00e4he zur Residenz von Prinz Charles, High Grove.<\/p>\n<p>Bei uns finden Sie <a href=\"https:\/\/www.urlaubcornwall.de\/ferienhaeuser\/cotswolds.php\">Ferienh\u00e4user<\/a> &amp; <a href=\"https:\/\/www.urlaubcornwall.de\/blog\/bei-uns-finden-sie-besten-hotels-tetbury-einfach-ist-das\/\">sch\u00f6nsten Hotels<\/a> in Tetbury zum Verlieben \u2013 so einfach ist das!<\/p>\n<p><img loading=\"lazy\" class=\"aligncenter size-full wp-image-24644\" src=\"https:\/\/www.urlaubcornwall.de\/blog\/wp-content\/uploads\/2016\/06\/urlaub-und-sudengland_logo-final.jpg\" alt=\"\" width=\"764\" height=\"380\" srcset=\"https:\/\/www.urlaubcornwall.de\/blog\/wp-content\/uploads\/2016\/06\/urlaub-und-sudengland_logo-final.jpg 764w, https:\/\/www.urlaubcornwall.de\/blog\/wp-content\/uploads\/2016\/06\/urlaub-und-sudengland_logo-final-300x149.jpg 300w\" sizes=\"(max-width: 764px) 100vw, 764px\" \/><\/p>\n","protected":false},"excerpt":{"rendered":"<p>Tetbury ist stolz auf seine 1300 Jahre verzeichneter Geschichte seit 681, als das Kloster Tettas in der Charter von K\u00f6nig Ethelred von Mercia erw\u00e4hnt wurde. Tetbury war eine wichtige Marktstadt f\u00fcr den Wollhandel der Cotswolds, und das Stadtzentrum wird immer noch dominiert vom Markthaus mit seinen pr\u00e4chtigen S\u00e4ulen, das 1655 erbaut wurde. Tetbury ist bekannt [&hellip;]<\/p>\n","protected":false},"author":1,"featured_media":0,"parent":0,"menu_order":0,"comment_status":"closed","ping_status":"closed","template":"single-four.php","meta":[],"acf":[],"yoast_head":"<!-- This site is optimized with the Yoast SEO plugin v19.4 - https:\/\/yoast.com\/wordpress\/plugins\/seo\/ -->\n<title>Urlaub in Tetbury und in den Cotswolds - Urlaub &amp; Reisen<\/title>\n<meta name=\"robots\" content=\"index, follow, max-snippet:-1, max-image-preview:large, max-video-preview:-1\" \/>\n<link rel=\"canonical\" href=\"https:\/\/www.urlaubcornwall.de\/blog\/urlaub-tetbury-und-den-cotswolds\/\" \/>\n<meta property=\"og:locale\" content=\"en_US\" \/>\n<meta property=\"og:type\" content=\"article\" \/>\n<meta property=\"og:title\" content=\"Urlaub in Tetbury und in den Cotswolds - Urlaub &amp; Reisen\" \/>\n<meta property=\"og:description\" content=\"Tetbury ist stolz auf seine 1300 Jahre verzeichneter Geschichte seit 681, als das Kloster Tettas in der Charter von K\u00f6nig Ethelred von Mercia erw\u00e4hnt wurde. Tetbury war eine wichtige Marktstadt f\u00fcr den Wollhandel der Cotswolds, und das Stadtzentrum wird immer noch dominiert vom Markthaus mit seinen pr\u00e4chtigen S\u00e4ulen, das 1655 erbaut wurde. Tetbury ist bekannt [&hellip;]\" \/>\n<meta property=\"og:url\" content=\"https:\/\/www.urlaubcornwall.de\/blog\/urlaub-tetbury-und-den-cotswolds\/\" \/>\n<meta property=\"og:site_name\" content=\"Urlaub &amp; Reisen\" \/>\n<meta property=\"article:modified_time\" content=\"2024-05-28T14:05:42+00:00\" \/>\n<meta property=\"og:image\" content=\"https:\/\/www.urlaubcornwall.de\/blog\/wp-content\/uploads\/2024\/03\/gartenreise-england.jpg\" \/>\n<meta name=\"twitter:card\" content=\"summary\" \/>\n<meta name=\"twitter:label1\" content=\"Est. reading time\" \/>\n\t<meta name=\"twitter:data1\" content=\"1 minute\" \/>\n<script type=\"application\/ld+json\" class=\"yoast-schema-graph\">{\"@context\":\"https:\/\/schema.org\",\"@graph\":[{\"@type\":\"WebSite\",\"@id\":\"https:\/\/www.urlaubcornwall.de\/blog\/#website\",\"url\":\"https:\/\/www.urlaubcornwall.de\/blog\/\",\"name\":\"Urlaub &amp; Reisen\",\"description\":\"Urlaub, Reisen, Cornwall und S\u00fcdengland: eine perfekte Kombination\",\"potentialAction\":[{\"@type\":\"SearchAction\",\"target\":{\"@type\":\"EntryPoint\",\"urlTemplate\":\"https:\/\/www.urlaubcornwall.de\/blog\/?s={search_term_string}\"},\"query-input\":\"required name=search_term_string\"}],\"inLanguage\":\"en-US\"},{\"@type\":\"WebPage\",\"@id\":\"https:\/\/www.urlaubcornwall.de\/blog\/urlaub-tetbury-und-den-cotswolds\/\",\"url\":\"https:\/\/www.urlaubcornwall.de\/blog\/urlaub-tetbury-und-den-cotswolds\/\",\"name\":\"Urlaub in Tetbury und in den Cotswolds - Urlaub &amp; Reisen\",\"isPartOf\":{\"@id\":\"https:\/\/www.urlaubcornwall.de\/blog\/#website\"},\"datePublished\":\"2017-11-26T15:54:24+00:00\",\"dateModified\":\"2024-05-28T14:05:42+00:00\",\"breadcrumb\":{\"@id\":\"https:\/\/www.urlaubcornwall.de\/blog\/urlaub-tetbury-und-den-cotswolds\/#breadcrumb\"},\"inLanguage\":\"en-US\",\"potentialAction\":[{\"@type\":\"ReadAction\",\"target\":[\"https:\/\/www.urlaubcornwall.de\/blog\/urlaub-tetbury-und-den-cotswolds\/\"]}]},{\"@type\":\"BreadcrumbList\",\"@id\":\"https:\/\/www.urlaubcornwall.de\/blog\/urlaub-tetbury-und-den-cotswolds\/#breadcrumb\",\"itemListElement\":[{\"@type\":\"ListItem\",\"position\":1,\"name\":\"Home\",\"item\":\"https:\/\/www.urlaubcornwall.de\/blog\/\"},{\"@type\":\"ListItem\",\"position\":2,\"name\":\"Urlaub in Tetbury und in den Cotswolds\"}]}]}<\/script>\n<!-- \/ Yoast SEO plugin. -->","yoast_head_json":{"title":"Urlaub in Tetbury und in den Cotswolds - Urlaub &amp; Reisen","robots":{"index":"index","follow":"follow","max-snippet":"max-snippet:-1","max-image-preview":"max-image-preview:large","max-video-preview":"max-video-preview:-1"},"canonical":"https:\/\/www.urlaubcornwall.de\/blog\/urlaub-tetbury-und-den-cotswolds\/","og_locale":"en_US","og_type":"article","og_title":"Urlaub in Tetbury und in den Cotswolds - Urlaub &amp; Reisen","og_description":"Tetbury ist stolz auf seine 1300 Jahre verzeichneter Geschichte seit 681, als das Kloster Tettas in der Charter von K\u00f6nig Ethelred von Mercia erw\u00e4hnt wurde. Tetbury war eine wichtige Marktstadt f\u00fcr den Wollhandel der Cotswolds, und das Stadtzentrum wird immer noch dominiert vom Markthaus mit seinen pr\u00e4chtigen S\u00e4ulen, das 1655 erbaut wurde. Tetbury ist bekannt [&hellip;]","og_url":"https:\/\/www.urlaubcornwall.de\/blog\/urlaub-tetbury-und-den-cotswolds\/","og_site_name":"Urlaub &amp; Reisen","article_modified_time":"2024-05-28T14:05:42+00:00","og_image":[{"url":"https:\/\/www.urlaubcornwall.de\/blog\/wp-content\/uploads\/2024\/03\/gartenreise-england.jpg"}],"twitter_card":"summary","twitter_misc":{"Est. reading time":"1 minute"},"schema":{"@context":"https:\/\/schema.org","@graph":[{"@type":"WebSite","@id":"https:\/\/www.urlaubcornwall.de\/blog\/#website","url":"https:\/\/www.urlaubcornwall.de\/blog\/","name":"Urlaub &amp; Reisen","description":"Urlaub, Reisen, Cornwall und S\u00fcdengland: eine perfekte Kombination","potentialAction":[{"@type":"SearchAction","target":{"@type":"EntryPoint","urlTemplate":"https:\/\/www.urlaubcornwall.de\/blog\/?s={search_term_string}"},"query-input":"required name=search_term_string"}],"inLanguage":"en-US"},{"@type":"WebPage","@id":"https:\/\/www.urlaubcornwall.de\/blog\/urlaub-tetbury-und-den-cotswolds\/","url":"https:\/\/www.urlaubcornwall.de\/blog\/urlaub-tetbury-und-den-cotswolds\/","name":"Urlaub in Tetbury und in den Cotswolds - Urlaub &amp; Reisen","isPartOf":{"@id":"https:\/\/www.urlaubcornwall.de\/blog\/#website"},"datePublished":"2017-11-26T15:54:24+00:00","dateModified":"2024-05-28T14:05:42+00:00","breadcrumb":{"@id":"https:\/\/www.urlaubcornwall.de\/blog\/urlaub-tetbury-und-den-cotswolds\/#breadcrumb"},"inLanguage":"en-US","potentialAction":[{"@type":"ReadAction","target":["https:\/\/www.urlaubcornwall.de\/blog\/urlaub-tetbury-und-den-cotswolds\/"]}]},{"@type":"BreadcrumbList","@id":"https:\/\/www.urlaubcornwall.de\/blog\/urlaub-tetbury-und-den-cotswolds\/#breadcrumb","itemListElement":[{"@type":"ListItem","position":1,"name":"Home","item":"https:\/\/www.urlaubcornwall.de\/blog\/"},{"@type":"ListItem","position":2,"name":"Urlaub in Tetbury und in den Cotswolds"}]}]}},"_links":{"self":[{"href":"https:\/\/www.urlaubcornwall.de\/blog\/wp-json\/wp\/v2\/pages\/30864"}],"collection":[{"href":"https:\/\/www.urlaubcornwall.de\/blog\/wp-json\/wp\/v2\/pages"}],"about":[{"href":"https:\/\/www.urlaubcornwall.de\/blog\/wp-json\/wp\/v2\/types\/page"}],"author":[{"embeddable":true,"href":"https:\/\/www.urlaubcornwall.de\/blog\/wp-json\/wp\/v2\/users\/1"}],"replies":[{"embeddable":true,"href":"https:\/\/www.urlaubcornwall.de\/blog\/wp-json\/wp\/v2\/comments?post=30864"}],"version-history":[{"count":3,"href":"https:\/\/www.urlaubcornwall.de\/blog\/wp-json\/wp\/v2\/pages\/30864\/revisions"}],"predecessor-version":[{"id":50443,"href":"https:\/\/www.urlaubcornwall.de\/blog\/wp-json\/wp\/v2\/pages\/30864\/revisions\/50443"}],"wp:attachment":[{"href":"https:\/\/www.urlaubcornwall.de\/blog\/wp-json\/wp\/v2\/media?parent=30864"}],"curies":[{"name":"wp","href":"https:\/\/api.w.org\/{rel}","templated":true}]}}