{"id":30860,"date":"2017-11-26T15:45:57","date_gmt":"2017-11-26T15:45:57","guid":{"rendered":"https:\/\/www.urlaubcornwall.de\/blog\/?page_id=30860"},"modified":"2024-04-15T08:06:25","modified_gmt":"2024-04-15T08:06:25","slug":"urlaub-stratford-upon-avon-und-dem-land-shakespeares","status":"publish","type":"page","link":"https:\/\/www.urlaubcornwall.de\/blog\/urlaub-stratford-upon-avon-und-dem-land-shakespeares\/","title":{"rendered":"Urlaub in Stratford upon Avon und dem Land Shakespeares"},"content":{"rendered":"<p><img loading=\"lazy\" class=\"aligncenter size-full wp-image-47830\" src=\"https:\/\/www.urlaubcornwall.de\/blog\/wp-content\/uploads\/2024\/03\/stratford-upon-avon-anne-hathaway-cottage.jpg\" alt=\"stratford upon avon anne hathaway cottage\" width=\"750\" height=\"500\" srcset=\"https:\/\/www.urlaubcornwall.de\/blog\/wp-content\/uploads\/2024\/03\/stratford-upon-avon-anne-hathaway-cottage.jpg 750w, https:\/\/www.urlaubcornwall.de\/blog\/wp-content\/uploads\/2024\/03\/stratford-upon-avon-anne-hathaway-cottage-300x200.jpg 300w\" sizes=\"(max-width: 750px) 100vw, 750px\" \/><\/p>\n<p>Stratford-upon-Avon ist bekannt als Geburtsst\u00e4tte und Zuhause von William Shakespeare; es ist bei Besuchern aus der ganzen Welt beliebt. Jane Austen lebte in Bath, und hier schrieb sie \u2018Persuasion\u2019 und \u2018Northanger Abbey\u2019. Der Autor von \u2018Alice im Wunderland\u2019, J M Barrie verbrachte viel Zeit in Stow\u2013on-the-Wold gemeinsam mit seinem Freund, dem Pfarrer Edward Litton, dessen Tochter Alice Inspiration f\u00fcr seine B\u00fccher war. J K Rowling, die Autorin der \u2018Harry Potter\u2019 Serien wurde in Yate in den Cotswolds geboren, und zahlreiche der Burgen der Umgebung dienten als Filmschaupl\u00e4tze der Harry Potter Verfilmungen.<\/p>\n<p>Doch neben dieser literarischen Verbindung gibt es h\u00fcbsche alte D\u00f6rfer, Herrenh\u00e4user wie Ragley Hall und einige der herrlichsten G\u00e4rten des Landes; Hidcote Manor und Kiftsgate Court Garden. Warwick mit seinem Schloss, das \u00fcber dem Fluss Avon thront, ist eine kleine Stadt von gro\u00dfer historischer Bedeutung.&nbsp;<\/p>\n<p>Bei uns finden Sie <a href=\"https:\/\/www.urlaubcornwall.de\/ferienhaeuser\/cotswolds.php\">Ferienh\u00e4user<\/a> &amp; <a href=\"https:\/\/www.urlaubcornwall.de\/blog\/bei-uns-finden-sie-besten-hotels-stratford-upon-avon-einfach-ist-das\/\">sch\u00f6nsten Hotels<\/a> in Stratford upon Avon zum Verlieben \u2013 so einfach ist das!<\/p>\n<p><img loading=\"lazy\" class=\"aligncenter size-full wp-image-24644\" src=\"https:\/\/www.urlaubcornwall.de\/blog\/wp-content\/uploads\/2016\/06\/urlaub-und-sudengland_logo-final.jpg\" alt=\"\" width=\"764\" height=\"380\" srcset=\"https:\/\/www.urlaubcornwall.de\/blog\/wp-content\/uploads\/2016\/06\/urlaub-und-sudengland_logo-final.jpg 764w, https:\/\/www.urlaubcornwall.de\/blog\/wp-content\/uploads\/2016\/06\/urlaub-und-sudengland_logo-final-300x149.jpg 300w\" sizes=\"(max-width: 764px) 100vw, 764px\" \/><\/p>\n","protected":false},"excerpt":{"rendered":"<p>Stratford-upon-Avon ist bekannt als Geburtsst\u00e4tte und Zuhause von William Shakespeare; es ist bei Besuchern aus der ganzen Welt beliebt. Jane Austen lebte in Bath, und hier schrieb sie \u2018Persuasion\u2019 und \u2018Northanger Abbey\u2019. Der Autor von \u2018Alice im Wunderland\u2019, J M Barrie verbrachte viel Zeit in Stow\u2013on-the-Wold gemeinsam mit seinem Freund, dem Pfarrer Edward Litton, dessen [&hellip;]<\/p>\n","protected":false},"author":1,"featured_media":0,"parent":0,"menu_order":0,"comment_status":"closed","ping_status":"closed","template":"single-four.php","meta":[],"acf":[],"yoast_head":"<!-- This site is optimized with the Yoast SEO plugin v19.4 - https:\/\/yoast.com\/wordpress\/plugins\/seo\/ -->\n<title>Urlaub in Stratford upon Avon und dem Land Shakespeares - Urlaub &amp; Reisen<\/title>\n<meta name=\"robots\" content=\"index, follow, max-snippet:-1, max-image-preview:large, max-video-preview:-1\" \/>\n<link rel=\"canonical\" href=\"https:\/\/www.urlaubcornwall.de\/blog\/urlaub-stratford-upon-avon-und-dem-land-shakespeares\/\" \/>\n<meta property=\"og:locale\" content=\"en_US\" \/>\n<meta property=\"og:type\" content=\"article\" \/>\n<meta property=\"og:title\" content=\"Urlaub in Stratford upon Avon und dem Land Shakespeares - Urlaub &amp; Reisen\" \/>\n<meta property=\"og:description\" content=\"Stratford-upon-Avon ist bekannt als Geburtsst\u00e4tte und Zuhause von William Shakespeare; es ist bei Besuchern aus der ganzen Welt beliebt. Jane Austen lebte in Bath, und hier schrieb sie \u2018Persuasion\u2019 und \u2018Northanger Abbey\u2019. Der Autor von \u2018Alice im Wunderland\u2019, J M Barrie verbrachte viel Zeit in Stow\u2013on-the-Wold gemeinsam mit seinem Freund, dem Pfarrer Edward Litton, dessen [&hellip;]\" \/>\n<meta property=\"og:url\" content=\"https:\/\/www.urlaubcornwall.de\/blog\/urlaub-stratford-upon-avon-und-dem-land-shakespeares\/\" \/>\n<meta property=\"og:site_name\" content=\"Urlaub &amp; Reisen\" \/>\n<meta property=\"article:modified_time\" content=\"2024-04-15T08:06:25+00:00\" \/>\n<meta property=\"og:image\" content=\"https:\/\/www.urlaubcornwall.de\/blog\/wp-content\/uploads\/2024\/03\/stratford-upon-avon-anne-hathaway-cottage.jpg\" \/>\n<meta name=\"twitter:card\" content=\"summary\" \/>\n<meta name=\"twitter:label1\" content=\"Est. reading time\" \/>\n\t<meta name=\"twitter:data1\" content=\"2 minutes\" \/>\n<script type=\"application\/ld+json\" class=\"yoast-schema-graph\">{\"@context\":\"https:\/\/schema.org\",\"@graph\":[{\"@type\":\"WebSite\",\"@id\":\"https:\/\/www.urlaubcornwall.de\/blog\/#website\",\"url\":\"https:\/\/www.urlaubcornwall.de\/blog\/\",\"name\":\"Urlaub &amp; Reisen\",\"description\":\"Urlaub, Reisen, Cornwall und S\u00fcdengland: eine perfekte Kombination\",\"potentialAction\":[{\"@type\":\"SearchAction\",\"target\":{\"@type\":\"EntryPoint\",\"urlTemplate\":\"https:\/\/www.urlaubcornwall.de\/blog\/?s={search_term_string}\"},\"query-input\":\"required name=search_term_string\"}],\"inLanguage\":\"en-US\"},{\"@type\":\"WebPage\",\"@id\":\"https:\/\/www.urlaubcornwall.de\/blog\/urlaub-stratford-upon-avon-und-dem-land-shakespeares\/\",\"url\":\"https:\/\/www.urlaubcornwall.de\/blog\/urlaub-stratford-upon-avon-und-dem-land-shakespeares\/\",\"name\":\"Urlaub in Stratford upon Avon und dem Land Shakespeares - Urlaub &amp; Reisen\",\"isPartOf\":{\"@id\":\"https:\/\/www.urlaubcornwall.de\/blog\/#website\"},\"datePublished\":\"2017-11-26T15:45:57+00:00\",\"dateModified\":\"2024-04-15T08:06:25+00:00\",\"breadcrumb\":{\"@id\":\"https:\/\/www.urlaubcornwall.de\/blog\/urlaub-stratford-upon-avon-und-dem-land-shakespeares\/#breadcrumb\"},\"inLanguage\":\"en-US\",\"potentialAction\":[{\"@type\":\"ReadAction\",\"target\":[\"https:\/\/www.urlaubcornwall.de\/blog\/urlaub-stratford-upon-avon-und-dem-land-shakespeares\/\"]}]},{\"@type\":\"BreadcrumbList\",\"@id\":\"https:\/\/www.urlaubcornwall.de\/blog\/urlaub-stratford-upon-avon-und-dem-land-shakespeares\/#breadcrumb\",\"itemListElement\":[{\"@type\":\"ListItem\",\"position\":1,\"name\":\"Home\",\"item\":\"https:\/\/www.urlaubcornwall.de\/blog\/\"},{\"@type\":\"ListItem\",\"position\":2,\"name\":\"Urlaub in Stratford upon Avon und dem Land Shakespeares\"}]}]}<\/script>\n<!-- \/ Yoast SEO plugin. -->","yoast_head_json":{"title":"Urlaub in Stratford upon Avon und dem Land Shakespeares - Urlaub &amp; Reisen","robots":{"index":"index","follow":"follow","max-snippet":"max-snippet:-1","max-image-preview":"max-image-preview:large","max-video-preview":"max-video-preview:-1"},"canonical":"https:\/\/www.urlaubcornwall.de\/blog\/urlaub-stratford-upon-avon-und-dem-land-shakespeares\/","og_locale":"en_US","og_type":"article","og_title":"Urlaub in Stratford upon Avon und dem Land Shakespeares - Urlaub &amp; Reisen","og_description":"Stratford-upon-Avon ist bekannt als Geburtsst\u00e4tte und Zuhause von William Shakespeare; es ist bei Besuchern aus der ganzen Welt beliebt. Jane Austen lebte in Bath, und hier schrieb sie \u2018Persuasion\u2019 und \u2018Northanger Abbey\u2019. Der Autor von \u2018Alice im Wunderland\u2019, J M Barrie verbrachte viel Zeit in Stow\u2013on-the-Wold gemeinsam mit seinem Freund, dem Pfarrer Edward Litton, dessen [&hellip;]","og_url":"https:\/\/www.urlaubcornwall.de\/blog\/urlaub-stratford-upon-avon-und-dem-land-shakespeares\/","og_site_name":"Urlaub &amp; Reisen","article_modified_time":"2024-04-15T08:06:25+00:00","og_image":[{"url":"https:\/\/www.urlaubcornwall.de\/blog\/wp-content\/uploads\/2024\/03\/stratford-upon-avon-anne-hathaway-cottage.jpg"}],"twitter_card":"summary","twitter_misc":{"Est. reading time":"2 minutes"},"schema":{"@context":"https:\/\/schema.org","@graph":[{"@type":"WebSite","@id":"https:\/\/www.urlaubcornwall.de\/blog\/#website","url":"https:\/\/www.urlaubcornwall.de\/blog\/","name":"Urlaub &amp; Reisen","description":"Urlaub, Reisen, Cornwall und S\u00fcdengland: eine perfekte Kombination","potentialAction":[{"@type":"SearchAction","target":{"@type":"EntryPoint","urlTemplate":"https:\/\/www.urlaubcornwall.de\/blog\/?s={search_term_string}"},"query-input":"required name=search_term_string"}],"inLanguage":"en-US"},{"@type":"WebPage","@id":"https:\/\/www.urlaubcornwall.de\/blog\/urlaub-stratford-upon-avon-und-dem-land-shakespeares\/","url":"https:\/\/www.urlaubcornwall.de\/blog\/urlaub-stratford-upon-avon-und-dem-land-shakespeares\/","name":"Urlaub in Stratford upon Avon und dem Land Shakespeares - Urlaub &amp; Reisen","isPartOf":{"@id":"https:\/\/www.urlaubcornwall.de\/blog\/#website"},"datePublished":"2017-11-26T15:45:57+00:00","dateModified":"2024-04-15T08:06:25+00:00","breadcrumb":{"@id":"https:\/\/www.urlaubcornwall.de\/blog\/urlaub-stratford-upon-avon-und-dem-land-shakespeares\/#breadcrumb"},"inLanguage":"en-US","potentialAction":[{"@type":"ReadAction","target":["https:\/\/www.urlaubcornwall.de\/blog\/urlaub-stratford-upon-avon-und-dem-land-shakespeares\/"]}]},{"@type":"BreadcrumbList","@id":"https:\/\/www.urlaubcornwall.de\/blog\/urlaub-stratford-upon-avon-und-dem-land-shakespeares\/#breadcrumb","itemListElement":[{"@type":"ListItem","position":1,"name":"Home","item":"https:\/\/www.urlaubcornwall.de\/blog\/"},{"@type":"ListItem","position":2,"name":"Urlaub in Stratford upon Avon und dem Land Shakespeares"}]}]}},"_links":{"self":[{"href":"https:\/\/www.urlaubcornwall.de\/blog\/wp-json\/wp\/v2\/pages\/30860"}],"collection":[{"href":"https:\/\/www.urlaubcornwall.de\/blog\/wp-json\/wp\/v2\/pages"}],"about":[{"href":"https:\/\/www.urlaubcornwall.de\/blog\/wp-json\/wp\/v2\/types\/page"}],"author":[{"embeddable":true,"href":"https:\/\/www.urlaubcornwall.de\/blog\/wp-json\/wp\/v2\/users\/1"}],"replies":[{"embeddable":true,"href":"https:\/\/www.urlaubcornwall.de\/blog\/wp-json\/wp\/v2\/comments?post=30860"}],"version-history":[{"count":3,"href":"https:\/\/www.urlaubcornwall.de\/blog\/wp-json\/wp\/v2\/pages\/30860\/revisions"}],"predecessor-version":[{"id":49354,"href":"https:\/\/www.urlaubcornwall.de\/blog\/wp-json\/wp\/v2\/pages\/30860\/revisions\/49354"}],"wp:attachment":[{"href":"https:\/\/www.urlaubcornwall.de\/blog\/wp-json\/wp\/v2\/media?parent=30860"}],"curies":[{"name":"wp","href":"https:\/\/api.w.org\/{rel}","templated":true}]}}