{"id":30848,"date":"2017-11-25T10:05:34","date_gmt":"2017-11-25T10:05:34","guid":{"rendered":"https:\/\/www.urlaubcornwall.de\/blog\/?page_id=30848"},"modified":"2024-05-30T12:25:18","modified_gmt":"2024-05-30T12:25:18","slug":"schoensten-hotels-cornwall","status":"publish","type":"page","link":"https:\/\/www.urlaubcornwall.de\/blog\/schoensten-hotels-cornwall\/","title":{"rendered":"Bei uns finden Sie Sch\u00f6nsten Hotels in Cornwall \u2013 so einfach ist das!"},"content":{"rendered":"<p><a href=\"https:\/\/www.urlaubcornwall.de\/blog\/wp-content\/uploads\/2024\/03\/holywell-cornwall-strand-rotated.jpg\"><img loading=\"lazy\" src=\"https:\/\/www.urlaubcornwall.de\/blog\/wp-content\/uploads\/2024\/03\/holywell-cornwall-strand-rotated.jpg\" alt=\"holywell cornwall strand\" width=\"750\" height=\"563\" class=\"alignnone size-full wp-image-47899\" srcset=\"https:\/\/www.urlaubcornwall.de\/blog\/wp-content\/uploads\/2024\/03\/holywell-cornwall-strand-rotated.jpg 750w, https:\/\/www.urlaubcornwall.de\/blog\/wp-content\/uploads\/2024\/03\/holywell-cornwall-strand-300x225.jpg 300w\" sizes=\"(max-width: 750px) 100vw, 750px\" \/><\/a><\/p>\n<p>Die Sch\u00f6nheit der kornischen K\u00fcste und der dramatische Kontrast zwischen Land und Meer sind bei einem Urlaub in Cornwall immer in greifbarer N\u00e4he. Es gibt keine sch\u00f6nere Region f\u00fcr einen Urlaub an der K\u00fcste S\u00fcdenglands.<\/p>\n<p>Wir bieten eine Vielzahl an Hotels in atemberaubenden Gegenden an, von luxuri\u00f6sen 5-Sterne-Hotels und Boutiquehotels hin zu kleineren familienfreundlichen und preiswerten Hotels. Unsere Auswahl an Unterk\u00fcnften beinhaltet nur die besten Hotels, die Cornwall zu bieten hat, und zwar an den Orten, die Sie in Ihrem Urlaub besuchen m\u00f6chten.<\/p>\n<p style=\"text-align: center;\"><a class=\"tidycta\" href=\"https:\/\/www.urlaubcornwall.de\/hotels.php\">Suche Hotels in Cornwall &gt;<\/a><\/p>\n<p><img loading=\"lazy\" class=\"aligncenter size-full wp-image-24598\" src=\"https:\/\/www.urlaubcornwall.de\/blog\/wp-content\/uploads\/2016\/06\/urlaub-und-sudengland_logo-final.jpg\" width=\"746\" height=\"361\"\/><\/p>\n","protected":false},"excerpt":{"rendered":"<p>Die Sch\u00f6nheit der kornischen K\u00fcste und der dramatische Kontrast zwischen Land und Meer sind bei einem Urlaub in Cornwall immer in greifbarer N\u00e4he. Es gibt keine sch\u00f6nere Region f\u00fcr einen Urlaub an der K\u00fcste S\u00fcdenglands. Wir bieten eine Vielzahl an Hotels in atemberaubenden Gegenden an, von luxuri\u00f6sen 5-Sterne-Hotels und Boutiquehotels hin zu kleineren familienfreundlichen und [&hellip;]<\/p>\n","protected":false},"author":1,"featured_media":0,"parent":0,"menu_order":0,"comment_status":"closed","ping_status":"closed","template":"single-four.php","meta":[],"acf":[],"yoast_head":"<!-- This site is optimized with the Yoast SEO plugin v19.4 - https:\/\/yoast.com\/wordpress\/plugins\/seo\/ -->\n<title>Bei uns finden Sie Sch\u00f6nsten Hotels in Cornwall \u2013 so einfach ist das! - Urlaub &amp; Reisen<\/title>\n<meta name=\"robots\" content=\"index, follow, max-snippet:-1, max-image-preview:large, max-video-preview:-1\" \/>\n<link rel=\"canonical\" href=\"https:\/\/www.urlaubcornwall.de\/blog\/schoensten-hotels-cornwall\/\" \/>\n<meta property=\"og:locale\" content=\"en_US\" \/>\n<meta property=\"og:type\" content=\"article\" \/>\n<meta property=\"og:title\" content=\"Bei uns finden Sie Sch\u00f6nsten Hotels in Cornwall \u2013 so einfach ist das! - Urlaub &amp; Reisen\" \/>\n<meta property=\"og:description\" content=\"Die Sch\u00f6nheit der kornischen K\u00fcste und der dramatische Kontrast zwischen Land und Meer sind bei einem Urlaub in Cornwall immer in greifbarer N\u00e4he. Es gibt keine sch\u00f6nere Region f\u00fcr einen Urlaub an der K\u00fcste S\u00fcdenglands. Wir bieten eine Vielzahl an Hotels in atemberaubenden Gegenden an, von luxuri\u00f6sen 5-Sterne-Hotels und Boutiquehotels hin zu kleineren familienfreundlichen und [&hellip;]\" \/>\n<meta property=\"og:url\" content=\"https:\/\/www.urlaubcornwall.de\/blog\/schoensten-hotels-cornwall\/\" \/>\n<meta property=\"og:site_name\" content=\"Urlaub &amp; Reisen\" \/>\n<meta property=\"article:modified_time\" content=\"2024-05-30T12:25:18+00:00\" \/>\n<meta property=\"og:image\" content=\"https:\/\/www.urlaubcornwall.de\/blog\/wp-content\/uploads\/2024\/03\/holywell-cornwall-strand-rotated.jpg\" \/>\n<meta name=\"twitter:card\" content=\"summary\" \/>\n<meta name=\"twitter:label1\" content=\"Est. reading time\" \/>\n\t<meta name=\"twitter:data1\" content=\"1 minute\" \/>\n<script type=\"application\/ld+json\" class=\"yoast-schema-graph\">{\"@context\":\"https:\/\/schema.org\",\"@graph\":[{\"@type\":\"WebSite\",\"@id\":\"https:\/\/www.urlaubcornwall.de\/blog\/#website\",\"url\":\"https:\/\/www.urlaubcornwall.de\/blog\/\",\"name\":\"Urlaub &amp; Reisen\",\"description\":\"Urlaub, Reisen, Cornwall und S\u00fcdengland: eine perfekte Kombination\",\"potentialAction\":[{\"@type\":\"SearchAction\",\"target\":{\"@type\":\"EntryPoint\",\"urlTemplate\":\"https:\/\/www.urlaubcornwall.de\/blog\/?s={search_term_string}\"},\"query-input\":\"required name=search_term_string\"}],\"inLanguage\":\"en-US\"},{\"@type\":\"WebPage\",\"@id\":\"https:\/\/www.urlaubcornwall.de\/blog\/schoensten-hotels-cornwall\/\",\"url\":\"https:\/\/www.urlaubcornwall.de\/blog\/schoensten-hotels-cornwall\/\",\"name\":\"Bei uns finden Sie Sch\u00f6nsten Hotels in Cornwall \u2013 so einfach ist das! - Urlaub &amp; Reisen\",\"isPartOf\":{\"@id\":\"https:\/\/www.urlaubcornwall.de\/blog\/#website\"},\"datePublished\":\"2017-11-25T10:05:34+00:00\",\"dateModified\":\"2024-05-30T12:25:18+00:00\",\"breadcrumb\":{\"@id\":\"https:\/\/www.urlaubcornwall.de\/blog\/schoensten-hotels-cornwall\/#breadcrumb\"},\"inLanguage\":\"en-US\",\"potentialAction\":[{\"@type\":\"ReadAction\",\"target\":[\"https:\/\/www.urlaubcornwall.de\/blog\/schoensten-hotels-cornwall\/\"]}]},{\"@type\":\"BreadcrumbList\",\"@id\":\"https:\/\/www.urlaubcornwall.de\/blog\/schoensten-hotels-cornwall\/#breadcrumb\",\"itemListElement\":[{\"@type\":\"ListItem\",\"position\":1,\"name\":\"Home\",\"item\":\"https:\/\/www.urlaubcornwall.de\/blog\/\"},{\"@type\":\"ListItem\",\"position\":2,\"name\":\"Bei uns finden Sie Sch\u00f6nsten Hotels in Cornwall \u2013 so einfach ist das!\"}]}]}<\/script>\n<!-- \/ Yoast SEO plugin. -->","yoast_head_json":{"title":"Bei uns finden Sie Sch\u00f6nsten Hotels in Cornwall \u2013 so einfach ist das! - Urlaub &amp; Reisen","robots":{"index":"index","follow":"follow","max-snippet":"max-snippet:-1","max-image-preview":"max-image-preview:large","max-video-preview":"max-video-preview:-1"},"canonical":"https:\/\/www.urlaubcornwall.de\/blog\/schoensten-hotels-cornwall\/","og_locale":"en_US","og_type":"article","og_title":"Bei uns finden Sie Sch\u00f6nsten Hotels in Cornwall \u2013 so einfach ist das! - Urlaub &amp; Reisen","og_description":"Die Sch\u00f6nheit der kornischen K\u00fcste und der dramatische Kontrast zwischen Land und Meer sind bei einem Urlaub in Cornwall immer in greifbarer N\u00e4he. Es gibt keine sch\u00f6nere Region f\u00fcr einen Urlaub an der K\u00fcste S\u00fcdenglands. Wir bieten eine Vielzahl an Hotels in atemberaubenden Gegenden an, von luxuri\u00f6sen 5-Sterne-Hotels und Boutiquehotels hin zu kleineren familienfreundlichen und [&hellip;]","og_url":"https:\/\/www.urlaubcornwall.de\/blog\/schoensten-hotels-cornwall\/","og_site_name":"Urlaub &amp; Reisen","article_modified_time":"2024-05-30T12:25:18+00:00","og_image":[{"url":"https:\/\/www.urlaubcornwall.de\/blog\/wp-content\/uploads\/2024\/03\/holywell-cornwall-strand-rotated.jpg"}],"twitter_card":"summary","twitter_misc":{"Est. reading time":"1 minute"},"schema":{"@context":"https:\/\/schema.org","@graph":[{"@type":"WebSite","@id":"https:\/\/www.urlaubcornwall.de\/blog\/#website","url":"https:\/\/www.urlaubcornwall.de\/blog\/","name":"Urlaub &amp; Reisen","description":"Urlaub, Reisen, Cornwall und S\u00fcdengland: eine perfekte Kombination","potentialAction":[{"@type":"SearchAction","target":{"@type":"EntryPoint","urlTemplate":"https:\/\/www.urlaubcornwall.de\/blog\/?s={search_term_string}"},"query-input":"required name=search_term_string"}],"inLanguage":"en-US"},{"@type":"WebPage","@id":"https:\/\/www.urlaubcornwall.de\/blog\/schoensten-hotels-cornwall\/","url":"https:\/\/www.urlaubcornwall.de\/blog\/schoensten-hotels-cornwall\/","name":"Bei uns finden Sie Sch\u00f6nsten Hotels in Cornwall \u2013 so einfach ist das! - Urlaub &amp; Reisen","isPartOf":{"@id":"https:\/\/www.urlaubcornwall.de\/blog\/#website"},"datePublished":"2017-11-25T10:05:34+00:00","dateModified":"2024-05-30T12:25:18+00:00","breadcrumb":{"@id":"https:\/\/www.urlaubcornwall.de\/blog\/schoensten-hotels-cornwall\/#breadcrumb"},"inLanguage":"en-US","potentialAction":[{"@type":"ReadAction","target":["https:\/\/www.urlaubcornwall.de\/blog\/schoensten-hotels-cornwall\/"]}]},{"@type":"BreadcrumbList","@id":"https:\/\/www.urlaubcornwall.de\/blog\/schoensten-hotels-cornwall\/#breadcrumb","itemListElement":[{"@type":"ListItem","position":1,"name":"Home","item":"https:\/\/www.urlaubcornwall.de\/blog\/"},{"@type":"ListItem","position":2,"name":"Bei uns finden Sie Sch\u00f6nsten Hotels in Cornwall \u2013 so einfach ist das!"}]}]}},"_links":{"self":[{"href":"https:\/\/www.urlaubcornwall.de\/blog\/wp-json\/wp\/v2\/pages\/30848"}],"collection":[{"href":"https:\/\/www.urlaubcornwall.de\/blog\/wp-json\/wp\/v2\/pages"}],"about":[{"href":"https:\/\/www.urlaubcornwall.de\/blog\/wp-json\/wp\/v2\/types\/page"}],"author":[{"embeddable":true,"href":"https:\/\/www.urlaubcornwall.de\/blog\/wp-json\/wp\/v2\/users\/1"}],"replies":[{"embeddable":true,"href":"https:\/\/www.urlaubcornwall.de\/blog\/wp-json\/wp\/v2\/comments?post=30848"}],"version-history":[{"count":3,"href":"https:\/\/www.urlaubcornwall.de\/blog\/wp-json\/wp\/v2\/pages\/30848\/revisions"}],"predecessor-version":[{"id":51021,"href":"https:\/\/www.urlaubcornwall.de\/blog\/wp-json\/wp\/v2\/pages\/30848\/revisions\/51021"}],"wp:attachment":[{"href":"https:\/\/www.urlaubcornwall.de\/blog\/wp-json\/wp\/v2\/media?parent=30848"}],"curies":[{"name":"wp","href":"https:\/\/api.w.org\/{rel}","templated":true}]}}