{"id":30846,"date":"2017-11-24T16:19:26","date_gmt":"2017-11-24T16:19:26","guid":{"rendered":"https:\/\/www.urlaubcornwall.de\/blog\/?page_id=30846"},"modified":"2024-05-30T12:28:17","modified_gmt":"2024-05-30T12:28:17","slug":"besten-hotels-weston-super-mare-mit-hund","status":"publish","type":"page","link":"https:\/\/www.urlaubcornwall.de\/blog\/besten-hotels-weston-super-mare-mit-hund\/","title":{"rendered":"Besten Hotels in Weston-Super-Mare mit Hund."},"content":{"rendered":"<p><a href=\"https:\/\/www.urlaubcornwall.de\/blog\/wp-content\/uploads\/2024\/05\/weston-super-mare.jpg\"><img loading=\"lazy\" src=\"https:\/\/www.urlaubcornwall.de\/blog\/wp-content\/uploads\/2024\/05\/weston-super-mare.jpg\" alt=\"weston super mare\" width=\"750\" height=\"500\" class=\"alignnone size-full wp-image-51023\" srcset=\"https:\/\/www.urlaubcornwall.de\/blog\/wp-content\/uploads\/2024\/05\/weston-super-mare.jpg 750w, https:\/\/www.urlaubcornwall.de\/blog\/wp-content\/uploads\/2024\/05\/weston-super-mare-300x200.jpg 300w\" sizes=\"(max-width: 750px) 100vw, 750px\" \/><\/a><\/p>\n<p style=\"text-align: center;\"><strong>Die Hundefreundliche Hotels in Weston-Super-Mare &#8211; <\/strong>Meilenweite Sandstr\u00e4nde und eine Promenade mit Blick \u00fcber den \u00c4rmelkanal samt traditioneller Aktivit\u00e4ten, einschlie\u00dflich Eselsritten! Nach dreij\u00e4hriger Restauration der Promenade und des Piers sind diese nun ge\u00f6ffnet und bieten eine Menge zu sehen und zu tun.<\/p>\n<p style=\"text-align: center;\"><a class=\"tidycta\" href=\"https:\/\/www.booking.com\/searchresults.html?city=-2597059&amp;aid=1320750&amp;no_rooms=1&amp;group_adults=2&amp;room1=A%2CA\" rel=\"nofollow\">Suche Hotels Weston-super-Mare<\/a><\/p>\n<p><img loading=\"lazy\" class=\"aligncenter size-full wp-image-24598\" src=\"https:\/\/www.urlaubcornwall.de\/blog\/wp-content\/uploads\/2016\/06\/urlaub-und-sudengland_logo-final.jpg\" width=\"746\" height=\"361\"\/><\/p>\n","protected":false},"excerpt":{"rendered":"<p>Die Hundefreundliche Hotels in Weston-Super-Mare &#8211; Meilenweite Sandstr\u00e4nde und eine Promenade mit Blick \u00fcber den \u00c4rmelkanal samt traditioneller Aktivit\u00e4ten, einschlie\u00dflich Eselsritten! Nach dreij\u00e4hriger Restauration der Promenade und des Piers sind diese nun ge\u00f6ffnet und bieten eine Menge zu sehen und zu tun. Suche Hotels Weston-super-Mare<\/p>\n","protected":false},"author":1,"featured_media":0,"parent":0,"menu_order":0,"comment_status":"closed","ping_status":"closed","template":"single-four.php","meta":[],"acf":[],"yoast_head":"<!-- This site is optimized with the Yoast SEO plugin v19.4 - https:\/\/yoast.com\/wordpress\/plugins\/seo\/ -->\n<title>Besten Hotels in Weston-Super-Mare mit Hund. - Urlaub &amp; Reisen<\/title>\n<meta name=\"robots\" content=\"index, follow, max-snippet:-1, max-image-preview:large, max-video-preview:-1\" \/>\n<link rel=\"canonical\" href=\"https:\/\/www.urlaubcornwall.de\/blog\/besten-hotels-weston-super-mare-mit-hund\/\" \/>\n<meta property=\"og:locale\" content=\"en_US\" \/>\n<meta property=\"og:type\" content=\"article\" \/>\n<meta property=\"og:title\" content=\"Besten Hotels in Weston-Super-Mare mit Hund. - Urlaub &amp; Reisen\" \/>\n<meta property=\"og:description\" content=\"Die Hundefreundliche Hotels in Weston-Super-Mare &#8211; Meilenweite Sandstr\u00e4nde und eine Promenade mit Blick \u00fcber den \u00c4rmelkanal samt traditioneller Aktivit\u00e4ten, einschlie\u00dflich Eselsritten! Nach dreij\u00e4hriger Restauration der Promenade und des Piers sind diese nun ge\u00f6ffnet und bieten eine Menge zu sehen und zu tun. Suche Hotels Weston-super-Mare\" \/>\n<meta property=\"og:url\" content=\"https:\/\/www.urlaubcornwall.de\/blog\/besten-hotels-weston-super-mare-mit-hund\/\" \/>\n<meta property=\"og:site_name\" content=\"Urlaub &amp; Reisen\" \/>\n<meta property=\"article:modified_time\" content=\"2024-05-30T12:28:17+00:00\" \/>\n<meta property=\"og:image\" content=\"https:\/\/www.urlaubcornwall.de\/blog\/wp-content\/uploads\/2024\/05\/weston-super-mare.jpg\" \/>\n<meta name=\"twitter:card\" content=\"summary\" \/>\n<meta name=\"twitter:label1\" content=\"Est. reading time\" \/>\n\t<meta name=\"twitter:data1\" content=\"1 minute\" \/>\n<script type=\"application\/ld+json\" class=\"yoast-schema-graph\">{\"@context\":\"https:\/\/schema.org\",\"@graph\":[{\"@type\":\"WebSite\",\"@id\":\"https:\/\/www.urlaubcornwall.de\/blog\/#website\",\"url\":\"https:\/\/www.urlaubcornwall.de\/blog\/\",\"name\":\"Urlaub &amp; Reisen\",\"description\":\"Urlaub, Reisen, Cornwall und S\u00fcdengland: eine perfekte Kombination\",\"potentialAction\":[{\"@type\":\"SearchAction\",\"target\":{\"@type\":\"EntryPoint\",\"urlTemplate\":\"https:\/\/www.urlaubcornwall.de\/blog\/?s={search_term_string}\"},\"query-input\":\"required name=search_term_string\"}],\"inLanguage\":\"en-US\"},{\"@type\":\"WebPage\",\"@id\":\"https:\/\/www.urlaubcornwall.de\/blog\/besten-hotels-weston-super-mare-mit-hund\/\",\"url\":\"https:\/\/www.urlaubcornwall.de\/blog\/besten-hotels-weston-super-mare-mit-hund\/\",\"name\":\"Besten Hotels in Weston-Super-Mare mit Hund. - Urlaub &amp; Reisen\",\"isPartOf\":{\"@id\":\"https:\/\/www.urlaubcornwall.de\/blog\/#website\"},\"datePublished\":\"2017-11-24T16:19:26+00:00\",\"dateModified\":\"2024-05-30T12:28:17+00:00\",\"breadcrumb\":{\"@id\":\"https:\/\/www.urlaubcornwall.de\/blog\/besten-hotels-weston-super-mare-mit-hund\/#breadcrumb\"},\"inLanguage\":\"en-US\",\"potentialAction\":[{\"@type\":\"ReadAction\",\"target\":[\"https:\/\/www.urlaubcornwall.de\/blog\/besten-hotels-weston-super-mare-mit-hund\/\"]}]},{\"@type\":\"BreadcrumbList\",\"@id\":\"https:\/\/www.urlaubcornwall.de\/blog\/besten-hotels-weston-super-mare-mit-hund\/#breadcrumb\",\"itemListElement\":[{\"@type\":\"ListItem\",\"position\":1,\"name\":\"Home\",\"item\":\"https:\/\/www.urlaubcornwall.de\/blog\/\"},{\"@type\":\"ListItem\",\"position\":2,\"name\":\"Besten Hotels in Weston-Super-Mare mit Hund.\"}]}]}<\/script>\n<!-- \/ Yoast SEO plugin. -->","yoast_head_json":{"title":"Besten Hotels in Weston-Super-Mare mit Hund. - Urlaub &amp; Reisen","robots":{"index":"index","follow":"follow","max-snippet":"max-snippet:-1","max-image-preview":"max-image-preview:large","max-video-preview":"max-video-preview:-1"},"canonical":"https:\/\/www.urlaubcornwall.de\/blog\/besten-hotels-weston-super-mare-mit-hund\/","og_locale":"en_US","og_type":"article","og_title":"Besten Hotels in Weston-Super-Mare mit Hund. - Urlaub &amp; Reisen","og_description":"Die Hundefreundliche Hotels in Weston-Super-Mare &#8211; Meilenweite Sandstr\u00e4nde und eine Promenade mit Blick \u00fcber den \u00c4rmelkanal samt traditioneller Aktivit\u00e4ten, einschlie\u00dflich Eselsritten! Nach dreij\u00e4hriger Restauration der Promenade und des Piers sind diese nun ge\u00f6ffnet und bieten eine Menge zu sehen und zu tun. Suche Hotels Weston-super-Mare","og_url":"https:\/\/www.urlaubcornwall.de\/blog\/besten-hotels-weston-super-mare-mit-hund\/","og_site_name":"Urlaub &amp; Reisen","article_modified_time":"2024-05-30T12:28:17+00:00","og_image":[{"url":"https:\/\/www.urlaubcornwall.de\/blog\/wp-content\/uploads\/2024\/05\/weston-super-mare.jpg"}],"twitter_card":"summary","twitter_misc":{"Est. reading time":"1 minute"},"schema":{"@context":"https:\/\/schema.org","@graph":[{"@type":"WebSite","@id":"https:\/\/www.urlaubcornwall.de\/blog\/#website","url":"https:\/\/www.urlaubcornwall.de\/blog\/","name":"Urlaub &amp; Reisen","description":"Urlaub, Reisen, Cornwall und S\u00fcdengland: eine perfekte Kombination","potentialAction":[{"@type":"SearchAction","target":{"@type":"EntryPoint","urlTemplate":"https:\/\/www.urlaubcornwall.de\/blog\/?s={search_term_string}"},"query-input":"required name=search_term_string"}],"inLanguage":"en-US"},{"@type":"WebPage","@id":"https:\/\/www.urlaubcornwall.de\/blog\/besten-hotels-weston-super-mare-mit-hund\/","url":"https:\/\/www.urlaubcornwall.de\/blog\/besten-hotels-weston-super-mare-mit-hund\/","name":"Besten Hotels in Weston-Super-Mare mit Hund. - Urlaub &amp; Reisen","isPartOf":{"@id":"https:\/\/www.urlaubcornwall.de\/blog\/#website"},"datePublished":"2017-11-24T16:19:26+00:00","dateModified":"2024-05-30T12:28:17+00:00","breadcrumb":{"@id":"https:\/\/www.urlaubcornwall.de\/blog\/besten-hotels-weston-super-mare-mit-hund\/#breadcrumb"},"inLanguage":"en-US","potentialAction":[{"@type":"ReadAction","target":["https:\/\/www.urlaubcornwall.de\/blog\/besten-hotels-weston-super-mare-mit-hund\/"]}]},{"@type":"BreadcrumbList","@id":"https:\/\/www.urlaubcornwall.de\/blog\/besten-hotels-weston-super-mare-mit-hund\/#breadcrumb","itemListElement":[{"@type":"ListItem","position":1,"name":"Home","item":"https:\/\/www.urlaubcornwall.de\/blog\/"},{"@type":"ListItem","position":2,"name":"Besten Hotels in Weston-Super-Mare mit Hund."}]}]}},"_links":{"self":[{"href":"https:\/\/www.urlaubcornwall.de\/blog\/wp-json\/wp\/v2\/pages\/30846"}],"collection":[{"href":"https:\/\/www.urlaubcornwall.de\/blog\/wp-json\/wp\/v2\/pages"}],"about":[{"href":"https:\/\/www.urlaubcornwall.de\/blog\/wp-json\/wp\/v2\/types\/page"}],"author":[{"embeddable":true,"href":"https:\/\/www.urlaubcornwall.de\/blog\/wp-json\/wp\/v2\/users\/1"}],"replies":[{"embeddable":true,"href":"https:\/\/www.urlaubcornwall.de\/blog\/wp-json\/wp\/v2\/comments?post=30846"}],"version-history":[{"count":5,"href":"https:\/\/www.urlaubcornwall.de\/blog\/wp-json\/wp\/v2\/pages\/30846\/revisions"}],"predecessor-version":[{"id":51026,"href":"https:\/\/www.urlaubcornwall.de\/blog\/wp-json\/wp\/v2\/pages\/30846\/revisions\/51026"}],"wp:attachment":[{"href":"https:\/\/www.urlaubcornwall.de\/blog\/wp-json\/wp\/v2\/media?parent=30846"}],"curies":[{"name":"wp","href":"https:\/\/api.w.org\/{rel}","templated":true}]}}