{"id":30841,"date":"2017-11-24T16:15:04","date_gmt":"2017-11-24T16:15:04","guid":{"rendered":"https:\/\/www.urlaubcornwall.de\/blog\/?page_id=30841"},"modified":"2024-05-30T12:27:45","modified_gmt":"2024-05-30T12:27:45","slug":"besten-hotels-weston-super-mare-meer-zum-verlieben","status":"publish","type":"page","link":"https:\/\/www.urlaubcornwall.de\/blog\/besten-hotels-weston-super-mare-meer-zum-verlieben\/","title":{"rendered":"Besten Hotels in Weston-Super-Mare am Meer zum Verlieben!"},"content":{"rendered":"<p><a href=\"https:\/\/www.urlaubcornwall.de\/blog\/wp-content\/uploads\/2024\/05\/weston-super-mare.jpg\"><img loading=\"lazy\" src=\"https:\/\/www.urlaubcornwall.de\/blog\/wp-content\/uploads\/2024\/05\/weston-super-mare.jpg\" alt=\"weston super mare\" width=\"750\" height=\"500\" class=\"alignnone size-full wp-image-51023\" srcset=\"https:\/\/www.urlaubcornwall.de\/blog\/wp-content\/uploads\/2024\/05\/weston-super-mare.jpg 750w, https:\/\/www.urlaubcornwall.de\/blog\/wp-content\/uploads\/2024\/05\/weston-super-mare-300x200.jpg 300w\" sizes=\"(max-width: 750px) 100vw, 750px\" \/><\/a><\/p>\n<p><strong>Die sch\u00f6nsten Strandhotels in Weston-Super-Mare &#8211; <\/strong>Meilenweite Sandstr\u00e4nde und eine Promenade mit Blick \u00fcber den \u00c4rmelkanal samt traditioneller Aktivit\u00e4ten, einschlie\u00dflich Eselsritten! Nach dreij\u00e4hriger Restauration der Promenade und des Piers sind diese nun ge\u00f6ffnet und bieten eine Menge zu sehen und zu tun.<\/p>\n<h2><a href=\"https:\/\/www.booking.com\/hotel\/gb\/rookery-manor-weston-super-mare.html?aid=1320750&amp;no_rooms=1&amp;group_adults=2&amp;room1=A%2CA\" rel=\"nofollow\"><span style=\"text-decoration: underline;\"><strong> Rookery Manor Hotel &amp; Spa &#8211; Luxus Herrenhaus-Hotel<\/strong><\/span><\/a><\/h2>\n<p>Dieses Herrenhaus aus dem 16. Jahrhundert liegt auf einem historischen Landsitz im Herzen von Somerset und bietet Ihnen einen erholsamen Wellnessbereich und luxuri\u00f6se Unterk\u00fcnfte mit eigenem Bad&#8230;&#8230;&#8230;..<a href=\"https:\/\/www.booking.com\/hotel\/gb\/rookery-manor-weston-super-mare.html?aid=1320750&amp;no_rooms=1&amp;group_adults=2&amp;room1=A%2CA\" rel=\"nofollow\">[Mehr]<\/a><\/p>\n<h2><a href=\" https:\/\/www.booking.com\/hotel\/gb\/the-royal-weston-super-mare.html?aid=1320750&amp;no_rooms=1&amp;group_adults=2&amp;room1=A%2CA\" rel=\"nofollow\"><span style=\"text-decoration: underline;\"><strong> The Royal Hotel \u2013 3 Sterne strandnah mit Meerblick<\/strong><\/span><\/a><\/h2>\n<p>Diese Unterkunft ist 2 Gehminuten vom Strand entfernt. Das Royal Hotel hei\u00dft Sie in einem charmanten, georgianischen Geb\u00e4ude willkommen. Die weitl\u00e4ufigen Gr\u00fcnfl\u00e4chen des Hotels reichen bis zur Promenade von Weston-Super-Mare. Auf Sie warten Meerblick, ein Restaurant mit gehobene K\u00fcche und Zimmer mit kostenfreiem WLAN&#8230;&#8230;&#8230;<a href=\" https:\/\/www.booking.com\/hotel\/gb\/the-royal-weston-super-mare.html?aid=1320750&amp;no_rooms=1&amp;group_adults=2&amp;room1=A%2CA\" rel=\"nofollow\">[Mehr]<\/a><\/p>\n<h2><a href=\" https:\/\/www.booking.com\/hotel\/gb\/anchor-head-weston-super-mare.html?aid=1320750&amp;no_rooms=1&amp;group_adults=2&amp;room1=A%2CA \" rel=\"nofollow\"><span style=\"text-decoration: underline;\"><strong> Anchor Head Hotel \u2013 3 Sterne am Meer<\/strong><\/span><\/a><\/h2>\n<p>Diese Unterkunft ist 6 Gehminuten vom Strand entfernt. Das Anchor Head Hotel in der K\u00fcstenstadt Weston-super-Mare empf\u00e4ngt Sie mit einer Aussicht \u00fcber den Bristolkanal in Richtung S\u00fcdwales. Ein Spaziergang von 10 Minuten f\u00fchrt Sie zum Strand. Direkt vor dem Hotel befindet sich ein kleiner Strand mit einer Strandpromenade&#8230;&#8230;&#8230;<a href=\" https:\/\/www.booking.com\/hotel\/gb\/anchor-head-weston-super-mare.html?aid=1320750&amp;no_rooms=1&amp;group_adults=2&amp;room1=A%2CA\" rel=\"nofollow\">[Mehr]<\/a><\/p>\n<h2><a href=\" https:\/\/www.booking.com\/hotel\/gb\/royal-grosvenor.html?aid=1320750&amp;no_rooms=1&amp;group_adults=2&amp;room1=A%2CA\" rel=\"nofollow\"><span style=\"text-decoration: underline;\"><strong> Royal Grosvenor Hotel \u2013 G\u00fcnstig Hotel am Meer<\/strong><\/span><\/a><\/h2>\n<p><span id=\"result_box\" class=\"\" lang=\"de\">Nur 1 Gehminute vom Meer entfernt bietet das Royal Grosvenor Hotel in Weston-super-Mare Zimmer mit eigenem Bad und kostenfreiem WLAN. <span class=\"\">Viele Zimmer haben Meerblick und Balkon und das Hotel bietet ein Fr\u00fchst\u00fccksbuffet<\/span><\/span>&#8230;&#8230;&#8230;<a href=\" https:\/\/www.booking.com\/hotel\/gb\/royal-grosvenor.html?aid=1320750&amp;no_rooms=1&amp;group_adults=2&amp;room1=A%2CA\" rel=\"nofollow\">[Mehr]<\/a><\/p>\n<p style=\"text-align: center;\"><a class=\"tidycta\" href=\"https:\/\/www.booking.com\/searchresults.html?city=-2597059&amp;aid=1320750&amp;no_rooms=1&amp;group_adults=2&amp;room1=A%2CA\" rel=\"nofollow\">Suche Hotels Weston-super-Mare<\/a><\/p>\n<h1 style=\"text-align: center;\"><strong>Bei uns finden Sie Ferienh\u00e4user zum Verlieben \u2013 so einfach ist das!<\/strong><\/h1>\n<p style=\"text-align: center;\">UrlaubCornwall verf\u00fcgt Ferienh\u00e4user und Ferienwohnungen f\u00fcr Ihren Urlaub. Unterk\u00fcnfte der Spitzenklasse f\u00fcr 2 Personen, Familien und Gruppen mit 4, 6, 8, 10 oder 12 G\u00e4sten.<\/p>\n<p style=\"text-align: center;\"><a class=\"tidycta\" href=\"https:\/\/www.urlaubcornwall.de\/ferienhaeuser-fewos\/eng\/somerset\/weston-super-mare.html\">Ferienh\u00e4user Weston Super Mare<\/a><\/p>\n<p><img loading=\"lazy\" class=\"aligncenter size-full wp-image-24598\" src=\"https:\/\/www.urlaubcornwall.de\/blog\/wp-content\/uploads\/2016\/06\/urlaub-und-sudengland_logo-final.jpg\" width=\"746\" height=\"361\"\/><\/p>\n","protected":false},"excerpt":{"rendered":"<p>Die sch\u00f6nsten Strandhotels in Weston-Super-Mare &#8211; Meilenweite Sandstr\u00e4nde und eine Promenade mit Blick \u00fcber den \u00c4rmelkanal samt traditioneller Aktivit\u00e4ten, einschlie\u00dflich Eselsritten! Nach dreij\u00e4hriger Restauration der Promenade und des Piers sind diese nun ge\u00f6ffnet und bieten eine Menge zu sehen und zu tun. Rookery Manor Hotel &amp; Spa &#8211; Luxus Herrenhaus-Hotel Dieses Herrenhaus aus dem 16. [&hellip;]<\/p>\n","protected":false},"author":1,"featured_media":0,"parent":0,"menu_order":0,"comment_status":"closed","ping_status":"closed","template":"single-four.php","meta":[],"acf":[],"yoast_head":"<!-- This site is optimized with the Yoast SEO plugin v19.4 - https:\/\/yoast.com\/wordpress\/plugins\/seo\/ -->\n<title>Besten Hotels in Weston-Super-Mare am Meer zum Verlieben! - Urlaub &amp; Reisen<\/title>\n<meta name=\"robots\" content=\"index, follow, max-snippet:-1, max-image-preview:large, max-video-preview:-1\" \/>\n<link rel=\"canonical\" href=\"https:\/\/www.urlaubcornwall.de\/blog\/besten-hotels-weston-super-mare-meer-zum-verlieben\/\" \/>\n<meta property=\"og:locale\" content=\"en_US\" \/>\n<meta property=\"og:type\" content=\"article\" \/>\n<meta property=\"og:title\" content=\"Besten Hotels in Weston-Super-Mare am Meer zum Verlieben! - Urlaub &amp; Reisen\" \/>\n<meta property=\"og:description\" content=\"Die sch\u00f6nsten Strandhotels in Weston-Super-Mare &#8211; Meilenweite Sandstr\u00e4nde und eine Promenade mit Blick \u00fcber den \u00c4rmelkanal samt traditioneller Aktivit\u00e4ten, einschlie\u00dflich Eselsritten! Nach dreij\u00e4hriger Restauration der Promenade und des Piers sind diese nun ge\u00f6ffnet und bieten eine Menge zu sehen und zu tun. Rookery Manor Hotel &amp; Spa &#8211; Luxus Herrenhaus-Hotel Dieses Herrenhaus aus dem 16. [&hellip;]\" \/>\n<meta property=\"og:url\" content=\"https:\/\/www.urlaubcornwall.de\/blog\/besten-hotels-weston-super-mare-meer-zum-verlieben\/\" \/>\n<meta property=\"og:site_name\" content=\"Urlaub &amp; Reisen\" \/>\n<meta property=\"article:modified_time\" content=\"2024-05-30T12:27:45+00:00\" \/>\n<meta property=\"og:image\" content=\"https:\/\/www.urlaubcornwall.de\/blog\/wp-content\/uploads\/2024\/05\/weston-super-mare.jpg\" \/>\n<meta name=\"twitter:card\" content=\"summary\" \/>\n<meta name=\"twitter:label1\" content=\"Est. reading time\" \/>\n\t<meta name=\"twitter:data1\" content=\"2 minutes\" \/>\n<script type=\"application\/ld+json\" class=\"yoast-schema-graph\">{\"@context\":\"https:\/\/schema.org\",\"@graph\":[{\"@type\":\"WebSite\",\"@id\":\"https:\/\/www.urlaubcornwall.de\/blog\/#website\",\"url\":\"https:\/\/www.urlaubcornwall.de\/blog\/\",\"name\":\"Urlaub &amp; Reisen\",\"description\":\"Urlaub, Reisen, Cornwall und S\u00fcdengland: eine perfekte Kombination\",\"potentialAction\":[{\"@type\":\"SearchAction\",\"target\":{\"@type\":\"EntryPoint\",\"urlTemplate\":\"https:\/\/www.urlaubcornwall.de\/blog\/?s={search_term_string}\"},\"query-input\":\"required name=search_term_string\"}],\"inLanguage\":\"en-US\"},{\"@type\":\"WebPage\",\"@id\":\"https:\/\/www.urlaubcornwall.de\/blog\/besten-hotels-weston-super-mare-meer-zum-verlieben\/\",\"url\":\"https:\/\/www.urlaubcornwall.de\/blog\/besten-hotels-weston-super-mare-meer-zum-verlieben\/\",\"name\":\"Besten Hotels in Weston-Super-Mare am Meer zum Verlieben! - Urlaub &amp; Reisen\",\"isPartOf\":{\"@id\":\"https:\/\/www.urlaubcornwall.de\/blog\/#website\"},\"datePublished\":\"2017-11-24T16:15:04+00:00\",\"dateModified\":\"2024-05-30T12:27:45+00:00\",\"breadcrumb\":{\"@id\":\"https:\/\/www.urlaubcornwall.de\/blog\/besten-hotels-weston-super-mare-meer-zum-verlieben\/#breadcrumb\"},\"inLanguage\":\"en-US\",\"potentialAction\":[{\"@type\":\"ReadAction\",\"target\":[\"https:\/\/www.urlaubcornwall.de\/blog\/besten-hotels-weston-super-mare-meer-zum-verlieben\/\"]}]},{\"@type\":\"BreadcrumbList\",\"@id\":\"https:\/\/www.urlaubcornwall.de\/blog\/besten-hotels-weston-super-mare-meer-zum-verlieben\/#breadcrumb\",\"itemListElement\":[{\"@type\":\"ListItem\",\"position\":1,\"name\":\"Home\",\"item\":\"https:\/\/www.urlaubcornwall.de\/blog\/\"},{\"@type\":\"ListItem\",\"position\":2,\"name\":\"Besten Hotels in Weston-Super-Mare am Meer zum Verlieben!\"}]}]}<\/script>\n<!-- \/ Yoast SEO plugin. -->","yoast_head_json":{"title":"Besten Hotels in Weston-Super-Mare am Meer zum Verlieben! - Urlaub &amp; Reisen","robots":{"index":"index","follow":"follow","max-snippet":"max-snippet:-1","max-image-preview":"max-image-preview:large","max-video-preview":"max-video-preview:-1"},"canonical":"https:\/\/www.urlaubcornwall.de\/blog\/besten-hotels-weston-super-mare-meer-zum-verlieben\/","og_locale":"en_US","og_type":"article","og_title":"Besten Hotels in Weston-Super-Mare am Meer zum Verlieben! - Urlaub &amp; Reisen","og_description":"Die sch\u00f6nsten Strandhotels in Weston-Super-Mare &#8211; Meilenweite Sandstr\u00e4nde und eine Promenade mit Blick \u00fcber den \u00c4rmelkanal samt traditioneller Aktivit\u00e4ten, einschlie\u00dflich Eselsritten! Nach dreij\u00e4hriger Restauration der Promenade und des Piers sind diese nun ge\u00f6ffnet und bieten eine Menge zu sehen und zu tun. Rookery Manor Hotel &amp; Spa &#8211; Luxus Herrenhaus-Hotel Dieses Herrenhaus aus dem 16. [&hellip;]","og_url":"https:\/\/www.urlaubcornwall.de\/blog\/besten-hotels-weston-super-mare-meer-zum-verlieben\/","og_site_name":"Urlaub &amp; Reisen","article_modified_time":"2024-05-30T12:27:45+00:00","og_image":[{"url":"https:\/\/www.urlaubcornwall.de\/blog\/wp-content\/uploads\/2024\/05\/weston-super-mare.jpg"}],"twitter_card":"summary","twitter_misc":{"Est. reading time":"2 minutes"},"schema":{"@context":"https:\/\/schema.org","@graph":[{"@type":"WebSite","@id":"https:\/\/www.urlaubcornwall.de\/blog\/#website","url":"https:\/\/www.urlaubcornwall.de\/blog\/","name":"Urlaub &amp; Reisen","description":"Urlaub, Reisen, Cornwall und S\u00fcdengland: eine perfekte Kombination","potentialAction":[{"@type":"SearchAction","target":{"@type":"EntryPoint","urlTemplate":"https:\/\/www.urlaubcornwall.de\/blog\/?s={search_term_string}"},"query-input":"required name=search_term_string"}],"inLanguage":"en-US"},{"@type":"WebPage","@id":"https:\/\/www.urlaubcornwall.de\/blog\/besten-hotels-weston-super-mare-meer-zum-verlieben\/","url":"https:\/\/www.urlaubcornwall.de\/blog\/besten-hotels-weston-super-mare-meer-zum-verlieben\/","name":"Besten Hotels in Weston-Super-Mare am Meer zum Verlieben! - Urlaub &amp; Reisen","isPartOf":{"@id":"https:\/\/www.urlaubcornwall.de\/blog\/#website"},"datePublished":"2017-11-24T16:15:04+00:00","dateModified":"2024-05-30T12:27:45+00:00","breadcrumb":{"@id":"https:\/\/www.urlaubcornwall.de\/blog\/besten-hotels-weston-super-mare-meer-zum-verlieben\/#breadcrumb"},"inLanguage":"en-US","potentialAction":[{"@type":"ReadAction","target":["https:\/\/www.urlaubcornwall.de\/blog\/besten-hotels-weston-super-mare-meer-zum-verlieben\/"]}]},{"@type":"BreadcrumbList","@id":"https:\/\/www.urlaubcornwall.de\/blog\/besten-hotels-weston-super-mare-meer-zum-verlieben\/#breadcrumb","itemListElement":[{"@type":"ListItem","position":1,"name":"Home","item":"https:\/\/www.urlaubcornwall.de\/blog\/"},{"@type":"ListItem","position":2,"name":"Besten Hotels in Weston-Super-Mare am Meer zum Verlieben!"}]}]}},"_links":{"self":[{"href":"https:\/\/www.urlaubcornwall.de\/blog\/wp-json\/wp\/v2\/pages\/30841"}],"collection":[{"href":"https:\/\/www.urlaubcornwall.de\/blog\/wp-json\/wp\/v2\/pages"}],"about":[{"href":"https:\/\/www.urlaubcornwall.de\/blog\/wp-json\/wp\/v2\/types\/page"}],"author":[{"embeddable":true,"href":"https:\/\/www.urlaubcornwall.de\/blog\/wp-json\/wp\/v2\/users\/1"}],"replies":[{"embeddable":true,"href":"https:\/\/www.urlaubcornwall.de\/blog\/wp-json\/wp\/v2\/comments?post=30841"}],"version-history":[{"count":4,"href":"https:\/\/www.urlaubcornwall.de\/blog\/wp-json\/wp\/v2\/pages\/30841\/revisions"}],"predecessor-version":[{"id":51025,"href":"https:\/\/www.urlaubcornwall.de\/blog\/wp-json\/wp\/v2\/pages\/30841\/revisions\/51025"}],"wp:attachment":[{"href":"https:\/\/www.urlaubcornwall.de\/blog\/wp-json\/wp\/v2\/media?parent=30841"}],"curies":[{"name":"wp","href":"https:\/\/api.w.org\/{rel}","templated":true}]}}