{"id":30778,"date":"2017-11-23T10:42:30","date_gmt":"2017-11-23T10:42:30","guid":{"rendered":"https:\/\/www.urlaubcornwall.de\/blog\/?page_id=30778"},"modified":"2024-05-30T12:20:02","modified_gmt":"2024-05-30T12:20:02","slug":"bei-uns-finden-sie-besten-hotels-moreton-marsh-einfach-ist-das","status":"publish","type":"page","link":"https:\/\/www.urlaubcornwall.de\/blog\/bei-uns-finden-sie-besten-hotels-moreton-marsh-einfach-ist-das\/","title":{"rendered":"Bei uns finden Sie Besten Hotels in Moreton in the Marsh \u2013 so einfach ist das!"},"content":{"rendered":"<p><a href=\"https:\/\/www.urlaubcornwall.de\/blog\/wp-content\/uploads\/2024\/03\/cotswolds-cottage-1.jpg\"><img loading=\"lazy\" src=\"https:\/\/www.urlaubcornwall.de\/blog\/wp-content\/uploads\/2024\/03\/cotswolds-cottage-1.jpg\" alt=\"\" width=\"750\" height=\"563\" class=\"alignnone size-full wp-image-47965\" srcset=\"https:\/\/www.urlaubcornwall.de\/blog\/wp-content\/uploads\/2024\/03\/cotswolds-cottage-1.jpg 750w, https:\/\/www.urlaubcornwall.de\/blog\/wp-content\/uploads\/2024\/03\/cotswolds-cottage-1-300x225.jpg 300w\" sizes=\"(max-width: 750px) 100vw, 750px\" \/><\/a><\/p>\n<h1><strong>Sch\u00f6nsten Hotels in Moreton in the Marsh<br \/>\n<\/strong><\/h1>\n<p>Moreton-in-Marsh ist eine Stadt und Kirchgemeinde mit 3198 Einwohnern (2001) im Nordosten der englischen Grafschaft Gloucestershire, die eingebettet in eine h\u00fcgelige Landschaft, die Cotswold H\u00fcgel, auf der Kreuzung des Fosse Way, einer Stra\u00dfe aus der r\u00f6mischen Zeit (jetzt die A 429), und der A 44 liegt. Den Ort umflie\u00dft der nahe Batsford entsprungene, noch junge Fluss Evenlode, der schlie\u00dflich nach einem stark gewundenen Lauf in Richtung Oxford, \u00f6stlich von Eynsham in die Themse m\u00fcndet.<\/p>\n<h2><a href=\"https:\/\/www.booking.com\/hotel\/gb\/manorhouseclassic.html?aid=1320750&amp;no_rooms=1&amp;group_adults=2&amp;room1=A%2CA\" rel=\"nofollow\"><span style=\"text-decoration: underline;\"><strong>4 Sterne Luxus Herrenhaus Hotel<\/strong><\/span><\/a><\/h2>\n<p>Im Zentrum von Moreton-in-Marsh erwartet Sie das 4-Sterne-Hotel Manor House mit luxuri\u00f6sen Unterk\u00fcnften und einem preisgekr\u00f6nten Restaurant. Jedes Zimmer in diesem Geb\u00e4ude des 16. Jahrhunderts besticht durch seinen eigenen, unverwechselbaren Charme&#8230;&#8230;&#8230;.<a href=\"https:\/\/www.booking.com\/hotel\/gb\/manorhouseclassic.html?aid=1320750&amp;no_rooms=1&amp;group_adults=2&amp;room1=A%2CA\" rel=\"nofollow\">[Mehr]<\/a><\/p>\n<h2><a href=\"https:\/\/www.booking.com\/hotel\/gb\/white-hart-royal.html?aid=1320750&amp;no_rooms=1&amp;group_adults=2&amp;room1=A%2CA\" rel=\"nofollow\"><span style=\"text-decoration: underline;\"><strong> White Hart Royal \u2013 3 Sterne Hotel<\/strong><\/span><\/a><\/h2>\n<p>In der Altstadt von Moreton-in-Marsh erwartet Sie das White Hart in einem ehemaligen Gasthof aus dem 17. Jahrhundert. Einige der individuell gestalteten Zimmer bieten ein Himmelbett, einen eigenen Garten, eine ger\u00e4umige Nasszelle und eine frei stehende Badewanne&#8230;&#8230;&#8230;.<a href=\"https:\/\/www.booking.com\/hotel\/gb\/white-hart-royal.html?aid=1320750&amp;no_rooms=1&amp;group_adults=2&amp;room1=A%2CA\" rel=\"nofollow\">[Mehr]<\/a><\/p>\n<h2><a href=\"https:\/\/www.booking.com\/hotel\/gb\/redesdalearms.html?aid=1320750&amp;no_rooms=1&amp;group_adults=2&amp;room1=A%2CA\" rel=\"nofollow\"><span style=\"text-decoration: underline;\"><strong> Redesdale Arms Hotel <\/strong><\/span><\/a><\/h2>\n<p>Das Redesdale Arms Hotel, ein Gasthaus aus dem 18. Jahrhundert, bietet moderne britische K\u00fcche, kostenfreies WLAN und eine ideale Lage f\u00fcr Spazierg\u00e4nge in den Cotswold Hills. Kostenfreie Parkpl\u00e4tze stehen ebenfalls zur Verf\u00fcgung&#8230;&#8230;&#8230;.<a href=\"https:\/\/www.booking.com\/hotel\/gb\/redesdalearms.html?aid=1320750&amp;no_rooms=1&amp;group_adults=2&amp;room1=A%2CA\" rel=\"nofollow\">[Mehr]<\/a><\/p>\n<h2><a href=\"https:\/\/www.booking.com\/hotel\/gb\/horse-and-groom-moreton-in-marsh.html?aid=1320750&amp;no_rooms=1&amp;group_adults=2&amp;room1=A%2CA\" rel=\"nofollow\"><span style=\"text-decoration: underline;\"><strong> Horse &amp; Groom \u2013 Pub<\/strong><\/span><\/a><\/h2>\n<p><span id=\"result_box\" class=\"\" lang=\"de\"><span class=\"\">Das Horse and Groom ist eine l\u00e4ndliche Kneipe in Bourton-on-the-Hill in den Cotswolds, 43 km von Oxford entfernt.Genie\u00dfen Sie die hauseigene Bar und das Restaurant.<\/span> <span class=\"\">Kostenlose Privatparkpl\u00e4tze stehen zur Verf\u00fcgung<\/span><\/span>&#8230;&#8230;&#8230;..<a href=\"https:\/\/www.booking.com\/hotel\/gb\/horse-and-groom-moreton-in-marsh.html?aid=1320750&amp;no_rooms=1&amp;group_adults=2&amp;room1=A%2CA\" rel=\"nofollow\">[Mehr]<\/a><\/p>\n<p style=\"text-align: center;\"><a class=\"tidycta\" href=\"https:\/\/www.booking.com\/searchresults.html?city=-2603439&amp;aid=1320750&amp;no_rooms=1&amp;group_adults=2&amp;room1=A%2CA\" rel=\"nofollow\">Suche Hotels Moreton-in-the-Marsh<\/a><\/p>\n<h1 style=\"text-align: center;\"><strong>Bei uns finden Sie Ferienh\u00e4user zum Verlieben \u2013 so einfach ist das!<\/strong><\/h1>\n<p style=\"text-align: center;\">UrlaubCornwall verf\u00fcgt Ferienh\u00e4user und Ferienwohnungen f\u00fcr Ihren <a href=\"https:\/\/www.urlaubcornwall.de\/ferienhaeuser\/suedengland.php\">Urlaub in Sudengland<\/a>. Unterk\u00fcnfte der Spitzenklasse f\u00fcr 2 Personen, Familien und Gruppen mit 4, 6, 8, 10 oder 12 G\u00e4sten.<\/p>\n<p style=\"text-align: center;\"><a class=\"tidycta\" href=\"https:\/\/www.urlaubcornwall.de\/ferienhaeuser\/cotswolds.php\">Ferienh\u00e4user in den Cotswolds<\/a><\/p>\n<p><img loading=\"lazy\" class=\"aligncenter size-full wp-image-24598\" src=\"https:\/\/www.urlaubcornwall.de\/blog\/wp-content\/uploads\/2016\/06\/urlaub-und-sudengland_logo-final.jpg\" width=\"746\" height=\"361\"\/><\/p>\n","protected":false},"excerpt":{"rendered":"<p>Sch\u00f6nsten Hotels in Moreton in the Marsh Moreton-in-Marsh ist eine Stadt und Kirchgemeinde mit 3198 Einwohnern (2001) im Nordosten der englischen Grafschaft Gloucestershire, die eingebettet in eine h\u00fcgelige Landschaft, die Cotswold H\u00fcgel, auf der Kreuzung des Fosse Way, einer Stra\u00dfe aus der r\u00f6mischen Zeit (jetzt die A 429), und der A 44 liegt. Den Ort [&hellip;]<\/p>\n","protected":false},"author":1,"featured_media":0,"parent":0,"menu_order":0,"comment_status":"closed","ping_status":"closed","template":"single-four.php","meta":[],"acf":[],"yoast_head":"<!-- This site is optimized with the Yoast SEO plugin v19.4 - https:\/\/yoast.com\/wordpress\/plugins\/seo\/ -->\n<title>Bei uns finden Sie Besten Hotels in Moreton in the Marsh \u2013 so einfach ist das! - Urlaub &amp; Reisen<\/title>\n<meta name=\"robots\" content=\"index, follow, max-snippet:-1, max-image-preview:large, max-video-preview:-1\" \/>\n<link rel=\"canonical\" href=\"https:\/\/www.urlaubcornwall.de\/blog\/bei-uns-finden-sie-besten-hotels-moreton-marsh-einfach-ist-das\/\" \/>\n<meta property=\"og:locale\" content=\"en_US\" \/>\n<meta property=\"og:type\" content=\"article\" \/>\n<meta property=\"og:title\" content=\"Bei uns finden Sie Besten Hotels in Moreton in the Marsh \u2013 so einfach ist das! - Urlaub &amp; Reisen\" \/>\n<meta property=\"og:description\" content=\"Sch\u00f6nsten Hotels in Moreton in the Marsh Moreton-in-Marsh ist eine Stadt und Kirchgemeinde mit 3198 Einwohnern (2001) im Nordosten der englischen Grafschaft Gloucestershire, die eingebettet in eine h\u00fcgelige Landschaft, die Cotswold H\u00fcgel, auf der Kreuzung des Fosse Way, einer Stra\u00dfe aus der r\u00f6mischen Zeit (jetzt die A 429), und der A 44 liegt. Den Ort [&hellip;]\" \/>\n<meta property=\"og:url\" content=\"https:\/\/www.urlaubcornwall.de\/blog\/bei-uns-finden-sie-besten-hotels-moreton-marsh-einfach-ist-das\/\" \/>\n<meta property=\"og:site_name\" content=\"Urlaub &amp; Reisen\" \/>\n<meta property=\"article:modified_time\" content=\"2024-05-30T12:20:02+00:00\" \/>\n<meta property=\"og:image\" content=\"https:\/\/www.urlaubcornwall.de\/blog\/wp-content\/uploads\/2024\/03\/cotswolds-cottage-1.jpg\" \/>\n<meta name=\"twitter:card\" content=\"summary\" \/>\n<meta name=\"twitter:label1\" content=\"Est. reading time\" \/>\n\t<meta name=\"twitter:data1\" content=\"2 minutes\" \/>\n<script type=\"application\/ld+json\" class=\"yoast-schema-graph\">{\"@context\":\"https:\/\/schema.org\",\"@graph\":[{\"@type\":\"WebSite\",\"@id\":\"https:\/\/www.urlaubcornwall.de\/blog\/#website\",\"url\":\"https:\/\/www.urlaubcornwall.de\/blog\/\",\"name\":\"Urlaub &amp; Reisen\",\"description\":\"Urlaub, Reisen, Cornwall und S\u00fcdengland: eine perfekte Kombination\",\"potentialAction\":[{\"@type\":\"SearchAction\",\"target\":{\"@type\":\"EntryPoint\",\"urlTemplate\":\"https:\/\/www.urlaubcornwall.de\/blog\/?s={search_term_string}\"},\"query-input\":\"required name=search_term_string\"}],\"inLanguage\":\"en-US\"},{\"@type\":\"WebPage\",\"@id\":\"https:\/\/www.urlaubcornwall.de\/blog\/bei-uns-finden-sie-besten-hotels-moreton-marsh-einfach-ist-das\/\",\"url\":\"https:\/\/www.urlaubcornwall.de\/blog\/bei-uns-finden-sie-besten-hotels-moreton-marsh-einfach-ist-das\/\",\"name\":\"Bei uns finden Sie Besten Hotels in Moreton in the Marsh \u2013 so einfach ist das! - Urlaub &amp; Reisen\",\"isPartOf\":{\"@id\":\"https:\/\/www.urlaubcornwall.de\/blog\/#website\"},\"datePublished\":\"2017-11-23T10:42:30+00:00\",\"dateModified\":\"2024-05-30T12:20:02+00:00\",\"breadcrumb\":{\"@id\":\"https:\/\/www.urlaubcornwall.de\/blog\/bei-uns-finden-sie-besten-hotels-moreton-marsh-einfach-ist-das\/#breadcrumb\"},\"inLanguage\":\"en-US\",\"potentialAction\":[{\"@type\":\"ReadAction\",\"target\":[\"https:\/\/www.urlaubcornwall.de\/blog\/bei-uns-finden-sie-besten-hotels-moreton-marsh-einfach-ist-das\/\"]}]},{\"@type\":\"BreadcrumbList\",\"@id\":\"https:\/\/www.urlaubcornwall.de\/blog\/bei-uns-finden-sie-besten-hotels-moreton-marsh-einfach-ist-das\/#breadcrumb\",\"itemListElement\":[{\"@type\":\"ListItem\",\"position\":1,\"name\":\"Home\",\"item\":\"https:\/\/www.urlaubcornwall.de\/blog\/\"},{\"@type\":\"ListItem\",\"position\":2,\"name\":\"Bei uns finden Sie Besten Hotels in Moreton in the Marsh \u2013 so einfach ist das!\"}]}]}<\/script>\n<!-- \/ Yoast SEO plugin. -->","yoast_head_json":{"title":"Bei uns finden Sie Besten Hotels in Moreton in the Marsh \u2013 so einfach ist das! - Urlaub &amp; Reisen","robots":{"index":"index","follow":"follow","max-snippet":"max-snippet:-1","max-image-preview":"max-image-preview:large","max-video-preview":"max-video-preview:-1"},"canonical":"https:\/\/www.urlaubcornwall.de\/blog\/bei-uns-finden-sie-besten-hotels-moreton-marsh-einfach-ist-das\/","og_locale":"en_US","og_type":"article","og_title":"Bei uns finden Sie Besten Hotels in Moreton in the Marsh \u2013 so einfach ist das! - Urlaub &amp; Reisen","og_description":"Sch\u00f6nsten Hotels in Moreton in the Marsh Moreton-in-Marsh ist eine Stadt und Kirchgemeinde mit 3198 Einwohnern (2001) im Nordosten der englischen Grafschaft Gloucestershire, die eingebettet in eine h\u00fcgelige Landschaft, die Cotswold H\u00fcgel, auf der Kreuzung des Fosse Way, einer Stra\u00dfe aus der r\u00f6mischen Zeit (jetzt die A 429), und der A 44 liegt. Den Ort [&hellip;]","og_url":"https:\/\/www.urlaubcornwall.de\/blog\/bei-uns-finden-sie-besten-hotels-moreton-marsh-einfach-ist-das\/","og_site_name":"Urlaub &amp; Reisen","article_modified_time":"2024-05-30T12:20:02+00:00","og_image":[{"url":"https:\/\/www.urlaubcornwall.de\/blog\/wp-content\/uploads\/2024\/03\/cotswolds-cottage-1.jpg"}],"twitter_card":"summary","twitter_misc":{"Est. reading time":"2 minutes"},"schema":{"@context":"https:\/\/schema.org","@graph":[{"@type":"WebSite","@id":"https:\/\/www.urlaubcornwall.de\/blog\/#website","url":"https:\/\/www.urlaubcornwall.de\/blog\/","name":"Urlaub &amp; Reisen","description":"Urlaub, Reisen, Cornwall und S\u00fcdengland: eine perfekte Kombination","potentialAction":[{"@type":"SearchAction","target":{"@type":"EntryPoint","urlTemplate":"https:\/\/www.urlaubcornwall.de\/blog\/?s={search_term_string}"},"query-input":"required name=search_term_string"}],"inLanguage":"en-US"},{"@type":"WebPage","@id":"https:\/\/www.urlaubcornwall.de\/blog\/bei-uns-finden-sie-besten-hotels-moreton-marsh-einfach-ist-das\/","url":"https:\/\/www.urlaubcornwall.de\/blog\/bei-uns-finden-sie-besten-hotels-moreton-marsh-einfach-ist-das\/","name":"Bei uns finden Sie Besten Hotels in Moreton in the Marsh \u2013 so einfach ist das! - Urlaub &amp; Reisen","isPartOf":{"@id":"https:\/\/www.urlaubcornwall.de\/blog\/#website"},"datePublished":"2017-11-23T10:42:30+00:00","dateModified":"2024-05-30T12:20:02+00:00","breadcrumb":{"@id":"https:\/\/www.urlaubcornwall.de\/blog\/bei-uns-finden-sie-besten-hotels-moreton-marsh-einfach-ist-das\/#breadcrumb"},"inLanguage":"en-US","potentialAction":[{"@type":"ReadAction","target":["https:\/\/www.urlaubcornwall.de\/blog\/bei-uns-finden-sie-besten-hotels-moreton-marsh-einfach-ist-das\/"]}]},{"@type":"BreadcrumbList","@id":"https:\/\/www.urlaubcornwall.de\/blog\/bei-uns-finden-sie-besten-hotels-moreton-marsh-einfach-ist-das\/#breadcrumb","itemListElement":[{"@type":"ListItem","position":1,"name":"Home","item":"https:\/\/www.urlaubcornwall.de\/blog\/"},{"@type":"ListItem","position":2,"name":"Bei uns finden Sie Besten Hotels in Moreton in the Marsh \u2013 so einfach ist das!"}]}]}},"_links":{"self":[{"href":"https:\/\/www.urlaubcornwall.de\/blog\/wp-json\/wp\/v2\/pages\/30778"}],"collection":[{"href":"https:\/\/www.urlaubcornwall.de\/blog\/wp-json\/wp\/v2\/pages"}],"about":[{"href":"https:\/\/www.urlaubcornwall.de\/blog\/wp-json\/wp\/v2\/types\/page"}],"author":[{"embeddable":true,"href":"https:\/\/www.urlaubcornwall.de\/blog\/wp-json\/wp\/v2\/users\/1"}],"replies":[{"embeddable":true,"href":"https:\/\/www.urlaubcornwall.de\/blog\/wp-json\/wp\/v2\/comments?post=30778"}],"version-history":[{"count":4,"href":"https:\/\/www.urlaubcornwall.de\/blog\/wp-json\/wp\/v2\/pages\/30778\/revisions"}],"predecessor-version":[{"id":51007,"href":"https:\/\/www.urlaubcornwall.de\/blog\/wp-json\/wp\/v2\/pages\/30778\/revisions\/51007"}],"wp:attachment":[{"href":"https:\/\/www.urlaubcornwall.de\/blog\/wp-json\/wp\/v2\/media?parent=30778"}],"curies":[{"name":"wp","href":"https:\/\/api.w.org\/{rel}","templated":true}]}}