{"id":30724,"date":"2017-11-22T16:37:02","date_gmt":"2017-11-22T16:37:02","guid":{"rendered":"https:\/\/www.urlaubcornwall.de\/blog\/?page_id=30724"},"modified":"2019-02-27T08:58:59","modified_gmt":"2019-02-27T08:58:59","slug":"bei-uns-finden-sie-besten-hotels-chippenham-einfach-ist-das","status":"publish","type":"page","link":"https:\/\/www.urlaubcornwall.de\/blog\/bei-uns-finden-sie-besten-hotels-chippenham-einfach-ist-das\/","title":{"rendered":"Bei uns finden Sie Besten Hotels in Chippenham \u2013 so einfach ist das!"},"content":{"rendered":"<p><img loading=\"lazy\" class=\"aligncenter size-full wp-image-30725\" src=\"https:\/\/www.urlaubcornwall.de\/blog\/wp-content\/uploads\/2017\/11\/chippenham-hotel.jpg\" alt=\"chippenham hotel\" width=\"747\" height=\"400\"\/><\/p>\n<h1><strong>Sch\u00f6nsten Hotels in Chippenham<br \/>\n<\/strong><\/h1>\n<p>Chippenham ist eine historische Marktstadt in Wiltshire. Die Stadt wurde an einer Kreuzung des Flusses Avon gegr\u00fcndet und man vermutet, dass dort seit der R\u00f6merzeit eine Siedlung existierte.<\/p>\n<h2><a href=\"https:\/\/www.booking.com\/hotel\/gb\/lucknampark.html?aid=1320750&amp;no_rooms=1&amp;group_adults=2&amp;room1=A%2CA\" rel=\"nofollow\"><span style=\"text-decoration: underline;\"><strong> Lucknam Park Hotel &amp; Spa \u2013 5&nbsp; Sterne Luxus Landhaus-Hotel<\/strong><\/span><\/a><\/h2>\n<p>Das spektakul\u00e4re Landhaushotel Lucknam Park Hotel &amp; Spa bietet ein Restaurant mit Michelin-Stern. Die Unterkunft erwartet Sie auf einem privaten 200 Hektar gro\u00dfen Anwesen mit einem ummauerten Garten. Sie wohnen 9,7 km von Bath entfernt&#8230;&#8230;&#8230;<a href=\"https:\/\/www.booking.com\/hotel\/gb\/lucknampark.html?aid=1320750&amp;no_rooms=1&amp;group_adults=2&amp;room1=A%2CA\" rel=\"nofollow\">[Mehr]<\/a><\/p>\n<h2><a href=\"https:\/\/www.booking.com\/hotel\/gb\/beechfield-house.html?aid=1320750&amp;no_rooms=1&amp;group_adults=2&amp;room1=A%2CA\" rel=\"nofollow\"><span style=\"text-decoration: underline;\"><strong> Beechfield House \u2013 4 Sterne Landhaus-Hotel Chippenham<\/strong><\/span><\/a><\/h2>\n<p>Das Beechfield House ist ein 4 AA Red Star Landhaus-Hotel in der N\u00e4he von Bath, Longleat, Lacock und Stonehenge. Es erwartet Sie ein Haus im auffallendes sp\u00e4ten viktorianischen Stil auf einem 3,2 Hektar gro\u00dfen Grundst\u00fcck. Ein Au\u00dfenpool, ein traditioneller, von einer Mauer umgebener Garten, ein kleiner Baumbestand sowie eine sch\u00f6ne Rasenfl\u00e4che mit Teichen bereiten Ihnen einen angenehmen Aufenthalt&#8230;&#8230;&#8230;..<a href=\"https:\/\/www.booking.com\/hotel\/gb\/beechfield-house.html?aid=1320750&amp;no_rooms=1&amp;group_adults=2&amp;room1=A%2CA\" rel=\"nofollow\">[Mehr]<\/a><\/p>\n<h2><a href=\"https:\/\/www.booking.com\/hotel\/gb\/guyers-house-conference-centre.html?aid=1320750&amp;no_rooms=1&amp;group_adults=2&amp;room1=A%2CA\" rel=\"nofollow\"><span style=\"text-decoration: underline;\"><strong> Guyers House Hotel \u2013 4 Sterne<\/strong><\/span><\/a><\/h2>\n<p>In einem freundlichen und gem\u00fctlich eingerichteten Haus aus dem 17. Jahrhundert zwischen Swindon und Bath hei\u00dft Sie das Guyers House willkommen. Freuen Sie sich auf kostenfreie Parkpl\u00e4tze, ein preisgekr\u00f6ntes Restaurant und beeindruckende Freizeiteinrichtungen&#8230;&#8230;&#8230;.<a href=\"https:\/\/www.booking.com\/hotel\/gb\/guyers-house-conference-centre.html?aid=1320750&amp;no_rooms=1&amp;group_adults=2&amp;room1=A%2CA\" rel=\"nofollow\">[Mehr]<\/a><\/p>\n<h2><a href=\"https:\/\/www.booking.com\/hotel\/gb\/best-western-plus-angel.html?aid=1320750&amp;no_rooms=1&amp;group_adults=2&amp;room1=A%2CA\" rel=\"nofollow\"><span style=\"text-decoration: underline;\"><strong> Angel Hotel &#8211; 3 Sterne&nbsp;Stadtzentrum<\/strong><\/span><\/a><\/h2>\n<p>Das Best Western Plus Angel Hotel erwartet Sie in einem Geb\u00e4ude aus dem 17. Jahrhundert im Stadtzentrum von Chippenham und bietet hochwertige Unterk\u00fcnfte und eine Brasserie. Freuen Sie sich auf einen Innenpool und einen Fitnessraum sowie kostenfreie Parkpl\u00e4tze und WLAN&#8230;&#8230;&#8230;<a href=\"https:\/\/www.booking.com\/hotel\/gb\/best-western-plus-angel.html?aid=1320750&amp;no_rooms=1&amp;group_adults=2&amp;room1=A%2CA\" rel=\"nofollow\">[Mehr]<\/a><\/p>\n<h2><a href=\"https:\/\/www.booking.com\/hotel\/gb\/rudloehallhotel.html?aid=1320750&amp;no_rooms=1&amp;group_adults=2&amp;room1=A%2CA\" rel=\"nofollow\"><span style=\"text-decoration: underline;\"><strong> Rudloe Arms &#8211; 3 Sterne Landhaus-Hotel<\/strong><\/span><\/a><\/h2>\n<p>Inmitten von 5,6 Hektar gro\u00dfen G\u00e4rten und mit einer spektakul\u00e4ren Aussicht auf die umliegende Landschaft erwartet Sie dieses gotische Herrenhaus mit einer luxuri\u00f6sen Unterkunft. Hier wohnen Sie knapp 13 km vom Stadtzentrum von Bath entfernt&#8230;&#8230;&#8230;.<a href=\"https:\/\/www.booking.com\/hotel\/gb\/rudloehallhotel.html?aid=1320750&amp;no_rooms=1&amp;group_adults=2&amp;room1=A%2CA\" rel=\"nofollow\">[Mehr]<\/a><\/p>\n<h2><a href=\"https:\/\/www.booking.com\/hotel\/gb\/shaw-country.html?aid=1320750&amp;no_rooms=1&amp;group_adults=2&amp;room1=A%2CA\" rel=\"nofollow\"><span style=\"text-decoration: underline;\"><strong> Shaw Country Hotel &#8211; Gunstig<\/strong><\/span><\/a><\/h2>\n<p><span id=\"result_box\" class=\"\" lang=\"de\"><span class=\"\">Das Shaw Country Hotel in Whitley bietet einen Garten und eine Gemeinschaftslounge. Mit kostenfreiem WLAN bietet dieses 2-Sterne-Hotel eine Bar und ein eigenes Restaurant. Kostenfreie Privatparkpl\u00e4tze stehen zur Verf\u00fcgung.<\/span><\/span>&#8230;&#8230;&#8230;.<a href=\"https:\/\/www.booking.com\/hotel\/gb\/shaw-country.html?aid=1320750&amp;no_rooms=1&amp;group_adults=2&amp;room1=A%2CA\" rel=\"nofollow\">[Mehr]<\/a><\/p>\n<p style=\"text-align: center;\"><a class=\"tidycta\" href=\"https:\/\/www.booking.com\/searchresults.html?city=-2592462&amp;aid=1320750&amp;no_rooms=1&amp;group_adults=2&amp;room1=A%2CA\" rel=\"nofollow\">Suche Hotels in Chippenham<\/a><\/p>\n<h1 style=\"text-align: center;\"><strong>Bei uns finden Sie Ferienh\u00e4user zum Verlieben \u2013 so einfach ist das!<\/strong><\/h1>\n<p style=\"text-align: center;\">UrlaubCornwall verf\u00fcgt Ferienh\u00e4user und Ferienwohnungen f\u00fcr Ihren <a href=\"https:\/\/www.urlaubcornwall.de\/ferienhaeuser\/suedengland.php\">Urlaub in Sudengland<\/a>. Unterk\u00fcnfte der Spitzenklasse f\u00fcr 2 Personen, Familien und Gruppen mit 4, 6, 8, 10 oder 12 G\u00e4sten.<\/p>\n<p style=\"text-align: center;\"><a class=\"tidycta\" href=\"https:\/\/www.urlaubcornwall.de\/ferienhaeuser\/cotswolds.php\">Ferienh\u00e4user in den Cotswolds<\/a><\/p>\n<p><img loading=\"lazy\" class=\"aligncenter size-full wp-image-24598\" src=\"https:\/\/www.urlaubcornwall.de\/blog\/wp-content\/uploads\/2016\/06\/urlaub-und-sudengland_logo-final.jpg\" width=\"746\" height=\"361\"\/><\/p>\n","protected":false},"excerpt":{"rendered":"<p>Sch\u00f6nsten Hotels in Chippenham Chippenham ist eine historische Marktstadt in Wiltshire. Die Stadt wurde an einer Kreuzung des Flusses Avon gegr\u00fcndet und man vermutet, dass dort seit der R\u00f6merzeit eine Siedlung existierte. Lucknam Park Hotel &amp; Spa \u2013 5&nbsp; Sterne Luxus Landhaus-Hotel Das spektakul\u00e4re Landhaushotel Lucknam Park Hotel &amp; Spa bietet ein Restaurant mit Michelin-Stern. [&hellip;]<\/p>\n","protected":false},"author":1,"featured_media":0,"parent":0,"menu_order":0,"comment_status":"closed","ping_status":"closed","template":"single-four.php","meta":[],"acf":[],"yoast_head":"<!-- This site is optimized with the Yoast SEO plugin v19.4 - https:\/\/yoast.com\/wordpress\/plugins\/seo\/ -->\n<title>Bei uns finden Sie Besten Hotels in Chippenham \u2013 so einfach ist das! - Urlaub &amp; Reisen<\/title>\n<meta name=\"robots\" content=\"index, follow, max-snippet:-1, max-image-preview:large, max-video-preview:-1\" \/>\n<link rel=\"canonical\" href=\"https:\/\/www.urlaubcornwall.de\/blog\/bei-uns-finden-sie-besten-hotels-chippenham-einfach-ist-das\/\" \/>\n<meta property=\"og:locale\" content=\"en_US\" \/>\n<meta property=\"og:type\" content=\"article\" \/>\n<meta property=\"og:title\" content=\"Bei uns finden Sie Besten Hotels in Chippenham \u2013 so einfach ist das! - Urlaub &amp; Reisen\" \/>\n<meta property=\"og:description\" content=\"Sch\u00f6nsten Hotels in Chippenham Chippenham ist eine historische Marktstadt in Wiltshire. Die Stadt wurde an einer Kreuzung des Flusses Avon gegr\u00fcndet und man vermutet, dass dort seit der R\u00f6merzeit eine Siedlung existierte. Lucknam Park Hotel &amp; Spa \u2013 5&nbsp; Sterne Luxus Landhaus-Hotel Das spektakul\u00e4re Landhaushotel Lucknam Park Hotel &amp; Spa bietet ein Restaurant mit Michelin-Stern. [&hellip;]\" \/>\n<meta property=\"og:url\" content=\"https:\/\/www.urlaubcornwall.de\/blog\/bei-uns-finden-sie-besten-hotels-chippenham-einfach-ist-das\/\" \/>\n<meta property=\"og:site_name\" content=\"Urlaub &amp; Reisen\" \/>\n<meta property=\"article:modified_time\" content=\"2019-02-27T08:58:59+00:00\" \/>\n<meta property=\"og:image\" content=\"https:\/\/www.urlaubcornwall.de\/blog\/wp-content\/uploads\/2017\/11\/chippenham-hotel.jpg\" \/>\n<meta name=\"twitter:card\" content=\"summary\" \/>\n<meta name=\"twitter:label1\" content=\"Est. reading time\" \/>\n\t<meta name=\"twitter:data1\" content=\"2 minutes\" \/>\n<script type=\"application\/ld+json\" class=\"yoast-schema-graph\">{\"@context\":\"https:\/\/schema.org\",\"@graph\":[{\"@type\":\"WebSite\",\"@id\":\"https:\/\/www.urlaubcornwall.de\/blog\/#website\",\"url\":\"https:\/\/www.urlaubcornwall.de\/blog\/\",\"name\":\"Urlaub &amp; Reisen\",\"description\":\"Urlaub, Reisen, Cornwall und S\u00fcdengland: eine perfekte Kombination\",\"potentialAction\":[{\"@type\":\"SearchAction\",\"target\":{\"@type\":\"EntryPoint\",\"urlTemplate\":\"https:\/\/www.urlaubcornwall.de\/blog\/?s={search_term_string}\"},\"query-input\":\"required name=search_term_string\"}],\"inLanguage\":\"en-US\"},{\"@type\":\"WebPage\",\"@id\":\"https:\/\/www.urlaubcornwall.de\/blog\/bei-uns-finden-sie-besten-hotels-chippenham-einfach-ist-das\/\",\"url\":\"https:\/\/www.urlaubcornwall.de\/blog\/bei-uns-finden-sie-besten-hotels-chippenham-einfach-ist-das\/\",\"name\":\"Bei uns finden Sie Besten Hotels in Chippenham \u2013 so einfach ist das! - Urlaub &amp; Reisen\",\"isPartOf\":{\"@id\":\"https:\/\/www.urlaubcornwall.de\/blog\/#website\"},\"datePublished\":\"2017-11-22T16:37:02+00:00\",\"dateModified\":\"2019-02-27T08:58:59+00:00\",\"breadcrumb\":{\"@id\":\"https:\/\/www.urlaubcornwall.de\/blog\/bei-uns-finden-sie-besten-hotels-chippenham-einfach-ist-das\/#breadcrumb\"},\"inLanguage\":\"en-US\",\"potentialAction\":[{\"@type\":\"ReadAction\",\"target\":[\"https:\/\/www.urlaubcornwall.de\/blog\/bei-uns-finden-sie-besten-hotels-chippenham-einfach-ist-das\/\"]}]},{\"@type\":\"BreadcrumbList\",\"@id\":\"https:\/\/www.urlaubcornwall.de\/blog\/bei-uns-finden-sie-besten-hotels-chippenham-einfach-ist-das\/#breadcrumb\",\"itemListElement\":[{\"@type\":\"ListItem\",\"position\":1,\"name\":\"Home\",\"item\":\"https:\/\/www.urlaubcornwall.de\/blog\/\"},{\"@type\":\"ListItem\",\"position\":2,\"name\":\"Bei uns finden Sie Besten Hotels in Chippenham \u2013 so einfach ist das!\"}]}]}<\/script>\n<!-- \/ Yoast SEO plugin. -->","yoast_head_json":{"title":"Bei uns finden Sie Besten Hotels in Chippenham \u2013 so einfach ist das! - Urlaub &amp; Reisen","robots":{"index":"index","follow":"follow","max-snippet":"max-snippet:-1","max-image-preview":"max-image-preview:large","max-video-preview":"max-video-preview:-1"},"canonical":"https:\/\/www.urlaubcornwall.de\/blog\/bei-uns-finden-sie-besten-hotels-chippenham-einfach-ist-das\/","og_locale":"en_US","og_type":"article","og_title":"Bei uns finden Sie Besten Hotels in Chippenham \u2013 so einfach ist das! - Urlaub &amp; Reisen","og_description":"Sch\u00f6nsten Hotels in Chippenham Chippenham ist eine historische Marktstadt in Wiltshire. Die Stadt wurde an einer Kreuzung des Flusses Avon gegr\u00fcndet und man vermutet, dass dort seit der R\u00f6merzeit eine Siedlung existierte. Lucknam Park Hotel &amp; Spa \u2013 5&nbsp; Sterne Luxus Landhaus-Hotel Das spektakul\u00e4re Landhaushotel Lucknam Park Hotel &amp; Spa bietet ein Restaurant mit Michelin-Stern. [&hellip;]","og_url":"https:\/\/www.urlaubcornwall.de\/blog\/bei-uns-finden-sie-besten-hotels-chippenham-einfach-ist-das\/","og_site_name":"Urlaub &amp; Reisen","article_modified_time":"2019-02-27T08:58:59+00:00","og_image":[{"url":"https:\/\/www.urlaubcornwall.de\/blog\/wp-content\/uploads\/2017\/11\/chippenham-hotel.jpg"}],"twitter_card":"summary","twitter_misc":{"Est. reading time":"2 minutes"},"schema":{"@context":"https:\/\/schema.org","@graph":[{"@type":"WebSite","@id":"https:\/\/www.urlaubcornwall.de\/blog\/#website","url":"https:\/\/www.urlaubcornwall.de\/blog\/","name":"Urlaub &amp; Reisen","description":"Urlaub, Reisen, Cornwall und S\u00fcdengland: eine perfekte Kombination","potentialAction":[{"@type":"SearchAction","target":{"@type":"EntryPoint","urlTemplate":"https:\/\/www.urlaubcornwall.de\/blog\/?s={search_term_string}"},"query-input":"required name=search_term_string"}],"inLanguage":"en-US"},{"@type":"WebPage","@id":"https:\/\/www.urlaubcornwall.de\/blog\/bei-uns-finden-sie-besten-hotels-chippenham-einfach-ist-das\/","url":"https:\/\/www.urlaubcornwall.de\/blog\/bei-uns-finden-sie-besten-hotels-chippenham-einfach-ist-das\/","name":"Bei uns finden Sie Besten Hotels in Chippenham \u2013 so einfach ist das! - Urlaub &amp; Reisen","isPartOf":{"@id":"https:\/\/www.urlaubcornwall.de\/blog\/#website"},"datePublished":"2017-11-22T16:37:02+00:00","dateModified":"2019-02-27T08:58:59+00:00","breadcrumb":{"@id":"https:\/\/www.urlaubcornwall.de\/blog\/bei-uns-finden-sie-besten-hotels-chippenham-einfach-ist-das\/#breadcrumb"},"inLanguage":"en-US","potentialAction":[{"@type":"ReadAction","target":["https:\/\/www.urlaubcornwall.de\/blog\/bei-uns-finden-sie-besten-hotels-chippenham-einfach-ist-das\/"]}]},{"@type":"BreadcrumbList","@id":"https:\/\/www.urlaubcornwall.de\/blog\/bei-uns-finden-sie-besten-hotels-chippenham-einfach-ist-das\/#breadcrumb","itemListElement":[{"@type":"ListItem","position":1,"name":"Home","item":"https:\/\/www.urlaubcornwall.de\/blog\/"},{"@type":"ListItem","position":2,"name":"Bei uns finden Sie Besten Hotels in Chippenham \u2013 so einfach ist das!"}]}]}},"_links":{"self":[{"href":"https:\/\/www.urlaubcornwall.de\/blog\/wp-json\/wp\/v2\/pages\/30724"}],"collection":[{"href":"https:\/\/www.urlaubcornwall.de\/blog\/wp-json\/wp\/v2\/pages"}],"about":[{"href":"https:\/\/www.urlaubcornwall.de\/blog\/wp-json\/wp\/v2\/types\/page"}],"author":[{"embeddable":true,"href":"https:\/\/www.urlaubcornwall.de\/blog\/wp-json\/wp\/v2\/users\/1"}],"replies":[{"embeddable":true,"href":"https:\/\/www.urlaubcornwall.de\/blog\/wp-json\/wp\/v2\/comments?post=30724"}],"version-history":[{"count":8,"href":"https:\/\/www.urlaubcornwall.de\/blog\/wp-json\/wp\/v2\/pages\/30724\/revisions"}],"predecessor-version":[{"id":36536,"href":"https:\/\/www.urlaubcornwall.de\/blog\/wp-json\/wp\/v2\/pages\/30724\/revisions\/36536"}],"wp:attachment":[{"href":"https:\/\/www.urlaubcornwall.de\/blog\/wp-json\/wp\/v2\/media?parent=30724"}],"curies":[{"name":"wp","href":"https:\/\/api.w.org\/{rel}","templated":true}]}}