{"id":30708,"date":"2017-11-22T15:31:06","date_gmt":"2017-11-22T15:31:06","guid":{"rendered":"https:\/\/www.urlaubcornwall.de\/blog\/?page_id=30708"},"modified":"2024-05-30T12:17:28","modified_gmt":"2024-05-30T12:17:28","slug":"bei-uns-finden-sie-besten-hotels-bradford-avon-einfach-ist-das","status":"publish","type":"page","link":"https:\/\/www.urlaubcornwall.de\/blog\/bei-uns-finden-sie-besten-hotels-bradford-avon-einfach-ist-das\/","title":{"rendered":"Bei uns finden Sie Besten Hotels in Bradford on Avon \u2013 so einfach ist das!"},"content":{"rendered":"<p><strong>Sch\u00f6nsten Hotels in Bradford on Avon &#8211;<\/strong>Bradford on Avon, einmal gesehen und niemals vergessen, ist eine architektonische Schatzkiste, von winzigen Weberh\u00e4uschen bis hin zu herrschaftlichen Tuchmacherh\u00e4usern, sch\u00f6nen \u00f6ffentlichen Geb\u00e4uden und Gedenkst\u00e4tten, sowie alten Gassen.<\/p>\n<h2><a href=\"https:\/\/www.booking.com\/hotel\/gb\/the-george-bradford-on-avon.html?aid=1320750&amp;no_rooms=1&amp;group_adults=2&amp;room1=A%2CA\" rel=\"nofollow\"><span style=\"text-decoration: underline;\"><strong> The George \u2013 4 Sterne Hotel<\/strong><\/span><\/a><\/h2>\n<p><span id=\"result_box\" class=\"\" lang=\"de\">Mit einem Garten und kostenfreiem WLAN erwartet Sie das George in Bradford on Avon. Zu den verschiedenen Einrichtungen geh\u00f6ren eine Terrasse, eine Bar sowie ein Restaurant vor Ort. <span class=\"\">Sie k\u00f6nnen Gartenblick genie\u00dfen<\/span><\/span>&#8230;&#8230;..<a href=\"https:\/\/www.booking.com\/hotel\/gb\/the-george-bradford-on-avon.html?aid=1320750&amp;no_rooms=1&amp;group_adults=2&amp;room1=A%2CA\" rel=\"nofollow\">[Mehr]<\/a><\/p>\n<h2><a href=\"https:\/\/www.booking.com\/hotel\/gb\/theoldmanorhotel.html?aid=1320750&amp;no_rooms=1&amp;group_adults=2&amp;room1=A%2CA\" rel=\"nofollow\"><span style=\"text-decoration: underline;\"><strong> The Moonraker Hotel -3 Sterne Landhaus Hotel<\/strong><\/span><\/a><\/h2>\n<p><span id=\"result_box\" class=\"\" lang=\"de\">Das Moonraker Hotel liegt auf dem Land mit Blick auf die historische Cotswold Marktstadt Bradford on Avon. <span class=\"\">Es bietet kostenloses WLAN, kostenfreie Parkpl\u00e4tze und individuell eingerichtete Luxuszimmer.<\/span><\/span>&#8230;&#8230;&#8230;.<a href=\"https:\/\/www.booking.com\/hotel\/gb\/theoldmanorhotel.html?aid=1320750&amp;no_rooms=1&amp;group_adults=2&amp;room1=A%2CA\" rel=\"nofollow\">[Mehr]<\/a><\/p>\n<h2><a href=\"https:\/\/www.booking.com\/hotel\/gb\/woolley-grange-a-luxury-family.html?aid=1320750&amp;no_rooms=1&amp;group_adults=2&amp;room1=A%2CA\" rel=\"nofollow\"><span style=\"text-decoration: underline;\"><strong> Woolley Grange \u2013 Landhaus Familienhotel<\/strong><\/span><\/a><\/h2>\n<p>Das Woolley Grange ist ein Luxushotel und erwartet Sie auf einem ca. 5,5 Hektar gro\u00dfen Grundst\u00fcck am Rande der mittelalterlichen Ortschaft Bradford-on-Avon mit kinderfreundlichen Einrichtungen&#8230;&#8230;&#8230;.<a href=\"https:\/\/www.booking.com\/hotel\/gb\/woolley-grange-a-luxury-family.html?aid=1320750&amp;no_rooms=1&amp;group_adults=2&amp;room1=A%2CA\" rel=\"nofollow\">[Mehr]<\/a><\/p>\n<h2><a href=\"https:\/\/www.booking.com\/hotel\/gb\/leighparkhotel.html?aid=1320750&amp;no_rooms=1&amp;group_adults=2&amp;room1=A%2CA\" rel=\"nofollow\"><span style=\"text-decoration: underline;\"><strong> Leigh Park Hotel \u2013 3 Sterne Landhaushotel<\/strong><\/span><\/a><\/h2>\n<p>Mit bezauberndem Ausblick auf das H\u00fcgelland von Wiltshire befindet sich dieses Landhaushotel der 3-Sterne-Kategorie inmitten eines zwei Hektar gro\u00dfen Grundst\u00fccks mit ummauertem Garten und Weinst\u00f6cken&#8230;&#8230;&#8230;<a href=\"https:\/\/www.booking.com\/hotel\/gb\/leighparkhotel.html?aid=1320750&amp;no_rooms=1&amp;group_adults=2&amp;room1=A%2CA\" rel=\"nofollow\">[Mehr]<\/a><\/p>\n<h2><a href=\"https:\/\/www.booking.com\/hotel\/gb\/fieldways-and-health-club-trowbridge.html?aid=1320750&amp;no_rooms=1&amp;group_adults=2&amp;room1=A%2CA\" rel=\"nofollow\"><span style=\"text-decoration: underline;\"><strong> Fieldways Hotel und Wellness \u2013&nbsp; G\u00fcnstig Hotel<\/strong><\/span><\/a><\/h2>\n<p>Das Fieldways Hotel and Health Club befindet sich in einem denkmalgesch\u00fctzten Herrenhaus aus der Zeit Eduards VII. Hier wohnen Sie im Herzen der englischen Landschaft. Freuen Sie sich auf ein Fitnesscenter, einen Innenpool und eine Sauna. Es werden eine gro\u00dfe Auswahl an Massagen und Sch\u00f6nheitsanwendungen angeboten. Die Parkpl\u00e4tze an der Unterkunft nutzen Sie kostenfrei&#8230;&#8230;&#8230;.<a href=\"https:\/\/www.booking.com\/hotel\/gb\/fieldways-and-health-club-trowbridge.html?aid=1320750&amp;no_rooms=1&amp;group_adults=2&amp;room1=A%2CA\" rel=\"nofollow\">[Mehr]<\/a><\/p>\n<p style=\"text-align: center;\"><a class=\"tidycta\" href=\"https:\/\/www.booking.com\/searchresults.html?city=-2590603&amp;aid=1320750&amp;no_rooms=1&amp;group_adults=2&amp;room1=A%2CA\" rel=\"nofollow\">Suche Hotels Bradford on Avon<\/a><\/p>\n<h1 style=\"text-align: center;\"><strong>Bei uns finden Sie Ferienh\u00e4user zum Verlieben \u2013 so einfach ist das!<\/strong><\/h1>\n<p style=\"text-align: center;\">UrlaubCornwall verf\u00fcgt Ferienh\u00e4user und Ferienwohnungen f\u00fcr Ihren <a href=\"https:\/\/www.urlaubcornwall.de\/ferienhaeuser\/suedengland.php\">Urlaub in Sudengland<\/a>. Unterk\u00fcnfte der Spitzenklasse f\u00fcr 2 Personen, Familien und Gruppen mit 4, 6, 8, 10 oder 12 G\u00e4sten.<\/p>\n<p style=\"text-align: center;\"><a class=\"tidycta\" href=\"https:\/\/www.urlaubcornwall.de\/ferienhaeuser\/cotswolds.php\">Ferienh\u00e4user in den Cotswolds<\/a><\/p>\n<p><img loading=\"lazy\" class=\"aligncenter size-full wp-image-24598\" src=\"https:\/\/www.urlaubcornwall.de\/blog\/wp-content\/uploads\/2016\/06\/urlaub-und-sudengland_logo-final.jpg\" width=\"746\" height=\"361\"\/><\/p>\n","protected":false},"excerpt":{"rendered":"<p>Sch\u00f6nsten Hotels in Bradford on Avon &#8211;Bradford on Avon, einmal gesehen und niemals vergessen, ist eine architektonische Schatzkiste, von winzigen Weberh\u00e4uschen bis hin zu herrschaftlichen Tuchmacherh\u00e4usern, sch\u00f6nen \u00f6ffentlichen Geb\u00e4uden und Gedenkst\u00e4tten, sowie alten Gassen. The George \u2013 4 Sterne Hotel Mit einem Garten und kostenfreiem WLAN erwartet Sie das George in Bradford on Avon. Zu [&hellip;]<\/p>\n","protected":false},"author":1,"featured_media":0,"parent":0,"menu_order":0,"comment_status":"closed","ping_status":"closed","template":"single-four.php","meta":[],"acf":[],"yoast_head":"<!-- This site is optimized with the Yoast SEO plugin v19.4 - https:\/\/yoast.com\/wordpress\/plugins\/seo\/ -->\n<title>Bei uns finden Sie Besten Hotels in Bradford on Avon \u2013 so einfach ist das! - Urlaub &amp; Reisen<\/title>\n<meta name=\"robots\" content=\"index, follow, max-snippet:-1, max-image-preview:large, max-video-preview:-1\" \/>\n<link rel=\"canonical\" href=\"https:\/\/www.urlaubcornwall.de\/blog\/bei-uns-finden-sie-besten-hotels-bradford-avon-einfach-ist-das\/\" \/>\n<meta property=\"og:locale\" content=\"en_US\" \/>\n<meta property=\"og:type\" content=\"article\" \/>\n<meta property=\"og:title\" content=\"Bei uns finden Sie Besten Hotels in Bradford on Avon \u2013 so einfach ist das! - Urlaub &amp; Reisen\" \/>\n<meta property=\"og:description\" content=\"Sch\u00f6nsten Hotels in Bradford on Avon &#8211;Bradford on Avon, einmal gesehen und niemals vergessen, ist eine architektonische Schatzkiste, von winzigen Weberh\u00e4uschen bis hin zu herrschaftlichen Tuchmacherh\u00e4usern, sch\u00f6nen \u00f6ffentlichen Geb\u00e4uden und Gedenkst\u00e4tten, sowie alten Gassen. The George \u2013 4 Sterne Hotel Mit einem Garten und kostenfreiem WLAN erwartet Sie das George in Bradford on Avon. Zu [&hellip;]\" \/>\n<meta property=\"og:url\" content=\"https:\/\/www.urlaubcornwall.de\/blog\/bei-uns-finden-sie-besten-hotels-bradford-avon-einfach-ist-das\/\" \/>\n<meta property=\"og:site_name\" content=\"Urlaub &amp; Reisen\" \/>\n<meta property=\"article:modified_time\" content=\"2024-05-30T12:17:28+00:00\" \/>\n<meta property=\"og:image\" content=\"https:\/\/www.urlaubcornwall.de\/blog\/wp-content\/uploads\/2016\/06\/urlaub-und-sudengland_logo-final.jpg\" \/>\n<meta name=\"twitter:card\" content=\"summary\" \/>\n<meta name=\"twitter:label1\" content=\"Est. reading time\" \/>\n\t<meta name=\"twitter:data1\" content=\"2 minutes\" \/>\n<script type=\"application\/ld+json\" class=\"yoast-schema-graph\">{\"@context\":\"https:\/\/schema.org\",\"@graph\":[{\"@type\":\"WebSite\",\"@id\":\"https:\/\/www.urlaubcornwall.de\/blog\/#website\",\"url\":\"https:\/\/www.urlaubcornwall.de\/blog\/\",\"name\":\"Urlaub &amp; Reisen\",\"description\":\"Urlaub, Reisen, Cornwall und S\u00fcdengland: eine perfekte Kombination\",\"potentialAction\":[{\"@type\":\"SearchAction\",\"target\":{\"@type\":\"EntryPoint\",\"urlTemplate\":\"https:\/\/www.urlaubcornwall.de\/blog\/?s={search_term_string}\"},\"query-input\":\"required name=search_term_string\"}],\"inLanguage\":\"en-US\"},{\"@type\":\"WebPage\",\"@id\":\"https:\/\/www.urlaubcornwall.de\/blog\/bei-uns-finden-sie-besten-hotels-bradford-avon-einfach-ist-das\/\",\"url\":\"https:\/\/www.urlaubcornwall.de\/blog\/bei-uns-finden-sie-besten-hotels-bradford-avon-einfach-ist-das\/\",\"name\":\"Bei uns finden Sie Besten Hotels in Bradford on Avon \u2013 so einfach ist das! - Urlaub &amp; Reisen\",\"isPartOf\":{\"@id\":\"https:\/\/www.urlaubcornwall.de\/blog\/#website\"},\"datePublished\":\"2017-11-22T15:31:06+00:00\",\"dateModified\":\"2024-05-30T12:17:28+00:00\",\"breadcrumb\":{\"@id\":\"https:\/\/www.urlaubcornwall.de\/blog\/bei-uns-finden-sie-besten-hotels-bradford-avon-einfach-ist-das\/#breadcrumb\"},\"inLanguage\":\"en-US\",\"potentialAction\":[{\"@type\":\"ReadAction\",\"target\":[\"https:\/\/www.urlaubcornwall.de\/blog\/bei-uns-finden-sie-besten-hotels-bradford-avon-einfach-ist-das\/\"]}]},{\"@type\":\"BreadcrumbList\",\"@id\":\"https:\/\/www.urlaubcornwall.de\/blog\/bei-uns-finden-sie-besten-hotels-bradford-avon-einfach-ist-das\/#breadcrumb\",\"itemListElement\":[{\"@type\":\"ListItem\",\"position\":1,\"name\":\"Home\",\"item\":\"https:\/\/www.urlaubcornwall.de\/blog\/\"},{\"@type\":\"ListItem\",\"position\":2,\"name\":\"Bei uns finden Sie Besten Hotels in Bradford on Avon \u2013 so einfach ist das!\"}]}]}<\/script>\n<!-- \/ Yoast SEO plugin. -->","yoast_head_json":{"title":"Bei uns finden Sie Besten Hotels in Bradford on Avon \u2013 so einfach ist das! - Urlaub &amp; Reisen","robots":{"index":"index","follow":"follow","max-snippet":"max-snippet:-1","max-image-preview":"max-image-preview:large","max-video-preview":"max-video-preview:-1"},"canonical":"https:\/\/www.urlaubcornwall.de\/blog\/bei-uns-finden-sie-besten-hotels-bradford-avon-einfach-ist-das\/","og_locale":"en_US","og_type":"article","og_title":"Bei uns finden Sie Besten Hotels in Bradford on Avon \u2013 so einfach ist das! - Urlaub &amp; Reisen","og_description":"Sch\u00f6nsten Hotels in Bradford on Avon &#8211;Bradford on Avon, einmal gesehen und niemals vergessen, ist eine architektonische Schatzkiste, von winzigen Weberh\u00e4uschen bis hin zu herrschaftlichen Tuchmacherh\u00e4usern, sch\u00f6nen \u00f6ffentlichen Geb\u00e4uden und Gedenkst\u00e4tten, sowie alten Gassen. The George \u2013 4 Sterne Hotel Mit einem Garten und kostenfreiem WLAN erwartet Sie das George in Bradford on Avon. Zu [&hellip;]","og_url":"https:\/\/www.urlaubcornwall.de\/blog\/bei-uns-finden-sie-besten-hotels-bradford-avon-einfach-ist-das\/","og_site_name":"Urlaub &amp; Reisen","article_modified_time":"2024-05-30T12:17:28+00:00","og_image":[{"url":"https:\/\/www.urlaubcornwall.de\/blog\/wp-content\/uploads\/2016\/06\/urlaub-und-sudengland_logo-final.jpg"}],"twitter_card":"summary","twitter_misc":{"Est. reading time":"2 minutes"},"schema":{"@context":"https:\/\/schema.org","@graph":[{"@type":"WebSite","@id":"https:\/\/www.urlaubcornwall.de\/blog\/#website","url":"https:\/\/www.urlaubcornwall.de\/blog\/","name":"Urlaub &amp; Reisen","description":"Urlaub, Reisen, Cornwall und S\u00fcdengland: eine perfekte Kombination","potentialAction":[{"@type":"SearchAction","target":{"@type":"EntryPoint","urlTemplate":"https:\/\/www.urlaubcornwall.de\/blog\/?s={search_term_string}"},"query-input":"required name=search_term_string"}],"inLanguage":"en-US"},{"@type":"WebPage","@id":"https:\/\/www.urlaubcornwall.de\/blog\/bei-uns-finden-sie-besten-hotels-bradford-avon-einfach-ist-das\/","url":"https:\/\/www.urlaubcornwall.de\/blog\/bei-uns-finden-sie-besten-hotels-bradford-avon-einfach-ist-das\/","name":"Bei uns finden Sie Besten Hotels in Bradford on Avon \u2013 so einfach ist das! - Urlaub &amp; Reisen","isPartOf":{"@id":"https:\/\/www.urlaubcornwall.de\/blog\/#website"},"datePublished":"2017-11-22T15:31:06+00:00","dateModified":"2024-05-30T12:17:28+00:00","breadcrumb":{"@id":"https:\/\/www.urlaubcornwall.de\/blog\/bei-uns-finden-sie-besten-hotels-bradford-avon-einfach-ist-das\/#breadcrumb"},"inLanguage":"en-US","potentialAction":[{"@type":"ReadAction","target":["https:\/\/www.urlaubcornwall.de\/blog\/bei-uns-finden-sie-besten-hotels-bradford-avon-einfach-ist-das\/"]}]},{"@type":"BreadcrumbList","@id":"https:\/\/www.urlaubcornwall.de\/blog\/bei-uns-finden-sie-besten-hotels-bradford-avon-einfach-ist-das\/#breadcrumb","itemListElement":[{"@type":"ListItem","position":1,"name":"Home","item":"https:\/\/www.urlaubcornwall.de\/blog\/"},{"@type":"ListItem","position":2,"name":"Bei uns finden Sie Besten Hotels in Bradford on Avon \u2013 so einfach ist das!"}]}]}},"_links":{"self":[{"href":"https:\/\/www.urlaubcornwall.de\/blog\/wp-json\/wp\/v2\/pages\/30708"}],"collection":[{"href":"https:\/\/www.urlaubcornwall.de\/blog\/wp-json\/wp\/v2\/pages"}],"about":[{"href":"https:\/\/www.urlaubcornwall.de\/blog\/wp-json\/wp\/v2\/types\/page"}],"author":[{"embeddable":true,"href":"https:\/\/www.urlaubcornwall.de\/blog\/wp-json\/wp\/v2\/users\/1"}],"replies":[{"embeddable":true,"href":"https:\/\/www.urlaubcornwall.de\/blog\/wp-json\/wp\/v2\/comments?post=30708"}],"version-history":[{"count":6,"href":"https:\/\/www.urlaubcornwall.de\/blog\/wp-json\/wp\/v2\/pages\/30708\/revisions"}],"predecessor-version":[{"id":51004,"href":"https:\/\/www.urlaubcornwall.de\/blog\/wp-json\/wp\/v2\/pages\/30708\/revisions\/51004"}],"wp:attachment":[{"href":"https:\/\/www.urlaubcornwall.de\/blog\/wp-json\/wp\/v2\/media?parent=30708"}],"curies":[{"name":"wp","href":"https:\/\/api.w.org\/{rel}","templated":true}]}}