{"id":30379,"date":"2017-11-15T15:17:29","date_gmt":"2017-11-15T15:17:29","guid":{"rendered":"https:\/\/www.urlaubcornwall.de\/blog\/?page_id=30379"},"modified":"2024-05-30T12:15:59","modified_gmt":"2024-05-30T12:15:59","slug":"besten-hotels-bideford-fuer-ihren-urlaub-meer-devon","status":"publish","type":"page","link":"https:\/\/www.urlaubcornwall.de\/blog\/besten-hotels-bideford-fuer-ihren-urlaub-meer-devon\/","title":{"rendered":"Besten Hotels in Bideford f\u00fcr Ihren Urlaub am Meer in Devon"},"content":{"rendered":"<p>Genau das, was Sie von einem Dorf am Meer wollen \u2013 gewei\u00dfelte H\u00e4user, durcheinander gew\u00fcrfelte enge G\u00e4sschen, ein uriger Hafen und eine Menge gem\u00fctlicher Kneipen und Caf\u00e9s, die zum Verweilen einladen.<\/p>\n<h1><a href=\"https:\/\/www.booking.com\/hotel\/gb\/the-royal-bideford.html?aid=1320750&amp;no_rooms=1&amp;group_adults=2&amp;room1=A%2CA\" rel=\"nofollow\"><span style=\"text-decoration: underline;\"><strong>Das 3 Sterne Royal Hotel &#8211; Bideford<\/strong><\/span><\/a><\/h1>\n<p>Das historische Hotel bietet Ihnen erstklassige Speisen und einen freundlichen Service. Das Hotel ist ein idealer Ausgangspunkt, um die Sehensw\u00fcrdigkeiten von North Devon, darunter das Dorf Clovelly und den malerischen Tarka Trail f\u00fcr Wanderer und Radfahrer, zu erkunden&#8230;&#8230;..<a href=\"https:\/\/www.booking.com\/hotel\/gb\/the-royal-bideford.html?aid=1320750&amp;no_rooms=1&amp;group_adults=2&amp;room1=A%2CA\" rel=\"nofollow\">[Mehr]<\/a><\/p>\n<h1><a href=\"https:\/\/www.booking.com\/hotel\/gb\/hoopsinn.html?aid=1320750&amp;no_rooms=1&amp;group_adults=2&amp;room1=A%2CA \" rel=\"nofollow\"><span style=\"text-decoration: underline;\"><strong>Das Hoops Inn &amp; Country Hotel \u2013 3 Landhaus-Hotel Bideford am Meer<\/strong><\/span><\/a><\/h1>\n<p>Diese Unterkunft ist 11 Gehminuten vom Strand entfernt. In einer intakten Naturlandschaft empf\u00e4ngt Sie das Hoops Inn &amp; Country Hotel in einem denkmalgesch\u00fctzten Geb\u00e4ude. Nur 5 Fahrminuten trennen Sie von der K\u00fcste, an der Sie malerische Spazierg\u00e4nge unternehmen k\u00f6nnen. Nach weniger als einer 1-st\u00fcndigen Autofahrt erreichen Sie die Nationalparks Dartmoor und Exmoor. Die Unterkunft befindet sich auf einem \u00fcber 3 Hektar gro\u00dfen, landschaftlich gestalteten Grundst\u00fcck&#8230;&#8230;&#8230;<a href=\"https:\/\/www.booking.com\/hotel\/gb\/hoopsinn.html?aid=1320750&amp;no_rooms=1&amp;group_adults=2&amp;room1=A%2CA\" rel=\"nofollow\">[Mehr]<\/a><\/p>\n<p style=\"text-align: center;\"><a class=\"tidycta\" href=\"https:\/\/www.booking.com\/searchresults.html?city=-2589885&amp;aid=1320750&amp;no_rooms=1&amp;group_adults=2&amp;room1=A%2CA\" rel=\"nofollow\">Suche Hotels in Bideford &gt;<\/a><\/p>\n<p style=\"text-align: center;\">UrlaubCornwall verf\u00fcgt Ferienh\u00e4user und Ferienwohnungen f\u00fcr Ihren <a href=\"https:\/\/www.urlaubcornwall.de\/reiseziel\/suedengland.php\">Urlaub in Sudengland<\/a>. Unterk\u00fcnfte der Spitzenklasse f\u00fcr 2 Personen, Familien und Gruppen mit 4, 6, 8, 10 oder 12 G\u00e4sten.<\/p>\n<h1 style=\"text-align: center;\"><strong>Bei uns finden Sie Ferienh\u00e4user zum Verlieben \u2013 so einfach ist das!<\/strong><\/h1>\n<p style=\"text-align: center;\"><strong>&nbsp;<\/strong><a class=\"tidycta\" href=\"https:\/\/www.urlaubcornwall.de\/reiseziel\/suedengland.php\">Suche Ferienh\u00e4user Sudengland<\/a><br \/>\n<img loading=\"lazy\" class=\"aligncenter size-full wp-image-24598\" src=\"https:\/\/www.urlaubcornwall.de\/blog\/wp-content\/uploads\/2016\/06\/urlaub-und-sudengland_logo-final.jpg\" width=\"746\" height=\"361\"\/><\/p>\n","protected":false},"excerpt":{"rendered":"<p>Genau das, was Sie von einem Dorf am Meer wollen \u2013 gewei\u00dfelte H\u00e4user, durcheinander gew\u00fcrfelte enge G\u00e4sschen, ein uriger Hafen und eine Menge gem\u00fctlicher Kneipen und Caf\u00e9s, die zum Verweilen einladen. Das 3 Sterne Royal Hotel &#8211; Bideford Das historische Hotel bietet Ihnen erstklassige Speisen und einen freundlichen Service. Das Hotel ist ein idealer Ausgangspunkt, [&hellip;]<\/p>\n","protected":false},"author":1,"featured_media":0,"parent":0,"menu_order":0,"comment_status":"closed","ping_status":"closed","template":"single-four.php","meta":[],"acf":[],"yoast_head":"<!-- This site is optimized with the Yoast SEO plugin v19.4 - https:\/\/yoast.com\/wordpress\/plugins\/seo\/ -->\n<title>Besten Hotels in Bideford f\u00fcr Ihren Urlaub am Meer in Devon - Urlaub &amp; Reisen<\/title>\n<meta name=\"robots\" content=\"index, follow, max-snippet:-1, max-image-preview:large, max-video-preview:-1\" \/>\n<link rel=\"canonical\" href=\"https:\/\/www.urlaubcornwall.de\/blog\/besten-hotels-bideford-fuer-ihren-urlaub-meer-devon\/\" \/>\n<meta property=\"og:locale\" content=\"en_US\" \/>\n<meta property=\"og:type\" content=\"article\" \/>\n<meta property=\"og:title\" content=\"Besten Hotels in Bideford f\u00fcr Ihren Urlaub am Meer in Devon - Urlaub &amp; Reisen\" \/>\n<meta property=\"og:description\" content=\"Genau das, was Sie von einem Dorf am Meer wollen \u2013 gewei\u00dfelte H\u00e4user, durcheinander gew\u00fcrfelte enge G\u00e4sschen, ein uriger Hafen und eine Menge gem\u00fctlicher Kneipen und Caf\u00e9s, die zum Verweilen einladen. Das 3 Sterne Royal Hotel &#8211; Bideford Das historische Hotel bietet Ihnen erstklassige Speisen und einen freundlichen Service. Das Hotel ist ein idealer Ausgangspunkt, [&hellip;]\" \/>\n<meta property=\"og:url\" content=\"https:\/\/www.urlaubcornwall.de\/blog\/besten-hotels-bideford-fuer-ihren-urlaub-meer-devon\/\" \/>\n<meta property=\"og:site_name\" content=\"Urlaub &amp; Reisen\" \/>\n<meta property=\"article:modified_time\" content=\"2024-05-30T12:15:59+00:00\" \/>\n<meta property=\"og:image\" content=\"https:\/\/www.urlaubcornwall.de\/blog\/wp-content\/uploads\/2016\/06\/urlaub-und-sudengland_logo-final.jpg\" \/>\n<meta name=\"twitter:card\" content=\"summary\" \/>\n<meta name=\"twitter:label1\" content=\"Est. reading time\" \/>\n\t<meta name=\"twitter:data1\" content=\"2 minutes\" \/>\n<script type=\"application\/ld+json\" class=\"yoast-schema-graph\">{\"@context\":\"https:\/\/schema.org\",\"@graph\":[{\"@type\":\"WebSite\",\"@id\":\"https:\/\/www.urlaubcornwall.de\/blog\/#website\",\"url\":\"https:\/\/www.urlaubcornwall.de\/blog\/\",\"name\":\"Urlaub &amp; Reisen\",\"description\":\"Urlaub, Reisen, Cornwall und S\u00fcdengland: eine perfekte Kombination\",\"potentialAction\":[{\"@type\":\"SearchAction\",\"target\":{\"@type\":\"EntryPoint\",\"urlTemplate\":\"https:\/\/www.urlaubcornwall.de\/blog\/?s={search_term_string}\"},\"query-input\":\"required name=search_term_string\"}],\"inLanguage\":\"en-US\"},{\"@type\":\"WebPage\",\"@id\":\"https:\/\/www.urlaubcornwall.de\/blog\/besten-hotels-bideford-fuer-ihren-urlaub-meer-devon\/\",\"url\":\"https:\/\/www.urlaubcornwall.de\/blog\/besten-hotels-bideford-fuer-ihren-urlaub-meer-devon\/\",\"name\":\"Besten Hotels in Bideford f\u00fcr Ihren Urlaub am Meer in Devon - Urlaub &amp; Reisen\",\"isPartOf\":{\"@id\":\"https:\/\/www.urlaubcornwall.de\/blog\/#website\"},\"datePublished\":\"2017-11-15T15:17:29+00:00\",\"dateModified\":\"2024-05-30T12:15:59+00:00\",\"breadcrumb\":{\"@id\":\"https:\/\/www.urlaubcornwall.de\/blog\/besten-hotels-bideford-fuer-ihren-urlaub-meer-devon\/#breadcrumb\"},\"inLanguage\":\"en-US\",\"potentialAction\":[{\"@type\":\"ReadAction\",\"target\":[\"https:\/\/www.urlaubcornwall.de\/blog\/besten-hotels-bideford-fuer-ihren-urlaub-meer-devon\/\"]}]},{\"@type\":\"BreadcrumbList\",\"@id\":\"https:\/\/www.urlaubcornwall.de\/blog\/besten-hotels-bideford-fuer-ihren-urlaub-meer-devon\/#breadcrumb\",\"itemListElement\":[{\"@type\":\"ListItem\",\"position\":1,\"name\":\"Home\",\"item\":\"https:\/\/www.urlaubcornwall.de\/blog\/\"},{\"@type\":\"ListItem\",\"position\":2,\"name\":\"Besten Hotels in Bideford f\u00fcr Ihren Urlaub am Meer in Devon\"}]}]}<\/script>\n<!-- \/ Yoast SEO plugin. -->","yoast_head_json":{"title":"Besten Hotels in Bideford f\u00fcr Ihren Urlaub am Meer in Devon - Urlaub &amp; Reisen","robots":{"index":"index","follow":"follow","max-snippet":"max-snippet:-1","max-image-preview":"max-image-preview:large","max-video-preview":"max-video-preview:-1"},"canonical":"https:\/\/www.urlaubcornwall.de\/blog\/besten-hotels-bideford-fuer-ihren-urlaub-meer-devon\/","og_locale":"en_US","og_type":"article","og_title":"Besten Hotels in Bideford f\u00fcr Ihren Urlaub am Meer in Devon - Urlaub &amp; Reisen","og_description":"Genau das, was Sie von einem Dorf am Meer wollen \u2013 gewei\u00dfelte H\u00e4user, durcheinander gew\u00fcrfelte enge G\u00e4sschen, ein uriger Hafen und eine Menge gem\u00fctlicher Kneipen und Caf\u00e9s, die zum Verweilen einladen. Das 3 Sterne Royal Hotel &#8211; Bideford Das historische Hotel bietet Ihnen erstklassige Speisen und einen freundlichen Service. Das Hotel ist ein idealer Ausgangspunkt, [&hellip;]","og_url":"https:\/\/www.urlaubcornwall.de\/blog\/besten-hotels-bideford-fuer-ihren-urlaub-meer-devon\/","og_site_name":"Urlaub &amp; Reisen","article_modified_time":"2024-05-30T12:15:59+00:00","og_image":[{"url":"https:\/\/www.urlaubcornwall.de\/blog\/wp-content\/uploads\/2016\/06\/urlaub-und-sudengland_logo-final.jpg"}],"twitter_card":"summary","twitter_misc":{"Est. reading time":"2 minutes"},"schema":{"@context":"https:\/\/schema.org","@graph":[{"@type":"WebSite","@id":"https:\/\/www.urlaubcornwall.de\/blog\/#website","url":"https:\/\/www.urlaubcornwall.de\/blog\/","name":"Urlaub &amp; Reisen","description":"Urlaub, Reisen, Cornwall und S\u00fcdengland: eine perfekte Kombination","potentialAction":[{"@type":"SearchAction","target":{"@type":"EntryPoint","urlTemplate":"https:\/\/www.urlaubcornwall.de\/blog\/?s={search_term_string}"},"query-input":"required name=search_term_string"}],"inLanguage":"en-US"},{"@type":"WebPage","@id":"https:\/\/www.urlaubcornwall.de\/blog\/besten-hotels-bideford-fuer-ihren-urlaub-meer-devon\/","url":"https:\/\/www.urlaubcornwall.de\/blog\/besten-hotels-bideford-fuer-ihren-urlaub-meer-devon\/","name":"Besten Hotels in Bideford f\u00fcr Ihren Urlaub am Meer in Devon - Urlaub &amp; Reisen","isPartOf":{"@id":"https:\/\/www.urlaubcornwall.de\/blog\/#website"},"datePublished":"2017-11-15T15:17:29+00:00","dateModified":"2024-05-30T12:15:59+00:00","breadcrumb":{"@id":"https:\/\/www.urlaubcornwall.de\/blog\/besten-hotels-bideford-fuer-ihren-urlaub-meer-devon\/#breadcrumb"},"inLanguage":"en-US","potentialAction":[{"@type":"ReadAction","target":["https:\/\/www.urlaubcornwall.de\/blog\/besten-hotels-bideford-fuer-ihren-urlaub-meer-devon\/"]}]},{"@type":"BreadcrumbList","@id":"https:\/\/www.urlaubcornwall.de\/blog\/besten-hotels-bideford-fuer-ihren-urlaub-meer-devon\/#breadcrumb","itemListElement":[{"@type":"ListItem","position":1,"name":"Home","item":"https:\/\/www.urlaubcornwall.de\/blog\/"},{"@type":"ListItem","position":2,"name":"Besten Hotels in Bideford f\u00fcr Ihren Urlaub am Meer in Devon"}]}]}},"_links":{"self":[{"href":"https:\/\/www.urlaubcornwall.de\/blog\/wp-json\/wp\/v2\/pages\/30379"}],"collection":[{"href":"https:\/\/www.urlaubcornwall.de\/blog\/wp-json\/wp\/v2\/pages"}],"about":[{"href":"https:\/\/www.urlaubcornwall.de\/blog\/wp-json\/wp\/v2\/types\/page"}],"author":[{"embeddable":true,"href":"https:\/\/www.urlaubcornwall.de\/blog\/wp-json\/wp\/v2\/users\/1"}],"replies":[{"embeddable":true,"href":"https:\/\/www.urlaubcornwall.de\/blog\/wp-json\/wp\/v2\/comments?post=30379"}],"version-history":[{"count":3,"href":"https:\/\/www.urlaubcornwall.de\/blog\/wp-json\/wp\/v2\/pages\/30379\/revisions"}],"predecessor-version":[{"id":51001,"href":"https:\/\/www.urlaubcornwall.de\/blog\/wp-json\/wp\/v2\/pages\/30379\/revisions\/51001"}],"wp:attachment":[{"href":"https:\/\/www.urlaubcornwall.de\/blog\/wp-json\/wp\/v2\/media?parent=30379"}],"curies":[{"name":"wp","href":"https:\/\/api.w.org\/{rel}","templated":true}]}}