{"id":30294,"date":"2017-11-12T16:05:15","date_gmt":"2017-11-12T16:05:15","guid":{"rendered":"https:\/\/www.urlaubcornwall.de\/blog\/?page_id=30294"},"modified":"2024-05-28T14:18:57","modified_gmt":"2024-05-28T14:18:57","slug":"besten-hotels-bournemouth-zum-verlieben-einfach-ist-das","status":"publish","type":"page","link":"https:\/\/www.urlaubcornwall.de\/blog\/besten-hotels-bournemouth-zum-verlieben-einfach-ist-das\/","title":{"rendered":"Besten Hotels in Bournemouth zum Verlieben \u2013 so einfach ist das!"},"content":{"rendered":"<p><a href=\"https:\/\/www.urlaubcornwall.de\/blog\/wp-content\/uploads\/2024\/05\/bournemouth.jpg\"><img loading=\"lazy\" src=\"https:\/\/www.urlaubcornwall.de\/blog\/wp-content\/uploads\/2024\/05\/bournemouth.jpg\" alt=\"bournemouth\" width=\"750\" height=\"500\" class=\"alignnone size-full wp-image-50456\" srcset=\"https:\/\/www.urlaubcornwall.de\/blog\/wp-content\/uploads\/2024\/05\/bournemouth.jpg 750w, https:\/\/www.urlaubcornwall.de\/blog\/wp-content\/uploads\/2024\/05\/bournemouth-300x200.jpg 300w\" sizes=\"(max-width: 750px) 100vw, 750px\" \/><\/a><\/p>\n<p style=\"text-align: left;\">Bournemouth an der K\u00fcste Dorsets ist seit dem 19. Jahrhundert ein beliebter Badeort \u2013 mit mehr als 11km goldener Str\u00e4nde und mit einer der w\u00e4rmsten Meerestemperaturen des UK ist dies ein gro\u00dfartiger Ort f\u00fcr Urlaube am Meer. Die steilen Klippen, die die Str\u00e4nde sch\u00fctzen, werden \u2018chines\u2019 (= S\u00e4ttel) genannt. Jeder dieser \u2018chines\u2019 hat einen \u00f6ffentlichen Garten und Stufen hinunter zum Strand.<\/p>\n<h2>Die sch\u00f6nsten Hotels in Bournemouth f\u00fcr Ihren Uraub in Dorset &amp; S\u00fcdengland<\/h2>\n<p><ins class=\"bookingaff\" data-aid=\"1702051\" data-target_aid=\"1702051\" data-prod=\"map\" data-width=\"100%\" data-height=\"590\" data-lang=\"ualng\" data-dest_id=\"0\" data-dest_type=\"landmark\" data-latitude=\"50.719164\" data-longitude=\"-1.880769\" data-landmark_name=\"Bournemouth Hotel am Meer\" data-mwhsb=\"1\"><br \/>\n    <!-- Anything inside will go away once widget is loaded. --><br \/>\n        <a href=\"\/\/www.booking.com?aid=1702051\"rel=\"nofollow\">Booking.com<\/a><br \/>\n<\/ins><br \/>\n<script type=\"text\/javascript\">\n    (function(d, sc, u) {\n      var s = d.createElement(sc), p = d.getElementsByTagName(sc)[0];\n      s.type = 'text\/javascript';\n      s.async = true;\n      s.src = u + '?v=' + (+new Date());\n      p.parentNode.insertBefore(s,p);\n      })(document, 'script', '\/\/aff.bstatic.com\/static\/affiliate_base\/js\/flexiproduct.js');\n<\/script><\/p>\n<h1><a href=\"https:\/\/www.booking.com\/hotel\/gb\/bournemouth-highcliff-marriott.html?aid=1320750&amp;no_rooms=1&amp;group_adults=2&amp;room1=A%2CA\" rel=\"nofollow\"><span style=\"text-decoration: underline;\"><strong>Bournemouth Highcliff Marriott Hotel \u2013 Luxushotel mit Meerblick<\/strong><\/span><\/a><\/h1>\n<p>Diese Unterkunft ist 1 Gehminute vom Strand entfernt. Neben einer spektakul\u00e4ren Lage direkt am Meer bietet Ihnen das Highcliff Marriott Hotel einen Freizeitclub mit einem Fitnessbereich, einen Innenpool und einen saisonalen Au\u00dfenpool. Das Stadtzentrum von Bournemouth ist 10 Gehminuten entfernt. WLAN nutzen Sie in allen \u00f6ffentlichen Bereichen kostenfrei&#8230;.<a href=\"https:\/\/www.booking.com\/hotel\/gb\/bournemouth-highcliff-marriott.html?aid=1320750&amp;no_rooms=1&amp;group_adults=2&amp;room1=A%2CA\" rel=\"nofollow\">[Mehr]<\/a><\/p>\n<h1><a href=\"https:\/\/www.booking.com\/hotel\/gb\/royalbathhotel.html?aid=1320750&amp;no_rooms=1&amp;group_adults=2&amp;room1=A%2CA\" rel=\"nofollow\"><span style=\"text-decoration: underline;\"><strong>Royal Bath Hotel &amp; Spa &#8211; 4 Sterne Hotel mit Meerblick<\/strong><\/span><\/a><\/h1>\n<p>Diese Unterkunft ist 2 Gehminuten vom Strand entfernt. Das Royal Bath Hotel &amp; Spa Bournemouth war das erste Hotel in Bournemouth und wurde 1838 am Kr\u00f6nungstag von K\u00f6nigin Victoria er\u00f6ffnet. Freuen Sie sich auf 3 hoteleigene Restaurants, einen Wellnessbereich und auf einen herrlichen Meerblick&#8230;..<a href=\"https:\/\/www.booking.com\/hotel\/gb\/royalbathhotel.html?aid=1320750&amp;no_rooms=1&amp;group_adults=2&amp;room1=A%2CA\" rel=\"nofollow\">[Mehr]<\/a><\/p>\n<h1><a href=\"https:\/\/www.booking.com\/hotel\/gb\/norfolkroyaleclassic.html?aid=1320750&amp;no_rooms=1&amp;group_adults=2&amp;room1=A%2CA\" rel=\"nofollow\"><span style=\"text-decoration: underline;\"><strong>The Norfolk \u2013 4 Sterne Luxus-Hotel am Meer<\/strong><\/span><\/a><\/h1>\n<p>Diese Unterkunft ist 8 Gehminuten vom Strand entfernt. Im Zentrum von Bournemouth wohnen Sie im Norfolk Hotel nur einen 10-min\u00fctigen Spaziergang von der Promenade und dem Strand mit Blauer Flagge entfernt. Ein Pool mit Glaskuppel und Dampfbad sowie eine Sauna laden zum Entspannen ein. Kostenfreies WLAN und eine 24-Stunden-Rezeption z\u00e4hlen ebenfalls zu den Annehmlichkeiten&#8230;..<a href=\"https:\/\/www.booking.com\/hotel\/gb\/norfolkroyaleclassic.html?aid=1320750&amp;no_rooms=1&amp;group_adults=2&amp;room1=A%2CA\" rel=\"nofollow\">[Mehr]<\/a><\/p>\n<h1><a href=\"https:\/\/www.booking.com\/hotel\/gb\/hermitagehotel.html?aid=1320750&amp;no_rooms=1&amp;group_adults=2&amp;room1=A%2CA\" rel=\"nofollow\"><span style=\"text-decoration: underline;\"><strong>The Hermitage Hotel &#8211; 4 Sterne Hotel am Meer<\/strong><\/span><\/a><\/h1>\n<p>Diese Unterkunft ist 2 Gehminuten vom Strand entfernt. Nur wenige Meter vom Sandstrand in Bournemouth entfernt erwartet Sie das The Hermitage Hotel mit kostenfreien Parkpl\u00e4tzen und kostenfreiem WLAN. Es bietet Ihnen ein preisgekr\u00f6ntes Restaurant, moderne Zimmer und eine herrliche Aussicht auf das Meer&#8230;&#8230;<a href=\"https:\/\/www.booking.com\/hotel\/gb\/hermitagehotel.html?aid=1320750&amp;no_rooms=1&amp;group_adults=2&amp;room1=A%2CA\" rel=\"nofollow\">[Mehr]<\/a><\/p>\n<h1><a href=\"https:\/\/www.booking.com\/hotel\/gb\/langtrymanor.html?aid=1320750&amp;no_rooms=1&amp;group_adults=2&amp;room1=A%2CA\" rel=\"nofollow\"><span style=\"text-decoration: underline;\"><strong>Langtry Manor -3 Sterne Landhaus Hotel<\/strong><\/span><\/a><\/h1>\n<p>Diese Unterkunft ist 8 Gehminuten vom Strand entfernt. Das von K\u00f6nig Eduard VII. im Jahr 1877 f\u00fcr seine Geliebte Lillie Langtry errichtete, denkmalgesch\u00fctzte Herrenhaus erwartet Sie 5 Gehminuten von den Klippen von Bournemouth und etwa 1,5 km vom Stadtzentrum von Bournemouth entfernt. Die Unterkunft verbindet urspr\u00fcnglichen Charme mit modernem Luxus und bietet kostenfreie Parkpl\u00e4tze, kostenfreies WLAN und Gourmetgerichte&#8230;..<a href=\"https:\/\/www.booking.com\/hotel\/gb\/langtrymanor.html?aid=1320750&amp;no_rooms=1&amp;group_adults=2&amp;room1=A%2CA\" rel=\"nofollow\">[Mehr]<\/a><\/p>\n<h1><a href=\"https:\/\/www.booking.com\/hotel\/gb\/eastcliffcourthotel.html?aid=1320750&amp;no_rooms=1&amp;group_adults=2&amp;room1=A%2CA\" rel=\"nofollow\"><span style=\"text-decoration: underline;\"><strong>Hallmark Hotel 3 Sterne mit Meerblick<\/strong><\/span><\/a><\/h1>\n<p>Diese Unterkunft ist 6 Gehminuten vom Strand entfernt. Das Hallmark Hotel East Cliff begr\u00fc\u00dft Sie auf der East Cliff von Bournemouth, 5 Gehminuten vom Stadtzentrum entfernt. Sie wohnen in 3-Sterne-Unterk\u00fcnften mit kostenfreiem WLAN&#8230;..<a href=\"https:\/\/www.booking.com\/hotel\/gb\/eastcliffcourthotel.html?aid=1320750&amp;no_rooms=1&amp;group_adults=2&amp;room1=A%2CA\" rel=\"nofollow\">[Mehr]<\/a><\/p>\n<h1><a href=\"https:\/\/www.booking.com\/hotel\/gb\/maemarhotel.html?aid=1320750&amp;no_rooms=1&amp;group_adults=2&amp;room1=A%2CA\" rel=\"nofollow\"><span style=\"text-decoration: underline;\"><strong>The Bournmouth Maemar \u2013 2 Sterne G\u00fcnstig Hotel am Meer<\/strong><\/span><\/a><\/h1>\n<p>Diese Unterkunft ist 6 Gehminuten vom Strand entfernt. Nach umfangreichen Renovierungsarbeiten erwartet Sie das Maemar Hotel in vorteilhafter, zentraler Lage unweit der Str\u00e4nde von Bournemouth. Freuen Sie sich auf kostenfreies WLAN sowie geschmackvoll eingerichtete Zimmer zu einem guten Preis-Leistungs-Verh\u00e4ltnis&#8230;..<a href=\"https:\/\/www.booking.com\/hotel\/gb\/maemarhotel.html?aid=1320750&amp;no_rooms=1&amp;group_adults=2&amp;room1=A%2CA\" rel=\"nofollow\">[Mehr]<\/a><\/p>\n<p style=\"text-align: center;\"><a href=\"https:\/\/www.booking.com\/searchresults.html?city=-2590498&amp;nflt=ht_id%253D223&amp;aid=1320750&amp;no_rooms=1&amp;group_adults=2&amp;room1=A%2CA\" rel=\"nofollow\"><span style=\"text-decoration: underline;\"><strong>Suche Hotels in Bournemouth &gt;&gt;<\/strong><\/span><\/a><\/p>\n\n<p><img loading=\"lazy\" class=\"aligncenter size-full wp-image-24598\" src=\"https:\/\/www.urlaubcornwall.de\/blog\/wp-content\/uploads\/2016\/06\/urlaub-und-gro\u00dfbritannien_logo_final.jpg\" alt=\"\" width=\"746\" height=\"361\" srcset=\"https:\/\/www.urlaubcornwall.de\/blog\/wp-content\/uploads\/2016\/06\/urlaub-und-gro\u00dfbritannien_logo_final.jpg 746w, https:\/\/www.urlaubcornwall.de\/blog\/wp-content\/uploads\/2016\/06\/urlaub-und-gro\u00dfbritannien_logo_final-300x145.jpg 300w\" sizes=\"(max-width: 746px) 100vw, 746px\" \/><\/p>\n\n\n","protected":false},"excerpt":{"rendered":"<p>Bournemouth an der K\u00fcste Dorsets ist seit dem 19. Jahrhundert ein beliebter Badeort \u2013 mit mehr als 11km goldener Str\u00e4nde und mit einer der w\u00e4rmsten Meerestemperaturen des UK ist dies ein gro\u00dfartiger Ort f\u00fcr Urlaube am Meer. Die steilen Klippen, die die Str\u00e4nde sch\u00fctzen, werden \u2018chines\u2019 (= S\u00e4ttel) genannt. Jeder dieser \u2018chines\u2019 hat einen \u00f6ffentlichen [&hellip;]<\/p>\n","protected":false},"author":1,"featured_media":0,"parent":0,"menu_order":0,"comment_status":"closed","ping_status":"closed","template":"single-four.php","meta":[],"acf":[],"yoast_head":"<!-- This site is optimized with the Yoast SEO plugin v19.4 - https:\/\/yoast.com\/wordpress\/plugins\/seo\/ -->\n<title>Besten Hotels in Bournemouth zum Verlieben \u2013 so einfach ist das! - Urlaub &amp; Reisen<\/title>\n<meta name=\"robots\" content=\"index, follow, max-snippet:-1, max-image-preview:large, max-video-preview:-1\" \/>\n<link rel=\"canonical\" href=\"https:\/\/www.urlaubcornwall.de\/blog\/besten-hotels-bournemouth-zum-verlieben-einfach-ist-das\/\" \/>\n<meta property=\"og:locale\" content=\"en_US\" \/>\n<meta property=\"og:type\" content=\"article\" \/>\n<meta property=\"og:title\" content=\"Besten Hotels in Bournemouth zum Verlieben \u2013 so einfach ist das! - Urlaub &amp; Reisen\" \/>\n<meta property=\"og:description\" content=\"Bournemouth an der K\u00fcste Dorsets ist seit dem 19. Jahrhundert ein beliebter Badeort \u2013 mit mehr als 11km goldener Str\u00e4nde und mit einer der w\u00e4rmsten Meerestemperaturen des UK ist dies ein gro\u00dfartiger Ort f\u00fcr Urlaube am Meer. Die steilen Klippen, die die Str\u00e4nde sch\u00fctzen, werden \u2018chines\u2019 (= S\u00e4ttel) genannt. Jeder dieser \u2018chines\u2019 hat einen \u00f6ffentlichen [&hellip;]\" \/>\n<meta property=\"og:url\" content=\"https:\/\/www.urlaubcornwall.de\/blog\/besten-hotels-bournemouth-zum-verlieben-einfach-ist-das\/\" \/>\n<meta property=\"og:site_name\" content=\"Urlaub &amp; Reisen\" \/>\n<meta property=\"article:modified_time\" content=\"2024-05-28T14:18:57+00:00\" \/>\n<meta property=\"og:image\" content=\"https:\/\/www.urlaubcornwall.de\/blog\/wp-content\/uploads\/2024\/05\/bournemouth.jpg\" \/>\n<meta name=\"twitter:card\" content=\"summary\" \/>\n<meta name=\"twitter:label1\" content=\"Est. reading time\" \/>\n\t<meta name=\"twitter:data1\" content=\"3 minutes\" \/>\n<script type=\"application\/ld+json\" class=\"yoast-schema-graph\">{\"@context\":\"https:\/\/schema.org\",\"@graph\":[{\"@type\":\"WebSite\",\"@id\":\"https:\/\/www.urlaubcornwall.de\/blog\/#website\",\"url\":\"https:\/\/www.urlaubcornwall.de\/blog\/\",\"name\":\"Urlaub &amp; Reisen\",\"description\":\"Urlaub, Reisen, Cornwall und S\u00fcdengland: eine perfekte Kombination\",\"potentialAction\":[{\"@type\":\"SearchAction\",\"target\":{\"@type\":\"EntryPoint\",\"urlTemplate\":\"https:\/\/www.urlaubcornwall.de\/blog\/?s={search_term_string}\"},\"query-input\":\"required name=search_term_string\"}],\"inLanguage\":\"en-US\"},{\"@type\":\"WebPage\",\"@id\":\"https:\/\/www.urlaubcornwall.de\/blog\/besten-hotels-bournemouth-zum-verlieben-einfach-ist-das\/\",\"url\":\"https:\/\/www.urlaubcornwall.de\/blog\/besten-hotels-bournemouth-zum-verlieben-einfach-ist-das\/\",\"name\":\"Besten Hotels in Bournemouth zum Verlieben \u2013 so einfach ist das! - Urlaub &amp; Reisen\",\"isPartOf\":{\"@id\":\"https:\/\/www.urlaubcornwall.de\/blog\/#website\"},\"datePublished\":\"2017-11-12T16:05:15+00:00\",\"dateModified\":\"2024-05-28T14:18:57+00:00\",\"breadcrumb\":{\"@id\":\"https:\/\/www.urlaubcornwall.de\/blog\/besten-hotels-bournemouth-zum-verlieben-einfach-ist-das\/#breadcrumb\"},\"inLanguage\":\"en-US\",\"potentialAction\":[{\"@type\":\"ReadAction\",\"target\":[\"https:\/\/www.urlaubcornwall.de\/blog\/besten-hotels-bournemouth-zum-verlieben-einfach-ist-das\/\"]}]},{\"@type\":\"BreadcrumbList\",\"@id\":\"https:\/\/www.urlaubcornwall.de\/blog\/besten-hotels-bournemouth-zum-verlieben-einfach-ist-das\/#breadcrumb\",\"itemListElement\":[{\"@type\":\"ListItem\",\"position\":1,\"name\":\"Home\",\"item\":\"https:\/\/www.urlaubcornwall.de\/blog\/\"},{\"@type\":\"ListItem\",\"position\":2,\"name\":\"Besten Hotels in Bournemouth zum Verlieben \u2013 so einfach ist das!\"}]}]}<\/script>\n<!-- \/ Yoast SEO plugin. -->","yoast_head_json":{"title":"Besten Hotels in Bournemouth zum Verlieben \u2013 so einfach ist das! - Urlaub &amp; Reisen","robots":{"index":"index","follow":"follow","max-snippet":"max-snippet:-1","max-image-preview":"max-image-preview:large","max-video-preview":"max-video-preview:-1"},"canonical":"https:\/\/www.urlaubcornwall.de\/blog\/besten-hotels-bournemouth-zum-verlieben-einfach-ist-das\/","og_locale":"en_US","og_type":"article","og_title":"Besten Hotels in Bournemouth zum Verlieben \u2013 so einfach ist das! - Urlaub &amp; Reisen","og_description":"Bournemouth an der K\u00fcste Dorsets ist seit dem 19. Jahrhundert ein beliebter Badeort \u2013 mit mehr als 11km goldener Str\u00e4nde und mit einer der w\u00e4rmsten Meerestemperaturen des UK ist dies ein gro\u00dfartiger Ort f\u00fcr Urlaube am Meer. Die steilen Klippen, die die Str\u00e4nde sch\u00fctzen, werden \u2018chines\u2019 (= S\u00e4ttel) genannt. Jeder dieser \u2018chines\u2019 hat einen \u00f6ffentlichen [&hellip;]","og_url":"https:\/\/www.urlaubcornwall.de\/blog\/besten-hotels-bournemouth-zum-verlieben-einfach-ist-das\/","og_site_name":"Urlaub &amp; Reisen","article_modified_time":"2024-05-28T14:18:57+00:00","og_image":[{"url":"https:\/\/www.urlaubcornwall.de\/blog\/wp-content\/uploads\/2024\/05\/bournemouth.jpg"}],"twitter_card":"summary","twitter_misc":{"Est. reading time":"3 minutes"},"schema":{"@context":"https:\/\/schema.org","@graph":[{"@type":"WebSite","@id":"https:\/\/www.urlaubcornwall.de\/blog\/#website","url":"https:\/\/www.urlaubcornwall.de\/blog\/","name":"Urlaub &amp; Reisen","description":"Urlaub, Reisen, Cornwall und S\u00fcdengland: eine perfekte Kombination","potentialAction":[{"@type":"SearchAction","target":{"@type":"EntryPoint","urlTemplate":"https:\/\/www.urlaubcornwall.de\/blog\/?s={search_term_string}"},"query-input":"required name=search_term_string"}],"inLanguage":"en-US"},{"@type":"WebPage","@id":"https:\/\/www.urlaubcornwall.de\/blog\/besten-hotels-bournemouth-zum-verlieben-einfach-ist-das\/","url":"https:\/\/www.urlaubcornwall.de\/blog\/besten-hotels-bournemouth-zum-verlieben-einfach-ist-das\/","name":"Besten Hotels in Bournemouth zum Verlieben \u2013 so einfach ist das! - Urlaub &amp; Reisen","isPartOf":{"@id":"https:\/\/www.urlaubcornwall.de\/blog\/#website"},"datePublished":"2017-11-12T16:05:15+00:00","dateModified":"2024-05-28T14:18:57+00:00","breadcrumb":{"@id":"https:\/\/www.urlaubcornwall.de\/blog\/besten-hotels-bournemouth-zum-verlieben-einfach-ist-das\/#breadcrumb"},"inLanguage":"en-US","potentialAction":[{"@type":"ReadAction","target":["https:\/\/www.urlaubcornwall.de\/blog\/besten-hotels-bournemouth-zum-verlieben-einfach-ist-das\/"]}]},{"@type":"BreadcrumbList","@id":"https:\/\/www.urlaubcornwall.de\/blog\/besten-hotels-bournemouth-zum-verlieben-einfach-ist-das\/#breadcrumb","itemListElement":[{"@type":"ListItem","position":1,"name":"Home","item":"https:\/\/www.urlaubcornwall.de\/blog\/"},{"@type":"ListItem","position":2,"name":"Besten Hotels in Bournemouth zum Verlieben \u2013 so einfach ist das!"}]}]}},"_links":{"self":[{"href":"https:\/\/www.urlaubcornwall.de\/blog\/wp-json\/wp\/v2\/pages\/30294"}],"collection":[{"href":"https:\/\/www.urlaubcornwall.de\/blog\/wp-json\/wp\/v2\/pages"}],"about":[{"href":"https:\/\/www.urlaubcornwall.de\/blog\/wp-json\/wp\/v2\/types\/page"}],"author":[{"embeddable":true,"href":"https:\/\/www.urlaubcornwall.de\/blog\/wp-json\/wp\/v2\/users\/1"}],"replies":[{"embeddable":true,"href":"https:\/\/www.urlaubcornwall.de\/blog\/wp-json\/wp\/v2\/comments?post=30294"}],"version-history":[{"count":16,"href":"https:\/\/www.urlaubcornwall.de\/blog\/wp-json\/wp\/v2\/pages\/30294\/revisions"}],"predecessor-version":[{"id":50457,"href":"https:\/\/www.urlaubcornwall.de\/blog\/wp-json\/wp\/v2\/pages\/30294\/revisions\/50457"}],"wp:attachment":[{"href":"https:\/\/www.urlaubcornwall.de\/blog\/wp-json\/wp\/v2\/media?parent=30294"}],"curies":[{"name":"wp","href":"https:\/\/api.w.org\/{rel}","templated":true}]}}