{"id":30292,"date":"2017-11-12T14:54:21","date_gmt":"2017-11-12T14:54:21","guid":{"rendered":"https:\/\/www.urlaubcornwall.de\/blog\/?page_id=30292"},"modified":"2024-04-15T15:53:41","modified_gmt":"2024-04-15T15:53:41","slug":"ferienhaeuser-meer-sussex-schoensten-doerfer-und-kuestenstaedte","status":"publish","type":"page","link":"https:\/\/www.urlaubcornwall.de\/blog\/ferienhaeuser-meer-sussex-schoensten-doerfer-und-kuestenstaedte\/","title":{"rendered":"Ferienh\u00e4user am Meer in Sussex &#8211; Sch\u00f6nsten D\u00f6rfer und K\u00fcstenst\u00e4dte"},"content":{"rendered":"<p><img loading=\"lazy\" class=\"aligncenter size-full wp-image-24727\" src=\"https:\/\/www.urlaubcornwall.de\/blog\/wp-content\/uploads\/2016\/07\/bosham-sussex-england.jpg\" alt=\"ferienhaus sussex am meer\" width=\"749\" height=\"401\"\/><\/p>\n<p><a href=\"https:\/\/www.urlaubcornwall.de\/reiseziel\/sussex.php\">Sussex ist bekannt f\u00fcr seine historische K\u00fcste<\/a>, die wundersch\u00f6nen South Downs und sie umgebende Landschaft, sowie seine vielf\u00e4ltigen St\u00e4dte und Ortschaften. Die K\u00fcste von Sussex beinhaltet hervorragenden Blick, wie zu den Seven Sisters hin und klassische Urlaubsorte am Meer wie Eastbourne, Worthing und Bognor Regis.<\/p>\n<p>Bei uns finden Sie Unterk\u00fcnfte in Sussex am Meer zum Verlieben &#8211; so einfach ist das! Pers\u00f6nlich inspizierte Ferienh\u00e4user &amp; Ferienwohnungen am Meer f\u00fcr Ihren <a href=\"https:\/\/www.urlaubcornwall.de\/ferienhaeuser-fewos\/eng\/sussex\/sussex.html\">Urlaub in Sussex<\/a>. UrlaubCornwall.de verf\u00fcgt Ferienh\u00e4user im Umkreis von 1,5 km des Meeres und der Str\u00e4nde von England.<\/p>\n<p style=\"text-align: center;\"><a class=\"tidycta\" href=\"https:\/\/www.urlaubcornwall.de\/ferienhaeuser-fewos\/eng\/sussex\/sussex.html\">Suche Ferienh\u00e4user Sussex &gt;&gt;<\/a><\/p>\n<table width=\"746\">\n<tbody>\n<tr>\n<td width=\"111\"><a href=\"https:\/\/www.urlaubcornwall.de\/blog\/ferienhaeuser-bexhill-meer-zum-verlieben-einfach-ist-das\/\">Bexhill (On Sea)<\/a><\/td>\n<td width=\"108\"><a href=\"https:\/\/www.urlaubcornwall.de\/blog\/ferienhaeuser-chichester-meer-zum-verlieben-einfach-ist-das\/\">Chichester<\/a><\/td>\n<td width=\"96\"><a href=\"https:\/\/www.urlaubcornwall.de\/blog\/ferienhaeuser-und-ferienwohnungen-in-newhaven-sussex-kueste\/\">Newhaven<\/a><\/td>\n<td width=\"102\"><a href=\"https:\/\/www.urlaubcornwall.de\/ferienhaeuser-fewos\/eng\/sussex\/sussex-am-meer.html \">Shoreham<\/a><\/td>\n<\/tr>\n<tr>\n<td><a href=\"https:\/\/www.urlaubcornwall.de\/blog\/ferienhaeuser-und-ferienwohnungen-in-bracklesham-bay-sussex-am-meer\/\">Bracklesham Bay<\/a><\/td>\n<td><a href=\"https:\/\/www.urlaubcornwall.de\/ferienhaeuser-fewos\/eng\/sussex\/eastbourne-am-meer.html\">Eastbourne<\/a><\/td>\n<td><a href=\"https:\/\/www.urlaubcornwall.de\/ferienhaeuser-fewos\/eng\/sussex\/sussex-am-meer.html\">Peacehaven<\/a><\/td>\n<td><a href=\"https:\/\/www.urlaubcornwall.de\/blog\/ferienhaeuser-west-wittering-meer-mit-meerblick\/\">West Wittering<\/a><\/td>\n<\/tr>\n<tr>\n<td><a href=\"https:\/\/www.urlaubcornwall.de\/ferienhaeuser-fewos\/eng\/sussex\/brighton-am-meer.html\">Brighton&nbsp;<\/a><\/td>\n<td><a href=\"https:\/\/www.urlaubcornwall.de\/ferienhaeuser-fewos\/eng\/sussex\/hastings-am-meer.html\">Hastings<\/a><\/td>\n<td><a href=\"https:\/\/www.urlaubcornwall.de\/ferienhaeuser-fewos\/eng\/sussex\/rye-am-meer.html\">Rye<\/a><\/td>\n<td><a href=\"https:\/\/www.urlaubcornwall.de\/blog\/ferienhaeuser-worthing-meer-zum-verlieben-einfach-ist-das\/\">Worthing<\/a><\/td>\n<\/tr>\n<tr>\n<td><a href=\"https:\/\/www.urlaubcornwall.de\/ferienhaeuser-fewos\/eng\/sussex\/camber-am-meer.html\">Camber Sands<\/a><\/td>\n<td><a href=\"https:\/\/www.urlaubcornwall.de\/blog\/ferienhaeuser-littlehampton-meer-zum-verlieben-einfach-ist-das\/\">Littlehampton<\/a><\/td>\n<td><a href=\"https:\/\/www.urlaubcornwall.de\/blog\/ferienhaeuser-und-ferienwohnungen-in-selsey-sussex-am-meer\/\">Selsey<\/a><\/td>\n<td>&nbsp;<\/td>\n<\/tr>\n<\/tbody>\n<\/table>\n<h3>&nbsp;<\/h3>\n<h3>&nbsp;<\/h3>\n<div class=\"snippet\"> <a class=\"featured-item\" href=\"https:\/\/www.urlaubcornwall.de\/ferienhaeuser\/sussex.php\"> <span class=\"image-holder\" style=\"background-image: url(' https:\/\/www.urlaubcornwall.de\/blog\/wp-content\/uploads\/2018\/12\/ferienhaus-cornwall-mit-hund.jpg ');\"><\/span> <span class=\"featured-content\"> \n<h2 class=\"featured-title\">Ferienh\u00e4user in Sussex zum Verlieben!<\/h2>\n<p class=\"featured-body\">Die K\u00fcste von Sussex beinhaltet hervorragenden Blick, wie zu den Seven Sisters hin und klassische Urlaubsorte am Meer wie Eastbourne, Worthing und Bognor Regis&#8230;..<\/p><\/span> <span class=\"featured-link-holder\"> <span class=\"featured-extra-info\"> \n<p>F\u00fcr Paare, Familien &#038; Gruppen<\/p>\n<\/span> \n<p class=\"featured-link\">DETAILS<\/p>\n<\/span> <\/a><\/div>\n","protected":false},"excerpt":{"rendered":"<p>Sussex ist bekannt f\u00fcr seine historische K\u00fcste, die wundersch\u00f6nen South Downs und sie umgebende Landschaft, sowie seine vielf\u00e4ltigen St\u00e4dte und Ortschaften. Die K\u00fcste von Sussex beinhaltet hervorragenden Blick, wie zu den Seven Sisters hin und klassische Urlaubsorte am Meer wie Eastbourne, Worthing und Bognor Regis. Bei uns finden Sie Unterk\u00fcnfte in Sussex am Meer zum [&hellip;]<\/p>\n","protected":false},"author":1,"featured_media":0,"parent":0,"menu_order":0,"comment_status":"closed","ping_status":"closed","template":"single-four.php","meta":[],"acf":[],"yoast_head":"<!-- This site is optimized with the Yoast SEO plugin v19.4 - https:\/\/yoast.com\/wordpress\/plugins\/seo\/ -->\n<title>Ferienh\u00e4user am Meer in Sussex - Sch\u00f6nsten D\u00f6rfer und K\u00fcstenst\u00e4dte - Urlaub &amp; Reisen<\/title>\n<meta name=\"robots\" content=\"index, follow, max-snippet:-1, max-image-preview:large, max-video-preview:-1\" \/>\n<link rel=\"canonical\" href=\"https:\/\/www.urlaubcornwall.de\/blog\/ferienhaeuser-meer-sussex-schoensten-doerfer-und-kuestenstaedte\/\" \/>\n<meta property=\"og:locale\" content=\"en_US\" \/>\n<meta property=\"og:type\" content=\"article\" \/>\n<meta property=\"og:title\" content=\"Ferienh\u00e4user am Meer in Sussex - Sch\u00f6nsten D\u00f6rfer und K\u00fcstenst\u00e4dte - Urlaub &amp; Reisen\" \/>\n<meta property=\"og:description\" content=\"Sussex ist bekannt f\u00fcr seine historische K\u00fcste, die wundersch\u00f6nen South Downs und sie umgebende Landschaft, sowie seine vielf\u00e4ltigen St\u00e4dte und Ortschaften. Die K\u00fcste von Sussex beinhaltet hervorragenden Blick, wie zu den Seven Sisters hin und klassische Urlaubsorte am Meer wie Eastbourne, Worthing und Bognor Regis. Bei uns finden Sie Unterk\u00fcnfte in Sussex am Meer zum [&hellip;]\" \/>\n<meta property=\"og:url\" content=\"https:\/\/www.urlaubcornwall.de\/blog\/ferienhaeuser-meer-sussex-schoensten-doerfer-und-kuestenstaedte\/\" \/>\n<meta property=\"og:site_name\" content=\"Urlaub &amp; Reisen\" \/>\n<meta property=\"article:modified_time\" content=\"2024-04-15T15:53:41+00:00\" \/>\n<meta property=\"og:image\" content=\"https:\/\/www.urlaubcornwall.de\/blog\/wp-content\/uploads\/2016\/07\/bosham-sussex-england.jpg\" \/>\n<meta name=\"twitter:card\" content=\"summary\" \/>\n<meta name=\"twitter:label1\" content=\"Est. reading time\" \/>\n\t<meta name=\"twitter:data1\" content=\"1 minute\" \/>\n<script type=\"application\/ld+json\" class=\"yoast-schema-graph\">{\"@context\":\"https:\/\/schema.org\",\"@graph\":[{\"@type\":\"WebSite\",\"@id\":\"https:\/\/www.urlaubcornwall.de\/blog\/#website\",\"url\":\"https:\/\/www.urlaubcornwall.de\/blog\/\",\"name\":\"Urlaub &amp; Reisen\",\"description\":\"Urlaub, Reisen, Cornwall und S\u00fcdengland: eine perfekte Kombination\",\"potentialAction\":[{\"@type\":\"SearchAction\",\"target\":{\"@type\":\"EntryPoint\",\"urlTemplate\":\"https:\/\/www.urlaubcornwall.de\/blog\/?s={search_term_string}\"},\"query-input\":\"required name=search_term_string\"}],\"inLanguage\":\"en-US\"},{\"@type\":\"WebPage\",\"@id\":\"https:\/\/www.urlaubcornwall.de\/blog\/ferienhaeuser-meer-sussex-schoensten-doerfer-und-kuestenstaedte\/\",\"url\":\"https:\/\/www.urlaubcornwall.de\/blog\/ferienhaeuser-meer-sussex-schoensten-doerfer-und-kuestenstaedte\/\",\"name\":\"Ferienh\u00e4user am Meer in Sussex - Sch\u00f6nsten D\u00f6rfer und K\u00fcstenst\u00e4dte - Urlaub &amp; Reisen\",\"isPartOf\":{\"@id\":\"https:\/\/www.urlaubcornwall.de\/blog\/#website\"},\"datePublished\":\"2017-11-12T14:54:21+00:00\",\"dateModified\":\"2024-04-15T15:53:41+00:00\",\"breadcrumb\":{\"@id\":\"https:\/\/www.urlaubcornwall.de\/blog\/ferienhaeuser-meer-sussex-schoensten-doerfer-und-kuestenstaedte\/#breadcrumb\"},\"inLanguage\":\"en-US\",\"potentialAction\":[{\"@type\":\"ReadAction\",\"target\":[\"https:\/\/www.urlaubcornwall.de\/blog\/ferienhaeuser-meer-sussex-schoensten-doerfer-und-kuestenstaedte\/\"]}]},{\"@type\":\"BreadcrumbList\",\"@id\":\"https:\/\/www.urlaubcornwall.de\/blog\/ferienhaeuser-meer-sussex-schoensten-doerfer-und-kuestenstaedte\/#breadcrumb\",\"itemListElement\":[{\"@type\":\"ListItem\",\"position\":1,\"name\":\"Home\",\"item\":\"https:\/\/www.urlaubcornwall.de\/blog\/\"},{\"@type\":\"ListItem\",\"position\":2,\"name\":\"Ferienh\u00e4user am Meer in Sussex &#8211; Sch\u00f6nsten D\u00f6rfer und K\u00fcstenst\u00e4dte\"}]}]}<\/script>\n<!-- \/ Yoast SEO plugin. -->","yoast_head_json":{"title":"Ferienh\u00e4user am Meer in Sussex - Sch\u00f6nsten D\u00f6rfer und K\u00fcstenst\u00e4dte - Urlaub &amp; Reisen","robots":{"index":"index","follow":"follow","max-snippet":"max-snippet:-1","max-image-preview":"max-image-preview:large","max-video-preview":"max-video-preview:-1"},"canonical":"https:\/\/www.urlaubcornwall.de\/blog\/ferienhaeuser-meer-sussex-schoensten-doerfer-und-kuestenstaedte\/","og_locale":"en_US","og_type":"article","og_title":"Ferienh\u00e4user am Meer in Sussex - Sch\u00f6nsten D\u00f6rfer und K\u00fcstenst\u00e4dte - Urlaub &amp; Reisen","og_description":"Sussex ist bekannt f\u00fcr seine historische K\u00fcste, die wundersch\u00f6nen South Downs und sie umgebende Landschaft, sowie seine vielf\u00e4ltigen St\u00e4dte und Ortschaften. Die K\u00fcste von Sussex beinhaltet hervorragenden Blick, wie zu den Seven Sisters hin und klassische Urlaubsorte am Meer wie Eastbourne, Worthing und Bognor Regis. Bei uns finden Sie Unterk\u00fcnfte in Sussex am Meer zum [&hellip;]","og_url":"https:\/\/www.urlaubcornwall.de\/blog\/ferienhaeuser-meer-sussex-schoensten-doerfer-und-kuestenstaedte\/","og_site_name":"Urlaub &amp; Reisen","article_modified_time":"2024-04-15T15:53:41+00:00","og_image":[{"url":"https:\/\/www.urlaubcornwall.de\/blog\/wp-content\/uploads\/2016\/07\/bosham-sussex-england.jpg"}],"twitter_card":"summary","twitter_misc":{"Est. reading time":"1 minute"},"schema":{"@context":"https:\/\/schema.org","@graph":[{"@type":"WebSite","@id":"https:\/\/www.urlaubcornwall.de\/blog\/#website","url":"https:\/\/www.urlaubcornwall.de\/blog\/","name":"Urlaub &amp; Reisen","description":"Urlaub, Reisen, Cornwall und S\u00fcdengland: eine perfekte Kombination","potentialAction":[{"@type":"SearchAction","target":{"@type":"EntryPoint","urlTemplate":"https:\/\/www.urlaubcornwall.de\/blog\/?s={search_term_string}"},"query-input":"required name=search_term_string"}],"inLanguage":"en-US"},{"@type":"WebPage","@id":"https:\/\/www.urlaubcornwall.de\/blog\/ferienhaeuser-meer-sussex-schoensten-doerfer-und-kuestenstaedte\/","url":"https:\/\/www.urlaubcornwall.de\/blog\/ferienhaeuser-meer-sussex-schoensten-doerfer-und-kuestenstaedte\/","name":"Ferienh\u00e4user am Meer in Sussex - Sch\u00f6nsten D\u00f6rfer und K\u00fcstenst\u00e4dte - Urlaub &amp; Reisen","isPartOf":{"@id":"https:\/\/www.urlaubcornwall.de\/blog\/#website"},"datePublished":"2017-11-12T14:54:21+00:00","dateModified":"2024-04-15T15:53:41+00:00","breadcrumb":{"@id":"https:\/\/www.urlaubcornwall.de\/blog\/ferienhaeuser-meer-sussex-schoensten-doerfer-und-kuestenstaedte\/#breadcrumb"},"inLanguage":"en-US","potentialAction":[{"@type":"ReadAction","target":["https:\/\/www.urlaubcornwall.de\/blog\/ferienhaeuser-meer-sussex-schoensten-doerfer-und-kuestenstaedte\/"]}]},{"@type":"BreadcrumbList","@id":"https:\/\/www.urlaubcornwall.de\/blog\/ferienhaeuser-meer-sussex-schoensten-doerfer-und-kuestenstaedte\/#breadcrumb","itemListElement":[{"@type":"ListItem","position":1,"name":"Home","item":"https:\/\/www.urlaubcornwall.de\/blog\/"},{"@type":"ListItem","position":2,"name":"Ferienh\u00e4user am Meer in Sussex &#8211; Sch\u00f6nsten D\u00f6rfer und K\u00fcstenst\u00e4dte"}]}]}},"_links":{"self":[{"href":"https:\/\/www.urlaubcornwall.de\/blog\/wp-json\/wp\/v2\/pages\/30292"}],"collection":[{"href":"https:\/\/www.urlaubcornwall.de\/blog\/wp-json\/wp\/v2\/pages"}],"about":[{"href":"https:\/\/www.urlaubcornwall.de\/blog\/wp-json\/wp\/v2\/types\/page"}],"author":[{"embeddable":true,"href":"https:\/\/www.urlaubcornwall.de\/blog\/wp-json\/wp\/v2\/users\/1"}],"replies":[{"embeddable":true,"href":"https:\/\/www.urlaubcornwall.de\/blog\/wp-json\/wp\/v2\/comments?post=30292"}],"version-history":[{"count":9,"href":"https:\/\/www.urlaubcornwall.de\/blog\/wp-json\/wp\/v2\/pages\/30292\/revisions"}],"predecessor-version":[{"id":49765,"href":"https:\/\/www.urlaubcornwall.de\/blog\/wp-json\/wp\/v2\/pages\/30292\/revisions\/49765"}],"wp:attachment":[{"href":"https:\/\/www.urlaubcornwall.de\/blog\/wp-json\/wp\/v2\/media?parent=30292"}],"curies":[{"name":"wp","href":"https:\/\/api.w.org\/{rel}","templated":true}]}}