{"id":30277,"date":"2017-11-11T16:21:10","date_gmt":"2017-11-11T16:21:10","guid":{"rendered":"https:\/\/www.urlaubcornwall.de\/blog\/?page_id=30277"},"modified":"2021-10-18T10:44:10","modified_gmt":"2021-10-18T10:44:10","slug":"luxus-ferienhaeuser-sussex-schoensten-doerfer-und-kuestenstaedte","status":"publish","type":"page","link":"https:\/\/www.urlaubcornwall.de\/blog\/luxus-ferienhaeuser-sussex-schoensten-doerfer-und-kuestenstaedte\/","title":{"rendered":"Luxus Ferienh\u00e4user in Sussex \u2013 Sch\u00f6nsten D\u00f6rfer und K\u00fcstenst\u00e4dte"},"content":{"rendered":"<p><img loading=\"lazy\" class=\"aligncenter size-full wp-image-24727\" src=\"https:\/\/www.urlaubcornwall.de\/blog\/wp-content\/uploads\/2016\/07\/bosham-sussex-england.jpg\" alt=\"luxus ferienhaus sussex\" width=\"748\" height=\"401\"\/><\/p>\n<p style=\"text-align: left;\">Bei uns finden Sie Luxus Ferienh\u00e4user und Exquisite Ferienwohnungen in Sussex zum Verlieben &#8211; so einfach ist das!<\/p>\n<p style=\"text-align: left;\">Pers\u00f6nlich inspizierte 4 und 5-Sterne Ferienh\u00e4user und Ferienwohnungen f\u00fcr Ihren Luxusurlaub mit Selbstverpflegung in <a href=\"https:\/\/www.urlaubcornwall.de\/reiseziel\/suedengland.php\">Sussex und S\u00fcdengland<\/a>. Wir vermieten Ferienh\u00e4user und Ferienwohnungen, darunter auch mit die interessantesten Cottages und Selbstversorgerunterk\u00fcnfte in Sussex, den South Downs und bis nach East Hampshire.<\/p>\n<p style=\"text-align: center;\"><a class=\"tidycta\" href=\"https:\/\/www.urlaubcornwall.de\/ferienhaeuser\/sussex.php\">Suche Ferienh\u00e4user Sussex &gt;&gt;<\/a><\/p>\n\n\n<p style=\"text-align: center;\"><a class=\"plain\" href=\"https:\/\/www.urlaubcornwall.de\/ferienhaeuser-fewos\/eng\/sussex\/alciston-luxus-unterkuenfte.html\">5 Luxus Ferienh\u00e4user in Alciston<\/a><\/p>\n<p style=\"text-align: center;\"><a class=\"plain\" href=\"https:\/\/www.urlaubcornwall.de\/ferienhaeuser-fewos\/eng\/sussex\/battle-luxus-unterkuenfte.html\">16 Luxus Ferienh\u00e4user in Battle<\/a><\/p>\n<p style=\"text-align: center;\"><a class=\"plain\" href=\"https:\/\/www.urlaubcornwall.de\/ferienhaeuser-fewos\/eng\/sussex\/bexhill-on-sea-luxus-unterkuenfte.html\">34 Luxus Ferienh\u00e4user in Bexhill<\/a><\/p>\n<p style=\"text-align: center;\"><a class=\"plain\" href=\"https:\/\/www.urlaubcornwall.de\/ferienhaeuser-fewos\/eng\/sussex\/bodiam-luxus-unterkuenfte.html\">17 Luxus Ferienh\u00e4user in Bodiam<\/a><\/p>\n<p style=\"text-align: center;\"><a class=\"plain\" href=\"https:\/\/www.urlaubcornwall.de\/ferienhaeuser-fewos\/eng\/sussex\/boreham-street-luxus-unterkuenfte.html\">25 Luxus Ferienh\u00e4user in Boreham<\/a><\/p>\n<p style=\"text-align: center;\"><a class=\"plain\" href=\"https:\/\/www.urlaubcornwall.de\/ferienhaeuser-fewos\/eng\/sussex\/brighton-luxus-unterkuenfte.html\">50 Luxus Ferienh\u00e4user in Brighton<\/a><\/p>\n<p style=\"text-align: center;\"><a class=\"plain\" href=\"https:\/\/www.urlaubcornwall.de\/ferienhaeuser-fewos\/eng\/sussex\/burwash-luxus-unterkuenfte.html\">15 Luxus Ferienh\u00e4user in Burwash<\/a><\/p>\n<p style=\"text-align: center;\"><a class=\"plain\" href=\"https:\/\/www.urlaubcornwall.de\/ferienhaeuser-fewos\/eng\/sussex\/camber-luxus-unterkuenfte.html\">51 Luxus Ferienh\u00e4user in Camber Sands<\/a><\/p>\n<p style=\"text-align: center;\"><a class=\"plain\" href=\"https:\/\/www.urlaubcornwall.de\/ferienhaeuser-fewos\/eng\/sussex\/chichester-luxus-unterkuenfte.html\">6 Luxus Ferienh\u00e4user in Chichester<\/a><\/p>\n<p style=\"text-align: center;\"><a class=\"plain\" href=\"https:\/\/www.urlaubcornwall.de\/ferienhaeuser-fewos\/eng\/sussex\/eastbourne-luxus-unterkuenfte.html\">53 Luxus Ferienh\u00e4user in Eastbourne<\/a><\/p>\n<p style=\"text-align: center;\"><a class=\"plain\" href=\"https:\/\/www.urlaubcornwall.de\/ferienhaeuser-fewos\/eng\/sussex\/etchingham-luxus-unterkuenfte.html\">19 Luxus Ferienh\u00e4user in Etchingham<\/a><\/p>\n<p style=\"text-align: center;\"><a class=\"plain\" href=\"https:\/\/www.urlaubcornwall.de\/ferienhaeuser-fewos\/eng\/sussex\/fairlight-luxus-unterkuenfte.html\">35 Luxus Ferienh\u00e4user in Fairlight<\/a><\/p>\n<p style=\"text-align: center;\"><a class=\"plain\" href=\"https:\/\/www.urlaubcornwall.de\/ferienhaeuser-fewos\/eng\/sussex\/frant-luxus-unterkuenfte.html\">8 Luxus Ferienh\u00e4user in Frant<\/a><\/p>\n<p style=\"text-align: center;\"><a class=\"plain\" href=\"https:\/\/www.urlaubcornwall.de\/ferienhaeuser-fewos\/eng\/sussex\/hailsham-luxus-unterkuenfte.html\">28 Luxus Ferienh\u00e4user in Hailsham<\/a><\/p>\n<p style=\"text-align: center;\"><a class=\"plain\" href=\"https:\/\/www.urlaubcornwall.de\/ferienhaeuser-fewos\/eng\/sussex\/hastings-luxus-unterkuenfte.html\">25 Luxus Ferienh\u00e4user in Hastings<\/a><\/p>\n<p style=\"text-align: center;\"><a class=\"plain\" href=\"https:\/\/www.urlaubcornwall.de\/ferienhaeuser-fewos\/eng\/sussex\/hurst-green-luxus-unterkuenfte.html\">h20 Luxus Ferienh\u00e4user in Hurst Green<\/a><\/p>\n<p style=\"text-align: center;\"><a class=\"plain\" href=\"https:\/\/www.urlaubcornwall.de\/ferienhaeuser-fewos\/eng\/sussex\/icklesham-luxus-unterkuenfte.html\">59 Luxus Ferienh\u00e4user in Icklesham<\/a><\/p>\n<p style=\"text-align: center;\"><a class=\"plain\" href=\"https:\/\/www.urlaubcornwall.de\/ferienhaeuser-fewos\/eng\/sussex\/middleton-on-sea-luxus-unterkuenfte.html\">5 Luxus Ferienh\u00e4user in Middleton on Sea<\/a><\/p>\n<p style=\"text-align: center;\"><a class=\"plain\" href=\"https:\/\/www.urlaubcornwall.de\/ferienhaeuser-fewos\/eng\/sussex\/northiam-luxus-unterkuenfte.html\">30 Luxus Ferienh\u00e4user in Northiam<\/a><\/p>\n<p style=\"text-align: center;\"><a class=\"plain\" href=\"https:\/\/www.urlaubcornwall.de\/ferienhaeuser-fewos\/eng\/sussex\/pett-luxus-unterkuenfte.html\">64 Luxus Ferienh\u00e4user in Pett<\/a><\/p>\n<p style=\"text-align: center;\"><a class=\"plain\" href=\"https:\/\/www.urlaubcornwall.de\/ferienhaeuser-fewos\/eng\/sussex\/pett-level-luxus-unterkuenfte.html\">59 Luxus Ferienh\u00e4user in Pett Level<\/a><\/p>\n<p style=\"text-align: center;\"><a class=\"plain\" href=\"https:\/\/www.urlaubcornwall.de\/ferienhaeuser-fewos\/eng\/sussex\/petworth-luxus-unterkuenfte.html\">1 Luxus Ferienh\u00e4user in Petworth<\/a><\/p>\n<p style=\"text-align: center;\"><a class=\"plain\" href=\"https:\/\/www.urlaubcornwall.de\/ferienhaeuser-fewos\/eng\/sussex\/pevensey-luxus-unterkuenfte.html\">58 Luxus Ferienh\u00e4user in Pevensey<\/a><\/p>\n<p style=\"text-align: center;\"><a class=\"plain\" href=\"https:\/\/www.urlaubcornwall.de\/ferienhaeuser-fewos\/eng\/sussex\/pevensey-bay-luxus-unterkuenfte.html\">58 Luxus Ferienh\u00e4user in Pevensey Bay<\/a><\/p>\n<p style=\"text-align: center;\"><a class=\"plain\" href=\"https:\/\/www.urlaubcornwall.de\/ferienhaeuser-fewos\/eng\/sussex\/playden-luxus-unterkuenfte.html\">56 Luxus Ferienh\u00e4user in Playden<\/a><\/p>\n<p style=\"text-align: center;\"><a class=\"plain\" href=\"https:\/\/www.urlaubcornwall.de\/ferienhaeuser-fewos\/eng\/sussex\/robertsbridge-luxus-unterkuenfte.html\">20 Luxus Ferienh\u00e4user in Robertsbridge<\/a><\/p>\n<p style=\"text-align: center;\"><a class=\"plain\" href=\"https:\/\/www.urlaubcornwall.de\/ferienhaeuser-fewos\/eng\/sussex\/rye-luxus-unterkuenfte.html\">56 Luxus Ferienh\u00e4user in Rye<\/a><\/p>\n<p style=\"text-align: center;\"><a class=\"plain\" href=\"https:\/\/www.urlaubcornwall.de\/ferienhaeuser-fewos\/eng\/sussex\/rye-harbour-luxus-unterkuenfte.html\">54 Luxus Ferienh\u00e4user in Rye Hafen<\/a><\/p>\n<p style=\"text-align: center;\"><a class=\"plain\" href=\"https:\/\/www.urlaubcornwall.de\/ferienhaeuser-fewos\/eng\/sussex\/sedlescombe-luxus-unterkuenfte.html\">24 Luxus Ferienh\u00e4user in Sedlescombe<\/a><\/p>\n<p style=\"text-align: center;\"><a class=\"plain\" href=\"https:\/\/www.urlaubcornwall.de\/ferienhaeuser-fewos\/eng\/sussex\/st-leonards-on-sea-luxus-unterkuenfte.html\">23 Luxus Ferienh\u00e4user in St Leonards on Sea<\/a><\/p>\n<p style=\"text-align: center;\"><a class=\"plain\" href=\"https:\/\/www.urlaubcornwall.de\/ferienhaeuser-fewos\/eng\/sussex\/staplecross-luxus-unterkuenfte.html\">16 Luxus Ferienh\u00e4user in Staplecross<\/a><\/p>\n<p style=\"text-align: center;\"><a class=\"plain\" href=\"https:\/\/www.urlaubcornwall.de\/ferienhaeuser-fewos\/eng\/sussex\/steyning-luxus-unterkuenfte.html\">2 Luxus Ferienh\u00e4user in Steyning<\/a><\/p>\n<p style=\"text-align: center;\"><a class=\"plain\" href=\"https:\/\/www.urlaubcornwall.de\/ferienhaeuser-fewos\/eng\/sussex\/stonegate-luxus-unterkuenfte.html\">9 Luxus Ferienh\u00e4user in Stonegate<\/a><\/p>\n<p style=\"text-align: center;\"><a class=\"plain\" href=\"https:\/\/www.urlaubcornwall.de\/ferienhaeuser-fewos\/eng\/sussex\/uckfield-luxus-unterkuenfte.html\">2 Luxus Ferienh\u00e4user in Uckfield<\/a><\/p>\n<p style=\"text-align: center;\"><a class=\"plain\" href=\"https:\/\/www.urlaubcornwall.de\/ferienhaeuser-fewos\/eng\/sussex\/winchelsea-luxus-unterkuenfte.html\">53 Luxus Ferienh\u00e4user in Winchelsea<\/a><\/p>\n\n\n","protected":false},"excerpt":{"rendered":"<p>Bei uns finden Sie Luxus Ferienh\u00e4user und Exquisite Ferienwohnungen in Sussex zum Verlieben &#8211; so einfach ist das! Pers\u00f6nlich inspizierte 4 und 5-Sterne Ferienh\u00e4user und Ferienwohnungen f\u00fcr Ihren Luxusurlaub mit Selbstverpflegung in Sussex und S\u00fcdengland. Wir vermieten Ferienh\u00e4user und Ferienwohnungen, darunter auch mit die interessantesten Cottages und Selbstversorgerunterk\u00fcnfte in Sussex, den South Downs und bis [&hellip;]<\/p>\n","protected":false},"author":1,"featured_media":0,"parent":0,"menu_order":0,"comment_status":"closed","ping_status":"closed","template":"single-four.php","meta":[],"acf":[],"yoast_head":"<!-- This site is optimized with the Yoast SEO plugin v19.4 - https:\/\/yoast.com\/wordpress\/plugins\/seo\/ -->\n<title>Luxus Ferienh\u00e4user in Sussex \u2013 Sch\u00f6nsten D\u00f6rfer und K\u00fcstenst\u00e4dte - Urlaub &amp; Reisen<\/title>\n<meta name=\"robots\" content=\"index, follow, max-snippet:-1, max-image-preview:large, max-video-preview:-1\" \/>\n<link rel=\"canonical\" href=\"https:\/\/www.urlaubcornwall.de\/blog\/luxus-ferienhaeuser-sussex-schoensten-doerfer-und-kuestenstaedte\/\" \/>\n<meta property=\"og:locale\" content=\"en_US\" \/>\n<meta property=\"og:type\" content=\"article\" \/>\n<meta property=\"og:title\" content=\"Luxus Ferienh\u00e4user in Sussex \u2013 Sch\u00f6nsten D\u00f6rfer und K\u00fcstenst\u00e4dte - Urlaub &amp; Reisen\" \/>\n<meta property=\"og:description\" content=\"Bei uns finden Sie Luxus Ferienh\u00e4user und Exquisite Ferienwohnungen in Sussex zum Verlieben &#8211; so einfach ist das! Pers\u00f6nlich inspizierte 4 und 5-Sterne Ferienh\u00e4user und Ferienwohnungen f\u00fcr Ihren Luxusurlaub mit Selbstverpflegung in Sussex und S\u00fcdengland. Wir vermieten Ferienh\u00e4user und Ferienwohnungen, darunter auch mit die interessantesten Cottages und Selbstversorgerunterk\u00fcnfte in Sussex, den South Downs und bis [&hellip;]\" \/>\n<meta property=\"og:url\" content=\"https:\/\/www.urlaubcornwall.de\/blog\/luxus-ferienhaeuser-sussex-schoensten-doerfer-und-kuestenstaedte\/\" \/>\n<meta property=\"og:site_name\" content=\"Urlaub &amp; Reisen\" \/>\n<meta property=\"article:modified_time\" content=\"2021-10-18T10:44:10+00:00\" \/>\n<meta property=\"og:image\" content=\"https:\/\/www.urlaubcornwall.de\/blog\/wp-content\/uploads\/2016\/07\/bosham-sussex-england.jpg\" \/>\n<meta name=\"twitter:card\" content=\"summary\" \/>\n<meta name=\"twitter:label1\" content=\"Est. reading time\" \/>\n\t<meta name=\"twitter:data1\" content=\"2 minutes\" \/>\n<script type=\"application\/ld+json\" class=\"yoast-schema-graph\">{\"@context\":\"https:\/\/schema.org\",\"@graph\":[{\"@type\":\"WebSite\",\"@id\":\"https:\/\/www.urlaubcornwall.de\/blog\/#website\",\"url\":\"https:\/\/www.urlaubcornwall.de\/blog\/\",\"name\":\"Urlaub &amp; Reisen\",\"description\":\"Urlaub, Reisen, Cornwall und S\u00fcdengland: eine perfekte Kombination\",\"potentialAction\":[{\"@type\":\"SearchAction\",\"target\":{\"@type\":\"EntryPoint\",\"urlTemplate\":\"https:\/\/www.urlaubcornwall.de\/blog\/?s={search_term_string}\"},\"query-input\":\"required name=search_term_string\"}],\"inLanguage\":\"en-US\"},{\"@type\":\"WebPage\",\"@id\":\"https:\/\/www.urlaubcornwall.de\/blog\/luxus-ferienhaeuser-sussex-schoensten-doerfer-und-kuestenstaedte\/\",\"url\":\"https:\/\/www.urlaubcornwall.de\/blog\/luxus-ferienhaeuser-sussex-schoensten-doerfer-und-kuestenstaedte\/\",\"name\":\"Luxus Ferienh\u00e4user in Sussex \u2013 Sch\u00f6nsten D\u00f6rfer und K\u00fcstenst\u00e4dte - Urlaub &amp; Reisen\",\"isPartOf\":{\"@id\":\"https:\/\/www.urlaubcornwall.de\/blog\/#website\"},\"datePublished\":\"2017-11-11T16:21:10+00:00\",\"dateModified\":\"2021-10-18T10:44:10+00:00\",\"breadcrumb\":{\"@id\":\"https:\/\/www.urlaubcornwall.de\/blog\/luxus-ferienhaeuser-sussex-schoensten-doerfer-und-kuestenstaedte\/#breadcrumb\"},\"inLanguage\":\"en-US\",\"potentialAction\":[{\"@type\":\"ReadAction\",\"target\":[\"https:\/\/www.urlaubcornwall.de\/blog\/luxus-ferienhaeuser-sussex-schoensten-doerfer-und-kuestenstaedte\/\"]}]},{\"@type\":\"BreadcrumbList\",\"@id\":\"https:\/\/www.urlaubcornwall.de\/blog\/luxus-ferienhaeuser-sussex-schoensten-doerfer-und-kuestenstaedte\/#breadcrumb\",\"itemListElement\":[{\"@type\":\"ListItem\",\"position\":1,\"name\":\"Home\",\"item\":\"https:\/\/www.urlaubcornwall.de\/blog\/\"},{\"@type\":\"ListItem\",\"position\":2,\"name\":\"Luxus Ferienh\u00e4user in Sussex \u2013 Sch\u00f6nsten D\u00f6rfer und K\u00fcstenst\u00e4dte\"}]}]}<\/script>\n<!-- \/ Yoast SEO plugin. -->","yoast_head_json":{"title":"Luxus Ferienh\u00e4user in Sussex \u2013 Sch\u00f6nsten D\u00f6rfer und K\u00fcstenst\u00e4dte - Urlaub &amp; Reisen","robots":{"index":"index","follow":"follow","max-snippet":"max-snippet:-1","max-image-preview":"max-image-preview:large","max-video-preview":"max-video-preview:-1"},"canonical":"https:\/\/www.urlaubcornwall.de\/blog\/luxus-ferienhaeuser-sussex-schoensten-doerfer-und-kuestenstaedte\/","og_locale":"en_US","og_type":"article","og_title":"Luxus Ferienh\u00e4user in Sussex \u2013 Sch\u00f6nsten D\u00f6rfer und K\u00fcstenst\u00e4dte - Urlaub &amp; Reisen","og_description":"Bei uns finden Sie Luxus Ferienh\u00e4user und Exquisite Ferienwohnungen in Sussex zum Verlieben &#8211; so einfach ist das! Pers\u00f6nlich inspizierte 4 und 5-Sterne Ferienh\u00e4user und Ferienwohnungen f\u00fcr Ihren Luxusurlaub mit Selbstverpflegung in Sussex und S\u00fcdengland. Wir vermieten Ferienh\u00e4user und Ferienwohnungen, darunter auch mit die interessantesten Cottages und Selbstversorgerunterk\u00fcnfte in Sussex, den South Downs und bis [&hellip;]","og_url":"https:\/\/www.urlaubcornwall.de\/blog\/luxus-ferienhaeuser-sussex-schoensten-doerfer-und-kuestenstaedte\/","og_site_name":"Urlaub &amp; Reisen","article_modified_time":"2021-10-18T10:44:10+00:00","og_image":[{"url":"https:\/\/www.urlaubcornwall.de\/blog\/wp-content\/uploads\/2016\/07\/bosham-sussex-england.jpg"}],"twitter_card":"summary","twitter_misc":{"Est. reading time":"2 minutes"},"schema":{"@context":"https:\/\/schema.org","@graph":[{"@type":"WebSite","@id":"https:\/\/www.urlaubcornwall.de\/blog\/#website","url":"https:\/\/www.urlaubcornwall.de\/blog\/","name":"Urlaub &amp; Reisen","description":"Urlaub, Reisen, Cornwall und S\u00fcdengland: eine perfekte Kombination","potentialAction":[{"@type":"SearchAction","target":{"@type":"EntryPoint","urlTemplate":"https:\/\/www.urlaubcornwall.de\/blog\/?s={search_term_string}"},"query-input":"required name=search_term_string"}],"inLanguage":"en-US"},{"@type":"WebPage","@id":"https:\/\/www.urlaubcornwall.de\/blog\/luxus-ferienhaeuser-sussex-schoensten-doerfer-und-kuestenstaedte\/","url":"https:\/\/www.urlaubcornwall.de\/blog\/luxus-ferienhaeuser-sussex-schoensten-doerfer-und-kuestenstaedte\/","name":"Luxus Ferienh\u00e4user in Sussex \u2013 Sch\u00f6nsten D\u00f6rfer und K\u00fcstenst\u00e4dte - Urlaub &amp; Reisen","isPartOf":{"@id":"https:\/\/www.urlaubcornwall.de\/blog\/#website"},"datePublished":"2017-11-11T16:21:10+00:00","dateModified":"2021-10-18T10:44:10+00:00","breadcrumb":{"@id":"https:\/\/www.urlaubcornwall.de\/blog\/luxus-ferienhaeuser-sussex-schoensten-doerfer-und-kuestenstaedte\/#breadcrumb"},"inLanguage":"en-US","potentialAction":[{"@type":"ReadAction","target":["https:\/\/www.urlaubcornwall.de\/blog\/luxus-ferienhaeuser-sussex-schoensten-doerfer-und-kuestenstaedte\/"]}]},{"@type":"BreadcrumbList","@id":"https:\/\/www.urlaubcornwall.de\/blog\/luxus-ferienhaeuser-sussex-schoensten-doerfer-und-kuestenstaedte\/#breadcrumb","itemListElement":[{"@type":"ListItem","position":1,"name":"Home","item":"https:\/\/www.urlaubcornwall.de\/blog\/"},{"@type":"ListItem","position":2,"name":"Luxus Ferienh\u00e4user in Sussex \u2013 Sch\u00f6nsten D\u00f6rfer und K\u00fcstenst\u00e4dte"}]}]}},"_links":{"self":[{"href":"https:\/\/www.urlaubcornwall.de\/blog\/wp-json\/wp\/v2\/pages\/30277"}],"collection":[{"href":"https:\/\/www.urlaubcornwall.de\/blog\/wp-json\/wp\/v2\/pages"}],"about":[{"href":"https:\/\/www.urlaubcornwall.de\/blog\/wp-json\/wp\/v2\/types\/page"}],"author":[{"embeddable":true,"href":"https:\/\/www.urlaubcornwall.de\/blog\/wp-json\/wp\/v2\/users\/1"}],"replies":[{"embeddable":true,"href":"https:\/\/www.urlaubcornwall.de\/blog\/wp-json\/wp\/v2\/comments?post=30277"}],"version-history":[{"count":4,"href":"https:\/\/www.urlaubcornwall.de\/blog\/wp-json\/wp\/v2\/pages\/30277\/revisions"}],"predecessor-version":[{"id":43415,"href":"https:\/\/www.urlaubcornwall.de\/blog\/wp-json\/wp\/v2\/pages\/30277\/revisions\/43415"}],"wp:attachment":[{"href":"https:\/\/www.urlaubcornwall.de\/blog\/wp-json\/wp\/v2\/media?parent=30277"}],"curies":[{"name":"wp","href":"https:\/\/api.w.org\/{rel}","templated":true}]}}