{"id":30274,"date":"2017-11-11T15:12:33","date_gmt":"2017-11-11T15:12:33","guid":{"rendered":"https:\/\/www.urlaubcornwall.de\/blog\/?page_id=30274"},"modified":"2019-04-08T15:06:02","modified_gmt":"2019-04-08T15:06:02","slug":"ferienhaeuser-sussex-mit-hund-schoensten-doerfer-und-kuestenstaedte","status":"publish","type":"page","link":"https:\/\/www.urlaubcornwall.de\/blog\/ferienhaeuser-sussex-mit-hund-schoensten-doerfer-und-kuestenstaedte\/","title":{"rendered":"Ferienh\u00e4user Sussex mit Hund \u2013 Sch\u00f6nsten D\u00f6rfer und K\u00fcstenst\u00e4dte"},"content":{"rendered":"<p><img loading=\"lazy\" class=\"aligncenter size-full wp-image-24727\" src=\"https:\/\/www.urlaubcornwall.de\/blog\/wp-content\/uploads\/2016\/07\/bosham-sussex-england.jpg\" alt=\"ferienhaus sussex mit hund\" width=\"744\" height=\"401\" srcset=\"https:\/\/www.urlaubcornwall.de\/blog\/wp-content\/uploads\/2016\/07\/bosham-sussex-england.jpg 744w, https:\/\/www.urlaubcornwall.de\/blog\/wp-content\/uploads\/2016\/07\/bosham-sussex-england-300x162.jpg 300w\" sizes=\"(max-width: 744px) 100vw, 744px\" \/><\/p>\n<p style=\"text-align: center;\"><strong>Bei uns finden Sie Hundefreundliche Ferienh\u00e4user in Sussex zum Verlieben &#8211; so einfach ist das!<\/strong><\/p>\n<p style=\"text-align: center;\">Mit dem Hund in den Urlaub zu fahren ist immer ein sch\u00f6nes Erlebnis, aber in Ost &amp; West Sussex mit seinen herrlichen Landschaften &amp; K\u00fcste ist ein Urlaub mit dem vierbeinigen Freund einfach traumhaft. Nach einem aufregenden Tag im Freien kann Ihre gesamte Familie den Abend entspannt zusammen in Ihrem fantastischen Ferienhaus ausklingen lassen.<\/p>\n<p style=\"text-align: center;\"><a class=\"tidycta\" href=\"https:\/\/www.urlaubcornwall.de\/ferienhaeuser\/sussex.php\">Suche Ferienh\u00e4user Sussex &gt;&gt;<\/a><\/p>\n\n\n<p style=\"text-align: center;\"><a class=\"plain\" href=\"https:\/\/www.urlaubcornwall.de\/ferienhaeuser-fewos\/eng\/sussex\/alciston-hundefreundlich.html\">alciston-hundefreundlich.html<\/a> (4)<\/p>\n<p style=\"text-align: center;\"><a class=\"plain\" href=\"https:\/\/www.urlaubcornwall.de\/ferienhaeuser-fewos\/eng\/sussex\/battle-hundefreundlich.html\">battle-hundefreundlich.html<\/a> (8)<\/p>\n<p style=\"text-align: center;\"><a class=\"plain\" href=\"https:\/\/www.urlaubcornwall.de\/ferienhaeuser-fewos\/eng\/sussex\/bexhill-on-sea-hundefreundlich.html\">bexhill-on-sea-hundefreundlich.html<\/a> (24)<\/p>\n<p style=\"text-align: center;\"><a class=\"plain\" href=\"https:\/\/www.urlaubcornwall.de\/ferienhaeuser-fewos\/eng\/sussex\/bodiam-hundefreundlich.html\">bodiam-hundefreundlich.html<\/a> (11)<\/p>\n<p style=\"text-align: center;\"><a class=\"plain\" href=\"https:\/\/www.urlaubcornwall.de\/ferienhaeuser-fewos\/eng\/sussex\/boreham-street-hundefreundlich.html\">boreham-street-hundefreundlich.html<\/a> (14)<\/p>\n<p style=\"text-align: center;\"><a class=\"plain\" href=\"https:\/\/www.urlaubcornwall.de\/ferienhaeuser-fewos\/eng\/sussex\/brighton-hundefreundlich.html\">brighton-hundefreundlich.html<\/a> (1)<\/p>\n<p style=\"text-align: center;\"><a class=\"plain\" href=\"https:\/\/www.urlaubcornwall.de\/ferienhaeuser-fewos\/eng\/sussex\/burwash-hundefreundlich.html\">burwash-hundefreundlich.html<\/a> (3)<\/p>\n<p style=\"text-align: center;\"><a class=\"plain\" href=\"https:\/\/www.urlaubcornwall.de\/ferienhaeuser-fewos\/eng\/sussex\/camber-hundefreundlich.html\">camber-hundefreundlich.html<\/a> (28)<\/p>\n<p style=\"text-align: center;\"><a class=\"plain\" href=\"https:\/\/www.urlaubcornwall.de\/ferienhaeuser-fewos\/eng\/sussex\/eastbourne-hundefreundlich.html\">eastbourne-hundefreundlich.html<\/a> (31)<\/p>\n<p style=\"text-align: center;\"><a class=\"plain\" href=\"https:\/\/www.urlaubcornwall.de\/ferienhaeuser-fewos\/eng\/sussex\/etchingham-hundefreundlich.html\">etchingham-hundefreundlich.html<\/a> (11)<\/p>\n<p style=\"text-align: center;\"><a class=\"plain\" href=\"https:\/\/www.urlaubcornwall.de\/ferienhaeuser-fewos\/eng\/sussex\/fairlight-hundefreundlich.html\">fairlight-hundefreundlich.html<\/a> (20)<\/p>\n<p style=\"text-align: center;\"><a class=\"plain\" href=\"https:\/\/www.urlaubcornwall.de\/ferienhaeuser-fewos\/eng\/sussex\/frant-hundefreundlich.html\">frant-hundefreundlich.html<\/a> (4)<\/p>\n<p style=\"text-align: center;\"><a class=\"plain\" href=\"https:\/\/www.urlaubcornwall.de\/ferienhaeuser-fewos\/eng\/sussex\/hastings-hundefreundlich.html\">hastings-hundefreundlich.html<\/a> (17)<\/p>\n<p style=\"text-align: center;\"><a class=\"plain\" href=\"https:\/\/www.urlaubcornwall.de\/ferienhaeuser-fewos\/eng\/sussex\/hurst-green-hundefreundlich.html\">hurst-green-hundefreundlich.html<\/a> (12)<\/p>\n<p style=\"text-align: center;\"><a class=\"plain\" href=\"https:\/\/www.urlaubcornwall.de\/ferienhaeuser-fewos\/eng\/sussex\/icklesham-hundefreundlich.html\">icklesham-hundefreundlich.html<\/a> (31)<\/p>\n<p style=\"text-align: center;\"><a class=\"plain\" href=\"https:\/\/www.urlaubcornwall.de\/ferienhaeuser-fewos\/eng\/sussex\/middleton-on-sea-hundefreundlich.html\">middleton-on-sea-hundefreundlich.html<\/a> (1)<\/p>\n<p style=\"text-align: center;\"><a class=\"plain\" href=\"https:\/\/www.urlaubcornwall.de\/ferienhaeuser-fewos\/eng\/sussex\/northiam-hundefreundlich.html\">northiam-hundefreundlich.html<\/a> (17)<\/p>\n<p style=\"text-align: center;\"><a class=\"plain\" href=\"https:\/\/www.urlaubcornwall.de\/ferienhaeuser-fewos\/eng\/sussex\/pett-hundefreundlich.html\">pett-hundefreundlich.html<\/a> (37)<\/p>\n<p style=\"text-align: center;\"><a class=\"plain\" href=\"https:\/\/www.urlaubcornwall.de\/ferienhaeuser-fewos\/eng\/sussex\/pett-level-hundefreundlich.html\">pett-level-hundefreundlich.html<\/a> (33)<\/p>\n<p style=\"text-align: center;\"><a class=\"plain\" href=\"https:\/\/www.urlaubcornwall.de\/ferienhaeuser-fewos\/eng\/sussex\/petworth-hundefreundlich.html\">petworth-hundefreundlich.html<\/a> (1)<\/p>\n<p style=\"text-align: center;\"><a class=\"plain\" href=\"https:\/\/www.urlaubcornwall.de\/ferienhaeuser-fewos\/eng\/sussex\/pevensey-hundefreundlich.html\">pevensey-hundefreundlich.html<\/a> (33)<\/p>\n<p style=\"text-align: center;\"><a class=\"plain\" href=\"https:\/\/www.urlaubcornwall.de\/ferienhaeuser-fewos\/eng\/sussex\/pevensey-bay-hundefreundlich.html\">pevensey-bay-hundefreundlich.html<\/a> (33)<\/p>\n<p style=\"text-align: center;\"><a class=\"plain\" href=\"https:\/\/www.urlaubcornwall.de\/ferienhaeuser-fewos\/eng\/sussex\/playden-hundefreundlich.html\">playden-hundefreundlich.html<\/a> (32)<\/p>\n<p style=\"text-align: center;\"><a class=\"plain\" href=\"https:\/\/www.urlaubcornwall.de\/ferienhaeuser-fewos\/eng\/sussex\/robertsbridge-hundefreundlich.html\">robertsbridge-hundefreundlich.html<\/a> (12)<\/p>\n<p style=\"text-align: center;\"><a class=\"plain\" href=\"https:\/\/www.urlaubcornwall.de\/ferienhaeuser-fewos\/eng\/sussex\/rye-hundefreundlich.html\">rye-hundefreundlich.html<\/a> (30)<\/p>\n<p style=\"text-align: center;\"><a class=\"plain\" href=\"https:\/\/www.urlaubcornwall.de\/ferienhaeuser-fewos\/eng\/sussex\/rye-harbour-hundefreundlich.html\">rye-harbour-hundefreundlich.html<\/a> (29)<\/p>\n<p style=\"text-align: center;\"><a class=\"plain\" href=\"https:\/\/www.urlaubcornwall.de\/ferienhaeuser-fewos\/eng\/sussex\/sedlescombe-hundefreundlich.html\">sedlescombe-hundefreundlich.html<\/a> (17)<\/p>\n<p style=\"text-align: center;\"><a class=\"plain\" href=\"https:\/\/www.urlaubcornwall.de\/ferienhaeuser-fewos\/eng\/sussex\/st-leonards-on-sea-hundefreundlich.html\">st-leonards-on-sea-hundefreundlich.html<\/a> (16)<\/p>\n<p style=\"text-align: center;\"><a class=\"plain\" href=\"https:\/\/www.urlaubcornwall.de\/ferienhaeuser-fewos\/eng\/sussex\/staplecross-hundefreundlich.html\">staplecross-hundefreundlich.html<\/a> (10)<\/p>\n<p style=\"text-align: center;\"><a class=\"plain\" href=\"https:\/\/www.urlaubcornwall.de\/ferienhaeuser-fewos\/eng\/sussex\/steyning-hundefreundlich.html\">steyning-hundefreundlich.html<\/a> (1)<\/p>\n<p style=\"text-align: center;\"><a class=\"plain\" href=\"https:\/\/www.urlaubcornwall.de\/ferienhaeuser-fewos\/eng\/sussex\/stonegate-hundefreundlich.html\">stonegate-hundefreundlich.html<\/a> (6)<\/p>\n<p style=\"text-align: center;\"><a class=\"plain\" href=\"https:\/\/www.urlaubcornwall.de\/ferienhaeuser-fewos\/eng\/sussex\/uckfield-hundefreundlich.html\">uckfield-hundefreundlich.html<\/a><\/p>\n<p style=\"text-align: center;\"><a class=\"plain\" href=\"https:\/\/www.urlaubcornwall.de\/ferienhaeuser-fewos\/eng\/sussex\/winchelsea-hundefreundlich.html\">winchelsea-hundefreundlich.html<\/a> (29)<\/p>\n\n<p style=\"text-align: center;\">Pers\u00f6nlich inspizierte Ferienh\u00e4user &amp; Ferienwohnungen mit Hunde erlaubt f\u00fcr Ihren <a href=\"https:\/\/www.urlaubcornwall.de\/reiseziel\/england.php\">Urlaub in England<\/a>.<\/p>\n","protected":false},"excerpt":{"rendered":"<p>Bei uns finden Sie Hundefreundliche Ferienh\u00e4user in Sussex zum Verlieben &#8211; so einfach ist das! Mit dem Hund in den Urlaub zu fahren ist immer ein sch\u00f6nes Erlebnis, aber in Ost &amp; West Sussex mit seinen herrlichen Landschaften &amp; K\u00fcste ist ein Urlaub mit dem vierbeinigen Freund einfach traumhaft. Nach einem aufregenden Tag im Freien [&hellip;]<\/p>\n","protected":false},"author":1,"featured_media":0,"parent":0,"menu_order":0,"comment_status":"closed","ping_status":"closed","template":"single-four.php","meta":[],"acf":[],"yoast_head":"<!-- This site is optimized with the Yoast SEO plugin v19.4 - https:\/\/yoast.com\/wordpress\/plugins\/seo\/ -->\n<title>Ferienh\u00e4user Sussex mit Hund \u2013 Sch\u00f6nsten D\u00f6rfer und K\u00fcstenst\u00e4dte - Urlaub &amp; Reisen<\/title>\n<meta name=\"robots\" content=\"index, follow, max-snippet:-1, max-image-preview:large, max-video-preview:-1\" \/>\n<link rel=\"canonical\" href=\"https:\/\/www.urlaubcornwall.de\/blog\/ferienhaeuser-sussex-mit-hund-schoensten-doerfer-und-kuestenstaedte\/\" \/>\n<meta property=\"og:locale\" content=\"en_US\" \/>\n<meta property=\"og:type\" content=\"article\" \/>\n<meta property=\"og:title\" content=\"Ferienh\u00e4user Sussex mit Hund \u2013 Sch\u00f6nsten D\u00f6rfer und K\u00fcstenst\u00e4dte - Urlaub &amp; Reisen\" \/>\n<meta property=\"og:description\" content=\"Bei uns finden Sie Hundefreundliche Ferienh\u00e4user in Sussex zum Verlieben &#8211; so einfach ist das! Mit dem Hund in den Urlaub zu fahren ist immer ein sch\u00f6nes Erlebnis, aber in Ost &amp; West Sussex mit seinen herrlichen Landschaften &amp; K\u00fcste ist ein Urlaub mit dem vierbeinigen Freund einfach traumhaft. Nach einem aufregenden Tag im Freien [&hellip;]\" \/>\n<meta property=\"og:url\" content=\"https:\/\/www.urlaubcornwall.de\/blog\/ferienhaeuser-sussex-mit-hund-schoensten-doerfer-und-kuestenstaedte\/\" \/>\n<meta property=\"og:site_name\" content=\"Urlaub &amp; Reisen\" \/>\n<meta property=\"article:modified_time\" content=\"2019-04-08T15:06:02+00:00\" \/>\n<meta property=\"og:image\" content=\"https:\/\/www.urlaubcornwall.de\/blog\/wp-content\/uploads\/2016\/07\/bosham-sussex-england.jpg\" \/>\n<meta name=\"twitter:card\" content=\"summary\" \/>\n<meta name=\"twitter:label1\" content=\"Est. reading time\" \/>\n\t<meta name=\"twitter:data1\" content=\"1 minute\" \/>\n<script type=\"application\/ld+json\" class=\"yoast-schema-graph\">{\"@context\":\"https:\/\/schema.org\",\"@graph\":[{\"@type\":\"WebSite\",\"@id\":\"https:\/\/www.urlaubcornwall.de\/blog\/#website\",\"url\":\"https:\/\/www.urlaubcornwall.de\/blog\/\",\"name\":\"Urlaub &amp; Reisen\",\"description\":\"Urlaub, Reisen, Cornwall und S\u00fcdengland: eine perfekte Kombination\",\"potentialAction\":[{\"@type\":\"SearchAction\",\"target\":{\"@type\":\"EntryPoint\",\"urlTemplate\":\"https:\/\/www.urlaubcornwall.de\/blog\/?s={search_term_string}\"},\"query-input\":\"required name=search_term_string\"}],\"inLanguage\":\"en-US\"},{\"@type\":\"WebPage\",\"@id\":\"https:\/\/www.urlaubcornwall.de\/blog\/ferienhaeuser-sussex-mit-hund-schoensten-doerfer-und-kuestenstaedte\/\",\"url\":\"https:\/\/www.urlaubcornwall.de\/blog\/ferienhaeuser-sussex-mit-hund-schoensten-doerfer-und-kuestenstaedte\/\",\"name\":\"Ferienh\u00e4user Sussex mit Hund \u2013 Sch\u00f6nsten D\u00f6rfer und K\u00fcstenst\u00e4dte - Urlaub &amp; Reisen\",\"isPartOf\":{\"@id\":\"https:\/\/www.urlaubcornwall.de\/blog\/#website\"},\"datePublished\":\"2017-11-11T15:12:33+00:00\",\"dateModified\":\"2019-04-08T15:06:02+00:00\",\"breadcrumb\":{\"@id\":\"https:\/\/www.urlaubcornwall.de\/blog\/ferienhaeuser-sussex-mit-hund-schoensten-doerfer-und-kuestenstaedte\/#breadcrumb\"},\"inLanguage\":\"en-US\",\"potentialAction\":[{\"@type\":\"ReadAction\",\"target\":[\"https:\/\/www.urlaubcornwall.de\/blog\/ferienhaeuser-sussex-mit-hund-schoensten-doerfer-und-kuestenstaedte\/\"]}]},{\"@type\":\"BreadcrumbList\",\"@id\":\"https:\/\/www.urlaubcornwall.de\/blog\/ferienhaeuser-sussex-mit-hund-schoensten-doerfer-und-kuestenstaedte\/#breadcrumb\",\"itemListElement\":[{\"@type\":\"ListItem\",\"position\":1,\"name\":\"Home\",\"item\":\"https:\/\/www.urlaubcornwall.de\/blog\/\"},{\"@type\":\"ListItem\",\"position\":2,\"name\":\"Ferienh\u00e4user Sussex mit Hund \u2013 Sch\u00f6nsten D\u00f6rfer und K\u00fcstenst\u00e4dte\"}]}]}<\/script>\n<!-- \/ Yoast SEO plugin. -->","yoast_head_json":{"title":"Ferienh\u00e4user Sussex mit Hund \u2013 Sch\u00f6nsten D\u00f6rfer und K\u00fcstenst\u00e4dte - Urlaub &amp; Reisen","robots":{"index":"index","follow":"follow","max-snippet":"max-snippet:-1","max-image-preview":"max-image-preview:large","max-video-preview":"max-video-preview:-1"},"canonical":"https:\/\/www.urlaubcornwall.de\/blog\/ferienhaeuser-sussex-mit-hund-schoensten-doerfer-und-kuestenstaedte\/","og_locale":"en_US","og_type":"article","og_title":"Ferienh\u00e4user Sussex mit Hund \u2013 Sch\u00f6nsten D\u00f6rfer und K\u00fcstenst\u00e4dte - Urlaub &amp; Reisen","og_description":"Bei uns finden Sie Hundefreundliche Ferienh\u00e4user in Sussex zum Verlieben &#8211; so einfach ist das! Mit dem Hund in den Urlaub zu fahren ist immer ein sch\u00f6nes Erlebnis, aber in Ost &amp; West Sussex mit seinen herrlichen Landschaften &amp; K\u00fcste ist ein Urlaub mit dem vierbeinigen Freund einfach traumhaft. Nach einem aufregenden Tag im Freien [&hellip;]","og_url":"https:\/\/www.urlaubcornwall.de\/blog\/ferienhaeuser-sussex-mit-hund-schoensten-doerfer-und-kuestenstaedte\/","og_site_name":"Urlaub &amp; Reisen","article_modified_time":"2019-04-08T15:06:02+00:00","og_image":[{"url":"https:\/\/www.urlaubcornwall.de\/blog\/wp-content\/uploads\/2016\/07\/bosham-sussex-england.jpg"}],"twitter_card":"summary","twitter_misc":{"Est. reading time":"1 minute"},"schema":{"@context":"https:\/\/schema.org","@graph":[{"@type":"WebSite","@id":"https:\/\/www.urlaubcornwall.de\/blog\/#website","url":"https:\/\/www.urlaubcornwall.de\/blog\/","name":"Urlaub &amp; Reisen","description":"Urlaub, Reisen, Cornwall und S\u00fcdengland: eine perfekte Kombination","potentialAction":[{"@type":"SearchAction","target":{"@type":"EntryPoint","urlTemplate":"https:\/\/www.urlaubcornwall.de\/blog\/?s={search_term_string}"},"query-input":"required name=search_term_string"}],"inLanguage":"en-US"},{"@type":"WebPage","@id":"https:\/\/www.urlaubcornwall.de\/blog\/ferienhaeuser-sussex-mit-hund-schoensten-doerfer-und-kuestenstaedte\/","url":"https:\/\/www.urlaubcornwall.de\/blog\/ferienhaeuser-sussex-mit-hund-schoensten-doerfer-und-kuestenstaedte\/","name":"Ferienh\u00e4user Sussex mit Hund \u2013 Sch\u00f6nsten D\u00f6rfer und K\u00fcstenst\u00e4dte - Urlaub &amp; Reisen","isPartOf":{"@id":"https:\/\/www.urlaubcornwall.de\/blog\/#website"},"datePublished":"2017-11-11T15:12:33+00:00","dateModified":"2019-04-08T15:06:02+00:00","breadcrumb":{"@id":"https:\/\/www.urlaubcornwall.de\/blog\/ferienhaeuser-sussex-mit-hund-schoensten-doerfer-und-kuestenstaedte\/#breadcrumb"},"inLanguage":"en-US","potentialAction":[{"@type":"ReadAction","target":["https:\/\/www.urlaubcornwall.de\/blog\/ferienhaeuser-sussex-mit-hund-schoensten-doerfer-und-kuestenstaedte\/"]}]},{"@type":"BreadcrumbList","@id":"https:\/\/www.urlaubcornwall.de\/blog\/ferienhaeuser-sussex-mit-hund-schoensten-doerfer-und-kuestenstaedte\/#breadcrumb","itemListElement":[{"@type":"ListItem","position":1,"name":"Home","item":"https:\/\/www.urlaubcornwall.de\/blog\/"},{"@type":"ListItem","position":2,"name":"Ferienh\u00e4user Sussex mit Hund \u2013 Sch\u00f6nsten D\u00f6rfer und K\u00fcstenst\u00e4dte"}]}]}},"_links":{"self":[{"href":"https:\/\/www.urlaubcornwall.de\/blog\/wp-json\/wp\/v2\/pages\/30274"}],"collection":[{"href":"https:\/\/www.urlaubcornwall.de\/blog\/wp-json\/wp\/v2\/pages"}],"about":[{"href":"https:\/\/www.urlaubcornwall.de\/blog\/wp-json\/wp\/v2\/types\/page"}],"author":[{"embeddable":true,"href":"https:\/\/www.urlaubcornwall.de\/blog\/wp-json\/wp\/v2\/users\/1"}],"replies":[{"embeddable":true,"href":"https:\/\/www.urlaubcornwall.de\/blog\/wp-json\/wp\/v2\/comments?post=30274"}],"version-history":[{"count":3,"href":"https:\/\/www.urlaubcornwall.de\/blog\/wp-json\/wp\/v2\/pages\/30274\/revisions"}],"predecessor-version":[{"id":37522,"href":"https:\/\/www.urlaubcornwall.de\/blog\/wp-json\/wp\/v2\/pages\/30274\/revisions\/37522"}],"wp:attachment":[{"href":"https:\/\/www.urlaubcornwall.de\/blog\/wp-json\/wp\/v2\/media?parent=30274"}],"curies":[{"name":"wp","href":"https:\/\/api.w.org\/{rel}","templated":true}]}}