{"id":30258,"date":"2017-11-10T15:10:33","date_gmt":"2017-11-10T15:10:33","guid":{"rendered":"https:\/\/www.urlaubcornwall.de\/blog\/?page_id=30258"},"modified":"2026-01-04T11:27:34","modified_gmt":"2026-01-04T11:27:34","slug":"whisky-tour-rundreise-schottland-8-tage","status":"publish","type":"page","link":"https:\/\/www.urlaubcornwall.de\/blog\/whisky-tour-rundreise-schottland-8-tage\/","title":{"rendered":"Whisky Tour &#8211; Rundreise Schottland 8 Tage"},"content":{"rendered":"<p><a href=\"https:\/\/www.urlaubcornwall.de\/blog\/wp-content\/uploads\/2024\/03\/whisky-schottland-1.jpg\"><img loading=\"lazy\" src=\"https:\/\/www.urlaubcornwall.de\/blog\/wp-content\/uploads\/2024\/03\/whisky-schottland-1.jpg\" alt=\"whisky schottland\" width=\"750\" height=\"500\" class=\"alignnone size-full wp-image-48023\" srcset=\"https:\/\/www.urlaubcornwall.de\/blog\/wp-content\/uploads\/2024\/03\/whisky-schottland-1.jpg 750w, https:\/\/www.urlaubcornwall.de\/blog\/wp-content\/uploads\/2024\/03\/whisky-schottland-1-300x200.jpg 300w\" sizes=\"(max-width: 750px) 100vw, 750px\" \/><\/a><\/p>\n<p style=\"text-align: center;\"><strong>Highlights: Whisky-Brennereien, Edinburgh, Loch Ness, Oban<br \/>\n<\/strong><\/p>\n<p>Haben Sie gewusst, dass es in Schottland f\u00fcnf Regionen gibt, die Whisky herstellen? Lowland, Islay, Campbeltown, Highland und Speyside! Diese Selbstfahrertour bietet Ihnen zahlreiche M\u00f6glichkeiten verschiedene Whisky Destillerien zu besichtigen. Highlight ist sicherlich der Besuch des Scotch Malt Whisky Society Clubs in Edinburgh. Aber auch zahlreiche landschaftliche H\u00f6hepunkte sind in dieser Selbstfahrertour enthalten. Darunter die Highlands, der Loch Ness, das Tal Glencoe sowie der Loch Lomond.<\/p>\n<p><strong>Schottland Whisky Reise &#8220;Pur&#8221; &#8211; Whisky Reisen Schottland 8 Tage <\/strong>&#8211; 7 N\u00e4chte | ab\/bis Edinburgh<\/p>\n<p>Folgende Unterkunftskategorien stehen zur Auswahl:<\/p>\n<p>Bronze = Bed &amp; Breakfast Unterk\u00fcnfte und Inns (mit eigenem Bad)<\/p>\n<p>Silber = Mittelklassehotels<\/p>\n<p>Gold = gehobenere Hotels<\/p>\n<p style=\"text-align: center;\"><a class=\"tidycta\" href=\"http:\/\/www.urlaubcornwall.de\/anfrage.php?tourcode=EEDHDWT\">Anfrage \/ Buchung<\/a><\/p>\n<p><strong>Tourbeschreibung<\/strong><\/p>\n<p><strong>1. Tag: Edinburgh, Schottland Whisky Reise<\/strong><\/p>\n<p>Nachdem Sie am Flughafen angekommen sind, nehmen Sie den Mietwagen entgegen und fahren nach Edinburgh. Beginn der Autoreise Schottland: Besuch des Scotch Whisky Heritage Centers, das sich in einem ehemaligen Geb\u00e4ude der Royal Mile befindet. Die Ausstellung zeigt die verschiedenen Verarbeitungsstufen und den Prozess, den die Herstellung des Nationalgetr\u00e4nks erfordert. Dort k\u00f6nnen Sie auch Whisky kaufen. Zudem erhalten Sie auch eine Einladung zur Scotch Malt Whisky Society, einer privaten Vereinigung von Whisky Enthusiasten, deren Mitglieder auf der ganzen Welt verstreut sind. Dieser Verein kann Whisky von den einzelnen Destillerien beziehen, der direkt aus den F\u00e4ssern kommt und deshalb einen h\u00f6heren Prozentsatz an Alkohol hat, als die sp\u00e4ter in Flaschen abgef\u00fcllten Whiskysorten. Mit Ihrer Einladung haben Sie Zugang zu den Club-R\u00e4umen; eine Probe ist inklusive. \u00dcbernachtung im Raum Edinburgh.<\/p>\n<p><strong>2. Tag: Edinburgh Perthshire<\/strong><\/p>\n<p>Sollte Ihr Zeitplan es zulassen, besichtigen Sie doch noch die imposante Burg, eine der k\u00f6niglichen Residenzen in Schottland. Danach verlassen Sie Edinburgh \u00fcber die imposante Suspension Br\u00fccke. Die Fahrt f\u00fchrt nun in die Region Perthshire. Auf dem Weg dorthin sollten Sie es nicht vers\u00e4umen den Scone Palace zu besuchen. Hier wurden fr\u00fcher die schottischen K\u00f6nige auf dem Schicksalsstein, dem \u201eStone of Destiny\u201c gekr\u00f6nt. Auch Glamis Castle ist nicht weit entfernt. Hier hat Elisabeth, die K\u00f6nigin Mutter, ihre Kindheit verbrachte. Weiterfahrt auf der A85 nach Crieff, wo Sie die Glenturret Destillery besuchen k\u00f6nnen, eine der \u00e4ltesten Destillerien in Schottland \u00fcberhaupt. Bei einer F\u00fchrung erhalten Sie einen lebendigen Eindruck von der Whiskyherstellung. Im zweiten Teil der F\u00fchrung geht es um eine interaktive Erfahrung, rund um den Famous Grouse, einem der Bestseller dort. \u00dcbernachtung im Raum Perthshire.<\/p>\n<p><strong>3. Tag: Perthshire &#8211; Aberdeenshire<\/strong><\/p>\n<p>Voller Tag f\u00fcr Islay heute. Islay ist ber\u00fchmt f\u00fcr seine Whisky-Sorten, die Ihren ganz eigenen Geschmack entfalten. Wir werden heute die erste von insgesamt acht Destillerien auf unserer Whisky Reise Schottland besuchen: Kilchoman. Am Nachmittag steht dann eine Verk\u00f6stigung in der Bruichladdich Distillery auf dem Programm, bevor wir entlang der K\u00fcste zum Hotel zur\u00fcckfahren. \u00dcbernachtung wie am Vortag<\/p>\n<p><strong>4. Tag: Aberdeenshire<\/strong><\/p>\n<p>Den heutigen Tag verbringen Sie in dieser Region. Die wichtigste Destillerie hier ist die Royal Lochanagar Distillerie. Sehenswert ist ebenfalls das bekannte Balmoral Castle, Urlaubsdomizil der Queen und die Kirche in Crathie, in der auch die k\u00f6nigliche Familie w\u00e4hrend ihrer Aufenthalte in Schottland den Gottesdienst besucht. R\u00fcckfahrt zum Hotel. \u00dcbernachtung wie am Vortag.<\/p>\n<p><strong>5. Tag: Aberdeenshire &#8211; Inverness<\/strong><\/p>\n<p>Fahrt durch die Grampian Mountains, vorbei an Tomintoul, dem h\u00f6chstgelegenen Dorf Schottlands und weiter nach Grantown-on-Spy. Am heutigen Tag haben Sie wieder die Gelegenheit eine oder mehrere Whisky-Destillerien zu besuchen, da es hier gut 30 Whiskybrennereien gibt. F\u00fcr eine davon sollte man sich in jedem Fall Zeit nehmen \u2013 z.B. Glenfiddich, Glenlivet, Cardhu, Tomintoul, Knockando, Balvenie oder Macallan. Es werden \u00fcberall Touren mit anschlie\u00dfender Verk\u00f6stigung angeboten. Weiter geht es nach Nairn, bekannt f\u00fcr seine Golfpl\u00e4tze und wundersch\u00f6nen Sandstr\u00e4nde. Wenn es die Zeit noch erlaubt, sehen Sie sich Cawdor Castle an oder auch eventuell Besichtigung von Culloden Moor, wo 1746 die Stewartanh\u00e4nger von Prince Charles vernichtend geschlagen wurden. \u00dcbernachtung im Raum Inverness.<\/p>\n<p><strong>6. Tag: Inverness &#8211; Oban<\/strong><\/p>\n<p>Nach dem Besuch von Inverness f\u00fchrt die Fahrt entlang des Loch Ness \u2013 vielleicht haben Sie ja Gl\u00fcck und erhaschen einen Blick auf Nessie? Dort sehen Sie auch die ber\u00fchmte Ruine von Urquhart Castle. Bootsfahrten auf dem See werden angeboten. Weiter geht die Fahrt via Fort Augustus und dem kaledonischen Kanal nach Fort William, am Fu\u00dfe des Ben Nevis gelegen, dem h\u00f6chsten Berg in Gro\u00dfbritannien. Dort k\u00f6nnen Sie auch die Ben Nevis Destillery besuchen. Weiterfahrt entlang des Loch Linnhe nach Oban, dem wichtigen F\u00e4hrhafen f\u00fcr viele Hebriden-Inseln. Probieren Sie hier doch heute Abend eines der vielen Meeresfr\u00fcchte-Restaurants mit sch\u00f6nem Blick auf das Meer aus. \u00dcbernachtung im Raum Oban.<\/p>\n<p><strong>7. Tag: Oban &#8211; Trossachs<\/strong><\/p>\n<p>Zun\u00e4chst f\u00fchrt die Fahrt heute zur Oban Destillery, die auf einem Kliff \u00fcber Oban thront. Weiter geht es \u00fcber den Brander Pass zum Loch Awe nach Inveraray, dem wei\u00dfget\u00fcnchten Ort aus dem 18. Jahrhundert. Besichtigung von Inveraray Castle, dem Sitz des Herzogs von Argyll und dem Clan der Campbells. Vorbei an Drymen geht es nach Killearn, wo Sie noch eine letzte Whisky-Destillerie besuchen k\u00f6nnen: Glengoyne Distillery, gegr\u00fcndet 1836. \u00dcbernachtung im Raum Trossachs\/ Loch Lomond.<\/p>\n<p><strong>8. Tag: Trossachs &#8211; Edinburgh<\/strong><\/p>\n<p>Der heutige Tag steht ganz im Zeichen des Whiskys. Der erste Besuch gilt heute der Benromach Distillery. Von hier ist es nicht weit nach Elgin an der Nordk\u00fcste, wo wir einen Halt einlegen werden. Danach geht es nach Aberlour mit einem Besuch der dortigen Whisky-Disillery. R\u00fcckfahrt zum Hotel. \u00dcbernachtung wie am Vortag<\/p>\n<p><strong>Eingeschlossene Leistungen<\/strong><\/p>\n<p>7 N\u00e4chte in der gew\u00fcnschten Kategorie (Bronze, Silber oder Gold)<\/p>\n<p>T\u00e4gliches Fr\u00fchst\u00fcck<\/p>\n<p>Einladung zum privaten Club der Scotch Malt Whisky Society inkl. Probe<\/p>\n<p>1 Reisef\u00fchrer \u00fcber Schottland<\/p>\n<p><strong>Nicht eingeschlossene Leistungen:<\/strong><\/p>\n<p>Fl\u00fcge (bieten wir Ihnen gerne passend dazu an)<\/p>\n<p>Mietwagen (bieten wir Ihnen gerne passend an)<\/p>\n<p>Trinkgelder, Benzin, Eintritte<\/p>\n<p>T\u00e4glich m\u00f6glich vom 01.05. bis 31.10.2026.<\/p>\n<p>Weitere Termine auf Anfrage.<\/p>\n<p><strong>Preise 2026:<\/strong><\/p>\n<p>Silber (3* Hotels)<\/p>\n<p>Mai, Juni &#038; Oktober \u20ac 1.160,- pro Person im Doppelzimmer | \u20ac 1.795,- pro Person im Einzelzimmer<\/p>\n<p>Juli \u20ac 1.260,- pro Person im Doppelzimmer |\u20ac 1.895,- pro Person im Einzelzimmer<\/p>\n<p>August \u20ac 1.345,- pro Person im Doppelzimmer | \u20ac 1.985,- pro Person im Einzelzimmer<\/p>\n<p>September \u20ac 1.205,- pro Person im Doppelzimmer | \u20ac 1.845,- pro Person im Einzelzimmer<\/p>\n<p><strong>Gold (4* Hotels, Herrenh\u00e4user oder Castles): <\/strong><\/p>\n<p>Mai, Juni &#038; Oktober \u20ac 1.475,- pro Person im Doppelzimmer | \u20ac 2.305,- pro Person im Einzelzimmer<\/p>\n<p>Juli \u20ac 1.505,- pro Person im Doppelzimmer | \u20ac 2.335,- pro Person im Einzelzimmer<\/p>\n<p>August \u20ac 1.595,- pro Person im Doppelzimmer | \u20ac 2.425,- pro Person im Einzelzimmer<\/p>\n<p>September \u20ac 1.515,- pro Person im Doppelzimmer | \u20ac 2.345,- pro Person im Einzelzimmer<\/p>\n<p>Weitere Zimmerkategorien auf Anfrage<\/p>\n<p style=\"text-align: center;\"><a class=\"tidycta\" href=\"http:\/\/www.urlaubcornwall.de\/anfrage.php?tourcode=EEDHDWT\">Anfrage \/ Buchung<\/a><\/p>\n<p style=\"text-align: left;\">UrlaubCornwall haben Touren im Angebot f\u00fcr Individualreisende. Hier finden Sie unsere Auswahl an fantastischen&nbsp;<a href=\"https:\/\/www.urlaubcornwall.de\/blog\/rundreisen-schottland\/\"><span style=\"text-decoration: underline;\">Rundreisen und Touren in Schottland<\/span>. <\/a>Unsere Websitedetails zeigen lediglich eine kleine Auswahl dessen, was wir anbieten k\u00f6nnen. Wir stellen Ihnen gerne ein <a href=\"http:\/\/www.urlaubcornwall.de\/anfrage.php\"><span style=\"text-decoration: underline;\">unverbindliches Angebot<\/span><\/a> mit allen Fl\u00fcgen und Transfers f\u00fcr Ihre Grossbritannien Reise zusammen.<\/p>\n","protected":false},"excerpt":{"rendered":"<p>Highlights: Whisky-Brennereien, Edinburgh, Loch Ness, Oban Haben Sie gewusst, dass es in Schottland f\u00fcnf Regionen gibt, die Whisky herstellen? Lowland, Islay, Campbeltown, Highland und Speyside! Diese Selbstfahrertour bietet Ihnen zahlreiche M\u00f6glichkeiten verschiedene Whisky Destillerien zu besichtigen. Highlight ist sicherlich der Besuch des Scotch Malt Whisky Society Clubs in Edinburgh. Aber auch zahlreiche landschaftliche H\u00f6hepunkte sind [&hellip;]<\/p>\n","protected":false},"author":1,"featured_media":0,"parent":0,"menu_order":0,"comment_status":"closed","ping_status":"closed","template":"single-four.php","meta":[],"acf":[],"yoast_head":"<!-- This site is optimized with the Yoast SEO plugin v19.4 - https:\/\/yoast.com\/wordpress\/plugins\/seo\/ -->\n<title>Whisky Tour - Rundreise Schottland 8 Tage - Urlaub &amp; Reisen<\/title>\n<meta name=\"robots\" content=\"index, follow, max-snippet:-1, max-image-preview:large, max-video-preview:-1\" \/>\n<link rel=\"canonical\" href=\"https:\/\/www.urlaubcornwall.de\/blog\/whisky-tour-rundreise-schottland-8-tage\/\" \/>\n<meta property=\"og:locale\" content=\"en_US\" \/>\n<meta property=\"og:type\" content=\"article\" \/>\n<meta property=\"og:title\" content=\"Whisky Tour - Rundreise Schottland 8 Tage - Urlaub &amp; Reisen\" \/>\n<meta property=\"og:description\" content=\"Highlights: Whisky-Brennereien, Edinburgh, Loch Ness, Oban Haben Sie gewusst, dass es in Schottland f\u00fcnf Regionen gibt, die Whisky herstellen? Lowland, Islay, Campbeltown, Highland und Speyside! Diese Selbstfahrertour bietet Ihnen zahlreiche M\u00f6glichkeiten verschiedene Whisky Destillerien zu besichtigen. Highlight ist sicherlich der Besuch des Scotch Malt Whisky Society Clubs in Edinburgh. Aber auch zahlreiche landschaftliche H\u00f6hepunkte sind [&hellip;]\" \/>\n<meta property=\"og:url\" content=\"https:\/\/www.urlaubcornwall.de\/blog\/whisky-tour-rundreise-schottland-8-tage\/\" \/>\n<meta property=\"og:site_name\" content=\"Urlaub &amp; Reisen\" \/>\n<meta property=\"article:modified_time\" content=\"2026-01-04T11:27:34+00:00\" \/>\n<meta property=\"og:image\" content=\"https:\/\/www.urlaubcornwall.de\/blog\/wp-content\/uploads\/2024\/03\/whisky-schottland-1.jpg\" \/>\n<meta name=\"twitter:card\" content=\"summary\" \/>\n<meta name=\"twitter:label1\" content=\"Est. reading time\" \/>\n\t<meta name=\"twitter:data1\" content=\"6 minutes\" \/>\n<script type=\"application\/ld+json\" class=\"yoast-schema-graph\">{\"@context\":\"https:\/\/schema.org\",\"@graph\":[{\"@type\":\"WebSite\",\"@id\":\"https:\/\/www.urlaubcornwall.de\/blog\/#website\",\"url\":\"https:\/\/www.urlaubcornwall.de\/blog\/\",\"name\":\"Urlaub &amp; Reisen\",\"description\":\"Urlaub, Reisen, Cornwall und S\u00fcdengland: eine perfekte Kombination\",\"potentialAction\":[{\"@type\":\"SearchAction\",\"target\":{\"@type\":\"EntryPoint\",\"urlTemplate\":\"https:\/\/www.urlaubcornwall.de\/blog\/?s={search_term_string}\"},\"query-input\":\"required name=search_term_string\"}],\"inLanguage\":\"en-US\"},{\"@type\":\"WebPage\",\"@id\":\"https:\/\/www.urlaubcornwall.de\/blog\/whisky-tour-rundreise-schottland-8-tage\/\",\"url\":\"https:\/\/www.urlaubcornwall.de\/blog\/whisky-tour-rundreise-schottland-8-tage\/\",\"name\":\"Whisky Tour - Rundreise Schottland 8 Tage - Urlaub &amp; Reisen\",\"isPartOf\":{\"@id\":\"https:\/\/www.urlaubcornwall.de\/blog\/#website\"},\"datePublished\":\"2017-11-10T15:10:33+00:00\",\"dateModified\":\"2026-01-04T11:27:34+00:00\",\"breadcrumb\":{\"@id\":\"https:\/\/www.urlaubcornwall.de\/blog\/whisky-tour-rundreise-schottland-8-tage\/#breadcrumb\"},\"inLanguage\":\"en-US\",\"potentialAction\":[{\"@type\":\"ReadAction\",\"target\":[\"https:\/\/www.urlaubcornwall.de\/blog\/whisky-tour-rundreise-schottland-8-tage\/\"]}]},{\"@type\":\"BreadcrumbList\",\"@id\":\"https:\/\/www.urlaubcornwall.de\/blog\/whisky-tour-rundreise-schottland-8-tage\/#breadcrumb\",\"itemListElement\":[{\"@type\":\"ListItem\",\"position\":1,\"name\":\"Home\",\"item\":\"https:\/\/www.urlaubcornwall.de\/blog\/\"},{\"@type\":\"ListItem\",\"position\":2,\"name\":\"Whisky Tour &#8211; Rundreise Schottland 8 Tage\"}]}]}<\/script>\n<!-- \/ Yoast SEO plugin. -->","yoast_head_json":{"title":"Whisky Tour - Rundreise Schottland 8 Tage - Urlaub &amp; Reisen","robots":{"index":"index","follow":"follow","max-snippet":"max-snippet:-1","max-image-preview":"max-image-preview:large","max-video-preview":"max-video-preview:-1"},"canonical":"https:\/\/www.urlaubcornwall.de\/blog\/whisky-tour-rundreise-schottland-8-tage\/","og_locale":"en_US","og_type":"article","og_title":"Whisky Tour - Rundreise Schottland 8 Tage - Urlaub &amp; Reisen","og_description":"Highlights: Whisky-Brennereien, Edinburgh, Loch Ness, Oban Haben Sie gewusst, dass es in Schottland f\u00fcnf Regionen gibt, die Whisky herstellen? Lowland, Islay, Campbeltown, Highland und Speyside! Diese Selbstfahrertour bietet Ihnen zahlreiche M\u00f6glichkeiten verschiedene Whisky Destillerien zu besichtigen. Highlight ist sicherlich der Besuch des Scotch Malt Whisky Society Clubs in Edinburgh. Aber auch zahlreiche landschaftliche H\u00f6hepunkte sind [&hellip;]","og_url":"https:\/\/www.urlaubcornwall.de\/blog\/whisky-tour-rundreise-schottland-8-tage\/","og_site_name":"Urlaub &amp; Reisen","article_modified_time":"2026-01-04T11:27:34+00:00","og_image":[{"url":"https:\/\/www.urlaubcornwall.de\/blog\/wp-content\/uploads\/2024\/03\/whisky-schottland-1.jpg"}],"twitter_card":"summary","twitter_misc":{"Est. reading time":"6 minutes"},"schema":{"@context":"https:\/\/schema.org","@graph":[{"@type":"WebSite","@id":"https:\/\/www.urlaubcornwall.de\/blog\/#website","url":"https:\/\/www.urlaubcornwall.de\/blog\/","name":"Urlaub &amp; Reisen","description":"Urlaub, Reisen, Cornwall und S\u00fcdengland: eine perfekte Kombination","potentialAction":[{"@type":"SearchAction","target":{"@type":"EntryPoint","urlTemplate":"https:\/\/www.urlaubcornwall.de\/blog\/?s={search_term_string}"},"query-input":"required name=search_term_string"}],"inLanguage":"en-US"},{"@type":"WebPage","@id":"https:\/\/www.urlaubcornwall.de\/blog\/whisky-tour-rundreise-schottland-8-tage\/","url":"https:\/\/www.urlaubcornwall.de\/blog\/whisky-tour-rundreise-schottland-8-tage\/","name":"Whisky Tour - Rundreise Schottland 8 Tage - Urlaub &amp; Reisen","isPartOf":{"@id":"https:\/\/www.urlaubcornwall.de\/blog\/#website"},"datePublished":"2017-11-10T15:10:33+00:00","dateModified":"2026-01-04T11:27:34+00:00","breadcrumb":{"@id":"https:\/\/www.urlaubcornwall.de\/blog\/whisky-tour-rundreise-schottland-8-tage\/#breadcrumb"},"inLanguage":"en-US","potentialAction":[{"@type":"ReadAction","target":["https:\/\/www.urlaubcornwall.de\/blog\/whisky-tour-rundreise-schottland-8-tage\/"]}]},{"@type":"BreadcrumbList","@id":"https:\/\/www.urlaubcornwall.de\/blog\/whisky-tour-rundreise-schottland-8-tage\/#breadcrumb","itemListElement":[{"@type":"ListItem","position":1,"name":"Home","item":"https:\/\/www.urlaubcornwall.de\/blog\/"},{"@type":"ListItem","position":2,"name":"Whisky Tour &#8211; Rundreise Schottland 8 Tage"}]}]}},"_links":{"self":[{"href":"https:\/\/www.urlaubcornwall.de\/blog\/wp-json\/wp\/v2\/pages\/30258"}],"collection":[{"href":"https:\/\/www.urlaubcornwall.de\/blog\/wp-json\/wp\/v2\/pages"}],"about":[{"href":"https:\/\/www.urlaubcornwall.de\/blog\/wp-json\/wp\/v2\/types\/page"}],"author":[{"embeddable":true,"href":"https:\/\/www.urlaubcornwall.de\/blog\/wp-json\/wp\/v2\/users\/1"}],"replies":[{"embeddable":true,"href":"https:\/\/www.urlaubcornwall.de\/blog\/wp-json\/wp\/v2\/comments?post=30258"}],"version-history":[{"count":10,"href":"https:\/\/www.urlaubcornwall.de\/blog\/wp-json\/wp\/v2\/pages\/30258\/revisions"}],"predecessor-version":[{"id":51913,"href":"https:\/\/www.urlaubcornwall.de\/blog\/wp-json\/wp\/v2\/pages\/30258\/revisions\/51913"}],"wp:attachment":[{"href":"https:\/\/www.urlaubcornwall.de\/blog\/wp-json\/wp\/v2\/media?parent=30258"}],"curies":[{"name":"wp","href":"https:\/\/api.w.org\/{rel}","templated":true}]}}