{"id":30201,"date":"2017-11-01T11:46:19","date_gmt":"2017-11-01T11:46:19","guid":{"rendered":"https:\/\/www.urlaubcornwall.de\/blog\/?page_id=30201"},"modified":"2024-05-30T09:01:54","modified_gmt":"2024-05-30T09:01:54","slug":"hotels-maenporth-mit-hund-fuer-ihren-urlaub-cornwall","status":"publish","type":"page","link":"https:\/\/www.urlaubcornwall.de\/blog\/hotels-maenporth-mit-hund-fuer-ihren-urlaub-cornwall\/","title":{"rendered":"Hotels in Maenporth mit Hund f\u00fcr Ihren Urlaub in Cornwall."},"content":{"rendered":"<p><a href=\"https:\/\/www.urlaubcornwall.de\/blog\/wp-content\/uploads\/2024\/05\/Maenporth-Beach-Tim-Green-Flickr-1.jpg\"><img loading=\"lazy\" src=\"https:\/\/www.urlaubcornwall.de\/blog\/wp-content\/uploads\/2024\/05\/Maenporth-Beach-Tim-Green-Flickr-1.jpg\" alt=\"Maenporth-Beach\" width=\"750\" height=\"501\" class=\"alignnone size-full wp-image-50834\" srcset=\"https:\/\/www.urlaubcornwall.de\/blog\/wp-content\/uploads\/2024\/05\/Maenporth-Beach-Tim-Green-Flickr-1.jpg 750w, https:\/\/www.urlaubcornwall.de\/blog\/wp-content\/uploads\/2024\/05\/Maenporth-Beach-Tim-Green-Flickr-1-300x200.jpg 300w\" sizes=\"(max-width: 750px) 100vw, 750px\" \/><\/a><br \/>\nimage credit Tim-Green-Flickr<br \/>\nDie sch\u00f6nsten Hundefreundliche Hotels in der N\u00e4he Maenporth Strand &amp; Falmouth &#8211; Durchsuchen Sie unsere ganze Auswahl an hundefreundlichen Hotels. Mit dem Hund in den Urlaub zu fahren ist immer ein sch\u00f6nes Erlebnis, aber in Maenporth mit seinen herrlichen Landschaften und K\u00fcste ist ein <a href=\"https:\/\/www.urlaubcornwall.de\/reiseziel\/suedwestengland.php\">Urlaub in S\u00fcdwest-England<\/a> mit dem vierbeinigen Freund einfach traumhaft. Nach einem aufregenden Tag im Freien kann Ihre gesamte Familie den Abend entspannt zusammen in Ihrem fantastischen Hotel ausklingen lassen.<br \/>\n<ins class=\"bookingaff\" data-aid=\"1701257\" data-target_aid=\"1701257\" data-prod=\"map\" data-width=\"100%\" data-height=\"590\" data-lang=\"ualng\" data-dest_id=\"0\" data-dest_type=\"landmark\" data-latitude=\"50.152571\" data-longitude=\"-5.06627\" data-landmark_name=\"Falmouth Hotels und B&amp;Bs\" data-mwhsb=\"1\"><br \/>\n    <!-- Anything inside will go away once widget is loaded. --><br \/>\n        <a href=\"\/\/www.booking.com?aid=1701257\" rel=\"nofollow\">Booking.com<\/a><br \/>\n<\/ins><br \/>\n<script type=\"text\/javascript\">\n    (function(d, sc, u) {\n      var s = d.createElement(sc), p = d.getElementsByTagName(sc)[0];\n      s.type = 'text\/javascript';\n      s.async = true;\n      s.src = u + '?v=' + (+new Date());\n      p.parentNode.insertBefore(s,p);\n      })(document, 'script', '\/\/aff.bstatic.com\/static\/affiliate_base\/js\/flexiproduct.js');\n<\/script><\/p>\n<h2>Hier ist unsere handverlesene Auswahl an Hotels in Falmouth<\/h2>\n<h3>&nbsp;<\/h3>\n<div class=\"snippet\"> <a class=\"featured-item\" href=\" https:\/\/www.booking.com\/hotel\/gb\/thefalmouthhotel.en.html?aid=1320750&#038;no_rooms=1&#038;group_adults=1\" rel=\u201dnofollow\u201d> <span class=\"image-holder\" style=\"background-image: url(' https:\/\/www.urlaubcornwall.de\/blog\/wp-content\/uploads\/2019\/02\/Falmouth-Hotel-am-meer.jpg');\"><\/span> <span class=\"featured-content\"> \n<h2 class=\"featured-title\">Falmouth Hotel am Meer<\/h2>\n<p class=\"featured-body\"> Eingebettet in die englische Geschichte mit bemerkenswerter viktorianischer Architektur wurde das Hotel im gleichnamigen Seebad als erstes Hotel in dieser so beliebten Urlaubsregion gebaut&#8230;&#8230; <\/p><\/span> <span class=\"featured-link-holder\"> <span class=\"featured-extra-info\"> \n<p>F\u00fcr Paare und Familien<\/p>\n<\/span> \n<p class=\"featured-link\">DETAILS<\/p>\n<\/span> <\/a><\/div>\n<div class=\"snippet\"> <a class=\"featured-item\" href=\" https:\/\/www.urlaubcornwall.de\/blog\/merchants-manor-ein-hotel-im-landhausstil-in-falmouth\/\"> <span class=\"image-holder\" style=\"background-image: url(' https:\/\/www.urlaubcornwall.de\/blog\/wp-content\/uploads\/2019\/01\/merchants-manor-hotel-falmouth-2.jpg ');\"><\/span> <span class=\"featured-content\"> \n<h2 class=\"featured-title\"> Merchants Manor Hotel  Falmouth<\/h2>\n<p class=\"featured-body\">Merchants Manor liegt sowohl nahe am Hafen Falmouths als auch dem beliebten Sandstrand Gyllyngvase. Umfangreiche Renovierungsarbeiten wurden j\u00fcngst vorgenommen, um die originelle Landhaus-Aura wieder aufleben zu lassen&#8230;&#8230; <\/p><\/span> <span class=\"featured-link-holder\"> <span class=\"featured-extra-info\"> \n<p> Ein Hotel im Landhausstil in Falmouth<\/p>\n<\/span> \n<p class=\"featured-link\">DETAILS<\/p>\n<\/span> <\/a><\/div>\n<div class=\"snippet\"> <a class=\"featured-item\" href=\"https:\/\/www.urlaubcornwall.de\/blog\/budock-vean-hotel-mit-wunderschoenen-cornischen-gaerten-entlang-des-flusses-helford\/\"> <span class=\"image-holder\" style=\"background-image: url(' https:\/\/www.urlaubcornwall.de\/blog\/wp-content\/uploads\/2019\/01\/Budock-Vean-landhaus-Hotel-cornwall.jpg ');\"><\/span> <span class=\"featured-content\"> \n<h2 class=\"featured-title\">4-Sterne Budock Vean Hotel<\/h2>\n<p class=\"featured-body\">Es befindet sich innerhalb von 25 Hektar herrlichen G\u00e4rten, W\u00e4ldern und seinem eigenen Golfplatz \u2013 somit ist das Budock Vean in der Tat ein Refugium f\u00fcr Erholung und Entspannung&#8230;. <\/p><\/span> <span class=\"featured-link-holder\"> <span class=\"featured-extra-info\"> \n<p>Mit wundersch\u00f6nen cornischen G\u00e4rten<\/p>\n<\/span> \n<p class=\"featured-link\">DETAILS<\/p>\n<\/span> <\/a><\/div>\n<p>Klicken Sie hier, um sich unser vollst\u00e4ndiges Angebot der besten <a href=\"http:\/\/www.urlaubcornwall.de\/hotels.php\">Hotels in Cornwall<\/a><a href=\"https:\/\/www.urlaubcornwall.de\/hotels.php\">&gt;&gt;<\/a><\/p>\n<div class=\"snippet\"> <a class=\"featured-item\" href=\"https:\/\/www.urlaubcornwall.de\/ferienhaeuser\/cornwall.php\"> <span class=\"image-holder\" style=\"background-image: url(' https:\/\/www.urlaubcornwall.de\/blog\/wp-content\/uploads\/2018\/12\/ferienhaus-cornwall-mit-hund.jpg ');\"><\/span> <span class=\"featured-content\"> \n<h2 class=\"featured-title\">Ferienh\u00e4user in Cornwall zum Verlieben!<\/h2>\n<p class=\"featured-body\">Cornwall besitzt mehr K\u00fcstenlinien als jede andere Grafschaft und bietet einige der besten Str\u00e4nde, K\u00fcstenwanderwege und Klippenlandschaften, die man \u00fcberhaupt finden kann&#8230;.<\/p><\/span> <span class=\"featured-link-holder\"> <span class=\"featured-extra-info\"> \n<p>F\u00fcr Paare, Familien &#038; Gruppen<\/p>\n<\/span> \n<p class=\"featured-link\">DETAILS<\/p>\n<\/span> <\/a><\/div>\n<div class=\"snippet\"> <a class=\"featured-item\" href=\" https:\/\/www.urlaubcornwall.de\/rundreisen\/cornwall-suedengland.php\"> <span class=\"image-holder\" style=\"background-image: url(' https:\/\/www.urlaubcornwall.de\/blog\/wp-content\/uploads\/2018\/11\/rundreise-cornwall.jpg ');\"><\/span> <span class=\"featured-content\"> \n<h2 class=\"featured-title\">Individuelle Rundreise in Cornwall &#038; S\u00fcdengland<\/h2>\n<p class=\"featured-body\"> Bei dieser Cornwall Rundreise entdecken Sie die H\u00f6hepunkte S\u00fcdenglands. Kultur, Geschichte, Landschaft und heutiges Leben werden Sie hierbei kennenlernen&#8230;<\/p>\n<\/span> <span class=\"featured-link-holder\"> <span class=\"featured-extra-info\"> \n<p>Urlaub im eigenen Schritttempo<\/p>\n<\/span> \n<p class=\"featured-link\">DETAILS<\/p>\n<\/span> <\/a><\/div>\n","protected":false},"excerpt":{"rendered":"<p>image credit Tim-Green-Flickr Die sch\u00f6nsten Hundefreundliche Hotels in der N\u00e4he Maenporth Strand &amp; Falmouth &#8211; Durchsuchen Sie unsere ganze Auswahl an hundefreundlichen Hotels. Mit dem Hund in den Urlaub zu fahren ist immer ein sch\u00f6nes Erlebnis, aber in Maenporth mit seinen herrlichen Landschaften und K\u00fcste ist ein Urlaub in S\u00fcdwest-England mit dem vierbeinigen Freund einfach [&hellip;]<\/p>\n","protected":false},"author":1,"featured_media":0,"parent":0,"menu_order":0,"comment_status":"closed","ping_status":"closed","template":"single-four.php","meta":[],"acf":[],"yoast_head":"<!-- This site is optimized with the Yoast SEO plugin v19.4 - https:\/\/yoast.com\/wordpress\/plugins\/seo\/ -->\n<title>Hotels in Maenporth mit Hund f\u00fcr Ihren Urlaub in Cornwall. - Urlaub &amp; Reisen<\/title>\n<meta name=\"robots\" content=\"index, follow, max-snippet:-1, max-image-preview:large, max-video-preview:-1\" \/>\n<link rel=\"canonical\" href=\"https:\/\/www.urlaubcornwall.de\/blog\/hotels-maenporth-mit-hund-fuer-ihren-urlaub-cornwall\/\" \/>\n<meta property=\"og:locale\" content=\"en_US\" \/>\n<meta property=\"og:type\" content=\"article\" \/>\n<meta property=\"og:title\" content=\"Hotels in Maenporth mit Hund f\u00fcr Ihren Urlaub in Cornwall. - Urlaub &amp; Reisen\" \/>\n<meta property=\"og:description\" content=\"image credit Tim-Green-Flickr Die sch\u00f6nsten Hundefreundliche Hotels in der N\u00e4he Maenporth Strand &amp; Falmouth &#8211; Durchsuchen Sie unsere ganze Auswahl an hundefreundlichen Hotels. Mit dem Hund in den Urlaub zu fahren ist immer ein sch\u00f6nes Erlebnis, aber in Maenporth mit seinen herrlichen Landschaften und K\u00fcste ist ein Urlaub in S\u00fcdwest-England mit dem vierbeinigen Freund einfach [&hellip;]\" \/>\n<meta property=\"og:url\" content=\"https:\/\/www.urlaubcornwall.de\/blog\/hotels-maenporth-mit-hund-fuer-ihren-urlaub-cornwall\/\" \/>\n<meta property=\"og:site_name\" content=\"Urlaub &amp; Reisen\" \/>\n<meta property=\"article:modified_time\" content=\"2024-05-30T09:01:54+00:00\" \/>\n<meta property=\"og:image\" content=\"https:\/\/www.urlaubcornwall.de\/blog\/wp-content\/uploads\/2024\/05\/Maenporth-Beach-Tim-Green-Flickr-1.jpg\" \/>\n<meta name=\"twitter:card\" content=\"summary\" \/>\n<meta name=\"twitter:label1\" content=\"Est. reading time\" \/>\n\t<meta name=\"twitter:data1\" content=\"2 minutes\" \/>\n<script type=\"application\/ld+json\" class=\"yoast-schema-graph\">{\"@context\":\"https:\/\/schema.org\",\"@graph\":[{\"@type\":\"WebSite\",\"@id\":\"https:\/\/www.urlaubcornwall.de\/blog\/#website\",\"url\":\"https:\/\/www.urlaubcornwall.de\/blog\/\",\"name\":\"Urlaub &amp; Reisen\",\"description\":\"Urlaub, Reisen, Cornwall und S\u00fcdengland: eine perfekte Kombination\",\"potentialAction\":[{\"@type\":\"SearchAction\",\"target\":{\"@type\":\"EntryPoint\",\"urlTemplate\":\"https:\/\/www.urlaubcornwall.de\/blog\/?s={search_term_string}\"},\"query-input\":\"required name=search_term_string\"}],\"inLanguage\":\"en-US\"},{\"@type\":\"WebPage\",\"@id\":\"https:\/\/www.urlaubcornwall.de\/blog\/hotels-maenporth-mit-hund-fuer-ihren-urlaub-cornwall\/\",\"url\":\"https:\/\/www.urlaubcornwall.de\/blog\/hotels-maenporth-mit-hund-fuer-ihren-urlaub-cornwall\/\",\"name\":\"Hotels in Maenporth mit Hund f\u00fcr Ihren Urlaub in Cornwall. - Urlaub &amp; Reisen\",\"isPartOf\":{\"@id\":\"https:\/\/www.urlaubcornwall.de\/blog\/#website\"},\"datePublished\":\"2017-11-01T11:46:19+00:00\",\"dateModified\":\"2024-05-30T09:01:54+00:00\",\"breadcrumb\":{\"@id\":\"https:\/\/www.urlaubcornwall.de\/blog\/hotels-maenporth-mit-hund-fuer-ihren-urlaub-cornwall\/#breadcrumb\"},\"inLanguage\":\"en-US\",\"potentialAction\":[{\"@type\":\"ReadAction\",\"target\":[\"https:\/\/www.urlaubcornwall.de\/blog\/hotels-maenporth-mit-hund-fuer-ihren-urlaub-cornwall\/\"]}]},{\"@type\":\"BreadcrumbList\",\"@id\":\"https:\/\/www.urlaubcornwall.de\/blog\/hotels-maenporth-mit-hund-fuer-ihren-urlaub-cornwall\/#breadcrumb\",\"itemListElement\":[{\"@type\":\"ListItem\",\"position\":1,\"name\":\"Home\",\"item\":\"https:\/\/www.urlaubcornwall.de\/blog\/\"},{\"@type\":\"ListItem\",\"position\":2,\"name\":\"Hotels in Maenporth mit Hund f\u00fcr Ihren Urlaub in Cornwall.\"}]}]}<\/script>\n<!-- \/ Yoast SEO plugin. -->","yoast_head_json":{"title":"Hotels in Maenporth mit Hund f\u00fcr Ihren Urlaub in Cornwall. - Urlaub &amp; Reisen","robots":{"index":"index","follow":"follow","max-snippet":"max-snippet:-1","max-image-preview":"max-image-preview:large","max-video-preview":"max-video-preview:-1"},"canonical":"https:\/\/www.urlaubcornwall.de\/blog\/hotels-maenporth-mit-hund-fuer-ihren-urlaub-cornwall\/","og_locale":"en_US","og_type":"article","og_title":"Hotels in Maenporth mit Hund f\u00fcr Ihren Urlaub in Cornwall. - Urlaub &amp; Reisen","og_description":"image credit Tim-Green-Flickr Die sch\u00f6nsten Hundefreundliche Hotels in der N\u00e4he Maenporth Strand &amp; Falmouth &#8211; Durchsuchen Sie unsere ganze Auswahl an hundefreundlichen Hotels. Mit dem Hund in den Urlaub zu fahren ist immer ein sch\u00f6nes Erlebnis, aber in Maenporth mit seinen herrlichen Landschaften und K\u00fcste ist ein Urlaub in S\u00fcdwest-England mit dem vierbeinigen Freund einfach [&hellip;]","og_url":"https:\/\/www.urlaubcornwall.de\/blog\/hotels-maenporth-mit-hund-fuer-ihren-urlaub-cornwall\/","og_site_name":"Urlaub &amp; Reisen","article_modified_time":"2024-05-30T09:01:54+00:00","og_image":[{"url":"https:\/\/www.urlaubcornwall.de\/blog\/wp-content\/uploads\/2024\/05\/Maenporth-Beach-Tim-Green-Flickr-1.jpg"}],"twitter_card":"summary","twitter_misc":{"Est. reading time":"2 minutes"},"schema":{"@context":"https:\/\/schema.org","@graph":[{"@type":"WebSite","@id":"https:\/\/www.urlaubcornwall.de\/blog\/#website","url":"https:\/\/www.urlaubcornwall.de\/blog\/","name":"Urlaub &amp; Reisen","description":"Urlaub, Reisen, Cornwall und S\u00fcdengland: eine perfekte Kombination","potentialAction":[{"@type":"SearchAction","target":{"@type":"EntryPoint","urlTemplate":"https:\/\/www.urlaubcornwall.de\/blog\/?s={search_term_string}"},"query-input":"required name=search_term_string"}],"inLanguage":"en-US"},{"@type":"WebPage","@id":"https:\/\/www.urlaubcornwall.de\/blog\/hotels-maenporth-mit-hund-fuer-ihren-urlaub-cornwall\/","url":"https:\/\/www.urlaubcornwall.de\/blog\/hotels-maenporth-mit-hund-fuer-ihren-urlaub-cornwall\/","name":"Hotels in Maenporth mit Hund f\u00fcr Ihren Urlaub in Cornwall. - Urlaub &amp; Reisen","isPartOf":{"@id":"https:\/\/www.urlaubcornwall.de\/blog\/#website"},"datePublished":"2017-11-01T11:46:19+00:00","dateModified":"2024-05-30T09:01:54+00:00","breadcrumb":{"@id":"https:\/\/www.urlaubcornwall.de\/blog\/hotels-maenporth-mit-hund-fuer-ihren-urlaub-cornwall\/#breadcrumb"},"inLanguage":"en-US","potentialAction":[{"@type":"ReadAction","target":["https:\/\/www.urlaubcornwall.de\/blog\/hotels-maenporth-mit-hund-fuer-ihren-urlaub-cornwall\/"]}]},{"@type":"BreadcrumbList","@id":"https:\/\/www.urlaubcornwall.de\/blog\/hotels-maenporth-mit-hund-fuer-ihren-urlaub-cornwall\/#breadcrumb","itemListElement":[{"@type":"ListItem","position":1,"name":"Home","item":"https:\/\/www.urlaubcornwall.de\/blog\/"},{"@type":"ListItem","position":2,"name":"Hotels in Maenporth mit Hund f\u00fcr Ihren Urlaub in Cornwall."}]}]}},"_links":{"self":[{"href":"https:\/\/www.urlaubcornwall.de\/blog\/wp-json\/wp\/v2\/pages\/30201"}],"collection":[{"href":"https:\/\/www.urlaubcornwall.de\/blog\/wp-json\/wp\/v2\/pages"}],"about":[{"href":"https:\/\/www.urlaubcornwall.de\/blog\/wp-json\/wp\/v2\/types\/page"}],"author":[{"embeddable":true,"href":"https:\/\/www.urlaubcornwall.de\/blog\/wp-json\/wp\/v2\/users\/1"}],"replies":[{"embeddable":true,"href":"https:\/\/www.urlaubcornwall.de\/blog\/wp-json\/wp\/v2\/comments?post=30201"}],"version-history":[{"count":7,"href":"https:\/\/www.urlaubcornwall.de\/blog\/wp-json\/wp\/v2\/pages\/30201\/revisions"}],"predecessor-version":[{"id":50838,"href":"https:\/\/www.urlaubcornwall.de\/blog\/wp-json\/wp\/v2\/pages\/30201\/revisions\/50838"}],"wp:attachment":[{"href":"https:\/\/www.urlaubcornwall.de\/blog\/wp-json\/wp\/v2\/media?parent=30201"}],"curies":[{"name":"wp","href":"https:\/\/api.w.org\/{rel}","templated":true}]}}