{"id":30194,"date":"2017-11-01T11:37:08","date_gmt":"2017-11-01T11:37:08","guid":{"rendered":"https:\/\/www.urlaubcornwall.de\/blog\/?page_id=30194"},"modified":"2021-10-03T12:07:57","modified_gmt":"2021-10-03T12:07:57","slug":"hotels-dartmouth-mit-hund-fuer-ihren-urlaub-devon","status":"publish","type":"page","link":"https:\/\/www.urlaubcornwall.de\/blog\/hotels-dartmouth-mit-hund-fuer-ihren-urlaub-devon\/","title":{"rendered":"Hotels in Dartmouth mit Hund f\u00fcr Ihren Urlaub in Devon."},"content":{"rendered":"<p><img loading=\"lazy\" class=\"aligncenter size-full wp-image-24499\" src=\"https:\/\/www.urlaubcornwall.de\/blog\/wp-content\/uploads\/2016\/06\/Dartmouth-hafen.jpg\" alt=\"hund Dartmouth hafen hotels\" width=\"749\" height=\"437\"\/><\/p>\n<p style=\"text-align: left;\">Die sch\u00f6nsten Hundefreundliche Hotels in Dartmouth &#8211; Mit dem Hund in den Urlaub zu fahren ist immer ein sch\u00f6nes Erlebnis, aber in Dartmouth mit seinen herrlichen Landschaften und K\u00fcste ist ein <a href=\"https:\/\/www.urlaubcornwall.de\/reiseziel\/suedwestengland.php\">Urlaub in S\u00fcdwest-England<\/a> mit dem vierbeinigen Freund einfach traumhaft.<\/p>\n<p>Der Urlaubsort Dartmouth befindet sich am Fluss Dart an <a href=\"https:\/\/www.urlaubcornwall.de\/blog\/urlaub-in-devon\/\">Devons<\/a> S\u00fcdk\u00fcste. Diese malerische Stadt hat in der Seefahrtsgeschichte des UK eine wichtige Rolle gespielt. Im Jahre 1620 legten die Schiffe der Pilgerv\u00e4ter, \u2018Mayflower\u2019 und \u2018Speedwell\u2019, hier an, um repariert zu werden, bevor sie den Atlantik nach Amerika \u00fcberquerten \u2013 daran wird am gepflasterten Kai der Bayards Bucht erinnert&#8230;&#8230;[ <a href=\"https:\/\/www.urlaubcornwall.de\/blog\/urlaub-dartmouth-unterkunft-sehenswuerdigkeiten-und-geschichte\/\">Mehr<\/a> ]<\/p>\n<h2><a href=\"https:\/\/www.booking.com\/hotel\/gb\/the-royal-castle-ltd.html?aid=1320750&amp;no_rooms=1&amp;group_adults=2&amp;room1=A%2CA\" rel=\"nofollow\"><span style=\"text-decoration: underline;\"><strong>Royal Castle \u2013 3 Sterne Hotels mit Meerblick<\/strong><\/span><\/a><\/h2>\n<p>Das Red Lion Hotel begr\u00fc\u00dft Sie in einem charmanten Fischerdorf in der Hartland Devon Heritage Coast. Sie \u00fcbernachten in Zimmer mit fantastischem Blick auf das Meer oder den Hafen. WLAN und den Privatparkplatz nutzen Sie kostenfrei&#8230;&#8230;<a href=\"https:\/\/www.booking.com\/hotel\/gb\/the-royal-castle-ltd.html?aid=1320750&amp;no_rooms=1&amp;group_adults=2&amp;room1=A%2CA\" rel=\"nofollow\">[Mehr]<\/a><\/p>\n<p style=\"text-align: center;\"><a class=\"tidycta\" href=\"https:\/\/www.booking.com\/searchresults.html?city=-2594110&amp;nflt=ht_id%253D223&amp;aid=1320750&amp;no_rooms=1&amp;group_adults=2&amp;room1=A%2CA\" rel=\"nofollow\">Suche<\/a> <a class=\"tidycta\" href=\"https:\/\/www.booking.com\/searchresults.html?city=-2594110&amp;nflt=ht_id%253D223&amp;aid=1320750&amp;no_rooms=1&amp;group_adults=2&amp;room1=A%2CA\" rel=\"nofollow\">Hotels in Dartmouth<\/a><b><a class=\"tidycta\" href=\"https:\/\/www.booking.com\/searchresults.html?city=-2594110&amp;nflt=ht_id%253D223&amp;aid=1320750&amp;no_rooms=1&amp;group_adults=2&amp;room1=A%2CA\" rel=\"nofollow\"><\/a><\/b><\/p>\n<h1 style=\"text-align: center;\"><strong>Bei uns finden Sie Ferienh\u00e4user zum Verlieben \u2013 so einfach ist das!<\/strong><\/h1>\n<p style=\"text-align: center;\">UrlaubCornwall verf\u00fcgt Ferienh\u00e4user und Ferienwohnungen f\u00fcr Ihren <a href=\"https:\/\/www.urlaubcornwall.de\/reiseziel\/suedengland.php\">Urlaub in Sudengland<\/a>. Unterk\u00fcnfte der Spitzenklasse f\u00fcr 2 Personen, Familien und Gruppen mit 4, 6, 8, 10 oder 12 G\u00e4sten.<\/p>\n<p style=\"text-align: center;\"><strong>&nbsp;<\/strong><a class=\"tidycta\" href=\"https:\/\/www.urlaubcornwall.de\/reiseziel\/suedengland.php\">Suche Ferienh\u00e4user Sudengland<\/a><br \/>\n<img loading=\"lazy\" class=\"aligncenter size-full wp-image-24598\" src=\"https:\/\/www.urlaubcornwall.de\/blog\/wp-content\/uploads\/2016\/06\/urlaub-und-sudengland_logo-final.jpg\" width=\"746\" height=\"361\"\/><\/p>\n<p style=\"text-align: center;\"><a href=\"http:\/\/www.urlaubcornwall.de\/\">UrlaubCornwall.de<\/a> ist ein in Cornwall ans\u00e4ssiges Unternehmen k\u00f6nnen wir uns mit 20 Jahren Erfahrung in der Organisation von Rundreisen durch S\u00fcdwest und S\u00fcdengland r\u00fchmen.<\/p>\n<p style=\"text-align: center;\">Um Devon in Ihre Rundreise durch S\u00fcdengland mit einzugliedern, stellen Sie Ihre <a href=\"http:\/\/www.urlaubcornwall.de\/anfrage.php\">Anfrage<\/a> hier oder w\u00e4hlen Sie ein Ferienhaus aus unserer besten Auswahl handverlesener und inspizierter H\u00e4user aus.<\/p>\n","protected":false},"excerpt":{"rendered":"<p>Die sch\u00f6nsten Hundefreundliche Hotels in Dartmouth &#8211; Mit dem Hund in den Urlaub zu fahren ist immer ein sch\u00f6nes Erlebnis, aber in Dartmouth mit seinen herrlichen Landschaften und K\u00fcste ist ein Urlaub in S\u00fcdwest-England mit dem vierbeinigen Freund einfach traumhaft. Der Urlaubsort Dartmouth befindet sich am Fluss Dart an Devons S\u00fcdk\u00fcste. Diese malerische Stadt hat [&hellip;]<\/p>\n","protected":false},"author":1,"featured_media":0,"parent":0,"menu_order":0,"comment_status":"closed","ping_status":"closed","template":"single-four.php","meta":[],"acf":[],"yoast_head":"<!-- This site is optimized with the Yoast SEO plugin v19.4 - https:\/\/yoast.com\/wordpress\/plugins\/seo\/ -->\n<title>Hotels in Dartmouth mit Hund f\u00fcr Ihren Urlaub in Devon. - Urlaub &amp; Reisen<\/title>\n<meta name=\"robots\" content=\"index, follow, max-snippet:-1, max-image-preview:large, max-video-preview:-1\" \/>\n<link rel=\"canonical\" href=\"https:\/\/www.urlaubcornwall.de\/blog\/hotels-dartmouth-mit-hund-fuer-ihren-urlaub-devon\/\" \/>\n<meta property=\"og:locale\" content=\"en_US\" \/>\n<meta property=\"og:type\" content=\"article\" \/>\n<meta property=\"og:title\" content=\"Hotels in Dartmouth mit Hund f\u00fcr Ihren Urlaub in Devon. - Urlaub &amp; Reisen\" \/>\n<meta property=\"og:description\" content=\"Die sch\u00f6nsten Hundefreundliche Hotels in Dartmouth &#8211; Mit dem Hund in den Urlaub zu fahren ist immer ein sch\u00f6nes Erlebnis, aber in Dartmouth mit seinen herrlichen Landschaften und K\u00fcste ist ein Urlaub in S\u00fcdwest-England mit dem vierbeinigen Freund einfach traumhaft. Der Urlaubsort Dartmouth befindet sich am Fluss Dart an Devons S\u00fcdk\u00fcste. Diese malerische Stadt hat [&hellip;]\" \/>\n<meta property=\"og:url\" content=\"https:\/\/www.urlaubcornwall.de\/blog\/hotels-dartmouth-mit-hund-fuer-ihren-urlaub-devon\/\" \/>\n<meta property=\"og:site_name\" content=\"Urlaub &amp; Reisen\" \/>\n<meta property=\"article:modified_time\" content=\"2021-10-03T12:07:57+00:00\" \/>\n<meta property=\"og:image\" content=\"https:\/\/www.urlaubcornwall.de\/blog\/wp-content\/uploads\/2016\/06\/Dartmouth-hafen.jpg\" \/>\n<meta name=\"twitter:card\" content=\"summary\" \/>\n<meta name=\"twitter:label1\" content=\"Est. reading time\" \/>\n\t<meta name=\"twitter:data1\" content=\"1 minute\" \/>\n<script type=\"application\/ld+json\" class=\"yoast-schema-graph\">{\"@context\":\"https:\/\/schema.org\",\"@graph\":[{\"@type\":\"WebSite\",\"@id\":\"https:\/\/www.urlaubcornwall.de\/blog\/#website\",\"url\":\"https:\/\/www.urlaubcornwall.de\/blog\/\",\"name\":\"Urlaub &amp; Reisen\",\"description\":\"Urlaub, Reisen, Cornwall und S\u00fcdengland: eine perfekte Kombination\",\"potentialAction\":[{\"@type\":\"SearchAction\",\"target\":{\"@type\":\"EntryPoint\",\"urlTemplate\":\"https:\/\/www.urlaubcornwall.de\/blog\/?s={search_term_string}\"},\"query-input\":\"required name=search_term_string\"}],\"inLanguage\":\"en-US\"},{\"@type\":\"WebPage\",\"@id\":\"https:\/\/www.urlaubcornwall.de\/blog\/hotels-dartmouth-mit-hund-fuer-ihren-urlaub-devon\/\",\"url\":\"https:\/\/www.urlaubcornwall.de\/blog\/hotels-dartmouth-mit-hund-fuer-ihren-urlaub-devon\/\",\"name\":\"Hotels in Dartmouth mit Hund f\u00fcr Ihren Urlaub in Devon. - Urlaub &amp; Reisen\",\"isPartOf\":{\"@id\":\"https:\/\/www.urlaubcornwall.de\/blog\/#website\"},\"datePublished\":\"2017-11-01T11:37:08+00:00\",\"dateModified\":\"2021-10-03T12:07:57+00:00\",\"breadcrumb\":{\"@id\":\"https:\/\/www.urlaubcornwall.de\/blog\/hotels-dartmouth-mit-hund-fuer-ihren-urlaub-devon\/#breadcrumb\"},\"inLanguage\":\"en-US\",\"potentialAction\":[{\"@type\":\"ReadAction\",\"target\":[\"https:\/\/www.urlaubcornwall.de\/blog\/hotels-dartmouth-mit-hund-fuer-ihren-urlaub-devon\/\"]}]},{\"@type\":\"BreadcrumbList\",\"@id\":\"https:\/\/www.urlaubcornwall.de\/blog\/hotels-dartmouth-mit-hund-fuer-ihren-urlaub-devon\/#breadcrumb\",\"itemListElement\":[{\"@type\":\"ListItem\",\"position\":1,\"name\":\"Home\",\"item\":\"https:\/\/www.urlaubcornwall.de\/blog\/\"},{\"@type\":\"ListItem\",\"position\":2,\"name\":\"Hotels in Dartmouth mit Hund f\u00fcr Ihren Urlaub in Devon.\"}]}]}<\/script>\n<!-- \/ Yoast SEO plugin. -->","yoast_head_json":{"title":"Hotels in Dartmouth mit Hund f\u00fcr Ihren Urlaub in Devon. - Urlaub &amp; Reisen","robots":{"index":"index","follow":"follow","max-snippet":"max-snippet:-1","max-image-preview":"max-image-preview:large","max-video-preview":"max-video-preview:-1"},"canonical":"https:\/\/www.urlaubcornwall.de\/blog\/hotels-dartmouth-mit-hund-fuer-ihren-urlaub-devon\/","og_locale":"en_US","og_type":"article","og_title":"Hotels in Dartmouth mit Hund f\u00fcr Ihren Urlaub in Devon. - Urlaub &amp; Reisen","og_description":"Die sch\u00f6nsten Hundefreundliche Hotels in Dartmouth &#8211; Mit dem Hund in den Urlaub zu fahren ist immer ein sch\u00f6nes Erlebnis, aber in Dartmouth mit seinen herrlichen Landschaften und K\u00fcste ist ein Urlaub in S\u00fcdwest-England mit dem vierbeinigen Freund einfach traumhaft. Der Urlaubsort Dartmouth befindet sich am Fluss Dart an Devons S\u00fcdk\u00fcste. Diese malerische Stadt hat [&hellip;]","og_url":"https:\/\/www.urlaubcornwall.de\/blog\/hotels-dartmouth-mit-hund-fuer-ihren-urlaub-devon\/","og_site_name":"Urlaub &amp; Reisen","article_modified_time":"2021-10-03T12:07:57+00:00","og_image":[{"url":"https:\/\/www.urlaubcornwall.de\/blog\/wp-content\/uploads\/2016\/06\/Dartmouth-hafen.jpg"}],"twitter_card":"summary","twitter_misc":{"Est. reading time":"1 minute"},"schema":{"@context":"https:\/\/schema.org","@graph":[{"@type":"WebSite","@id":"https:\/\/www.urlaubcornwall.de\/blog\/#website","url":"https:\/\/www.urlaubcornwall.de\/blog\/","name":"Urlaub &amp; Reisen","description":"Urlaub, Reisen, Cornwall und S\u00fcdengland: eine perfekte Kombination","potentialAction":[{"@type":"SearchAction","target":{"@type":"EntryPoint","urlTemplate":"https:\/\/www.urlaubcornwall.de\/blog\/?s={search_term_string}"},"query-input":"required name=search_term_string"}],"inLanguage":"en-US"},{"@type":"WebPage","@id":"https:\/\/www.urlaubcornwall.de\/blog\/hotels-dartmouth-mit-hund-fuer-ihren-urlaub-devon\/","url":"https:\/\/www.urlaubcornwall.de\/blog\/hotels-dartmouth-mit-hund-fuer-ihren-urlaub-devon\/","name":"Hotels in Dartmouth mit Hund f\u00fcr Ihren Urlaub in Devon. - Urlaub &amp; Reisen","isPartOf":{"@id":"https:\/\/www.urlaubcornwall.de\/blog\/#website"},"datePublished":"2017-11-01T11:37:08+00:00","dateModified":"2021-10-03T12:07:57+00:00","breadcrumb":{"@id":"https:\/\/www.urlaubcornwall.de\/blog\/hotels-dartmouth-mit-hund-fuer-ihren-urlaub-devon\/#breadcrumb"},"inLanguage":"en-US","potentialAction":[{"@type":"ReadAction","target":["https:\/\/www.urlaubcornwall.de\/blog\/hotels-dartmouth-mit-hund-fuer-ihren-urlaub-devon\/"]}]},{"@type":"BreadcrumbList","@id":"https:\/\/www.urlaubcornwall.de\/blog\/hotels-dartmouth-mit-hund-fuer-ihren-urlaub-devon\/#breadcrumb","itemListElement":[{"@type":"ListItem","position":1,"name":"Home","item":"https:\/\/www.urlaubcornwall.de\/blog\/"},{"@type":"ListItem","position":2,"name":"Hotels in Dartmouth mit Hund f\u00fcr Ihren Urlaub in Devon."}]}]}},"_links":{"self":[{"href":"https:\/\/www.urlaubcornwall.de\/blog\/wp-json\/wp\/v2\/pages\/30194"}],"collection":[{"href":"https:\/\/www.urlaubcornwall.de\/blog\/wp-json\/wp\/v2\/pages"}],"about":[{"href":"https:\/\/www.urlaubcornwall.de\/blog\/wp-json\/wp\/v2\/types\/page"}],"author":[{"embeddable":true,"href":"https:\/\/www.urlaubcornwall.de\/blog\/wp-json\/wp\/v2\/users\/1"}],"replies":[{"embeddable":true,"href":"https:\/\/www.urlaubcornwall.de\/blog\/wp-json\/wp\/v2\/comments?post=30194"}],"version-history":[{"count":8,"href":"https:\/\/www.urlaubcornwall.de\/blog\/wp-json\/wp\/v2\/pages\/30194\/revisions"}],"predecessor-version":[{"id":43222,"href":"https:\/\/www.urlaubcornwall.de\/blog\/wp-json\/wp\/v2\/pages\/30194\/revisions\/43222"}],"wp:attachment":[{"href":"https:\/\/www.urlaubcornwall.de\/blog\/wp-json\/wp\/v2\/media?parent=30194"}],"curies":[{"name":"wp","href":"https:\/\/api.w.org\/{rel}","templated":true}]}}