{"id":30186,"date":"2017-11-01T11:26:54","date_gmt":"2017-11-01T11:26:54","guid":{"rendered":"https:\/\/www.urlaubcornwall.de\/blog\/?page_id=30186"},"modified":"2018-03-22T09:47:53","modified_gmt":"2018-03-22T09:47:53","slug":"die-schoensten-hotels-praa-sands-fuer-ihren-urlaub-cornwall","status":"publish","type":"page","link":"https:\/\/www.urlaubcornwall.de\/blog\/die-schoensten-hotels-praa-sands-fuer-ihren-urlaub-cornwall\/","title":{"rendered":"Die sch\u00f6nsten Hotels in Praa Sands f\u00fcr Ihren Urlaub in Cornwall"},"content":{"rendered":"<p><img loading=\"lazy\" class=\"aligncenter size-full wp-image-23291\" src=\"https:\/\/www.urlaubcornwall.de\/blog\/wp-content\/uploads\/2016\/03\/praa-sands-strand.jpg\" alt=\"praa sands strand hotel meer meerblick\" width=\"745\" height=\"376\" srcset=\"https:\/\/www.urlaubcornwall.de\/blog\/wp-content\/uploads\/2016\/03\/praa-sands-strand.jpg 745w, https:\/\/www.urlaubcornwall.de\/blog\/wp-content\/uploads\/2016\/03\/praa-sands-strand-300x151.jpg 300w\" sizes=\"(max-width: 745px) 100vw, 745px\" \/><\/p>\n<p style=\"text-align: center;\"><strong>Die Besten Hotels in Praa Sands f\u00fcr Ihren Urlaub am Meer in Cornwall<\/strong><\/p>\n<p style=\"text-align: center;\">Das Dorf Praa Sands befindet sich um die weite Sandschneise herum, die jeden Sommer Familien hierher anzieht. Indem er zum S\u00fcden hin gelegen ist, wird gesagt, habe der Strand die l\u00e4ngsten Sonnenstunden des Landes. Praa Sands ist eine der wenigen Buchten der S\u00fcdk\u00fcste, an der es stets gro\u00dfartige Wellen gibt und somit Surfer magnetisch anzieht. Au\u00dferdem gibt es einen 9-Loch-Golfplatz und zwei gute Restaurants, die sich auf \u00f6rtliche Meeresspeisen spezialisiert haben.<\/p>\n<p style=\"text-align: center;\">Godolphin Arms liegt am Ufer der Mounts Bucht an einem zwei Meilen langen Strand der historischen Marktstadt Marazion bei Penzance in Westcornwall. Mit Blick \u00fcber den wundersch\u00f6nen St Michaels Mount verf\u00fcgt es \u00fcber einen der bezauberndsten Aussichten eines Hotels in Cornwall \u00fcberhaupt&#8230;&#8230;<a href=\"https:\/\/www.urlaubcornwall.de\/blog\/hotel-am-meer-st-michaels-mount-godolphin-arms-marazion-westcornwall\/\"><strong>[ Mehr ]<\/strong><\/a><\/p>\n<p style=\"text-align: center;\"><a class=\"tidycta\" href=\"https:\/\/www.urlaubcornwall.de\/hotels.php\">Suche Hotels Cornwall<\/a><\/p>\n<p style=\"text-align: center;\"><a href=\"http:\/\/www.urlaubcornwall.de\/\">UrlaubCornwall.de<\/a> ist ein in Cornwall ans\u00e4ssiges Unternehmen k\u00f6nnen wir uns mit 20 Jahren Erfahrung in der Organisation von Rundreisen durch S\u00fcdwest und S\u00fcdengland r\u00fchmen. Um Cornwall in Ihre Rundreise durch S\u00fcdengland mit einzugliedern, stellen Sie Ihre <a href=\"http:\/\/www.urlaubcornwall.de\/anfrage.php\">Anfrage<\/a> hier oder w\u00e4hlen Sie ein Ferienhaus aus unserer besten Auswahl handverlesener und inspizierter H\u00e4user aus.<\/p>\n","protected":false},"excerpt":{"rendered":"<p>Die Besten Hotels in Praa Sands f\u00fcr Ihren Urlaub am Meer in Cornwall Das Dorf Praa Sands befindet sich um die weite Sandschneise herum, die jeden Sommer Familien hierher anzieht. Indem er zum S\u00fcden hin gelegen ist, wird gesagt, habe der Strand die l\u00e4ngsten Sonnenstunden des Landes. Praa Sands ist eine der wenigen Buchten der [&hellip;]<\/p>\n","protected":false},"author":1,"featured_media":0,"parent":0,"menu_order":0,"comment_status":"closed","ping_status":"closed","template":"single-four.php","meta":[],"acf":[],"yoast_head":"<!-- This site is optimized with the Yoast SEO plugin v19.4 - https:\/\/yoast.com\/wordpress\/plugins\/seo\/ -->\n<title>Die sch\u00f6nsten Hotels in Praa Sands f\u00fcr Ihren Urlaub in Cornwall - Urlaub &amp; Reisen<\/title>\n<meta name=\"robots\" content=\"index, follow, max-snippet:-1, max-image-preview:large, max-video-preview:-1\" \/>\n<link rel=\"canonical\" href=\"https:\/\/www.urlaubcornwall.de\/blog\/die-schoensten-hotels-praa-sands-fuer-ihren-urlaub-cornwall\/\" \/>\n<meta property=\"og:locale\" content=\"en_US\" \/>\n<meta property=\"og:type\" content=\"article\" \/>\n<meta property=\"og:title\" content=\"Die sch\u00f6nsten Hotels in Praa Sands f\u00fcr Ihren Urlaub in Cornwall - Urlaub &amp; Reisen\" \/>\n<meta property=\"og:description\" content=\"Die Besten Hotels in Praa Sands f\u00fcr Ihren Urlaub am Meer in Cornwall Das Dorf Praa Sands befindet sich um die weite Sandschneise herum, die jeden Sommer Familien hierher anzieht. Indem er zum S\u00fcden hin gelegen ist, wird gesagt, habe der Strand die l\u00e4ngsten Sonnenstunden des Landes. Praa Sands ist eine der wenigen Buchten der [&hellip;]\" \/>\n<meta property=\"og:url\" content=\"https:\/\/www.urlaubcornwall.de\/blog\/die-schoensten-hotels-praa-sands-fuer-ihren-urlaub-cornwall\/\" \/>\n<meta property=\"og:site_name\" content=\"Urlaub &amp; Reisen\" \/>\n<meta property=\"article:modified_time\" content=\"2018-03-22T09:47:53+00:00\" \/>\n<meta property=\"og:image\" content=\"https:\/\/www.urlaubcornwall.de\/blog\/wp-content\/uploads\/2016\/03\/praa-sands-strand.jpg\" \/>\n<meta name=\"twitter:card\" content=\"summary\" \/>\n<meta name=\"twitter:label1\" content=\"Est. reading time\" \/>\n\t<meta name=\"twitter:data1\" content=\"1 minute\" \/>\n<script type=\"application\/ld+json\" class=\"yoast-schema-graph\">{\"@context\":\"https:\/\/schema.org\",\"@graph\":[{\"@type\":\"WebSite\",\"@id\":\"https:\/\/www.urlaubcornwall.de\/blog\/#website\",\"url\":\"https:\/\/www.urlaubcornwall.de\/blog\/\",\"name\":\"Urlaub &amp; Reisen\",\"description\":\"Urlaub, Reisen, Cornwall und S\u00fcdengland: eine perfekte Kombination\",\"potentialAction\":[{\"@type\":\"SearchAction\",\"target\":{\"@type\":\"EntryPoint\",\"urlTemplate\":\"https:\/\/www.urlaubcornwall.de\/blog\/?s={search_term_string}\"},\"query-input\":\"required name=search_term_string\"}],\"inLanguage\":\"en-US\"},{\"@type\":\"WebPage\",\"@id\":\"https:\/\/www.urlaubcornwall.de\/blog\/die-schoensten-hotels-praa-sands-fuer-ihren-urlaub-cornwall\/\",\"url\":\"https:\/\/www.urlaubcornwall.de\/blog\/die-schoensten-hotels-praa-sands-fuer-ihren-urlaub-cornwall\/\",\"name\":\"Die sch\u00f6nsten Hotels in Praa Sands f\u00fcr Ihren Urlaub in Cornwall - Urlaub &amp; Reisen\",\"isPartOf\":{\"@id\":\"https:\/\/www.urlaubcornwall.de\/blog\/#website\"},\"datePublished\":\"2017-11-01T11:26:54+00:00\",\"dateModified\":\"2018-03-22T09:47:53+00:00\",\"breadcrumb\":{\"@id\":\"https:\/\/www.urlaubcornwall.de\/blog\/die-schoensten-hotels-praa-sands-fuer-ihren-urlaub-cornwall\/#breadcrumb\"},\"inLanguage\":\"en-US\",\"potentialAction\":[{\"@type\":\"ReadAction\",\"target\":[\"https:\/\/www.urlaubcornwall.de\/blog\/die-schoensten-hotels-praa-sands-fuer-ihren-urlaub-cornwall\/\"]}]},{\"@type\":\"BreadcrumbList\",\"@id\":\"https:\/\/www.urlaubcornwall.de\/blog\/die-schoensten-hotels-praa-sands-fuer-ihren-urlaub-cornwall\/#breadcrumb\",\"itemListElement\":[{\"@type\":\"ListItem\",\"position\":1,\"name\":\"Home\",\"item\":\"https:\/\/www.urlaubcornwall.de\/blog\/\"},{\"@type\":\"ListItem\",\"position\":2,\"name\":\"Die sch\u00f6nsten Hotels in Praa Sands f\u00fcr Ihren Urlaub in Cornwall\"}]}]}<\/script>\n<!-- \/ Yoast SEO plugin. -->","yoast_head_json":{"title":"Die sch\u00f6nsten Hotels in Praa Sands f\u00fcr Ihren Urlaub in Cornwall - Urlaub &amp; Reisen","robots":{"index":"index","follow":"follow","max-snippet":"max-snippet:-1","max-image-preview":"max-image-preview:large","max-video-preview":"max-video-preview:-1"},"canonical":"https:\/\/www.urlaubcornwall.de\/blog\/die-schoensten-hotels-praa-sands-fuer-ihren-urlaub-cornwall\/","og_locale":"en_US","og_type":"article","og_title":"Die sch\u00f6nsten Hotels in Praa Sands f\u00fcr Ihren Urlaub in Cornwall - Urlaub &amp; Reisen","og_description":"Die Besten Hotels in Praa Sands f\u00fcr Ihren Urlaub am Meer in Cornwall Das Dorf Praa Sands befindet sich um die weite Sandschneise herum, die jeden Sommer Familien hierher anzieht. Indem er zum S\u00fcden hin gelegen ist, wird gesagt, habe der Strand die l\u00e4ngsten Sonnenstunden des Landes. Praa Sands ist eine der wenigen Buchten der [&hellip;]","og_url":"https:\/\/www.urlaubcornwall.de\/blog\/die-schoensten-hotels-praa-sands-fuer-ihren-urlaub-cornwall\/","og_site_name":"Urlaub &amp; Reisen","article_modified_time":"2018-03-22T09:47:53+00:00","og_image":[{"url":"https:\/\/www.urlaubcornwall.de\/blog\/wp-content\/uploads\/2016\/03\/praa-sands-strand.jpg"}],"twitter_card":"summary","twitter_misc":{"Est. reading time":"1 minute"},"schema":{"@context":"https:\/\/schema.org","@graph":[{"@type":"WebSite","@id":"https:\/\/www.urlaubcornwall.de\/blog\/#website","url":"https:\/\/www.urlaubcornwall.de\/blog\/","name":"Urlaub &amp; Reisen","description":"Urlaub, Reisen, Cornwall und S\u00fcdengland: eine perfekte Kombination","potentialAction":[{"@type":"SearchAction","target":{"@type":"EntryPoint","urlTemplate":"https:\/\/www.urlaubcornwall.de\/blog\/?s={search_term_string}"},"query-input":"required name=search_term_string"}],"inLanguage":"en-US"},{"@type":"WebPage","@id":"https:\/\/www.urlaubcornwall.de\/blog\/die-schoensten-hotels-praa-sands-fuer-ihren-urlaub-cornwall\/","url":"https:\/\/www.urlaubcornwall.de\/blog\/die-schoensten-hotels-praa-sands-fuer-ihren-urlaub-cornwall\/","name":"Die sch\u00f6nsten Hotels in Praa Sands f\u00fcr Ihren Urlaub in Cornwall - Urlaub &amp; Reisen","isPartOf":{"@id":"https:\/\/www.urlaubcornwall.de\/blog\/#website"},"datePublished":"2017-11-01T11:26:54+00:00","dateModified":"2018-03-22T09:47:53+00:00","breadcrumb":{"@id":"https:\/\/www.urlaubcornwall.de\/blog\/die-schoensten-hotels-praa-sands-fuer-ihren-urlaub-cornwall\/#breadcrumb"},"inLanguage":"en-US","potentialAction":[{"@type":"ReadAction","target":["https:\/\/www.urlaubcornwall.de\/blog\/die-schoensten-hotels-praa-sands-fuer-ihren-urlaub-cornwall\/"]}]},{"@type":"BreadcrumbList","@id":"https:\/\/www.urlaubcornwall.de\/blog\/die-schoensten-hotels-praa-sands-fuer-ihren-urlaub-cornwall\/#breadcrumb","itemListElement":[{"@type":"ListItem","position":1,"name":"Home","item":"https:\/\/www.urlaubcornwall.de\/blog\/"},{"@type":"ListItem","position":2,"name":"Die sch\u00f6nsten Hotels in Praa Sands f\u00fcr Ihren Urlaub in Cornwall"}]}]}},"_links":{"self":[{"href":"https:\/\/www.urlaubcornwall.de\/blog\/wp-json\/wp\/v2\/pages\/30186"}],"collection":[{"href":"https:\/\/www.urlaubcornwall.de\/blog\/wp-json\/wp\/v2\/pages"}],"about":[{"href":"https:\/\/www.urlaubcornwall.de\/blog\/wp-json\/wp\/v2\/types\/page"}],"author":[{"embeddable":true,"href":"https:\/\/www.urlaubcornwall.de\/blog\/wp-json\/wp\/v2\/users\/1"}],"replies":[{"embeddable":true,"href":"https:\/\/www.urlaubcornwall.de\/blog\/wp-json\/wp\/v2\/comments?post=30186"}],"version-history":[{"count":4,"href":"https:\/\/www.urlaubcornwall.de\/blog\/wp-json\/wp\/v2\/pages\/30186\/revisions"}],"predecessor-version":[{"id":33094,"href":"https:\/\/www.urlaubcornwall.de\/blog\/wp-json\/wp\/v2\/pages\/30186\/revisions\/33094"}],"wp:attachment":[{"href":"https:\/\/www.urlaubcornwall.de\/blog\/wp-json\/wp\/v2\/media?parent=30186"}],"curies":[{"name":"wp","href":"https:\/\/api.w.org\/{rel}","templated":true}]}}