{"id":30170,"date":"2017-10-31T15:36:46","date_gmt":"2017-10-31T15:36:46","guid":{"rendered":"https:\/\/www.urlaubcornwall.de\/blog\/?page_id=30170"},"modified":"2024-04-12T10:39:10","modified_gmt":"2024-04-12T10:39:10","slug":"hotels-brixham-mit-hund-zum-verlieben-einfach-ist-das","status":"publish","type":"page","link":"https:\/\/www.urlaubcornwall.de\/blog\/hotels-brixham-mit-hund-zum-verlieben-einfach-ist-das\/","title":{"rendered":"Hotels in Brixham mit Hund zum Verlieben \u2013 so einfach ist das!"},"content":{"rendered":"<p><img loading=\"lazy\" class=\"aligncenter size-full wp-image-47870\" src=\"hhttps:\/\/www.urlaubcornwall.de\/blog\/wp-content\/uploads\/2024\/03\/hafen-brixham.jpg\" alt=\"hafen-brixham\" width=\"750\" height=\"563\" srcset=\"https:\/\/www.urlaubcornwall.de\/blog\/wp-content\/uploads\/2024\/03\/hafen-brixham.jpg 750w, https:\/\/www.urlaubcornwall.de\/blog\/wp-content\/uploads\/2024\/03\/hafen-brixham-300x225.jpg 300w\" sizes=\"(max-width: 750px) 100vw, 750px\" \/><\/p>\n<p style=\"text-align: center;\"><strong>Die sch\u00f6nsten&nbsp;Hundefreundliche Hotels in Brixham f\u00fcr Ihren Urlaub in Dorset<br \/>\n<\/strong><\/p>\n<p style=\"text-align: center;\">Eine klassische englische Hafenstadt mit pastellfarbenen Fischerh\u00e4usern, die in krummen Zeilen am H\u00fcgel h\u00e4ngen. Es gibt einen mond\u00e4nen Jachthafen mit Restaurants und Bars, eine Auswahl an Str\u00e4nden und ein Salzwasser-Au\u00dfenschwimmbecken. Die wundersch\u00f6ne K\u00fcste hier kann entweder zu Fu\u00df erkundet werden entlang der K\u00fcstenpfade oder indem Sie eine Fahrt mit der \u2018Brixham Belle\u2019 machen, die nach Dartmouth, Paignton und Torquay segelt.<\/p>\n<p style=\"text-align: center;\"><b><a class=\"tidycta\" href=\"https:\/\/www.booking.com\/searchresults.html?city=-2590935&amp;nflt=ht_id%253D223&amp;aid=1320750&amp;no_rooms=1&amp;group_adults=2&amp;room1=A%2CA\" rel=\"nofollow\">Suche Hotels Brixham<\/a><\/b><\/p>\n<p style=\"text-align: center;\">Die Grafschaft Dorset begeistert mit ihrer Sch\u00f6nheit, ihren Kontrasten und der atemberaubenden Landschaft. Dorset liegt im S\u00fcden Englands am Meer und seine K\u00fcstenlinie erstreckt sich \u00fcber 140 km von <a href=\"https:\/\/www.urlaubcornwall.de\/blog\/lyme-regis-dorset-unterkunft-sehenswuerdigkeiten-und-geschichte\/\">Lyme Regis<\/a> im Westen bis nach <a href=\"https:\/\/www.urlaubcornwall.de\/blog\/urlaub-christchurch-dorset-unterkunft-sehenswuerdigkeiten-und-geschichte\/\">Christchurch<\/a> im Osten. Freuen Sie sich hier auf die feinsten Sandstr\u00e4nde der britischen Inseln&#8230;..<\/p>\n<p style=\"text-align: center;\">[ <a href=\"https:\/\/www.urlaubcornwall.de\/reiseziel\/dorset.php\"><strong>Mehr<\/strong><\/a> ]<\/p>\n<h1 style=\"text-align: center;\"><strong>Bei uns finden Sie Ferienh\u00e4user zum Verlieben \u2013 so einfach ist das!<\/strong><\/h1>\n<p style=\"text-align: center;\">UrlaubCornwall verf\u00fcgt Ferienh\u00e4user und Ferienwohnungen f\u00fcr Ihren <a href=\"https:\/\/www.urlaubcornwall.de\/reiseziel\/suedengland.php\">Urlaub in Sudengland<\/a>. Unterk\u00fcnfte der Spitzenklasse f\u00fcr 2 Personen, Familien und Gruppen mit 4, 6, 8, 10 oder 12 G\u00e4sten.<\/p>\n<p style=\"text-align: center;\"><strong>&nbsp;<\/strong><a class=\"tidycta\" href=\"https:\/\/www.urlaubcornwall.de\/reiseziel\/suedengland.php\">Suche Ferienh\u00e4user Sudengland<\/a><br \/>\n<img loading=\"lazy\" class=\"aligncenter size-full wp-image-24598\" src=\"https:\/\/www.urlaubcornwall.de\/blog\/wp-content\/uploads\/2016\/06\/urlaub-und-sudengland_logo-final.jpg\" height=\"361\" width=\"746\"\/><\/p>\n<p style=\"text-align: center;\"><a href=\"http:\/\/www.urlaubcornwall.de\/\">UrlaubCornwall.de<\/a> ist ein in Cornwall ans\u00e4ssiges Unternehmen k\u00f6nnen wir uns mit 20 Jahren Erfahrung in der Organisation von Rundreisen durch S\u00fcdwest und S\u00fcdengland r\u00fchmen.<\/p>\n<p style=\"text-align: center;\">Um Dorset in Ihre Rundreise durch S\u00fcdengland mit einzugliedern, stellen Sie Ihre <a href=\"http:\/\/www.urlaubcornwall.de\/anfrage.php\">Anfrage<\/a> hier oder w\u00e4hlen Sie ein Ferienhaus aus unserer besten Auswahl handverlesener und inspizierter H\u00e4user aus.<\/p>\n\n","protected":false},"excerpt":{"rendered":"<p>Die sch\u00f6nsten&nbsp;Hundefreundliche Hotels in Brixham f\u00fcr Ihren Urlaub in Dorset Eine klassische englische Hafenstadt mit pastellfarbenen Fischerh\u00e4usern, die in krummen Zeilen am H\u00fcgel h\u00e4ngen. Es gibt einen mond\u00e4nen Jachthafen mit Restaurants und Bars, eine Auswahl an Str\u00e4nden und ein Salzwasser-Au\u00dfenschwimmbecken. Die wundersch\u00f6ne K\u00fcste hier kann entweder zu Fu\u00df erkundet werden entlang der K\u00fcstenpfade oder indem [&hellip;]<\/p>\n","protected":false},"author":1,"featured_media":0,"parent":0,"menu_order":0,"comment_status":"closed","ping_status":"closed","template":"single-four.php","meta":[],"acf":[],"yoast_head":"<!-- This site is optimized with the Yoast SEO plugin v19.4 - https:\/\/yoast.com\/wordpress\/plugins\/seo\/ -->\n<title>Hotels in Brixham mit Hund zum Verlieben \u2013 so einfach ist das! - Urlaub &amp; Reisen<\/title>\n<meta name=\"robots\" content=\"index, follow, max-snippet:-1, max-image-preview:large, max-video-preview:-1\" \/>\n<link rel=\"canonical\" href=\"https:\/\/www.urlaubcornwall.de\/blog\/hotels-brixham-mit-hund-zum-verlieben-einfach-ist-das\/\" \/>\n<meta property=\"og:locale\" content=\"en_US\" \/>\n<meta property=\"og:type\" content=\"article\" \/>\n<meta property=\"og:title\" content=\"Hotels in Brixham mit Hund zum Verlieben \u2013 so einfach ist das! - Urlaub &amp; Reisen\" \/>\n<meta property=\"og:description\" content=\"Die sch\u00f6nsten&nbsp;Hundefreundliche Hotels in Brixham f\u00fcr Ihren Urlaub in Dorset Eine klassische englische Hafenstadt mit pastellfarbenen Fischerh\u00e4usern, die in krummen Zeilen am H\u00fcgel h\u00e4ngen. Es gibt einen mond\u00e4nen Jachthafen mit Restaurants und Bars, eine Auswahl an Str\u00e4nden und ein Salzwasser-Au\u00dfenschwimmbecken. Die wundersch\u00f6ne K\u00fcste hier kann entweder zu Fu\u00df erkundet werden entlang der K\u00fcstenpfade oder indem [&hellip;]\" \/>\n<meta property=\"og:url\" content=\"https:\/\/www.urlaubcornwall.de\/blog\/hotels-brixham-mit-hund-zum-verlieben-einfach-ist-das\/\" \/>\n<meta property=\"og:site_name\" content=\"Urlaub &amp; Reisen\" \/>\n<meta property=\"article:modified_time\" content=\"2024-04-12T10:39:10+00:00\" \/>\n<meta property=\"og:image\" content=\"\" \/>\n<meta name=\"twitter:card\" content=\"summary\" \/>\n<meta name=\"twitter:label1\" content=\"Est. reading time\" \/>\n\t<meta name=\"twitter:data1\" content=\"2 minutes\" \/>\n<script type=\"application\/ld+json\" class=\"yoast-schema-graph\">{\"@context\":\"https:\/\/schema.org\",\"@graph\":[{\"@type\":\"WebSite\",\"@id\":\"https:\/\/www.urlaubcornwall.de\/blog\/#website\",\"url\":\"https:\/\/www.urlaubcornwall.de\/blog\/\",\"name\":\"Urlaub &amp; Reisen\",\"description\":\"Urlaub, Reisen, Cornwall und S\u00fcdengland: eine perfekte Kombination\",\"potentialAction\":[{\"@type\":\"SearchAction\",\"target\":{\"@type\":\"EntryPoint\",\"urlTemplate\":\"https:\/\/www.urlaubcornwall.de\/blog\/?s={search_term_string}\"},\"query-input\":\"required name=search_term_string\"}],\"inLanguage\":\"en-US\"},{\"@type\":\"WebPage\",\"@id\":\"https:\/\/www.urlaubcornwall.de\/blog\/hotels-brixham-mit-hund-zum-verlieben-einfach-ist-das\/\",\"url\":\"https:\/\/www.urlaubcornwall.de\/blog\/hotels-brixham-mit-hund-zum-verlieben-einfach-ist-das\/\",\"name\":\"Hotels in Brixham mit Hund zum Verlieben \u2013 so einfach ist das! - Urlaub &amp; Reisen\",\"isPartOf\":{\"@id\":\"https:\/\/www.urlaubcornwall.de\/blog\/#website\"},\"datePublished\":\"2017-10-31T15:36:46+00:00\",\"dateModified\":\"2024-04-12T10:39:10+00:00\",\"breadcrumb\":{\"@id\":\"https:\/\/www.urlaubcornwall.de\/blog\/hotels-brixham-mit-hund-zum-verlieben-einfach-ist-das\/#breadcrumb\"},\"inLanguage\":\"en-US\",\"potentialAction\":[{\"@type\":\"ReadAction\",\"target\":[\"https:\/\/www.urlaubcornwall.de\/blog\/hotels-brixham-mit-hund-zum-verlieben-einfach-ist-das\/\"]}]},{\"@type\":\"BreadcrumbList\",\"@id\":\"https:\/\/www.urlaubcornwall.de\/blog\/hotels-brixham-mit-hund-zum-verlieben-einfach-ist-das\/#breadcrumb\",\"itemListElement\":[{\"@type\":\"ListItem\",\"position\":1,\"name\":\"Home\",\"item\":\"https:\/\/www.urlaubcornwall.de\/blog\/\"},{\"@type\":\"ListItem\",\"position\":2,\"name\":\"Hotels in Brixham mit Hund zum Verlieben \u2013 so einfach ist das!\"}]}]}<\/script>\n<!-- \/ Yoast SEO plugin. -->","yoast_head_json":{"title":"Hotels in Brixham mit Hund zum Verlieben \u2013 so einfach ist das! - Urlaub &amp; Reisen","robots":{"index":"index","follow":"follow","max-snippet":"max-snippet:-1","max-image-preview":"max-image-preview:large","max-video-preview":"max-video-preview:-1"},"canonical":"https:\/\/www.urlaubcornwall.de\/blog\/hotels-brixham-mit-hund-zum-verlieben-einfach-ist-das\/","og_locale":"en_US","og_type":"article","og_title":"Hotels in Brixham mit Hund zum Verlieben \u2013 so einfach ist das! - Urlaub &amp; Reisen","og_description":"Die sch\u00f6nsten&nbsp;Hundefreundliche Hotels in Brixham f\u00fcr Ihren Urlaub in Dorset Eine klassische englische Hafenstadt mit pastellfarbenen Fischerh\u00e4usern, die in krummen Zeilen am H\u00fcgel h\u00e4ngen. Es gibt einen mond\u00e4nen Jachthafen mit Restaurants und Bars, eine Auswahl an Str\u00e4nden und ein Salzwasser-Au\u00dfenschwimmbecken. Die wundersch\u00f6ne K\u00fcste hier kann entweder zu Fu\u00df erkundet werden entlang der K\u00fcstenpfade oder indem [&hellip;]","og_url":"https:\/\/www.urlaubcornwall.de\/blog\/hotels-brixham-mit-hund-zum-verlieben-einfach-ist-das\/","og_site_name":"Urlaub &amp; Reisen","article_modified_time":"2024-04-12T10:39:10+00:00","og_image":[{"url":"hhttps:\/\/www.urlaubcornwall.de\/blog\/wp-content\/uploads\/2024\/03\/hafen-brixham.jpg"}],"twitter_card":"summary","twitter_misc":{"Est. reading time":"2 minutes"},"schema":{"@context":"https:\/\/schema.org","@graph":[{"@type":"WebSite","@id":"https:\/\/www.urlaubcornwall.de\/blog\/#website","url":"https:\/\/www.urlaubcornwall.de\/blog\/","name":"Urlaub &amp; Reisen","description":"Urlaub, Reisen, Cornwall und S\u00fcdengland: eine perfekte Kombination","potentialAction":[{"@type":"SearchAction","target":{"@type":"EntryPoint","urlTemplate":"https:\/\/www.urlaubcornwall.de\/blog\/?s={search_term_string}"},"query-input":"required name=search_term_string"}],"inLanguage":"en-US"},{"@type":"WebPage","@id":"https:\/\/www.urlaubcornwall.de\/blog\/hotels-brixham-mit-hund-zum-verlieben-einfach-ist-das\/","url":"https:\/\/www.urlaubcornwall.de\/blog\/hotels-brixham-mit-hund-zum-verlieben-einfach-ist-das\/","name":"Hotels in Brixham mit Hund zum Verlieben \u2013 so einfach ist das! - Urlaub &amp; Reisen","isPartOf":{"@id":"https:\/\/www.urlaubcornwall.de\/blog\/#website"},"datePublished":"2017-10-31T15:36:46+00:00","dateModified":"2024-04-12T10:39:10+00:00","breadcrumb":{"@id":"https:\/\/www.urlaubcornwall.de\/blog\/hotels-brixham-mit-hund-zum-verlieben-einfach-ist-das\/#breadcrumb"},"inLanguage":"en-US","potentialAction":[{"@type":"ReadAction","target":["https:\/\/www.urlaubcornwall.de\/blog\/hotels-brixham-mit-hund-zum-verlieben-einfach-ist-das\/"]}]},{"@type":"BreadcrumbList","@id":"https:\/\/www.urlaubcornwall.de\/blog\/hotels-brixham-mit-hund-zum-verlieben-einfach-ist-das\/#breadcrumb","itemListElement":[{"@type":"ListItem","position":1,"name":"Home","item":"https:\/\/www.urlaubcornwall.de\/blog\/"},{"@type":"ListItem","position":2,"name":"Hotels in Brixham mit Hund zum Verlieben \u2013 so einfach ist das!"}]}]}},"_links":{"self":[{"href":"https:\/\/www.urlaubcornwall.de\/blog\/wp-json\/wp\/v2\/pages\/30170"}],"collection":[{"href":"https:\/\/www.urlaubcornwall.de\/blog\/wp-json\/wp\/v2\/pages"}],"about":[{"href":"https:\/\/www.urlaubcornwall.de\/blog\/wp-json\/wp\/v2\/types\/page"}],"author":[{"embeddable":true,"href":"https:\/\/www.urlaubcornwall.de\/blog\/wp-json\/wp\/v2\/users\/1"}],"replies":[{"embeddable":true,"href":"https:\/\/www.urlaubcornwall.de\/blog\/wp-json\/wp\/v2\/comments?post=30170"}],"version-history":[{"count":4,"href":"https:\/\/www.urlaubcornwall.de\/blog\/wp-json\/wp\/v2\/pages\/30170\/revisions"}],"predecessor-version":[{"id":49264,"href":"https:\/\/www.urlaubcornwall.de\/blog\/wp-json\/wp\/v2\/pages\/30170\/revisions\/49264"}],"wp:attachment":[{"href":"https:\/\/www.urlaubcornwall.de\/blog\/wp-json\/wp\/v2\/media?parent=30170"}],"curies":[{"name":"wp","href":"https:\/\/api.w.org\/{rel}","templated":true}]}}