{"id":30146,"date":"2017-12-17T11:17:43","date_gmt":"2017-12-17T11:17:43","guid":{"rendered":"https:\/\/www.urlaubcornwall.de\/blog\/?page_id=30146"},"modified":"2024-05-30T12:38:42","modified_gmt":"2024-05-30T12:38:42","slug":"5-sterne-luxushotels-suedengland","status":"publish","type":"page","link":"https:\/\/www.urlaubcornwall.de\/blog\/5-sterne-luxushotels-suedengland\/","title":{"rendered":"Sch\u00f6nsten Luxushotels in S\u00fcdengland"},"content":{"rendered":"<p><a href=\"https:\/\/www.urlaubcornwall.de\/blog\/wp-content\/uploads\/2024\/04\/trerice-insta-scaled-e1712151135280.jpg\"><img loading=\"lazy\" src=\"https:\/\/www.urlaubcornwall.de\/blog\/wp-content\/uploads\/2024\/04\/trerice-insta-1024x952.jpg\" alt=\"trerice\" width=\"1024\" height=\"952\" class=\"alignnone size-large wp-image-48846\" \/><\/a><br \/>\nUrlaubCornwall hat die besten <a href=\"https:\/\/www.urlaubcornwall.de\/hotels\/suedengland.php\">Luxushotels in S\u00fcdengland<\/a> ausgew\u00e4hlt, mit den gem\u00fctlichsten Zimmern und den besten Restaurants an den malerischsten Orten. Jedes&nbsp;<a href=\"https:\/\/www.urlaubcornwall.de\/blog\/4-und-5-sterne-luxus-schlosshotels-in-england-schottland-und-irland\/\">Schlosshotels<\/a>, 4- oder 5-Sterne Hotel, wurde sorgf\u00e4ltig ausgesucht, so dass Sie mit Sicherheit einen fantastischen Luxusurlaub in S\u00fcd- und S\u00fcdwestengland erleben werden.<br \/>\nNun als eine von Gro\u00dfbritanniens beliebteste Urlaubsregion hat diese Region Besuchern allerhand zu bieten, ob sie nun spa\u00dferf\u00fcllten Familienurlaub, Kultur, Rundreisen und Sehensw\u00fcrdigkeiten suchen oder lediglich Zeit damit verbringen wollen, die K\u00fcstenlandschaft und Str\u00e4nde zu genie\u00dfen.<\/p>\n<p><ins class=\"bookingaff\" data-aid=\"1697346\" data-target_aid=\"1697346\" data-prod=\"map\" data-width=\"100%\" data-height=\"590\" data-lang=\"ualng\" data-dest_id=\"0\" data-dest_type=\"landmark\" data-latitude=\"50.415497\" data-longitude=\"-5.073719\" data-mwhsb=\"0\" data-address=\"Newquay, UK\"><br \/>\n    <!-- Anything inside will go away once widget is loaded. --><br \/>\n        <a href=\"\/\/www.booking.com?aid=1697346\"rel=\"nofollow\">Booking.com<\/a><br \/>\n<\/ins><br \/>\n<script type=\"text\/javascript\">\n    (function(d, sc, u) {\n      var s = d.createElement(sc), p = d.getElementsByTagName(sc)[0];\n      s.type = 'text\/javascript';\n      s.async = true;\n      s.src = u + '?v=' + (+new Date());\n      p.parentNode.insertBefore(s,p);\n      })(document, 'script', '\/\/aff.bstatic.com\/static\/affiliate_base\/js\/flexiproduct.js');\n<\/script><\/p>\n<h2 style=\"text-align: center;\">N\u00fctzliche Links<\/h2>\n<section class=\"fancy-list bigger\">\n<div class=\"container\">\n<div class=\"one-third\" style=\"text-align: center;\">\n<p><strong>Beliebte Grafschaften<\/strong><\/p>\n<ul class=\"box-links\">\n<li><a href=\"https:\/\/www.urlaubcornwall.de\/hotels.php\">Cornwall<\/a><\/li>\n<li><a href=\"https:\/\/www.urlaubcornwall.de\/hotels\/devon.php\">Devon<\/a><\/li>\n<li><a href=\"https:\/\/www.urlaubcornwall.de\/hotels\/dorset.php\">Dorset<\/a><\/li>\n<li><a href=\"https:\/\/www.urlaubcornwall.de\/hotels\/new-forest-hampshire.php\">Hampshire<\/a><\/li>\n<li><a href=\"https:\/\/www.urlaubcornwall.de\/hotels\/kent.php\">Kent<\/a><\/li>\n<li><a href=\"https:\/\/www.urlaubcornwall.de\/hotels\/sussex.php\">Sussex<\/a><\/li>\n<\/ul>\n<\/div>\n<div class=\"one-third\" style=\"text-align: center;\">\n<p><strong>K\u00fcstenst\u00e4dte<\/strong><\/p>\n<ul class=\"box-links\">\n<li><a href=\"https:\/\/www.urlaubcornwall.de\/blog\/bei-uns-finden-sie-hotels-brighton-meer-zum-verlieben-einfach-ist-das\/\">Brighton<\/a><\/li>\n<li><a href=\"https:\/\/www.urlaubcornwall.de\/blog\/besten-hotels-bournemouth-zum-verlieben-einfach-ist-das\/\">Bournemouth<\/a><\/li>\n<li><a href=\"https:\/\/www.urlaubcornwall.de\/blog\/bei-uns-finden-sie-hotels-eastbourne-meer-zum-verlieben-einfach-ist-das\/\">Eastbourne<\/a><\/li>\n<li><a href=\"https:\/\/www.urlaubcornwall.de\/blog\/hotel-bristol-ein-charmantes-traditionelles-hotel-direkt-am-strand-von-newquay\/\">Newquay<\/a><\/li>\n<li><a href=\"https:\/\/www.urlaubcornwall.de\/blog\/die-schoensten-hotels-st-ives-fuer-ihren-urlaub-cornwall\/\">St Ives<\/a><\/li>\n<li><a href=\"https:\/\/www.urlaubcornwall.de\/blog\/die-schoensten-hotels-englische-riviera-fuer-ihren-urlaub-suedengland\/\">Torquay<\/a><\/li>\n<\/ul>\n<\/div>\n<div class=\"one-third\">\n<p style=\"text-align: center;\"><strong>Beliebte St\u00e4dte<\/strong><\/p>\n<ul class=\"box-links\">\n<li style=\"text-align: center;\"><a href=\"https:\/\/www.urlaubcornwall.de\/blog\/bei-uns-finden-sie-besten-hotels-bath\/\">Bath<\/a><\/li>\n<li style=\"text-align: center;\"><a href=\"https:\/\/www.urlaubcornwall.de\/blog\/bei-uns-finden-sie-besten-hotels-bristol-einfach-ist-das\/\">Bristol<\/a><\/li>\n<li style=\"text-align: center;\"><a href=\"https:\/\/www.urlaubcornwall.de\/blog\/bei-uns-finden-sie-besten-hotels-oxford-einfach-ist-das\/\">Oxford<\/a><\/li>\n<li style=\"text-align: center;\"><a href=\"https:\/\/www.booking.com\/city\/gb\/london.html?aid=1320750&amp;no_rooms=1&amp;group_adults=2&amp;room1=A%2CA\" rel=\"nofollow\">London<\/a><\/li>\n<li style=\"text-align: center;\"><a href=\"https:\/\/www.urlaubcornwall.de\/blog\/schoensten-hotels-salisbury-zum-verlieben-einfach-ist-das\/\">Salisbury<\/a><\/li>\n<li style=\"text-align: center;\"><a href=\"https:\/\/www.urlaubcornwall.de\/blog\/bei-uns-finden-sie-hotels-winchester-zum-verlieben-einfach-ist-das\/\">Winchester<\/a><\/li>\n<\/ul>\n<\/div>\n<\/div>\n<div class=\"snippet\"> <a class=\"featured-item\" href=\"https:\/\/www.urlaubcornwall.de\/ferienhaeuser.php\"> <span class=\"image-holder\" style=\"background-image: url(' https:\/\/www.urlaubcornwall.de\/blog\/wp-content\/uploads\/2024\/03\/ferienhaus-england-cornwall.jpg ');\"><\/span> <span class=\"featured-content\"> \n<h2 class=\"featured-title\">Ferienh\u00e4user in England, Schottland &#038; Wales<\/h2>\n<p class=\"featured-body\">Bei uns finden Sie Ferienh\u00e4user in Gro\u00dfbritannien zum Verlieben; so einfach ist das! UrlaubCornwall.de hat eine einzigartige Sammlung pers\u00f6nlich inspizierter Ferienh\u00e4user und Ferienwohnungen&#8230;.<\/p><\/span> <span class=\"featured-link-holder\"> <span class=\"featured-extra-info\"> \n<p>F\u00fcr Paare, Familien &#038; Gruppen<\/p>\n<\/span> \n<p class=\"featured-link\">DETAILS<\/p>\n<\/span> <\/a><\/div>\n<div class=\"snippet\"> <a class=\"featured-item\" href=\" https:\/\/www.urlaubcornwall.de\/rundreisen\/grossbritannien.php\"> <span class=\"image-holder\" style=\"background-image: url(' https:\/\/www.urlaubcornwall.de\/blog\/wp-content\/uploads\/2018\/11\/rundreise-cornwall.jpg ');\"><\/span> <span class=\"featured-content\"> \n<h2 class=\"featured-title\">Individuelle Rundreise in Gro\u00dfbritannien<\/h2>\n<p class=\"featured-body\">Mit Sitz im Vereinten K\u00f6nigreich und einer Reiseleidenschaft haben wir uns darin spezialisiert, individuelle Rundreisen f\u00fcr Paare, Familien oder Gruppen zusammenzustellen&#8230;.<\/p>\n<\/span> <span class=\"featured-link-holder\"> <span class=\"featured-extra-info\"> \n<p>Urlaub im eigenen Schritttempo<\/p>\n<\/span> \n<p class=\"featured-link\">DETAILS<\/p>\n<\/span> <\/a><\/div>\n<\/section>","protected":false},"excerpt":{"rendered":"<p>UrlaubCornwall hat die besten Luxushotels in S\u00fcdengland ausgew\u00e4hlt, mit den gem\u00fctlichsten Zimmern und den besten Restaurants an den malerischsten Orten. Jedes&nbsp;Schlosshotels, 4- oder 5-Sterne Hotel, wurde sorgf\u00e4ltig ausgesucht, so dass Sie mit Sicherheit einen fantastischen Luxusurlaub in S\u00fcd- und S\u00fcdwestengland erleben werden. Nun als eine von Gro\u00dfbritanniens beliebteste Urlaubsregion hat diese Region Besuchern allerhand zu [&hellip;]<\/p>\n","protected":false},"author":1,"featured_media":0,"parent":0,"menu_order":0,"comment_status":"closed","ping_status":"closed","template":"single-four.php","meta":[],"acf":[],"yoast_head":"<!-- This site is optimized with the Yoast SEO plugin v19.4 - https:\/\/yoast.com\/wordpress\/plugins\/seo\/ -->\n<title>Sch\u00f6nsten Luxushotels in S\u00fcdengland - Urlaub &amp; Reisen<\/title>\n<meta name=\"robots\" content=\"index, follow, max-snippet:-1, max-image-preview:large, max-video-preview:-1\" \/>\n<link rel=\"canonical\" href=\"https:\/\/www.urlaubcornwall.de\/blog\/5-sterne-luxushotels-suedengland\/\" \/>\n<meta property=\"og:locale\" content=\"en_US\" \/>\n<meta property=\"og:type\" content=\"article\" \/>\n<meta property=\"og:title\" content=\"Sch\u00f6nsten Luxushotels in S\u00fcdengland - Urlaub &amp; Reisen\" \/>\n<meta property=\"og:description\" content=\"UrlaubCornwall hat die besten Luxushotels in S\u00fcdengland ausgew\u00e4hlt, mit den gem\u00fctlichsten Zimmern und den besten Restaurants an den malerischsten Orten. Jedes&nbsp;Schlosshotels, 4- oder 5-Sterne Hotel, wurde sorgf\u00e4ltig ausgesucht, so dass Sie mit Sicherheit einen fantastischen Luxusurlaub in S\u00fcd- und S\u00fcdwestengland erleben werden. Nun als eine von Gro\u00dfbritanniens beliebteste Urlaubsregion hat diese Region Besuchern allerhand zu [&hellip;]\" \/>\n<meta property=\"og:url\" content=\"https:\/\/www.urlaubcornwall.de\/blog\/5-sterne-luxushotels-suedengland\/\" \/>\n<meta property=\"og:site_name\" content=\"Urlaub &amp; Reisen\" \/>\n<meta property=\"article:modified_time\" content=\"2024-05-30T12:38:42+00:00\" \/>\n<meta property=\"og:image\" content=\"https:\/\/www.urlaubcornwall.de\/blog\/wp-content\/uploads\/2024\/04\/trerice-insta-1024x952.jpg\" \/>\n<meta name=\"twitter:card\" content=\"summary\" \/>\n<meta name=\"twitter:label1\" content=\"Est. reading time\" \/>\n\t<meta name=\"twitter:data1\" content=\"1 minute\" \/>\n<script type=\"application\/ld+json\" class=\"yoast-schema-graph\">{\"@context\":\"https:\/\/schema.org\",\"@graph\":[{\"@type\":\"WebSite\",\"@id\":\"https:\/\/www.urlaubcornwall.de\/blog\/#website\",\"url\":\"https:\/\/www.urlaubcornwall.de\/blog\/\",\"name\":\"Urlaub &amp; Reisen\",\"description\":\"Urlaub, Reisen, Cornwall und S\u00fcdengland: eine perfekte Kombination\",\"potentialAction\":[{\"@type\":\"SearchAction\",\"target\":{\"@type\":\"EntryPoint\",\"urlTemplate\":\"https:\/\/www.urlaubcornwall.de\/blog\/?s={search_term_string}\"},\"query-input\":\"required name=search_term_string\"}],\"inLanguage\":\"en-US\"},{\"@type\":\"WebPage\",\"@id\":\"https:\/\/www.urlaubcornwall.de\/blog\/5-sterne-luxushotels-suedengland\/\",\"url\":\"https:\/\/www.urlaubcornwall.de\/blog\/5-sterne-luxushotels-suedengland\/\",\"name\":\"Sch\u00f6nsten Luxushotels in S\u00fcdengland - Urlaub &amp; Reisen\",\"isPartOf\":{\"@id\":\"https:\/\/www.urlaubcornwall.de\/blog\/#website\"},\"datePublished\":\"2017-12-17T11:17:43+00:00\",\"dateModified\":\"2024-05-30T12:38:42+00:00\",\"breadcrumb\":{\"@id\":\"https:\/\/www.urlaubcornwall.de\/blog\/5-sterne-luxushotels-suedengland\/#breadcrumb\"},\"inLanguage\":\"en-US\",\"potentialAction\":[{\"@type\":\"ReadAction\",\"target\":[\"https:\/\/www.urlaubcornwall.de\/blog\/5-sterne-luxushotels-suedengland\/\"]}]},{\"@type\":\"BreadcrumbList\",\"@id\":\"https:\/\/www.urlaubcornwall.de\/blog\/5-sterne-luxushotels-suedengland\/#breadcrumb\",\"itemListElement\":[{\"@type\":\"ListItem\",\"position\":1,\"name\":\"Home\",\"item\":\"https:\/\/www.urlaubcornwall.de\/blog\/\"},{\"@type\":\"ListItem\",\"position\":2,\"name\":\"Sch\u00f6nsten Luxushotels in S\u00fcdengland\"}]}]}<\/script>\n<!-- \/ Yoast SEO plugin. -->","yoast_head_json":{"title":"Sch\u00f6nsten Luxushotels in S\u00fcdengland - Urlaub &amp; Reisen","robots":{"index":"index","follow":"follow","max-snippet":"max-snippet:-1","max-image-preview":"max-image-preview:large","max-video-preview":"max-video-preview:-1"},"canonical":"https:\/\/www.urlaubcornwall.de\/blog\/5-sterne-luxushotels-suedengland\/","og_locale":"en_US","og_type":"article","og_title":"Sch\u00f6nsten Luxushotels in S\u00fcdengland - Urlaub &amp; Reisen","og_description":"UrlaubCornwall hat die besten Luxushotels in S\u00fcdengland ausgew\u00e4hlt, mit den gem\u00fctlichsten Zimmern und den besten Restaurants an den malerischsten Orten. Jedes&nbsp;Schlosshotels, 4- oder 5-Sterne Hotel, wurde sorgf\u00e4ltig ausgesucht, so dass Sie mit Sicherheit einen fantastischen Luxusurlaub in S\u00fcd- und S\u00fcdwestengland erleben werden. Nun als eine von Gro\u00dfbritanniens beliebteste Urlaubsregion hat diese Region Besuchern allerhand zu [&hellip;]","og_url":"https:\/\/www.urlaubcornwall.de\/blog\/5-sterne-luxushotels-suedengland\/","og_site_name":"Urlaub &amp; Reisen","article_modified_time":"2024-05-30T12:38:42+00:00","og_image":[{"url":"https:\/\/www.urlaubcornwall.de\/blog\/wp-content\/uploads\/2024\/04\/trerice-insta-1024x952.jpg"}],"twitter_card":"summary","twitter_misc":{"Est. reading time":"1 minute"},"schema":{"@context":"https:\/\/schema.org","@graph":[{"@type":"WebSite","@id":"https:\/\/www.urlaubcornwall.de\/blog\/#website","url":"https:\/\/www.urlaubcornwall.de\/blog\/","name":"Urlaub &amp; Reisen","description":"Urlaub, Reisen, Cornwall und S\u00fcdengland: eine perfekte Kombination","potentialAction":[{"@type":"SearchAction","target":{"@type":"EntryPoint","urlTemplate":"https:\/\/www.urlaubcornwall.de\/blog\/?s={search_term_string}"},"query-input":"required name=search_term_string"}],"inLanguage":"en-US"},{"@type":"WebPage","@id":"https:\/\/www.urlaubcornwall.de\/blog\/5-sterne-luxushotels-suedengland\/","url":"https:\/\/www.urlaubcornwall.de\/blog\/5-sterne-luxushotels-suedengland\/","name":"Sch\u00f6nsten Luxushotels in S\u00fcdengland - Urlaub &amp; Reisen","isPartOf":{"@id":"https:\/\/www.urlaubcornwall.de\/blog\/#website"},"datePublished":"2017-12-17T11:17:43+00:00","dateModified":"2024-05-30T12:38:42+00:00","breadcrumb":{"@id":"https:\/\/www.urlaubcornwall.de\/blog\/5-sterne-luxushotels-suedengland\/#breadcrumb"},"inLanguage":"en-US","potentialAction":[{"@type":"ReadAction","target":["https:\/\/www.urlaubcornwall.de\/blog\/5-sterne-luxushotels-suedengland\/"]}]},{"@type":"BreadcrumbList","@id":"https:\/\/www.urlaubcornwall.de\/blog\/5-sterne-luxushotels-suedengland\/#breadcrumb","itemListElement":[{"@type":"ListItem","position":1,"name":"Home","item":"https:\/\/www.urlaubcornwall.de\/blog\/"},{"@type":"ListItem","position":2,"name":"Sch\u00f6nsten Luxushotels in S\u00fcdengland"}]}]}},"_links":{"self":[{"href":"https:\/\/www.urlaubcornwall.de\/blog\/wp-json\/wp\/v2\/pages\/30146"}],"collection":[{"href":"https:\/\/www.urlaubcornwall.de\/blog\/wp-json\/wp\/v2\/pages"}],"about":[{"href":"https:\/\/www.urlaubcornwall.de\/blog\/wp-json\/wp\/v2\/types\/page"}],"author":[{"embeddable":true,"href":"https:\/\/www.urlaubcornwall.de\/blog\/wp-json\/wp\/v2\/users\/1"}],"replies":[{"embeddable":true,"href":"https:\/\/www.urlaubcornwall.de\/blog\/wp-json\/wp\/v2\/comments?post=30146"}],"version-history":[{"count":14,"href":"https:\/\/www.urlaubcornwall.de\/blog\/wp-json\/wp\/v2\/pages\/30146\/revisions"}],"predecessor-version":[{"id":51039,"href":"https:\/\/www.urlaubcornwall.de\/blog\/wp-json\/wp\/v2\/pages\/30146\/revisions\/51039"}],"wp:attachment":[{"href":"https:\/\/www.urlaubcornwall.de\/blog\/wp-json\/wp\/v2\/media?parent=30146"}],"curies":[{"name":"wp","href":"https:\/\/api.w.org\/{rel}","templated":true}]}}