{"id":30144,"date":"2017-10-31T14:04:30","date_gmt":"2017-10-31T14:04:30","guid":{"rendered":"https:\/\/www.urlaubcornwall.de\/blog\/?page_id=30144"},"modified":"2024-05-30T12:13:35","modified_gmt":"2024-05-30T12:13:35","slug":"hotels-sidmouth-mit-hund-fuer-ihren-urlaub-devon","status":"publish","type":"page","link":"https:\/\/www.urlaubcornwall.de\/blog\/hotels-sidmouth-mit-hund-fuer-ihren-urlaub-devon\/","title":{"rendered":"Die sch\u00f6nsten Hotels in Sidmouth mit Hund f\u00fcr Ihren Urlaub in Devon."},"content":{"rendered":"<h1 style=\"text-align: left;\"><strong>Die Besten Hundefreundliche Hotels in Sidmouth<\/strong><\/h1>\n<p style=\"text-align: left;\">Mit dem Hund in den Urlaub zu fahren ist immer ein sch\u00f6nes Erlebnis, aber in Sidmouth mit seinen herrlichen Landschaften und K\u00fcste ist ein <a href=\"https:\/\/www.urlaubcornwall.de\/reiseziel\/suedwestengland.php\">Urlaub in S\u00fcdwest-England<\/a> mit dem vierbeinigen Freund einfach traumhaft. Nach einem aufregenden Tag im Freien kann Ihre gesamte Familie den Abend entspannt zusammen in Ihrem fantastischen Hotel ausklingen lassen.<\/p>\n<h2><a href=\"https:\/\/www.booking.com\/hotel\/gb\/riviera-sidmouth.html?aid=1320750&amp;no_rooms=1&amp;group_adults=2&amp;room1=A%2CA\" rel=\"nofollow\"><span style=\"text-decoration: underline;\"><strong>4* Hotel Riviera \u2013 Luxushotel am Meer Devon<\/strong><\/span><\/a><\/h2>\n<p>Diese Unterkunft ist 1 Gehminute vom Strand entfernt. In herrlicher K\u00fcstenlage in Sidmouth bietet Ihnen das 4-Sterne-Hotel Riviera mit seiner eleganten Fassade aus der Zeit der Regentschaft einen idealen Ausgangspunkt zur Erkundung der sch\u00f6nen Umgebung&#8230;&#8230;&#8230;<a href=\"https:\/\/www.booking.com\/hotel\/gb\/riviera-sidmouth.html?aid=1320750&amp;no_rooms=1&amp;group_adults=2&amp;room1=A%2CA\" rel=\"nofollow\">[Mehr]<\/a><\/p>\n<h2><a href=\"https:\/\/www.booking.com\/hotel\/gb\/kingswood-devoran.html?aid=1320750&amp;no_rooms=1&amp;group_adults=2&amp;room1=A%2CA\" rel=\"nofollow\"><span style=\"text-decoration: underline;\"><strong>Kingswood und Devoran Hotel \u2013 3 Sterne mit Meerblick<\/strong><\/span><\/a><\/h2>\n<p>Direkt an der Esplanade von Sidmouth in der Grafschaft Devon bietet das Kingswood &amp; Devoran Hotel Unterk\u00fcnfte mit eigenem Bad und kostenfreiem WLAN. Sie wohnen in einem modernen Hotel mit einer eigenen Bar und einem Restaurant.<br \/>\n&#8230;&#8230;..<a href=\"https:\/\/www.booking.com\/hotel\/gb\/kingswood-devoran.html?aid=1320750&amp;no_rooms=1&amp;group_adults=2&amp;room1=A%2CA\" rel=\"nofollow\">[Mehr]<\/a><\/p>\n<h2><a href=\"https:\/\/www.booking.com\/hotel\/gb\/the-bedford.html?aid=1320750&amp;no_rooms=1&amp;group_adults=2&amp;room1=A%2CA\" rel=\"nofollow\"><span style=\"text-decoration: underline;\"><strong>Bedford Hotel am Strand<\/strong><\/span><\/a><\/h2>\n<p>Diese Unterkunft ist 1 Gehminute vom Strand entfernt. An der Jurak\u00fcste von Devon erwartet Sie das The Bedford Hotel auf der Strandpromenade von Sidmouth. Es bietet individuell eingerichtete Zimmer mit einem Flachbild-TV, begrenzte geb\u00fchrenfreie Parkpl\u00e4tze und ein Restaurant mit Blick auf die Bucht Lyme&#8230;&#8230;&#8230;<a href=\"https:\/\/www.booking.com\/hotel\/gb\/the-bedford.html?aid=1320750&amp;no_rooms=1&amp;group_adults=2&amp;room1=A%2CA\" rel=\"nofollow\">[Mehr]<\/a><\/p>\n<p style=\"text-align: center;\"><a class=\"tidycta\" href=\"https:\/\/www.booking.com\/searchresults.html?city=-2607797&amp;nflt=ht_id%253D223&amp;aid=1320750&amp;no_rooms=1&amp;group_adults=2&amp;room1=A%2CA\" rel=\"nofollow\">Suche Hotels in Sidmouth<\/a><b><\/b><\/p>\n<p style=\"text-align: center;\">Der elegante Regency Badeort Sidmouth hat eine 1,6 km lange Strandpromenade, und im Hintergrund befinden sich rote Klippen. Es war einst der stilvolle Badeort schechthin und wurde sorgsam und einfallsreich konserviert. Hier lebte die k\u00fcnftige K\u00f6nigin Viktoria als Kind mit ihren Elten, dem Herzog und der Herzogin von Kent.<\/p>\n<h1 style=\"text-align: center;\"><strong>Bei uns finden Sie Ferienh\u00e4user zum Verlieben \u2013 so einfach ist das!<\/strong><\/h1>\n<p style=\"text-align: center;\">UrlaubCornwall verf\u00fcgt Ferienh\u00e4user und Ferienwohnungen f\u00fcr Ihren <a href=\"https:\/\/www.urlaubcornwall.de\/reiseziel\/suedengland.php\">Urlaub in Sudengland<\/a>. Unterk\u00fcnfte der Spitzenklasse f\u00fcr 2 Personen, Familien und Gruppen mit 4, 6, 8, 10 oder 12 G\u00e4sten.<\/p>\n<p style=\"text-align: center;\"><strong>&nbsp;<\/strong><a class=\"tidycta\" href=\"https:\/\/www.urlaubcornwall.de\/reiseziel\/suedengland.php\">Suche Ferienh\u00e4user Sudengland<\/a><br \/>\n<img loading=\"lazy\" class=\"aligncenter size-full wp-image-24598\" src=\"https:\/\/www.urlaubcornwall.de\/blog\/wp-content\/uploads\/2016\/06\/urlaub-und-sudengland_logo-final.jpg\" width=\"746\" height=\"361\"\/><\/p>\n<p style=\"text-align: center;\"><a href=\"http:\/\/www.urlaubcornwall.de\/\">UrlaubCornwall.de<\/a> ist ein in Cornwall ans\u00e4ssiges Unternehmen k\u00f6nnen wir uns mit 20 Jahren Erfahrung in der Organisation von Rundreisen durch S\u00fcdwest und S\u00fcdengland r\u00fchmen. Um Devon in Ihre Rundreise durch S\u00fcdengland mit einzugliedern, stellen Sie Ihre <a href=\"http:\/\/www.urlaubcornwall.de\/anfrage.php\">Anfrage<\/a> hier oder w\u00e4hlen Sie ein Ferienhaus aus unserer besten Auswahl handverlesener und inspizierter H\u00e4user aus.<\/p>\n","protected":false},"excerpt":{"rendered":"<p>Die Besten Hundefreundliche Hotels in Sidmouth Mit dem Hund in den Urlaub zu fahren ist immer ein sch\u00f6nes Erlebnis, aber in Sidmouth mit seinen herrlichen Landschaften und K\u00fcste ist ein Urlaub in S\u00fcdwest-England mit dem vierbeinigen Freund einfach traumhaft. Nach einem aufregenden Tag im Freien kann Ihre gesamte Familie den Abend entspannt zusammen in Ihrem [&hellip;]<\/p>\n","protected":false},"author":1,"featured_media":0,"parent":0,"menu_order":0,"comment_status":"closed","ping_status":"closed","template":"single-four.php","meta":[],"acf":[],"yoast_head":"<!-- This site is optimized with the Yoast SEO plugin v19.4 - https:\/\/yoast.com\/wordpress\/plugins\/seo\/ -->\n<title>Die sch\u00f6nsten Hotels in Sidmouth mit Hund f\u00fcr Ihren Urlaub in Devon. - Urlaub &amp; Reisen<\/title>\n<meta name=\"robots\" content=\"index, follow, max-snippet:-1, max-image-preview:large, max-video-preview:-1\" \/>\n<link rel=\"canonical\" href=\"https:\/\/www.urlaubcornwall.de\/blog\/hotels-sidmouth-mit-hund-fuer-ihren-urlaub-devon\/\" \/>\n<meta property=\"og:locale\" content=\"en_US\" \/>\n<meta property=\"og:type\" content=\"article\" \/>\n<meta property=\"og:title\" content=\"Die sch\u00f6nsten Hotels in Sidmouth mit Hund f\u00fcr Ihren Urlaub in Devon. - Urlaub &amp; Reisen\" \/>\n<meta property=\"og:description\" content=\"Die Besten Hundefreundliche Hotels in Sidmouth Mit dem Hund in den Urlaub zu fahren ist immer ein sch\u00f6nes Erlebnis, aber in Sidmouth mit seinen herrlichen Landschaften und K\u00fcste ist ein Urlaub in S\u00fcdwest-England mit dem vierbeinigen Freund einfach traumhaft. Nach einem aufregenden Tag im Freien kann Ihre gesamte Familie den Abend entspannt zusammen in Ihrem [&hellip;]\" \/>\n<meta property=\"og:url\" content=\"https:\/\/www.urlaubcornwall.de\/blog\/hotels-sidmouth-mit-hund-fuer-ihren-urlaub-devon\/\" \/>\n<meta property=\"og:site_name\" content=\"Urlaub &amp; Reisen\" \/>\n<meta property=\"article:modified_time\" content=\"2024-05-30T12:13:35+00:00\" \/>\n<meta property=\"og:image\" content=\"https:\/\/www.urlaubcornwall.de\/blog\/wp-content\/uploads\/2016\/06\/urlaub-und-sudengland_logo-final.jpg\" \/>\n<meta name=\"twitter:card\" content=\"summary\" \/>\n<meta name=\"twitter:label1\" content=\"Est. reading time\" \/>\n\t<meta name=\"twitter:data1\" content=\"2 minutes\" \/>\n<script type=\"application\/ld+json\" class=\"yoast-schema-graph\">{\"@context\":\"https:\/\/schema.org\",\"@graph\":[{\"@type\":\"WebSite\",\"@id\":\"https:\/\/www.urlaubcornwall.de\/blog\/#website\",\"url\":\"https:\/\/www.urlaubcornwall.de\/blog\/\",\"name\":\"Urlaub &amp; Reisen\",\"description\":\"Urlaub, Reisen, Cornwall und S\u00fcdengland: eine perfekte Kombination\",\"potentialAction\":[{\"@type\":\"SearchAction\",\"target\":{\"@type\":\"EntryPoint\",\"urlTemplate\":\"https:\/\/www.urlaubcornwall.de\/blog\/?s={search_term_string}\"},\"query-input\":\"required name=search_term_string\"}],\"inLanguage\":\"en-US\"},{\"@type\":\"WebPage\",\"@id\":\"https:\/\/www.urlaubcornwall.de\/blog\/hotels-sidmouth-mit-hund-fuer-ihren-urlaub-devon\/\",\"url\":\"https:\/\/www.urlaubcornwall.de\/blog\/hotels-sidmouth-mit-hund-fuer-ihren-urlaub-devon\/\",\"name\":\"Die sch\u00f6nsten Hotels in Sidmouth mit Hund f\u00fcr Ihren Urlaub in Devon. - Urlaub &amp; Reisen\",\"isPartOf\":{\"@id\":\"https:\/\/www.urlaubcornwall.de\/blog\/#website\"},\"datePublished\":\"2017-10-31T14:04:30+00:00\",\"dateModified\":\"2024-05-30T12:13:35+00:00\",\"breadcrumb\":{\"@id\":\"https:\/\/www.urlaubcornwall.de\/blog\/hotels-sidmouth-mit-hund-fuer-ihren-urlaub-devon\/#breadcrumb\"},\"inLanguage\":\"en-US\",\"potentialAction\":[{\"@type\":\"ReadAction\",\"target\":[\"https:\/\/www.urlaubcornwall.de\/blog\/hotels-sidmouth-mit-hund-fuer-ihren-urlaub-devon\/\"]}]},{\"@type\":\"BreadcrumbList\",\"@id\":\"https:\/\/www.urlaubcornwall.de\/blog\/hotels-sidmouth-mit-hund-fuer-ihren-urlaub-devon\/#breadcrumb\",\"itemListElement\":[{\"@type\":\"ListItem\",\"position\":1,\"name\":\"Home\",\"item\":\"https:\/\/www.urlaubcornwall.de\/blog\/\"},{\"@type\":\"ListItem\",\"position\":2,\"name\":\"Die sch\u00f6nsten Hotels in Sidmouth mit Hund f\u00fcr Ihren Urlaub in Devon.\"}]}]}<\/script>\n<!-- \/ Yoast SEO plugin. -->","yoast_head_json":{"title":"Die sch\u00f6nsten Hotels in Sidmouth mit Hund f\u00fcr Ihren Urlaub in Devon. - Urlaub &amp; Reisen","robots":{"index":"index","follow":"follow","max-snippet":"max-snippet:-1","max-image-preview":"max-image-preview:large","max-video-preview":"max-video-preview:-1"},"canonical":"https:\/\/www.urlaubcornwall.de\/blog\/hotels-sidmouth-mit-hund-fuer-ihren-urlaub-devon\/","og_locale":"en_US","og_type":"article","og_title":"Die sch\u00f6nsten Hotels in Sidmouth mit Hund f\u00fcr Ihren Urlaub in Devon. - Urlaub &amp; Reisen","og_description":"Die Besten Hundefreundliche Hotels in Sidmouth Mit dem Hund in den Urlaub zu fahren ist immer ein sch\u00f6nes Erlebnis, aber in Sidmouth mit seinen herrlichen Landschaften und K\u00fcste ist ein Urlaub in S\u00fcdwest-England mit dem vierbeinigen Freund einfach traumhaft. Nach einem aufregenden Tag im Freien kann Ihre gesamte Familie den Abend entspannt zusammen in Ihrem [&hellip;]","og_url":"https:\/\/www.urlaubcornwall.de\/blog\/hotels-sidmouth-mit-hund-fuer-ihren-urlaub-devon\/","og_site_name":"Urlaub &amp; Reisen","article_modified_time":"2024-05-30T12:13:35+00:00","og_image":[{"url":"https:\/\/www.urlaubcornwall.de\/blog\/wp-content\/uploads\/2016\/06\/urlaub-und-sudengland_logo-final.jpg"}],"twitter_card":"summary","twitter_misc":{"Est. reading time":"2 minutes"},"schema":{"@context":"https:\/\/schema.org","@graph":[{"@type":"WebSite","@id":"https:\/\/www.urlaubcornwall.de\/blog\/#website","url":"https:\/\/www.urlaubcornwall.de\/blog\/","name":"Urlaub &amp; Reisen","description":"Urlaub, Reisen, Cornwall und S\u00fcdengland: eine perfekte Kombination","potentialAction":[{"@type":"SearchAction","target":{"@type":"EntryPoint","urlTemplate":"https:\/\/www.urlaubcornwall.de\/blog\/?s={search_term_string}"},"query-input":"required name=search_term_string"}],"inLanguage":"en-US"},{"@type":"WebPage","@id":"https:\/\/www.urlaubcornwall.de\/blog\/hotels-sidmouth-mit-hund-fuer-ihren-urlaub-devon\/","url":"https:\/\/www.urlaubcornwall.de\/blog\/hotels-sidmouth-mit-hund-fuer-ihren-urlaub-devon\/","name":"Die sch\u00f6nsten Hotels in Sidmouth mit Hund f\u00fcr Ihren Urlaub in Devon. - Urlaub &amp; Reisen","isPartOf":{"@id":"https:\/\/www.urlaubcornwall.de\/blog\/#website"},"datePublished":"2017-10-31T14:04:30+00:00","dateModified":"2024-05-30T12:13:35+00:00","breadcrumb":{"@id":"https:\/\/www.urlaubcornwall.de\/blog\/hotels-sidmouth-mit-hund-fuer-ihren-urlaub-devon\/#breadcrumb"},"inLanguage":"en-US","potentialAction":[{"@type":"ReadAction","target":["https:\/\/www.urlaubcornwall.de\/blog\/hotels-sidmouth-mit-hund-fuer-ihren-urlaub-devon\/"]}]},{"@type":"BreadcrumbList","@id":"https:\/\/www.urlaubcornwall.de\/blog\/hotels-sidmouth-mit-hund-fuer-ihren-urlaub-devon\/#breadcrumb","itemListElement":[{"@type":"ListItem","position":1,"name":"Home","item":"https:\/\/www.urlaubcornwall.de\/blog\/"},{"@type":"ListItem","position":2,"name":"Die sch\u00f6nsten Hotels in Sidmouth mit Hund f\u00fcr Ihren Urlaub in Devon."}]}]}},"_links":{"self":[{"href":"https:\/\/www.urlaubcornwall.de\/blog\/wp-json\/wp\/v2\/pages\/30144"}],"collection":[{"href":"https:\/\/www.urlaubcornwall.de\/blog\/wp-json\/wp\/v2\/pages"}],"about":[{"href":"https:\/\/www.urlaubcornwall.de\/blog\/wp-json\/wp\/v2\/types\/page"}],"author":[{"embeddable":true,"href":"https:\/\/www.urlaubcornwall.de\/blog\/wp-json\/wp\/v2\/users\/1"}],"replies":[{"embeddable":true,"href":"https:\/\/www.urlaubcornwall.de\/blog\/wp-json\/wp\/v2\/comments?post=30144"}],"version-history":[{"count":11,"href":"https:\/\/www.urlaubcornwall.de\/blog\/wp-json\/wp\/v2\/pages\/30144\/revisions"}],"predecessor-version":[{"id":50996,"href":"https:\/\/www.urlaubcornwall.de\/blog\/wp-json\/wp\/v2\/pages\/30144\/revisions\/50996"}],"wp:attachment":[{"href":"https:\/\/www.urlaubcornwall.de\/blog\/wp-json\/wp\/v2\/media?parent=30144"}],"curies":[{"name":"wp","href":"https:\/\/api.w.org\/{rel}","templated":true}]}}