{"id":30129,"date":"2017-10-30T17:00:51","date_gmt":"2017-10-30T17:00:51","guid":{"rendered":"https:\/\/www.urlaubcornwall.de\/blog\/?page_id=30129"},"modified":"2024-05-30T12:14:05","modified_gmt":"2024-05-30T12:14:05","slug":"die-schoensten-hotels-poole-fuer-ihren-urlaub-suedengland","status":"publish","type":"page","link":"https:\/\/www.urlaubcornwall.de\/blog\/die-schoensten-hotels-poole-fuer-ihren-urlaub-suedengland\/","title":{"rendered":"Die sch\u00f6nsten Hotels in Poole Hafen f\u00fcr Ihren Urlaub in S\u00fcdengland"},"content":{"rendered":"<p style=\"text-align: center;\"><strong>Die Besten Hotels in der N\u00e4he Poole &amp; Poole Hafen f\u00fcr Ihren Uraub in S\u00fcdengland.<br \/>\n<\/strong><\/p>\n<p style=\"text-align: center;\">Mit seinem gro\u00dfen nat\u00fcrlichen Hafen und blau beflaggten Str\u00e4nden ist es ein Gebiet f\u00fcr Wasserfreunde. Die historische Stadt f\u00fchrt hinunter zum Kai, und viele denkmalgesch\u00fctzte Geb\u00e4ude sind eingebettet zwischen sanierten Lagerh\u00e4usern, die Einkaufsm\u00f6glichkeiten bieten, Caf\u00e9s oder eine Bar, um sich auszuruhen und \u00fcber die Bucht hinweg zu schauen.<\/p>\n<p style=\"text-align: center;\"><b><a class=\"tidycta\" href=\"https:\/\/www.booking.com\/searchresults.de.html?city=-2605541&amp;nflt=hoteltag%253D1%253Bht_id%253D204&amp;aid=1320750&amp;no_rooms=1&amp;group_adults=2&amp;room1=A%2CA\" rel=\"nofollow\">Suche Hotels in Poole<\/a><\/b><\/p>\n<p style=\"text-align: center;\">F\u00fcr all jene, die innerhalb von <a href=\"https:\/\/www.urlaubcornwall.de\/reiseziel\/hampshire.php\">Pooles wundervoller Landschaft &amp; K\u00fcste<\/a> untergebracht sein wollen, k\u00f6nnen wir fantastische Hotels mit Meerblick anbieten, die jedem Geldbeutel gerecht werden, von Familienhotels, Last Minute Angebote und M\u00f6glichkeiten f\u00fcr Kinder bieten bis hin zu 4 &amp; 5 Sterne Luxus-Spa-Hotels, eleganten Herrenh\u00e4usern oder f\u00fcnf-Sterne Schloss- und Boutique-Hotels.<\/p>\n<p><img loading=\"lazy\" class=\"aligncenter size-full wp-image-24598\" src=\"https:\/\/www.urlaubcornwall.de\/blog\/wp-content\/uploads\/2016\/06\/urlaub-und-sudengland_logo-final.jpg\" height=\"361\" width=\"746\"\/><\/p>\n<p style=\"text-align: center;\"><a href=\"http:\/\/www.urlaubcornwall.de\/\">UrlaubCornwall.de<\/a> ist ein in Cornwall ans\u00e4ssiges Unternehmen k\u00f6nnen wir uns mit 20 Jahren Erfahrung in der Organisation von Rundreisen durch S\u00fcdwest und S\u00fcdengland r\u00fchmen. Um Hampshire in Ihre Rundreise durch S\u00fcdengland mit einzugliedern, stellen Sie Ihre <a href=\"http:\/\/www.urlaubcornwall.de\/anfrage.php\">Anfrage<\/a> hier oder w\u00e4hlen Sie ein Ferienhaus aus unserer besten Auswahl handverlesener und inspizierter H\u00e4user aus.<\/p>\n","protected":false},"excerpt":{"rendered":"<p>Die Besten Hotels in der N\u00e4he Poole &amp; Poole Hafen f\u00fcr Ihren Uraub in S\u00fcdengland. Mit seinem gro\u00dfen nat\u00fcrlichen Hafen und blau beflaggten Str\u00e4nden ist es ein Gebiet f\u00fcr Wasserfreunde. Die historische Stadt f\u00fchrt hinunter zum Kai, und viele denkmalgesch\u00fctzte Geb\u00e4ude sind eingebettet zwischen sanierten Lagerh\u00e4usern, die Einkaufsm\u00f6glichkeiten bieten, Caf\u00e9s oder eine Bar, um sich [&hellip;]<\/p>\n","protected":false},"author":1,"featured_media":0,"parent":0,"menu_order":0,"comment_status":"closed","ping_status":"closed","template":"single-four.php","meta":[],"acf":[],"yoast_head":"<!-- This site is optimized with the Yoast SEO plugin v19.4 - https:\/\/yoast.com\/wordpress\/plugins\/seo\/ -->\n<title>Die sch\u00f6nsten Hotels in Poole Hafen f\u00fcr Ihren Urlaub in S\u00fcdengland - Urlaub &amp; Reisen<\/title>\n<meta name=\"robots\" content=\"index, follow, max-snippet:-1, max-image-preview:large, max-video-preview:-1\" \/>\n<link rel=\"canonical\" href=\"https:\/\/www.urlaubcornwall.de\/blog\/die-schoensten-hotels-poole-fuer-ihren-urlaub-suedengland\/\" \/>\n<meta property=\"og:locale\" content=\"en_US\" \/>\n<meta property=\"og:type\" content=\"article\" \/>\n<meta property=\"og:title\" content=\"Die sch\u00f6nsten Hotels in Poole Hafen f\u00fcr Ihren Urlaub in S\u00fcdengland - Urlaub &amp; Reisen\" \/>\n<meta property=\"og:description\" content=\"Die Besten Hotels in der N\u00e4he Poole &amp; Poole Hafen f\u00fcr Ihren Uraub in S\u00fcdengland. Mit seinem gro\u00dfen nat\u00fcrlichen Hafen und blau beflaggten Str\u00e4nden ist es ein Gebiet f\u00fcr Wasserfreunde. Die historische Stadt f\u00fchrt hinunter zum Kai, und viele denkmalgesch\u00fctzte Geb\u00e4ude sind eingebettet zwischen sanierten Lagerh\u00e4usern, die Einkaufsm\u00f6glichkeiten bieten, Caf\u00e9s oder eine Bar, um sich [&hellip;]\" \/>\n<meta property=\"og:url\" content=\"https:\/\/www.urlaubcornwall.de\/blog\/die-schoensten-hotels-poole-fuer-ihren-urlaub-suedengland\/\" \/>\n<meta property=\"og:site_name\" content=\"Urlaub &amp; Reisen\" \/>\n<meta property=\"article:modified_time\" content=\"2024-05-30T12:14:05+00:00\" \/>\n<meta property=\"og:image\" content=\"https:\/\/www.urlaubcornwall.de\/blog\/wp-content\/uploads\/2016\/06\/urlaub-und-sudengland_logo-final.jpg\" \/>\n<meta name=\"twitter:card\" content=\"summary\" \/>\n<meta name=\"twitter:label1\" content=\"Est. reading time\" \/>\n\t<meta name=\"twitter:data1\" content=\"2 minutes\" \/>\n<script type=\"application\/ld+json\" class=\"yoast-schema-graph\">{\"@context\":\"https:\/\/schema.org\",\"@graph\":[{\"@type\":\"WebSite\",\"@id\":\"https:\/\/www.urlaubcornwall.de\/blog\/#website\",\"url\":\"https:\/\/www.urlaubcornwall.de\/blog\/\",\"name\":\"Urlaub &amp; Reisen\",\"description\":\"Urlaub, Reisen, Cornwall und S\u00fcdengland: eine perfekte Kombination\",\"potentialAction\":[{\"@type\":\"SearchAction\",\"target\":{\"@type\":\"EntryPoint\",\"urlTemplate\":\"https:\/\/www.urlaubcornwall.de\/blog\/?s={search_term_string}\"},\"query-input\":\"required name=search_term_string\"}],\"inLanguage\":\"en-US\"},{\"@type\":\"WebPage\",\"@id\":\"https:\/\/www.urlaubcornwall.de\/blog\/die-schoensten-hotels-poole-fuer-ihren-urlaub-suedengland\/\",\"url\":\"https:\/\/www.urlaubcornwall.de\/blog\/die-schoensten-hotels-poole-fuer-ihren-urlaub-suedengland\/\",\"name\":\"Die sch\u00f6nsten Hotels in Poole Hafen f\u00fcr Ihren Urlaub in S\u00fcdengland - Urlaub &amp; Reisen\",\"isPartOf\":{\"@id\":\"https:\/\/www.urlaubcornwall.de\/blog\/#website\"},\"datePublished\":\"2017-10-30T17:00:51+00:00\",\"dateModified\":\"2024-05-30T12:14:05+00:00\",\"breadcrumb\":{\"@id\":\"https:\/\/www.urlaubcornwall.de\/blog\/die-schoensten-hotels-poole-fuer-ihren-urlaub-suedengland\/#breadcrumb\"},\"inLanguage\":\"en-US\",\"potentialAction\":[{\"@type\":\"ReadAction\",\"target\":[\"https:\/\/www.urlaubcornwall.de\/blog\/die-schoensten-hotels-poole-fuer-ihren-urlaub-suedengland\/\"]}]},{\"@type\":\"BreadcrumbList\",\"@id\":\"https:\/\/www.urlaubcornwall.de\/blog\/die-schoensten-hotels-poole-fuer-ihren-urlaub-suedengland\/#breadcrumb\",\"itemListElement\":[{\"@type\":\"ListItem\",\"position\":1,\"name\":\"Home\",\"item\":\"https:\/\/www.urlaubcornwall.de\/blog\/\"},{\"@type\":\"ListItem\",\"position\":2,\"name\":\"Die sch\u00f6nsten Hotels in Poole Hafen f\u00fcr Ihren Urlaub in S\u00fcdengland\"}]}]}<\/script>\n<!-- \/ Yoast SEO plugin. -->","yoast_head_json":{"title":"Die sch\u00f6nsten Hotels in Poole Hafen f\u00fcr Ihren Urlaub in S\u00fcdengland - Urlaub &amp; Reisen","robots":{"index":"index","follow":"follow","max-snippet":"max-snippet:-1","max-image-preview":"max-image-preview:large","max-video-preview":"max-video-preview:-1"},"canonical":"https:\/\/www.urlaubcornwall.de\/blog\/die-schoensten-hotels-poole-fuer-ihren-urlaub-suedengland\/","og_locale":"en_US","og_type":"article","og_title":"Die sch\u00f6nsten Hotels in Poole Hafen f\u00fcr Ihren Urlaub in S\u00fcdengland - Urlaub &amp; Reisen","og_description":"Die Besten Hotels in der N\u00e4he Poole &amp; Poole Hafen f\u00fcr Ihren Uraub in S\u00fcdengland. Mit seinem gro\u00dfen nat\u00fcrlichen Hafen und blau beflaggten Str\u00e4nden ist es ein Gebiet f\u00fcr Wasserfreunde. Die historische Stadt f\u00fchrt hinunter zum Kai, und viele denkmalgesch\u00fctzte Geb\u00e4ude sind eingebettet zwischen sanierten Lagerh\u00e4usern, die Einkaufsm\u00f6glichkeiten bieten, Caf\u00e9s oder eine Bar, um sich [&hellip;]","og_url":"https:\/\/www.urlaubcornwall.de\/blog\/die-schoensten-hotels-poole-fuer-ihren-urlaub-suedengland\/","og_site_name":"Urlaub &amp; Reisen","article_modified_time":"2024-05-30T12:14:05+00:00","og_image":[{"url":"https:\/\/www.urlaubcornwall.de\/blog\/wp-content\/uploads\/2016\/06\/urlaub-und-sudengland_logo-final.jpg"}],"twitter_card":"summary","twitter_misc":{"Est. reading time":"2 minutes"},"schema":{"@context":"https:\/\/schema.org","@graph":[{"@type":"WebSite","@id":"https:\/\/www.urlaubcornwall.de\/blog\/#website","url":"https:\/\/www.urlaubcornwall.de\/blog\/","name":"Urlaub &amp; Reisen","description":"Urlaub, Reisen, Cornwall und S\u00fcdengland: eine perfekte Kombination","potentialAction":[{"@type":"SearchAction","target":{"@type":"EntryPoint","urlTemplate":"https:\/\/www.urlaubcornwall.de\/blog\/?s={search_term_string}"},"query-input":"required name=search_term_string"}],"inLanguage":"en-US"},{"@type":"WebPage","@id":"https:\/\/www.urlaubcornwall.de\/blog\/die-schoensten-hotels-poole-fuer-ihren-urlaub-suedengland\/","url":"https:\/\/www.urlaubcornwall.de\/blog\/die-schoensten-hotels-poole-fuer-ihren-urlaub-suedengland\/","name":"Die sch\u00f6nsten Hotels in Poole Hafen f\u00fcr Ihren Urlaub in S\u00fcdengland - Urlaub &amp; Reisen","isPartOf":{"@id":"https:\/\/www.urlaubcornwall.de\/blog\/#website"},"datePublished":"2017-10-30T17:00:51+00:00","dateModified":"2024-05-30T12:14:05+00:00","breadcrumb":{"@id":"https:\/\/www.urlaubcornwall.de\/blog\/die-schoensten-hotels-poole-fuer-ihren-urlaub-suedengland\/#breadcrumb"},"inLanguage":"en-US","potentialAction":[{"@type":"ReadAction","target":["https:\/\/www.urlaubcornwall.de\/blog\/die-schoensten-hotels-poole-fuer-ihren-urlaub-suedengland\/"]}]},{"@type":"BreadcrumbList","@id":"https:\/\/www.urlaubcornwall.de\/blog\/die-schoensten-hotels-poole-fuer-ihren-urlaub-suedengland\/#breadcrumb","itemListElement":[{"@type":"ListItem","position":1,"name":"Home","item":"https:\/\/www.urlaubcornwall.de\/blog\/"},{"@type":"ListItem","position":2,"name":"Die sch\u00f6nsten Hotels in Poole Hafen f\u00fcr Ihren Urlaub in S\u00fcdengland"}]}]}},"_links":{"self":[{"href":"https:\/\/www.urlaubcornwall.de\/blog\/wp-json\/wp\/v2\/pages\/30129"}],"collection":[{"href":"https:\/\/www.urlaubcornwall.de\/blog\/wp-json\/wp\/v2\/pages"}],"about":[{"href":"https:\/\/www.urlaubcornwall.de\/blog\/wp-json\/wp\/v2\/types\/page"}],"author":[{"embeddable":true,"href":"https:\/\/www.urlaubcornwall.de\/blog\/wp-json\/wp\/v2\/users\/1"}],"replies":[{"embeddable":true,"href":"https:\/\/www.urlaubcornwall.de\/blog\/wp-json\/wp\/v2\/comments?post=30129"}],"version-history":[{"count":4,"href":"https:\/\/www.urlaubcornwall.de\/blog\/wp-json\/wp\/v2\/pages\/30129\/revisions"}],"predecessor-version":[{"id":50998,"href":"https:\/\/www.urlaubcornwall.de\/blog\/wp-json\/wp\/v2\/pages\/30129\/revisions\/50998"}],"wp:attachment":[{"href":"https:\/\/www.urlaubcornwall.de\/blog\/wp-json\/wp\/v2\/media?parent=30129"}],"curies":[{"name":"wp","href":"https:\/\/api.w.org\/{rel}","templated":true}]}}