{"id":30101,"date":"2017-10-29T14:41:11","date_gmt":"2017-10-29T14:41:11","guid":{"rendered":"https:\/\/www.urlaubcornwall.de\/blog\/?page_id=30101"},"modified":"2024-04-05T13:40:18","modified_gmt":"2024-04-05T13:40:18","slug":"hotels-canterbury-mit-hund","status":"publish","type":"page","link":"https:\/\/www.urlaubcornwall.de\/blog\/hotels-canterbury-mit-hund\/","title":{"rendered":"Hotels in Canterbury mit Hund zum Verlieben \u2013 so einfach ist das!"},"content":{"rendered":"<p><img loading=\"lazy\" class=\"aligncenter size-full wp-image-47794\" src=\"https:\/\/www.urlaubcornwall.de\/blog\/wp-content\/uploads\/2024\/03\/catherdral.jpg\" alt=\"catherdral\" width=\"750\" height=\"500\" srcset=\"https:\/\/www.urlaubcornwall.de\/blog\/wp-content\/uploads\/2024\/03\/catherdral.jpg 750w, https:\/\/www.urlaubcornwall.de\/blog\/wp-content\/uploads\/2024\/03\/catherdral-300x200.jpg 300w\" sizes=\"(max-width: 750px) 100vw, 750px\" \/><\/p>\n<p style=\"text-align: left;\"><strong>Besten Hundefreundliche Hotels in Canterbury<br \/>\n<\/strong><br \/>\nMit dem Hund in den Urlaub zu fahren ist immer ein sch\u00f6nes Erlebnis, aber in Canterbury mit seinen herrlichen Landschaften und K\u00fcste ist ein Urlaub in S\u00fcdengland mit dem vierbeinigen Freund einfach traumhaft.<\/p>\n<p>Die historische Stadt Canterbury in <a href=\"https:\/\/www.urlaubcornwall.de\/blog\/reiseziel-kent\/\">Kent<\/a> wird von der Kathedrale dominiert; die Stadt ist ein beliebtes Touristenziel, eines der meist besuchten des UK. Canterbury befindet sich am Fluss Stour, der beliebt ist zum Rudern und Stochern. Canterbury liegt 89 km s\u00fcd\u00f6stlich von London, und die K\u00fcstenst\u00e4dte Whitstable und Herne Bay befinden sich lediglich 10km n\u00f6rdlich&#8230;..<a href=\"https:\/\/www.urlaubcornwall.de\/blog\/canterbury-kent-unterkunft-sehenswuerdigkeiten-und-geschichte\/\">[Mehr]<\/a><\/p>\n<h1><a href=\"https:\/\/www.booking.com\/hotel\/gb\/abbotsbartonhotel.html?aid=1320750&amp;no_rooms=1&amp;group_adults=2&amp;room1=A%2CA\" rel=\"nofollow\"><span style=\"text-decoration: underline;\"><strong>Abbots Barton \u2013 3 Sterne Hotel<\/strong><\/span><\/a><\/h1>\n<p>Das Abbots Barton Hotel liegt in einem 0,8 ha gro\u00dfen, angelegten Garten und bietet ein traditionelles Restaurant und elegante Zimmer mit kostenfreiem WLAN. Das Hotel liegt etwas au\u00dferhalb von Canterbury, 800 m von der Kathedrale von Canterbury entfernt&#8230;&#8230;..<a href=\"https:\/\/www.booking.com\/hotel\/gb\/abbotsbartonhotel.html?aid=1320750&amp;no_rooms=1&amp;group_adults=2&amp;room1=A%2CA\" rel=\"nofollow\">[Mehr]<\/a><\/p>\n<p style=\"text-align: center;\"><a class=\"tidycta\" href=\"https:\/\/www.booking.com\/searchresults.html?city=-2589430&amp;aid=1320750&amp;no_rooms=1&amp;group_adults=2&amp;room1=A%2CA\" rel=\"nofollow\">Suche Hotels in Canterbury &gt;<\/a><\/p>\n<p style=\"text-align: center;\"><strong><span id=\"result_box\" class=\"short_text\" lang=\"de\"><span class=\"\">St\u00e4dte in der N\u00e4he<\/span><\/span><\/strong><\/p>\n<p style=\"text-align: center;\"><a href=\"https:\/\/www.urlaubcornwall.de\/blog\/bei-uns-finden-sie-hotels-dover-zum-verlieben-einfach-ist-das\/\">Dover<\/a> , <a href=\"https:\/\/www.urlaubcornwall.de\/blog\/bei-uns-finden-sie-hotels-folkestone-zum-verlieben-einfach-ist-das\/\">Folkestone<\/a> , <a href=\"https:\/\/www.urlaubcornwall.de\/blog\/bei-uns-finden-sie-hotels-maidstone-zum-verlieben-einfach-ist-das\/\">Maidstone<\/a> , <a href=\"https:\/\/www.urlaubcornwall.de\/blog\/bei-uns-finden-sie-hotels-margate-zum-verlieben-einfach-ist-das\/\">Margate<\/a> , <a href=\"https:\/\/www.urlaubcornwall.de\/blog\/bei-uns-finden-sie-hotels-sandwich-zum-verlieben-einfach-ist-das\/\">Sandwich<\/a> ,&nbsp;<a href=\"https:\/\/www.urlaubcornwall.de\/blog\/bei-uns-finden-sie-hotels-sevenoaks-zum-verlieben-einfach-ist-das\/\">Sevenoaks<\/a> , <a href=\"https:\/\/www.urlaubcornwall.de\/blog\/bei-uns-finden-sie-hotels-tonbridge-zum-verlieben-einfach-ist-das\/\">Tonbridge<\/a> , <a href=\"https:\/\/www.urlaubcornwall.de\/blog\/bei-uns-finden-sie-hotels-tunbridge-wells-zum-verlieben-einfach-ist-das\/\">Tunbridge Wells<\/a><\/p>\n<p style=\"text-align: center;\"><a class=\"tidycta\" href=\"https:\/\/www.urlaubcornwall.de\/blog\/bei-uns-finden-sie-hotels-kent-zum-verlieben-einfach-ist-das\/\">Suche Hotels in Kent&gt;&gt;<\/a><\/p>\n\n","protected":false},"excerpt":{"rendered":"<p>Besten Hundefreundliche Hotels in Canterbury Mit dem Hund in den Urlaub zu fahren ist immer ein sch\u00f6nes Erlebnis, aber in Canterbury mit seinen herrlichen Landschaften und K\u00fcste ist ein Urlaub in S\u00fcdengland mit dem vierbeinigen Freund einfach traumhaft. Die historische Stadt Canterbury in Kent wird von der Kathedrale dominiert; die Stadt ist ein beliebtes Touristenziel, [&hellip;]<\/p>\n","protected":false},"author":1,"featured_media":0,"parent":0,"menu_order":0,"comment_status":"closed","ping_status":"closed","template":"single-four.php","meta":[],"acf":[],"yoast_head":"<!-- This site is optimized with the Yoast SEO plugin v19.4 - https:\/\/yoast.com\/wordpress\/plugins\/seo\/ -->\n<title>Hotels in Canterbury mit Hund zum Verlieben \u2013 so einfach ist das! - Urlaub &amp; Reisen<\/title>\n<meta name=\"robots\" content=\"index, follow, max-snippet:-1, max-image-preview:large, max-video-preview:-1\" \/>\n<link rel=\"canonical\" href=\"https:\/\/www.urlaubcornwall.de\/blog\/hotels-canterbury-mit-hund\/\" \/>\n<meta property=\"og:locale\" content=\"en_US\" \/>\n<meta property=\"og:type\" content=\"article\" \/>\n<meta property=\"og:title\" content=\"Hotels in Canterbury mit Hund zum Verlieben \u2013 so einfach ist das! - Urlaub &amp; Reisen\" \/>\n<meta property=\"og:description\" content=\"Besten Hundefreundliche Hotels in Canterbury Mit dem Hund in den Urlaub zu fahren ist immer ein sch\u00f6nes Erlebnis, aber in Canterbury mit seinen herrlichen Landschaften und K\u00fcste ist ein Urlaub in S\u00fcdengland mit dem vierbeinigen Freund einfach traumhaft. Die historische Stadt Canterbury in Kent wird von der Kathedrale dominiert; die Stadt ist ein beliebtes Touristenziel, [&hellip;]\" \/>\n<meta property=\"og:url\" content=\"https:\/\/www.urlaubcornwall.de\/blog\/hotels-canterbury-mit-hund\/\" \/>\n<meta property=\"og:site_name\" content=\"Urlaub &amp; Reisen\" \/>\n<meta property=\"article:modified_time\" content=\"2024-04-05T13:40:18+00:00\" \/>\n<meta property=\"og:image\" content=\"https:\/\/www.urlaubcornwall.de\/blog\/wp-content\/uploads\/2024\/03\/catherdral.jpg\" \/>\n<meta name=\"twitter:card\" content=\"summary\" \/>\n<meta name=\"twitter:label1\" content=\"Est. reading time\" \/>\n\t<meta name=\"twitter:data1\" content=\"1 minute\" \/>\n<script type=\"application\/ld+json\" class=\"yoast-schema-graph\">{\"@context\":\"https:\/\/schema.org\",\"@graph\":[{\"@type\":\"WebSite\",\"@id\":\"https:\/\/www.urlaubcornwall.de\/blog\/#website\",\"url\":\"https:\/\/www.urlaubcornwall.de\/blog\/\",\"name\":\"Urlaub &amp; Reisen\",\"description\":\"Urlaub, Reisen, Cornwall und S\u00fcdengland: eine perfekte Kombination\",\"potentialAction\":[{\"@type\":\"SearchAction\",\"target\":{\"@type\":\"EntryPoint\",\"urlTemplate\":\"https:\/\/www.urlaubcornwall.de\/blog\/?s={search_term_string}\"},\"query-input\":\"required name=search_term_string\"}],\"inLanguage\":\"en-US\"},{\"@type\":\"WebPage\",\"@id\":\"https:\/\/www.urlaubcornwall.de\/blog\/hotels-canterbury-mit-hund\/\",\"url\":\"https:\/\/www.urlaubcornwall.de\/blog\/hotels-canterbury-mit-hund\/\",\"name\":\"Hotels in Canterbury mit Hund zum Verlieben \u2013 so einfach ist das! - Urlaub &amp; Reisen\",\"isPartOf\":{\"@id\":\"https:\/\/www.urlaubcornwall.de\/blog\/#website\"},\"datePublished\":\"2017-10-29T14:41:11+00:00\",\"dateModified\":\"2024-04-05T13:40:18+00:00\",\"breadcrumb\":{\"@id\":\"https:\/\/www.urlaubcornwall.de\/blog\/hotels-canterbury-mit-hund\/#breadcrumb\"},\"inLanguage\":\"en-US\",\"potentialAction\":[{\"@type\":\"ReadAction\",\"target\":[\"https:\/\/www.urlaubcornwall.de\/blog\/hotels-canterbury-mit-hund\/\"]}]},{\"@type\":\"BreadcrumbList\",\"@id\":\"https:\/\/www.urlaubcornwall.de\/blog\/hotels-canterbury-mit-hund\/#breadcrumb\",\"itemListElement\":[{\"@type\":\"ListItem\",\"position\":1,\"name\":\"Home\",\"item\":\"https:\/\/www.urlaubcornwall.de\/blog\/\"},{\"@type\":\"ListItem\",\"position\":2,\"name\":\"Hotels in Canterbury mit Hund zum Verlieben \u2013 so einfach ist das!\"}]}]}<\/script>\n<!-- \/ Yoast SEO plugin. -->","yoast_head_json":{"title":"Hotels in Canterbury mit Hund zum Verlieben \u2013 so einfach ist das! - Urlaub &amp; Reisen","robots":{"index":"index","follow":"follow","max-snippet":"max-snippet:-1","max-image-preview":"max-image-preview:large","max-video-preview":"max-video-preview:-1"},"canonical":"https:\/\/www.urlaubcornwall.de\/blog\/hotels-canterbury-mit-hund\/","og_locale":"en_US","og_type":"article","og_title":"Hotels in Canterbury mit Hund zum Verlieben \u2013 so einfach ist das! - Urlaub &amp; Reisen","og_description":"Besten Hundefreundliche Hotels in Canterbury Mit dem Hund in den Urlaub zu fahren ist immer ein sch\u00f6nes Erlebnis, aber in Canterbury mit seinen herrlichen Landschaften und K\u00fcste ist ein Urlaub in S\u00fcdengland mit dem vierbeinigen Freund einfach traumhaft. Die historische Stadt Canterbury in Kent wird von der Kathedrale dominiert; die Stadt ist ein beliebtes Touristenziel, [&hellip;]","og_url":"https:\/\/www.urlaubcornwall.de\/blog\/hotels-canterbury-mit-hund\/","og_site_name":"Urlaub &amp; Reisen","article_modified_time":"2024-04-05T13:40:18+00:00","og_image":[{"url":"https:\/\/www.urlaubcornwall.de\/blog\/wp-content\/uploads\/2024\/03\/catherdral.jpg"}],"twitter_card":"summary","twitter_misc":{"Est. reading time":"1 minute"},"schema":{"@context":"https:\/\/schema.org","@graph":[{"@type":"WebSite","@id":"https:\/\/www.urlaubcornwall.de\/blog\/#website","url":"https:\/\/www.urlaubcornwall.de\/blog\/","name":"Urlaub &amp; Reisen","description":"Urlaub, Reisen, Cornwall und S\u00fcdengland: eine perfekte Kombination","potentialAction":[{"@type":"SearchAction","target":{"@type":"EntryPoint","urlTemplate":"https:\/\/www.urlaubcornwall.de\/blog\/?s={search_term_string}"},"query-input":"required name=search_term_string"}],"inLanguage":"en-US"},{"@type":"WebPage","@id":"https:\/\/www.urlaubcornwall.de\/blog\/hotels-canterbury-mit-hund\/","url":"https:\/\/www.urlaubcornwall.de\/blog\/hotels-canterbury-mit-hund\/","name":"Hotels in Canterbury mit Hund zum Verlieben \u2013 so einfach ist das! - Urlaub &amp; Reisen","isPartOf":{"@id":"https:\/\/www.urlaubcornwall.de\/blog\/#website"},"datePublished":"2017-10-29T14:41:11+00:00","dateModified":"2024-04-05T13:40:18+00:00","breadcrumb":{"@id":"https:\/\/www.urlaubcornwall.de\/blog\/hotels-canterbury-mit-hund\/#breadcrumb"},"inLanguage":"en-US","potentialAction":[{"@type":"ReadAction","target":["https:\/\/www.urlaubcornwall.de\/blog\/hotels-canterbury-mit-hund\/"]}]},{"@type":"BreadcrumbList","@id":"https:\/\/www.urlaubcornwall.de\/blog\/hotels-canterbury-mit-hund\/#breadcrumb","itemListElement":[{"@type":"ListItem","position":1,"name":"Home","item":"https:\/\/www.urlaubcornwall.de\/blog\/"},{"@type":"ListItem","position":2,"name":"Hotels in Canterbury mit Hund zum Verlieben \u2013 so einfach ist das!"}]}]}},"_links":{"self":[{"href":"https:\/\/www.urlaubcornwall.de\/blog\/wp-json\/wp\/v2\/pages\/30101"}],"collection":[{"href":"https:\/\/www.urlaubcornwall.de\/blog\/wp-json\/wp\/v2\/pages"}],"about":[{"href":"https:\/\/www.urlaubcornwall.de\/blog\/wp-json\/wp\/v2\/types\/page"}],"author":[{"embeddable":true,"href":"https:\/\/www.urlaubcornwall.de\/blog\/wp-json\/wp\/v2\/users\/1"}],"replies":[{"embeddable":true,"href":"https:\/\/www.urlaubcornwall.de\/blog\/wp-json\/wp\/v2\/comments?post=30101"}],"version-history":[{"count":7,"href":"https:\/\/www.urlaubcornwall.de\/blog\/wp-json\/wp\/v2\/pages\/30101\/revisions"}],"predecessor-version":[{"id":48976,"href":"https:\/\/www.urlaubcornwall.de\/blog\/wp-json\/wp\/v2\/pages\/30101\/revisions\/48976"}],"wp:attachment":[{"href":"https:\/\/www.urlaubcornwall.de\/blog\/wp-json\/wp\/v2\/media?parent=30101"}],"curies":[{"name":"wp","href":"https:\/\/api.w.org\/{rel}","templated":true}]}}