{"id":30091,"date":"2017-10-29T14:18:10","date_gmt":"2017-10-29T14:18:10","guid":{"rendered":"https:\/\/www.urlaubcornwall.de\/blog\/?page_id=30091"},"modified":"2021-09-20T11:28:10","modified_gmt":"2021-09-20T11:28:10","slug":"besten-hotels-st-agnes-cornwall","status":"publish","type":"page","link":"https:\/\/www.urlaubcornwall.de\/blog\/besten-hotels-st-agnes-cornwall\/","title":{"rendered":"Bei uns finden Sie Besten Hotels in St Agnes zum Verlieben \u2013 so einfach ist das!"},"content":{"rendered":"<p><img loading=\"lazy\" class=\"aligncenter size-full wp-image-28558\" src=\"https:\/\/www.urlaubcornwall.de\/blog\/wp-content\/uploads\/2017\/08\/Porth-Chapel-strand-Cornwall-1.jpg\" alt=\"hotels st agnes am meer\" height=\"353\" width=\"745\" srcset=\"https:\/\/www.urlaubcornwall.de\/blog\/wp-content\/uploads\/2017\/08\/Porth-Chapel-strand-Cornwall-1.jpg 745w, https:\/\/www.urlaubcornwall.de\/blog\/wp-content\/uploads\/2017\/08\/Porth-Chapel-strand-Cornwall-1-300x142.jpg 300w\" sizes=\"(max-width: 745px) 100vw, 745px\" \/><\/p>\n<p>Die sch\u00f6nsten Hotels in St Agnes am Meer &amp; mit Meerblick f\u00fcr Ihren Urlaub in Cornwall &#8211; St Agnes befindet sich im Herzen von Cornwalls Bergbauerbe; die gesamte K\u00fcste entlang werden Sie hier ehemalige Bergbaumaschinenh\u00e4user sehen, die sich von den Klippen abheben. Die steilen und engen Stra\u00dfen hier werden umrahmt von nahezu unertr\u00e4glich urigen, durcheinander gew\u00fcrfelten H\u00e4usern.<\/p>\n<p>Von St Agnes an der Nordk\u00fcste liegt einige Meilen landeinw\u00e4rts das <a href=\"https:\/\/www.urlaubcornwall.de\/blog\/das-rose-in-vale-ein-romantikhotel-das-direkt-aus-einem-rosamunde-pilcher-film-stammen-koennte\/\">Rose in Vale Hotel<\/a>. Es ist ein romantisches Landhaus-Hotel, das den Anschein hat, direkt aus einem Rosamunde Pilcher-Roman entsprungen zu sein. Es liegt in einem abgeschiedenen Tal in einer hauseigenen Anlage, durch dessen G\u00e4rten ein Bach flie\u00dft und so eine sehr reizvolle, typisch englische Kulisse bildet&#8230;&#8230;<a href=\"https:\/\/www.urlaubcornwall.de\/blog\/das-rose-in-vale-ein-romantikhotel-das-direkt-aus-einem-rosamunde-pilcher-film-stammen-koennte\/\"><strong>[ Mehr ]<\/strong><\/a><\/p>\n<p style=\"text-align: center;\"><b><a class=\"tidycta\" href=\"https:\/\/www.urlaubcornwall.de\/hotels.php\">Suche Hotels in Cornwall<\/a><\/b><\/p>\n<div class=\"snippet\"> <a class=\"featured-item\" href=\"https:\/\/www.urlaubcornwall.de\/ferienhaeuser\/cornwall.php\"> <span class=\"image-holder\" style=\"background-image: url('https:\/\/www.urlaubcornwall.de\/blog\/wp-content\/uploads\/2018\/12\/familienurlaub-corwnall-snippet.jpg');\"><\/span> <span class=\"featured-content\"> \n<h2 class=\"featured-title\">Ferienh\u00e4user in Cornwall am Meer<\/h2>\n<p class=\"featured-body\">Cornwall besitzt mehr K\u00fcstenlinien als jede andere Grafschaft und bietet einige der besten Str\u00e4nde, K\u00fcstenwanderwege und Klippenlandschaften, die man \u00fcberhaupt finden kann&#8230; <\/p><\/span> <span class=\"featured-link-holder\"> <span class=\"featured-extra-info\"> \n<p>F\u00fcr Paare, Familien &#038; Gruppen<\/p>\n<\/span> \n<p class=\"featured-link\">DETAILS<\/p>\n<\/span> <\/a><\/div>\n<p style=\"text-align: center;\"><a href=\"http:\/\/www.urlaubcornwall.de\/\">UrlaubCornwall.de<\/a> ist ein in Cornwall ans\u00e4ssiges Unternehmen k\u00f6nnen wir uns mit 20 Jahren Erfahrung in der Organisation von Rundreisen durch S\u00fcdwest und S\u00fcdengland r\u00fchmen.<\/p>\n<p style=\"text-align: center;\">Um Cornwall in Ihre Rundreise durch S\u00fcdengland mit einzugliedern, stellen Sie Ihre <a href=\"http:\/\/www.urlaubcornwall.de\/anfrage.php\">Anfrage<\/a> hier oder w\u00e4hlen Sie ein Ferienhaus aus unserer besten Auswahl handverlesener und inspizierter H\u00e4user aus.<\/p>\n","protected":false},"excerpt":{"rendered":"<p>Die sch\u00f6nsten Hotels in St Agnes am Meer &amp; mit Meerblick f\u00fcr Ihren Urlaub in Cornwall &#8211; St Agnes befindet sich im Herzen von Cornwalls Bergbauerbe; die gesamte K\u00fcste entlang werden Sie hier ehemalige Bergbaumaschinenh\u00e4user sehen, die sich von den Klippen abheben. Die steilen und engen Stra\u00dfen hier werden umrahmt von nahezu unertr\u00e4glich urigen, durcheinander [&hellip;]<\/p>\n","protected":false},"author":1,"featured_media":0,"parent":0,"menu_order":0,"comment_status":"closed","ping_status":"closed","template":"single-four.php","meta":[],"acf":[],"yoast_head":"<!-- This site is optimized with the Yoast SEO plugin v19.4 - https:\/\/yoast.com\/wordpress\/plugins\/seo\/ -->\n<title>Bei uns finden Sie Besten Hotels in St Agnes zum Verlieben \u2013 so einfach ist das! - Urlaub &amp; Reisen<\/title>\n<meta name=\"robots\" content=\"index, follow, max-snippet:-1, max-image-preview:large, max-video-preview:-1\" \/>\n<link rel=\"canonical\" href=\"https:\/\/www.urlaubcornwall.de\/blog\/besten-hotels-st-agnes-cornwall\/\" \/>\n<meta property=\"og:locale\" content=\"en_US\" \/>\n<meta property=\"og:type\" content=\"article\" \/>\n<meta property=\"og:title\" content=\"Bei uns finden Sie Besten Hotels in St Agnes zum Verlieben \u2013 so einfach ist das! - Urlaub &amp; Reisen\" \/>\n<meta property=\"og:description\" content=\"Die sch\u00f6nsten Hotels in St Agnes am Meer &amp; mit Meerblick f\u00fcr Ihren Urlaub in Cornwall &#8211; St Agnes befindet sich im Herzen von Cornwalls Bergbauerbe; die gesamte K\u00fcste entlang werden Sie hier ehemalige Bergbaumaschinenh\u00e4user sehen, die sich von den Klippen abheben. Die steilen und engen Stra\u00dfen hier werden umrahmt von nahezu unertr\u00e4glich urigen, durcheinander [&hellip;]\" \/>\n<meta property=\"og:url\" content=\"https:\/\/www.urlaubcornwall.de\/blog\/besten-hotels-st-agnes-cornwall\/\" \/>\n<meta property=\"og:site_name\" content=\"Urlaub &amp; Reisen\" \/>\n<meta property=\"article:modified_time\" content=\"2021-09-20T11:28:10+00:00\" \/>\n<meta property=\"og:image\" content=\"https:\/\/www.urlaubcornwall.de\/blog\/wp-content\/uploads\/2017\/08\/Porth-Chapel-strand-Cornwall-1.jpg\" \/>\n<meta name=\"twitter:card\" content=\"summary\" \/>\n<meta name=\"twitter:label1\" content=\"Est. reading time\" \/>\n\t<meta name=\"twitter:data1\" content=\"1 minute\" \/>\n<script type=\"application\/ld+json\" class=\"yoast-schema-graph\">{\"@context\":\"https:\/\/schema.org\",\"@graph\":[{\"@type\":\"WebSite\",\"@id\":\"https:\/\/www.urlaubcornwall.de\/blog\/#website\",\"url\":\"https:\/\/www.urlaubcornwall.de\/blog\/\",\"name\":\"Urlaub &amp; Reisen\",\"description\":\"Urlaub, Reisen, Cornwall und S\u00fcdengland: eine perfekte Kombination\",\"potentialAction\":[{\"@type\":\"SearchAction\",\"target\":{\"@type\":\"EntryPoint\",\"urlTemplate\":\"https:\/\/www.urlaubcornwall.de\/blog\/?s={search_term_string}\"},\"query-input\":\"required name=search_term_string\"}],\"inLanguage\":\"en-US\"},{\"@type\":\"WebPage\",\"@id\":\"https:\/\/www.urlaubcornwall.de\/blog\/besten-hotels-st-agnes-cornwall\/\",\"url\":\"https:\/\/www.urlaubcornwall.de\/blog\/besten-hotels-st-agnes-cornwall\/\",\"name\":\"Bei uns finden Sie Besten Hotels in St Agnes zum Verlieben \u2013 so einfach ist das! - Urlaub &amp; Reisen\",\"isPartOf\":{\"@id\":\"https:\/\/www.urlaubcornwall.de\/blog\/#website\"},\"datePublished\":\"2017-10-29T14:18:10+00:00\",\"dateModified\":\"2021-09-20T11:28:10+00:00\",\"breadcrumb\":{\"@id\":\"https:\/\/www.urlaubcornwall.de\/blog\/besten-hotels-st-agnes-cornwall\/#breadcrumb\"},\"inLanguage\":\"en-US\",\"potentialAction\":[{\"@type\":\"ReadAction\",\"target\":[\"https:\/\/www.urlaubcornwall.de\/blog\/besten-hotels-st-agnes-cornwall\/\"]}]},{\"@type\":\"BreadcrumbList\",\"@id\":\"https:\/\/www.urlaubcornwall.de\/blog\/besten-hotels-st-agnes-cornwall\/#breadcrumb\",\"itemListElement\":[{\"@type\":\"ListItem\",\"position\":1,\"name\":\"Home\",\"item\":\"https:\/\/www.urlaubcornwall.de\/blog\/\"},{\"@type\":\"ListItem\",\"position\":2,\"name\":\"Bei uns finden Sie Besten Hotels in St Agnes zum Verlieben \u2013 so einfach ist das!\"}]}]}<\/script>\n<!-- \/ Yoast SEO plugin. -->","yoast_head_json":{"title":"Bei uns finden Sie Besten Hotels in St Agnes zum Verlieben \u2013 so einfach ist das! - Urlaub &amp; Reisen","robots":{"index":"index","follow":"follow","max-snippet":"max-snippet:-1","max-image-preview":"max-image-preview:large","max-video-preview":"max-video-preview:-1"},"canonical":"https:\/\/www.urlaubcornwall.de\/blog\/besten-hotels-st-agnes-cornwall\/","og_locale":"en_US","og_type":"article","og_title":"Bei uns finden Sie Besten Hotels in St Agnes zum Verlieben \u2013 so einfach ist das! - Urlaub &amp; Reisen","og_description":"Die sch\u00f6nsten Hotels in St Agnes am Meer &amp; mit Meerblick f\u00fcr Ihren Urlaub in Cornwall &#8211; St Agnes befindet sich im Herzen von Cornwalls Bergbauerbe; die gesamte K\u00fcste entlang werden Sie hier ehemalige Bergbaumaschinenh\u00e4user sehen, die sich von den Klippen abheben. Die steilen und engen Stra\u00dfen hier werden umrahmt von nahezu unertr\u00e4glich urigen, durcheinander [&hellip;]","og_url":"https:\/\/www.urlaubcornwall.de\/blog\/besten-hotels-st-agnes-cornwall\/","og_site_name":"Urlaub &amp; Reisen","article_modified_time":"2021-09-20T11:28:10+00:00","og_image":[{"url":"https:\/\/www.urlaubcornwall.de\/blog\/wp-content\/uploads\/2017\/08\/Porth-Chapel-strand-Cornwall-1.jpg"}],"twitter_card":"summary","twitter_misc":{"Est. reading time":"1 minute"},"schema":{"@context":"https:\/\/schema.org","@graph":[{"@type":"WebSite","@id":"https:\/\/www.urlaubcornwall.de\/blog\/#website","url":"https:\/\/www.urlaubcornwall.de\/blog\/","name":"Urlaub &amp; Reisen","description":"Urlaub, Reisen, Cornwall und S\u00fcdengland: eine perfekte Kombination","potentialAction":[{"@type":"SearchAction","target":{"@type":"EntryPoint","urlTemplate":"https:\/\/www.urlaubcornwall.de\/blog\/?s={search_term_string}"},"query-input":"required name=search_term_string"}],"inLanguage":"en-US"},{"@type":"WebPage","@id":"https:\/\/www.urlaubcornwall.de\/blog\/besten-hotels-st-agnes-cornwall\/","url":"https:\/\/www.urlaubcornwall.de\/blog\/besten-hotels-st-agnes-cornwall\/","name":"Bei uns finden Sie Besten Hotels in St Agnes zum Verlieben \u2013 so einfach ist das! - Urlaub &amp; Reisen","isPartOf":{"@id":"https:\/\/www.urlaubcornwall.de\/blog\/#website"},"datePublished":"2017-10-29T14:18:10+00:00","dateModified":"2021-09-20T11:28:10+00:00","breadcrumb":{"@id":"https:\/\/www.urlaubcornwall.de\/blog\/besten-hotels-st-agnes-cornwall\/#breadcrumb"},"inLanguage":"en-US","potentialAction":[{"@type":"ReadAction","target":["https:\/\/www.urlaubcornwall.de\/blog\/besten-hotels-st-agnes-cornwall\/"]}]},{"@type":"BreadcrumbList","@id":"https:\/\/www.urlaubcornwall.de\/blog\/besten-hotels-st-agnes-cornwall\/#breadcrumb","itemListElement":[{"@type":"ListItem","position":1,"name":"Home","item":"https:\/\/www.urlaubcornwall.de\/blog\/"},{"@type":"ListItem","position":2,"name":"Bei uns finden Sie Besten Hotels in St Agnes zum Verlieben \u2013 so einfach ist das!"}]}]}},"_links":{"self":[{"href":"https:\/\/www.urlaubcornwall.de\/blog\/wp-json\/wp\/v2\/pages\/30091"}],"collection":[{"href":"https:\/\/www.urlaubcornwall.de\/blog\/wp-json\/wp\/v2\/pages"}],"about":[{"href":"https:\/\/www.urlaubcornwall.de\/blog\/wp-json\/wp\/v2\/types\/page"}],"author":[{"embeddable":true,"href":"https:\/\/www.urlaubcornwall.de\/blog\/wp-json\/wp\/v2\/users\/1"}],"replies":[{"embeddable":true,"href":"https:\/\/www.urlaubcornwall.de\/blog\/wp-json\/wp\/v2\/comments?post=30091"}],"version-history":[{"count":5,"href":"https:\/\/www.urlaubcornwall.de\/blog\/wp-json\/wp\/v2\/pages\/30091\/revisions"}],"predecessor-version":[{"id":42991,"href":"https:\/\/www.urlaubcornwall.de\/blog\/wp-json\/wp\/v2\/pages\/30091\/revisions\/42991"}],"wp:attachment":[{"href":"https:\/\/www.urlaubcornwall.de\/blog\/wp-json\/wp\/v2\/media?parent=30091"}],"curies":[{"name":"wp","href":"https:\/\/api.w.org\/{rel}","templated":true}]}}