{"id":30079,"date":"2017-10-29T13:58:36","date_gmt":"2017-10-29T13:58:36","guid":{"rendered":"https:\/\/www.urlaubcornwall.de\/blog\/?page_id=30079"},"modified":"2018-03-22T11:26:08","modified_gmt":"2018-03-22T11:26:08","slug":"hotels-mullion-mit-hund","status":"publish","type":"page","link":"https:\/\/www.urlaubcornwall.de\/blog\/hotels-mullion-mit-hund\/","title":{"rendered":"Hotels in Mullion mit Hund zum Verlieben \u2013 so einfach ist das!"},"content":{"rendered":"<p><img loading=\"lazy\" class=\"aligncenter size-full wp-image-29074\" src=\"https:\/\/www.urlaubcornwall.de\/blog\/wp-content\/uploads\/2017\/09\/ferienhaus-cornwall-mit-blick-1.jpg\" alt=\"mullion hotel cornwall mit hund\" height=\"376\" width=\"745\" srcset=\"https:\/\/www.urlaubcornwall.de\/blog\/wp-content\/uploads\/2017\/09\/ferienhaus-cornwall-mit-blick-1.jpg 745w, https:\/\/www.urlaubcornwall.de\/blog\/wp-content\/uploads\/2017\/09\/ferienhaus-cornwall-mit-blick-1-300x151.jpg 300w\" sizes=\"(max-width: 745px) 100vw, 745px\" \/><\/p>\n<p style=\"text-align: center;\"><strong>Die sch\u00f6nsten Hundefreundliche Hotels in der N\u00e4he Mullion f\u00fcr Ihren Urlaub in Cornwall<\/strong><\/p>\n<p style=\"text-align: center;\">Ein wahrhaftes Zentrum an Aktivit\u00e4t auf der Lizard Halbinsel und vollgepackt mit Caf\u00e9s, Kneipen, Kunsthandwerkszentren und Gesch\u00e4ften. Mit dem Hund in den Urlaub zu fahren ist immer ein sch\u00f6nes Erlebnis, aber in der N\u00e4he Mullion mit seinen herrlichen Landschaften und K\u00fcste ist ein <a href=\"https:\/\/www.urlaubcornwall.de\/reiseziel\/cornwall.php\">Urlaub in Cornwall<\/a> mit dem vierbeinigen Freund einfach traumhaft. Nach einem aufregenden Tag im Freien kann Ihre gesamte Familie den Abend entspannt zusammen in Ihrem fantastischen Hotel ausklingen lassen.<\/p>\n<p style=\"text-align: center;\">Das \u201echarmant unkomplizierte\u201c <a href=\"https:\/\/www.urlaubcornwall.de\/blog\/das-polurrian-bay-hotel-beeindruckt-mit-stilvollem-ambiente-herrlichem-meerblick-und-familienfreundlichen-einrichtungen\/\">Polurrian Hotel an der S\u00fcdk\u00fcste Cornwalls<\/a> wurde von GEO Saison zu einem der 100 sch\u00f6nsten Hotels in Europa gek\u00fcrt. Besondere Highlights waren f\u00fcr die Jujoren der direkt vor der T\u00fcr gelegene South West Coast Path, die N\u00e4he zum privaten Strand und das moderne Innendesign&#8230;&#8230;<a href=\"https:\/\/www.urlaubcornwall.de\/blog\/das-polurrian-bay-hotel-beeindruckt-mit-stilvollem-ambiente-herrlichem-meerblick-und-familienfreundlichen-einrichtungen\/\"><strong>[ Mehr ]<\/strong><\/a><\/p>\n<p style=\"text-align: center;\"><b><a class=\"tidycta\" href=\"https:\/\/www.urlaubcornwall.de\/hotels.php\">Suche Hotels in Cornwall<\/a><\/b><\/p>\n<p style=\"text-align: center;\"><a href=\"http:\/\/www.urlaubcornwall.de\/\">UrlaubCornwall.de<\/a> ist ein in Cornwall ans\u00e4ssiges Unternehmen k\u00f6nnen wir uns mit 20 Jahren Erfahrung in der Organisation von Rundreisen durch S\u00fcdwest und S\u00fcdengland r\u00fchmen.<\/p>\n<p style=\"text-align: center;\">Um Cornwall in Ihre Rundreise durch S\u00fcdengland mit einzugliedern, stellen Sie Ihre <a href=\"http:\/\/www.urlaubcornwall.de\/anfrage.php\">Anfrage<\/a> hier oder w\u00e4hlen Sie ein Ferienhaus aus unserer besten Auswahl handverlesener und inspizierter H\u00e4user aus.<\/p>\n","protected":false},"excerpt":{"rendered":"<p>Die sch\u00f6nsten Hundefreundliche Hotels in der N\u00e4he Mullion f\u00fcr Ihren Urlaub in Cornwall Ein wahrhaftes Zentrum an Aktivit\u00e4t auf der Lizard Halbinsel und vollgepackt mit Caf\u00e9s, Kneipen, Kunsthandwerkszentren und Gesch\u00e4ften. Mit dem Hund in den Urlaub zu fahren ist immer ein sch\u00f6nes Erlebnis, aber in der N\u00e4he Mullion mit seinen herrlichen Landschaften und K\u00fcste ist [&hellip;]<\/p>\n","protected":false},"author":1,"featured_media":0,"parent":0,"menu_order":0,"comment_status":"closed","ping_status":"closed","template":"single-four.php","meta":[],"acf":[],"yoast_head":"<!-- This site is optimized with the Yoast SEO plugin v19.4 - https:\/\/yoast.com\/wordpress\/plugins\/seo\/ -->\n<title>Hotels in Mullion mit Hund zum Verlieben \u2013 so einfach ist das! - Urlaub &amp; Reisen<\/title>\n<meta name=\"robots\" content=\"index, follow, max-snippet:-1, max-image-preview:large, max-video-preview:-1\" \/>\n<link rel=\"canonical\" href=\"https:\/\/www.urlaubcornwall.de\/blog\/hotels-mullion-mit-hund\/\" \/>\n<meta property=\"og:locale\" content=\"en_US\" \/>\n<meta property=\"og:type\" content=\"article\" \/>\n<meta property=\"og:title\" content=\"Hotels in Mullion mit Hund zum Verlieben \u2013 so einfach ist das! - Urlaub &amp; Reisen\" \/>\n<meta property=\"og:description\" content=\"Die sch\u00f6nsten Hundefreundliche Hotels in der N\u00e4he Mullion f\u00fcr Ihren Urlaub in Cornwall Ein wahrhaftes Zentrum an Aktivit\u00e4t auf der Lizard Halbinsel und vollgepackt mit Caf\u00e9s, Kneipen, Kunsthandwerkszentren und Gesch\u00e4ften. Mit dem Hund in den Urlaub zu fahren ist immer ein sch\u00f6nes Erlebnis, aber in der N\u00e4he Mullion mit seinen herrlichen Landschaften und K\u00fcste ist [&hellip;]\" \/>\n<meta property=\"og:url\" content=\"https:\/\/www.urlaubcornwall.de\/blog\/hotels-mullion-mit-hund\/\" \/>\n<meta property=\"og:site_name\" content=\"Urlaub &amp; Reisen\" \/>\n<meta property=\"article:modified_time\" content=\"2018-03-22T11:26:08+00:00\" \/>\n<meta property=\"og:image\" content=\"https:\/\/www.urlaubcornwall.de\/blog\/wp-content\/uploads\/2017\/09\/ferienhaus-cornwall-mit-blick-1.jpg\" \/>\n<meta name=\"twitter:card\" content=\"summary\" \/>\n<meta name=\"twitter:label1\" content=\"Est. reading time\" \/>\n\t<meta name=\"twitter:data1\" content=\"1 minute\" \/>\n<script type=\"application\/ld+json\" class=\"yoast-schema-graph\">{\"@context\":\"https:\/\/schema.org\",\"@graph\":[{\"@type\":\"WebSite\",\"@id\":\"https:\/\/www.urlaubcornwall.de\/blog\/#website\",\"url\":\"https:\/\/www.urlaubcornwall.de\/blog\/\",\"name\":\"Urlaub &amp; Reisen\",\"description\":\"Urlaub, Reisen, Cornwall und S\u00fcdengland: eine perfekte Kombination\",\"potentialAction\":[{\"@type\":\"SearchAction\",\"target\":{\"@type\":\"EntryPoint\",\"urlTemplate\":\"https:\/\/www.urlaubcornwall.de\/blog\/?s={search_term_string}\"},\"query-input\":\"required name=search_term_string\"}],\"inLanguage\":\"en-US\"},{\"@type\":\"WebPage\",\"@id\":\"https:\/\/www.urlaubcornwall.de\/blog\/hotels-mullion-mit-hund\/\",\"url\":\"https:\/\/www.urlaubcornwall.de\/blog\/hotels-mullion-mit-hund\/\",\"name\":\"Hotels in Mullion mit Hund zum Verlieben \u2013 so einfach ist das! - Urlaub &amp; Reisen\",\"isPartOf\":{\"@id\":\"https:\/\/www.urlaubcornwall.de\/blog\/#website\"},\"datePublished\":\"2017-10-29T13:58:36+00:00\",\"dateModified\":\"2018-03-22T11:26:08+00:00\",\"breadcrumb\":{\"@id\":\"https:\/\/www.urlaubcornwall.de\/blog\/hotels-mullion-mit-hund\/#breadcrumb\"},\"inLanguage\":\"en-US\",\"potentialAction\":[{\"@type\":\"ReadAction\",\"target\":[\"https:\/\/www.urlaubcornwall.de\/blog\/hotels-mullion-mit-hund\/\"]}]},{\"@type\":\"BreadcrumbList\",\"@id\":\"https:\/\/www.urlaubcornwall.de\/blog\/hotels-mullion-mit-hund\/#breadcrumb\",\"itemListElement\":[{\"@type\":\"ListItem\",\"position\":1,\"name\":\"Home\",\"item\":\"https:\/\/www.urlaubcornwall.de\/blog\/\"},{\"@type\":\"ListItem\",\"position\":2,\"name\":\"Hotels in Mullion mit Hund zum Verlieben \u2013 so einfach ist das!\"}]}]}<\/script>\n<!-- \/ Yoast SEO plugin. -->","yoast_head_json":{"title":"Hotels in Mullion mit Hund zum Verlieben \u2013 so einfach ist das! - Urlaub &amp; Reisen","robots":{"index":"index","follow":"follow","max-snippet":"max-snippet:-1","max-image-preview":"max-image-preview:large","max-video-preview":"max-video-preview:-1"},"canonical":"https:\/\/www.urlaubcornwall.de\/blog\/hotels-mullion-mit-hund\/","og_locale":"en_US","og_type":"article","og_title":"Hotels in Mullion mit Hund zum Verlieben \u2013 so einfach ist das! - Urlaub &amp; Reisen","og_description":"Die sch\u00f6nsten Hundefreundliche Hotels in der N\u00e4he Mullion f\u00fcr Ihren Urlaub in Cornwall Ein wahrhaftes Zentrum an Aktivit\u00e4t auf der Lizard Halbinsel und vollgepackt mit Caf\u00e9s, Kneipen, Kunsthandwerkszentren und Gesch\u00e4ften. Mit dem Hund in den Urlaub zu fahren ist immer ein sch\u00f6nes Erlebnis, aber in der N\u00e4he Mullion mit seinen herrlichen Landschaften und K\u00fcste ist [&hellip;]","og_url":"https:\/\/www.urlaubcornwall.de\/blog\/hotels-mullion-mit-hund\/","og_site_name":"Urlaub &amp; Reisen","article_modified_time":"2018-03-22T11:26:08+00:00","og_image":[{"url":"https:\/\/www.urlaubcornwall.de\/blog\/wp-content\/uploads\/2017\/09\/ferienhaus-cornwall-mit-blick-1.jpg"}],"twitter_card":"summary","twitter_misc":{"Est. reading time":"1 minute"},"schema":{"@context":"https:\/\/schema.org","@graph":[{"@type":"WebSite","@id":"https:\/\/www.urlaubcornwall.de\/blog\/#website","url":"https:\/\/www.urlaubcornwall.de\/blog\/","name":"Urlaub &amp; Reisen","description":"Urlaub, Reisen, Cornwall und S\u00fcdengland: eine perfekte Kombination","potentialAction":[{"@type":"SearchAction","target":{"@type":"EntryPoint","urlTemplate":"https:\/\/www.urlaubcornwall.de\/blog\/?s={search_term_string}"},"query-input":"required name=search_term_string"}],"inLanguage":"en-US"},{"@type":"WebPage","@id":"https:\/\/www.urlaubcornwall.de\/blog\/hotels-mullion-mit-hund\/","url":"https:\/\/www.urlaubcornwall.de\/blog\/hotels-mullion-mit-hund\/","name":"Hotels in Mullion mit Hund zum Verlieben \u2013 so einfach ist das! - Urlaub &amp; Reisen","isPartOf":{"@id":"https:\/\/www.urlaubcornwall.de\/blog\/#website"},"datePublished":"2017-10-29T13:58:36+00:00","dateModified":"2018-03-22T11:26:08+00:00","breadcrumb":{"@id":"https:\/\/www.urlaubcornwall.de\/blog\/hotels-mullion-mit-hund\/#breadcrumb"},"inLanguage":"en-US","potentialAction":[{"@type":"ReadAction","target":["https:\/\/www.urlaubcornwall.de\/blog\/hotels-mullion-mit-hund\/"]}]},{"@type":"BreadcrumbList","@id":"https:\/\/www.urlaubcornwall.de\/blog\/hotels-mullion-mit-hund\/#breadcrumb","itemListElement":[{"@type":"ListItem","position":1,"name":"Home","item":"https:\/\/www.urlaubcornwall.de\/blog\/"},{"@type":"ListItem","position":2,"name":"Hotels in Mullion mit Hund zum Verlieben \u2013 so einfach ist das!"}]}]}},"_links":{"self":[{"href":"https:\/\/www.urlaubcornwall.de\/blog\/wp-json\/wp\/v2\/pages\/30079"}],"collection":[{"href":"https:\/\/www.urlaubcornwall.de\/blog\/wp-json\/wp\/v2\/pages"}],"about":[{"href":"https:\/\/www.urlaubcornwall.de\/blog\/wp-json\/wp\/v2\/types\/page"}],"author":[{"embeddable":true,"href":"https:\/\/www.urlaubcornwall.de\/blog\/wp-json\/wp\/v2\/users\/1"}],"replies":[{"embeddable":true,"href":"https:\/\/www.urlaubcornwall.de\/blog\/wp-json\/wp\/v2\/comments?post=30079"}],"version-history":[{"count":3,"href":"https:\/\/www.urlaubcornwall.de\/blog\/wp-json\/wp\/v2\/pages\/30079\/revisions"}],"predecessor-version":[{"id":33197,"href":"https:\/\/www.urlaubcornwall.de\/blog\/wp-json\/wp\/v2\/pages\/30079\/revisions\/33197"}],"wp:attachment":[{"href":"https:\/\/www.urlaubcornwall.de\/blog\/wp-json\/wp\/v2\/media?parent=30079"}],"curies":[{"name":"wp","href":"https:\/\/api.w.org\/{rel}","templated":true}]}}