{"id":30050,"date":"2017-10-28T15:29:05","date_gmt":"2017-10-28T15:29:05","guid":{"rendered":"https:\/\/www.urlaubcornwall.de\/blog\/?page_id=30050"},"modified":"2024-04-03T08:13:54","modified_gmt":"2024-04-03T08:13:54","slug":"hotels-hastings-mit-hund","status":"publish","type":"page","link":"https:\/\/www.urlaubcornwall.de\/blog\/hotels-hastings-mit-hund\/","title":{"rendered":"Hotels in Hastings mit Hund zum Verlieben \u2013 so einfach ist das!"},"content":{"rendered":"<p><img loading=\"lazy\" class=\"aligncenter size-full wp-image-48054\" src=\"https:\/\/www.urlaubcornwall.de\/blog\/wp-content\/uploads\/2024\/03\/hastings.jpg\" alt=\"hastings\" width=\"750\" height=\"500\" srcset=\"https:\/\/www.urlaubcornwall.de\/blog\/wp-content\/uploads\/2024\/03\/hastings.jpg 750w, https:\/\/www.urlaubcornwall.de\/blog\/wp-content\/uploads\/2024\/03\/hastings-300x200.jpg 300w\" sizes=\"(max-width: 750px) 100vw, 750px\" \/><\/p>\n<p style=\"text-align: left;\"><strong>Die Besten Hundefreundliche Hotels in Hastings &#8211; <\/strong>Mit dem Hund in den Urlaub zu fahren ist immer ein sch\u00f6nes Erlebnis, aber in Hastings mit seinen herrlichen Landschaften und K\u00fcste ist ein Urlaub in Sussex mit dem vierbeinigen Freund einfach traumhaft.<\/p>\n<p>Hastings in <a href=\"http:\/\/www.urlaubcornwall.de\/reiseziel\/sussex.php\">Sussex<\/a> hat der ber\u00fchmten Schlacht des 14. Oktobers 1066 seinen Namen verliehen, doch tats\u00e4chlich wurde die Schlacht 11,2 km entfernt in <a href=\"https:\/\/www.urlaubcornwall.de\/blog\/urlaub-in-battle-sussex-sehenswuerdigkeiten-unterkunft-und-geschichte\/\">Battle<\/a> ausgetragen. Diese historische Stadt war schon immer Fischerhafen, und noch heute verf\u00fcgt sie \u00fcber eine Flotte an Fischerbooten, die an den Strand gezogen werden, um von ihrem Fang entladen zu werden&#8230;&#8230; [ <a href=\"https:\/\/www.urlaubcornwall.de\/blog\/urlaub-in-hastings-sussex-sehenswuerdigkeiten-unterkunft-und-geschichte\/\">Mehr <\/a>]<\/p>\n<h2><a href=\"https:\/\/www.booking.com\/hotel\/gb\/royalvictoria.html?aid=1320750&amp;no_rooms=1&amp;group_adults=2&amp;room1=A%2CA\" rel=\"nofollow\"><strong>Royal Victoria \u2013 3 Sterne Hotel Strandnah<\/strong><\/a><\/h2>\n<p>Diese Unterkunft ist 1 Gehminute vom Strand entfernt. Dieses Hotel befindet sich in einer herrlichen Lage am Meer, in St. Leonards-on-Sea. Freuen Sie sich auf die traditionelle Gastlichkeit und freundliche Atmosph\u00e4re dieser Unterkunft&#8230;&#8230;&#8230;..<a href=\"https:\/\/www.booking.com\/hotel\/gb\/royalvictoria.html?aid=1320750&amp;no_rooms=1&amp;group_adults=2&amp;room1=A%2CA\" rel=\"nofollow\">[Mehr]<\/a><\/p>\n<p style=\"text-align: center;\"><a class=\"tidycta\" href=\"https:\/\/www.booking.com\/searchresults.html?city=-2598266&amp;aid=1320750&amp;no_rooms=1&amp;group_adults=2&amp;room1=A%2CA\" rel=\"nofollow\">Suche Hotels in Hastings &gt;<\/a><\/p>\n<p style=\"text-align: center;\"><strong>St\u00e4dte in der N\u00e4he<\/strong><\/p>\n<p style=\"text-align: center;\"><a href=\"https:\/\/www.urlaubcornwall.de\/blog\/hotels-bognor-regis-mit-meerblick-28375-2\/\">Bognor Regis<\/a>, <a href=\"https:\/\/www.urlaubcornwall.de\/blog\/bei-uns-finden-sie-hotels-brighton-meer-zum-verlieben-einfach-ist-das\/\">Brighton<\/a>, <a href=\"https:\/\/www.urlaubcornwall.de\/blog\/hotels-chichester-zum-verlieben-einfach-ist-das\/\">Chichester<\/a>, <a href=\"https:\/\/www.urlaubcornwall.de\/blog\/bei-uns-finden-sie-hotels-eastbourne-meer-zum-verlieben-einfach-ist-das\/\">Eastbourne<\/a>, <a href=\"https:\/\/www.urlaubcornwall.de\/blog\/bei-uns-finden-sie-schoensten-hotels-rye-zum-verlieben-einfach-ist-das\/\">Rye<\/a><\/p>\n<h1 style=\"text-align: center;\"><strong>Bei uns finden Sie Ferienh\u00e4user zum Verlieben \u2013 so einfach ist das!<\/strong><\/h1>\n<p style=\"text-align: center;\">UrlaubCornwall verf\u00fcgt Ferienh\u00e4user und Ferienwohnungen f\u00fcr Ihren <a href=\"https:\/\/www.urlaubcornwall.de\/reiseziel\/suedengland.php\">Urlaub in Sudengland<\/a>. Unterk\u00fcnfte der Spitzenklasse f\u00fcr 2 Personen, Familien und Gruppen mit 4, 6, 8, 10 oder 12 G\u00e4sten.<\/p>\n<p style=\"text-align: center;\"><strong>&nbsp;<\/strong><a class=\"tidycta\" href=\"https:\/\/www.urlaubcornwall.de\/ferienhaeuser\/sussex.php\">Suche Ferienh\u00e4user Sussex<\/a><\/p>\n<p><img loading=\"lazy\" class=\"aligncenter size-full wp-image-24598\" src=\"https:\/\/www.urlaubcornwall.de\/blog\/wp-content\/uploads\/2016\/06\/urlaub-und-sudengland_logo-final.jpg\" width=\"746\" height=\"361\"\/><\/p>\n<p style=\"text-align: center;\"><a href=\"http:\/\/www.urlaubcornwall.de\/\">UrlaubCornwall.de<\/a> ist ein in Cornwall ans\u00e4ssiges Unternehmen k\u00f6nnen wir uns mit 20 Jahren Erfahrung in der Organisation von Rundreisen durch <a href=\"https:\/\/www.urlaubcornwall.de\/reiseziel\/sussex.php\">Sussex<\/a>, S\u00fcdwest und S\u00fcdengland r\u00fchmen.<\/p>\n<p style=\"text-align: center;\">Um Sussex in Ihre Rundreise durch S\u00fcdengland mit einzugliedern, stellen Sie Ihre <a href=\"http:\/\/www.urlaubcornwall.de\/anfrage.php\">Anfrage<\/a> hier oder w\u00e4hlen Sie ein Ferienhaus aus unserer besten Auswahl <a href=\"https:\/\/www.urlaubcornwall.de\/ferienhaueser\/sussex.php\">handverlesener und inspizierter H\u00e4user<\/a> aus.<\/p>\n","protected":false},"excerpt":{"rendered":"<p>Die Besten Hundefreundliche Hotels in Hastings &#8211; Mit dem Hund in den Urlaub zu fahren ist immer ein sch\u00f6nes Erlebnis, aber in Hastings mit seinen herrlichen Landschaften und K\u00fcste ist ein Urlaub in Sussex mit dem vierbeinigen Freund einfach traumhaft. Hastings in Sussex hat der ber\u00fchmten Schlacht des 14. Oktobers 1066 seinen Namen verliehen, doch [&hellip;]<\/p>\n","protected":false},"author":1,"featured_media":0,"parent":0,"menu_order":0,"comment_status":"closed","ping_status":"closed","template":"single-four.php","meta":[],"acf":[],"yoast_head":"<!-- This site is optimized with the Yoast SEO plugin v19.4 - https:\/\/yoast.com\/wordpress\/plugins\/seo\/ -->\n<title>Hotels in Hastings mit Hund zum Verlieben \u2013 so einfach ist das! - Urlaub &amp; Reisen<\/title>\n<meta name=\"robots\" content=\"index, follow, max-snippet:-1, max-image-preview:large, max-video-preview:-1\" \/>\n<link rel=\"canonical\" href=\"https:\/\/www.urlaubcornwall.de\/blog\/hotels-hastings-mit-hund\/\" \/>\n<meta property=\"og:locale\" content=\"en_US\" \/>\n<meta property=\"og:type\" content=\"article\" \/>\n<meta property=\"og:title\" content=\"Hotels in Hastings mit Hund zum Verlieben \u2013 so einfach ist das! - Urlaub &amp; Reisen\" \/>\n<meta property=\"og:description\" content=\"Die Besten Hundefreundliche Hotels in Hastings &#8211; Mit dem Hund in den Urlaub zu fahren ist immer ein sch\u00f6nes Erlebnis, aber in Hastings mit seinen herrlichen Landschaften und K\u00fcste ist ein Urlaub in Sussex mit dem vierbeinigen Freund einfach traumhaft. Hastings in Sussex hat der ber\u00fchmten Schlacht des 14. Oktobers 1066 seinen Namen verliehen, doch [&hellip;]\" \/>\n<meta property=\"og:url\" content=\"https:\/\/www.urlaubcornwall.de\/blog\/hotels-hastings-mit-hund\/\" \/>\n<meta property=\"og:site_name\" content=\"Urlaub &amp; Reisen\" \/>\n<meta property=\"article:modified_time\" content=\"2024-04-03T08:13:54+00:00\" \/>\n<meta property=\"og:image\" content=\"https:\/\/www.urlaubcornwall.de\/blog\/wp-content\/uploads\/2024\/03\/hastings.jpg\" \/>\n<meta name=\"twitter:card\" content=\"summary\" \/>\n<meta name=\"twitter:label1\" content=\"Est. reading time\" \/>\n\t<meta name=\"twitter:data1\" content=\"2 minutes\" \/>\n<script type=\"application\/ld+json\" class=\"yoast-schema-graph\">{\"@context\":\"https:\/\/schema.org\",\"@graph\":[{\"@type\":\"WebSite\",\"@id\":\"https:\/\/www.urlaubcornwall.de\/blog\/#website\",\"url\":\"https:\/\/www.urlaubcornwall.de\/blog\/\",\"name\":\"Urlaub &amp; Reisen\",\"description\":\"Urlaub, Reisen, Cornwall und S\u00fcdengland: eine perfekte Kombination\",\"potentialAction\":[{\"@type\":\"SearchAction\",\"target\":{\"@type\":\"EntryPoint\",\"urlTemplate\":\"https:\/\/www.urlaubcornwall.de\/blog\/?s={search_term_string}\"},\"query-input\":\"required name=search_term_string\"}],\"inLanguage\":\"en-US\"},{\"@type\":\"WebPage\",\"@id\":\"https:\/\/www.urlaubcornwall.de\/blog\/hotels-hastings-mit-hund\/\",\"url\":\"https:\/\/www.urlaubcornwall.de\/blog\/hotels-hastings-mit-hund\/\",\"name\":\"Hotels in Hastings mit Hund zum Verlieben \u2013 so einfach ist das! - Urlaub &amp; Reisen\",\"isPartOf\":{\"@id\":\"https:\/\/www.urlaubcornwall.de\/blog\/#website\"},\"datePublished\":\"2017-10-28T15:29:05+00:00\",\"dateModified\":\"2024-04-03T08:13:54+00:00\",\"breadcrumb\":{\"@id\":\"https:\/\/www.urlaubcornwall.de\/blog\/hotels-hastings-mit-hund\/#breadcrumb\"},\"inLanguage\":\"en-US\",\"potentialAction\":[{\"@type\":\"ReadAction\",\"target\":[\"https:\/\/www.urlaubcornwall.de\/blog\/hotels-hastings-mit-hund\/\"]}]},{\"@type\":\"BreadcrumbList\",\"@id\":\"https:\/\/www.urlaubcornwall.de\/blog\/hotels-hastings-mit-hund\/#breadcrumb\",\"itemListElement\":[{\"@type\":\"ListItem\",\"position\":1,\"name\":\"Home\",\"item\":\"https:\/\/www.urlaubcornwall.de\/blog\/\"},{\"@type\":\"ListItem\",\"position\":2,\"name\":\"Hotels in Hastings mit Hund zum Verlieben \u2013 so einfach ist das!\"}]}]}<\/script>\n<!-- \/ Yoast SEO plugin. -->","yoast_head_json":{"title":"Hotels in Hastings mit Hund zum Verlieben \u2013 so einfach ist das! - Urlaub &amp; Reisen","robots":{"index":"index","follow":"follow","max-snippet":"max-snippet:-1","max-image-preview":"max-image-preview:large","max-video-preview":"max-video-preview:-1"},"canonical":"https:\/\/www.urlaubcornwall.de\/blog\/hotels-hastings-mit-hund\/","og_locale":"en_US","og_type":"article","og_title":"Hotels in Hastings mit Hund zum Verlieben \u2013 so einfach ist das! - Urlaub &amp; Reisen","og_description":"Die Besten Hundefreundliche Hotels in Hastings &#8211; Mit dem Hund in den Urlaub zu fahren ist immer ein sch\u00f6nes Erlebnis, aber in Hastings mit seinen herrlichen Landschaften und K\u00fcste ist ein Urlaub in Sussex mit dem vierbeinigen Freund einfach traumhaft. Hastings in Sussex hat der ber\u00fchmten Schlacht des 14. Oktobers 1066 seinen Namen verliehen, doch [&hellip;]","og_url":"https:\/\/www.urlaubcornwall.de\/blog\/hotels-hastings-mit-hund\/","og_site_name":"Urlaub &amp; Reisen","article_modified_time":"2024-04-03T08:13:54+00:00","og_image":[{"url":"https:\/\/www.urlaubcornwall.de\/blog\/wp-content\/uploads\/2024\/03\/hastings.jpg"}],"twitter_card":"summary","twitter_misc":{"Est. reading time":"2 minutes"},"schema":{"@context":"https:\/\/schema.org","@graph":[{"@type":"WebSite","@id":"https:\/\/www.urlaubcornwall.de\/blog\/#website","url":"https:\/\/www.urlaubcornwall.de\/blog\/","name":"Urlaub &amp; Reisen","description":"Urlaub, Reisen, Cornwall und S\u00fcdengland: eine perfekte Kombination","potentialAction":[{"@type":"SearchAction","target":{"@type":"EntryPoint","urlTemplate":"https:\/\/www.urlaubcornwall.de\/blog\/?s={search_term_string}"},"query-input":"required name=search_term_string"}],"inLanguage":"en-US"},{"@type":"WebPage","@id":"https:\/\/www.urlaubcornwall.de\/blog\/hotels-hastings-mit-hund\/","url":"https:\/\/www.urlaubcornwall.de\/blog\/hotels-hastings-mit-hund\/","name":"Hotels in Hastings mit Hund zum Verlieben \u2013 so einfach ist das! - Urlaub &amp; Reisen","isPartOf":{"@id":"https:\/\/www.urlaubcornwall.de\/blog\/#website"},"datePublished":"2017-10-28T15:29:05+00:00","dateModified":"2024-04-03T08:13:54+00:00","breadcrumb":{"@id":"https:\/\/www.urlaubcornwall.de\/blog\/hotels-hastings-mit-hund\/#breadcrumb"},"inLanguage":"en-US","potentialAction":[{"@type":"ReadAction","target":["https:\/\/www.urlaubcornwall.de\/blog\/hotels-hastings-mit-hund\/"]}]},{"@type":"BreadcrumbList","@id":"https:\/\/www.urlaubcornwall.de\/blog\/hotels-hastings-mit-hund\/#breadcrumb","itemListElement":[{"@type":"ListItem","position":1,"name":"Home","item":"https:\/\/www.urlaubcornwall.de\/blog\/"},{"@type":"ListItem","position":2,"name":"Hotels in Hastings mit Hund zum Verlieben \u2013 so einfach ist das!"}]}]}},"_links":{"self":[{"href":"https:\/\/www.urlaubcornwall.de\/blog\/wp-json\/wp\/v2\/pages\/30050"}],"collection":[{"href":"https:\/\/www.urlaubcornwall.de\/blog\/wp-json\/wp\/v2\/pages"}],"about":[{"href":"https:\/\/www.urlaubcornwall.de\/blog\/wp-json\/wp\/v2\/types\/page"}],"author":[{"embeddable":true,"href":"https:\/\/www.urlaubcornwall.de\/blog\/wp-json\/wp\/v2\/users\/1"}],"replies":[{"embeddable":true,"href":"https:\/\/www.urlaubcornwall.de\/blog\/wp-json\/wp\/v2\/comments?post=30050"}],"version-history":[{"count":9,"href":"https:\/\/www.urlaubcornwall.de\/blog\/wp-json\/wp\/v2\/pages\/30050\/revisions"}],"predecessor-version":[{"id":48658,"href":"https:\/\/www.urlaubcornwall.de\/blog\/wp-json\/wp\/v2\/pages\/30050\/revisions\/48658"}],"wp:attachment":[{"href":"https:\/\/www.urlaubcornwall.de\/blog\/wp-json\/wp\/v2\/media?parent=30050"}],"curies":[{"name":"wp","href":"https:\/\/api.w.org\/{rel}","templated":true}]}}