{"id":30017,"date":"2017-10-27T14:29:40","date_gmt":"2017-10-27T14:29:40","guid":{"rendered":"https:\/\/www.urlaubcornwall.de\/blog\/?page_id=30017"},"modified":"2024-04-16T09:31:31","modified_gmt":"2024-04-16T09:31:31","slug":"hotels-looe-mit-hund-zum-verlieben-einfach-ist-das","status":"publish","type":"page","link":"https:\/\/www.urlaubcornwall.de\/blog\/hotels-looe-mit-hund-zum-verlieben-einfach-ist-das\/","title":{"rendered":"Hotels in Looe mit Hund zum Verlieben \u2013 so einfach ist das!"},"content":{"rendered":"<p><img loading=\"lazy\" class=\"aligncenter size-full wp-image-23345\" src=\"https:\/\/www.urlaubcornwall.de\/blog\/wp-content\/uploads\/2016\/03\/urlaub-looe.jpg\" alt=\"hotel looe meerblick am meer\" height=\"396\" width=\"748\"\/><br \/>\nDie sch\u00f6nsten Hundefreundliche Hotels in der N\u00e4he Looe am Meer f\u00fcr Ihren Urlaub in Cornwall &#8211; Looe ist eine Fischerstadt mit langer Handelsgeschichte, und sein Hafen verf\u00fcgt nun \u00fcber eine der gr\u00f6\u00dften Flotten der cornischen S\u00fcdk\u00fcste.<br \/>\n<ins class=\"bookingaff\" data-aid=\"1705461\" data-target_aid=\"1705461\" data-prod=\"map\" data-width=\"100%\" data-height=\"590\" data-lang=\"ualng\" data-dest_id=\"0\" data-dest_type=\"landmark\" data-latitude=\"50.3562269\" data-longitude=\"-4.455232\" data-mwhsb=\"1\"><br \/>\n    <!-- Anything inside will go away once widget is loaded. --><br \/>\n        <a href=\"\/\/www.booking.com?aid=1705461\"rel=\"nofollow\">Booking.com<\/a><br \/>\n<\/ins><br \/>\n<script type=\"text\/javascript\">\n    (function(d, sc, u) {\n      var s = d.createElement(sc), p = d.getElementsByTagName(sc)[0];\n      s.type = 'text\/javascript';\n      s.async = true;\n      s.src = u + '?v=' + (+new Date());\n      p.parentNode.insertBefore(s,p);\n      })(document, 'script', '\/\/aff.bstatic.com\/static\/affiliate_base\/js\/flexiproduct.js');\n<\/script><\/p>\n<h3><\/h3>\n<p><ins class=\"bookingaff\" data-aid=\"1358105\" data-target_aid=\"1358105\" data-prod=\"nsb\" data-width=\"100%\" data-height=\"auto\" data-lang=\"de\" data-dest_id=\"-2601889\" data-dest_type=\"city\"><br \/>\n    <!-- Anything inside will go away once widget is loaded. --><br \/>\n        <a href=\"\/\/www.booking.com?aid=1358105\"rel=\"nofollow\">Booking.com<\/a><br \/>\n<\/ins><br \/>\n<script type=\"text\/javascript\">\n    (function(d, sc, u) {\n      var s = d.createElement(sc), p = d.getElementsByTagName(sc)[0];\n      s.type = 'text\/javascript';\n      s.async = true;\n      s.src = u + '?v=' + (+new Date());\n      p.parentNode.insertBefore(s,p);\n      })(document, 'script', '\/\/aff.bstatic.com\/static\/affiliate_base\/js\/flexiproduct.js');\n<\/script><\/p>\n<div class=\"snippet\"> <a class=\"featured-item\" href=\"https:\/\/www.urlaubcornwall.de\/ferienhaeuser\/cornwall.php\"> <span class=\"image-holder\" style=\"background-image: url(' https:\/\/www.urlaubcornwall.de\/blog\/wp-content\/uploads\/2018\/12\/ferienhaus-cornwall-mit-hund.jpg ');\"><\/span> <span class=\"featured-content\"> \n<h2 class=\"featured-title\">Ferienh\u00e4user in Cornwall zum Verlieben!<\/h2>\n<p class=\"featured-body\">Cornwall besitzt mehr K\u00fcstenlinien als jede andere Grafschaft und bietet einige der besten Str\u00e4nde, K\u00fcstenwanderwege und Klippenlandschaften, die man \u00fcberhaupt finden kann&#8230;.<\/p><\/span> <span class=\"featured-link-holder\"> <span class=\"featured-extra-info\"> \n<p>F\u00fcr Paare, Familien &#038; Gruppen<\/p>\n<\/span> \n<p class=\"featured-link\">DETAILS<\/p>\n<\/span> <\/a><\/div>\n<div class=\"snippet\"> <a class=\"featured-item\" href=\" https:\/\/www.urlaubcornwall.de\/rundreisen\/cornwall-suedengland.php\"> <span class=\"image-holder\" style=\"background-image: url(' https:\/\/www.urlaubcornwall.de\/blog\/wp-content\/uploads\/2018\/11\/rundreise-cornwall.jpg ');\"><\/span> <span class=\"featured-content\"> \n<h2 class=\"featured-title\">Individuelle Rundreise in Cornwall &#038; S\u00fcdengland<\/h2>\n<p class=\"featured-body\"> Bei dieser Cornwall Rundreise entdecken Sie die H\u00f6hepunkte S\u00fcdenglands. Kultur, Geschichte, Landschaft und heutiges Leben werden Sie hierbei kennenlernen&#8230;<\/p>\n<\/span> <span class=\"featured-link-holder\"> <span class=\"featured-extra-info\"> \n<p>Urlaub im eigenen Schritttempo<\/p>\n<\/span> \n<p class=\"featured-link\">DETAILS<\/p>\n<\/span> <\/a><\/div>\n<p style=\"text-align: center;\"><b>Klicken Sie <\/b><strong>hier<\/strong><b>, um sich unser vollst\u00e4ndiges Angebot der besten <a href=\"https:\/\/www.urlaubcornwall.de\/hotels.php\">Hotels in Cornwall&gt;&gt;<\/a><\/b><\/p>\n","protected":false},"excerpt":{"rendered":"<p>Die sch\u00f6nsten Hundefreundliche Hotels in der N\u00e4he Looe am Meer f\u00fcr Ihren Urlaub in Cornwall &#8211; Looe ist eine Fischerstadt mit langer Handelsgeschichte, und sein Hafen verf\u00fcgt nun \u00fcber eine der gr\u00f6\u00dften Flotten der cornischen S\u00fcdk\u00fcste. Booking.com Booking.com Ferienh\u00e4user in Cornwall zum Verlieben! Cornwall besitzt mehr K\u00fcstenlinien als jede andere Grafschaft und bietet einige der [&hellip;]<\/p>\n","protected":false},"author":1,"featured_media":0,"parent":0,"menu_order":0,"comment_status":"closed","ping_status":"closed","template":"single-four.php","meta":[],"acf":[],"yoast_head":"<!-- This site is optimized with the Yoast SEO plugin v19.4 - https:\/\/yoast.com\/wordpress\/plugins\/seo\/ -->\n<title>Hotels in Looe mit Hund zum Verlieben \u2013 so einfach ist das! - Urlaub &amp; Reisen<\/title>\n<meta name=\"robots\" content=\"index, follow, max-snippet:-1, max-image-preview:large, max-video-preview:-1\" \/>\n<link rel=\"canonical\" href=\"https:\/\/www.urlaubcornwall.de\/blog\/hotels-looe-mit-hund-zum-verlieben-einfach-ist-das\/\" \/>\n<meta property=\"og:locale\" content=\"en_US\" \/>\n<meta property=\"og:type\" content=\"article\" \/>\n<meta property=\"og:title\" content=\"Hotels in Looe mit Hund zum Verlieben \u2013 so einfach ist das! - Urlaub &amp; Reisen\" \/>\n<meta property=\"og:description\" content=\"Die sch\u00f6nsten Hundefreundliche Hotels in der N\u00e4he Looe am Meer f\u00fcr Ihren Urlaub in Cornwall &#8211; Looe ist eine Fischerstadt mit langer Handelsgeschichte, und sein Hafen verf\u00fcgt nun \u00fcber eine der gr\u00f6\u00dften Flotten der cornischen S\u00fcdk\u00fcste. Booking.com Booking.com Ferienh\u00e4user in Cornwall zum Verlieben! Cornwall besitzt mehr K\u00fcstenlinien als jede andere Grafschaft und bietet einige der [&hellip;]\" \/>\n<meta property=\"og:url\" content=\"https:\/\/www.urlaubcornwall.de\/blog\/hotels-looe-mit-hund-zum-verlieben-einfach-ist-das\/\" \/>\n<meta property=\"og:site_name\" content=\"Urlaub &amp; Reisen\" \/>\n<meta property=\"article:modified_time\" content=\"2024-04-16T09:31:31+00:00\" \/>\n<meta property=\"og:image\" content=\"https:\/\/www.urlaubcornwall.de\/blog\/wp-content\/uploads\/2016\/03\/urlaub-looe.jpg\" \/>\n<meta name=\"twitter:card\" content=\"summary\" \/>\n<meta name=\"twitter:label1\" content=\"Est. reading time\" \/>\n\t<meta name=\"twitter:data1\" content=\"1 minute\" \/>\n<script type=\"application\/ld+json\" class=\"yoast-schema-graph\">{\"@context\":\"https:\/\/schema.org\",\"@graph\":[{\"@type\":\"WebSite\",\"@id\":\"https:\/\/www.urlaubcornwall.de\/blog\/#website\",\"url\":\"https:\/\/www.urlaubcornwall.de\/blog\/\",\"name\":\"Urlaub &amp; Reisen\",\"description\":\"Urlaub, Reisen, Cornwall und S\u00fcdengland: eine perfekte Kombination\",\"potentialAction\":[{\"@type\":\"SearchAction\",\"target\":{\"@type\":\"EntryPoint\",\"urlTemplate\":\"https:\/\/www.urlaubcornwall.de\/blog\/?s={search_term_string}\"},\"query-input\":\"required name=search_term_string\"}],\"inLanguage\":\"en-US\"},{\"@type\":\"WebPage\",\"@id\":\"https:\/\/www.urlaubcornwall.de\/blog\/hotels-looe-mit-hund-zum-verlieben-einfach-ist-das\/\",\"url\":\"https:\/\/www.urlaubcornwall.de\/blog\/hotels-looe-mit-hund-zum-verlieben-einfach-ist-das\/\",\"name\":\"Hotels in Looe mit Hund zum Verlieben \u2013 so einfach ist das! - Urlaub &amp; Reisen\",\"isPartOf\":{\"@id\":\"https:\/\/www.urlaubcornwall.de\/blog\/#website\"},\"datePublished\":\"2017-10-27T14:29:40+00:00\",\"dateModified\":\"2024-04-16T09:31:31+00:00\",\"breadcrumb\":{\"@id\":\"https:\/\/www.urlaubcornwall.de\/blog\/hotels-looe-mit-hund-zum-verlieben-einfach-ist-das\/#breadcrumb\"},\"inLanguage\":\"en-US\",\"potentialAction\":[{\"@type\":\"ReadAction\",\"target\":[\"https:\/\/www.urlaubcornwall.de\/blog\/hotels-looe-mit-hund-zum-verlieben-einfach-ist-das\/\"]}]},{\"@type\":\"BreadcrumbList\",\"@id\":\"https:\/\/www.urlaubcornwall.de\/blog\/hotels-looe-mit-hund-zum-verlieben-einfach-ist-das\/#breadcrumb\",\"itemListElement\":[{\"@type\":\"ListItem\",\"position\":1,\"name\":\"Home\",\"item\":\"https:\/\/www.urlaubcornwall.de\/blog\/\"},{\"@type\":\"ListItem\",\"position\":2,\"name\":\"Hotels in Looe mit Hund zum Verlieben \u2013 so einfach ist das!\"}]}]}<\/script>\n<!-- \/ Yoast SEO plugin. -->","yoast_head_json":{"title":"Hotels in Looe mit Hund zum Verlieben \u2013 so einfach ist das! - Urlaub &amp; Reisen","robots":{"index":"index","follow":"follow","max-snippet":"max-snippet:-1","max-image-preview":"max-image-preview:large","max-video-preview":"max-video-preview:-1"},"canonical":"https:\/\/www.urlaubcornwall.de\/blog\/hotels-looe-mit-hund-zum-verlieben-einfach-ist-das\/","og_locale":"en_US","og_type":"article","og_title":"Hotels in Looe mit Hund zum Verlieben \u2013 so einfach ist das! - Urlaub &amp; Reisen","og_description":"Die sch\u00f6nsten Hundefreundliche Hotels in der N\u00e4he Looe am Meer f\u00fcr Ihren Urlaub in Cornwall &#8211; Looe ist eine Fischerstadt mit langer Handelsgeschichte, und sein Hafen verf\u00fcgt nun \u00fcber eine der gr\u00f6\u00dften Flotten der cornischen S\u00fcdk\u00fcste. Booking.com Booking.com Ferienh\u00e4user in Cornwall zum Verlieben! Cornwall besitzt mehr K\u00fcstenlinien als jede andere Grafschaft und bietet einige der [&hellip;]","og_url":"https:\/\/www.urlaubcornwall.de\/blog\/hotels-looe-mit-hund-zum-verlieben-einfach-ist-das\/","og_site_name":"Urlaub &amp; Reisen","article_modified_time":"2024-04-16T09:31:31+00:00","og_image":[{"url":"https:\/\/www.urlaubcornwall.de\/blog\/wp-content\/uploads\/2016\/03\/urlaub-looe.jpg"}],"twitter_card":"summary","twitter_misc":{"Est. reading time":"1 minute"},"schema":{"@context":"https:\/\/schema.org","@graph":[{"@type":"WebSite","@id":"https:\/\/www.urlaubcornwall.de\/blog\/#website","url":"https:\/\/www.urlaubcornwall.de\/blog\/","name":"Urlaub &amp; Reisen","description":"Urlaub, Reisen, Cornwall und S\u00fcdengland: eine perfekte Kombination","potentialAction":[{"@type":"SearchAction","target":{"@type":"EntryPoint","urlTemplate":"https:\/\/www.urlaubcornwall.de\/blog\/?s={search_term_string}"},"query-input":"required name=search_term_string"}],"inLanguage":"en-US"},{"@type":"WebPage","@id":"https:\/\/www.urlaubcornwall.de\/blog\/hotels-looe-mit-hund-zum-verlieben-einfach-ist-das\/","url":"https:\/\/www.urlaubcornwall.de\/blog\/hotels-looe-mit-hund-zum-verlieben-einfach-ist-das\/","name":"Hotels in Looe mit Hund zum Verlieben \u2013 so einfach ist das! - Urlaub &amp; Reisen","isPartOf":{"@id":"https:\/\/www.urlaubcornwall.de\/blog\/#website"},"datePublished":"2017-10-27T14:29:40+00:00","dateModified":"2024-04-16T09:31:31+00:00","breadcrumb":{"@id":"https:\/\/www.urlaubcornwall.de\/blog\/hotels-looe-mit-hund-zum-verlieben-einfach-ist-das\/#breadcrumb"},"inLanguage":"en-US","potentialAction":[{"@type":"ReadAction","target":["https:\/\/www.urlaubcornwall.de\/blog\/hotels-looe-mit-hund-zum-verlieben-einfach-ist-das\/"]}]},{"@type":"BreadcrumbList","@id":"https:\/\/www.urlaubcornwall.de\/blog\/hotels-looe-mit-hund-zum-verlieben-einfach-ist-das\/#breadcrumb","itemListElement":[{"@type":"ListItem","position":1,"name":"Home","item":"https:\/\/www.urlaubcornwall.de\/blog\/"},{"@type":"ListItem","position":2,"name":"Hotels in Looe mit Hund zum Verlieben \u2013 so einfach ist das!"}]}]}},"_links":{"self":[{"href":"https:\/\/www.urlaubcornwall.de\/blog\/wp-json\/wp\/v2\/pages\/30017"}],"collection":[{"href":"https:\/\/www.urlaubcornwall.de\/blog\/wp-json\/wp\/v2\/pages"}],"about":[{"href":"https:\/\/www.urlaubcornwall.de\/blog\/wp-json\/wp\/v2\/types\/page"}],"author":[{"embeddable":true,"href":"https:\/\/www.urlaubcornwall.de\/blog\/wp-json\/wp\/v2\/users\/1"}],"replies":[{"embeddable":true,"href":"https:\/\/www.urlaubcornwall.de\/blog\/wp-json\/wp\/v2\/comments?post=30017"}],"version-history":[{"count":8,"href":"https:\/\/www.urlaubcornwall.de\/blog\/wp-json\/wp\/v2\/pages\/30017\/revisions"}],"predecessor-version":[{"id":49813,"href":"https:\/\/www.urlaubcornwall.de\/blog\/wp-json\/wp\/v2\/pages\/30017\/revisions\/49813"}],"wp:attachment":[{"href":"https:\/\/www.urlaubcornwall.de\/blog\/wp-json\/wp\/v2\/media?parent=30017"}],"curies":[{"name":"wp","href":"https:\/\/api.w.org\/{rel}","templated":true}]}}