{"id":30011,"date":"2017-10-27T13:03:32","date_gmt":"2017-10-27T13:03:32","guid":{"rendered":"https:\/\/www.urlaubcornwall.de\/blog\/?page_id=30011"},"modified":"2024-05-30T12:06:24","modified_gmt":"2024-05-30T12:06:24","slug":"ferienhaeuser-mit-hund-der-naehe-gaerten-und-attraktionen-cornwalls","status":"publish","type":"page","link":"https:\/\/www.urlaubcornwall.de\/blog\/ferienhaeuser-mit-hund-der-naehe-gaerten-und-attraktionen-cornwalls\/","title":{"rendered":"Ferienh\u00e4user mit Hund in der N\u00e4he G\u00e4rten und Attraktionen Cornwalls."},"content":{"rendered":"<p><a href=\"https:\/\/www.urlaubcornwall.de\/blog\/wp-content\/uploads\/2024\/03\/gartenreise-england.jpg\"><img loading=\"lazy\" src=\"https:\/\/www.urlaubcornwall.de\/blog\/wp-content\/uploads\/2024\/03\/gartenreise-england.jpg\" alt=\"gartenreise-england\" width=\"742\" height=\"426\" class=\"alignnone size-full wp-image-47912\" srcset=\"https:\/\/www.urlaubcornwall.de\/blog\/wp-content\/uploads\/2024\/03\/gartenreise-england.jpg 742w, https:\/\/www.urlaubcornwall.de\/blog\/wp-content\/uploads\/2024\/03\/gartenreise-england-300x172.jpg 300w\" sizes=\"(max-width: 742px) 100vw, 742px\" \/><\/a><\/p>\n<p>Cornwall und Devon haben mehr zu bieten als wundersch\u00f6ne Str\u00e4nde und Landschaften; hier befinden sich auch einige <a href=\"https:\/\/www.urlaubcornwall.de\/blog\/national-trust-historische-haeuser-cornwall-devon\/\">herrliche National Trust H\u00e4user<\/a>. Ob Sie nun an Geschichte interessiert sind oder nach Ideen f\u00fcr einen Regentag suchen, so stellt der Besuch eines der National Trust H\u00e4user und G\u00e4rten einen gro\u00dfartigen Familienausflugstag dar.<\/p>\n<p>Bei uns finden Sie Hundefreundliche Ferienh\u00e4user am Meer zum Verlieben &#8211; so einfach ist das! In der N\u00e4he von Cornwalls ber\u00fchmten G\u00e4rten, <a href=\"https:\/\/www.urlaubcornwall.de\/blog\/national-trust-historische-haeuser-cornwall-devon\/\">historischen H\u00e4usern und Attraktionen<\/a> haben wir die beste Auswahl handverlesener und pers\u00f6nlich inspizierter <span style=\"text-decoration: underline;\"><a href=\"https:\/\/www.urlaubcornwall.de\/ferienhaeuser\/cornwall.php\">Ferienh\u00e4user und Ferienwohnungen<\/a><\/span>.<\/p>\n<p style=\"text-align: center;\"><a class=\"tidycta\" href=\"https:\/\/www.urlaubcornwall.de\/ferienhaeuser\/cornwall.php\">Suche Ferienh\u00e4user Cornwall<\/a><\/p>\n<table width=\"745\">\n<tbody>\n<tr>\n<td width=\"141\"><a href=\"https:\/\/www.urlaubcornwall.de\/ferienhaeuser-fewos\/antony-house-mit-hund.html\">Antony House<\/a><\/td>\n<td width=\"126\"><a href=\"https:\/\/www.urlaubcornwall.de\/ferienhaeuser-fewos\/eden-project-mit-hund.html\">Eden Project<\/a><\/td>\n<td width=\"154\"><a href=\"https:\/\/www.urlaubcornwall.de\/ferienhaeuser-fewos\/heligan-garten-mit-hund.html\">Heligan Garten<\/a><\/td>\n<td width=\"126\"><a href=\"https:\/\/www.urlaubcornwall.de\/ferienhaeuser-fewos\/mount-edgcumbe-mit-hund.html\">Mount Edgcumbe<\/a><\/td>\n<td width=\"158\"><a href=\"https:\/\/www.urlaubcornwall.de\/ferienhaeuser-fewos\/trelissick-mit-hund.html\">Trelissick Haus &amp; Garten<\/a><\/td>\n<\/tr>\n<tr>\n<td><a href=\"https:\/\/www.urlaubcornwall.de\/ferienhaeuser-fewos\/botallack-bergwerk-mit-hund.html\">Botallack Bergwerk<\/a><\/td>\n<td><a href=\"https:\/\/www.urlaubcornwall.de\/ferienhaeuser-fewos\/geevor-mit-hund.html\">Geevor<\/a><\/td>\n<td><a href=\"https:\/\/www.urlaubcornwall.de\/ferienhaeuser-fewos\/lanhydrock-mit-hund.html\">Lanhydrock<\/a><\/td>\n<td><a href=\"https:\/\/www.urlaubcornwall.de\/ferienhaeuser-fewos\/port-eliot-mit-hund.html\">Port Eliot<\/a><\/td>\n<td><a href=\"https:\/\/www.urlaubcornwall.de\/ferienhaeuser-fewos\/trengwainton-mit-hund.html\">Trengwainton Garten<\/a><\/td>\n<\/tr>\n<tr>\n<td><a href=\"https:\/\/www.urlaubcornwall.de\/ferienhaeuser-fewos\/caerhays-castle-mit-hund.html\">Caerhays Castle<\/a><\/td>\n<td><a href=\"https:\/\/www.urlaubcornwall.de\/ferienhaeuser-fewos\/glendurgan-garten-mit-hund.html\">Glendurgan Garten<\/a><\/td>\n<td><a href=\"https:\/\/www.urlaubcornwall.de\/ferienhaeuser-fewos\/lanyon-quoit-mit-hund.html\">Lanyon Quoit<\/a><\/td>\n<td><a href=\"https:\/\/www.urlaubcornwall.de\/ferienhaeuser-fewos\/prideaux-place-mit-hund.html\">Prideaux Place<\/a><\/td>\n<td><a href=\"https:\/\/www.urlaubcornwall.de\/ferienhaeuser-fewos\/trerice-mit-hund.html\">Trerice<\/a><\/td>\n<\/tr>\n<tr>\n<td><a href=\"https:\/\/www.urlaubcornwall.de\/ferienhaeuser-fewos\/camelpfad-mit-hund.html\">Camelpfad<\/a><\/td>\n<td><a href=\"https:\/\/www.urlaubcornwall.de\/ferienhaeuser-fewos\/godolphin-mit-hund.html\">Godolphin<\/a><\/td>\n<td><a href=\"https:\/\/www.urlaubcornwall.de\/ferienhaeuser-fewos\/menabilly-mit-hund.html\">Menabilly<\/a><\/td>\n<td><a href=\"https:\/\/www.urlaubcornwall.de\/ferienhaeuser-fewos\/st-michaels-mount-mit-hund.html\">St Michaels Mount&nbsp;<\/a><\/td>\n<td><a href=\"https:\/\/www.urlaubcornwall.de\/ferienhaeuser-fewos\/trewithen-am-meer.html\">Trewithen Garten<\/a><\/td>\n<\/tr>\n<tr>\n<td><a href=\"https:\/\/www.urlaubcornwall.de\/ferienhaeuser-fewos\/cotehele-mit-hund.html\">Cotehele Herrenhaus<\/a><\/td>\n<td><a href=\"https:\/\/www.urlaubcornwall.de\/ferienhaeuser-fewos\/golitha-falls-mit-hund.html\">Golitha Falls<\/a><\/td>\n<td><a href=\"https:\/\/www.urlaubcornwall.de\/ferienhaeuser-fewos\/minack-freilichttheater-mit-hund.html\">Minack Freilichttheater<\/a><\/td>\n<td><a href=\"https:\/\/www.urlaubcornwall.de\/ferienhaeuser-fewos\/trebah-mit-hund.html\">Trebah Garten<\/a><\/td>\n<td>&nbsp;<\/td>\n<\/tr>\n<\/tbody>\n<\/table>\n<p style=\"text-align: center;\"><strong>Sehensw\u00fcrdigkeiten Cornwall Karte<\/strong><\/p>\n<p><iframe loading=\"lazy\" src=\"https:\/\/www.google.com\/maps\/d\/u\/0\/embed?mid=zPZ6ttwx7pSg.kPuXl1bas_VE\" height=\"480\" width=\"740\"><\/iframe><\/p>\n","protected":false},"excerpt":{"rendered":"<p>Cornwall und Devon haben mehr zu bieten als wundersch\u00f6ne Str\u00e4nde und Landschaften; hier befinden sich auch einige herrliche National Trust H\u00e4user. Ob Sie nun an Geschichte interessiert sind oder nach Ideen f\u00fcr einen Regentag suchen, so stellt der Besuch eines der National Trust H\u00e4user und G\u00e4rten einen gro\u00dfartigen Familienausflugstag dar. Bei uns finden Sie Hundefreundliche [&hellip;]<\/p>\n","protected":false},"author":1,"featured_media":0,"parent":0,"menu_order":0,"comment_status":"closed","ping_status":"closed","template":"single-four.php","meta":[],"acf":[],"yoast_head":"<!-- This site is optimized with the Yoast SEO plugin v19.4 - https:\/\/yoast.com\/wordpress\/plugins\/seo\/ -->\n<title>Ferienh\u00e4user mit Hund in der N\u00e4he G\u00e4rten und Attraktionen Cornwalls. - Urlaub &amp; Reisen<\/title>\n<meta name=\"robots\" content=\"index, follow, max-snippet:-1, max-image-preview:large, max-video-preview:-1\" \/>\n<link rel=\"canonical\" href=\"https:\/\/www.urlaubcornwall.de\/blog\/ferienhaeuser-mit-hund-der-naehe-gaerten-und-attraktionen-cornwalls\/\" \/>\n<meta property=\"og:locale\" content=\"en_US\" \/>\n<meta property=\"og:type\" content=\"article\" \/>\n<meta property=\"og:title\" content=\"Ferienh\u00e4user mit Hund in der N\u00e4he G\u00e4rten und Attraktionen Cornwalls. - Urlaub &amp; Reisen\" \/>\n<meta property=\"og:description\" content=\"Cornwall und Devon haben mehr zu bieten als wundersch\u00f6ne Str\u00e4nde und Landschaften; hier befinden sich auch einige herrliche National Trust H\u00e4user. Ob Sie nun an Geschichte interessiert sind oder nach Ideen f\u00fcr einen Regentag suchen, so stellt der Besuch eines der National Trust H\u00e4user und G\u00e4rten einen gro\u00dfartigen Familienausflugstag dar. Bei uns finden Sie Hundefreundliche [&hellip;]\" \/>\n<meta property=\"og:url\" content=\"https:\/\/www.urlaubcornwall.de\/blog\/ferienhaeuser-mit-hund-der-naehe-gaerten-und-attraktionen-cornwalls\/\" \/>\n<meta property=\"og:site_name\" content=\"Urlaub &amp; Reisen\" \/>\n<meta property=\"article:modified_time\" content=\"2024-05-30T12:06:24+00:00\" \/>\n<meta property=\"og:image\" content=\"https:\/\/www.urlaubcornwall.de\/blog\/wp-content\/uploads\/2024\/03\/gartenreise-england.jpg\" \/>\n<meta name=\"twitter:card\" content=\"summary\" \/>\n<meta name=\"twitter:label1\" content=\"Est. reading time\" \/>\n\t<meta name=\"twitter:data1\" content=\"1 minute\" \/>\n<script type=\"application\/ld+json\" class=\"yoast-schema-graph\">{\"@context\":\"https:\/\/schema.org\",\"@graph\":[{\"@type\":\"WebSite\",\"@id\":\"https:\/\/www.urlaubcornwall.de\/blog\/#website\",\"url\":\"https:\/\/www.urlaubcornwall.de\/blog\/\",\"name\":\"Urlaub &amp; Reisen\",\"description\":\"Urlaub, Reisen, Cornwall und S\u00fcdengland: eine perfekte Kombination\",\"potentialAction\":[{\"@type\":\"SearchAction\",\"target\":{\"@type\":\"EntryPoint\",\"urlTemplate\":\"https:\/\/www.urlaubcornwall.de\/blog\/?s={search_term_string}\"},\"query-input\":\"required name=search_term_string\"}],\"inLanguage\":\"en-US\"},{\"@type\":\"WebPage\",\"@id\":\"https:\/\/www.urlaubcornwall.de\/blog\/ferienhaeuser-mit-hund-der-naehe-gaerten-und-attraktionen-cornwalls\/\",\"url\":\"https:\/\/www.urlaubcornwall.de\/blog\/ferienhaeuser-mit-hund-der-naehe-gaerten-und-attraktionen-cornwalls\/\",\"name\":\"Ferienh\u00e4user mit Hund in der N\u00e4he G\u00e4rten und Attraktionen Cornwalls. - Urlaub &amp; Reisen\",\"isPartOf\":{\"@id\":\"https:\/\/www.urlaubcornwall.de\/blog\/#website\"},\"datePublished\":\"2017-10-27T13:03:32+00:00\",\"dateModified\":\"2024-05-30T12:06:24+00:00\",\"breadcrumb\":{\"@id\":\"https:\/\/www.urlaubcornwall.de\/blog\/ferienhaeuser-mit-hund-der-naehe-gaerten-und-attraktionen-cornwalls\/#breadcrumb\"},\"inLanguage\":\"en-US\",\"potentialAction\":[{\"@type\":\"ReadAction\",\"target\":[\"https:\/\/www.urlaubcornwall.de\/blog\/ferienhaeuser-mit-hund-der-naehe-gaerten-und-attraktionen-cornwalls\/\"]}]},{\"@type\":\"BreadcrumbList\",\"@id\":\"https:\/\/www.urlaubcornwall.de\/blog\/ferienhaeuser-mit-hund-der-naehe-gaerten-und-attraktionen-cornwalls\/#breadcrumb\",\"itemListElement\":[{\"@type\":\"ListItem\",\"position\":1,\"name\":\"Home\",\"item\":\"https:\/\/www.urlaubcornwall.de\/blog\/\"},{\"@type\":\"ListItem\",\"position\":2,\"name\":\"Ferienh\u00e4user mit Hund in der N\u00e4he G\u00e4rten und Attraktionen Cornwalls.\"}]}]}<\/script>\n<!-- \/ Yoast SEO plugin. -->","yoast_head_json":{"title":"Ferienh\u00e4user mit Hund in der N\u00e4he G\u00e4rten und Attraktionen Cornwalls. - Urlaub &amp; Reisen","robots":{"index":"index","follow":"follow","max-snippet":"max-snippet:-1","max-image-preview":"max-image-preview:large","max-video-preview":"max-video-preview:-1"},"canonical":"https:\/\/www.urlaubcornwall.de\/blog\/ferienhaeuser-mit-hund-der-naehe-gaerten-und-attraktionen-cornwalls\/","og_locale":"en_US","og_type":"article","og_title":"Ferienh\u00e4user mit Hund in der N\u00e4he G\u00e4rten und Attraktionen Cornwalls. - Urlaub &amp; Reisen","og_description":"Cornwall und Devon haben mehr zu bieten als wundersch\u00f6ne Str\u00e4nde und Landschaften; hier befinden sich auch einige herrliche National Trust H\u00e4user. Ob Sie nun an Geschichte interessiert sind oder nach Ideen f\u00fcr einen Regentag suchen, so stellt der Besuch eines der National Trust H\u00e4user und G\u00e4rten einen gro\u00dfartigen Familienausflugstag dar. Bei uns finden Sie Hundefreundliche [&hellip;]","og_url":"https:\/\/www.urlaubcornwall.de\/blog\/ferienhaeuser-mit-hund-der-naehe-gaerten-und-attraktionen-cornwalls\/","og_site_name":"Urlaub &amp; Reisen","article_modified_time":"2024-05-30T12:06:24+00:00","og_image":[{"url":"https:\/\/www.urlaubcornwall.de\/blog\/wp-content\/uploads\/2024\/03\/gartenreise-england.jpg"}],"twitter_card":"summary","twitter_misc":{"Est. reading time":"1 minute"},"schema":{"@context":"https:\/\/schema.org","@graph":[{"@type":"WebSite","@id":"https:\/\/www.urlaubcornwall.de\/blog\/#website","url":"https:\/\/www.urlaubcornwall.de\/blog\/","name":"Urlaub &amp; Reisen","description":"Urlaub, Reisen, Cornwall und S\u00fcdengland: eine perfekte Kombination","potentialAction":[{"@type":"SearchAction","target":{"@type":"EntryPoint","urlTemplate":"https:\/\/www.urlaubcornwall.de\/blog\/?s={search_term_string}"},"query-input":"required name=search_term_string"}],"inLanguage":"en-US"},{"@type":"WebPage","@id":"https:\/\/www.urlaubcornwall.de\/blog\/ferienhaeuser-mit-hund-der-naehe-gaerten-und-attraktionen-cornwalls\/","url":"https:\/\/www.urlaubcornwall.de\/blog\/ferienhaeuser-mit-hund-der-naehe-gaerten-und-attraktionen-cornwalls\/","name":"Ferienh\u00e4user mit Hund in der N\u00e4he G\u00e4rten und Attraktionen Cornwalls. - Urlaub &amp; Reisen","isPartOf":{"@id":"https:\/\/www.urlaubcornwall.de\/blog\/#website"},"datePublished":"2017-10-27T13:03:32+00:00","dateModified":"2024-05-30T12:06:24+00:00","breadcrumb":{"@id":"https:\/\/www.urlaubcornwall.de\/blog\/ferienhaeuser-mit-hund-der-naehe-gaerten-und-attraktionen-cornwalls\/#breadcrumb"},"inLanguage":"en-US","potentialAction":[{"@type":"ReadAction","target":["https:\/\/www.urlaubcornwall.de\/blog\/ferienhaeuser-mit-hund-der-naehe-gaerten-und-attraktionen-cornwalls\/"]}]},{"@type":"BreadcrumbList","@id":"https:\/\/www.urlaubcornwall.de\/blog\/ferienhaeuser-mit-hund-der-naehe-gaerten-und-attraktionen-cornwalls\/#breadcrumb","itemListElement":[{"@type":"ListItem","position":1,"name":"Home","item":"https:\/\/www.urlaubcornwall.de\/blog\/"},{"@type":"ListItem","position":2,"name":"Ferienh\u00e4user mit Hund in der N\u00e4he G\u00e4rten und Attraktionen Cornwalls."}]}]}},"_links":{"self":[{"href":"https:\/\/www.urlaubcornwall.de\/blog\/wp-json\/wp\/v2\/pages\/30011"}],"collection":[{"href":"https:\/\/www.urlaubcornwall.de\/blog\/wp-json\/wp\/v2\/pages"}],"about":[{"href":"https:\/\/www.urlaubcornwall.de\/blog\/wp-json\/wp\/v2\/types\/page"}],"author":[{"embeddable":true,"href":"https:\/\/www.urlaubcornwall.de\/blog\/wp-json\/wp\/v2\/users\/1"}],"replies":[{"embeddable":true,"href":"https:\/\/www.urlaubcornwall.de\/blog\/wp-json\/wp\/v2\/comments?post=30011"}],"version-history":[{"count":4,"href":"https:\/\/www.urlaubcornwall.de\/blog\/wp-json\/wp\/v2\/pages\/30011\/revisions"}],"predecessor-version":[{"id":50985,"href":"https:\/\/www.urlaubcornwall.de\/blog\/wp-json\/wp\/v2\/pages\/30011\/revisions\/50985"}],"wp:attachment":[{"href":"https:\/\/www.urlaubcornwall.de\/blog\/wp-json\/wp\/v2\/media?parent=30011"}],"curies":[{"name":"wp","href":"https:\/\/api.w.org\/{rel}","templated":true}]}}