{"id":30008,"date":"2017-10-27T12:58:24","date_gmt":"2017-10-27T12:58:24","guid":{"rendered":"https:\/\/www.urlaubcornwall.de\/blog\/?page_id=30008"},"modified":"2024-05-30T12:06:34","modified_gmt":"2024-05-30T12:06:34","slug":"ferienhaeuser-meer-der-naehe-gaerten-und-attraktionen-cornwalls","status":"publish","type":"page","link":"https:\/\/www.urlaubcornwall.de\/blog\/ferienhaeuser-meer-der-naehe-gaerten-und-attraktionen-cornwalls\/","title":{"rendered":"Ferienh\u00e4user am Meer in der N\u00e4he G\u00e4rten und Attraktionen Cornwalls."},"content":{"rendered":"<p><a href=\"https:\/\/www.urlaubcornwall.de\/blog\/wp-content\/uploads\/2024\/03\/gartenreise-england.jpg\"><img loading=\"lazy\" src=\"https:\/\/www.urlaubcornwall.de\/blog\/wp-content\/uploads\/2024\/03\/gartenreise-england.jpg\" alt=\"gartenreise-england\" width=\"742\" height=\"426\" class=\"alignnone size-full wp-image-47912\" srcset=\"https:\/\/www.urlaubcornwall.de\/blog\/wp-content\/uploads\/2024\/03\/gartenreise-england.jpg 742w, https:\/\/www.urlaubcornwall.de\/blog\/wp-content\/uploads\/2024\/03\/gartenreise-england-300x172.jpg 300w\" sizes=\"(max-width: 742px) 100vw, 742px\" \/><\/a><br \/>\n<strong>Bei uns finden Sie Ferienh\u00e4user am Meer zum Verlieben &#8211; so einfach ist das!<\/strong><br \/>\nIn der N\u00e4he von Cornwalls ber\u00fchmten G\u00e4rten, historischen H\u00e4usern und Attraktionen haben wir die beste Auswahl handverlesener und pers\u00f6nlich inspizierter <span style=\"text-decoration: underline;\"><a href=\"https:\/\/www.urlaubcornwall.de\/ferienhaeuser\/cornwall.php\">Ferienh\u00e4user und Ferienwohnungen<\/a><\/span>.<\/p>\n<div class=\"snippet\"> <a class=\"featured-item\" href=\"https:\/\/www.urlaubcornwall.de\/ferienhaeuser\/cornwall.php\"> <span class=\"image-holder\" style=\"background-image: url('https:\/\/www.urlaubcornwall.de\/blog\/wp-content\/uploads\/2018\/12\/ferienhaus-cornwall-mit-hund.jpg');\"><\/span> <span class=\"featured-content\"> \n<h2 class=\"featured-title\">Ferienh\u00e4user in Cornwall<\/h2>\n<p class=\"featured-body\">Cornwall besitzt mehr K\u00fcstenlinien als jede andere Grafschaft und bietet einige der besten Str\u00e4nde, K\u00fcstenwanderwege und Klippenlandschaften, die man \u00fcberhaupt finden kann&#8230;.<\/p><\/span> <span class=\"featured-link-holder\"> <span class=\"featured-extra-info\"> \n<p>F\u00fcr Paare, Familien &#038; Gruppen<\/p>\n<\/span> \n<p class=\"featured-link\">DETAILS<\/p>\n<\/span> <\/a><\/div>\n<p style=\"text-align: center;\"><strong>Sehensw\u00fcrdigkeiten in Cornwall Karte<\/strong><\/p>\n<table width=\"745\">\n<tbody>\n<tr>\n<td width=\"141\"><a href=\"https:\/\/www.urlaubcornwall.de\/ferienhaeuser-fewos\/antony-house-am-meer.html\">Antony House<\/a><\/td>\n<td width=\"126\"><a href=\"https:\/\/www.urlaubcornwall.de\/ferienhaeuser-fewos\/eden-project-am-meer.html\">Eden Project<\/a><\/td>\n<td width=\"154\"><a href=\"https:\/\/www.urlaubcornwall.de\/ferienhaeuser-fewos\/heligan-garten-am-meer.html\">Heligan Garten<\/a><\/td>\n<td width=\"126\"><a href=\"https:\/\/www.urlaubcornwall.de\/ferienhaeuser-fewos\/mount-edgcumbe-am-meer.html\">Mount Edgcumbe<\/a><\/td>\n<td width=\"158\"><a href=\"https:\/\/www.urlaubcornwall.de\/ferienhaeuser-fewos\/trelissick-am-meer.html\">Trelissick Haus &amp; Garten<\/a><\/td>\n<\/tr>\n<tr>\n<td><a href=\"https:\/\/www.urlaubcornwall.de\/ferienhaeuser-fewos\/botallack-bergwerk-am-meer.html\">Botallack Bergwerk<\/a><\/td>\n<td><a href=\"https:\/\/www.urlaubcornwall.de\/ferienhaeuser-fewos\/geevor-am-meer.html\">Geevor<\/a><\/td>\n<td><a href=\"https:\/\/www.urlaubcornwall.de\/ferienhaeuser-fewos\/lanhydrock-am-meer.html\">Lanhydrock<\/a><\/td>\n<td><a href=\"https:\/\/www.urlaubcornwall.de\/ferienhaeuser-fewos\/port-eliot-am-meer.html\">Port Eliot<\/a><\/td>\n<td><a href=\"https:\/\/www.urlaubcornwall.de\/ferienhaeuser-fewos\/trengwainton-am-meer.html\">Trengwainton Garten<\/a><\/td>\n<\/tr>\n<tr>\n<td><a href=\"https:\/\/www.urlaubcornwall.de\/ferienhaeuser-fewos\/caerhays-castle-am-meer.html\">Caerhays Castle<\/a><\/td>\n<td><a href=\"https:\/\/www.urlaubcornwall.de\/ferienhaeuser-fewos\/glendurgan-garten-am-meer.html\">Glendurgan Garten<\/a><\/td>\n<td><a href=\"https:\/\/www.urlaubcornwall.de\/ferienhaeuser-fewos\/lanyon-quoit-am-meer.html\">Lanyon Quoit<\/a><\/td>\n<td><a href=\"https:\/\/www.urlaubcornwall.de\/ferienhaeuser-fewos\/prideaux-place-am-meer.html\">Prideaux Place<\/a><\/td>\n<td><a href=\"https:\/\/www.urlaubcornwall.de\/ferienhaeuser-fewos\/trerice-am-meer.html\">Trerice<\/a><\/td>\n<\/tr>\n<tr>\n<td><a href=\"https:\/\/www.urlaubcornwall.de\/ferienhaeuser-fewos\/camelpfad-am-meer.html\">Camelpfad<\/a><\/td>\n<td><a href=\"https:\/\/www.urlaubcornwall.de\/ferienhaeuser-fewos\/godolphin-am-meer.html\">Godolphin<\/a><\/td>\n<td><a href=\"https:\/\/www.urlaubcornwall.de\/ferienhaeuser-fewos\/menabilly-am-meer.html\">Menabilly<\/a><\/td>\n<td><a href=\"https:\/\/www.urlaubcornwall.de\/ferienhaeuser-fewos\/st-michaels-mount.html\">St Michaels Mount&nbsp;<\/a><\/td>\n<td><a href=\"https:\/\/www.urlaubcornwall.de\/ferienhaeuser-fewos\/trewithen-am-meer.html\">Trewithen Garten<\/a><\/td>\n<\/tr>\n<tr>\n<td><a href=\"https:\/\/www.urlaubcornwall.de\/ferienhaeuser-fewos\/cotehele-am-meer.html\">Cotehele Herrenhaus<\/a><\/td>\n<td><a href=\"https:\/\/www.urlaubcornwall.de\/ferienhaeuser-fewos\/golitha-falls-am-meer.html\">Golitha Falls<\/a><\/td>\n<td><a href=\"https:\/\/www.urlaubcornwall.de\/ferienhaeuser-fewos\/minack-freilichttheater-am-meer.html\">Minack Freilichttheater<\/a><\/td>\n<td><a href=\"https:\/\/www.urlaubcornwall.de\/ferienhaeuser-fewos\/trebah-am-meer.html\">Trebah Garten<\/a><\/td>\n<td>&nbsp;<\/td>\n<\/tr>\n<\/tbody>\n<\/table>\n<p><iframe loading=\"lazy\" src=\"https:\/\/www.google.com\/maps\/d\/u\/0\/embed?mid=zPZ6ttwx7pSg.kPuXl1bas_VE\" width=\"640\" height=\"480\"><\/iframe><\/p>\n","protected":false},"excerpt":{"rendered":"<p>Bei uns finden Sie Ferienh\u00e4user am Meer zum Verlieben &#8211; so einfach ist das! In der N\u00e4he von Cornwalls ber\u00fchmten G\u00e4rten, historischen H\u00e4usern und Attraktionen haben wir die beste Auswahl handverlesener und pers\u00f6nlich inspizierter Ferienh\u00e4user und Ferienwohnungen. Ferienh\u00e4user in Cornwall Cornwall besitzt mehr K\u00fcstenlinien als jede andere Grafschaft und bietet einige der besten Str\u00e4nde, K\u00fcstenwanderwege [&hellip;]<\/p>\n","protected":false},"author":1,"featured_media":0,"parent":0,"menu_order":0,"comment_status":"closed","ping_status":"closed","template":"single-four.php","meta":[],"acf":[],"yoast_head":"<!-- This site is optimized with the Yoast SEO plugin v19.4 - https:\/\/yoast.com\/wordpress\/plugins\/seo\/ -->\n<title>Ferienh\u00e4user am Meer in der N\u00e4he G\u00e4rten und Attraktionen Cornwalls. - Urlaub &amp; Reisen<\/title>\n<meta name=\"robots\" content=\"index, follow, max-snippet:-1, max-image-preview:large, max-video-preview:-1\" \/>\n<link rel=\"canonical\" href=\"https:\/\/www.urlaubcornwall.de\/blog\/ferienhaeuser-meer-der-naehe-gaerten-und-attraktionen-cornwalls\/\" \/>\n<meta property=\"og:locale\" content=\"en_US\" \/>\n<meta property=\"og:type\" content=\"article\" \/>\n<meta property=\"og:title\" content=\"Ferienh\u00e4user am Meer in der N\u00e4he G\u00e4rten und Attraktionen Cornwalls. - Urlaub &amp; Reisen\" \/>\n<meta property=\"og:description\" content=\"Bei uns finden Sie Ferienh\u00e4user am Meer zum Verlieben &#8211; so einfach ist das! In der N\u00e4he von Cornwalls ber\u00fchmten G\u00e4rten, historischen H\u00e4usern und Attraktionen haben wir die beste Auswahl handverlesener und pers\u00f6nlich inspizierter Ferienh\u00e4user und Ferienwohnungen. Ferienh\u00e4user in Cornwall Cornwall besitzt mehr K\u00fcstenlinien als jede andere Grafschaft und bietet einige der besten Str\u00e4nde, K\u00fcstenwanderwege [&hellip;]\" \/>\n<meta property=\"og:url\" content=\"https:\/\/www.urlaubcornwall.de\/blog\/ferienhaeuser-meer-der-naehe-gaerten-und-attraktionen-cornwalls\/\" \/>\n<meta property=\"og:site_name\" content=\"Urlaub &amp; Reisen\" \/>\n<meta property=\"article:modified_time\" content=\"2024-05-30T12:06:34+00:00\" \/>\n<meta property=\"og:image\" content=\"https:\/\/www.urlaubcornwall.de\/blog\/wp-content\/uploads\/2024\/03\/gartenreise-england.jpg\" \/>\n<meta name=\"twitter:card\" content=\"summary\" \/>\n<meta name=\"twitter:label1\" content=\"Est. reading time\" \/>\n\t<meta name=\"twitter:data1\" content=\"1 minute\" \/>\n<script type=\"application\/ld+json\" class=\"yoast-schema-graph\">{\"@context\":\"https:\/\/schema.org\",\"@graph\":[{\"@type\":\"WebSite\",\"@id\":\"https:\/\/www.urlaubcornwall.de\/blog\/#website\",\"url\":\"https:\/\/www.urlaubcornwall.de\/blog\/\",\"name\":\"Urlaub &amp; Reisen\",\"description\":\"Urlaub, Reisen, Cornwall und S\u00fcdengland: eine perfekte Kombination\",\"potentialAction\":[{\"@type\":\"SearchAction\",\"target\":{\"@type\":\"EntryPoint\",\"urlTemplate\":\"https:\/\/www.urlaubcornwall.de\/blog\/?s={search_term_string}\"},\"query-input\":\"required name=search_term_string\"}],\"inLanguage\":\"en-US\"},{\"@type\":\"WebPage\",\"@id\":\"https:\/\/www.urlaubcornwall.de\/blog\/ferienhaeuser-meer-der-naehe-gaerten-und-attraktionen-cornwalls\/\",\"url\":\"https:\/\/www.urlaubcornwall.de\/blog\/ferienhaeuser-meer-der-naehe-gaerten-und-attraktionen-cornwalls\/\",\"name\":\"Ferienh\u00e4user am Meer in der N\u00e4he G\u00e4rten und Attraktionen Cornwalls. - Urlaub &amp; Reisen\",\"isPartOf\":{\"@id\":\"https:\/\/www.urlaubcornwall.de\/blog\/#website\"},\"datePublished\":\"2017-10-27T12:58:24+00:00\",\"dateModified\":\"2024-05-30T12:06:34+00:00\",\"breadcrumb\":{\"@id\":\"https:\/\/www.urlaubcornwall.de\/blog\/ferienhaeuser-meer-der-naehe-gaerten-und-attraktionen-cornwalls\/#breadcrumb\"},\"inLanguage\":\"en-US\",\"potentialAction\":[{\"@type\":\"ReadAction\",\"target\":[\"https:\/\/www.urlaubcornwall.de\/blog\/ferienhaeuser-meer-der-naehe-gaerten-und-attraktionen-cornwalls\/\"]}]},{\"@type\":\"BreadcrumbList\",\"@id\":\"https:\/\/www.urlaubcornwall.de\/blog\/ferienhaeuser-meer-der-naehe-gaerten-und-attraktionen-cornwalls\/#breadcrumb\",\"itemListElement\":[{\"@type\":\"ListItem\",\"position\":1,\"name\":\"Home\",\"item\":\"https:\/\/www.urlaubcornwall.de\/blog\/\"},{\"@type\":\"ListItem\",\"position\":2,\"name\":\"Ferienh\u00e4user am Meer in der N\u00e4he G\u00e4rten und Attraktionen Cornwalls.\"}]}]}<\/script>\n<!-- \/ Yoast SEO plugin. -->","yoast_head_json":{"title":"Ferienh\u00e4user am Meer in der N\u00e4he G\u00e4rten und Attraktionen Cornwalls. - Urlaub &amp; Reisen","robots":{"index":"index","follow":"follow","max-snippet":"max-snippet:-1","max-image-preview":"max-image-preview:large","max-video-preview":"max-video-preview:-1"},"canonical":"https:\/\/www.urlaubcornwall.de\/blog\/ferienhaeuser-meer-der-naehe-gaerten-und-attraktionen-cornwalls\/","og_locale":"en_US","og_type":"article","og_title":"Ferienh\u00e4user am Meer in der N\u00e4he G\u00e4rten und Attraktionen Cornwalls. - Urlaub &amp; Reisen","og_description":"Bei uns finden Sie Ferienh\u00e4user am Meer zum Verlieben &#8211; so einfach ist das! In der N\u00e4he von Cornwalls ber\u00fchmten G\u00e4rten, historischen H\u00e4usern und Attraktionen haben wir die beste Auswahl handverlesener und pers\u00f6nlich inspizierter Ferienh\u00e4user und Ferienwohnungen. Ferienh\u00e4user in Cornwall Cornwall besitzt mehr K\u00fcstenlinien als jede andere Grafschaft und bietet einige der besten Str\u00e4nde, K\u00fcstenwanderwege [&hellip;]","og_url":"https:\/\/www.urlaubcornwall.de\/blog\/ferienhaeuser-meer-der-naehe-gaerten-und-attraktionen-cornwalls\/","og_site_name":"Urlaub &amp; Reisen","article_modified_time":"2024-05-30T12:06:34+00:00","og_image":[{"url":"https:\/\/www.urlaubcornwall.de\/blog\/wp-content\/uploads\/2024\/03\/gartenreise-england.jpg"}],"twitter_card":"summary","twitter_misc":{"Est. reading time":"1 minute"},"schema":{"@context":"https:\/\/schema.org","@graph":[{"@type":"WebSite","@id":"https:\/\/www.urlaubcornwall.de\/blog\/#website","url":"https:\/\/www.urlaubcornwall.de\/blog\/","name":"Urlaub &amp; Reisen","description":"Urlaub, Reisen, Cornwall und S\u00fcdengland: eine perfekte Kombination","potentialAction":[{"@type":"SearchAction","target":{"@type":"EntryPoint","urlTemplate":"https:\/\/www.urlaubcornwall.de\/blog\/?s={search_term_string}"},"query-input":"required name=search_term_string"}],"inLanguage":"en-US"},{"@type":"WebPage","@id":"https:\/\/www.urlaubcornwall.de\/blog\/ferienhaeuser-meer-der-naehe-gaerten-und-attraktionen-cornwalls\/","url":"https:\/\/www.urlaubcornwall.de\/blog\/ferienhaeuser-meer-der-naehe-gaerten-und-attraktionen-cornwalls\/","name":"Ferienh\u00e4user am Meer in der N\u00e4he G\u00e4rten und Attraktionen Cornwalls. - Urlaub &amp; Reisen","isPartOf":{"@id":"https:\/\/www.urlaubcornwall.de\/blog\/#website"},"datePublished":"2017-10-27T12:58:24+00:00","dateModified":"2024-05-30T12:06:34+00:00","breadcrumb":{"@id":"https:\/\/www.urlaubcornwall.de\/blog\/ferienhaeuser-meer-der-naehe-gaerten-und-attraktionen-cornwalls\/#breadcrumb"},"inLanguage":"en-US","potentialAction":[{"@type":"ReadAction","target":["https:\/\/www.urlaubcornwall.de\/blog\/ferienhaeuser-meer-der-naehe-gaerten-und-attraktionen-cornwalls\/"]}]},{"@type":"BreadcrumbList","@id":"https:\/\/www.urlaubcornwall.de\/blog\/ferienhaeuser-meer-der-naehe-gaerten-und-attraktionen-cornwalls\/#breadcrumb","itemListElement":[{"@type":"ListItem","position":1,"name":"Home","item":"https:\/\/www.urlaubcornwall.de\/blog\/"},{"@type":"ListItem","position":2,"name":"Ferienh\u00e4user am Meer in der N\u00e4he G\u00e4rten und Attraktionen Cornwalls."}]}]}},"_links":{"self":[{"href":"https:\/\/www.urlaubcornwall.de\/blog\/wp-json\/wp\/v2\/pages\/30008"}],"collection":[{"href":"https:\/\/www.urlaubcornwall.de\/blog\/wp-json\/wp\/v2\/pages"}],"about":[{"href":"https:\/\/www.urlaubcornwall.de\/blog\/wp-json\/wp\/v2\/types\/page"}],"author":[{"embeddable":true,"href":"https:\/\/www.urlaubcornwall.de\/blog\/wp-json\/wp\/v2\/users\/1"}],"replies":[{"embeddable":true,"href":"https:\/\/www.urlaubcornwall.de\/blog\/wp-json\/wp\/v2\/comments?post=30008"}],"version-history":[{"count":8,"href":"https:\/\/www.urlaubcornwall.de\/blog\/wp-json\/wp\/v2\/pages\/30008\/revisions"}],"predecessor-version":[{"id":50986,"href":"https:\/\/www.urlaubcornwall.de\/blog\/wp-json\/wp\/v2\/pages\/30008\/revisions\/50986"}],"wp:attachment":[{"href":"https:\/\/www.urlaubcornwall.de\/blog\/wp-json\/wp\/v2\/media?parent=30008"}],"curies":[{"name":"wp","href":"https:\/\/api.w.org\/{rel}","templated":true}]}}