{"id":29993,"date":"2017-10-26T12:16:21","date_gmt":"2017-10-26T12:16:21","guid":{"rendered":"https:\/\/www.urlaubcornwall.de\/blog\/?page_id=29993"},"modified":"2024-05-30T13:45:59","modified_gmt":"2024-05-30T13:45:59","slug":"auf-den-spuren-von-poldark-cornwall-das-muessen-sie-dazu-wissen","status":"publish","type":"page","link":"https:\/\/www.urlaubcornwall.de\/blog\/auf-den-spuren-von-poldark-cornwall-das-muessen-sie-dazu-wissen\/","title":{"rendered":"Auf den Spuren von Poldark in Cornwall \u2013 das m\u00fcssen Sie dazu wissen!"},"content":{"rendered":"<p><img loading=\"lazy\" class=\"aligncenter size-full wp-image-29994\" src=\"https:\/\/www.urlaubcornwall.de\/blog\/wp-content\/uploads\/2017\/10\/Poldark-Locations.jpg\" alt=\"Drehorte Poldark cornwall karte\" width=\"746\" height=\"417\"\/><br \/>\nimage-credit-visit-cornwall<\/p>\n<p>Poldark ist eines der beliebtesten romantischen Dramas, die hier gefilmt wurden; es spielt im Cornwall des 18. Jahrhunderts und basiert auf den Geschichten von Winston Graham. Der Held ist Ross Poldark, der nach <a href=\"https:\/\/www.urlaubcornwall.de\/reiseziel\/cornwall.php\">Cornwall<\/a> zur\u00fcckkehrt, nachdem er drei Jahre lang im amerikanischen Unabh\u00e4ngigkeitskrieg gek\u00e4mpft hatte. Bei seiner R\u00fcckkehr erf\u00e4hrt er, dass sein Vater verstorben ist, das Familiengut sich in Ruinen befindet und die Liebe seines Lebens seinen Cousin heiraten wird. Die Geschichten sind voller Abenteuer, Aktion, Romantik, Intrigen und Verrat, als sich Poldark daran macht, das Verm\u00f6gen seiner Familie wiederherzustellen. Mit unvergesslichen Charakteren ist Poldark eine wundersch\u00f6n evokative Darstellung vom Cornwall des 18. &amp; 19. Jahrhunderts.<\/p>\n<p>Besuchen Sie doch die wundersch\u00f6nen Drehorte und <a href=\"https:\/\/www.urlaubcornwall.de\/blog\/national-trust-historische-haeuser-cornwall-devon\/\">historischen H\u00e4user in Cornwall und dem S\u00fcdwesten Englands<\/a>, w\u00e4hrend Sie Urlaub im UK verbringen.<\/p>\n<h2><a href=\"https:\/\/www.urlaubcornwall.de\/ferienhaeuser\/cornwall.php\">Cornwall<\/a><\/h2>\n<p><img loading=\"lazy\" class=\"aligncenter size-full wp-image-39274\" src=\"https:\/\/www.urlaubcornwall.de\/blog\/wp-content\/uploads\/2020\/01\/Botallack_mine_poldark.jpg\" alt=\"Botallack_mine_poldark\" width=\"748\" height=\"415\"\/><\/p>\n<p><a href=\"https:\/\/www.urlaubcornwall.de\/ferienhaeuser-fewos\/lands-end.html\"><strong>Botallack, St Just<\/strong><\/a> &#8211; Im Besitz des National Trust, befindet sich Botallack an der Tin Coast Cornwalls; die ikonischen Maschinenh\u00e4user stellen Teil der Cornish Mining Weltkulturerbest\u00e4tte dar und tauchen in Poldark als Bergwerk \u2018Wheal Leisure\u2019 auf. Die dramatische Landschaft hier sehen Sie auch in zahlreichen Klippenbegegnungen im Poldark Film.<\/p>\n<p><img loading=\"lazy\" class=\"aligncenter size-full wp-image-23300\" src=\"https:\/\/www.urlaubcornwall.de\/blog\/wp-content\/uploads\/2016\/03\/gunwalloe-church-cove_1.jpg\" alt=\"gunwalloe church cove poldark cornwall\" width=\"745\" height=\"368\" srcset=\"https:\/\/www.urlaubcornwall.de\/blog\/wp-content\/uploads\/2016\/03\/gunwalloe-church-cove_1.jpg 745w, https:\/\/www.urlaubcornwall.de\/blog\/wp-content\/uploads\/2016\/03\/gunwalloe-church-cove_1-300x148.jpg 300w\" sizes=\"(max-width: 745px) 100vw, 745px\" \/><\/p>\n<p><a href=\"https:\/\/www.urlaubcornwall.de\/ferienhaeuser-fewos\/gunwalloe.html\"><strong>Gunwalloe, Helston<\/strong><\/a> Die sandige Bucht Gunwalloe am Lizard, die sich im Besitz des National Trust befindet, erweckt erneut ihre Geschichte der Schmuggelei, als sie im Film Poldark in den Nachtszenen der Schiffsbr\u00fcchigen auftaucht.<\/p>\n<p><img loading=\"lazy\" class=\"aligncenter size-full wp-image-28780\" src=\"https:\/\/www.urlaubcornwall.de\/blog\/wp-content\/uploads\/2017\/08\/holywell-bay.jpg\" alt=\"holywell bay urlaub am meer meerblick\" width=\"746\" height=\"380\" srcset=\"https:\/\/www.urlaubcornwall.de\/blog\/wp-content\/uploads\/2017\/08\/holywell-bay.jpg 746w, https:\/\/www.urlaubcornwall.de\/blog\/wp-content\/uploads\/2017\/08\/holywell-bay-300x153.jpg 300w\" sizes=\"(max-width: 746px) 100vw, 746px\" \/><\/p>\n<p><a href=\"https:\/\/www.urlaubcornwall.de\/ferienhaeuser-fewos\/holywell-bay.html\"><strong>Holywell Bay, Newquay<\/strong><\/a> &#8211; Dieser klassische Strand in <a href=\"https:\/\/www.urlaubcornwall.de\/ferienhaeuser-fewos\/nordkueste-cornwall.html\">Nordcornwall<\/a> mit seinem goldenen Sand, den Sandd\u00fcnen und dem ikonischen Gull Rock direkt vor der K\u00fcste, wurde in zahlreichen Szenen der Serie benutzt. Holywell Bay, das sich im Besitz des National Trust befindet, ist in den Geschichten im Besitz von &nbsp;Poldarks bitterem Rivalen, George Warleggan, und hei\u00dft Warleggan Bay.<\/p>\n<p><a href=\"https:\/\/www.urlaubcornwall.de\/blog\/wp-content\/uploads\/2024\/03\/lizard.jpg\"><img loading=\"lazy\" src=\"https:\/\/www.urlaubcornwall.de\/blog\/wp-content\/uploads\/2024\/03\/lizard.jpg\" alt=\"lizard kynance\" width=\"750\" height=\"563\" class=\"alignnone size-full wp-image-47900\" srcset=\"https:\/\/www.urlaubcornwall.de\/blog\/wp-content\/uploads\/2024\/03\/lizard.jpg 750w, https:\/\/www.urlaubcornwall.de\/blog\/wp-content\/uploads\/2024\/03\/lizard-300x225.jpg 300w\" sizes=\"(max-width: 750px) 100vw, 750px\" \/><\/a><\/p>\n<p><a href=\"https:\/\/www.urlaubcornwall.de\/ferienhaeuser-fewos\/lizard-halbinsel.html\"><strong>Kynance Cove, Lizard Peninsula<\/strong><\/a> &#8211; Die wundersch\u00f6ne Kynance Cove, die sich im Besitz des National Trust befindet, wird als Hintergrund zu Poldarks geliebtem Nampara benutzt. &nbsp;Es ist einer von Cornwalls bekanntesten Str\u00e4nden und taucht auch in zahlreichen Klippenszenen auf.<\/p>\n<p><img loading=\"lazy\" class=\"aligncenter size-full wp-image-17172\" src=\"https:\/\/www.urlaubcornwall.de\/blog\/wp-content\/uploads\/2014\/11\/levant_1.jpg\" alt=\"levant cornwall\" width=\"746\" height=\"369\"\/><\/p>\n<p><a href=\"https:\/\/www.urlaubcornwall.de\/ferienhaeuser-fewos\/st-just.html\"><strong>Levant Mine &amp; Beam Engine, St Just<\/strong><\/a> &#8211; Das Bergwerk Levant befindet sich hoch oben auf den Klippen der Tin Coast, ist im Besitz des National Trust und hat den einzigen vollkommen restaurierten Dampfstrahlmotor. Es taucht im Film Poldark als Tressiders Rolling Mill auf, wo Kupfer der Poldark Zeche weiterverarbeitet wird.<\/p>\n<p><img loading=\"lazy\" class=\"aligncenter size-full wp-image-29998\" src=\"https:\/\/www.urlaubcornwall.de\/blog\/wp-content\/uploads\/2017\/10\/Poldark-Cornwall-St-Agnes-Head.jpg\" alt=\"Poldark Cornwall - St Agnes Head \" width=\"747\" height=\"413\" srcset=\"https:\/\/www.urlaubcornwall.de\/blog\/wp-content\/uploads\/2017\/10\/Poldark-Cornwall-St-Agnes-Head.jpg 747w, https:\/\/www.urlaubcornwall.de\/blog\/wp-content\/uploads\/2017\/10\/Poldark-Cornwall-St-Agnes-Head-300x166.jpg 300w\" sizes=\"(max-width: 747px) 100vw, 747px\" \/><\/p>\n<p><a href=\"https:\/\/www.urlaubcornwall.de\/ferienhaeuser-fewos\/st-agnes.html\"><strong>St Agnes Head, St Agnes<\/strong><\/a> &#8211; Die dramatische K\u00fcstenlandschaft von St Agnes Head befindet sich im Besitz des National Trust und ist aufgrund ihrer ikonischen Maschinenh\u00e4user, den hohen Klippen, die mit gelbem Ginster und violetter Heide bedeckt sind, ein idealer Drehort f\u00fcr die Filmaufnahmen von Poldark. Es tritt als Nampara Valley in Erscheinung, einem Teil des Poldarkschen Familienguts.<\/p>\n<p><a href=\"https:\/\/www.urlaubcornwall.de\/blog\/wp-content\/uploads\/2024\/04\/porthcurno-am-meer2.jpg\"><img loading=\"lazy\" src=\"https:\/\/www.urlaubcornwall.de\/blog\/wp-content\/uploads\/2024\/04\/porthcurno-am-meer2.jpg\" alt=\"\" width=\"750\" height=\"500\" class=\"alignnone size-full wp-image-49399\" srcset=\"https:\/\/www.urlaubcornwall.de\/blog\/wp-content\/uploads\/2024\/04\/porthcurno-am-meer2.jpg 750w, https:\/\/www.urlaubcornwall.de\/blog\/wp-content\/uploads\/2024\/04\/porthcurno-am-meer2-300x200.jpg 300w\" sizes=\"(max-width: 750px) 100vw, 750px\" \/><\/a><\/p>\n<p><a href=\"https:\/\/www.urlaubcornwall.de\/ferienhaeuser-fewos\/porthcurno.html\"><strong>Porthcurno, Penzance<\/strong><\/a> &#8211; Der wundersch\u00f6ne Strand Porthcurnos, der sich im Besitz des National Trust befindet, ist in der Serie Nampara Cove. Mit wei\u00dfem Sand und t\u00fcrkisfarbenem Meer ist es ein \u00e4u\u00dferst &nbsp;romantischer Ort, wo Ross Poldark und Demelza im Sonnenschein spazieren gehen.<\/p>\n<div class=\"snippet\"> <a class=\"featured-item\" href=\"https:\/\/www.urlaubcornwall.de\/ferienhaeuser\/cornwall.php\"> <span class=\"image-holder\" style=\"background-image: url('https:\/\/www.urlaubcornwall.de\/blog\/wp-content\/uploads\/2018\/12\/ferienhaus-cornwall-mit-hund.jpg');\"><\/span> <span class=\"featured-content\"> \n<h2 class=\"featured-title\">Ferienh\u00e4user in Cornwall zum Verlieben!<\/h2>\n<p class=\"featured-body\">Cornwall besitzt mehr K\u00fcstenlinien als jede andere Grafschaft und bietet einige der besten Str\u00e4nde, K\u00fcstenwanderwege und Klippenlandschaften, die man \u00fcberhaupt finden kann&#8230;.<\/p><\/span> <span class=\"featured-link-holder\"> <span class=\"featured-extra-info\"> \n<p>F\u00fcr Paare, Familien &#038; Gruppen<\/p>\n<\/span> \n<p class=\"featured-link\">DETAILS<\/p>\n<\/span> <\/a><\/div>\n<p><a href=\"https:\/\/www.urlaubcornwall.de\/ferienhaeuser-fewos\/charlestown.html\"><strong>Charlestown, St Austell<\/strong><\/a> &#8211; Der historische Hafen Charlestown mit seiner Kollektion an Segelschiffen war der perfekte Drehort f\u00fcr Poldarks Truro des 18. Jahrhunderts. Er wurde auch in den Filmszenen benutzt, die in Falmouth und St Mary\u2019s auf den <a href=\"https:\/\/www.urlaubcornwall.de\/Scilly-Inseln.php\">Scilly Inseln<\/a> spielen.<\/p>\n<p><img loading=\"lazy\" class=\"aligncenter size-full wp-image-23327\" src=\"https:\/\/www.urlaubcornwall.de\/blog\/wp-content\/uploads\/2016\/03\/bodmin-urlaub.jpg\" alt=\"bodmin moor urlaub cornwall poldark\" width=\"745\" height=\"360\" srcset=\"https:\/\/www.urlaubcornwall.de\/blog\/wp-content\/uploads\/2016\/03\/bodmin-urlaub.jpg 745w, https:\/\/www.urlaubcornwall.de\/blog\/wp-content\/uploads\/2016\/03\/bodmin-urlaub-300x145.jpg 300w\" sizes=\"(max-width: 745px) 100vw, 745px\" \/><\/p>\n<p><a href=\"https:\/\/www.urlaubcornwall.de\/ferienhaeuser-fewos\/bodmin.html\"><strong>Bodmin Moor<\/strong><\/a> &#8211; Im wilden und zerkl\u00fcfteten Bodmin Moor finden Sie Ross Poldarks Cottage Nampara, sowie Cottages, die den Bergarbeitern geh\u00f6ren. Viele der Reitszenen der Schauspieler wurden in der gro\u00dfen Wildheit des Binnenlandes von Bodmin Moor gefilmt.<\/p>\n<p><img loading=\"lazy\" class=\"aligncenter size-full wp-image-29996\" src=\"https:\/\/www.urlaubcornwall.de\/blog\/wp-content\/uploads\/2017\/10\/Poldark-Porthgwarra_Drehorte.jpg\" alt=\"Poldark Porthgwarra_Drehorte\" width=\"746\" height=\"421\" srcset=\"https:\/\/www.urlaubcornwall.de\/blog\/wp-content\/uploads\/2017\/10\/Poldark-Porthgwarra_Drehorte.jpg 746w, https:\/\/www.urlaubcornwall.de\/blog\/wp-content\/uploads\/2017\/10\/Poldark-Porthgwarra_Drehorte-300x169.jpg 300w\" sizes=\"(max-width: 746px) 100vw, 746px\" \/><br \/>\nimage-credit-visit-cornwall<\/p>\n<p><a href=\"https:\/\/www.urlaubcornwall.de\/ferienhaeuser-fewos\/lands-end.html\"><strong>Porthgwarra, Lands End<\/strong><\/a> &#8211; Porthgwarra liegt s\u00fcdwestlich von Porthcurno; diese gesch\u00fctzte Bucht war einst voller Fischerboote sehr gesch\u00e4ftig und hat im Hintergrund die hohen Granitklippen von Gwennap Head. Die Klippen bieten herrliche Wanderwege, und das Gebiet ist bekannt aufgrund seiner Wildblumen und der V\u00f6gel. Von diesen Klippen aus hat Demelza Ross zugeschaut, wie er im kristallklaren Wasser schwamm. In den Felsen befinden sich Tunnel, und hier hatte Poldark sein Boot.<\/p>\n<p><img loading=\"lazy\" class=\"aligncenter size-full wp-image-29997\" src=\"https:\/\/www.urlaubcornwall.de\/blog\/wp-content\/uploads\/2017\/10\/Poldark-Cornwall-Porthcothan.jpg\" alt=\"Poldark Cornwall - Porthcothan \" width=\"746\" height=\"413\"\/><br \/>\nimage-credit-matt-jessop<\/p>\n<p><a href=\"https:\/\/www.urlaubcornwall.de\/ferienhaeuser-fewos\/newquay.html\"><strong>Park Head, Porthcothan, Newquay<\/strong><\/a> &#8211; Die Klippen von Park Head sind im Sommer mit Wildblumen bedeckt; der Blick ist spektakul\u00e4r, und Sie k\u00f6nnen die Felsen von Bedruthan Steps im Meer sehen. Diese dramatische Landschaft an der Nordk\u00fcste Cornwalls ist einer der Orte, die f\u00fcr die Szenen benutzt wurden, als Ross auf dem Pferd galoppiert. Der Strand bei Porthcothan wird benutzt als Teil des Landes von Poldarks Nampara.<\/p>\n<p><img loading=\"lazy\" class=\"aligncenter size-full wp-image-23301\" src=\"https:\/\/www.urlaubcornwall.de\/blog\/wp-content\/uploads\/2016\/03\/lizard-point.jpg\" alt=\"lizard point\" width=\"744\" height=\"382\" srcset=\"https:\/\/www.urlaubcornwall.de\/blog\/wp-content\/uploads\/2016\/03\/lizard-point.jpg 744w, https:\/\/www.urlaubcornwall.de\/blog\/wp-content\/uploads\/2016\/03\/lizard-point-300x154.jpg 300w\" sizes=\"(max-width: 744px) 100vw, 744px\" \/><\/p>\n<p><a href=\"https:\/\/www.urlaubcornwall.de\/ferienhaeuser-fewos\/lizard-halbinsel.html\"><strong>Predannack Wollas, Lizard Peninsula<\/strong><\/a> &#8211; Dieses wundersch\u00f6ne wilde, windgepeitschte Hochland mit seinen Klippen, die mit Wildblumen bedeckt sind, ist der dramatische Hintergrund zahlreicher Szenen im Film Poldark.<\/p>\n<p><img loading=\"lazy\" class=\"aligncenter size-full wp-image-23440\" src=\"https:\/\/www.urlaubcornwall.de\/blog\/wp-content\/uploads\/2016\/04\/urlaub-padstow.jpg\" alt=\"urlaub padstow\" width=\"745\" height=\"376\" srcset=\"https:\/\/www.urlaubcornwall.de\/blog\/wp-content\/uploads\/2016\/04\/urlaub-padstow.jpg 745w, https:\/\/www.urlaubcornwall.de\/blog\/wp-content\/uploads\/2016\/04\/urlaub-padstow-300x151.jpg 300w\" sizes=\"(max-width: 745px) 100vw, 745px\" \/><\/p>\n<p><a href=\"https:\/\/www.urlaubcornwall.de\/ferienhaeuser-fewos\/padstow.html\"><strong>Padstow<\/strong><\/a> &#8211; Zahlreiche Klippenszenen wurden in der N\u00e4he von Padstow gefilmt mit spektakul\u00e4rem Blick \u00fcber die Camel Flussm\u00fcndung und den Strand Tregirls.<\/p>\n<div class=\"snippet\"> <a class=\"featured-item\" href=\" https:\/\/www.urlaubcornwall.de\/rundreisen\/cornwall-suedengland.php\"> <span class=\"image-holder\" style=\"background-image: url(' https:\/\/www.urlaubcornwall.de\/blog\/wp-content\/uploads\/2018\/11\/rundreise-cornwall.jpg ');\"><\/span> <span class=\"featured-content\"> \n<h2 class=\"featured-title\">Individuelle Rundreise in Cornwall &#038; S\u00fcdengland<\/h2>\n<p class=\"featured-body\"> Bei dieser Cornwall Rundreise entdecken Sie die H\u00f6hepunkte S\u00fcdenglands. Kultur, Geschichte, Landschaft und heutiges Leben werden Sie hierbei kennenlernen&#8230;<\/p>\n<\/span> <span class=\"featured-link-holder\"> <span class=\"featured-extra-info\"> \n<p>Urlaub im eigenen Schritttempo<\/p>\n<\/span> \n<p class=\"featured-link\">DETAILS<\/p>\n<\/span> <\/a><\/div>\n<p>Nicht der gesamte Poldarkfilm wurde in Cornwall gedreht; es wurden weitere Orte im S\u00fcdwesten Englands benutzt.<\/p>\n<h1><a href=\"https:\/\/www.urlaubcornwall.de\/ferienhaeuser-fewos\/eng\/wiltshire\/wiltshire.html\">Wiltshire<\/a><\/h1>\n<p><strong>Great Chalfield Manor, Melksham<\/strong> &#8211; Das Herrenhaus des 15. Jahrhunderts, das sich im Besitz des National Trust befindet, wurde f\u00fcr Filmszenen bei \u2018Killewarren\u2019 benutzt. Hier lebt noch immer die Familie Floyd, und das Haus hat eine romantische und warme Ausstrahlung, was es zur perfekten Wahl f\u00fcr die Filmbesatzung werden lie\u00df. Great Chalfield Manor und Garten sind von April \u2013 Oktober dienstags, mittwochs, donnerstags und sonntags der \u00d6ffentlichkeit zug\u00e4nglich.<\/p>\n<p><strong>Corsham<\/strong> &#8211; Die Hauptstra\u00dfe der historischen Stadt Corsham wurde in der Fernsehserie Poldark zur Darstellung Truros benutzt. Lediglich 16km von Bath entfernt und umgeben von wundersch\u00f6ner Landschaft, ist die georgianische Stadt Corsham der perfekte Drehort.<\/p>\n<p><strong>Sheldon Manor, Chippenham<\/strong> &#8211; Sheldon Manor reicht ins 12. Jahrhundert zur\u00fcck und ist offensichtlich das \u00e4lteste bewohnte Herrenhaus in Wiltshire. Im Film Poldark&nbsp; ist es \u2018Werry House\u2019, das Zuhause von Sir Hugh Bodrugan. Das Herrenhaus befindet sich in Privatbesitz, und obwohl es der \u00d6ffentlichkeit nicht zug\u00e4nglich ist, k\u00f6nnen Sie hier heiraten und Empf\u00e4nge geben.<\/p>\n<h1><a href=\"https:\/\/www.urlaubcornwall.de\/ferienhaeuser-fewos\/somerset.html\">Somerset<\/a><\/h1>\n<p><strong>Frome<\/strong> &#8211; Diese Marktstadt am Rande der Mendip Hills mit ihren sich windenden gepflasterten Gassen und historischen Geb\u00e4uden wurde f\u00fcr Filmszenen in Truro benutzt, insbesondere Gentle Street und die Kirche Johannes des T\u00e4ufers.<\/p>\n<p><strong>Bristol<\/strong> &#8211; The New Room in Bristol wurde dazu verwendet, die Gerichtsszenen in Poldark zu filmen. Diese Kapelle des 18. Jahrhunderts wurde vom Begr\u00fcnder des Methodismus, John Wesley, erbaut, kurz nachdem er 1739 in Bristol eintraf. The New Room ist das \u00e4lteste Methodistengeb\u00e4ude der Welt und der \u00d6ffentlichkeit montags bis samstags von 10 Uhr bis 16 Uhr zug\u00e4nglich.<\/p>\n<h1><a href=\"https:\/\/www.urlaubcornwall.de\/ferienhaeuser-fewos\/eng\/gloucestershire\/gloucestershire.html\">Gloucestershire<\/a><\/h1>\n<p><strong>Berkeley Castle<\/strong> &#8211; Berkeley Castle, das zur\u00fcckreicht ins 11. Jahrhundert, befindet sich seit dem 12. Jahrhundert im Besitz der Familie Berkeley und ist ber\u00fchmt als Mordschauplatz von K\u00f6nig Edward II im Jahre 1327. Das Wohnzimmer des M\u00e4rchenschlosses wurde w\u00e4hrend der Dreharbeiten von Poldark als Bodmin Assembly Rooms benutzt. Schloss, G\u00e4rten und Schmetterlingshaus sind von Sonntag bis Mittwoch bis Ende Oktober der \u00d6ffentlichkeit zug\u00e4nglich.<\/p>\n<p><strong>Chavenage House, Tetbury<\/strong> &#8211; Das Cotswold Herrenhaus, Chavenage House, wird in \u2018Trenwith\u2019 verwandelt, das Zuhause von Poldarks Vater. In der Empfangshalle des elisabethanischen Herrenhauses erf\u00e4hrt Ross Poldark, dass seine geliebte Elizabeth seinen Cousin heiraten wird. Chavenage House ist vom 1. Mai bis 30. September der \u00d6ffentlichkeit zug\u00e4nglich.<\/p>\n<p><strong>The Royal Agricultural University, Cirencester<\/strong> &#8211; Die RAU wurde 1845 gegr\u00fcndet und befindet sich innerhalb von 10ha wundersch\u00f6ner Cotswold Landschaft. Es ist das \u00e4lteste landwirtschaftliche College der englischsprachigen Welt. W\u00e4hrend der Dreharbeiten zu Poldark wurde es in den cornischen Marktplatz Bodmins verwandelt mit all seinen Marktst\u00e4nden und einer Kneipe.<\/p>\n<p><a href=\"https:\/\/www.urlaubcornwall.de\/blog\/national-trust-historische-haeuser-suedengland\/\">Top 10 National Trust Historische H\u00e4user, die es in S\u00fcdengland zu besuchen gibt<\/a><\/p>\n","protected":false},"excerpt":{"rendered":"<p>image-credit-visit-cornwall Poldark ist eines der beliebtesten romantischen Dramas, die hier gefilmt wurden; es spielt im Cornwall des 18. Jahrhunderts und basiert auf den Geschichten von Winston Graham. Der Held ist Ross Poldark, der nach Cornwall zur\u00fcckkehrt, nachdem er drei Jahre lang im amerikanischen Unabh\u00e4ngigkeitskrieg gek\u00e4mpft hatte. Bei seiner R\u00fcckkehr erf\u00e4hrt er, dass sein Vater verstorben [&hellip;]<\/p>\n","protected":false},"author":1,"featured_media":0,"parent":0,"menu_order":0,"comment_status":"closed","ping_status":"closed","template":"single-four.php","meta":[],"acf":[],"yoast_head":"<!-- This site is optimized with the Yoast SEO plugin v19.4 - https:\/\/yoast.com\/wordpress\/plugins\/seo\/ -->\n<title>Auf den Spuren von Poldark in Cornwall \u2013 das m\u00fcssen Sie dazu wissen! - Urlaub &amp; Reisen<\/title>\n<meta name=\"robots\" content=\"index, follow, max-snippet:-1, max-image-preview:large, max-video-preview:-1\" \/>\n<link rel=\"canonical\" href=\"https:\/\/www.urlaubcornwall.de\/blog\/auf-den-spuren-von-poldark-cornwall-das-muessen-sie-dazu-wissen\/\" \/>\n<meta property=\"og:locale\" content=\"en_US\" \/>\n<meta property=\"og:type\" content=\"article\" \/>\n<meta property=\"og:title\" content=\"Auf den Spuren von Poldark in Cornwall \u2013 das m\u00fcssen Sie dazu wissen! - Urlaub &amp; Reisen\" \/>\n<meta property=\"og:description\" content=\"image-credit-visit-cornwall Poldark ist eines der beliebtesten romantischen Dramas, die hier gefilmt wurden; es spielt im Cornwall des 18. Jahrhunderts und basiert auf den Geschichten von Winston Graham. Der Held ist Ross Poldark, der nach Cornwall zur\u00fcckkehrt, nachdem er drei Jahre lang im amerikanischen Unabh\u00e4ngigkeitskrieg gek\u00e4mpft hatte. Bei seiner R\u00fcckkehr erf\u00e4hrt er, dass sein Vater verstorben [&hellip;]\" \/>\n<meta property=\"og:url\" content=\"https:\/\/www.urlaubcornwall.de\/blog\/auf-den-spuren-von-poldark-cornwall-das-muessen-sie-dazu-wissen\/\" \/>\n<meta property=\"og:site_name\" content=\"Urlaub &amp; Reisen\" \/>\n<meta property=\"article:modified_time\" content=\"2024-05-30T13:45:59+00:00\" \/>\n<meta property=\"og:image\" content=\"https:\/\/www.urlaubcornwall.de\/blog\/wp-content\/uploads\/2017\/10\/Poldark-Locations.jpg\" \/>\n<meta name=\"twitter:card\" content=\"summary\" \/>\n<meta name=\"twitter:label1\" content=\"Est. reading time\" \/>\n\t<meta name=\"twitter:data1\" content=\"8 minutes\" \/>\n<script type=\"application\/ld+json\" class=\"yoast-schema-graph\">{\"@context\":\"https:\/\/schema.org\",\"@graph\":[{\"@type\":\"WebSite\",\"@id\":\"https:\/\/www.urlaubcornwall.de\/blog\/#website\",\"url\":\"https:\/\/www.urlaubcornwall.de\/blog\/\",\"name\":\"Urlaub &amp; Reisen\",\"description\":\"Urlaub, Reisen, Cornwall und S\u00fcdengland: eine perfekte Kombination\",\"potentialAction\":[{\"@type\":\"SearchAction\",\"target\":{\"@type\":\"EntryPoint\",\"urlTemplate\":\"https:\/\/www.urlaubcornwall.de\/blog\/?s={search_term_string}\"},\"query-input\":\"required name=search_term_string\"}],\"inLanguage\":\"en-US\"},{\"@type\":\"WebPage\",\"@id\":\"https:\/\/www.urlaubcornwall.de\/blog\/auf-den-spuren-von-poldark-cornwall-das-muessen-sie-dazu-wissen\/\",\"url\":\"https:\/\/www.urlaubcornwall.de\/blog\/auf-den-spuren-von-poldark-cornwall-das-muessen-sie-dazu-wissen\/\",\"name\":\"Auf den Spuren von Poldark in Cornwall \u2013 das m\u00fcssen Sie dazu wissen! - Urlaub &amp; Reisen\",\"isPartOf\":{\"@id\":\"https:\/\/www.urlaubcornwall.de\/blog\/#website\"},\"datePublished\":\"2017-10-26T12:16:21+00:00\",\"dateModified\":\"2024-05-30T13:45:59+00:00\",\"breadcrumb\":{\"@id\":\"https:\/\/www.urlaubcornwall.de\/blog\/auf-den-spuren-von-poldark-cornwall-das-muessen-sie-dazu-wissen\/#breadcrumb\"},\"inLanguage\":\"en-US\",\"potentialAction\":[{\"@type\":\"ReadAction\",\"target\":[\"https:\/\/www.urlaubcornwall.de\/blog\/auf-den-spuren-von-poldark-cornwall-das-muessen-sie-dazu-wissen\/\"]}]},{\"@type\":\"BreadcrumbList\",\"@id\":\"https:\/\/www.urlaubcornwall.de\/blog\/auf-den-spuren-von-poldark-cornwall-das-muessen-sie-dazu-wissen\/#breadcrumb\",\"itemListElement\":[{\"@type\":\"ListItem\",\"position\":1,\"name\":\"Home\",\"item\":\"https:\/\/www.urlaubcornwall.de\/blog\/\"},{\"@type\":\"ListItem\",\"position\":2,\"name\":\"Auf den Spuren von Poldark in Cornwall \u2013 das m\u00fcssen Sie dazu wissen!\"}]}]}<\/script>\n<!-- \/ Yoast SEO plugin. -->","yoast_head_json":{"title":"Auf den Spuren von Poldark in Cornwall \u2013 das m\u00fcssen Sie dazu wissen! - Urlaub &amp; Reisen","robots":{"index":"index","follow":"follow","max-snippet":"max-snippet:-1","max-image-preview":"max-image-preview:large","max-video-preview":"max-video-preview:-1"},"canonical":"https:\/\/www.urlaubcornwall.de\/blog\/auf-den-spuren-von-poldark-cornwall-das-muessen-sie-dazu-wissen\/","og_locale":"en_US","og_type":"article","og_title":"Auf den Spuren von Poldark in Cornwall \u2013 das m\u00fcssen Sie dazu wissen! - Urlaub &amp; Reisen","og_description":"image-credit-visit-cornwall Poldark ist eines der beliebtesten romantischen Dramas, die hier gefilmt wurden; es spielt im Cornwall des 18. Jahrhunderts und basiert auf den Geschichten von Winston Graham. Der Held ist Ross Poldark, der nach Cornwall zur\u00fcckkehrt, nachdem er drei Jahre lang im amerikanischen Unabh\u00e4ngigkeitskrieg gek\u00e4mpft hatte. Bei seiner R\u00fcckkehr erf\u00e4hrt er, dass sein Vater verstorben [&hellip;]","og_url":"https:\/\/www.urlaubcornwall.de\/blog\/auf-den-spuren-von-poldark-cornwall-das-muessen-sie-dazu-wissen\/","og_site_name":"Urlaub &amp; Reisen","article_modified_time":"2024-05-30T13:45:59+00:00","og_image":[{"url":"https:\/\/www.urlaubcornwall.de\/blog\/wp-content\/uploads\/2017\/10\/Poldark-Locations.jpg"}],"twitter_card":"summary","twitter_misc":{"Est. reading time":"8 minutes"},"schema":{"@context":"https:\/\/schema.org","@graph":[{"@type":"WebSite","@id":"https:\/\/www.urlaubcornwall.de\/blog\/#website","url":"https:\/\/www.urlaubcornwall.de\/blog\/","name":"Urlaub &amp; Reisen","description":"Urlaub, Reisen, Cornwall und S\u00fcdengland: eine perfekte Kombination","potentialAction":[{"@type":"SearchAction","target":{"@type":"EntryPoint","urlTemplate":"https:\/\/www.urlaubcornwall.de\/blog\/?s={search_term_string}"},"query-input":"required name=search_term_string"}],"inLanguage":"en-US"},{"@type":"WebPage","@id":"https:\/\/www.urlaubcornwall.de\/blog\/auf-den-spuren-von-poldark-cornwall-das-muessen-sie-dazu-wissen\/","url":"https:\/\/www.urlaubcornwall.de\/blog\/auf-den-spuren-von-poldark-cornwall-das-muessen-sie-dazu-wissen\/","name":"Auf den Spuren von Poldark in Cornwall \u2013 das m\u00fcssen Sie dazu wissen! - Urlaub &amp; Reisen","isPartOf":{"@id":"https:\/\/www.urlaubcornwall.de\/blog\/#website"},"datePublished":"2017-10-26T12:16:21+00:00","dateModified":"2024-05-30T13:45:59+00:00","breadcrumb":{"@id":"https:\/\/www.urlaubcornwall.de\/blog\/auf-den-spuren-von-poldark-cornwall-das-muessen-sie-dazu-wissen\/#breadcrumb"},"inLanguage":"en-US","potentialAction":[{"@type":"ReadAction","target":["https:\/\/www.urlaubcornwall.de\/blog\/auf-den-spuren-von-poldark-cornwall-das-muessen-sie-dazu-wissen\/"]}]},{"@type":"BreadcrumbList","@id":"https:\/\/www.urlaubcornwall.de\/blog\/auf-den-spuren-von-poldark-cornwall-das-muessen-sie-dazu-wissen\/#breadcrumb","itemListElement":[{"@type":"ListItem","position":1,"name":"Home","item":"https:\/\/www.urlaubcornwall.de\/blog\/"},{"@type":"ListItem","position":2,"name":"Auf den Spuren von Poldark in Cornwall \u2013 das m\u00fcssen Sie dazu wissen!"}]}]}},"_links":{"self":[{"href":"https:\/\/www.urlaubcornwall.de\/blog\/wp-json\/wp\/v2\/pages\/29993"}],"collection":[{"href":"https:\/\/www.urlaubcornwall.de\/blog\/wp-json\/wp\/v2\/pages"}],"about":[{"href":"https:\/\/www.urlaubcornwall.de\/blog\/wp-json\/wp\/v2\/types\/page"}],"author":[{"embeddable":true,"href":"https:\/\/www.urlaubcornwall.de\/blog\/wp-json\/wp\/v2\/users\/1"}],"replies":[{"embeddable":true,"href":"https:\/\/www.urlaubcornwall.de\/blog\/wp-json\/wp\/v2\/comments?post=29993"}],"version-history":[{"count":20,"href":"https:\/\/www.urlaubcornwall.de\/blog\/wp-json\/wp\/v2\/pages\/29993\/revisions"}],"predecessor-version":[{"id":51075,"href":"https:\/\/www.urlaubcornwall.de\/blog\/wp-json\/wp\/v2\/pages\/29993\/revisions\/51075"}],"wp:attachment":[{"href":"https:\/\/www.urlaubcornwall.de\/blog\/wp-json\/wp\/v2\/media?parent=29993"}],"curies":[{"name":"wp","href":"https:\/\/api.w.org\/{rel}","templated":true}]}}