{"id":29988,"date":"2017-10-24T15:37:35","date_gmt":"2017-10-24T15:37:35","guid":{"rendered":"https:\/\/www.urlaubcornwall.de\/blog\/?page_id=29988"},"modified":"2024-04-15T14:40:44","modified_gmt":"2024-04-15T14:40:44","slug":"luxus-ferienhaeuser-schottland-schoensten-doerfer-und-kuestenstaedte","status":"publish","type":"page","link":"https:\/\/www.urlaubcornwall.de\/blog\/luxus-ferienhaeuser-schottland-schoensten-doerfer-und-kuestenstaedte\/","title":{"rendered":"Luxus Ferienh\u00e4user in Schottland &#8211; Sch\u00f6nsten D\u00f6rfer und K\u00fcstenst\u00e4dte"},"content":{"rendered":"<p><img loading=\"lazy\" class=\"aligncenter size-full wp-image-25422\" src=\"https:\/\/www.urlaubcornwall.de\/blog\/wp-content\/uploads\/2016\/11\/trossachs-urlaub-schottland.jpg\" alt=\"luxus Ferienh\u00e4user schottland\" width=\"746\" height=\"379\" srcset=\"https:\/\/www.urlaubcornwall.de\/blog\/wp-content\/uploads\/2016\/11\/trossachs-urlaub-schottland.jpg 746w, https:\/\/www.urlaubcornwall.de\/blog\/wp-content\/uploads\/2016\/11\/trossachs-urlaub-schottland-300x152.jpg 300w\" sizes=\"(max-width: 746px) 100vw, 746px\" \/><\/p>\n<p style=\"text-align: center;\"><strong>Bei uns finden Sie Luxus Ferienh\u00e4user und Exquisite Ferienwohnungen in Schottland zum Verlieben &#8211; so einfach ist das!<\/strong><\/p>\n<p style=\"text-align: center;\">Pers\u00f6nlich inspizierte 4 und 5-Sterne Ferienh\u00e4user und Ferienwohnungen f\u00fcr Ihren Luxusurlaub mit Selbstverpflegung in Schottland, Highlands und Inseln.<\/p>\n<p style=\"text-align: center;\"><a class=\"tidycta\" href=\"https:\/\/www.urlaubcornwall.de\/blog\/luxus-ferienhaeuser-schottland-schoensten-doerfer-und-kuestenstaedte\/\">Suche Ferienh\u00e4user Schottland &gt;&gt;<\/a><\/p>\n<div class=\"snippet\"> <a class=\"featured-item\" href=\" https:\/\/www.urlaubcornwall.de\/ferienhaeuser-fewos\/sco\/highlands-und-inseln\/highlands-und-inseln.html\"> <span class=\"image-holder\" style=\"background-image: url(' https:\/\/www.urlaubcornwall.de\/blog\/wp-content\/uploads\/2019\/01\/urlaub-schottland-highlands-1.jpg');\"><\/span> <span class=\"featured-content\"> \n<h2 class=\"featured-title\">Ferienh\u00e4user in Schottland am Meer zum Verlieben!<\/h2>\n<p class=\"featured-body\">Untenstehend finden Sie eine Auswahl an Ferienh\u00e4usern in Schottland. Hier finden Sie pers\u00f6nlich inspizierte Cottages entlang der schottischen K\u00fcste, in den schottischen Highlands und auf den Inseln&#8230;..<\/p>\n<\/span> <span class=\"featured-link-holder\"> <span class=\"featured-extra-info\"> \n<p>F\u00fcr Paare, Familien &#038; Gruppen<\/p>\n<\/span> \n<p class=\"featured-link\">DETAILS<\/p>\n<\/span> <\/a><\/div>\n\n\n<p style=\"text-align: center;\"><a class=\"plain\" href=\"https:\/\/www.urlaubcornwall.de\/ferienhaeuser-fewos\/sco\/nordhighlands-und-inseln\/achiltibuie-luxus-unterkuenfte.html\">achiltibuie-luxus-unterkuenfte.html<\/a> (1)<\/p>\n<p style=\"text-align: center;\"><a class=\"plain\" href=\"https:\/\/www.urlaubcornwall.de\/ferienhaeuser-fewos\/sco\/nordhighlands-und-inseln\/ardgay-luxus-unterkuenfte.html\">ardgay-luxus-unterkuenfte.html<\/a> (2)<\/p>\n<p style=\"text-align: center;\"><a class=\"plain\" href=\"https:\/\/www.urlaubcornwall.de\/ferienhaeuser-fewos\/sco\/nordhighlands-und-inseln\/aviemore-luxus-unterkuenfte.html\">aviemore-luxus-unterkuenfte.html<\/a> (1)<\/p>\n<p style=\"text-align: center;\"><a class=\"plain\" href=\"https:\/\/www.urlaubcornwall.de\/ferienhaeuser-fewos\/sco\/nordhighlands-und-inseln\/beauly-luxus-unterkuenfte.html\">beauly-luxus-unterkuenfte.html<\/a> (1)<\/p>\n<p style=\"text-align: center;\"><a class=\"plain\" href=\"https:\/\/www.urlaubcornwall.de\/ferienhaeuser-fewos\/sco\/nordhighlands-und-inseln\/black-isle-luxus-unterkuenfte.html\">black-isle-luxus-unterkuenfte.html<\/a> (1)<\/p>\n<p style=\"text-align: center;\"><a class=\"plain\" href=\"https:\/\/www.urlaubcornwall.de\/ferienhaeuser-fewos\/sco\/nordhighlands-und-inseln\/bonar-bridge-luxus-unterkuenfte.html\">bonar-bridge-luxus-unterkuenfte.html<\/a> (2)<\/p>\n<p style=\"text-align: center;\"><a class=\"plain\" href=\"https:\/\/www.urlaubcornwall.de\/ferienhaeuser-fewos\/sco\/nordhighlands-und-inseln\/cairngorms-luxus-unterkuenfte.html\">cairngorms-luxus-unterkuenfte.html<\/a><\/p>\n<p style=\"text-align: center;\"><a class=\"plain\" href=\"https:\/\/www.urlaubcornwall.de\/ferienhaeuser-fewos\/sco\/nordhighlands-und-inseln\/culloden-luxus-unterkuenfte.html\">culloden-luxus-unterkuenfte.html<\/a> (3)<\/p>\n<p style=\"text-align: center;\"><a class=\"plain\" href=\"https:\/\/www.urlaubcornwall.de\/ferienhaeuser-fewos\/sco\/nordhighlands-und-inseln\/drumnadrochit-luxus-unterkuenfte.html\">drumnadrochit-luxus-unterkuenfte.html<\/a> (3)<\/p>\n<p style=\"text-align: center;\"><a class=\"plain\" href=\"https:\/\/www.urlaubcornwall.de\/ferienhaeuser-fewos\/sco\/nordhighlands-und-inseln\/fort-augustus-luxus-unterkuenfte.html\">fort-augustus-luxus-unterkuenfte.html<\/a> (2)<\/p>\n<p style=\"text-align: center;\"><a class=\"plain\" href=\"https:\/\/www.urlaubcornwall.de\/ferienhaeuser-fewos\/sco\/nordhighlands-und-inseln\/fort-william-luxus-unterkuenfte.html\">fort-william-luxus-unterkuenfte.html<\/a> (3)<\/p>\n<p style=\"text-align: center;\"><a class=\"plain\" href=\"https:\/\/www.urlaubcornwall.de\/ferienhaeuser-fewos\/sco\/nordhighlands-und-inseln\/gairloch-luxus-unterkuenfte.html\">gairloch-luxus-unterkuenfte.html<\/a> (2)<\/p>\n<p style=\"text-align: center;\"><a class=\"plain\" href=\"https:\/\/www.urlaubcornwall.de\/ferienhaeuser-fewos\/sco\/nordhighlands-und-inseln\/glenelg-luxus-unterkuenfte.html\">glenelg-luxus-unterkuenfte.html<\/a> (2)<\/p>\n<p style=\"text-align: center;\"><a class=\"plain\" href=\"https:\/\/www.urlaubcornwall.de\/ferienhaeuser-fewos\/sco\/nordhighlands-und-inseln\/helmsdale-luxus-unterkuenfte.html\">helmsdale-luxus-unterkuenfte.html<\/a><\/p>\n<p style=\"text-align: center;\"><a class=\"plain\" href=\"https:\/\/www.urlaubcornwall.de\/ferienhaeuser-fewos\/sco\/nordhighlands-und-inseln\/inverness-luxus-unterkuenfte.html\">inverness-luxus-unterkuenfte.html<\/a> (3)<\/p>\n<p style=\"text-align: center;\"><a class=\"plain\" href=\"https:\/\/www.urlaubcornwall.de\/ferienhaeuser-fewos\/sco\/nordhighlands-und-inseln\/isle-of-skye-luxus-unterkuenfte.html\">isle-of-skye-luxus-unterkuenfte.html<\/a> (1)<\/p>\n<p style=\"text-align: center;\"><a class=\"plain\" href=\"https:\/\/www.urlaubcornwall.de\/ferienhaeuser-fewos\/sco\/nordhighlands-und-inseln\/kinlochbervie-luxus-unterkuenfte.html\">kinlochbervie-luxus-unterkuenfte.html<\/a> (3)<\/p>\n<p style=\"text-align: center;\"><a class=\"plain\" href=\"https:\/\/www.urlaubcornwall.de\/ferienhaeuser-fewos\/sco\/nordhighlands-und-inseln\/kyle-luxus-unterkuenfte.html\">kyle-luxus-unterkuenfte.html<\/a> (1)<\/p>\n<p style=\"text-align: center;\"><a class=\"plain\" href=\"https:\/\/www.urlaubcornwall.de\/ferienhaeuser-fewos\/sco\/nordhighlands-und-inseln\/loch-ness-luxus-unterkuenfte.html\">loch-ness-luxus-unterkuenfte.html<\/a> (3)<\/p>\n<p style=\"text-align: center;\"><a class=\"plain\" href=\"https:\/\/www.urlaubcornwall.de\/ferienhaeuser-fewos\/sco\/nordhighlands-und-inseln\/lochinver-luxus-unterkuenfte.html\">lochinver-luxus-unterkuenfte.html<\/a> (3)<\/p>\n<p style=\"text-align: center;\"><a class=\"plain\" href=\"https:\/\/www.urlaubcornwall.de\/ferienhaeuser-fewos\/sco\/nordhighlands-und-inseln\/lybster-luxus-unterkuenfte.html\">lybster-luxus-unterkuenfte.html<\/a> (1)<\/p>\n<p style=\"text-align: center;\"><a class=\"plain\" href=\"https:\/\/www.urlaubcornwall.de\/ferienhaeuser-fewos\/sco\/nordhighlands-und-inseln\/nairn-luxus-unterkuenfte.html\">nairn-luxus-unterkuenfte.html<\/a> (2)<\/p>\n<p style=\"text-align: center;\"><a class=\"plain\" href=\"https:\/\/www.urlaubcornwall.de\/ferienhaeuser-fewos\/sco\/nordhighlands-und-inseln\/newtonmore-luxus-unterkuenfte.html\">newtonmore-luxus-unterkuenfte.html<\/a> (2)<\/p>\n<p style=\"text-align: center;\"><a class=\"plain\" href=\"https:\/\/www.urlaubcornwall.de\/ferienhaeuser-fewos\/sco\/nordhighlands-und-inseln\/portree-luxus-unterkuenfte.html\">portree-luxus-unterkuenfte.html<\/a> (1)<\/p>\n<p style=\"text-align: center;\"><a class=\"plain\" href=\"https:\/\/www.urlaubcornwall.de\/ferienhaeuser-fewos\/sco\/nordhighlands-und-inseln\/rendall-luxus-unterkuenfte.html\">rendall-luxus-unterkuenfte.html<\/a> (1)<\/p>\n<p style=\"text-align: center;\"><a class=\"plain\" href=\"https:\/\/www.urlaubcornwall.de\/ferienhaeuser-fewos\/sco\/nordhighlands-und-inseln\/scourie-luxus-unterkuenfte.html\">scourie-luxus-unterkuenfte.html<\/a> (2)<\/p>\n<p style=\"text-align: center;\"><a class=\"plain\" href=\"https:\/\/www.urlaubcornwall.de\/ferienhaeuser-fewos\/sco\/nordhighlands-und-inseln\/shieldaig-luxus-unterkuenfte.html\">shieldaig-luxus-unterkuenfte.html<\/a> (1)<\/p>\n<p style=\"text-align: center;\"><a class=\"plain\" href=\"https:\/\/www.urlaubcornwall.de\/ferienhaeuser-fewos\/sco\/nordhighlands-und-inseln\/stornoway-luxus-unterkuenfte.html\">stornoway-luxus-unterkuenfte.html<\/a> (1)<\/p>\n<p style=\"text-align: center;\"><a class=\"plain\" href=\"https:\/\/www.urlaubcornwall.de\/ferienhaeuser-fewos\/sco\/nordhighlands-und-inseln\/talmine-luxus-unterkuenfte.html\">talmine-luxus-unterkuenfte.html<\/a> (1)<\/p>\n<p style=\"text-align: center;\"><a class=\"plain\" href=\"https:\/\/www.urlaubcornwall.de\/ferienhaeuser-fewos\/sco\/nordhighlands-und-inseln\/ullapool-luxus-unterkuenfte.html\">ullapool-luxus-unterkuenfte.html<\/a> (1)<\/p>\n<p style=\"text-align: center;\"><a class=\"plain\" href=\"https:\/\/www.urlaubcornwall.de\/ferienhaeuser-fewos\/sco\/suedschottland\/annan-luxus-unterkuenfte.html\">annan-luxus-unterkuenfte.html<\/a> (1)<\/p>\n<p style=\"text-align: center;\"><a class=\"plain\" href=\"https:\/\/www.urlaubcornwall.de\/ferienhaeuser-fewos\/sco\/suedschottland\/ballantrae-luxus-unterkuenfte.html\">ballantrae-luxus-unterkuenfte.html<\/a> (1)<\/p>\n<p style=\"text-align: center;\"><a class=\"plain\" href=\"https:\/\/www.urlaubcornwall.de\/ferienhaeuser-fewos\/sco\/suedschottland\/biggar-luxus-unterkuenfte.html\">biggar-luxus-unterkuenfte.html<\/a> (2)<\/p>\n<p style=\"text-align: center;\"><a class=\"plain\" href=\"https:\/\/www.urlaubcornwall.de\/ferienhaeuser-fewos\/sco\/suedschottland\/castle-douglas-luxus-unterkuenfte.html\">castle-douglas-luxus-unterkuenfte.html<\/a> (3)<\/p>\n<p style=\"text-align: center;\"><a class=\"plain\" href=\"https:\/\/www.urlaubcornwall.de\/ferienhaeuser-fewos\/sco\/suedschottland\/dumfries-luxus-unterkuenfte.html\">dumfries-luxus-unterkuenfte.html<\/a> (2)<\/p>\n<p style=\"text-align: center;\"><a class=\"plain\" href=\"https:\/\/www.urlaubcornwall.de\/ferienhaeuser-fewos\/sco\/suedschottland\/duns-luxus-unterkuenfte.html\">duns-luxus-unterkuenfte.html<\/a> (1)<\/p>\n<p style=\"text-align: center;\"><a class=\"plain\" href=\"https:\/\/www.urlaubcornwall.de\/ferienhaeuser-fewos\/sco\/suedschottland\/eyemouth-luxus-unterkuenfte.html\">eyemouth-luxus-unterkuenfte.html<\/a> (1)<\/p>\n<p style=\"text-align: center;\"><a class=\"plain\" href=\"https:\/\/www.urlaubcornwall.de\/ferienhaeuser-fewos\/sco\/suedschottland\/failford-luxus-unterkuenfte.html\">failford-luxus-unterkuenfte.html<\/a> (1)<\/p>\n<p style=\"text-align: center;\"><a class=\"plain\" href=\"https:\/\/www.urlaubcornwall.de\/ferienhaeuser-fewos\/sco\/suedschottland\/glasgow-luxus-unterkuenfte.html\">glasgow-luxus-unterkuenfte.html<\/a> (1)<\/p>\n<p style=\"text-align: center;\"><a class=\"plain\" href=\"https:\/\/www.urlaubcornwall.de\/ferienhaeuser-fewos\/sco\/suedschottland\/hawick-luxus-unterkuenfte.html\">hawick-luxus-unterkuenfte.html<\/a> (1)<\/p>\n<p style=\"text-align: center;\"><a class=\"plain\" href=\"https:\/\/www.urlaubcornwall.de\/ferienhaeuser-fewos\/sco\/suedschottland\/innerleithen-luxus-unterkuenfte.html\">innerleithen-luxus-unterkuenfte.html<\/a> (1)<\/p>\n<p style=\"text-align: center;\"><a class=\"plain\" href=\"https:\/\/www.urlaubcornwall.de\/ferienhaeuser-fewos\/sco\/suedschottland\/kelso-luxus-unterkuenfte.html\">kelso-luxus-unterkuenfte.html<\/a> (6)<\/p>\n<p style=\"text-align: center;\"><a class=\"plain\" href=\"https:\/\/www.urlaubcornwall.de\/ferienhaeuser-fewos\/sco\/suedschottland\/kilmarnock-luxus-unterkuenfte.html\">kilmarnock-luxus-unterkuenfte.html<\/a> (1)<\/p>\n<p style=\"text-align: center;\"><a class=\"plain\" href=\"https:\/\/www.urlaubcornwall.de\/ferienhaeuser-fewos\/sco\/suedschottland\/largs-luxus-unterkuenfte.html\">largs-luxus-unterkuenfte.html<\/a><\/p>\n<p style=\"text-align: center;\"><a class=\"plain\" href=\"https:\/\/www.urlaubcornwall.de\/ferienhaeuser-fewos\/sco\/suedschottland\/lauder-luxus-unterkuenfte.html\">lauder-luxus-unterkuenfte.html<\/a> (2)<\/p>\n<p style=\"text-align: center;\"><a class=\"plain\" href=\"https:\/\/www.urlaubcornwall.de\/ferienhaeuser-fewos\/sco\/suedschottland\/lochwinnoch-luxus-unterkuenfte.html\">lochwinnoch-luxus-unterkuenfte.html<\/a> (2)<\/p>\n<p style=\"text-align: center;\"><a class=\"plain\" href=\"https:\/\/www.urlaubcornwall.de\/ferienhaeuser-fewos\/sco\/suedschottland\/moffat-luxus-unterkuenfte.html\">moffat-luxus-unterkuenfte.html<\/a> (1)<\/p>\n<p style=\"text-align: center;\"><a class=\"plain\" href=\"https:\/\/www.urlaubcornwall.de\/ferienhaeuser-fewos\/sco\/suedschottland\/morebattle-luxus-unterkuenfte.html\">morebattle-luxus-unterkuenfte.html<\/a> (3)<\/p>\n<p style=\"text-align: center;\"><a class=\"plain\" href=\"https:\/\/www.urlaubcornwall.de\/ferienhaeuser-fewos\/sco\/suedschottland\/newton-stewart-luxus-unterkuenfte.html\">newton-stewart-luxus-unterkuenfte.html<\/a> (4)<\/p>\n<p style=\"text-align: center;\"><a class=\"plain\" href=\"https:\/\/www.urlaubcornwall.de\/ferienhaeuser-fewos\/sco\/suedschottland\/peebles-luxus-unterkuenfte.html\">peebles-luxus-unterkuenfte.html<\/a> (2)<\/p>\n<p style=\"text-align: center;\"><a class=\"plain\" href=\"https:\/\/www.urlaubcornwall.de\/ferienhaeuser-fewos\/sco\/suedschottland\/portpatrick-luxus-unterkuenfte.html\">portpatrick-luxus-unterkuenfte.html<\/a> (1)<\/p>\n<p style=\"text-align: center;\"><a class=\"plain\" href=\"https:\/\/www.urlaubcornwall.de\/ferienhaeuser-fewos\/sco\/suedschottland\/selkirk-luxus-unterkuenfte.html\">selkirk-luxus-unterkuenfte.html<\/a> (1)<\/p>\n\n<p><a href=\"https:\/\/www.urlaubcornwall.de\/blog\/ferienhaeuser-meer-auf-den-schottlands-inseln-schoensten-doerfer-und-kuestenstaedte\/\"><strong>Luxus Ferienh\u00e4user &#8211; Sch\u00f6nsten D\u00f6rfer und K\u00fcstenst\u00e4dte Schottlands Inseln &gt; &gt;<\/strong><\/a><\/p>\n","protected":false},"excerpt":{"rendered":"<p>Bei uns finden Sie Luxus Ferienh\u00e4user und Exquisite Ferienwohnungen in Schottland zum Verlieben &#8211; so einfach ist das! Pers\u00f6nlich inspizierte 4 und 5-Sterne Ferienh\u00e4user und Ferienwohnungen f\u00fcr Ihren Luxusurlaub mit Selbstverpflegung in Schottland, Highlands und Inseln. Suche Ferienh\u00e4user Schottland &gt;&gt; Ferienh\u00e4user in Schottland am Meer zum Verlieben! Untenstehend finden Sie eine Auswahl an Ferienh\u00e4usern in [&hellip;]<\/p>\n","protected":false},"author":1,"featured_media":0,"parent":0,"menu_order":0,"comment_status":"closed","ping_status":"closed","template":"single-four.php","meta":[],"acf":[],"yoast_head":"<!-- This site is optimized with the Yoast SEO plugin v19.4 - https:\/\/yoast.com\/wordpress\/plugins\/seo\/ -->\n<title>Luxus Ferienh\u00e4user in Schottland - Sch\u00f6nsten D\u00f6rfer und K\u00fcstenst\u00e4dte - Urlaub &amp; Reisen<\/title>\n<meta name=\"description\" content=\"Bei uns finden Sie Luxus Ferienh\u00e4user und Exquisite Ferienwohnungen in Schottland zum Verlieben \u2013 so einfach ist das!Pers\u00f6nlich inspizierte 4 und 5-Sterne Ferienh\u00e4user und Ferienwohnungen f\u00fcr Ihren Luxusurlaub mit Selbstverpflegung in Schottland, Highlands und Inseln.\" \/>\n<meta name=\"robots\" content=\"index, follow, max-snippet:-1, max-image-preview:large, max-video-preview:-1\" \/>\n<link rel=\"canonical\" href=\"https:\/\/www.urlaubcornwall.de\/blog\/luxus-ferienhaeuser-schottland-schoensten-doerfer-und-kuestenstaedte\/\" \/>\n<meta property=\"og:locale\" content=\"en_US\" \/>\n<meta property=\"og:type\" content=\"article\" \/>\n<meta property=\"og:title\" content=\"Luxus Ferienh\u00e4user in Schottland - Sch\u00f6nsten D\u00f6rfer und K\u00fcstenst\u00e4dte - Urlaub &amp; Reisen\" \/>\n<meta property=\"og:description\" content=\"Bei uns finden Sie Luxus Ferienh\u00e4user und Exquisite Ferienwohnungen in Schottland zum Verlieben \u2013 so einfach ist das!Pers\u00f6nlich inspizierte 4 und 5-Sterne Ferienh\u00e4user und Ferienwohnungen f\u00fcr Ihren Luxusurlaub mit Selbstverpflegung in Schottland, Highlands und Inseln.\" \/>\n<meta property=\"og:url\" content=\"https:\/\/www.urlaubcornwall.de\/blog\/luxus-ferienhaeuser-schottland-schoensten-doerfer-und-kuestenstaedte\/\" \/>\n<meta property=\"og:site_name\" content=\"Urlaub &amp; Reisen\" \/>\n<meta property=\"article:modified_time\" content=\"2024-04-15T14:40:44+00:00\" \/>\n<meta property=\"og:image\" content=\"https:\/\/www.urlaubcornwall.de\/blog\/wp-content\/uploads\/2016\/11\/trossachs-urlaub-schottland.jpg\" \/>\n<meta name=\"twitter:card\" content=\"summary\" \/>\n<meta name=\"twitter:label1\" content=\"Est. reading time\" \/>\n\t<meta name=\"twitter:data1\" content=\"2 minutes\" \/>\n<script type=\"application\/ld+json\" class=\"yoast-schema-graph\">{\"@context\":\"https:\/\/schema.org\",\"@graph\":[{\"@type\":\"WebSite\",\"@id\":\"https:\/\/www.urlaubcornwall.de\/blog\/#website\",\"url\":\"https:\/\/www.urlaubcornwall.de\/blog\/\",\"name\":\"Urlaub &amp; Reisen\",\"description\":\"Urlaub, Reisen, Cornwall und S\u00fcdengland: eine perfekte Kombination\",\"potentialAction\":[{\"@type\":\"SearchAction\",\"target\":{\"@type\":\"EntryPoint\",\"urlTemplate\":\"https:\/\/www.urlaubcornwall.de\/blog\/?s={search_term_string}\"},\"query-input\":\"required name=search_term_string\"}],\"inLanguage\":\"en-US\"},{\"@type\":\"WebPage\",\"@id\":\"https:\/\/www.urlaubcornwall.de\/blog\/luxus-ferienhaeuser-schottland-schoensten-doerfer-und-kuestenstaedte\/\",\"url\":\"https:\/\/www.urlaubcornwall.de\/blog\/luxus-ferienhaeuser-schottland-schoensten-doerfer-und-kuestenstaedte\/\",\"name\":\"Luxus Ferienh\u00e4user in Schottland - Sch\u00f6nsten D\u00f6rfer und K\u00fcstenst\u00e4dte - Urlaub &amp; Reisen\",\"isPartOf\":{\"@id\":\"https:\/\/www.urlaubcornwall.de\/blog\/#website\"},\"datePublished\":\"2017-10-24T15:37:35+00:00\",\"dateModified\":\"2024-04-15T14:40:44+00:00\",\"description\":\"Bei uns finden Sie Luxus Ferienh\u00e4user und Exquisite Ferienwohnungen in Schottland zum Verlieben \u2013 so einfach ist das!Pers\u00f6nlich inspizierte 4 und 5-Sterne Ferienh\u00e4user und Ferienwohnungen f\u00fcr Ihren Luxusurlaub mit Selbstverpflegung in Schottland, Highlands und Inseln.\",\"breadcrumb\":{\"@id\":\"https:\/\/www.urlaubcornwall.de\/blog\/luxus-ferienhaeuser-schottland-schoensten-doerfer-und-kuestenstaedte\/#breadcrumb\"},\"inLanguage\":\"en-US\",\"potentialAction\":[{\"@type\":\"ReadAction\",\"target\":[\"https:\/\/www.urlaubcornwall.de\/blog\/luxus-ferienhaeuser-schottland-schoensten-doerfer-und-kuestenstaedte\/\"]}]},{\"@type\":\"BreadcrumbList\",\"@id\":\"https:\/\/www.urlaubcornwall.de\/blog\/luxus-ferienhaeuser-schottland-schoensten-doerfer-und-kuestenstaedte\/#breadcrumb\",\"itemListElement\":[{\"@type\":\"ListItem\",\"position\":1,\"name\":\"Home\",\"item\":\"https:\/\/www.urlaubcornwall.de\/blog\/\"},{\"@type\":\"ListItem\",\"position\":2,\"name\":\"Luxus Ferienh\u00e4user in Schottland &#8211; Sch\u00f6nsten D\u00f6rfer und K\u00fcstenst\u00e4dte\"}]}]}<\/script>\n<!-- \/ Yoast SEO plugin. -->","yoast_head_json":{"title":"Luxus Ferienh\u00e4user in Schottland - Sch\u00f6nsten D\u00f6rfer und K\u00fcstenst\u00e4dte - Urlaub &amp; Reisen","description":"Bei uns finden Sie Luxus Ferienh\u00e4user und Exquisite Ferienwohnungen in Schottland zum Verlieben \u2013 so einfach ist das!Pers\u00f6nlich inspizierte 4 und 5-Sterne Ferienh\u00e4user und Ferienwohnungen f\u00fcr Ihren Luxusurlaub mit Selbstverpflegung in Schottland, Highlands und Inseln.","robots":{"index":"index","follow":"follow","max-snippet":"max-snippet:-1","max-image-preview":"max-image-preview:large","max-video-preview":"max-video-preview:-1"},"canonical":"https:\/\/www.urlaubcornwall.de\/blog\/luxus-ferienhaeuser-schottland-schoensten-doerfer-und-kuestenstaedte\/","og_locale":"en_US","og_type":"article","og_title":"Luxus Ferienh\u00e4user in Schottland - Sch\u00f6nsten D\u00f6rfer und K\u00fcstenst\u00e4dte - Urlaub &amp; Reisen","og_description":"Bei uns finden Sie Luxus Ferienh\u00e4user und Exquisite Ferienwohnungen in Schottland zum Verlieben \u2013 so einfach ist das!Pers\u00f6nlich inspizierte 4 und 5-Sterne Ferienh\u00e4user und Ferienwohnungen f\u00fcr Ihren Luxusurlaub mit Selbstverpflegung in Schottland, Highlands und Inseln.","og_url":"https:\/\/www.urlaubcornwall.de\/blog\/luxus-ferienhaeuser-schottland-schoensten-doerfer-und-kuestenstaedte\/","og_site_name":"Urlaub &amp; Reisen","article_modified_time":"2024-04-15T14:40:44+00:00","og_image":[{"url":"https:\/\/www.urlaubcornwall.de\/blog\/wp-content\/uploads\/2016\/11\/trossachs-urlaub-schottland.jpg"}],"twitter_card":"summary","twitter_misc":{"Est. reading time":"2 minutes"},"schema":{"@context":"https:\/\/schema.org","@graph":[{"@type":"WebSite","@id":"https:\/\/www.urlaubcornwall.de\/blog\/#website","url":"https:\/\/www.urlaubcornwall.de\/blog\/","name":"Urlaub &amp; Reisen","description":"Urlaub, Reisen, Cornwall und S\u00fcdengland: eine perfekte Kombination","potentialAction":[{"@type":"SearchAction","target":{"@type":"EntryPoint","urlTemplate":"https:\/\/www.urlaubcornwall.de\/blog\/?s={search_term_string}"},"query-input":"required name=search_term_string"}],"inLanguage":"en-US"},{"@type":"WebPage","@id":"https:\/\/www.urlaubcornwall.de\/blog\/luxus-ferienhaeuser-schottland-schoensten-doerfer-und-kuestenstaedte\/","url":"https:\/\/www.urlaubcornwall.de\/blog\/luxus-ferienhaeuser-schottland-schoensten-doerfer-und-kuestenstaedte\/","name":"Luxus Ferienh\u00e4user in Schottland - Sch\u00f6nsten D\u00f6rfer und K\u00fcstenst\u00e4dte - Urlaub &amp; Reisen","isPartOf":{"@id":"https:\/\/www.urlaubcornwall.de\/blog\/#website"},"datePublished":"2017-10-24T15:37:35+00:00","dateModified":"2024-04-15T14:40:44+00:00","description":"Bei uns finden Sie Luxus Ferienh\u00e4user und Exquisite Ferienwohnungen in Schottland zum Verlieben \u2013 so einfach ist das!Pers\u00f6nlich inspizierte 4 und 5-Sterne Ferienh\u00e4user und Ferienwohnungen f\u00fcr Ihren Luxusurlaub mit Selbstverpflegung in Schottland, Highlands und Inseln.","breadcrumb":{"@id":"https:\/\/www.urlaubcornwall.de\/blog\/luxus-ferienhaeuser-schottland-schoensten-doerfer-und-kuestenstaedte\/#breadcrumb"},"inLanguage":"en-US","potentialAction":[{"@type":"ReadAction","target":["https:\/\/www.urlaubcornwall.de\/blog\/luxus-ferienhaeuser-schottland-schoensten-doerfer-und-kuestenstaedte\/"]}]},{"@type":"BreadcrumbList","@id":"https:\/\/www.urlaubcornwall.de\/blog\/luxus-ferienhaeuser-schottland-schoensten-doerfer-und-kuestenstaedte\/#breadcrumb","itemListElement":[{"@type":"ListItem","position":1,"name":"Home","item":"https:\/\/www.urlaubcornwall.de\/blog\/"},{"@type":"ListItem","position":2,"name":"Luxus Ferienh\u00e4user in Schottland &#8211; Sch\u00f6nsten D\u00f6rfer und K\u00fcstenst\u00e4dte"}]}]}},"_links":{"self":[{"href":"https:\/\/www.urlaubcornwall.de\/blog\/wp-json\/wp\/v2\/pages\/29988"}],"collection":[{"href":"https:\/\/www.urlaubcornwall.de\/blog\/wp-json\/wp\/v2\/pages"}],"about":[{"href":"https:\/\/www.urlaubcornwall.de\/blog\/wp-json\/wp\/v2\/types\/page"}],"author":[{"embeddable":true,"href":"https:\/\/www.urlaubcornwall.de\/blog\/wp-json\/wp\/v2\/users\/1"}],"replies":[{"embeddable":true,"href":"https:\/\/www.urlaubcornwall.de\/blog\/wp-json\/wp\/v2\/comments?post=29988"}],"version-history":[{"count":7,"href":"https:\/\/www.urlaubcornwall.de\/blog\/wp-json\/wp\/v2\/pages\/29988\/revisions"}],"predecessor-version":[{"id":49595,"href":"https:\/\/www.urlaubcornwall.de\/blog\/wp-json\/wp\/v2\/pages\/29988\/revisions\/49595"}],"wp:attachment":[{"href":"https:\/\/www.urlaubcornwall.de\/blog\/wp-json\/wp\/v2\/media?parent=29988"}],"curies":[{"name":"wp","href":"https:\/\/api.w.org\/{rel}","templated":true}]}}